{"id":242307,"date":"2023-04-13T10:15:59","date_gmt":"2013-04-23T08:15:00","guid":{"rendered":"https:\/\/www.staging6.omrserrature.it\/prodotto\/grande-serrure-ecologique-non-gravitationnelle-avec-cle-plate-reversible\/"},"modified":"2026-04-08T11:13:59","modified_gmt":"2026-04-08T09:13:59","slug":"grande-serrure-ecologique-non-gravitationnelle-avec-cle-plate-reversible","status":"publish","type":"product","link":"https:\/\/www.omrserrature.it\/fr\/produit\/grande-serrure-ecologique-non-gravitationnelle-avec-cle-plate-reversible\/","title":{"rendered":"Grande serrure \u00e9cologique non gravitationnelle avec cl\u00e9 plate r\u00e9versible"},"content":{"rendered":"<p>La <strong>serrure \u00e9cologique NON gravitationnelle<\/strong> est un syst\u00e8me de serrure qui peut \u00eatre install\u00e9 sur les <strong>conteneurs de collecte de d\u00e9chets<\/strong> qui ne n\u00e9cessitent <span style=\"text-decoration: underline;\">pas<\/span> de vidange m\u00e9canis\u00e9e par les v\u00e9hicules de collecte. Il se compose de <strong>3 \u00e9l\u00e9ments<\/strong>: <\/p>\n<ul>\n<li>une partie sup\u00e9rieur rouge plac\u00e9 \u00e0 l\u2019ext\u00e9rieur du couvercle de la poubelle,<\/li>\n<li>un crochet plac\u00e9 \u00e0 l\u2019int\u00e9rieur du couvercle<\/li>\n<li>et un corps inf\u00e9rieur install\u00e9 \u00e0 l\u2019int\u00e9rieur de la poubelle.<\/li>\n<\/ul>\n<p>Le capuchon de cette serrure non gravitationnelle est en version<strong> \u00ab\u00a0large\u00a0\u00bb<\/strong> et est \u00e9quip\u00e9 d&rsquo;une <strong>cl\u00e9 \u00e0 dents r\u00e9versible <\/strong>(pouvant \u00eatre ins\u00e9r\u00e9e des deux c\u00f4t\u00e9s). Le produit se caract\u00e9rise par :<\/p>\n<ul>\n<li><strong>Ouverture au moyen d&rsquo;une cl\u00e9 dent\u00e9e r\u00e9versible<\/strong> (num\u00e9rot\u00e9e de 2001 \u00e0 2200) ; ce dispositif emp\u00eache le d\u00e9p\u00f4t de d\u00e9chets non autoris\u00e9s \u00e0 l&rsquo;int\u00e9rieur du bac \u00e0 d\u00e9chets, \u00e9vitant ainsi des sanctions d\u00e9sagr\u00e9ables et une pollution excessive. Ces serrures peuvent \u00eatre fournies en \u00ab\u00a0KIT CONDOMINIAL\u00a0\u00bb avec un cl\u00e9 identique, permettant d&rsquo;<strong>acc\u00e9der avec une seule cl\u00e9 \u00e0 des groupes de bacs<\/strong>. <\/li>\n<li><strong>Ouverture anti-panique facile de l&rsquo;int\u00e9rieur<\/strong> sans cl\u00e9 en cas d&rsquo;urgence (par exemple, si un enfant reste coinc\u00e9 \u00e0 l&rsquo;int\u00e9rieur).<\/li>\n<li><strong>Syst\u00e8me anti-ouverture accidentelle<\/strong> en cas de basculement du bac d\u00fb au vent, aux chocs ou au vandalisme.<\/li>\n<\/ul>\n<p>La serrure est compatible avec <strong>toutes les marques de poubelles et de bacs \u00e0 d\u00e9chets<\/strong>, qu&rsquo;ils soient \u00e0 2 ou \u00e0 4 roues, et s &lsquo;installe facilement sur ces derniers.<br \/>\nInstructions de montage de la serrure avec le masque universel OMR. <\/p>\n","protected":false},"excerpt":{"rendered":"<p>La <strong>serrure \u00e9cologique NON gravitationnelle<\/strong> \u00e0 large capuche est un syst\u00e8me de fermeture pouvant \u00eatre install\u00e9 sur les <strong>conteneurs de collecte de d\u00e9chets de tous types,<\/strong> <span style=\"text-decoration: underline;\">ne<\/span> n\u00e9cessitant <span style=\"text-decoration: underline;\">pas<\/span> de vidage m\u00e9canis\u00e9 par les v\u00e9hicules de collecte. Ouverture par cl\u00e9 \u00e0 dents r\u00e9versible. <\/p>\n","protected":false},"featured_media":17684,"comment_status":"open","ping_status":"closed","template":"","meta":{"_acf_changed":false,"_et_pb_use_builder":"","_et_pb_old_content":"","_et_gb_content_width":""},"product_brand":[],"product_cat":[3752,3681,3695,3655],"product_tag":[],"class_list":{"0":"post-242307","1":"product","2":"type-product","3":"status-publish","4":"has-post-thumbnail","6":"product_cat-recyclage-ecologique-recyclage-des-dechets","7":"product_cat-serrures-manuelles-pour-les-bacs-a-ordures","8":"product_cat-serrures-pour-bacs-a-ordures-2","9":"product_cat-serrures-pour-bacs-a-ordures","11":"first","12":"instock","13":"shipping-taxable","14":"product-type-simple"},"acf":{"pdf1":"https:\/\/www.omrserrature.it\/wp-content\/uploads\/2023\/04\/Scheda_GG-CUP-2001_GG-GAN_GNKIT-INF-1.pdf"},"yoast_head":"<!-- This site is optimized with the Yoast SEO plugin v27.2 - https:\/\/yoast.com\/product\/yoast-seo-wordpress\/ -->\n<title>Serrure gravitationnelle pour les bacs \u00e0 ordures avec cl\u00e9 \u00e0 dents<\/title>\n<meta name=\"description\" content=\"Serrure \u00e9cologique sans gravitation avec large capuche et cl\u00e9 \u00e0 dents r\u00e9versible. Id\u00e9ale pour les bacs \u00e0 ordure sans vidange m\u00e9canis\u00e9e.\" \/>\n<meta name=\"robots\" content=\"index, follow, max-snippet:-1, max-image-preview:large, max-video-preview:-1\" \/>\n<link rel=\"canonical\" href=\"https:\/\/www.omrserrature.it\/fr\/produit\/grande-serrure-ecologique-non-gravitationnelle-avec-cle-plate-reversible\/\" \/>\n<meta property=\"og:locale\" content=\"fr_FR\" \/>\n<meta property=\"og:type\" content=\"article\" \/>\n<meta property=\"og:title\" content=\"Serrure gravitationnelle pour les bacs \u00e0 ordures avec cl\u00e9 \u00e0 dents\" \/>\n<meta property=\"og:description\" content=\"Serrure \u00e9cologique sans gravitation avec large capuche et cl\u00e9 \u00e0 dents r\u00e9versible. Id\u00e9ale pour les bacs \u00e0 ordure sans vidange m\u00e9canis\u00e9e.\" \/>\n<meta property=\"og:url\" content=\"https:\/\/www.omrserrature.it\/fr\/produit\/grande-serrure-ecologique-non-gravitationnelle-avec-cle-plate-reversible\/\" \/>\n<meta property=\"og:site_name\" content=\"OMR Serrature | Produzione sistemi di chiusura\" \/>\n<meta property=\"article:publisher\" content=\"https:\/\/www.facebook.com\/OMRserrature\" \/>\n<meta property=\"article:modified_time\" content=\"2026-04-08T09:13:59+00:00\" \/>\n<meta property=\"og:image\" content=\"https:\/\/www.omrserrature.it\/wp-content\/uploads\/2021\/03\/Non-gravitazionale-grande-cifrata.jpg\" \/>\n\t<meta property=\"og:image:width\" content=\"1000\" \/>\n\t<meta property=\"og:image:height\" content=\"1000\" \/>\n\t<meta property=\"og:image:type\" content=\"image\/jpeg\" \/>\n<meta name=\"twitter:card\" content=\"summary_large_image\" \/>\n<meta name=\"twitter:label1\" content=\"Dur\u00e9e de lecture estim\u00e9e\" \/>\n\t<meta name=\"twitter:data1\" content=\"1 minute\" \/>\n<script type=\"application\/ld+json\" class=\"yoast-schema-graph\">{\"@context\":\"https:\/\/schema.org\",\"@graph\":[{\"@type\":\"WebPage\",\"@id\":\"https:\/\/www.omrserrature.it\/fr\/produit\/grande-serrure-ecologique-non-gravitationnelle-avec-cle-plate-reversible\/\",\"url\":\"https:\/\/www.omrserrature.it\/fr\/produit\/grande-serrure-ecologique-non-gravitationnelle-avec-cle-plate-reversible\/\",\"name\":\"Serrure gravitationnelle pour les bacs \u00e0 ordures avec cl\u00e9 \u00e0 dents\",\"isPartOf\":{\"@id\":\"https:\/\/www.omrserrature.it\/fr\/#website\"},\"primaryImageOfPage\":{\"@id\":\"https:\/\/www.omrserrature.it\/fr\/produit\/grande-serrure-ecologique-non-gravitationnelle-avec-cle-plate-reversible\/#primaryimage\"},\"image\":{\"@id\":\"https:\/\/www.omrserrature.it\/fr\/produit\/grande-serrure-ecologique-non-gravitationnelle-avec-cle-plate-reversible\/#primaryimage\"},\"thumbnailUrl\":\"https:\/\/www.omrserrature.it\/wp-content\/uploads\/2021\/03\/Non-gravitazionale-grande-cifrata.jpg\",\"datePublished\":\"2013-04-23T08:15:00+00:00\",\"dateModified\":\"2026-04-08T09:13:59+00:00\",\"description\":\"Serrure \u00e9cologique sans gravitation avec large capuche et cl\u00e9 \u00e0 dents r\u00e9versible. Id\u00e9ale pour les bacs \u00e0 ordure sans vidange m\u00e9canis\u00e9e.\",\"breadcrumb\":{\"@id\":\"https:\/\/www.omrserrature.it\/fr\/produit\/grande-serrure-ecologique-non-gravitationnelle-avec-cle-plate-reversible\/#breadcrumb\"},\"inLanguage\":\"fr-FR\",\"potentialAction\":[{\"@type\":\"ReadAction\",\"target\":[\"https:\/\/www.omrserrature.it\/fr\/produit\/grande-serrure-ecologique-non-gravitationnelle-avec-cle-plate-reversible\/\"]}]},{\"@type\":\"ImageObject\",\"inLanguage\":\"fr-FR\",\"@id\":\"https:\/\/www.omrserrature.it\/fr\/produit\/grande-serrure-ecologique-non-gravitationnelle-avec-cle-plate-reversible\/#primaryimage\",\"url\":\"https:\/\/www.omrserrature.it\/wp-content\/uploads\/2021\/03\/Non-gravitazionale-grande-cifrata.jpg\",\"contentUrl\":\"https:\/\/www.omrserrature.it\/wp-content\/uploads\/2021\/03\/Non-gravitazionale-grande-cifrata.jpg\",\"width\":1000,\"height\":1000,\"caption\":\"Fermeture des bacs \u00e0 ordures et des poubelles - Serrure manuelle avec large capuche et cl\u00e9 \u00e0 dents cod\u00e9e\"},{\"@type\":\"BreadcrumbList\",\"@id\":\"https:\/\/www.omrserrature.it\/fr\/produit\/grande-serrure-ecologique-non-gravitationnelle-avec-cle-plate-reversible\/#breadcrumb\",\"itemListElement\":[{\"@type\":\"ListItem\",\"position\":1,\"name\":\"Home\",\"item\":\"https:\/\/www.omrserrature.it\/fr\/omr-serrures-et-systemes-de-verrouillage\/\"},{\"@type\":\"ListItem\",\"position\":2,\"name\":\"Catalogue\",\"item\":\"https:\/\/www.omrserrature.it\/catalogue\/?lang=fr\"},{\"@type\":\"ListItem\",\"position\":3,\"name\":\"Applications\",\"item\":\"https:\/\/www.omrserrature.it\/fr\/catalogue\/applications\/\"},{\"@type\":\"ListItem\",\"position\":4,\"name\":\"Serrures pour bacs \u00e0 ordures\",\"item\":\"https:\/\/www.omrserrature.it\/fr\/catalogue\/applications\/serrures-pour-bacs-a-ordures-2\/\"},{\"@type\":\"ListItem\",\"position\":5,\"name\":\"Grande serrure \u00e9cologique non gravitationnelle avec cl\u00e9 plate r\u00e9versible\"}]},{\"@type\":\"WebSite\",\"@id\":\"https:\/\/www.omrserrature.it\/fr\/#website\",\"url\":\"https:\/\/www.omrserrature.it\/fr\/\",\"name\":\"OMR Serrature | Produzione sistemi di chiusura\",\"description\":\"Produzione serrature di sicurezza e sistemi di chiusura\",\"publisher\":{\"@id\":\"https:\/\/www.omrserrature.it\/fr\/#organization\"},\"potentialAction\":[{\"@type\":\"SearchAction\",\"target\":{\"@type\":\"EntryPoint\",\"urlTemplate\":\"https:\/\/www.omrserrature.it\/fr\/?s={search_term_string}\"},\"query-input\":{\"@type\":\"PropertyValueSpecification\",\"valueRequired\":true,\"valueName\":\"search_term_string\"}}],\"inLanguage\":\"fr-FR\"},{\"@type\":\"Organization\",\"@id\":\"https:\/\/www.omrserrature.it\/fr\/#organization\",\"name\":\"OMR Serrature | Produzione sistemi di chiusura\",\"url\":\"https:\/\/www.omrserrature.it\/fr\/\",\"logo\":{\"@type\":\"ImageObject\",\"inLanguage\":\"fr-FR\",\"@id\":\"https:\/\/www.omrserrature.it\/fr\/#\/schema\/logo\/image\/\",\"url\":\"https:\/\/www.omrserrature.it\/wp-content\/uploads\/2017\/09\/favicon-omr-114.png\",\"contentUrl\":\"https:\/\/www.omrserrature.it\/wp-content\/uploads\/2017\/09\/favicon-omr-114.png\",\"width\":114,\"height\":114,\"caption\":\"OMR Serrature | Produzione sistemi di chiusura\"},\"image\":{\"@id\":\"https:\/\/www.omrserrature.it\/fr\/#\/schema\/logo\/image\/\"},\"sameAs\":[\"https:\/\/www.facebook.com\/OMRserrature\",\"https:\/\/www.linkedin.com\/company\/omrserrature\/\",\"https:\/\/www.youtube.com\/channel\/UCxmA85z2R0EpG_6IRokiAkg\"]}]}<\/script>\n<!-- \/ Yoast SEO plugin. -->","yoast_head_json":{"title":"Serrure gravitationnelle pour les bacs \u00e0 ordures avec cl\u00e9 \u00e0 dents","description":"Serrure \u00e9cologique sans gravitation avec large capuche et cl\u00e9 \u00e0 dents r\u00e9versible. Id\u00e9ale pour les bacs \u00e0 ordure sans vidange m\u00e9canis\u00e9e.","robots":{"index":"index","follow":"follow","max-snippet":"max-snippet:-1","max-image-preview":"max-image-preview:large","max-video-preview":"max-video-preview:-1"},"canonical":"https:\/\/www.omrserrature.it\/fr\/produit\/grande-serrure-ecologique-non-gravitationnelle-avec-cle-plate-reversible\/","og_locale":"fr_FR","og_type":"article","og_title":"Serrure gravitationnelle pour les bacs \u00e0 ordures avec cl\u00e9 \u00e0 dents","og_description":"Serrure \u00e9cologique sans gravitation avec large capuche et cl\u00e9 \u00e0 dents r\u00e9versible. Id\u00e9ale pour les bacs \u00e0 ordure sans vidange m\u00e9canis\u00e9e.","og_url":"https:\/\/www.omrserrature.it\/fr\/produit\/grande-serrure-ecologique-non-gravitationnelle-avec-cle-plate-reversible\/","og_site_name":"OMR Serrature | Produzione sistemi di chiusura","article_publisher":"https:\/\/www.facebook.com\/OMRserrature","article_modified_time":"2026-04-08T09:13:59+00:00","og_image":[{"width":1000,"height":1000,"url":"https:\/\/www.omrserrature.it\/wp-content\/uploads\/2021\/03\/Non-gravitazionale-grande-cifrata.jpg","type":"image\/jpeg"}],"twitter_card":"summary_large_image","twitter_misc":{"Dur\u00e9e de lecture estim\u00e9e":"1 minute"},"schema":{"@context":"https:\/\/schema.org","@graph":[{"@type":"WebPage","@id":"https:\/\/www.omrserrature.it\/fr\/produit\/grande-serrure-ecologique-non-gravitationnelle-avec-cle-plate-reversible\/","url":"https:\/\/www.omrserrature.it\/fr\/produit\/grande-serrure-ecologique-non-gravitationnelle-avec-cle-plate-reversible\/","name":"Serrure gravitationnelle pour les bacs \u00e0 ordures avec cl\u00e9 \u00e0 dents","isPartOf":{"@id":"https:\/\/www.omrserrature.it\/fr\/#website"},"primaryImageOfPage":{"@id":"https:\/\/www.omrserrature.it\/fr\/produit\/grande-serrure-ecologique-non-gravitationnelle-avec-cle-plate-reversible\/#primaryimage"},"image":{"@id":"https:\/\/www.omrserrature.it\/fr\/produit\/grande-serrure-ecologique-non-gravitationnelle-avec-cle-plate-reversible\/#primaryimage"},"thumbnailUrl":"https:\/\/www.omrserrature.it\/wp-content\/uploads\/2021\/03\/Non-gravitazionale-grande-cifrata.jpg","datePublished":"2013-04-23T08:15:00+00:00","dateModified":"2026-04-08T09:13:59+00:00","description":"Serrure \u00e9cologique sans gravitation avec large capuche et cl\u00e9 \u00e0 dents r\u00e9versible. Id\u00e9ale pour les bacs \u00e0 ordure sans vidange m\u00e9canis\u00e9e.","breadcrumb":{"@id":"https:\/\/www.omrserrature.it\/fr\/produit\/grande-serrure-ecologique-non-gravitationnelle-avec-cle-plate-reversible\/#breadcrumb"},"inLanguage":"fr-FR","potentialAction":[{"@type":"ReadAction","target":["https:\/\/www.omrserrature.it\/fr\/produit\/grande-serrure-ecologique-non-gravitationnelle-avec-cle-plate-reversible\/"]}]},{"@type":"ImageObject","inLanguage":"fr-FR","@id":"https:\/\/www.omrserrature.it\/fr\/produit\/grande-serrure-ecologique-non-gravitationnelle-avec-cle-plate-reversible\/#primaryimage","url":"https:\/\/www.omrserrature.it\/wp-content\/uploads\/2021\/03\/Non-gravitazionale-grande-cifrata.jpg","contentUrl":"https:\/\/www.omrserrature.it\/wp-content\/uploads\/2021\/03\/Non-gravitazionale-grande-cifrata.jpg","width":1000,"height":1000,"caption":"Fermeture des bacs \u00e0 ordures et des poubelles - Serrure manuelle avec large capuche et cl\u00e9 \u00e0 dents cod\u00e9e"},{"@type":"BreadcrumbList","@id":"https:\/\/www.omrserrature.it\/fr\/produit\/grande-serrure-ecologique-non-gravitationnelle-avec-cle-plate-reversible\/#breadcrumb","itemListElement":[{"@type":"ListItem","position":1,"name":"Home","item":"https:\/\/www.omrserrature.it\/fr\/omr-serrures-et-systemes-de-verrouillage\/"},{"@type":"ListItem","position":2,"name":"Catalogue","item":"https:\/\/www.omrserrature.it\/catalogue\/?lang=fr"},{"@type":"ListItem","position":3,"name":"Applications","item":"https:\/\/www.omrserrature.it\/fr\/catalogue\/applications\/"},{"@type":"ListItem","position":4,"name":"Serrures pour bacs \u00e0 ordures","item":"https:\/\/www.omrserrature.it\/fr\/catalogue\/applications\/serrures-pour-bacs-a-ordures-2\/"},{"@type":"ListItem","position":5,"name":"Grande serrure \u00e9cologique non gravitationnelle avec cl\u00e9 plate r\u00e9versible"}]},{"@type":"WebSite","@id":"https:\/\/www.omrserrature.it\/fr\/#website","url":"https:\/\/www.omrserrature.it\/fr\/","name":"OMR Serrature | Produzione sistemi di chiusura","description":"Produzione serrature di sicurezza e sistemi di chiusura","publisher":{"@id":"https:\/\/www.omrserrature.it\/fr\/#organization"},"potentialAction":[{"@type":"SearchAction","target":{"@type":"EntryPoint","urlTemplate":"https:\/\/www.omrserrature.it\/fr\/?s={search_term_string}"},"query-input":{"@type":"PropertyValueSpecification","valueRequired":true,"valueName":"search_term_string"}}],"inLanguage":"fr-FR"},{"@type":"Organization","@id":"https:\/\/www.omrserrature.it\/fr\/#organization","name":"OMR Serrature | Produzione sistemi di chiusura","url":"https:\/\/www.omrserrature.it\/fr\/","logo":{"@type":"ImageObject","inLanguage":"fr-FR","@id":"https:\/\/www.omrserrature.it\/fr\/#\/schema\/logo\/image\/","url":"https:\/\/www.omrserrature.it\/wp-content\/uploads\/2017\/09\/favicon-omr-114.png","contentUrl":"https:\/\/www.omrserrature.it\/wp-content\/uploads\/2017\/09\/favicon-omr-114.png","width":114,"height":114,"caption":"OMR Serrature | Produzione sistemi di chiusura"},"image":{"@id":"https:\/\/www.omrserrature.it\/fr\/#\/schema\/logo\/image\/"},"sameAs":["https:\/\/www.facebook.com\/OMRserrature","https:\/\/www.linkedin.com\/company\/omrserrature\/","https:\/\/www.youtube.com\/channel\/UCxmA85z2R0EpG_6IRokiAkg"]}]}},"_links":{"self":[{"href":"https:\/\/www.omrserrature.it\/fr\/wp-json\/wp\/v2\/product\/242307","targetHints":{"allow":["GET"]}}],"collection":[{"href":"https:\/\/www.omrserrature.it\/fr\/wp-json\/wp\/v2\/product"}],"about":[{"href":"https:\/\/www.omrserrature.it\/fr\/wp-json\/wp\/v2\/types\/product"}],"replies":[{"embeddable":true,"href":"https:\/\/www.omrserrature.it\/fr\/wp-json\/wp\/v2\/comments?post=242307"}],"wp:featuredmedia":[{"embeddable":true,"href":"https:\/\/www.omrserrature.it\/fr\/wp-json\/wp\/v2\/media\/17684"}],"wp:attachment":[{"href":"https:\/\/www.omrserrature.it\/fr\/wp-json\/wp\/v2\/media?parent=242307"}],"wp:term":[{"taxonomy":"product_brand","embeddable":true,"href":"https:\/\/www.omrserrature.it\/fr\/wp-json\/wp\/v2\/product_brand?post=242307"},{"taxonomy":"product_cat","embeddable":true,"href":"https:\/\/www.omrserrature.it\/fr\/wp-json\/wp\/v2\/product_cat?post=242307"},{"taxonomy":"product_tag","embeddable":true,"href":"https:\/\/www.omrserrature.it\/fr\/wp-json\/wp\/v2\/product_tag?post=242307"}],"curies":[{"name":"wp","href":"https:\/\/api.w.org\/{rel}","templated":true}]}}