{"id":242296,"date":"2021-03-12T10:13:52","date_gmt":"2012-03-21T09:13:00","guid":{"rendered":"https:\/\/www.staging6.omrserrature.it\/prodotto\/serrure-ecologique-gravitationnelle-a-cle-triangulaire-avec-ressort-de-rappel-petit-capuche\/"},"modified":"2026-04-08T11:27:26","modified_gmt":"2026-04-08T09:27:26","slug":"serrure-ecologique-gravitationnelle-a-cle-triangulaire-avec-ressort-de-rappel-petit-capuche","status":"publish","type":"product","link":"https:\/\/www.omrserrature.it\/fr\/produit\/serrure-ecologique-gravitationnelle-a-cle-triangulaire-avec-ressort-de-rappel-petit-capuche\/","title":{"rendered":"Serrure \u00e9cologique gravitationnelle \u00e0 cl\u00e9 triangulaire avec ressort de rappel &#8211; Petit capuche"},"content":{"rendered":"<p>La <strong>serrure \u00e9cologique \u00e0<\/strong> gravit\u00e9 se caract\u00e9rise par un m\u00e9canisme gravitationnel qui permet d&rsquo;ouvrir le <strong>conteneur de collecte des d\u00e9chets<\/strong> \u00e0 partir d&rsquo;une certaine inclinaison, au moment o\u00f9 il est vid\u00e9 du v\u00e9hicule. Il se compose de <strong>3 \u00e9l\u00e9ments<\/strong>: <\/p>\n<ul>\n<li>une partie sup\u00e9rieur rouge plac\u00e9 \u00e0 l\u2019ext\u00e9rieur du couvercle de la poubelle,<\/li>\n<li>un crochet plac\u00e9 \u00e0 l\u2019int\u00e9rieur du couvercle<\/li>\n<li>et un corps inf\u00e9rieur install\u00e9 \u00e0 l\u2019int\u00e9rieur de la poubelle.<\/li>\n<\/ul>\n<p>Le capuchon de cette serrure \u00e0 gravitation est en version <strong>\u00ab\u00a0petite\u00a0\u00bb<\/strong> et est \u00e9quip\u00e9 d&rsquo;une <strong>cl\u00e9 triangulaire T6 avec ressort de rappel.<\/strong><\/p>\n<p>Le syst\u00e8me gravitationnel innovant permet une <strong>protection contre l&rsquo;acc\u00e8s non autoris\u00e9<\/strong> aux diff\u00e9rents tringles, mais en m\u00eame temps un syst\u00e8me d&rsquo;acc\u00e8s rapide pour les collecteurs de d\u00e9chets en porte-\u00e0-porte : une solution efficace pour am\u00e9liorer la qualit\u00e9 de la collecte des d\u00e9chets dans les diff\u00e9rentes municipalit\u00e9s et quartiers de la ville.<\/p>\n<p>Le produit se caract\u00e9rise par :<\/p>\n<ul>\n<li><strong>Ouverture automatique<\/strong> lors des op\u00e9rations de vidange par la soci\u00e9t\u00e9 de collecte.<\/li>\n<li>\u00c0 la fin de cette op\u00e9ration,<strong> le m\u00e9canisme se referme automatiquement<\/strong>, emp\u00eachant toute personne non autoris\u00e9e d\u2019y acc\u00e9der \u00e0 nouveau.<\/li>\n<li>Ouverture par une <strong>cl\u00e9 \u00e0 douille de forme triangulaire T6 avec ressort de rappel<\/strong>; ce dispositif permet d&rsquo;\u00e9viter que des d\u00e9chets non autoris\u00e9s soient plac\u00e9s \u00e0 l&rsquo;int\u00e9rieur du bac \u00e0 d\u00e9chets.<\/li>\n<li><strong>Ouverture anti-panique facile de l&rsquo;int\u00e9rieur<\/strong> sans cl\u00e9 en cas d&rsquo;urgence (par exemple, si un enfant reste coinc\u00e9 \u00e0 l&rsquo;int\u00e9rieur).<\/li>\n<li><strong>Syst\u00e8me anti-ouverture accidentelle<\/strong> en cas de basculement du bac d\u00fb au vent, aux chocs ou au vandalisme.<\/li>\n<\/ul>\n<p>La serrure gravitationnelle est compatible et facile \u00e0 <strong>installer sur toutes les marques de poubelles et de bacs \u00e0 d\u00e9chets<\/strong>, \u00e0 2 ou 4 roues.<br \/>\nInstructions de montage de la serrure avec le masque universel OMR. <\/p>\n","protected":false},"excerpt":{"rendered":"<p><strong>Serrure \u00e9cologique \u00e0 gravitation \u00e9quip\u00e9e d&rsquo;un &lsquo;petit&rsquo; capuche rouge avec une cl\u00e9 triangulaire T6, avec ressort de rappel.<\/strong> Elle se caract\u00e9rise par un m\u00e9canisme \u00e0 gravit\u00e9 qui permet l&rsquo;<strong>ouverture automatique du bac \u00e0 ordure<\/strong> \u00e0 partir d&rsquo;une certaine inclinaison, lorsqu&rsquo;il est vid\u00e9 par le v\u00e9hicule. Une solution efficace pour am\u00e9liorer la qualit\u00e9 de la collecte s\u00e9lective des d\u00e9chets dans les communes et les quartiers. <\/p>\n<p>Cette serrure particuli\u00e8re permet \u00e9galement d&rsquo;\u00e9viter les sanctions en cas de collecte incorrecte des d\u00e9chets. Son utilisation permet de lutter concr\u00e8tement et efficacement contre la pollution excessive. <\/p>\n","protected":false},"featured_media":24351,"comment_status":"open","ping_status":"closed","template":"","meta":{"_acf_changed":false,"_et_pb_use_builder":"","_et_pb_old_content":"","_et_gb_content_width":""},"product_brand":[],"product_cat":[3752,3679,3695,3655],"product_tag":[],"class_list":{"0":"post-242296","1":"product","2":"type-product","3":"status-publish","4":"has-post-thumbnail","6":"product_cat-recyclage-ecologique-recyclage-des-dechets","7":"product_cat-serrures-a-gravitation-pour-bacs-a-ordures","8":"product_cat-serrures-pour-bacs-a-ordures-2","9":"product_cat-serrures-pour-bacs-a-ordures","11":"first","12":"instock","13":"shipping-taxable","14":"product-type-simple"},"acf":{"pdf1":"https:\/\/www.omrserrature.it\/wp-content\/uploads\/2021\/03\/Scheda-tec_GP-CUP-T_GP-GAN_GKIT-INF.pdf"},"yoast_head":"<!-- This site is optimized with the Yoast SEO plugin v27.2 - https:\/\/yoast.com\/product\/yoast-seo-wordpress\/ -->\n<title>Petite serrure \u00e0 gravitationnelle. Cl\u00e9 triangulaire. Ressort de rappel<\/title>\n<meta name=\"description\" content=\"Serrure \u00e9cologique \u00e0 gravitation avec petite capuche et cl\u00e9 triangulaire T6 avec ressort de rappel. Ferme les bacs \u00e0 ordure et s&#039;ouvre automatiquement lors du vidage.\" \/>\n<meta name=\"robots\" content=\"index, follow, max-snippet:-1, max-image-preview:large, max-video-preview:-1\" \/>\n<link rel=\"canonical\" href=\"https:\/\/www.omrserrature.it\/fr\/produit\/serrure-ecologique-gravitationnelle-a-cle-triangulaire-avec-ressort-de-rappel-petit-capuche\/\" \/>\n<meta property=\"og:locale\" content=\"fr_FR\" \/>\n<meta property=\"og:type\" content=\"article\" \/>\n<meta property=\"og:title\" content=\"Petite serrure \u00e0 gravitationnelle. Cl\u00e9 triangulaire. Ressort de rappel\" \/>\n<meta property=\"og:description\" content=\"Serrure \u00e9cologique \u00e0 gravitation avec petite capuche et cl\u00e9 triangulaire T6 avec ressort de rappel. Ferme les bacs \u00e0 ordure et s&#039;ouvre automatiquement lors du vidage.\" \/>\n<meta property=\"og:url\" content=\"https:\/\/www.omrserrature.it\/fr\/produit\/serrure-ecologique-gravitationnelle-a-cle-triangulaire-avec-ressort-de-rappel-petit-capuche\/\" \/>\n<meta property=\"og:site_name\" content=\"OMR Serrature | Produzione sistemi di chiusura\" \/>\n<meta property=\"article:publisher\" content=\"https:\/\/www.facebook.com\/OMRserrature\" \/>\n<meta property=\"article:modified_time\" content=\"2026-04-08T09:27:26+00:00\" \/>\n<meta property=\"og:image\" content=\"https:\/\/www.omrserrature.it\/wp-content\/uploads\/2021\/03\/Serratura-ecologica-gravitazionale-piccola-con-chiave-triangolare-con-ritorno-a-molla1.jpeg\" \/>\n\t<meta property=\"og:image:width\" content=\"600\" \/>\n\t<meta property=\"og:image:height\" content=\"600\" \/>\n\t<meta property=\"og:image:type\" content=\"image\/jpeg\" \/>\n<meta name=\"twitter:card\" content=\"summary_large_image\" \/>\n<meta name=\"twitter:label1\" content=\"Dur\u00e9e de lecture estim\u00e9e\" \/>\n\t<meta name=\"twitter:data1\" content=\"2 minutes\" \/>\n<script type=\"application\/ld+json\" class=\"yoast-schema-graph\">{\"@context\":\"https:\/\/schema.org\",\"@graph\":[{\"@type\":\"WebPage\",\"@id\":\"https:\/\/www.omrserrature.it\/fr\/produit\/serrure-ecologique-gravitationnelle-a-cle-triangulaire-avec-ressort-de-rappel-petit-capuche\/\",\"url\":\"https:\/\/www.omrserrature.it\/fr\/produit\/serrure-ecologique-gravitationnelle-a-cle-triangulaire-avec-ressort-de-rappel-petit-capuche\/\",\"name\":\"Petite serrure \u00e0 gravitationnelle. Cl\u00e9 triangulaire. Ressort de rappel\",\"isPartOf\":{\"@id\":\"https:\/\/www.omrserrature.it\/fr\/#website\"},\"primaryImageOfPage\":{\"@id\":\"https:\/\/www.omrserrature.it\/fr\/produit\/serrure-ecologique-gravitationnelle-a-cle-triangulaire-avec-ressort-de-rappel-petit-capuche\/#primaryimage\"},\"image\":{\"@id\":\"https:\/\/www.omrserrature.it\/fr\/produit\/serrure-ecologique-gravitationnelle-a-cle-triangulaire-avec-ressort-de-rappel-petit-capuche\/#primaryimage\"},\"thumbnailUrl\":\"https:\/\/www.omrserrature.it\/wp-content\/uploads\/2021\/03\/Serratura-ecologica-gravitazionale-piccola-con-chiave-triangolare-con-ritorno-a-molla1.jpeg\",\"datePublished\":\"2012-03-21T09:13:00+00:00\",\"dateModified\":\"2026-04-08T09:27:26+00:00\",\"description\":\"Serrure \u00e9cologique \u00e0 gravitation avec petite capuche et cl\u00e9 triangulaire T6 avec ressort de rappel. Ferme les bacs \u00e0 ordure et s'ouvre automatiquement lors du vidage.\",\"breadcrumb\":{\"@id\":\"https:\/\/www.omrserrature.it\/fr\/produit\/serrure-ecologique-gravitationnelle-a-cle-triangulaire-avec-ressort-de-rappel-petit-capuche\/#breadcrumb\"},\"inLanguage\":\"fr-FR\",\"potentialAction\":[{\"@type\":\"ReadAction\",\"target\":[\"https:\/\/www.omrserrature.it\/fr\/produit\/serrure-ecologique-gravitationnelle-a-cle-triangulaire-avec-ressort-de-rappel-petit-capuche\/\"]}]},{\"@type\":\"ImageObject\",\"inLanguage\":\"fr-FR\",\"@id\":\"https:\/\/www.omrserrature.it\/fr\/produit\/serrure-ecologique-gravitationnelle-a-cle-triangulaire-avec-ressort-de-rappel-petit-capuche\/#primaryimage\",\"url\":\"https:\/\/www.omrserrature.it\/wp-content\/uploads\/2021\/03\/Serratura-ecologica-gravitazionale-piccola-con-chiave-triangolare-con-ritorno-a-molla1.jpeg\",\"contentUrl\":\"https:\/\/www.omrserrature.it\/wp-content\/uploads\/2021\/03\/Serratura-ecologica-gravitazionale-piccola-con-chiave-triangolare-con-ritorno-a-molla1.jpeg\",\"width\":600,\"height\":600,\"caption\":\"Serrure gravitationnelle \u00e9cologique pour bacs \u00e0 ordures - petite capuche, fermeture \u00e0 douille, retour par ressort\"},{\"@type\":\"BreadcrumbList\",\"@id\":\"https:\/\/www.omrserrature.it\/fr\/produit\/serrure-ecologique-gravitationnelle-a-cle-triangulaire-avec-ressort-de-rappel-petit-capuche\/#breadcrumb\",\"itemListElement\":[{\"@type\":\"ListItem\",\"position\":1,\"name\":\"Home\",\"item\":\"https:\/\/www.omrserrature.it\/fr\/omr-serrures-et-systemes-de-verrouillage\/\"},{\"@type\":\"ListItem\",\"position\":2,\"name\":\"Catalogue\",\"item\":\"https:\/\/www.omrserrature.it\/catalogue\/?lang=fr\"},{\"@type\":\"ListItem\",\"position\":3,\"name\":\"Applications\",\"item\":\"https:\/\/www.omrserrature.it\/fr\/catalogue\/applications\/\"},{\"@type\":\"ListItem\",\"position\":4,\"name\":\"Serrures pour bacs \u00e0 ordures\",\"item\":\"https:\/\/www.omrserrature.it\/fr\/catalogue\/applications\/serrures-pour-bacs-a-ordures-2\/\"},{\"@type\":\"ListItem\",\"position\":5,\"name\":\"Serrure \u00e9cologique gravitationnelle \u00e0 cl\u00e9 triangulaire avec ressort de rappel &#8211; Petit capuche\"}]},{\"@type\":\"WebSite\",\"@id\":\"https:\/\/www.omrserrature.it\/fr\/#website\",\"url\":\"https:\/\/www.omrserrature.it\/fr\/\",\"name\":\"OMR Serrature | Produzione sistemi di chiusura\",\"description\":\"Produzione serrature di sicurezza e sistemi di chiusura\",\"publisher\":{\"@id\":\"https:\/\/www.omrserrature.it\/fr\/#organization\"},\"potentialAction\":[{\"@type\":\"SearchAction\",\"target\":{\"@type\":\"EntryPoint\",\"urlTemplate\":\"https:\/\/www.omrserrature.it\/fr\/?s={search_term_string}\"},\"query-input\":{\"@type\":\"PropertyValueSpecification\",\"valueRequired\":true,\"valueName\":\"search_term_string\"}}],\"inLanguage\":\"fr-FR\"},{\"@type\":\"Organization\",\"@id\":\"https:\/\/www.omrserrature.it\/fr\/#organization\",\"name\":\"OMR Serrature | Produzione sistemi di chiusura\",\"url\":\"https:\/\/www.omrserrature.it\/fr\/\",\"logo\":{\"@type\":\"ImageObject\",\"inLanguage\":\"fr-FR\",\"@id\":\"https:\/\/www.omrserrature.it\/fr\/#\/schema\/logo\/image\/\",\"url\":\"https:\/\/www.omrserrature.it\/wp-content\/uploads\/2017\/09\/favicon-omr-114.png\",\"contentUrl\":\"https:\/\/www.omrserrature.it\/wp-content\/uploads\/2017\/09\/favicon-omr-114.png\",\"width\":114,\"height\":114,\"caption\":\"OMR Serrature | Produzione sistemi di chiusura\"},\"image\":{\"@id\":\"https:\/\/www.omrserrature.it\/fr\/#\/schema\/logo\/image\/\"},\"sameAs\":[\"https:\/\/www.facebook.com\/OMRserrature\",\"https:\/\/www.linkedin.com\/company\/omrserrature\/\",\"https:\/\/www.youtube.com\/channel\/UCxmA85z2R0EpG_6IRokiAkg\"]}]}<\/script>\n<!-- \/ Yoast SEO plugin. -->","yoast_head_json":{"title":"Petite serrure \u00e0 gravitationnelle. Cl\u00e9 triangulaire. Ressort de rappel","description":"Serrure \u00e9cologique \u00e0 gravitation avec petite capuche et cl\u00e9 triangulaire T6 avec ressort de rappel. Ferme les bacs \u00e0 ordure et s'ouvre automatiquement lors du vidage.","robots":{"index":"index","follow":"follow","max-snippet":"max-snippet:-1","max-image-preview":"max-image-preview:large","max-video-preview":"max-video-preview:-1"},"canonical":"https:\/\/www.omrserrature.it\/fr\/produit\/serrure-ecologique-gravitationnelle-a-cle-triangulaire-avec-ressort-de-rappel-petit-capuche\/","og_locale":"fr_FR","og_type":"article","og_title":"Petite serrure \u00e0 gravitationnelle. Cl\u00e9 triangulaire. Ressort de rappel","og_description":"Serrure \u00e9cologique \u00e0 gravitation avec petite capuche et cl\u00e9 triangulaire T6 avec ressort de rappel. Ferme les bacs \u00e0 ordure et s'ouvre automatiquement lors du vidage.","og_url":"https:\/\/www.omrserrature.it\/fr\/produit\/serrure-ecologique-gravitationnelle-a-cle-triangulaire-avec-ressort-de-rappel-petit-capuche\/","og_site_name":"OMR Serrature | Produzione sistemi di chiusura","article_publisher":"https:\/\/www.facebook.com\/OMRserrature","article_modified_time":"2026-04-08T09:27:26+00:00","og_image":[{"width":600,"height":600,"url":"https:\/\/www.omrserrature.it\/wp-content\/uploads\/2021\/03\/Serratura-ecologica-gravitazionale-piccola-con-chiave-triangolare-con-ritorno-a-molla1.jpeg","type":"image\/jpeg"}],"twitter_card":"summary_large_image","twitter_misc":{"Dur\u00e9e de lecture estim\u00e9e":"2 minutes"},"schema":{"@context":"https:\/\/schema.org","@graph":[{"@type":"WebPage","@id":"https:\/\/www.omrserrature.it\/fr\/produit\/serrure-ecologique-gravitationnelle-a-cle-triangulaire-avec-ressort-de-rappel-petit-capuche\/","url":"https:\/\/www.omrserrature.it\/fr\/produit\/serrure-ecologique-gravitationnelle-a-cle-triangulaire-avec-ressort-de-rappel-petit-capuche\/","name":"Petite serrure \u00e0 gravitationnelle. Cl\u00e9 triangulaire. Ressort de rappel","isPartOf":{"@id":"https:\/\/www.omrserrature.it\/fr\/#website"},"primaryImageOfPage":{"@id":"https:\/\/www.omrserrature.it\/fr\/produit\/serrure-ecologique-gravitationnelle-a-cle-triangulaire-avec-ressort-de-rappel-petit-capuche\/#primaryimage"},"image":{"@id":"https:\/\/www.omrserrature.it\/fr\/produit\/serrure-ecologique-gravitationnelle-a-cle-triangulaire-avec-ressort-de-rappel-petit-capuche\/#primaryimage"},"thumbnailUrl":"https:\/\/www.omrserrature.it\/wp-content\/uploads\/2021\/03\/Serratura-ecologica-gravitazionale-piccola-con-chiave-triangolare-con-ritorno-a-molla1.jpeg","datePublished":"2012-03-21T09:13:00+00:00","dateModified":"2026-04-08T09:27:26+00:00","description":"Serrure \u00e9cologique \u00e0 gravitation avec petite capuche et cl\u00e9 triangulaire T6 avec ressort de rappel. Ferme les bacs \u00e0 ordure et s'ouvre automatiquement lors du vidage.","breadcrumb":{"@id":"https:\/\/www.omrserrature.it\/fr\/produit\/serrure-ecologique-gravitationnelle-a-cle-triangulaire-avec-ressort-de-rappel-petit-capuche\/#breadcrumb"},"inLanguage":"fr-FR","potentialAction":[{"@type":"ReadAction","target":["https:\/\/www.omrserrature.it\/fr\/produit\/serrure-ecologique-gravitationnelle-a-cle-triangulaire-avec-ressort-de-rappel-petit-capuche\/"]}]},{"@type":"ImageObject","inLanguage":"fr-FR","@id":"https:\/\/www.omrserrature.it\/fr\/produit\/serrure-ecologique-gravitationnelle-a-cle-triangulaire-avec-ressort-de-rappel-petit-capuche\/#primaryimage","url":"https:\/\/www.omrserrature.it\/wp-content\/uploads\/2021\/03\/Serratura-ecologica-gravitazionale-piccola-con-chiave-triangolare-con-ritorno-a-molla1.jpeg","contentUrl":"https:\/\/www.omrserrature.it\/wp-content\/uploads\/2021\/03\/Serratura-ecologica-gravitazionale-piccola-con-chiave-triangolare-con-ritorno-a-molla1.jpeg","width":600,"height":600,"caption":"Serrure gravitationnelle \u00e9cologique pour bacs \u00e0 ordures - petite capuche, fermeture \u00e0 douille, retour par ressort"},{"@type":"BreadcrumbList","@id":"https:\/\/www.omrserrature.it\/fr\/produit\/serrure-ecologique-gravitationnelle-a-cle-triangulaire-avec-ressort-de-rappel-petit-capuche\/#breadcrumb","itemListElement":[{"@type":"ListItem","position":1,"name":"Home","item":"https:\/\/www.omrserrature.it\/fr\/omr-serrures-et-systemes-de-verrouillage\/"},{"@type":"ListItem","position":2,"name":"Catalogue","item":"https:\/\/www.omrserrature.it\/catalogue\/?lang=fr"},{"@type":"ListItem","position":3,"name":"Applications","item":"https:\/\/www.omrserrature.it\/fr\/catalogue\/applications\/"},{"@type":"ListItem","position":4,"name":"Serrures pour bacs \u00e0 ordures","item":"https:\/\/www.omrserrature.it\/fr\/catalogue\/applications\/serrures-pour-bacs-a-ordures-2\/"},{"@type":"ListItem","position":5,"name":"Serrure \u00e9cologique gravitationnelle \u00e0 cl\u00e9 triangulaire avec ressort de rappel &#8211; Petit capuche"}]},{"@type":"WebSite","@id":"https:\/\/www.omrserrature.it\/fr\/#website","url":"https:\/\/www.omrserrature.it\/fr\/","name":"OMR Serrature | Produzione sistemi di chiusura","description":"Produzione serrature di sicurezza e sistemi di chiusura","publisher":{"@id":"https:\/\/www.omrserrature.it\/fr\/#organization"},"potentialAction":[{"@type":"SearchAction","target":{"@type":"EntryPoint","urlTemplate":"https:\/\/www.omrserrature.it\/fr\/?s={search_term_string}"},"query-input":{"@type":"PropertyValueSpecification","valueRequired":true,"valueName":"search_term_string"}}],"inLanguage":"fr-FR"},{"@type":"Organization","@id":"https:\/\/www.omrserrature.it\/fr\/#organization","name":"OMR Serrature | Produzione sistemi di chiusura","url":"https:\/\/www.omrserrature.it\/fr\/","logo":{"@type":"ImageObject","inLanguage":"fr-FR","@id":"https:\/\/www.omrserrature.it\/fr\/#\/schema\/logo\/image\/","url":"https:\/\/www.omrserrature.it\/wp-content\/uploads\/2017\/09\/favicon-omr-114.png","contentUrl":"https:\/\/www.omrserrature.it\/wp-content\/uploads\/2017\/09\/favicon-omr-114.png","width":114,"height":114,"caption":"OMR Serrature | Produzione sistemi di chiusura"},"image":{"@id":"https:\/\/www.omrserrature.it\/fr\/#\/schema\/logo\/image\/"},"sameAs":["https:\/\/www.facebook.com\/OMRserrature","https:\/\/www.linkedin.com\/company\/omrserrature\/","https:\/\/www.youtube.com\/channel\/UCxmA85z2R0EpG_6IRokiAkg"]}]}},"_links":{"self":[{"href":"https:\/\/www.omrserrature.it\/fr\/wp-json\/wp\/v2\/product\/242296","targetHints":{"allow":["GET"]}}],"collection":[{"href":"https:\/\/www.omrserrature.it\/fr\/wp-json\/wp\/v2\/product"}],"about":[{"href":"https:\/\/www.omrserrature.it\/fr\/wp-json\/wp\/v2\/types\/product"}],"replies":[{"embeddable":true,"href":"https:\/\/www.omrserrature.it\/fr\/wp-json\/wp\/v2\/comments?post=242296"}],"wp:featuredmedia":[{"embeddable":true,"href":"https:\/\/www.omrserrature.it\/fr\/wp-json\/wp\/v2\/media\/24351"}],"wp:attachment":[{"href":"https:\/\/www.omrserrature.it\/fr\/wp-json\/wp\/v2\/media?parent=242296"}],"wp:term":[{"taxonomy":"product_brand","embeddable":true,"href":"https:\/\/www.omrserrature.it\/fr\/wp-json\/wp\/v2\/product_brand?post=242296"},{"taxonomy":"product_cat","embeddable":true,"href":"https:\/\/www.omrserrature.it\/fr\/wp-json\/wp\/v2\/product_cat?post=242296"},{"taxonomy":"product_tag","embeddable":true,"href":"https:\/\/www.omrserrature.it\/fr\/wp-json\/wp\/v2\/product_tag?post=242296"}],"curies":[{"name":"wp","href":"https:\/\/api.w.org\/{rel}","templated":true}]}}