{"id":242269,"date":"2017-10-12T15:22:40","date_gmt":"2012-10-17T13:22:00","guid":{"rendered":"https:\/\/www.staging6.omrserrature.it\/prodotto\/serrure-de-piedestal-avec-collerette-double-broche-40-mm\/"},"modified":"2026-04-08T12:48:33","modified_gmt":"2026-04-08T10:48:33","slug":"serrure-de-piedestal-avec-collerette-double-broche-40-mm","status":"publish","type":"product","link":"https:\/\/www.omrserrature.it\/fr\/produit\/serrure-de-piedestal-avec-collerette-double-broche-40-mm\/","title":{"rendered":"Serrure de pi\u00e9destal avec collerette double &#8211; broche 40 mm"},"content":{"rendered":"<p><strong>Serrure de pi\u00e9destal <\/strong>est id\u00e9ale pour \u00eatre install\u00e9e dans les armoires \u00e0 tiroirs des bureaux \u00e0 fermeture centralis\u00e9es (une serrure bloque tous les tiroirs), les pi\u00e9destal \u00e0 tiroirs en bois ou en m\u00e9tal ou dans les tiroirs d&rsquo;atelier. Dans cette version, <strong>la goupille ou broche mesure 40 mm de long<\/strong>, alors que la standard mesure 30 mm.<\/p>\n<p>La <strong>serrure pour fermetures multiples<\/strong> avec m\u00e9canisme \u00e0 double bride et \u00e0 lamelles comporte un rotor central \u00e0 5 lamelles situ\u00e9 \u00e0 l&rsquo;int\u00e9rieur d&rsquo;une bo\u00eete en alliage de zinc appel\u00e9e stator, bague ou corps. La <strong>double bride<\/strong> est perc\u00e9e pour permettre la fixation de la serrure au meuble en bois \u00e0 l&rsquo;aide de vis. Gr\u00e2ce \u00e0 l&rsquo;actionnement de la goupille arri\u00e8re, \u00e9galement appel\u00e9e <strong>came<\/strong> \u00e0 tenon, la fermeture ou l&rsquo;ouverture multiple des tiroirs est d\u00e9termin\u00e9e.  <\/p>\n<p>Le corps et le barillet de la serrure frontale pour la fermeture multiple des tiroirs sont en alliage de zinc, tandis que la goupille de 40 mm de long est en acier galvanis\u00e9. Le <strong>corps du cylindre <\/strong>, d&rsquo;une longueur de 21 mm, peut \u00eatre install\u00e9 sur du bois ou du m\u00e9tal et est disponible en orientation horizontale. Les plaques anti-basculement SVAR04744 et SVAR04800 sont disponibles pour compl\u00e9ter le kit d&rsquo;installation sur le bloc-tiroirs.<\/p>\n<p>&nbsp;<\/p>\n","protected":false},"excerpt":{"rendered":"<p><strong>Serrure de pi\u00e9destal <\/strong>est id\u00e9ale pour \u00eatre install\u00e9e dans les armoires \u00e0 tiroirs des bureaux \u00e0 fermeture centralis\u00e9es (une serrure bloque tous les tiroirs), les pi\u00e9destal \u00e0 tiroirs en bois ou en m\u00e9tal ou dans les tiroirs d&rsquo;atelier. Dans cette version, <strong>la goupille ou broche mesure 40 mm de long<\/strong>, alors que la standard mesure 30 mm.<\/p>\n","protected":false},"featured_media":3294,"comment_status":"open","ping_status":"closed","template":"","meta":{"_acf_changed":false,"_et_pb_use_builder":"","_et_pb_old_content":"","_et_gb_content_width":""},"product_brand":[],"product_cat":[3750,3757,3755,3643,3658,3650,3725,3727,3708,3690],"product_tag":[],"class_list":{"0":"post-242269","1":"product","2":"type-product","3":"status-publish","4":"has-post-thumbnail","6":"product_cat-banque-et-poste","7":"product_cat-bureaux","8":"product_cat-hopitaux-et-soins-de-sante","9":"product_cat-serrure-a-goupille","10":"product_cat-serrures-a-passe-partout","11":"product_cat-serrures-avec-barillet-interchangeable","12":"product_cat-serrures-pour-blocs-tiroirs","13":"product_cat-serrures-pour-classeurs","14":"product_cat-serrures-pour-tiroirs-industriels","15":"product_cat-serrures-professionnelles-pour-meubles","17":"first","18":"instock","19":"shipping-taxable","20":"purchasable","21":"product-type-variable"},"acf":{"pdf1":"https:\/\/www.omrserrature.it\/wp-content\/uploads\/schede\/Scheda_165693.pdf"},"yoast_head":"<!-- This site is optimized with the Yoast SEO plugin v27.2 - https:\/\/yoast.com\/product\/yoast-seo-wordpress\/ -->\n<title>Serrure de pi\u00e9destal avec collerette double - broche 40 mm - OMR Serrature<\/title>\n<meta name=\"robots\" content=\"index, follow, max-snippet:-1, max-image-preview:large, max-video-preview:-1\" \/>\n<link rel=\"canonical\" href=\"https:\/\/www.omrserrature.it\/fr\/produit\/serrure-de-piedestal-avec-collerette-double-broche-40-mm\/\" \/>\n<meta property=\"og:locale\" content=\"fr_FR\" \/>\n<meta property=\"og:type\" content=\"article\" \/>\n<meta property=\"og:title\" content=\"Serrure de pi\u00e9destal avec collerette double - broche 40 mm - OMR Serrature\" \/>\n<meta property=\"og:description\" content=\"Serrure de pi\u00e9destal est id\u00e9ale pour \u00eatre install\u00e9e dans les armoires \u00e0 tiroirs des bureaux \u00e0 fermeture centralis\u00e9es (une serrure bloque tous les tiroirs), les pi\u00e9destal \u00e0 tiroirs en bois ou en m\u00e9tal ou dans les tiroirs d&#039;atelier. Dans cette version, la goupille ou broche mesure 40 mm de long, alors que la standard mesure 30 mm.\" \/>\n<meta property=\"og:url\" content=\"https:\/\/www.omrserrature.it\/fr\/produit\/serrure-de-piedestal-avec-collerette-double-broche-40-mm\/\" \/>\n<meta property=\"og:site_name\" content=\"OMR Serrature | Produzione sistemi di chiusura\" \/>\n<meta property=\"article:publisher\" content=\"https:\/\/www.facebook.com\/OMRserrature\" \/>\n<meta property=\"article:modified_time\" content=\"2026-04-08T10:48:33+00:00\" \/>\n<meta property=\"og:image\" content=\"https:\/\/www.omrserrature.it\/wp-content\/uploads\/2017\/10\/serratura-doppia-aletta-perno-40.jpg\" \/>\n\t<meta property=\"og:image:width\" content=\"440\" \/>\n\t<meta property=\"og:image:height\" content=\"370\" \/>\n\t<meta property=\"og:image:type\" content=\"image\/jpeg\" \/>\n<meta name=\"twitter:card\" content=\"summary_large_image\" \/>\n<meta name=\"twitter:label1\" content=\"Dur\u00e9e de lecture estim\u00e9e\" \/>\n\t<meta name=\"twitter:data1\" content=\"1 minute\" \/>\n<script type=\"application\/ld+json\" class=\"yoast-schema-graph\">{\"@context\":\"https:\/\/schema.org\",\"@graph\":[{\"@type\":\"WebPage\",\"@id\":\"https:\/\/www.omrserrature.it\/fr\/produit\/serrure-de-piedestal-avec-collerette-double-broche-40-mm\/\",\"url\":\"https:\/\/www.omrserrature.it\/fr\/produit\/serrure-de-piedestal-avec-collerette-double-broche-40-mm\/\",\"name\":\"Serrure de pi\u00e9destal avec collerette double - broche 40 mm - OMR Serrature\",\"isPartOf\":{\"@id\":\"https:\/\/www.omrserrature.it\/fr\/#website\"},\"primaryImageOfPage\":{\"@id\":\"https:\/\/www.omrserrature.it\/fr\/produit\/serrure-de-piedestal-avec-collerette-double-broche-40-mm\/#primaryimage\"},\"image\":{\"@id\":\"https:\/\/www.omrserrature.it\/fr\/produit\/serrure-de-piedestal-avec-collerette-double-broche-40-mm\/#primaryimage\"},\"thumbnailUrl\":\"https:\/\/www.omrserrature.it\/wp-content\/uploads\/2017\/10\/serratura-doppia-aletta-perno-40.jpg\",\"datePublished\":\"2012-10-17T13:22:00+00:00\",\"dateModified\":\"2026-04-08T10:48:33+00:00\",\"breadcrumb\":{\"@id\":\"https:\/\/www.omrserrature.it\/fr\/produit\/serrure-de-piedestal-avec-collerette-double-broche-40-mm\/#breadcrumb\"},\"inLanguage\":\"fr-FR\",\"potentialAction\":[{\"@type\":\"ReadAction\",\"target\":[\"https:\/\/www.omrserrature.it\/fr\/produit\/serrure-de-piedestal-avec-collerette-double-broche-40-mm\/\"]}]},{\"@type\":\"ImageObject\",\"inLanguage\":\"fr-FR\",\"@id\":\"https:\/\/www.omrserrature.it\/fr\/produit\/serrure-de-piedestal-avec-collerette-double-broche-40-mm\/#primaryimage\",\"url\":\"https:\/\/www.omrserrature.it\/wp-content\/uploads\/2017\/10\/serratura-doppia-aletta-perno-40.jpg\",\"contentUrl\":\"https:\/\/www.omrserrature.it\/wp-content\/uploads\/2017\/10\/serratura-doppia-aletta-perno-40.jpg\",\"width\":440,\"height\":370,\"caption\":\"serrure pour serrures multiples avec double aileron (pistons 40) et m\u00e9canisme \u00e0 paillettes\"},{\"@type\":\"BreadcrumbList\",\"@id\":\"https:\/\/www.omrserrature.it\/fr\/produit\/serrure-de-piedestal-avec-collerette-double-broche-40-mm\/#breadcrumb\",\"itemListElement\":[{\"@type\":\"ListItem\",\"position\":1,\"name\":\"Home\",\"item\":\"https:\/\/www.omrserrature.it\/fr\/omr-serrures-et-systemes-de-verrouillage\/\"},{\"@type\":\"ListItem\",\"position\":2,\"name\":\"Catalogue\",\"item\":\"https:\/\/www.omrserrature.it\/catalogue\/?lang=fr\"},{\"@type\":\"ListItem\",\"position\":3,\"name\":\"Produits\",\"item\":\"https:\/\/www.omrserrature.it\/fr\/catalogue\/produits\/\"},{\"@type\":\"ListItem\",\"position\":4,\"name\":\"Serrures\",\"item\":\"https:\/\/www.omrserrature.it\/fr\/catalogue\/produits\/serrures\/\"},{\"@type\":\"ListItem\",\"position\":5,\"name\":\"Serrure \u00e0 goupille\",\"item\":\"https:\/\/www.omrserrature.it\/fr\/catalogue\/produits\/serrures\/serrure-a-goupille\/\"},{\"@type\":\"ListItem\",\"position\":6,\"name\":\"Serrure de pi\u00e9destal avec collerette double &#8211; broche 40 mm\"}]},{\"@type\":\"WebSite\",\"@id\":\"https:\/\/www.omrserrature.it\/fr\/#website\",\"url\":\"https:\/\/www.omrserrature.it\/fr\/\",\"name\":\"OMR Serrature | Produzione sistemi di chiusura\",\"description\":\"Produzione serrature di sicurezza e sistemi di chiusura\",\"publisher\":{\"@id\":\"https:\/\/www.omrserrature.it\/fr\/#organization\"},\"potentialAction\":[{\"@type\":\"SearchAction\",\"target\":{\"@type\":\"EntryPoint\",\"urlTemplate\":\"https:\/\/www.omrserrature.it\/fr\/?s={search_term_string}\"},\"query-input\":{\"@type\":\"PropertyValueSpecification\",\"valueRequired\":true,\"valueName\":\"search_term_string\"}}],\"inLanguage\":\"fr-FR\"},{\"@type\":\"Organization\",\"@id\":\"https:\/\/www.omrserrature.it\/fr\/#organization\",\"name\":\"OMR Serrature | Produzione sistemi di chiusura\",\"url\":\"https:\/\/www.omrserrature.it\/fr\/\",\"logo\":{\"@type\":\"ImageObject\",\"inLanguage\":\"fr-FR\",\"@id\":\"https:\/\/www.omrserrature.it\/fr\/#\/schema\/logo\/image\/\",\"url\":\"https:\/\/www.omrserrature.it\/wp-content\/uploads\/2017\/09\/favicon-omr-114.png\",\"contentUrl\":\"https:\/\/www.omrserrature.it\/wp-content\/uploads\/2017\/09\/favicon-omr-114.png\",\"width\":114,\"height\":114,\"caption\":\"OMR Serrature | Produzione sistemi di chiusura\"},\"image\":{\"@id\":\"https:\/\/www.omrserrature.it\/fr\/#\/schema\/logo\/image\/\"},\"sameAs\":[\"https:\/\/www.facebook.com\/OMRserrature\",\"https:\/\/www.linkedin.com\/company\/omrserrature\/\",\"https:\/\/www.youtube.com\/channel\/UCxmA85z2R0EpG_6IRokiAkg\"]}]}<\/script>\n<!-- \/ Yoast SEO plugin. -->","yoast_head_json":{"title":"Serrure de pi\u00e9destal avec collerette double - broche 40 mm - OMR Serrature","robots":{"index":"index","follow":"follow","max-snippet":"max-snippet:-1","max-image-preview":"max-image-preview:large","max-video-preview":"max-video-preview:-1"},"canonical":"https:\/\/www.omrserrature.it\/fr\/produit\/serrure-de-piedestal-avec-collerette-double-broche-40-mm\/","og_locale":"fr_FR","og_type":"article","og_title":"Serrure de pi\u00e9destal avec collerette double - broche 40 mm - OMR Serrature","og_description":"Serrure de pi\u00e9destal est id\u00e9ale pour \u00eatre install\u00e9e dans les armoires \u00e0 tiroirs des bureaux \u00e0 fermeture centralis\u00e9es (une serrure bloque tous les tiroirs), les pi\u00e9destal \u00e0 tiroirs en bois ou en m\u00e9tal ou dans les tiroirs d'atelier. Dans cette version, la goupille ou broche mesure 40 mm de long, alors que la standard mesure 30 mm.","og_url":"https:\/\/www.omrserrature.it\/fr\/produit\/serrure-de-piedestal-avec-collerette-double-broche-40-mm\/","og_site_name":"OMR Serrature | Produzione sistemi di chiusura","article_publisher":"https:\/\/www.facebook.com\/OMRserrature","article_modified_time":"2026-04-08T10:48:33+00:00","og_image":[{"width":440,"height":370,"url":"https:\/\/www.omrserrature.it\/wp-content\/uploads\/2017\/10\/serratura-doppia-aletta-perno-40.jpg","type":"image\/jpeg"}],"twitter_card":"summary_large_image","twitter_misc":{"Dur\u00e9e de lecture estim\u00e9e":"1 minute"},"schema":{"@context":"https:\/\/schema.org","@graph":[{"@type":"WebPage","@id":"https:\/\/www.omrserrature.it\/fr\/produit\/serrure-de-piedestal-avec-collerette-double-broche-40-mm\/","url":"https:\/\/www.omrserrature.it\/fr\/produit\/serrure-de-piedestal-avec-collerette-double-broche-40-mm\/","name":"Serrure de pi\u00e9destal avec collerette double - broche 40 mm - OMR Serrature","isPartOf":{"@id":"https:\/\/www.omrserrature.it\/fr\/#website"},"primaryImageOfPage":{"@id":"https:\/\/www.omrserrature.it\/fr\/produit\/serrure-de-piedestal-avec-collerette-double-broche-40-mm\/#primaryimage"},"image":{"@id":"https:\/\/www.omrserrature.it\/fr\/produit\/serrure-de-piedestal-avec-collerette-double-broche-40-mm\/#primaryimage"},"thumbnailUrl":"https:\/\/www.omrserrature.it\/wp-content\/uploads\/2017\/10\/serratura-doppia-aletta-perno-40.jpg","datePublished":"2012-10-17T13:22:00+00:00","dateModified":"2026-04-08T10:48:33+00:00","breadcrumb":{"@id":"https:\/\/www.omrserrature.it\/fr\/produit\/serrure-de-piedestal-avec-collerette-double-broche-40-mm\/#breadcrumb"},"inLanguage":"fr-FR","potentialAction":[{"@type":"ReadAction","target":["https:\/\/www.omrserrature.it\/fr\/produit\/serrure-de-piedestal-avec-collerette-double-broche-40-mm\/"]}]},{"@type":"ImageObject","inLanguage":"fr-FR","@id":"https:\/\/www.omrserrature.it\/fr\/produit\/serrure-de-piedestal-avec-collerette-double-broche-40-mm\/#primaryimage","url":"https:\/\/www.omrserrature.it\/wp-content\/uploads\/2017\/10\/serratura-doppia-aletta-perno-40.jpg","contentUrl":"https:\/\/www.omrserrature.it\/wp-content\/uploads\/2017\/10\/serratura-doppia-aletta-perno-40.jpg","width":440,"height":370,"caption":"serrure pour serrures multiples avec double aileron (pistons 40) et m\u00e9canisme \u00e0 paillettes"},{"@type":"BreadcrumbList","@id":"https:\/\/www.omrserrature.it\/fr\/produit\/serrure-de-piedestal-avec-collerette-double-broche-40-mm\/#breadcrumb","itemListElement":[{"@type":"ListItem","position":1,"name":"Home","item":"https:\/\/www.omrserrature.it\/fr\/omr-serrures-et-systemes-de-verrouillage\/"},{"@type":"ListItem","position":2,"name":"Catalogue","item":"https:\/\/www.omrserrature.it\/catalogue\/?lang=fr"},{"@type":"ListItem","position":3,"name":"Produits","item":"https:\/\/www.omrserrature.it\/fr\/catalogue\/produits\/"},{"@type":"ListItem","position":4,"name":"Serrures","item":"https:\/\/www.omrserrature.it\/fr\/catalogue\/produits\/serrures\/"},{"@type":"ListItem","position":5,"name":"Serrure \u00e0 goupille","item":"https:\/\/www.omrserrature.it\/fr\/catalogue\/produits\/serrures\/serrure-a-goupille\/"},{"@type":"ListItem","position":6,"name":"Serrure de pi\u00e9destal avec collerette double &#8211; broche 40 mm"}]},{"@type":"WebSite","@id":"https:\/\/www.omrserrature.it\/fr\/#website","url":"https:\/\/www.omrserrature.it\/fr\/","name":"OMR Serrature | Produzione sistemi di chiusura","description":"Produzione serrature di sicurezza e sistemi di chiusura","publisher":{"@id":"https:\/\/www.omrserrature.it\/fr\/#organization"},"potentialAction":[{"@type":"SearchAction","target":{"@type":"EntryPoint","urlTemplate":"https:\/\/www.omrserrature.it\/fr\/?s={search_term_string}"},"query-input":{"@type":"PropertyValueSpecification","valueRequired":true,"valueName":"search_term_string"}}],"inLanguage":"fr-FR"},{"@type":"Organization","@id":"https:\/\/www.omrserrature.it\/fr\/#organization","name":"OMR Serrature | Produzione sistemi di chiusura","url":"https:\/\/www.omrserrature.it\/fr\/","logo":{"@type":"ImageObject","inLanguage":"fr-FR","@id":"https:\/\/www.omrserrature.it\/fr\/#\/schema\/logo\/image\/","url":"https:\/\/www.omrserrature.it\/wp-content\/uploads\/2017\/09\/favicon-omr-114.png","contentUrl":"https:\/\/www.omrserrature.it\/wp-content\/uploads\/2017\/09\/favicon-omr-114.png","width":114,"height":114,"caption":"OMR Serrature | Produzione sistemi di chiusura"},"image":{"@id":"https:\/\/www.omrserrature.it\/fr\/#\/schema\/logo\/image\/"},"sameAs":["https:\/\/www.facebook.com\/OMRserrature","https:\/\/www.linkedin.com\/company\/omrserrature\/","https:\/\/www.youtube.com\/channel\/UCxmA85z2R0EpG_6IRokiAkg"]}]}},"_links":{"self":[{"href":"https:\/\/www.omrserrature.it\/fr\/wp-json\/wp\/v2\/product\/242269","targetHints":{"allow":["GET"]}}],"collection":[{"href":"https:\/\/www.omrserrature.it\/fr\/wp-json\/wp\/v2\/product"}],"about":[{"href":"https:\/\/www.omrserrature.it\/fr\/wp-json\/wp\/v2\/types\/product"}],"replies":[{"embeddable":true,"href":"https:\/\/www.omrserrature.it\/fr\/wp-json\/wp\/v2\/comments?post=242269"}],"wp:featuredmedia":[{"embeddable":true,"href":"https:\/\/www.omrserrature.it\/fr\/wp-json\/wp\/v2\/media\/3294"}],"wp:attachment":[{"href":"https:\/\/www.omrserrature.it\/fr\/wp-json\/wp\/v2\/media?parent=242269"}],"wp:term":[{"taxonomy":"product_brand","embeddable":true,"href":"https:\/\/www.omrserrature.it\/fr\/wp-json\/wp\/v2\/product_brand?post=242269"},{"taxonomy":"product_cat","embeddable":true,"href":"https:\/\/www.omrserrature.it\/fr\/wp-json\/wp\/v2\/product_cat?post=242269"},{"taxonomy":"product_tag","embeddable":true,"href":"https:\/\/www.omrserrature.it\/fr\/wp-json\/wp\/v2\/product_tag?post=242269"}],"curies":[{"name":"wp","href":"https:\/\/api.w.org\/{rel}","templated":true}]}}