{"id":242222,"date":"2017-10-16T16:20:51","date_gmt":"2016-10-17T14:20:00","guid":{"rendered":"https:\/\/www.staging6.omrserrature.it\/prodotto\/serrure-de-pene-dormant-basculant-avec-cle-a-croix\/"},"modified":"2026-04-08T12:24:31","modified_gmt":"2026-04-08T10:24:31","slug":"serrure-de-pene-dormant-basculant-avec-cle-a-croix","status":"publish","type":"product","link":"https:\/\/www.omrserrature.it\/fr\/produit\/serrure-de-pene-dormant-basculant-avec-cle-a-croix\/","title":{"rendered":"Serrure de porte basculante avec cl\u00e9 \u00e0 croix"},"content":{"rendered":"<p>La <strong>serrure \u00e0 mortaise \u00e0 cl\u00e9 \u00e0 croix basculante<\/strong> comporte un cylindre cruciforme, log\u00e9 dans un corps en acier et en alliage de zinc, qui d\u00e9place un p\u00eane basculant une fois la cl\u00e9 ins\u00e9r\u00e9e. La disposition en croix des goupilles garantit un bon niveau de <strong>s\u00e9curit\u00e9<\/strong>, gr\u00e2ce \u00e9galement \u00e0 la forme cruciforme sp\u00e9ciale de la cl\u00e9.<\/p>\n<p>Une simple m\u00e8che de 12 mm est utilis\u00e9e pour cr\u00e9er la rainure de clavette, et la rainure de clavette de 19 mm permet l&rsquo;<strong>application sur des poteaux \u00e9troits<\/strong>. Sur votre produit, la rainure de clavetage appara\u00eetra sous la forme d&rsquo;un petit trou, tr\u00e8s discret et \u00e9l\u00e9gant. <strong>La fixation sur le <\/strong>panneau <strong>est extr\u00eamement pratique <\/strong>et se fait \u00e0 l&rsquo;aide de deux vis sur la plaque frontale. Disponible en KA (cl\u00e9s identiques) et KD (cl\u00e9s diff\u00e9rentes), la serrure est \u00e9quip\u00e9e d&rsquo;un loquet en acier de 25 mm offrant une bonne r\u00e9sistance.   Simple \u00e0 installer et multifonctionnelle, la gamme de serrures \u00e0 pistons se d\u00e9cline en <strong>cinq variantes<\/strong>: \u00e0 mortaiser, \u00e0 p\u00eane dormant seul, \u00e0 p\u00eane dormant battant ou \u00e0 crochet, \u00e0 mortaiser avec double goupille.<\/p>\n<p>La serrure \u00e0 mortaiser avec cl\u00e9 \u00e0 croix est parfaite pour les profil\u00e9s en fer. Gr\u00e2ce \u00e0 ses dimensions r\u00e9duites, elle est utilis\u00e9e dans l&rsquo;<strong>ameublement de collectivit\u00e9<\/strong> sur les vitrines ou les portes, ainsi que dans le <strong>b\u00e2timent<\/strong> pour s\u00e9curiser les petites grilles et les chaufferies, et m\u00eame dans le secteur de la construction navale. La saillie du loquet est de 22 mm, ce qui permet de l&rsquo;appliquer \u00e9galement sur les portes d&rsquo;entr\u00e9e des magasins et sur le mobilier commercial \u00e0 l&rsquo;int\u00e9rieur des gares et des a\u00e9roports.  <\/p>\n","protected":false},"excerpt":{"rendered":"<p>La serrure \u00e0 encastrer \u00e0 p\u00eane dormant basculant se compose d&rsquo;un cylindre cruciforme, log\u00e9 dans un corps en acier et en alliage de zinc, qui d\u00e9place un p\u00eane dormant basculant une fois la cl\u00e9 ins\u00e9r\u00e9e.<\/p>\n<p>Un syst\u00e8me de fermeture qui offre une solution \u00e9l\u00e9gante et efficace.<\/p>\n","protected":false},"featured_media":3702,"comment_status":"open","ping_status":"closed","template":"","meta":{"_acf_changed":false,"_et_pb_use_builder":"","_et_pb_old_content":"","_et_gb_content_width":""},"product_brand":[],"product_cat":[3756,3750,3754,3749,3651,3648,3744,3748],"product_tag":[],"class_list":{"0":"post-242222","1":"product","2":"type-product","3":"status-publish","4":"has-post-thumbnail","6":"product_cat-architecture-urbanisme-et-design","7":"product_cat-banque-et-poste","8":"product_cat-juste","9":"product_cat-magasins-et-activites-commerciales","10":"product_cat-serrures-a-cle-a-croix","11":"product_cat-serrures-a-pene-dormant","12":"product_cat-systemes-de-fermeture-de-securite","13":"product_cat-systemes-de-fermeture-pour-lindustrie","15":"first","16":"instock","17":"shipping-taxable","18":"purchasable","19":"product-type-variable","20":"has-default-attributes"},"acf":{"pdf1":"https:\/\/www.omrserrature.it\/wp-content\/uploads\/2017\/10\/Scheda-100874.pdf"},"yoast_head":"<!-- This site is optimized with the Yoast SEO plugin v27.2 - https:\/\/yoast.com\/product\/yoast-seo-wordpress\/ -->\n<title>Serrure de porte basculante avec cl\u00e9 \u00e0 croix - OMR Serrature<\/title>\n<meta name=\"robots\" content=\"index, follow, max-snippet:-1, max-image-preview:large, max-video-preview:-1\" \/>\n<link rel=\"canonical\" href=\"https:\/\/www.omrserrature.it\/fr\/produit\/serrure-de-pene-dormant-basculant-avec-cle-a-croix\/\" \/>\n<meta property=\"og:locale\" content=\"fr_FR\" \/>\n<meta property=\"og:type\" content=\"article\" \/>\n<meta property=\"og:title\" content=\"Serrure de porte basculante avec cl\u00e9 \u00e0 croix - OMR Serrature\" \/>\n<meta property=\"og:description\" content=\"La serrure \u00e0 encastrer \u00e0 p\u00eane dormant basculant se compose d&#039;un cylindre cruciforme, log\u00e9 dans un corps en acier et en alliage de zinc, qui d\u00e9place un p\u00eane dormant basculant une fois la cl\u00e9 ins\u00e9r\u00e9e. Un syst\u00e8me de fermeture qui offre une solution \u00e9l\u00e9gante et efficace.\" \/>\n<meta property=\"og:url\" content=\"https:\/\/www.omrserrature.it\/fr\/produit\/serrure-de-pene-dormant-basculant-avec-cle-a-croix\/\" \/>\n<meta property=\"og:site_name\" content=\"OMR Serrature | Produzione sistemi di chiusura\" \/>\n<meta property=\"article:publisher\" content=\"https:\/\/www.facebook.com\/OMRserrature\" \/>\n<meta property=\"article:modified_time\" content=\"2026-04-08T10:24:31+00:00\" \/>\n<meta property=\"og:image\" content=\"https:\/\/www.omrserrature.it\/wp-content\/uploads\/2017\/10\/serratura-chiave-spillo-montante-basculante.jpg\" \/>\n\t<meta property=\"og:image:width\" content=\"1022\" \/>\n\t<meta property=\"og:image:height\" content=\"553\" \/>\n\t<meta property=\"og:image:type\" content=\"image\/jpeg\" \/>\n<meta name=\"twitter:card\" content=\"summary_large_image\" \/>\n<meta name=\"twitter:label1\" content=\"Dur\u00e9e de lecture estim\u00e9e\" \/>\n\t<meta name=\"twitter:data1\" content=\"1 minute\" \/>\n<script type=\"application\/ld+json\" class=\"yoast-schema-graph\">{\"@context\":\"https:\/\/schema.org\",\"@graph\":[{\"@type\":\"WebPage\",\"@id\":\"https:\/\/www.omrserrature.it\/fr\/produit\/serrure-de-pene-dormant-basculant-avec-cle-a-croix\/\",\"url\":\"https:\/\/www.omrserrature.it\/fr\/produit\/serrure-de-pene-dormant-basculant-avec-cle-a-croix\/\",\"name\":\"Serrure de porte basculante avec cl\u00e9 \u00e0 croix - OMR Serrature\",\"isPartOf\":{\"@id\":\"https:\/\/www.omrserrature.it\/fr\/#website\"},\"primaryImageOfPage\":{\"@id\":\"https:\/\/www.omrserrature.it\/fr\/produit\/serrure-de-pene-dormant-basculant-avec-cle-a-croix\/#primaryimage\"},\"image\":{\"@id\":\"https:\/\/www.omrserrature.it\/fr\/produit\/serrure-de-pene-dormant-basculant-avec-cle-a-croix\/#primaryimage\"},\"thumbnailUrl\":\"https:\/\/www.omrserrature.it\/wp-content\/uploads\/2017\/10\/serratura-chiave-spillo-montante-basculante.jpg\",\"datePublished\":\"2016-10-17T14:20:00+00:00\",\"dateModified\":\"2026-04-08T10:24:31+00:00\",\"breadcrumb\":{\"@id\":\"https:\/\/www.omrserrature.it\/fr\/produit\/serrure-de-pene-dormant-basculant-avec-cle-a-croix\/#breadcrumb\"},\"inLanguage\":\"fr-FR\",\"potentialAction\":[{\"@type\":\"ReadAction\",\"target\":[\"https:\/\/www.omrserrature.it\/fr\/produit\/serrure-de-pene-dormant-basculant-avec-cle-a-croix\/\"]}]},{\"@type\":\"ImageObject\",\"inLanguage\":\"fr-FR\",\"@id\":\"https:\/\/www.omrserrature.it\/fr\/produit\/serrure-de-pene-dormant-basculant-avec-cle-a-croix\/#primaryimage\",\"url\":\"https:\/\/www.omrserrature.it\/wp-content\/uploads\/2017\/10\/serratura-chiave-spillo-montante-basculante.jpg\",\"contentUrl\":\"https:\/\/www.omrserrature.it\/wp-content\/uploads\/2017\/10\/serratura-chiave-spillo-montante-basculante.jpg\",\"width\":1022,\"height\":553,\"caption\":\"Serrure de porte basculante avec cl\u00e9 \u00e0 croix\"},{\"@type\":\"BreadcrumbList\",\"@id\":\"https:\/\/www.omrserrature.it\/fr\/produit\/serrure-de-pene-dormant-basculant-avec-cle-a-croix\/#breadcrumb\",\"itemListElement\":[{\"@type\":\"ListItem\",\"position\":1,\"name\":\"Home\",\"item\":\"https:\/\/www.omrserrature.it\/fr\/omr-serrures-et-systemes-de-verrouillage\/\"},{\"@type\":\"ListItem\",\"position\":2,\"name\":\"Catalogue\",\"item\":\"https:\/\/www.omrserrature.it\/catalogue\/?lang=fr\"},{\"@type\":\"ListItem\",\"position\":3,\"name\":\"Produits\",\"item\":\"https:\/\/www.omrserrature.it\/fr\/catalogue\/produits\/\"},{\"@type\":\"ListItem\",\"position\":4,\"name\":\"Serrures\",\"item\":\"https:\/\/www.omrserrature.it\/fr\/catalogue\/produits\/serrures\/\"},{\"@type\":\"ListItem\",\"position\":5,\"name\":\"Serrures \u00e0 cl\u00e9 \u00e0 croix\",\"item\":\"https:\/\/www.omrserrature.it\/fr\/catalogue\/produits\/serrures\/serrures-a-cle-a-croix\/\"},{\"@type\":\"ListItem\",\"position\":6,\"name\":\"Serrure de porte basculante avec cl\u00e9 \u00e0 croix\"}]},{\"@type\":\"WebSite\",\"@id\":\"https:\/\/www.omrserrature.it\/fr\/#website\",\"url\":\"https:\/\/www.omrserrature.it\/fr\/\",\"name\":\"OMR Serrature | Produzione sistemi di chiusura\",\"description\":\"Produzione serrature di sicurezza e sistemi di chiusura\",\"publisher\":{\"@id\":\"https:\/\/www.omrserrature.it\/fr\/#organization\"},\"potentialAction\":[{\"@type\":\"SearchAction\",\"target\":{\"@type\":\"EntryPoint\",\"urlTemplate\":\"https:\/\/www.omrserrature.it\/fr\/?s={search_term_string}\"},\"query-input\":{\"@type\":\"PropertyValueSpecification\",\"valueRequired\":true,\"valueName\":\"search_term_string\"}}],\"inLanguage\":\"fr-FR\"},{\"@type\":\"Organization\",\"@id\":\"https:\/\/www.omrserrature.it\/fr\/#organization\",\"name\":\"OMR Serrature | Produzione sistemi di chiusura\",\"url\":\"https:\/\/www.omrserrature.it\/fr\/\",\"logo\":{\"@type\":\"ImageObject\",\"inLanguage\":\"fr-FR\",\"@id\":\"https:\/\/www.omrserrature.it\/fr\/#\/schema\/logo\/image\/\",\"url\":\"https:\/\/www.omrserrature.it\/wp-content\/uploads\/2017\/09\/favicon-omr-114.png\",\"contentUrl\":\"https:\/\/www.omrserrature.it\/wp-content\/uploads\/2017\/09\/favicon-omr-114.png\",\"width\":114,\"height\":114,\"caption\":\"OMR Serrature | Produzione sistemi di chiusura\"},\"image\":{\"@id\":\"https:\/\/www.omrserrature.it\/fr\/#\/schema\/logo\/image\/\"},\"sameAs\":[\"https:\/\/www.facebook.com\/OMRserrature\",\"https:\/\/www.linkedin.com\/company\/omrserrature\/\",\"https:\/\/www.youtube.com\/channel\/UCxmA85z2R0EpG_6IRokiAkg\"]}]}<\/script>\n<!-- \/ Yoast SEO plugin. -->","yoast_head_json":{"title":"Serrure de porte basculante avec cl\u00e9 \u00e0 croix - OMR Serrature","robots":{"index":"index","follow":"follow","max-snippet":"max-snippet:-1","max-image-preview":"max-image-preview:large","max-video-preview":"max-video-preview:-1"},"canonical":"https:\/\/www.omrserrature.it\/fr\/produit\/serrure-de-pene-dormant-basculant-avec-cle-a-croix\/","og_locale":"fr_FR","og_type":"article","og_title":"Serrure de porte basculante avec cl\u00e9 \u00e0 croix - OMR Serrature","og_description":"La serrure \u00e0 encastrer \u00e0 p\u00eane dormant basculant se compose d'un cylindre cruciforme, log\u00e9 dans un corps en acier et en alliage de zinc, qui d\u00e9place un p\u00eane dormant basculant une fois la cl\u00e9 ins\u00e9r\u00e9e. Un syst\u00e8me de fermeture qui offre une solution \u00e9l\u00e9gante et efficace.","og_url":"https:\/\/www.omrserrature.it\/fr\/produit\/serrure-de-pene-dormant-basculant-avec-cle-a-croix\/","og_site_name":"OMR Serrature | Produzione sistemi di chiusura","article_publisher":"https:\/\/www.facebook.com\/OMRserrature","article_modified_time":"2026-04-08T10:24:31+00:00","og_image":[{"width":1022,"height":553,"url":"https:\/\/www.omrserrature.it\/wp-content\/uploads\/2017\/10\/serratura-chiave-spillo-montante-basculante.jpg","type":"image\/jpeg"}],"twitter_card":"summary_large_image","twitter_misc":{"Dur\u00e9e de lecture estim\u00e9e":"1 minute"},"schema":{"@context":"https:\/\/schema.org","@graph":[{"@type":"WebPage","@id":"https:\/\/www.omrserrature.it\/fr\/produit\/serrure-de-pene-dormant-basculant-avec-cle-a-croix\/","url":"https:\/\/www.omrserrature.it\/fr\/produit\/serrure-de-pene-dormant-basculant-avec-cle-a-croix\/","name":"Serrure de porte basculante avec cl\u00e9 \u00e0 croix - OMR Serrature","isPartOf":{"@id":"https:\/\/www.omrserrature.it\/fr\/#website"},"primaryImageOfPage":{"@id":"https:\/\/www.omrserrature.it\/fr\/produit\/serrure-de-pene-dormant-basculant-avec-cle-a-croix\/#primaryimage"},"image":{"@id":"https:\/\/www.omrserrature.it\/fr\/produit\/serrure-de-pene-dormant-basculant-avec-cle-a-croix\/#primaryimage"},"thumbnailUrl":"https:\/\/www.omrserrature.it\/wp-content\/uploads\/2017\/10\/serratura-chiave-spillo-montante-basculante.jpg","datePublished":"2016-10-17T14:20:00+00:00","dateModified":"2026-04-08T10:24:31+00:00","breadcrumb":{"@id":"https:\/\/www.omrserrature.it\/fr\/produit\/serrure-de-pene-dormant-basculant-avec-cle-a-croix\/#breadcrumb"},"inLanguage":"fr-FR","potentialAction":[{"@type":"ReadAction","target":["https:\/\/www.omrserrature.it\/fr\/produit\/serrure-de-pene-dormant-basculant-avec-cle-a-croix\/"]}]},{"@type":"ImageObject","inLanguage":"fr-FR","@id":"https:\/\/www.omrserrature.it\/fr\/produit\/serrure-de-pene-dormant-basculant-avec-cle-a-croix\/#primaryimage","url":"https:\/\/www.omrserrature.it\/wp-content\/uploads\/2017\/10\/serratura-chiave-spillo-montante-basculante.jpg","contentUrl":"https:\/\/www.omrserrature.it\/wp-content\/uploads\/2017\/10\/serratura-chiave-spillo-montante-basculante.jpg","width":1022,"height":553,"caption":"Serrure de porte basculante avec cl\u00e9 \u00e0 croix"},{"@type":"BreadcrumbList","@id":"https:\/\/www.omrserrature.it\/fr\/produit\/serrure-de-pene-dormant-basculant-avec-cle-a-croix\/#breadcrumb","itemListElement":[{"@type":"ListItem","position":1,"name":"Home","item":"https:\/\/www.omrserrature.it\/fr\/omr-serrures-et-systemes-de-verrouillage\/"},{"@type":"ListItem","position":2,"name":"Catalogue","item":"https:\/\/www.omrserrature.it\/catalogue\/?lang=fr"},{"@type":"ListItem","position":3,"name":"Produits","item":"https:\/\/www.omrserrature.it\/fr\/catalogue\/produits\/"},{"@type":"ListItem","position":4,"name":"Serrures","item":"https:\/\/www.omrserrature.it\/fr\/catalogue\/produits\/serrures\/"},{"@type":"ListItem","position":5,"name":"Serrures \u00e0 cl\u00e9 \u00e0 croix","item":"https:\/\/www.omrserrature.it\/fr\/catalogue\/produits\/serrures\/serrures-a-cle-a-croix\/"},{"@type":"ListItem","position":6,"name":"Serrure de porte basculante avec cl\u00e9 \u00e0 croix"}]},{"@type":"WebSite","@id":"https:\/\/www.omrserrature.it\/fr\/#website","url":"https:\/\/www.omrserrature.it\/fr\/","name":"OMR Serrature | Produzione sistemi di chiusura","description":"Produzione serrature di sicurezza e sistemi di chiusura","publisher":{"@id":"https:\/\/www.omrserrature.it\/fr\/#organization"},"potentialAction":[{"@type":"SearchAction","target":{"@type":"EntryPoint","urlTemplate":"https:\/\/www.omrserrature.it\/fr\/?s={search_term_string}"},"query-input":{"@type":"PropertyValueSpecification","valueRequired":true,"valueName":"search_term_string"}}],"inLanguage":"fr-FR"},{"@type":"Organization","@id":"https:\/\/www.omrserrature.it\/fr\/#organization","name":"OMR Serrature | Produzione sistemi di chiusura","url":"https:\/\/www.omrserrature.it\/fr\/","logo":{"@type":"ImageObject","inLanguage":"fr-FR","@id":"https:\/\/www.omrserrature.it\/fr\/#\/schema\/logo\/image\/","url":"https:\/\/www.omrserrature.it\/wp-content\/uploads\/2017\/09\/favicon-omr-114.png","contentUrl":"https:\/\/www.omrserrature.it\/wp-content\/uploads\/2017\/09\/favicon-omr-114.png","width":114,"height":114,"caption":"OMR Serrature | Produzione sistemi di chiusura"},"image":{"@id":"https:\/\/www.omrserrature.it\/fr\/#\/schema\/logo\/image\/"},"sameAs":["https:\/\/www.facebook.com\/OMRserrature","https:\/\/www.linkedin.com\/company\/omrserrature\/","https:\/\/www.youtube.com\/channel\/UCxmA85z2R0EpG_6IRokiAkg"]}]}},"_links":{"self":[{"href":"https:\/\/www.omrserrature.it\/fr\/wp-json\/wp\/v2\/product\/242222","targetHints":{"allow":["GET"]}}],"collection":[{"href":"https:\/\/www.omrserrature.it\/fr\/wp-json\/wp\/v2\/product"}],"about":[{"href":"https:\/\/www.omrserrature.it\/fr\/wp-json\/wp\/v2\/types\/product"}],"replies":[{"embeddable":true,"href":"https:\/\/www.omrserrature.it\/fr\/wp-json\/wp\/v2\/comments?post=242222"}],"wp:featuredmedia":[{"embeddable":true,"href":"https:\/\/www.omrserrature.it\/fr\/wp-json\/wp\/v2\/media\/3702"}],"wp:attachment":[{"href":"https:\/\/www.omrserrature.it\/fr\/wp-json\/wp\/v2\/media?parent=242222"}],"wp:term":[{"taxonomy":"product_brand","embeddable":true,"href":"https:\/\/www.omrserrature.it\/fr\/wp-json\/wp\/v2\/product_brand?post=242222"},{"taxonomy":"product_cat","embeddable":true,"href":"https:\/\/www.omrserrature.it\/fr\/wp-json\/wp\/v2\/product_cat?post=242222"},{"taxonomy":"product_tag","embeddable":true,"href":"https:\/\/www.omrserrature.it\/fr\/wp-json\/wp\/v2\/product_tag?post=242222"}],"curies":[{"name":"wp","href":"https:\/\/api.w.org\/{rel}","templated":true}]}}