{"id":242182,"date":"2017-10-16T14:56:49","date_gmt":"2016-10-17T12:56:00","guid":{"rendered":"https:\/\/www.staging6.omrserrature.it\/prodotto\/serrure-pour-armoire-a-dossier-classeur-bureau\/"},"modified":"2026-04-08T12:24:07","modified_gmt":"2026-04-08T10:24:07","slug":"serrure-pour-armoire-a-dossier-classeur-bureau","status":"publish","type":"product","link":"https:\/\/www.omrserrature.it\/fr\/produit\/serrure-pour-armoire-a-dossier-classeur-bureau\/","title":{"rendered":"Serrure pour armoire \u00e0 dossier \/ classeur &#8211; bureau"},"content":{"rendered":"<p><b>Serrure pour armoire \u00e0 dossier (ou classeurs)<\/b> <b>pour le bureau<\/b> se compose d&rsquo;une base ronde en plastique gris dans laquelle coulisse un p\u00eane pli\u00e9, actionn\u00e9 par le mouvement de la cl\u00e9, qui peut \u00eatre en laiton nickel\u00e9 ou dot\u00e9e d&rsquo;une poign\u00e9e en r\u00e9sine fixe ou pliante.<u><\/u><u><\/u><\/p>\n<p>Le cylindre est dot\u00e9 d&rsquo;un m\u00e9canisme \u00e0 lamelles, \u00e9galement appel\u00e9 plaquette, disponible en version <b>KD<\/b> (cl\u00e9s diff\u00e9rentes), <b>KA<\/b> (cl\u00e9s identiques) ou <b>MK<\/b> (syst\u00e8me de cl\u00e9 principale, ou passe-partout). Le trou du cylindre sur la porte est termin\u00e9 par une bague de finition en plastique. <u><\/u><u><\/u><\/p>\n<p>La serrure \u00e0 panneau est id\u00e9ale pour les <b>comptoirs m\u00e9talliques<\/b> gr\u00e2ce \u00e0 sa fixation autobloquante, ou sur les tringles des meubles en fer comme sur un classeur m\u00e9tallique horizontal, sur un classeur m\u00e9tallique suspendu, et surtout sur les <strong>classeurs<\/strong>, g\u00e9n\u00e9ralement en m\u00e9tal, caract\u00e9ris\u00e9s par une serrure individuelle pour chaque bo\u00eete, id\u00e9aux pour le stockage des dossiers et des documents.<\/p>\n","protected":false},"excerpt":{"rendered":"<p><b>Serrure pour armoire \u00e0 dossier (ou classeurs)<\/b> <b>pour le bureau<\/b> se compose d&rsquo;une base ronde en plastique gris dans laquelle coulisse un p\u00eane pli\u00e9, actionn\u00e9 par le mouvement de la cl\u00e9, qui peut \u00eatre en laiton nickel\u00e9 ou dot\u00e9e d&rsquo;une poign\u00e9e en r\u00e9sine fixe ou pliante.<\/p>\n","protected":false},"featured_media":3684,"comment_status":"open","ping_status":"closed","template":"","meta":{"_acf_changed":false,"_et_pb_use_builder":"","_et_pb_old_content":"","_et_gb_content_width":""},"product_brand":[],"product_cat":[3738,3757,3726,3753,3755,3739,3658,3648,3723,3722,3727,3715,3697,3728],"product_tag":[],"class_list":{"0":"post-242182","1":"product","2":"type-product","3":"status-publish","4":"has-post-thumbnail","6":"product_cat-battant","7":"product_cat-bureaux","8":"product_cat-des-serrures-pour-des-serrures","9":"product_cat-education-et-culture","10":"product_cat-hopitaux-et-soins-de-sante","11":"product_cat-rabat","12":"product_cat-serrures-a-passe-partout","13":"product_cat-serrures-a-pene-dormant","14":"product_cat-serrures-de-panneaux","15":"product_cat-serrures-de-portes","16":"product_cat-serrures-pour-classeurs","17":"product_cat-serrures-pour-coffres-forts","18":"product_cat-serrures-pour-meubles","19":"product_cat-serrures-pour-panneaux-de-signalisation","21":"first","22":"instock","23":"shipping-taxable","24":"purchasable","25":"product-type-variable","26":"has-default-attributes"},"acf":{"pdf1":"https:\/\/www.omrserrature.it\/wp-content\/uploads\/schede\/Scheda_240051.pdf"},"yoast_head":"<!-- This site is optimized with the Yoast SEO plugin v27.2 - https:\/\/yoast.com\/product\/yoast-seo-wordpress\/ -->\n<title>Serrure pour armoire \u00e0 dossier \/ classeur - bureau - OMR Serrature<\/title>\n<meta name=\"robots\" content=\"index, follow, max-snippet:-1, max-image-preview:large, max-video-preview:-1\" \/>\n<link rel=\"canonical\" href=\"https:\/\/www.omrserrature.it\/fr\/produit\/serrure-pour-armoire-a-dossier-classeur-bureau\/\" \/>\n<meta property=\"og:locale\" content=\"fr_FR\" \/>\n<meta property=\"og:type\" content=\"article\" \/>\n<meta property=\"og:title\" content=\"Serrure pour armoire \u00e0 dossier \/ classeur - bureau - OMR Serrature\" \/>\n<meta property=\"og:description\" content=\"Serrure pour armoire \u00e0 dossier (ou classeurs) pour le bureau se compose d&#039;une base ronde en plastique gris dans laquelle coulisse un p\u00eane pli\u00e9, actionn\u00e9 par le mouvement de la cl\u00e9, qui peut \u00eatre en laiton nickel\u00e9 ou dot\u00e9e d&#039;une poign\u00e9e en r\u00e9sine fixe ou pliante.\" \/>\n<meta property=\"og:url\" content=\"https:\/\/www.omrserrature.it\/fr\/produit\/serrure-pour-armoire-a-dossier-classeur-bureau\/\" \/>\n<meta property=\"og:site_name\" content=\"OMR Serrature | Produzione sistemi di chiusura\" \/>\n<meta property=\"article:publisher\" content=\"https:\/\/www.facebook.com\/OMRserrature\" \/>\n<meta property=\"article:modified_time\" content=\"2026-04-08T10:24:07+00:00\" \/>\n<meta property=\"og:image\" content=\"https:\/\/www.omrserrature.it\/wp-content\/uploads\/2017\/10\/serratura-cartelliere.jpg\" \/>\n\t<meta property=\"og:image:width\" content=\"368\" \/>\n\t<meta property=\"og:image:height\" content=\"384\" \/>\n\t<meta property=\"og:image:type\" content=\"image\/jpeg\" \/>\n<meta name=\"twitter:card\" content=\"summary_large_image\" \/>\n<meta name=\"twitter:label1\" content=\"Dur\u00e9e de lecture estim\u00e9e\" \/>\n\t<meta name=\"twitter:data1\" content=\"1 minute\" \/>\n<script type=\"application\/ld+json\" class=\"yoast-schema-graph\">{\"@context\":\"https:\/\/schema.org\",\"@graph\":[{\"@type\":\"WebPage\",\"@id\":\"https:\/\/www.omrserrature.it\/fr\/produit\/serrure-pour-armoire-a-dossier-classeur-bureau\/\",\"url\":\"https:\/\/www.omrserrature.it\/fr\/produit\/serrure-pour-armoire-a-dossier-classeur-bureau\/\",\"name\":\"Serrure pour armoire \u00e0 dossier \/ classeur - bureau - OMR Serrature\",\"isPartOf\":{\"@id\":\"https:\/\/www.omrserrature.it\/fr\/#website\"},\"primaryImageOfPage\":{\"@id\":\"https:\/\/www.omrserrature.it\/fr\/produit\/serrure-pour-armoire-a-dossier-classeur-bureau\/#primaryimage\"},\"image\":{\"@id\":\"https:\/\/www.omrserrature.it\/fr\/produit\/serrure-pour-armoire-a-dossier-classeur-bureau\/#primaryimage\"},\"thumbnailUrl\":\"https:\/\/www.omrserrature.it\/wp-content\/uploads\/2017\/10\/serratura-cartelliere.jpg\",\"datePublished\":\"2016-10-17T12:56:00+00:00\",\"dateModified\":\"2026-04-08T10:24:07+00:00\",\"breadcrumb\":{\"@id\":\"https:\/\/www.omrserrature.it\/fr\/produit\/serrure-pour-armoire-a-dossier-classeur-bureau\/#breadcrumb\"},\"inLanguage\":\"fr-FR\",\"potentialAction\":[{\"@type\":\"ReadAction\",\"target\":[\"https:\/\/www.omrserrature.it\/fr\/produit\/serrure-pour-armoire-a-dossier-classeur-bureau\/\"]}]},{\"@type\":\"ImageObject\",\"inLanguage\":\"fr-FR\",\"@id\":\"https:\/\/www.omrserrature.it\/fr\/produit\/serrure-pour-armoire-a-dossier-classeur-bureau\/#primaryimage\",\"url\":\"https:\/\/www.omrserrature.it\/wp-content\/uploads\/2017\/10\/serratura-cartelliere.jpg\",\"contentUrl\":\"https:\/\/www.omrserrature.it\/wp-content\/uploads\/2017\/10\/serratura-cartelliere.jpg\",\"width\":368,\"height\":384,\"caption\":\"Serrure pour classeurs et armoires de classement\"},{\"@type\":\"BreadcrumbList\",\"@id\":\"https:\/\/www.omrserrature.it\/fr\/produit\/serrure-pour-armoire-a-dossier-classeur-bureau\/#breadcrumb\",\"itemListElement\":[{\"@type\":\"ListItem\",\"position\":1,\"name\":\"Home\",\"item\":\"https:\/\/www.omrserrature.it\/fr\/omr-serrures-et-systemes-de-verrouillage\/\"},{\"@type\":\"ListItem\",\"position\":2,\"name\":\"Catalogue\",\"item\":\"https:\/\/www.omrserrature.it\/catalogue\/?lang=fr\"},{\"@type\":\"ListItem\",\"position\":3,\"name\":\"Applications\",\"item\":\"https:\/\/www.omrserrature.it\/fr\/catalogue\/applications\/\"},{\"@type\":\"ListItem\",\"position\":4,\"name\":\"Serrures pour meubles\",\"item\":\"https:\/\/www.omrserrature.it\/fr\/catalogue\/applications\/serrures-pour-meubles\/\"},{\"@type\":\"ListItem\",\"position\":5,\"name\":\"Serrures de panneaux\",\"item\":\"https:\/\/www.omrserrature.it\/fr\/catalogue\/applications\/serrures-pour-meubles\/serrures-de-panneaux\/\"},{\"@type\":\"ListItem\",\"position\":6,\"name\":\"Battant\",\"item\":\"https:\/\/www.omrserrature.it\/fr\/catalogue\/applications\/serrures-pour-meubles\/serrures-de-panneaux\/battant\/\"},{\"@type\":\"ListItem\",\"position\":7,\"name\":\"Serrure pour armoire \u00e0 dossier \/ classeur &#8211; bureau\"}]},{\"@type\":\"WebSite\",\"@id\":\"https:\/\/www.omrserrature.it\/fr\/#website\",\"url\":\"https:\/\/www.omrserrature.it\/fr\/\",\"name\":\"OMR Serrature | Produzione sistemi di chiusura\",\"description\":\"Produzione serrature di sicurezza e sistemi di chiusura\",\"publisher\":{\"@id\":\"https:\/\/www.omrserrature.it\/fr\/#organization\"},\"potentialAction\":[{\"@type\":\"SearchAction\",\"target\":{\"@type\":\"EntryPoint\",\"urlTemplate\":\"https:\/\/www.omrserrature.it\/fr\/?s={search_term_string}\"},\"query-input\":{\"@type\":\"PropertyValueSpecification\",\"valueRequired\":true,\"valueName\":\"search_term_string\"}}],\"inLanguage\":\"fr-FR\"},{\"@type\":\"Organization\",\"@id\":\"https:\/\/www.omrserrature.it\/fr\/#organization\",\"name\":\"OMR Serrature | Produzione sistemi di chiusura\",\"url\":\"https:\/\/www.omrserrature.it\/fr\/\",\"logo\":{\"@type\":\"ImageObject\",\"inLanguage\":\"fr-FR\",\"@id\":\"https:\/\/www.omrserrature.it\/fr\/#\/schema\/logo\/image\/\",\"url\":\"https:\/\/www.omrserrature.it\/wp-content\/uploads\/2017\/09\/favicon-omr-114.png\",\"contentUrl\":\"https:\/\/www.omrserrature.it\/wp-content\/uploads\/2017\/09\/favicon-omr-114.png\",\"width\":114,\"height\":114,\"caption\":\"OMR Serrature | Produzione sistemi di chiusura\"},\"image\":{\"@id\":\"https:\/\/www.omrserrature.it\/fr\/#\/schema\/logo\/image\/\"},\"sameAs\":[\"https:\/\/www.facebook.com\/OMRserrature\",\"https:\/\/www.linkedin.com\/company\/omrserrature\/\",\"https:\/\/www.youtube.com\/channel\/UCxmA85z2R0EpG_6IRokiAkg\"]}]}<\/script>\n<!-- \/ Yoast SEO plugin. -->","yoast_head_json":{"title":"Serrure pour armoire \u00e0 dossier \/ classeur - bureau - OMR Serrature","robots":{"index":"index","follow":"follow","max-snippet":"max-snippet:-1","max-image-preview":"max-image-preview:large","max-video-preview":"max-video-preview:-1"},"canonical":"https:\/\/www.omrserrature.it\/fr\/produit\/serrure-pour-armoire-a-dossier-classeur-bureau\/","og_locale":"fr_FR","og_type":"article","og_title":"Serrure pour armoire \u00e0 dossier \/ classeur - bureau - OMR Serrature","og_description":"Serrure pour armoire \u00e0 dossier (ou classeurs) pour le bureau se compose d'une base ronde en plastique gris dans laquelle coulisse un p\u00eane pli\u00e9, actionn\u00e9 par le mouvement de la cl\u00e9, qui peut \u00eatre en laiton nickel\u00e9 ou dot\u00e9e d'une poign\u00e9e en r\u00e9sine fixe ou pliante.","og_url":"https:\/\/www.omrserrature.it\/fr\/produit\/serrure-pour-armoire-a-dossier-classeur-bureau\/","og_site_name":"OMR Serrature | Produzione sistemi di chiusura","article_publisher":"https:\/\/www.facebook.com\/OMRserrature","article_modified_time":"2026-04-08T10:24:07+00:00","og_image":[{"width":368,"height":384,"url":"https:\/\/www.omrserrature.it\/wp-content\/uploads\/2017\/10\/serratura-cartelliere.jpg","type":"image\/jpeg"}],"twitter_card":"summary_large_image","twitter_misc":{"Dur\u00e9e de lecture estim\u00e9e":"1 minute"},"schema":{"@context":"https:\/\/schema.org","@graph":[{"@type":"WebPage","@id":"https:\/\/www.omrserrature.it\/fr\/produit\/serrure-pour-armoire-a-dossier-classeur-bureau\/","url":"https:\/\/www.omrserrature.it\/fr\/produit\/serrure-pour-armoire-a-dossier-classeur-bureau\/","name":"Serrure pour armoire \u00e0 dossier \/ classeur - bureau - OMR Serrature","isPartOf":{"@id":"https:\/\/www.omrserrature.it\/fr\/#website"},"primaryImageOfPage":{"@id":"https:\/\/www.omrserrature.it\/fr\/produit\/serrure-pour-armoire-a-dossier-classeur-bureau\/#primaryimage"},"image":{"@id":"https:\/\/www.omrserrature.it\/fr\/produit\/serrure-pour-armoire-a-dossier-classeur-bureau\/#primaryimage"},"thumbnailUrl":"https:\/\/www.omrserrature.it\/wp-content\/uploads\/2017\/10\/serratura-cartelliere.jpg","datePublished":"2016-10-17T12:56:00+00:00","dateModified":"2026-04-08T10:24:07+00:00","breadcrumb":{"@id":"https:\/\/www.omrserrature.it\/fr\/produit\/serrure-pour-armoire-a-dossier-classeur-bureau\/#breadcrumb"},"inLanguage":"fr-FR","potentialAction":[{"@type":"ReadAction","target":["https:\/\/www.omrserrature.it\/fr\/produit\/serrure-pour-armoire-a-dossier-classeur-bureau\/"]}]},{"@type":"ImageObject","inLanguage":"fr-FR","@id":"https:\/\/www.omrserrature.it\/fr\/produit\/serrure-pour-armoire-a-dossier-classeur-bureau\/#primaryimage","url":"https:\/\/www.omrserrature.it\/wp-content\/uploads\/2017\/10\/serratura-cartelliere.jpg","contentUrl":"https:\/\/www.omrserrature.it\/wp-content\/uploads\/2017\/10\/serratura-cartelliere.jpg","width":368,"height":384,"caption":"Serrure pour classeurs et armoires de classement"},{"@type":"BreadcrumbList","@id":"https:\/\/www.omrserrature.it\/fr\/produit\/serrure-pour-armoire-a-dossier-classeur-bureau\/#breadcrumb","itemListElement":[{"@type":"ListItem","position":1,"name":"Home","item":"https:\/\/www.omrserrature.it\/fr\/omr-serrures-et-systemes-de-verrouillage\/"},{"@type":"ListItem","position":2,"name":"Catalogue","item":"https:\/\/www.omrserrature.it\/catalogue\/?lang=fr"},{"@type":"ListItem","position":3,"name":"Applications","item":"https:\/\/www.omrserrature.it\/fr\/catalogue\/applications\/"},{"@type":"ListItem","position":4,"name":"Serrures pour meubles","item":"https:\/\/www.omrserrature.it\/fr\/catalogue\/applications\/serrures-pour-meubles\/"},{"@type":"ListItem","position":5,"name":"Serrures de panneaux","item":"https:\/\/www.omrserrature.it\/fr\/catalogue\/applications\/serrures-pour-meubles\/serrures-de-panneaux\/"},{"@type":"ListItem","position":6,"name":"Battant","item":"https:\/\/www.omrserrature.it\/fr\/catalogue\/applications\/serrures-pour-meubles\/serrures-de-panneaux\/battant\/"},{"@type":"ListItem","position":7,"name":"Serrure pour armoire \u00e0 dossier \/ classeur &#8211; bureau"}]},{"@type":"WebSite","@id":"https:\/\/www.omrserrature.it\/fr\/#website","url":"https:\/\/www.omrserrature.it\/fr\/","name":"OMR Serrature | Produzione sistemi di chiusura","description":"Produzione serrature di sicurezza e sistemi di chiusura","publisher":{"@id":"https:\/\/www.omrserrature.it\/fr\/#organization"},"potentialAction":[{"@type":"SearchAction","target":{"@type":"EntryPoint","urlTemplate":"https:\/\/www.omrserrature.it\/fr\/?s={search_term_string}"},"query-input":{"@type":"PropertyValueSpecification","valueRequired":true,"valueName":"search_term_string"}}],"inLanguage":"fr-FR"},{"@type":"Organization","@id":"https:\/\/www.omrserrature.it\/fr\/#organization","name":"OMR Serrature | Produzione sistemi di chiusura","url":"https:\/\/www.omrserrature.it\/fr\/","logo":{"@type":"ImageObject","inLanguage":"fr-FR","@id":"https:\/\/www.omrserrature.it\/fr\/#\/schema\/logo\/image\/","url":"https:\/\/www.omrserrature.it\/wp-content\/uploads\/2017\/09\/favicon-omr-114.png","contentUrl":"https:\/\/www.omrserrature.it\/wp-content\/uploads\/2017\/09\/favicon-omr-114.png","width":114,"height":114,"caption":"OMR Serrature | Produzione sistemi di chiusura"},"image":{"@id":"https:\/\/www.omrserrature.it\/fr\/#\/schema\/logo\/image\/"},"sameAs":["https:\/\/www.facebook.com\/OMRserrature","https:\/\/www.linkedin.com\/company\/omrserrature\/","https:\/\/www.youtube.com\/channel\/UCxmA85z2R0EpG_6IRokiAkg"]}]}},"_links":{"self":[{"href":"https:\/\/www.omrserrature.it\/fr\/wp-json\/wp\/v2\/product\/242182","targetHints":{"allow":["GET"]}}],"collection":[{"href":"https:\/\/www.omrserrature.it\/fr\/wp-json\/wp\/v2\/product"}],"about":[{"href":"https:\/\/www.omrserrature.it\/fr\/wp-json\/wp\/v2\/types\/product"}],"replies":[{"embeddable":true,"href":"https:\/\/www.omrserrature.it\/fr\/wp-json\/wp\/v2\/comments?post=242182"}],"wp:featuredmedia":[{"embeddable":true,"href":"https:\/\/www.omrserrature.it\/fr\/wp-json\/wp\/v2\/media\/3684"}],"wp:attachment":[{"href":"https:\/\/www.omrserrature.it\/fr\/wp-json\/wp\/v2\/media?parent=242182"}],"wp:term":[{"taxonomy":"product_brand","embeddable":true,"href":"https:\/\/www.omrserrature.it\/fr\/wp-json\/wp\/v2\/product_brand?post=242182"},{"taxonomy":"product_cat","embeddable":true,"href":"https:\/\/www.omrserrature.it\/fr\/wp-json\/wp\/v2\/product_cat?post=242182"},{"taxonomy":"product_tag","embeddable":true,"href":"https:\/\/www.omrserrature.it\/fr\/wp-json\/wp\/v2\/product_tag?post=242182"}],"curies":[{"name":"wp","href":"https:\/\/api.w.org\/{rel}","templated":true}]}}