{"id":242169,"date":"2017-10-06T08:47:09","date_gmt":"2006-10-17T06:47:00","guid":{"rendered":"https:\/\/www.staging6.omrserrature.it\/prodotto\/serrure-de-boite-aux-lettres-o-16-et-o-18-mm\/"},"modified":"2017-10-06T08:47:09","modified_gmt":"2017-10-06T06:47:09","slug":"serrure-de-boite-aux-lettres-o-16-et-o-18-mm","status":"publish","type":"product","link":"https:\/\/www.omrserrature.it\/fr\/produit\/serrure-de-boite-aux-lettres-o-16-et-o-18-mm\/","title":{"rendered":"Serrure de bo\u00eete aux lettres \u00d8 16 et \u00d8 18 mm"},"content":{"rendered":"<p><strong>La serrure de bo\u00eete aux lettres<\/strong> est un produit historique de l&rsquo;O.M.R., \u00e9galement connu sous la marque <strong>\u00ab\u00a0Michel<\/strong>\u00a0\u00bb et appliqu\u00e9 sur les <strong>bo\u00eetes aux lettres Seat<\/strong>. La cl\u00e9 SCHG05005, avec sa forme caract\u00e9ristique, actionne une s\u00e9rie de petits pistons en laiton \u00e0 ressort qui, en cas de combinaison correcte, permettent la rotation du barillet et, par cons\u00e9quent, la fermeture ou l&rsquo;ouverture de la serrure batteuse. Le <strong>diam\u00e8tre sp\u00e9cial de 16 mm<\/strong> &#8211; \u00e9galement disponible en 18 mm &#8211;<strong>, son came sp\u00e9cial avec fixation par boucle et le rotor d\u00e9cal\u00e9<\/strong> conf\u00e8rent \u00e0 ce produit des caract\u00e9ristiques uniques. La serrure de bo\u00eete aux lettres convient aux applications en <strong>verre ou en aluminium<\/strong>, notamment sur les bo\u00eetes aux lettres et les bo\u00eetes postales. <\/p>\n","protected":false},"excerpt":{"rendered":"<p><strong>La serrure de bo\u00eete aux lettres<\/strong> est un produit historique de l&rsquo;O.M.R., \u00e9galement connu sous la marque <strong>&lsquo;Michel<\/strong>&lsquo; et appliqu\u00e9 sur les <strong>bo\u00eetes aux lettres Seat<\/strong>. <strong>Son diam\u00e8tre particulier de 16 mm et 18 mm, sa came sp\u00e9cial avec fixation par boucle et son barillet d\u00e9port\u00e9<\/strong> conf\u00e8rent \u00e0 ce produit des caract\u00e9ristiques uniques. Il s&rsquo;installe sur le <strong>verre ou l&rsquo;aluminium<\/strong>, notamment sur les bo\u00eetes aux lettres et les bo\u00eetes postales.  <\/p>\n","protected":false},"featured_media":18237,"comment_status":"open","ping_status":"closed","template":"","meta":{"_acf_changed":false,"_et_pb_use_builder":"","_et_pb_old_content":"","_et_gb_content_width":""},"product_brand":[],"product_cat":[3750,3666,3687,3658,3717,3719,3694,3731,3637],"product_tag":[],"class_list":{"0":"post-242169","1":"product","2":"type-product","3":"status-publish","4":"has-post-thumbnail","6":"product_cat-banque-et-poste","7":"product_cat-cle-standard","8":"product_cat-serrures-a-came","9":"product_cat-serrures-a-passe-partout","10":"product_cat-serrures-de-boites-aux-lettres","11":"product_cat-serrures-pour-boites-postales","12":"product_cat-serrures-pour-les-boites-aux-lettres","13":"product_cat-serrures-pour-vitrines-dexposition","14":"product_cat-serrures-universelles-a-pistons","16":"first","17":"instock","18":"shipping-taxable","19":"purchasable","20":"product-type-variable","21":"has-default-attributes"},"acf":{"pdf1":"https:\/\/www.omrserrature.it\/wp-content\/uploads\/schede\/Scheda_100350.pdf"},"yoast_head":"<!-- This site is optimized with the Yoast SEO plugin v27.2 - https:\/\/yoast.com\/product\/yoast-seo-wordpress\/ -->\n<title>Serrure de bo\u00eete aux lettres \u00d8 16 et \u00d8 18 mm - OMR Serrature<\/title>\n<meta name=\"robots\" content=\"index, follow, max-snippet:-1, max-image-preview:large, max-video-preview:-1\" \/>\n<link rel=\"canonical\" href=\"https:\/\/www.omrserrature.it\/fr\/produit\/serrure-de-boite-aux-lettres-o-16-et-o-18-mm\/\" \/>\n<meta property=\"og:locale\" content=\"fr_FR\" \/>\n<meta property=\"og:type\" content=\"article\" \/>\n<meta property=\"og:title\" content=\"Serrure de bo\u00eete aux lettres \u00d8 16 et \u00d8 18 mm - OMR Serrature\" \/>\n<meta property=\"og:description\" content=\"La serrure de bo\u00eete aux lettres est un produit historique de l&#039;O.M.R., \u00e9galement connu sous la marque &#039;Michel&#039; et appliqu\u00e9 sur les bo\u00eetes aux lettres Seat. Son diam\u00e8tre particulier de 16 mm et 18 mm, sa came sp\u00e9cial avec fixation par boucle et son barillet d\u00e9port\u00e9 conf\u00e8rent \u00e0 ce produit des caract\u00e9ristiques uniques. Il s&#039;installe sur le verre ou l&#039;aluminium, notamment sur les bo\u00eetes aux lettres et les bo\u00eetes postales.\" \/>\n<meta property=\"og:url\" content=\"https:\/\/www.omrserrature.it\/fr\/produit\/serrure-de-boite-aux-lettres-o-16-et-o-18-mm\/\" \/>\n<meta property=\"og:site_name\" content=\"OMR Serrature | Produzione sistemi di chiusura\" \/>\n<meta property=\"article:publisher\" content=\"https:\/\/www.facebook.com\/OMRserrature\" \/>\n<meta property=\"article:modified_time\" content=\"2017-10-06T06:47:09+00:00\" \/>\n<meta property=\"og:image\" content=\"https:\/\/www.omrserrature.it\/wp-content\/uploads\/2017\/10\/Serratura-buche-lettere-diametro-16mm.jpg\" \/>\n\t<meta property=\"og:image:width\" content=\"600\" \/>\n\t<meta property=\"og:image:height\" content=\"600\" \/>\n\t<meta property=\"og:image:type\" content=\"image\/jpeg\" \/>\n<meta name=\"twitter:card\" content=\"summary_large_image\" \/>\n<meta name=\"twitter:label1\" content=\"Dur\u00e9e de lecture estim\u00e9e\" \/>\n\t<meta name=\"twitter:data1\" content=\"1 minute\" \/>\n<script type=\"application\/ld+json\" class=\"yoast-schema-graph\">{\"@context\":\"https:\/\/schema.org\",\"@graph\":[{\"@type\":\"WebPage\",\"@id\":\"https:\/\/www.omrserrature.it\/fr\/produit\/serrure-de-boite-aux-lettres-o-16-et-o-18-mm\/\",\"url\":\"https:\/\/www.omrserrature.it\/fr\/produit\/serrure-de-boite-aux-lettres-o-16-et-o-18-mm\/\",\"name\":\"Serrure de bo\u00eete aux lettres \u00d8 16 et \u00d8 18 mm - OMR Serrature\",\"isPartOf\":{\"@id\":\"https:\/\/www.omrserrature.it\/fr\/#website\"},\"primaryImageOfPage\":{\"@id\":\"https:\/\/www.omrserrature.it\/fr\/produit\/serrure-de-boite-aux-lettres-o-16-et-o-18-mm\/#primaryimage\"},\"image\":{\"@id\":\"https:\/\/www.omrserrature.it\/fr\/produit\/serrure-de-boite-aux-lettres-o-16-et-o-18-mm\/#primaryimage\"},\"thumbnailUrl\":\"https:\/\/www.omrserrature.it\/wp-content\/uploads\/2017\/10\/Serratura-buche-lettere-diametro-16mm.jpg\",\"datePublished\":\"2006-10-17T06:47:00+00:00\",\"dateModified\":\"2017-10-06T06:47:09+00:00\",\"breadcrumb\":{\"@id\":\"https:\/\/www.omrserrature.it\/fr\/produit\/serrure-de-boite-aux-lettres-o-16-et-o-18-mm\/#breadcrumb\"},\"inLanguage\":\"fr-FR\",\"potentialAction\":[{\"@type\":\"ReadAction\",\"target\":[\"https:\/\/www.omrserrature.it\/fr\/produit\/serrure-de-boite-aux-lettres-o-16-et-o-18-mm\/\"]}]},{\"@type\":\"ImageObject\",\"inLanguage\":\"fr-FR\",\"@id\":\"https:\/\/www.omrserrature.it\/fr\/produit\/serrure-de-boite-aux-lettres-o-16-et-o-18-mm\/#primaryimage\",\"url\":\"https:\/\/www.omrserrature.it\/wp-content\/uploads\/2017\/10\/Serratura-buche-lettere-diametro-16mm.jpg\",\"contentUrl\":\"https:\/\/www.omrserrature.it\/wp-content\/uploads\/2017\/10\/Serratura-buche-lettere-diametro-16mm.jpg\",\"width\":600,\"height\":600},{\"@type\":\"BreadcrumbList\",\"@id\":\"https:\/\/www.omrserrature.it\/fr\/produit\/serrure-de-boite-aux-lettres-o-16-et-o-18-mm\/#breadcrumb\",\"itemListElement\":[{\"@type\":\"ListItem\",\"position\":1,\"name\":\"Home\",\"item\":\"https:\/\/www.omrserrature.it\/fr\/omr-serrures-et-systemes-de-verrouillage\/\"},{\"@type\":\"ListItem\",\"position\":2,\"name\":\"Catalogue\",\"item\":\"https:\/\/www.omrserrature.it\/catalogue\/?lang=fr\"},{\"@type\":\"ListItem\",\"position\":3,\"name\":\"Produits\",\"item\":\"https:\/\/www.omrserrature.it\/fr\/catalogue\/produits\/\"},{\"@type\":\"ListItem\",\"position\":4,\"name\":\"Serrures\",\"item\":\"https:\/\/www.omrserrature.it\/fr\/catalogue\/produits\/serrures\/\"},{\"@type\":\"ListItem\",\"position\":5,\"name\":\"Serrures universelles \u00e0 pistons\",\"item\":\"https:\/\/www.omrserrature.it\/fr\/catalogue\/produits\/serrures\/serrures-universelles-a-pistons\/\"},{\"@type\":\"ListItem\",\"position\":6,\"name\":\"Cl\u00e9 standard\",\"item\":\"https:\/\/www.omrserrature.it\/fr\/catalogue\/produits\/serrures\/serrures-universelles-a-pistons\/cle-standard\/\"},{\"@type\":\"ListItem\",\"position\":7,\"name\":\"Serrure de bo\u00eete aux lettres \u00d8 16 et \u00d8 18 mm\"}]},{\"@type\":\"WebSite\",\"@id\":\"https:\/\/www.omrserrature.it\/fr\/#website\",\"url\":\"https:\/\/www.omrserrature.it\/fr\/\",\"name\":\"OMR Serrature | Produzione sistemi di chiusura\",\"description\":\"Produzione serrature di sicurezza e sistemi di chiusura\",\"publisher\":{\"@id\":\"https:\/\/www.omrserrature.it\/fr\/#organization\"},\"potentialAction\":[{\"@type\":\"SearchAction\",\"target\":{\"@type\":\"EntryPoint\",\"urlTemplate\":\"https:\/\/www.omrserrature.it\/fr\/?s={search_term_string}\"},\"query-input\":{\"@type\":\"PropertyValueSpecification\",\"valueRequired\":true,\"valueName\":\"search_term_string\"}}],\"inLanguage\":\"fr-FR\"},{\"@type\":\"Organization\",\"@id\":\"https:\/\/www.omrserrature.it\/fr\/#organization\",\"name\":\"OMR Serrature | Produzione sistemi di chiusura\",\"url\":\"https:\/\/www.omrserrature.it\/fr\/\",\"logo\":{\"@type\":\"ImageObject\",\"inLanguage\":\"fr-FR\",\"@id\":\"https:\/\/www.omrserrature.it\/fr\/#\/schema\/logo\/image\/\",\"url\":\"https:\/\/www.omrserrature.it\/wp-content\/uploads\/2017\/09\/favicon-omr-114.png\",\"contentUrl\":\"https:\/\/www.omrserrature.it\/wp-content\/uploads\/2017\/09\/favicon-omr-114.png\",\"width\":114,\"height\":114,\"caption\":\"OMR Serrature | Produzione sistemi di chiusura\"},\"image\":{\"@id\":\"https:\/\/www.omrserrature.it\/fr\/#\/schema\/logo\/image\/\"},\"sameAs\":[\"https:\/\/www.facebook.com\/OMRserrature\",\"https:\/\/www.linkedin.com\/company\/omrserrature\/\",\"https:\/\/www.youtube.com\/channel\/UCxmA85z2R0EpG_6IRokiAkg\"]}]}<\/script>\n<!-- \/ Yoast SEO plugin. -->","yoast_head_json":{"title":"Serrure de bo\u00eete aux lettres \u00d8 16 et \u00d8 18 mm - OMR Serrature","robots":{"index":"index","follow":"follow","max-snippet":"max-snippet:-1","max-image-preview":"max-image-preview:large","max-video-preview":"max-video-preview:-1"},"canonical":"https:\/\/www.omrserrature.it\/fr\/produit\/serrure-de-boite-aux-lettres-o-16-et-o-18-mm\/","og_locale":"fr_FR","og_type":"article","og_title":"Serrure de bo\u00eete aux lettres \u00d8 16 et \u00d8 18 mm - OMR Serrature","og_description":"La serrure de bo\u00eete aux lettres est un produit historique de l'O.M.R., \u00e9galement connu sous la marque 'Michel' et appliqu\u00e9 sur les bo\u00eetes aux lettres Seat. Son diam\u00e8tre particulier de 16 mm et 18 mm, sa came sp\u00e9cial avec fixation par boucle et son barillet d\u00e9port\u00e9 conf\u00e8rent \u00e0 ce produit des caract\u00e9ristiques uniques. Il s'installe sur le verre ou l'aluminium, notamment sur les bo\u00eetes aux lettres et les bo\u00eetes postales.","og_url":"https:\/\/www.omrserrature.it\/fr\/produit\/serrure-de-boite-aux-lettres-o-16-et-o-18-mm\/","og_site_name":"OMR Serrature | Produzione sistemi di chiusura","article_publisher":"https:\/\/www.facebook.com\/OMRserrature","article_modified_time":"2017-10-06T06:47:09+00:00","og_image":[{"width":600,"height":600,"url":"https:\/\/www.omrserrature.it\/wp-content\/uploads\/2017\/10\/Serratura-buche-lettere-diametro-16mm.jpg","type":"image\/jpeg"}],"twitter_card":"summary_large_image","twitter_misc":{"Dur\u00e9e de lecture estim\u00e9e":"1 minute"},"schema":{"@context":"https:\/\/schema.org","@graph":[{"@type":"WebPage","@id":"https:\/\/www.omrserrature.it\/fr\/produit\/serrure-de-boite-aux-lettres-o-16-et-o-18-mm\/","url":"https:\/\/www.omrserrature.it\/fr\/produit\/serrure-de-boite-aux-lettres-o-16-et-o-18-mm\/","name":"Serrure de bo\u00eete aux lettres \u00d8 16 et \u00d8 18 mm - OMR Serrature","isPartOf":{"@id":"https:\/\/www.omrserrature.it\/fr\/#website"},"primaryImageOfPage":{"@id":"https:\/\/www.omrserrature.it\/fr\/produit\/serrure-de-boite-aux-lettres-o-16-et-o-18-mm\/#primaryimage"},"image":{"@id":"https:\/\/www.omrserrature.it\/fr\/produit\/serrure-de-boite-aux-lettres-o-16-et-o-18-mm\/#primaryimage"},"thumbnailUrl":"https:\/\/www.omrserrature.it\/wp-content\/uploads\/2017\/10\/Serratura-buche-lettere-diametro-16mm.jpg","datePublished":"2006-10-17T06:47:00+00:00","dateModified":"2017-10-06T06:47:09+00:00","breadcrumb":{"@id":"https:\/\/www.omrserrature.it\/fr\/produit\/serrure-de-boite-aux-lettres-o-16-et-o-18-mm\/#breadcrumb"},"inLanguage":"fr-FR","potentialAction":[{"@type":"ReadAction","target":["https:\/\/www.omrserrature.it\/fr\/produit\/serrure-de-boite-aux-lettres-o-16-et-o-18-mm\/"]}]},{"@type":"ImageObject","inLanguage":"fr-FR","@id":"https:\/\/www.omrserrature.it\/fr\/produit\/serrure-de-boite-aux-lettres-o-16-et-o-18-mm\/#primaryimage","url":"https:\/\/www.omrserrature.it\/wp-content\/uploads\/2017\/10\/Serratura-buche-lettere-diametro-16mm.jpg","contentUrl":"https:\/\/www.omrserrature.it\/wp-content\/uploads\/2017\/10\/Serratura-buche-lettere-diametro-16mm.jpg","width":600,"height":600},{"@type":"BreadcrumbList","@id":"https:\/\/www.omrserrature.it\/fr\/produit\/serrure-de-boite-aux-lettres-o-16-et-o-18-mm\/#breadcrumb","itemListElement":[{"@type":"ListItem","position":1,"name":"Home","item":"https:\/\/www.omrserrature.it\/fr\/omr-serrures-et-systemes-de-verrouillage\/"},{"@type":"ListItem","position":2,"name":"Catalogue","item":"https:\/\/www.omrserrature.it\/catalogue\/?lang=fr"},{"@type":"ListItem","position":3,"name":"Produits","item":"https:\/\/www.omrserrature.it\/fr\/catalogue\/produits\/"},{"@type":"ListItem","position":4,"name":"Serrures","item":"https:\/\/www.omrserrature.it\/fr\/catalogue\/produits\/serrures\/"},{"@type":"ListItem","position":5,"name":"Serrures universelles \u00e0 pistons","item":"https:\/\/www.omrserrature.it\/fr\/catalogue\/produits\/serrures\/serrures-universelles-a-pistons\/"},{"@type":"ListItem","position":6,"name":"Cl\u00e9 standard","item":"https:\/\/www.omrserrature.it\/fr\/catalogue\/produits\/serrures\/serrures-universelles-a-pistons\/cle-standard\/"},{"@type":"ListItem","position":7,"name":"Serrure de bo\u00eete aux lettres \u00d8 16 et \u00d8 18 mm"}]},{"@type":"WebSite","@id":"https:\/\/www.omrserrature.it\/fr\/#website","url":"https:\/\/www.omrserrature.it\/fr\/","name":"OMR Serrature | Produzione sistemi di chiusura","description":"Produzione serrature di sicurezza e sistemi di chiusura","publisher":{"@id":"https:\/\/www.omrserrature.it\/fr\/#organization"},"potentialAction":[{"@type":"SearchAction","target":{"@type":"EntryPoint","urlTemplate":"https:\/\/www.omrserrature.it\/fr\/?s={search_term_string}"},"query-input":{"@type":"PropertyValueSpecification","valueRequired":true,"valueName":"search_term_string"}}],"inLanguage":"fr-FR"},{"@type":"Organization","@id":"https:\/\/www.omrserrature.it\/fr\/#organization","name":"OMR Serrature | Produzione sistemi di chiusura","url":"https:\/\/www.omrserrature.it\/fr\/","logo":{"@type":"ImageObject","inLanguage":"fr-FR","@id":"https:\/\/www.omrserrature.it\/fr\/#\/schema\/logo\/image\/","url":"https:\/\/www.omrserrature.it\/wp-content\/uploads\/2017\/09\/favicon-omr-114.png","contentUrl":"https:\/\/www.omrserrature.it\/wp-content\/uploads\/2017\/09\/favicon-omr-114.png","width":114,"height":114,"caption":"OMR Serrature | Produzione sistemi di chiusura"},"image":{"@id":"https:\/\/www.omrserrature.it\/fr\/#\/schema\/logo\/image\/"},"sameAs":["https:\/\/www.facebook.com\/OMRserrature","https:\/\/www.linkedin.com\/company\/omrserrature\/","https:\/\/www.youtube.com\/channel\/UCxmA85z2R0EpG_6IRokiAkg"]}]}},"_links":{"self":[{"href":"https:\/\/www.omrserrature.it\/fr\/wp-json\/wp\/v2\/product\/242169","targetHints":{"allow":["GET"]}}],"collection":[{"href":"https:\/\/www.omrserrature.it\/fr\/wp-json\/wp\/v2\/product"}],"about":[{"href":"https:\/\/www.omrserrature.it\/fr\/wp-json\/wp\/v2\/types\/product"}],"replies":[{"embeddable":true,"href":"https:\/\/www.omrserrature.it\/fr\/wp-json\/wp\/v2\/comments?post=242169"}],"wp:featuredmedia":[{"embeddable":true,"href":"https:\/\/www.omrserrature.it\/fr\/wp-json\/wp\/v2\/media\/18237"}],"wp:attachment":[{"href":"https:\/\/www.omrserrature.it\/fr\/wp-json\/wp\/v2\/media?parent=242169"}],"wp:term":[{"taxonomy":"product_brand","embeddable":true,"href":"https:\/\/www.omrserrature.it\/fr\/wp-json\/wp\/v2\/product_brand?post=242169"},{"taxonomy":"product_cat","embeddable":true,"href":"https:\/\/www.omrserrature.it\/fr\/wp-json\/wp\/v2\/product_cat?post=242169"},{"taxonomy":"product_tag","embeddable":true,"href":"https:\/\/www.omrserrature.it\/fr\/wp-json\/wp\/v2\/product_tag?post=242169"}],"curies":[{"name":"wp","href":"https:\/\/api.w.org\/{rel}","templated":true}]}}