{"id":242159,"date":"2018-01-19T10:50:25","date_gmt":"2019-01-18T09:50:00","guid":{"rendered":"https:\/\/www.staging6.omrserrature.it\/prodotto\/serrure-de-securite-pour-la-maintenance-des-machines-industrielles-cylindre-o-25\/"},"modified":"2026-04-08T12:00:34","modified_gmt":"2026-04-08T10:00:34","slug":"serrure-de-securite-pour-la-maintenance-des-machines-industrielles-cylindre-o-25","status":"publish","type":"product","link":"https:\/\/www.omrserrature.it\/fr\/produit\/serrure-de-securite-pour-la-maintenance-des-machines-industrielles-cylindre-o-25\/","title":{"rendered":"Serrure de s\u00e9curit\u00e9 pour la maintenance des machines industrielles &#8211; cylindre \u00d8 25"},"content":{"rendered":"<p>La <strong>serrure de man\u0153uvre<\/strong> \u00e0 poteau d&rsquo;OMR est un dispositif de s\u00e9curit\u00e9 industriel con\u00e7u pour <strong>emp\u00eacher l&rsquo;activation accidentelle ou non autoris\u00e9e de machines dangereuses pendant la maintenance<\/strong>. Avec un cylindre \u00e0 goupille en laiton, un loquet en acier AISI 300 et un bo\u00eetier en m\u00e9tal moul\u00e9 sous pression, il offre r\u00e9sistance et durabilit\u00e9. Cette serrure est con\u00e7ue pour les environnements industriels o\u00f9 la s\u00e9curit\u00e9 et la visibilit\u00e9 de l&rsquo;op\u00e9rateur pendant la maintenance sont cruciales. Il convient au <strong>verrouillage des interrupteurs, des s\u00e9lecteurs et des vannes ; il<\/strong> garantit que<strong> les machines ne peuvent pas \u00eatre r\u00e9activ\u00e9es<\/strong> tant que la personne est visible dans la zone dangereuse. Ce syst\u00e8me \u00e0 cl\u00e9 unique offre une solution simple mais efficace, un dispositif essentiel pour la s\u00e9curit\u00e9 au travail dans les environnements dangereux.    <\/p>\n<p>Cette version est dot\u00e9e d&rsquo;un loquet standard et d&rsquo;un cylindre de 25 mm de diam\u00e8tre.<\/p>\n","protected":false},"excerpt":{"rendered":"<p>La <strong>serrure de man\u0153uvre<\/strong> \u00e0 poteau d&rsquo;OMR est un dispositif de s\u00e9curit\u00e9 industriel con\u00e7u pour <strong>emp\u00eacher l&rsquo;activation accidentelle ou non autoris\u00e9e de machines dangereuses pendant la maintenance<\/strong>. Cette version est dot\u00e9e d&rsquo;un loquet standard et d&rsquo;un cylindre de 25 mm de diam\u00e8tre. <\/p>\n","protected":false},"featured_media":3672,"comment_status":"open","ping_status":"closed","template":"","meta":{"_acf_changed":false,"_et_pb_use_builder":"","_et_pb_old_content":"","_et_gb_content_width":""},"product_brand":[],"product_cat":[3643,3648,3700,3689,3714,3704,3748],"product_tag":[],"class_list":{"0":"post-242159","1":"product","2":"type-product","3":"status-publish","4":"has-post-thumbnail","6":"product_cat-serrure-a-goupille","7":"product_cat-serrures-a-pene-dormant","8":"product_cat-serrures-de-manoeuvre","9":"product_cat-serrures-pour-armoires-electriques","10":"product_cat-serrures-pour-armoires-industrielles","11":"product_cat-serrures-pour-lindustrie-electromecanique","12":"product_cat-systemes-de-fermeture-pour-lindustrie","14":"first","15":"instock","16":"shipping-taxable","17":"purchasable","18":"product-type-variable","19":"has-default-attributes"},"acf":{"pdf1":"https:\/\/www.omrserrature.it\/wp-content\/uploads\/2018\/01\/Scheda-180868.pdf"},"yoast_head":"<!-- This site is optimized with the Yoast SEO plugin v27.2 - https:\/\/yoast.com\/product\/yoast-seo-wordpress\/ -->\n<title>Serrure de s\u00e9curit\u00e9 pour la maintenance des machines industrielles - cylindre \u00d8 25 - OMR Serrature<\/title>\n<meta name=\"robots\" content=\"index, follow, max-snippet:-1, max-image-preview:large, max-video-preview:-1\" \/>\n<link rel=\"canonical\" href=\"https:\/\/www.omrserrature.it\/fr\/produit\/serrure-de-securite-pour-la-maintenance-des-machines-industrielles-cylindre-o-25\/\" \/>\n<meta property=\"og:locale\" content=\"fr_FR\" \/>\n<meta property=\"og:type\" content=\"article\" \/>\n<meta property=\"og:title\" content=\"Serrure de s\u00e9curit\u00e9 pour la maintenance des machines industrielles - cylindre \u00d8 25 - OMR Serrature\" \/>\n<meta property=\"og:description\" content=\"La serrure de man\u0153uvre \u00e0 poteau d&#039;OMR est un dispositif de s\u00e9curit\u00e9 industriel con\u00e7u pour emp\u00eacher l&#039;activation accidentelle ou non autoris\u00e9e de machines dangereuses pendant la maintenance. Cette version est dot\u00e9e d&#039;un loquet standard et d&#039;un cylindre de 25 mm de diam\u00e8tre.\" \/>\n<meta property=\"og:url\" content=\"https:\/\/www.omrserrature.it\/fr\/produit\/serrure-de-securite-pour-la-maintenance-des-machines-industrielles-cylindre-o-25\/\" \/>\n<meta property=\"og:site_name\" content=\"OMR Serrature | Produzione sistemi di chiusura\" \/>\n<meta property=\"article:publisher\" content=\"https:\/\/www.facebook.com\/OMRserrature\" \/>\n<meta property=\"article:modified_time\" content=\"2026-04-08T10:00:34+00:00\" \/>\n<meta property=\"og:image\" content=\"https:\/\/www.omrserrature.it\/wp-content\/uploads\/2017\/10\/serratura-blocco-manovra.jpg\" \/>\n\t<meta property=\"og:image:width\" content=\"516\" \/>\n\t<meta property=\"og:image:height\" content=\"386\" \/>\n\t<meta property=\"og:image:type\" content=\"image\/jpeg\" \/>\n<meta name=\"twitter:card\" content=\"summary_large_image\" \/>\n<meta name=\"twitter:label1\" content=\"Dur\u00e9e de lecture estim\u00e9e\" \/>\n\t<meta name=\"twitter:data1\" content=\"1 minute\" \/>\n<script type=\"application\/ld+json\" class=\"yoast-schema-graph\">{\"@context\":\"https:\/\/schema.org\",\"@graph\":[{\"@type\":\"WebPage\",\"@id\":\"https:\/\/www.omrserrature.it\/fr\/produit\/serrure-de-securite-pour-la-maintenance-des-machines-industrielles-cylindre-o-25\/\",\"url\":\"https:\/\/www.omrserrature.it\/fr\/produit\/serrure-de-securite-pour-la-maintenance-des-machines-industrielles-cylindre-o-25\/\",\"name\":\"Serrure de s\u00e9curit\u00e9 pour la maintenance des machines industrielles - cylindre \u00d8 25 - OMR Serrature\",\"isPartOf\":{\"@id\":\"https:\/\/www.omrserrature.it\/fr\/#website\"},\"primaryImageOfPage\":{\"@id\":\"https:\/\/www.omrserrature.it\/fr\/produit\/serrure-de-securite-pour-la-maintenance-des-machines-industrielles-cylindre-o-25\/#primaryimage\"},\"image\":{\"@id\":\"https:\/\/www.omrserrature.it\/fr\/produit\/serrure-de-securite-pour-la-maintenance-des-machines-industrielles-cylindre-o-25\/#primaryimage\"},\"thumbnailUrl\":\"https:\/\/www.omrserrature.it\/wp-content\/uploads\/2017\/10\/serratura-blocco-manovra.jpg\",\"datePublished\":\"2019-01-18T09:50:00+00:00\",\"dateModified\":\"2026-04-08T10:00:34+00:00\",\"breadcrumb\":{\"@id\":\"https:\/\/www.omrserrature.it\/fr\/produit\/serrure-de-securite-pour-la-maintenance-des-machines-industrielles-cylindre-o-25\/#breadcrumb\"},\"inLanguage\":\"fr-FR\",\"potentialAction\":[{\"@type\":\"ReadAction\",\"target\":[\"https:\/\/www.omrserrature.it\/fr\/produit\/serrure-de-securite-pour-la-maintenance-des-machines-industrielles-cylindre-o-25\/\"]}]},{\"@type\":\"ImageObject\",\"inLanguage\":\"fr-FR\",\"@id\":\"https:\/\/www.omrserrature.it\/fr\/produit\/serrure-de-securite-pour-la-maintenance-des-machines-industrielles-cylindre-o-25\/#primaryimage\",\"url\":\"https:\/\/www.omrserrature.it\/wp-content\/uploads\/2017\/10\/serratura-blocco-manovra.jpg\",\"contentUrl\":\"https:\/\/www.omrserrature.it\/wp-content\/uploads\/2017\/10\/serratura-blocco-manovra.jpg\",\"width\":516,\"height\":386,\"caption\":\"Diam\u00e8tre de la serrure de man\u0153uvre 25\"},{\"@type\":\"BreadcrumbList\",\"@id\":\"https:\/\/www.omrserrature.it\/fr\/produit\/serrure-de-securite-pour-la-maintenance-des-machines-industrielles-cylindre-o-25\/#breadcrumb\",\"itemListElement\":[{\"@type\":\"ListItem\",\"position\":1,\"name\":\"Home\",\"item\":\"https:\/\/www.omrserrature.it\/fr\/omr-serrures-et-systemes-de-verrouillage\/\"},{\"@type\":\"ListItem\",\"position\":2,\"name\":\"Catalogue\",\"item\":\"https:\/\/www.omrserrature.it\/catalogue\/?lang=fr\"},{\"@type\":\"ListItem\",\"position\":3,\"name\":\"Produits\",\"item\":\"https:\/\/www.omrserrature.it\/fr\/catalogue\/produits\/\"},{\"@type\":\"ListItem\",\"position\":4,\"name\":\"Serrures\",\"item\":\"https:\/\/www.omrserrature.it\/fr\/catalogue\/produits\/serrures\/\"},{\"@type\":\"ListItem\",\"position\":5,\"name\":\"Serrure \u00e0 goupille\",\"item\":\"https:\/\/www.omrserrature.it\/fr\/catalogue\/produits\/serrures\/serrure-a-goupille\/\"},{\"@type\":\"ListItem\",\"position\":6,\"name\":\"Serrure de s\u00e9curit\u00e9 pour la maintenance des machines industrielles &#8211; cylindre \u00d8 25\"}]},{\"@type\":\"WebSite\",\"@id\":\"https:\/\/www.omrserrature.it\/fr\/#website\",\"url\":\"https:\/\/www.omrserrature.it\/fr\/\",\"name\":\"OMR Serrature | Produzione sistemi di chiusura\",\"description\":\"Produzione serrature di sicurezza e sistemi di chiusura\",\"publisher\":{\"@id\":\"https:\/\/www.omrserrature.it\/fr\/#organization\"},\"potentialAction\":[{\"@type\":\"SearchAction\",\"target\":{\"@type\":\"EntryPoint\",\"urlTemplate\":\"https:\/\/www.omrserrature.it\/fr\/?s={search_term_string}\"},\"query-input\":{\"@type\":\"PropertyValueSpecification\",\"valueRequired\":true,\"valueName\":\"search_term_string\"}}],\"inLanguage\":\"fr-FR\"},{\"@type\":\"Organization\",\"@id\":\"https:\/\/www.omrserrature.it\/fr\/#organization\",\"name\":\"OMR Serrature | Produzione sistemi di chiusura\",\"url\":\"https:\/\/www.omrserrature.it\/fr\/\",\"logo\":{\"@type\":\"ImageObject\",\"inLanguage\":\"fr-FR\",\"@id\":\"https:\/\/www.omrserrature.it\/fr\/#\/schema\/logo\/image\/\",\"url\":\"https:\/\/www.omrserrature.it\/wp-content\/uploads\/2017\/09\/favicon-omr-114.png\",\"contentUrl\":\"https:\/\/www.omrserrature.it\/wp-content\/uploads\/2017\/09\/favicon-omr-114.png\",\"width\":114,\"height\":114,\"caption\":\"OMR Serrature | Produzione sistemi di chiusura\"},\"image\":{\"@id\":\"https:\/\/www.omrserrature.it\/fr\/#\/schema\/logo\/image\/\"},\"sameAs\":[\"https:\/\/www.facebook.com\/OMRserrature\",\"https:\/\/www.linkedin.com\/company\/omrserrature\/\",\"https:\/\/www.youtube.com\/channel\/UCxmA85z2R0EpG_6IRokiAkg\"]}]}<\/script>\n<!-- \/ Yoast SEO plugin. -->","yoast_head_json":{"title":"Serrure de s\u00e9curit\u00e9 pour la maintenance des machines industrielles - cylindre \u00d8 25 - OMR Serrature","robots":{"index":"index","follow":"follow","max-snippet":"max-snippet:-1","max-image-preview":"max-image-preview:large","max-video-preview":"max-video-preview:-1"},"canonical":"https:\/\/www.omrserrature.it\/fr\/produit\/serrure-de-securite-pour-la-maintenance-des-machines-industrielles-cylindre-o-25\/","og_locale":"fr_FR","og_type":"article","og_title":"Serrure de s\u00e9curit\u00e9 pour la maintenance des machines industrielles - cylindre \u00d8 25 - OMR Serrature","og_description":"La serrure de man\u0153uvre \u00e0 poteau d'OMR est un dispositif de s\u00e9curit\u00e9 industriel con\u00e7u pour emp\u00eacher l'activation accidentelle ou non autoris\u00e9e de machines dangereuses pendant la maintenance. Cette version est dot\u00e9e d'un loquet standard et d'un cylindre de 25 mm de diam\u00e8tre.","og_url":"https:\/\/www.omrserrature.it\/fr\/produit\/serrure-de-securite-pour-la-maintenance-des-machines-industrielles-cylindre-o-25\/","og_site_name":"OMR Serrature | Produzione sistemi di chiusura","article_publisher":"https:\/\/www.facebook.com\/OMRserrature","article_modified_time":"2026-04-08T10:00:34+00:00","og_image":[{"width":516,"height":386,"url":"https:\/\/www.omrserrature.it\/wp-content\/uploads\/2017\/10\/serratura-blocco-manovra.jpg","type":"image\/jpeg"}],"twitter_card":"summary_large_image","twitter_misc":{"Dur\u00e9e de lecture estim\u00e9e":"1 minute"},"schema":{"@context":"https:\/\/schema.org","@graph":[{"@type":"WebPage","@id":"https:\/\/www.omrserrature.it\/fr\/produit\/serrure-de-securite-pour-la-maintenance-des-machines-industrielles-cylindre-o-25\/","url":"https:\/\/www.omrserrature.it\/fr\/produit\/serrure-de-securite-pour-la-maintenance-des-machines-industrielles-cylindre-o-25\/","name":"Serrure de s\u00e9curit\u00e9 pour la maintenance des machines industrielles - cylindre \u00d8 25 - OMR Serrature","isPartOf":{"@id":"https:\/\/www.omrserrature.it\/fr\/#website"},"primaryImageOfPage":{"@id":"https:\/\/www.omrserrature.it\/fr\/produit\/serrure-de-securite-pour-la-maintenance-des-machines-industrielles-cylindre-o-25\/#primaryimage"},"image":{"@id":"https:\/\/www.omrserrature.it\/fr\/produit\/serrure-de-securite-pour-la-maintenance-des-machines-industrielles-cylindre-o-25\/#primaryimage"},"thumbnailUrl":"https:\/\/www.omrserrature.it\/wp-content\/uploads\/2017\/10\/serratura-blocco-manovra.jpg","datePublished":"2019-01-18T09:50:00+00:00","dateModified":"2026-04-08T10:00:34+00:00","breadcrumb":{"@id":"https:\/\/www.omrserrature.it\/fr\/produit\/serrure-de-securite-pour-la-maintenance-des-machines-industrielles-cylindre-o-25\/#breadcrumb"},"inLanguage":"fr-FR","potentialAction":[{"@type":"ReadAction","target":["https:\/\/www.omrserrature.it\/fr\/produit\/serrure-de-securite-pour-la-maintenance-des-machines-industrielles-cylindre-o-25\/"]}]},{"@type":"ImageObject","inLanguage":"fr-FR","@id":"https:\/\/www.omrserrature.it\/fr\/produit\/serrure-de-securite-pour-la-maintenance-des-machines-industrielles-cylindre-o-25\/#primaryimage","url":"https:\/\/www.omrserrature.it\/wp-content\/uploads\/2017\/10\/serratura-blocco-manovra.jpg","contentUrl":"https:\/\/www.omrserrature.it\/wp-content\/uploads\/2017\/10\/serratura-blocco-manovra.jpg","width":516,"height":386,"caption":"Diam\u00e8tre de la serrure de man\u0153uvre 25"},{"@type":"BreadcrumbList","@id":"https:\/\/www.omrserrature.it\/fr\/produit\/serrure-de-securite-pour-la-maintenance-des-machines-industrielles-cylindre-o-25\/#breadcrumb","itemListElement":[{"@type":"ListItem","position":1,"name":"Home","item":"https:\/\/www.omrserrature.it\/fr\/omr-serrures-et-systemes-de-verrouillage\/"},{"@type":"ListItem","position":2,"name":"Catalogue","item":"https:\/\/www.omrserrature.it\/catalogue\/?lang=fr"},{"@type":"ListItem","position":3,"name":"Produits","item":"https:\/\/www.omrserrature.it\/fr\/catalogue\/produits\/"},{"@type":"ListItem","position":4,"name":"Serrures","item":"https:\/\/www.omrserrature.it\/fr\/catalogue\/produits\/serrures\/"},{"@type":"ListItem","position":5,"name":"Serrure \u00e0 goupille","item":"https:\/\/www.omrserrature.it\/fr\/catalogue\/produits\/serrures\/serrure-a-goupille\/"},{"@type":"ListItem","position":6,"name":"Serrure de s\u00e9curit\u00e9 pour la maintenance des machines industrielles &#8211; cylindre \u00d8 25"}]},{"@type":"WebSite","@id":"https:\/\/www.omrserrature.it\/fr\/#website","url":"https:\/\/www.omrserrature.it\/fr\/","name":"OMR Serrature | Produzione sistemi di chiusura","description":"Produzione serrature di sicurezza e sistemi di chiusura","publisher":{"@id":"https:\/\/www.omrserrature.it\/fr\/#organization"},"potentialAction":[{"@type":"SearchAction","target":{"@type":"EntryPoint","urlTemplate":"https:\/\/www.omrserrature.it\/fr\/?s={search_term_string}"},"query-input":{"@type":"PropertyValueSpecification","valueRequired":true,"valueName":"search_term_string"}}],"inLanguage":"fr-FR"},{"@type":"Organization","@id":"https:\/\/www.omrserrature.it\/fr\/#organization","name":"OMR Serrature | Produzione sistemi di chiusura","url":"https:\/\/www.omrserrature.it\/fr\/","logo":{"@type":"ImageObject","inLanguage":"fr-FR","@id":"https:\/\/www.omrserrature.it\/fr\/#\/schema\/logo\/image\/","url":"https:\/\/www.omrserrature.it\/wp-content\/uploads\/2017\/09\/favicon-omr-114.png","contentUrl":"https:\/\/www.omrserrature.it\/wp-content\/uploads\/2017\/09\/favicon-omr-114.png","width":114,"height":114,"caption":"OMR Serrature | Produzione sistemi di chiusura"},"image":{"@id":"https:\/\/www.omrserrature.it\/fr\/#\/schema\/logo\/image\/"},"sameAs":["https:\/\/www.facebook.com\/OMRserrature","https:\/\/www.linkedin.com\/company\/omrserrature\/","https:\/\/www.youtube.com\/channel\/UCxmA85z2R0EpG_6IRokiAkg"]}]}},"_links":{"self":[{"href":"https:\/\/www.omrserrature.it\/fr\/wp-json\/wp\/v2\/product\/242159","targetHints":{"allow":["GET"]}}],"collection":[{"href":"https:\/\/www.omrserrature.it\/fr\/wp-json\/wp\/v2\/product"}],"about":[{"href":"https:\/\/www.omrserrature.it\/fr\/wp-json\/wp\/v2\/types\/product"}],"replies":[{"embeddable":true,"href":"https:\/\/www.omrserrature.it\/fr\/wp-json\/wp\/v2\/comments?post=242159"}],"wp:featuredmedia":[{"embeddable":true,"href":"https:\/\/www.omrserrature.it\/fr\/wp-json\/wp\/v2\/media\/3672"}],"wp:attachment":[{"href":"https:\/\/www.omrserrature.it\/fr\/wp-json\/wp\/v2\/media?parent=242159"}],"wp:term":[{"taxonomy":"product_brand","embeddable":true,"href":"https:\/\/www.omrserrature.it\/fr\/wp-json\/wp\/v2\/product_brand?post=242159"},{"taxonomy":"product_cat","embeddable":true,"href":"https:\/\/www.omrserrature.it\/fr\/wp-json\/wp\/v2\/product_cat?post=242159"},{"taxonomy":"product_tag","embeddable":true,"href":"https:\/\/www.omrserrature.it\/fr\/wp-json\/wp\/v2\/product_tag?post=242159"}],"curies":[{"name":"wp","href":"https:\/\/api.w.org\/{rel}","templated":true}]}}