{"id":242150,"date":"2017-10-16T09:14:21","date_gmt":"2016-10-17T07:14:00","guid":{"rendered":"https:\/\/www.staging6.omrserrature.it\/prodotto\/serrure-de-securite-pour-la-maintenance-des-machines-industrielles-pene-reduit\/"},"modified":"2026-04-08T12:49:23","modified_gmt":"2026-04-08T10:49:23","slug":"serrure-de-securite-pour-la-maintenance-des-machines-industrielles-pene-reduit","status":"publish","type":"product","link":"https:\/\/www.omrserrature.it\/fr\/produit\/serrure-de-securite-pour-la-maintenance-des-machines-industrielles-pene-reduit\/","title":{"rendered":"Serrure de man\u0153uvre r\u00e9duite apr\u00e8s le loquet"},"content":{"rendered":"<p>La <strong>serrure de man\u0153uvre \u00e0<\/strong> p\u00f4le r\u00e9duit d&rsquo;<strong>OMR<\/strong> est un dispositif de s\u00e9curit\u00e9 industriel con\u00e7u pour <strong>emp\u00eacher l&rsquo;activation accidentelle ou non autoris\u00e9e de machines dangereuses <\/strong>pendant la maintenance. Avec un cylindre <strong>\u00e0 pistons en laiton<\/strong>, un loquet en acier AISI 300 et un bo\u00eetier en m\u00e9tal moul\u00e9 sous pression, il offre r\u00e9sistance et durabilit\u00e9. Cette serrure est con\u00e7ue pour les environnements industriels o\u00f9 la s\u00e9curit\u00e9 et la visibilit\u00e9 de l&rsquo;op\u00e9rateur pendant la maintenance sont cruciales. Il convient au <strong>verrouillage des interrupteurs, des sectionneurs et des vannes<\/strong> et garantit que<strong> les machines ne peuvent pas \u00eatre r\u00e9activ\u00e9es<\/strong> tant que la personne se trouve dans la zone dangereuse. Ce syst\u00e8me \u00e0 cl\u00e9 unique offre une solution simple mais efficace : un dispositif <strong>essentiel pour la s\u00e9curit\u00e9 au travail<\/strong> dans des environnements potentiellement dangereux.    <\/p>\n","protected":false},"excerpt":{"rendered":"<p>La <strong>serrure de man\u0153uvre<\/strong> \u00e0 montant r\u00e9duit d&rsquo;<strong>OMR<\/strong> est un dispositif de <strong>s\u00e9curit\u00e9 industriel<\/strong> con\u00e7u pour <strong>emp\u00eacher l&rsquo;activation accidentelle ou non autoris\u00e9e de machines dangereuses pendant la maintenance.<\/strong><\/p>\n","protected":false},"featured_media":3678,"comment_status":"open","ping_status":"closed","template":"","meta":{"_acf_changed":false,"_et_pb_use_builder":"","_et_pb_old_content":"","_et_gb_content_width":""},"product_brand":[],"product_cat":[3636,3643,3648,3700,3693,3689,3714,3704,3702,3701,3748],"product_tag":[],"class_list":{"0":"post-242150","1":"product","2":"type-product","3":"status-publish","4":"has-post-thumbnail","6":"product_cat-produits","7":"product_cat-serrure-a-goupille","8":"product_cat-serrures-a-pene-dormant","9":"product_cat-serrures-de-manoeuvre","10":"product_cat-serrures-de-securite","11":"product_cat-serrures-pour-armoires-electriques","12":"product_cat-serrures-pour-armoires-industrielles","13":"product_cat-serrures-pour-lindustrie-electromecanique","14":"product_cat-serrures-pour-les-portes-des-panneaux-lateraux","15":"product_cat-serrures-pour-portes-darmoires-frontales","16":"product_cat-systemes-de-fermeture-pour-lindustrie","18":"first","19":"instock","20":"shipping-taxable","21":"purchasable","22":"product-type-variable","23":"has-default-attributes"},"acf":{"pdf1":"https:\/\/www.omrserrature.it\/wp-content\/uploads\/2017\/10\/Scheda-180865.pdf"},"yoast_head":"<!-- This site is optimized with the Yoast SEO plugin v27.5 - https:\/\/yoast.com\/product\/yoast-seo-wordpress\/ -->\n<title>Serrure de man\u0153uvre r\u00e9duite apr\u00e8s le loquet - OMR Serrature<\/title>\n<meta name=\"robots\" content=\"index, follow, max-snippet:-1, max-image-preview:large, max-video-preview:-1\" \/>\n<link rel=\"canonical\" href=\"https:\/\/www.omrserrature.it\/fr\/produit\/serrure-de-securite-pour-la-maintenance-des-machines-industrielles-pene-reduit\/\" \/>\n<meta property=\"og:locale\" content=\"fr_FR\" \/>\n<meta property=\"og:type\" content=\"article\" \/>\n<meta property=\"og:title\" content=\"Serrure de man\u0153uvre r\u00e9duite apr\u00e8s le loquet - OMR Serrature\" \/>\n<meta property=\"og:description\" content=\"La serrure de man\u0153uvre \u00e0 montant r\u00e9duit d&#039;OMR est un dispositif de s\u00e9curit\u00e9 industriel con\u00e7u pour emp\u00eacher l&#039;activation accidentelle ou non autoris\u00e9e de machines dangereuses pendant la maintenance.\" \/>\n<meta property=\"og:url\" content=\"https:\/\/www.omrserrature.it\/fr\/produit\/serrure-de-securite-pour-la-maintenance-des-machines-industrielles-pene-reduit\/\" \/>\n<meta property=\"og:site_name\" content=\"OMR Serrature | Produzione sistemi di chiusura\" \/>\n<meta property=\"article:publisher\" content=\"https:\/\/www.facebook.com\/OMRserrature\" \/>\n<meta property=\"article:modified_time\" content=\"2026-04-08T10:49:23+00:00\" \/>\n<meta property=\"og:image\" content=\"https:\/\/www.omrserrature.it\/wp-content\/uploads\/2017\/10\/serratura-blocco-manovra-paletto-ridotto.jpg\" \/>\n\t<meta property=\"og:image:width\" content=\"547\" \/>\n\t<meta property=\"og:image:height\" content=\"400\" \/>\n\t<meta property=\"og:image:type\" content=\"image\/jpeg\" \/>\n<meta name=\"twitter:card\" content=\"summary_large_image\" \/>\n<meta name=\"twitter:label1\" content=\"Dur\u00e9e de lecture estim\u00e9e\" \/>\n\t<meta name=\"twitter:data1\" content=\"1 minute\" \/>\n<script type=\"application\/ld+json\" class=\"yoast-schema-graph\">{\"@context\":\"https:\\\/\\\/schema.org\",\"@graph\":[{\"@type\":\"WebPage\",\"@id\":\"https:\\\/\\\/www.omrserrature.it\\\/fr\\\/produit\\\/serrure-de-securite-pour-la-maintenance-des-machines-industrielles-pene-reduit\\\/\",\"url\":\"https:\\\/\\\/www.omrserrature.it\\\/fr\\\/produit\\\/serrure-de-securite-pour-la-maintenance-des-machines-industrielles-pene-reduit\\\/\",\"name\":\"Serrure de man\u0153uvre r\u00e9duite apr\u00e8s le loquet - OMR Serrature\",\"isPartOf\":{\"@id\":\"https:\\\/\\\/www.omrserrature.it\\\/fr\\\/#website\"},\"primaryImageOfPage\":{\"@id\":\"https:\\\/\\\/www.omrserrature.it\\\/fr\\\/produit\\\/serrure-de-securite-pour-la-maintenance-des-machines-industrielles-pene-reduit\\\/#primaryimage\"},\"image\":{\"@id\":\"https:\\\/\\\/www.omrserrature.it\\\/fr\\\/produit\\\/serrure-de-securite-pour-la-maintenance-des-machines-industrielles-pene-reduit\\\/#primaryimage\"},\"thumbnailUrl\":\"https:\\\/\\\/www.omrserrature.it\\\/wp-content\\\/uploads\\\/2017\\\/10\\\/serratura-blocco-manovra-paletto-ridotto.jpg\",\"datePublished\":\"2016-10-17T07:14:00+00:00\",\"dateModified\":\"2026-04-08T10:49:23+00:00\",\"breadcrumb\":{\"@id\":\"https:\\\/\\\/www.omrserrature.it\\\/fr\\\/produit\\\/serrure-de-securite-pour-la-maintenance-des-machines-industrielles-pene-reduit\\\/#breadcrumb\"},\"inLanguage\":\"fr-FR\",\"potentialAction\":[{\"@type\":\"ReadAction\",\"target\":[\"https:\\\/\\\/www.omrserrature.it\\\/fr\\\/produit\\\/serrure-de-securite-pour-la-maintenance-des-machines-industrielles-pene-reduit\\\/\"]}]},{\"@type\":\"ImageObject\",\"inLanguage\":\"fr-FR\",\"@id\":\"https:\\\/\\\/www.omrserrature.it\\\/fr\\\/produit\\\/serrure-de-securite-pour-la-maintenance-des-machines-industrielles-pene-reduit\\\/#primaryimage\",\"url\":\"https:\\\/\\\/www.omrserrature.it\\\/wp-content\\\/uploads\\\/2017\\\/10\\\/serratura-blocco-manovra-paletto-ridotto.jpg\",\"contentUrl\":\"https:\\\/\\\/www.omrserrature.it\\\/wp-content\\\/uploads\\\/2017\\\/10\\\/serratura-blocco-manovra-paletto-ridotto.jpg\",\"width\":547,\"height\":400,\"caption\":\"Serrure de facteur r\u00e9duite - serrures \u00e0 p\u00eane dormant\"},{\"@type\":\"BreadcrumbList\",\"@id\":\"https:\\\/\\\/www.omrserrature.it\\\/fr\\\/produit\\\/serrure-de-securite-pour-la-maintenance-des-machines-industrielles-pene-reduit\\\/#breadcrumb\",\"itemListElement\":[{\"@type\":\"ListItem\",\"position\":1,\"name\":\"Home\",\"item\":\"https:\\\/\\\/www.omrserrature.it\\\/fr\\\/omr-serrures-et-systemes-de-verrouillage\\\/\"},{\"@type\":\"ListItem\",\"position\":2,\"name\":\"Catalogue\",\"item\":\"https:\\\/\\\/www.omrserrature.it\\\/catalogue\\\/?lang=fr\"},{\"@type\":\"ListItem\",\"position\":3,\"name\":\"Produits\",\"item\":\"https:\\\/\\\/www.omrserrature.it\\\/fr\\\/catalogue\\\/produits\\\/\"},{\"@type\":\"ListItem\",\"position\":4,\"name\":\"Serrure de man\u0153uvre r\u00e9duite apr\u00e8s le loquet\"}]},{\"@type\":\"WebSite\",\"@id\":\"https:\\\/\\\/www.omrserrature.it\\\/fr\\\/#website\",\"url\":\"https:\\\/\\\/www.omrserrature.it\\\/fr\\\/\",\"name\":\"OMR Serrature | Produzione sistemi di chiusura\",\"description\":\"Produzione serrature di sicurezza e sistemi di chiusura\",\"publisher\":{\"@id\":\"https:\\\/\\\/www.omrserrature.it\\\/fr\\\/#organization\"},\"potentialAction\":[{\"@type\":\"SearchAction\",\"target\":{\"@type\":\"EntryPoint\",\"urlTemplate\":\"https:\\\/\\\/www.omrserrature.it\\\/fr\\\/?s={search_term_string}\"},\"query-input\":{\"@type\":\"PropertyValueSpecification\",\"valueRequired\":true,\"valueName\":\"search_term_string\"}}],\"inLanguage\":\"fr-FR\"},{\"@type\":\"Organization\",\"@id\":\"https:\\\/\\\/www.omrserrature.it\\\/fr\\\/#organization\",\"name\":\"OMR Serrature | Produzione sistemi di chiusura\",\"url\":\"https:\\\/\\\/www.omrserrature.it\\\/fr\\\/\",\"logo\":{\"@type\":\"ImageObject\",\"inLanguage\":\"fr-FR\",\"@id\":\"https:\\\/\\\/www.omrserrature.it\\\/fr\\\/#\\\/schema\\\/logo\\\/image\\\/\",\"url\":\"https:\\\/\\\/www.omrserrature.it\\\/wp-content\\\/uploads\\\/2017\\\/09\\\/favicon-omr-114.png\",\"contentUrl\":\"https:\\\/\\\/www.omrserrature.it\\\/wp-content\\\/uploads\\\/2017\\\/09\\\/favicon-omr-114.png\",\"width\":114,\"height\":114,\"caption\":\"OMR Serrature | Produzione sistemi di chiusura\"},\"image\":{\"@id\":\"https:\\\/\\\/www.omrserrature.it\\\/fr\\\/#\\\/schema\\\/logo\\\/image\\\/\"},\"sameAs\":[\"https:\\\/\\\/www.facebook.com\\\/OMRserrature\",\"https:\\\/\\\/www.linkedin.com\\\/company\\\/omrserrature\\\/\",\"https:\\\/\\\/www.youtube.com\\\/channel\\\/UCxmA85z2R0EpG_6IRokiAkg\"]}]}<\/script>\n<!-- \/ Yoast SEO plugin. -->","yoast_head_json":{"title":"Serrure de man\u0153uvre r\u00e9duite apr\u00e8s le loquet - OMR Serrature","robots":{"index":"index","follow":"follow","max-snippet":"max-snippet:-1","max-image-preview":"max-image-preview:large","max-video-preview":"max-video-preview:-1"},"canonical":"https:\/\/www.omrserrature.it\/fr\/produit\/serrure-de-securite-pour-la-maintenance-des-machines-industrielles-pene-reduit\/","og_locale":"fr_FR","og_type":"article","og_title":"Serrure de man\u0153uvre r\u00e9duite apr\u00e8s le loquet - OMR Serrature","og_description":"La serrure de man\u0153uvre \u00e0 montant r\u00e9duit d'OMR est un dispositif de s\u00e9curit\u00e9 industriel con\u00e7u pour emp\u00eacher l'activation accidentelle ou non autoris\u00e9e de machines dangereuses pendant la maintenance.","og_url":"https:\/\/www.omrserrature.it\/fr\/produit\/serrure-de-securite-pour-la-maintenance-des-machines-industrielles-pene-reduit\/","og_site_name":"OMR Serrature | Produzione sistemi di chiusura","article_publisher":"https:\/\/www.facebook.com\/OMRserrature","article_modified_time":"2026-04-08T10:49:23+00:00","og_image":[{"width":547,"height":400,"url":"https:\/\/www.omrserrature.it\/wp-content\/uploads\/2017\/10\/serratura-blocco-manovra-paletto-ridotto.jpg","type":"image\/jpeg"}],"twitter_card":"summary_large_image","twitter_misc":{"Dur\u00e9e de lecture estim\u00e9e":"1 minute"},"schema":{"@context":"https:\/\/schema.org","@graph":[{"@type":"WebPage","@id":"https:\/\/www.omrserrature.it\/fr\/produit\/serrure-de-securite-pour-la-maintenance-des-machines-industrielles-pene-reduit\/","url":"https:\/\/www.omrserrature.it\/fr\/produit\/serrure-de-securite-pour-la-maintenance-des-machines-industrielles-pene-reduit\/","name":"Serrure de man\u0153uvre r\u00e9duite apr\u00e8s le loquet - OMR Serrature","isPartOf":{"@id":"https:\/\/www.omrserrature.it\/fr\/#website"},"primaryImageOfPage":{"@id":"https:\/\/www.omrserrature.it\/fr\/produit\/serrure-de-securite-pour-la-maintenance-des-machines-industrielles-pene-reduit\/#primaryimage"},"image":{"@id":"https:\/\/www.omrserrature.it\/fr\/produit\/serrure-de-securite-pour-la-maintenance-des-machines-industrielles-pene-reduit\/#primaryimage"},"thumbnailUrl":"https:\/\/www.omrserrature.it\/wp-content\/uploads\/2017\/10\/serratura-blocco-manovra-paletto-ridotto.jpg","datePublished":"2016-10-17T07:14:00+00:00","dateModified":"2026-04-08T10:49:23+00:00","breadcrumb":{"@id":"https:\/\/www.omrserrature.it\/fr\/produit\/serrure-de-securite-pour-la-maintenance-des-machines-industrielles-pene-reduit\/#breadcrumb"},"inLanguage":"fr-FR","potentialAction":[{"@type":"ReadAction","target":["https:\/\/www.omrserrature.it\/fr\/produit\/serrure-de-securite-pour-la-maintenance-des-machines-industrielles-pene-reduit\/"]}]},{"@type":"ImageObject","inLanguage":"fr-FR","@id":"https:\/\/www.omrserrature.it\/fr\/produit\/serrure-de-securite-pour-la-maintenance-des-machines-industrielles-pene-reduit\/#primaryimage","url":"https:\/\/www.omrserrature.it\/wp-content\/uploads\/2017\/10\/serratura-blocco-manovra-paletto-ridotto.jpg","contentUrl":"https:\/\/www.omrserrature.it\/wp-content\/uploads\/2017\/10\/serratura-blocco-manovra-paletto-ridotto.jpg","width":547,"height":400,"caption":"Serrure de facteur r\u00e9duite - serrures \u00e0 p\u00eane dormant"},{"@type":"BreadcrumbList","@id":"https:\/\/www.omrserrature.it\/fr\/produit\/serrure-de-securite-pour-la-maintenance-des-machines-industrielles-pene-reduit\/#breadcrumb","itemListElement":[{"@type":"ListItem","position":1,"name":"Home","item":"https:\/\/www.omrserrature.it\/fr\/omr-serrures-et-systemes-de-verrouillage\/"},{"@type":"ListItem","position":2,"name":"Catalogue","item":"https:\/\/www.omrserrature.it\/catalogue\/?lang=fr"},{"@type":"ListItem","position":3,"name":"Produits","item":"https:\/\/www.omrserrature.it\/fr\/catalogue\/produits\/"},{"@type":"ListItem","position":4,"name":"Serrure de man\u0153uvre r\u00e9duite apr\u00e8s le loquet"}]},{"@type":"WebSite","@id":"https:\/\/www.omrserrature.it\/fr\/#website","url":"https:\/\/www.omrserrature.it\/fr\/","name":"OMR Serrature | Produzione sistemi di chiusura","description":"Produzione serrature di sicurezza e sistemi di chiusura","publisher":{"@id":"https:\/\/www.omrserrature.it\/fr\/#organization"},"potentialAction":[{"@type":"SearchAction","target":{"@type":"EntryPoint","urlTemplate":"https:\/\/www.omrserrature.it\/fr\/?s={search_term_string}"},"query-input":{"@type":"PropertyValueSpecification","valueRequired":true,"valueName":"search_term_string"}}],"inLanguage":"fr-FR"},{"@type":"Organization","@id":"https:\/\/www.omrserrature.it\/fr\/#organization","name":"OMR Serrature | Produzione sistemi di chiusura","url":"https:\/\/www.omrserrature.it\/fr\/","logo":{"@type":"ImageObject","inLanguage":"fr-FR","@id":"https:\/\/www.omrserrature.it\/fr\/#\/schema\/logo\/image\/","url":"https:\/\/www.omrserrature.it\/wp-content\/uploads\/2017\/09\/favicon-omr-114.png","contentUrl":"https:\/\/www.omrserrature.it\/wp-content\/uploads\/2017\/09\/favicon-omr-114.png","width":114,"height":114,"caption":"OMR Serrature | Produzione sistemi di chiusura"},"image":{"@id":"https:\/\/www.omrserrature.it\/fr\/#\/schema\/logo\/image\/"},"sameAs":["https:\/\/www.facebook.com\/OMRserrature","https:\/\/www.linkedin.com\/company\/omrserrature\/","https:\/\/www.youtube.com\/channel\/UCxmA85z2R0EpG_6IRokiAkg"]}]}},"_links":{"self":[{"href":"https:\/\/www.omrserrature.it\/fr\/wp-json\/wp\/v2\/product\/242150","targetHints":{"allow":["GET"]}}],"collection":[{"href":"https:\/\/www.omrserrature.it\/fr\/wp-json\/wp\/v2\/product"}],"about":[{"href":"https:\/\/www.omrserrature.it\/fr\/wp-json\/wp\/v2\/types\/product"}],"replies":[{"embeddable":true,"href":"https:\/\/www.omrserrature.it\/fr\/wp-json\/wp\/v2\/comments?post=242150"}],"wp:featuredmedia":[{"embeddable":true,"href":"https:\/\/www.omrserrature.it\/fr\/wp-json\/wp\/v2\/media\/3678"}],"wp:attachment":[{"href":"https:\/\/www.omrserrature.it\/fr\/wp-json\/wp\/v2\/media?parent=242150"}],"wp:term":[{"taxonomy":"product_brand","embeddable":true,"href":"https:\/\/www.omrserrature.it\/fr\/wp-json\/wp\/v2\/product_brand?post=242150"},{"taxonomy":"product_cat","embeddable":true,"href":"https:\/\/www.omrserrature.it\/fr\/wp-json\/wp\/v2\/product_cat?post=242150"},{"taxonomy":"product_tag","embeddable":true,"href":"https:\/\/www.omrserrature.it\/fr\/wp-json\/wp\/v2\/product_tag?post=242150"}],"curies":[{"name":"wp","href":"https:\/\/api.w.org\/{rel}","templated":true}]}}