{"id":242109,"date":"2017-12-18T16:03:50","date_gmt":"2018-12-17T15:03:00","guid":{"rendered":"https:\/\/www.staging6.omrserrature.it\/prodotto\/serrure-avec-tringles-tournantes-o16\/"},"modified":"2026-04-08T12:01:11","modified_gmt":"2026-04-08T10:01:11","slug":"serrure-avec-tringles-tournantes-o16","status":"publish","type":"product","link":"https:\/\/www.omrserrature.it\/fr\/produit\/serrure-avec-tringles-tournantes-o16\/","title":{"rendered":"Serrure avec tringles tournantes \u00d816"},"content":{"rendered":"<p>La <strong>serrure \u00e0 cr\u00e9mone ou espagnolette avec tringles tournantes<\/strong> permet une <strong>fermeture multiple<\/strong> (3 points) <strong>et centralis\u00e9e<\/strong> des armoires \u00e0 portes hautes. Le mouvement des tringles ne se fait pas par translation (haut\/bas), mais par rotation, ce qui assure une <strong>plus grande r\u00e9sistance et une l\u00e9g\u00e8re compression du panneau<\/strong> lors de la fermeture. Sur les extr\u00e9mit\u00e9s des tringles sont mont\u00e9s des crochets qui tournent et qui, une fois activ\u00e9s par la cl\u00e9, s&rsquo;engagent dans les pistons fix\u00e9s sur les traverses de l&rsquo;armoire.  <\/p>\n<p>La serrure est en alliage de zinc, elle est \u00e9quip\u00e9e d&rsquo;un <strong>rotor \u00e0 lamelles<\/strong>, et de nombreux accessoires sont disponibles pour compl\u00e9ter la serrure : tringles demi-rondes, crochets sup\u00e9rieurs et inf\u00e9rieurs, goupilles r\u00e9glables, boulons en U, guides-tringles, rondelles. La cl\u00e9 est en laiton nickel\u00e9 et peut \u00eatre \u00e9quip\u00e9e d&rsquo;une poign\u00e9e pliante ou articul\u00e9e en plastique de diff\u00e9rentes couleurs : noir, gris, blanc, transparent ou avec des couleurs sur demande. La version avec un barillet <strong>interchangeable<\/strong> permet le retrait des positions des cl\u00e9s contenant les plaques et donc la modification de la combinaison. Gr\u00e2ce aux diff\u00e9rentes longueurs de cylindre, l&rsquo;installation sur divers mat\u00e9riaux (bois, m\u00e9tal, HPL, m\u00e9lamine, MDF, HDF, etc.) de diff\u00e9rentes \u00e9paisseurs est possible. La serrure \u00e0 tringles tournantes est couramment utilis\u00e9e par les professionnels, les industries et les artisans pour l&rsquo;application dans les armoires et les <strong>meubles de bureau<\/strong> avec des portes battantes et les portes en g\u00e9n\u00e9ral.<\/p>\n<p><strong>Curiosit\u00e9 :<\/strong> le mouvement de rotation des crochets rappelle le mouvement typique des mains des danseurs de flamenco, connu sous le nom de<em>\u00ab\u00a0braceo\u00a0\u00bb<\/em>, d&rsquo;o\u00f9 le surnom de \u00ab\u00a0a spagnoletta\u00a0\u00bb.<\/p>\n","protected":false},"excerpt":{"rendered":"<p>La <strong>serrure \u00e0 cr\u00e9mone ou espagnolette avec tringles tournantes<\/strong> permet une <strong>fermeture multiple<\/strong> (3 points) <strong>et centralis\u00e9e<\/strong> des armoires \u00e0 portes hautes. Le mouvement des tringles ne se fait pas par translation (haut\/bas), mais par rotation, assurant une <strong>plus grande r\u00e9sistance et une l\u00e9g\u00e8re compression du panneau<\/strong> lors de la fermeture. <\/p>\n","protected":false},"featured_media":3642,"comment_status":"open","ping_status":"closed","template":"","meta":{"_acf_changed":false,"_et_pb_use_builder":"","_et_pb_old_content":"","_et_gb_content_width":""},"product_brand":[],"product_cat":[3738,3757,3753,3755,3699,3658,3650,3645,3691,3723,3644,3697],"product_tag":[],"class_list":{"0":"post-242109","1":"product","2":"type-product","3":"status-publish","4":"has-post-thumbnail","6":"product_cat-battant","7":"product_cat-bureaux","8":"product_cat-education-et-culture","9":"product_cat-hopitaux-et-soins-de-sante","10":"product_cat-serrure-darmoire-conforme-au-reglement-gdpr","11":"product_cat-serrures-a-passe-partout","12":"product_cat-serrures-avec-barillet-interchangeable","13":"product_cat-serrures-avec-tringles-tournantes","14":"product_cat-serrures-darmoires","15":"product_cat-serrures-de-panneaux","16":"product_cat-serrures-multipoints","17":"product_cat-serrures-pour-meubles","19":"first","20":"instock","21":"shipping-taxable","22":"purchasable","23":"product-type-variable","24":"has-default-attributes"},"acf":{"pdf1":"https:\/\/www.omrserrature.it\/wp-content\/uploads\/schede\/Scheda_240401.pdf"},"yoast_head":"<!-- This site is optimized with the Yoast SEO plugin v27.2 - https:\/\/yoast.com\/product\/yoast-seo-wordpress\/ -->\n<title>Serrure avec tringles tournantes \u00d816 - OMR Serrature<\/title>\n<meta name=\"robots\" content=\"index, follow, max-snippet:-1, max-image-preview:large, max-video-preview:-1\" \/>\n<link rel=\"canonical\" href=\"https:\/\/www.omrserrature.it\/fr\/produit\/serrure-avec-tringles-tournantes-o16\/\" \/>\n<meta property=\"og:locale\" content=\"fr_FR\" \/>\n<meta property=\"og:type\" content=\"article\" \/>\n<meta property=\"og:title\" content=\"Serrure avec tringles tournantes \u00d816 - OMR Serrature\" \/>\n<meta property=\"og:description\" content=\"La serrure \u00e0 cr\u00e9mone ou espagnolette avec tringles tournantes permet une fermeture multiple (3 points) et centralis\u00e9e des armoires \u00e0 portes hautes. Le mouvement des tringles ne se fait pas par translation (haut\/bas), mais par rotation, assurant une plus grande r\u00e9sistance et une l\u00e9g\u00e8re compression du panneau lors de la fermeture.\" \/>\n<meta property=\"og:url\" content=\"https:\/\/www.omrserrature.it\/fr\/produit\/serrure-avec-tringles-tournantes-o16\/\" \/>\n<meta property=\"og:site_name\" content=\"OMR Serrature | Produzione sistemi di chiusura\" \/>\n<meta property=\"article:publisher\" content=\"https:\/\/www.facebook.com\/OMRserrature\" \/>\n<meta property=\"article:modified_time\" content=\"2026-04-08T10:01:11+00:00\" \/>\n<meta property=\"og:image\" content=\"https:\/\/www.omrserrature.it\/wp-content\/uploads\/2017\/10\/serratura-aste-rotanti-3-punti.jpg\" \/>\n\t<meta property=\"og:image:width\" content=\"593\" \/>\n\t<meta property=\"og:image:height\" content=\"391\" \/>\n\t<meta property=\"og:image:type\" content=\"image\/jpeg\" \/>\n<meta name=\"twitter:card\" content=\"summary_large_image\" \/>\n<meta name=\"twitter:label1\" content=\"Dur\u00e9e de lecture estim\u00e9e\" \/>\n\t<meta name=\"twitter:data1\" content=\"1 minute\" \/>\n<script type=\"application\/ld+json\" class=\"yoast-schema-graph\">{\"@context\":\"https:\/\/schema.org\",\"@graph\":[{\"@type\":\"WebPage\",\"@id\":\"https:\/\/www.omrserrature.it\/fr\/produit\/serrure-avec-tringles-tournantes-o16\/\",\"url\":\"https:\/\/www.omrserrature.it\/fr\/produit\/serrure-avec-tringles-tournantes-o16\/\",\"name\":\"Serrure avec tringles tournantes \u00d816 - OMR Serrature\",\"isPartOf\":{\"@id\":\"https:\/\/www.omrserrature.it\/fr\/#website\"},\"primaryImageOfPage\":{\"@id\":\"https:\/\/www.omrserrature.it\/fr\/produit\/serrure-avec-tringles-tournantes-o16\/#primaryimage\"},\"image\":{\"@id\":\"https:\/\/www.omrserrature.it\/fr\/produit\/serrure-avec-tringles-tournantes-o16\/#primaryimage\"},\"thumbnailUrl\":\"https:\/\/www.omrserrature.it\/wp-content\/uploads\/2017\/10\/serratura-aste-rotanti-3-punti.jpg\",\"datePublished\":\"2018-12-17T15:03:00+00:00\",\"dateModified\":\"2026-04-08T10:01:11+00:00\",\"breadcrumb\":{\"@id\":\"https:\/\/www.omrserrature.it\/fr\/produit\/serrure-avec-tringles-tournantes-o16\/#breadcrumb\"},\"inLanguage\":\"fr-FR\",\"potentialAction\":[{\"@type\":\"ReadAction\",\"target\":[\"https:\/\/www.omrserrature.it\/fr\/produit\/serrure-avec-tringles-tournantes-o16\/\"]}]},{\"@type\":\"ImageObject\",\"inLanguage\":\"fr-FR\",\"@id\":\"https:\/\/www.omrserrature.it\/fr\/produit\/serrure-avec-tringles-tournantes-o16\/#primaryimage\",\"url\":\"https:\/\/www.omrserrature.it\/wp-content\/uploads\/2017\/10\/serratura-aste-rotanti-3-punti.jpg\",\"contentUrl\":\"https:\/\/www.omrserrature.it\/wp-content\/uploads\/2017\/10\/serratura-aste-rotanti-3-punti.jpg\",\"width\":593,\"height\":391,\"caption\":\"Serrure tringles tournantes 3 points diam\u00e8tre 16 - serrure espagnolette\"},{\"@type\":\"BreadcrumbList\",\"@id\":\"https:\/\/www.omrserrature.it\/fr\/produit\/serrure-avec-tringles-tournantes-o16\/#breadcrumb\",\"itemListElement\":[{\"@type\":\"ListItem\",\"position\":1,\"name\":\"Home\",\"item\":\"https:\/\/www.omrserrature.it\/fr\/omr-serrures-et-systemes-de-verrouillage\/\"},{\"@type\":\"ListItem\",\"position\":2,\"name\":\"Catalogue\",\"item\":\"https:\/\/www.omrserrature.it\/catalogue\/?lang=fr\"},{\"@type\":\"ListItem\",\"position\":3,\"name\":\"Produits\",\"item\":\"https:\/\/www.omrserrature.it\/fr\/catalogue\/produits\/\"},{\"@type\":\"ListItem\",\"position\":4,\"name\":\"Serrures\",\"item\":\"https:\/\/www.omrserrature.it\/fr\/catalogue\/produits\/serrures\/\"},{\"@type\":\"ListItem\",\"position\":5,\"name\":\"Serrures \u00e0 passe-partout\",\"item\":\"https:\/\/www.omrserrature.it\/fr\/catalogue\/produits\/serrures\/serrures-a-passe-partout\/\"},{\"@type\":\"ListItem\",\"position\":6,\"name\":\"Serrure avec tringles tournantes \u00d816\"}]},{\"@type\":\"WebSite\",\"@id\":\"https:\/\/www.omrserrature.it\/fr\/#website\",\"url\":\"https:\/\/www.omrserrature.it\/fr\/\",\"name\":\"OMR Serrature | Produzione sistemi di chiusura\",\"description\":\"Produzione serrature di sicurezza e sistemi di chiusura\",\"publisher\":{\"@id\":\"https:\/\/www.omrserrature.it\/fr\/#organization\"},\"potentialAction\":[{\"@type\":\"SearchAction\",\"target\":{\"@type\":\"EntryPoint\",\"urlTemplate\":\"https:\/\/www.omrserrature.it\/fr\/?s={search_term_string}\"},\"query-input\":{\"@type\":\"PropertyValueSpecification\",\"valueRequired\":true,\"valueName\":\"search_term_string\"}}],\"inLanguage\":\"fr-FR\"},{\"@type\":\"Organization\",\"@id\":\"https:\/\/www.omrserrature.it\/fr\/#organization\",\"name\":\"OMR Serrature | Produzione sistemi di chiusura\",\"url\":\"https:\/\/www.omrserrature.it\/fr\/\",\"logo\":{\"@type\":\"ImageObject\",\"inLanguage\":\"fr-FR\",\"@id\":\"https:\/\/www.omrserrature.it\/fr\/#\/schema\/logo\/image\/\",\"url\":\"https:\/\/www.omrserrature.it\/wp-content\/uploads\/2017\/09\/favicon-omr-114.png\",\"contentUrl\":\"https:\/\/www.omrserrature.it\/wp-content\/uploads\/2017\/09\/favicon-omr-114.png\",\"width\":114,\"height\":114,\"caption\":\"OMR Serrature | Produzione sistemi di chiusura\"},\"image\":{\"@id\":\"https:\/\/www.omrserrature.it\/fr\/#\/schema\/logo\/image\/\"},\"sameAs\":[\"https:\/\/www.facebook.com\/OMRserrature\",\"https:\/\/www.linkedin.com\/company\/omrserrature\/\",\"https:\/\/www.youtube.com\/channel\/UCxmA85z2R0EpG_6IRokiAkg\"]}]}<\/script>\n<!-- \/ Yoast SEO plugin. -->","yoast_head_json":{"title":"Serrure avec tringles tournantes \u00d816 - OMR Serrature","robots":{"index":"index","follow":"follow","max-snippet":"max-snippet:-1","max-image-preview":"max-image-preview:large","max-video-preview":"max-video-preview:-1"},"canonical":"https:\/\/www.omrserrature.it\/fr\/produit\/serrure-avec-tringles-tournantes-o16\/","og_locale":"fr_FR","og_type":"article","og_title":"Serrure avec tringles tournantes \u00d816 - OMR Serrature","og_description":"La serrure \u00e0 cr\u00e9mone ou espagnolette avec tringles tournantes permet une fermeture multiple (3 points) et centralis\u00e9e des armoires \u00e0 portes hautes. Le mouvement des tringles ne se fait pas par translation (haut\/bas), mais par rotation, assurant une plus grande r\u00e9sistance et une l\u00e9g\u00e8re compression du panneau lors de la fermeture.","og_url":"https:\/\/www.omrserrature.it\/fr\/produit\/serrure-avec-tringles-tournantes-o16\/","og_site_name":"OMR Serrature | Produzione sistemi di chiusura","article_publisher":"https:\/\/www.facebook.com\/OMRserrature","article_modified_time":"2026-04-08T10:01:11+00:00","og_image":[{"width":593,"height":391,"url":"https:\/\/www.omrserrature.it\/wp-content\/uploads\/2017\/10\/serratura-aste-rotanti-3-punti.jpg","type":"image\/jpeg"}],"twitter_card":"summary_large_image","twitter_misc":{"Dur\u00e9e de lecture estim\u00e9e":"1 minute"},"schema":{"@context":"https:\/\/schema.org","@graph":[{"@type":"WebPage","@id":"https:\/\/www.omrserrature.it\/fr\/produit\/serrure-avec-tringles-tournantes-o16\/","url":"https:\/\/www.omrserrature.it\/fr\/produit\/serrure-avec-tringles-tournantes-o16\/","name":"Serrure avec tringles tournantes \u00d816 - OMR Serrature","isPartOf":{"@id":"https:\/\/www.omrserrature.it\/fr\/#website"},"primaryImageOfPage":{"@id":"https:\/\/www.omrserrature.it\/fr\/produit\/serrure-avec-tringles-tournantes-o16\/#primaryimage"},"image":{"@id":"https:\/\/www.omrserrature.it\/fr\/produit\/serrure-avec-tringles-tournantes-o16\/#primaryimage"},"thumbnailUrl":"https:\/\/www.omrserrature.it\/wp-content\/uploads\/2017\/10\/serratura-aste-rotanti-3-punti.jpg","datePublished":"2018-12-17T15:03:00+00:00","dateModified":"2026-04-08T10:01:11+00:00","breadcrumb":{"@id":"https:\/\/www.omrserrature.it\/fr\/produit\/serrure-avec-tringles-tournantes-o16\/#breadcrumb"},"inLanguage":"fr-FR","potentialAction":[{"@type":"ReadAction","target":["https:\/\/www.omrserrature.it\/fr\/produit\/serrure-avec-tringles-tournantes-o16\/"]}]},{"@type":"ImageObject","inLanguage":"fr-FR","@id":"https:\/\/www.omrserrature.it\/fr\/produit\/serrure-avec-tringles-tournantes-o16\/#primaryimage","url":"https:\/\/www.omrserrature.it\/wp-content\/uploads\/2017\/10\/serratura-aste-rotanti-3-punti.jpg","contentUrl":"https:\/\/www.omrserrature.it\/wp-content\/uploads\/2017\/10\/serratura-aste-rotanti-3-punti.jpg","width":593,"height":391,"caption":"Serrure tringles tournantes 3 points diam\u00e8tre 16 - serrure espagnolette"},{"@type":"BreadcrumbList","@id":"https:\/\/www.omrserrature.it\/fr\/produit\/serrure-avec-tringles-tournantes-o16\/#breadcrumb","itemListElement":[{"@type":"ListItem","position":1,"name":"Home","item":"https:\/\/www.omrserrature.it\/fr\/omr-serrures-et-systemes-de-verrouillage\/"},{"@type":"ListItem","position":2,"name":"Catalogue","item":"https:\/\/www.omrserrature.it\/catalogue\/?lang=fr"},{"@type":"ListItem","position":3,"name":"Produits","item":"https:\/\/www.omrserrature.it\/fr\/catalogue\/produits\/"},{"@type":"ListItem","position":4,"name":"Serrures","item":"https:\/\/www.omrserrature.it\/fr\/catalogue\/produits\/serrures\/"},{"@type":"ListItem","position":5,"name":"Serrures \u00e0 passe-partout","item":"https:\/\/www.omrserrature.it\/fr\/catalogue\/produits\/serrures\/serrures-a-passe-partout\/"},{"@type":"ListItem","position":6,"name":"Serrure avec tringles tournantes \u00d816"}]},{"@type":"WebSite","@id":"https:\/\/www.omrserrature.it\/fr\/#website","url":"https:\/\/www.omrserrature.it\/fr\/","name":"OMR Serrature | Produzione sistemi di chiusura","description":"Produzione serrature di sicurezza e sistemi di chiusura","publisher":{"@id":"https:\/\/www.omrserrature.it\/fr\/#organization"},"potentialAction":[{"@type":"SearchAction","target":{"@type":"EntryPoint","urlTemplate":"https:\/\/www.omrserrature.it\/fr\/?s={search_term_string}"},"query-input":{"@type":"PropertyValueSpecification","valueRequired":true,"valueName":"search_term_string"}}],"inLanguage":"fr-FR"},{"@type":"Organization","@id":"https:\/\/www.omrserrature.it\/fr\/#organization","name":"OMR Serrature | Produzione sistemi di chiusura","url":"https:\/\/www.omrserrature.it\/fr\/","logo":{"@type":"ImageObject","inLanguage":"fr-FR","@id":"https:\/\/www.omrserrature.it\/fr\/#\/schema\/logo\/image\/","url":"https:\/\/www.omrserrature.it\/wp-content\/uploads\/2017\/09\/favicon-omr-114.png","contentUrl":"https:\/\/www.omrserrature.it\/wp-content\/uploads\/2017\/09\/favicon-omr-114.png","width":114,"height":114,"caption":"OMR Serrature | Produzione sistemi di chiusura"},"image":{"@id":"https:\/\/www.omrserrature.it\/fr\/#\/schema\/logo\/image\/"},"sameAs":["https:\/\/www.facebook.com\/OMRserrature","https:\/\/www.linkedin.com\/company\/omrserrature\/","https:\/\/www.youtube.com\/channel\/UCxmA85z2R0EpG_6IRokiAkg"]}]}},"_links":{"self":[{"href":"https:\/\/www.omrserrature.it\/fr\/wp-json\/wp\/v2\/product\/242109","targetHints":{"allow":["GET"]}}],"collection":[{"href":"https:\/\/www.omrserrature.it\/fr\/wp-json\/wp\/v2\/product"}],"about":[{"href":"https:\/\/www.omrserrature.it\/fr\/wp-json\/wp\/v2\/types\/product"}],"replies":[{"embeddable":true,"href":"https:\/\/www.omrserrature.it\/fr\/wp-json\/wp\/v2\/comments?post=242109"}],"wp:featuredmedia":[{"embeddable":true,"href":"https:\/\/www.omrserrature.it\/fr\/wp-json\/wp\/v2\/media\/3642"}],"wp:attachment":[{"href":"https:\/\/www.omrserrature.it\/fr\/wp-json\/wp\/v2\/media?parent=242109"}],"wp:term":[{"taxonomy":"product_brand","embeddable":true,"href":"https:\/\/www.omrserrature.it\/fr\/wp-json\/wp\/v2\/product_brand?post=242109"},{"taxonomy":"product_cat","embeddable":true,"href":"https:\/\/www.omrserrature.it\/fr\/wp-json\/wp\/v2\/product_cat?post=242109"},{"taxonomy":"product_tag","embeddable":true,"href":"https:\/\/www.omrserrature.it\/fr\/wp-json\/wp\/v2\/product_tag?post=242109"}],"curies":[{"name":"wp","href":"https:\/\/api.w.org\/{rel}","templated":true}]}}