{"id":242069,"date":"2021-05-12T11:27:34","date_gmt":"2012-05-21T09:27:00","guid":{"rendered":"https:\/\/www.staging6.omrserrature.it\/prodotto\/serrure-a-pene-verticale\/"},"modified":"2026-04-08T11:28:35","modified_gmt":"2026-04-08T09:28:35","slug":"serrure-a-pene-verticale","status":"publish","type":"product","link":"https:\/\/www.omrserrature.it\/fr\/produit\/serrure-a-pene-verticale\/","title":{"rendered":"Serrure \u00e0 p\u00eane verticale"},"content":{"rendered":"<p>Les serrures de la s\u00e9rie OTTO r\u00e9pondent \u00e0 un besoin sp\u00e9cifique et assez courant, \u00e0 savoir le <strong>remplacement et la s\u00e9curisation des anciennes serrures \u00e0 bouton rotatif et \u00e0 bouton poussoir<\/strong>. Gr\u00e2ce \u00e0 cette s\u00e9rie de serrures OMR, il est possible de transformer les serrures \u00e0 poign\u00e9e en mod\u00e8les de pointe sans avoir \u00e0 remplacer compl\u00e8tement la porte : un grand avantage tant sur le plan \u00e9conomique que pratique. Les serrures de la s\u00e9rie OTTO se composent d&rsquo;un p\u00eane tubulaire ou \u00e0 rouleau standard et d&rsquo;un corps qui accueille un <strong>cylindre \u00e0 profil europ\u00e9en<\/strong>, un \u00e9l\u00e9ment technique de pointe r\u00e9pondant \u00e0 des normes de s\u00e9curit\u00e9 \u00e9lev\u00e9es. Les serrures \u00e0 cl\u00e9 fixe ou \u00e0 bouton-poussoir ont \u00e9t\u00e9 largement utilis\u00e9es dans le pass\u00e9 et, par cons\u00e9quent, il y a plus de quelques contextes qui comportent de tels \u00e9l\u00e9ments techniques et qui n\u00e9cessitent un <strong>renouvellement cibl\u00e9<\/strong>. Les clients d&rsquo;OMR ont besoin de ces fournitures pour les contextes publics et priv\u00e9s les plus divers, tels que les h\u00f4tels, les bureaux et les entreprises en tout genre, les a\u00e9roports, les gares ferroviaires et bien d&rsquo;autres encore.   <\/p>\n<p><strong>Les serrures de la s\u00e9rie OTTO d&rsquo;OMR Serrature sont compatibles avec la grande majorit\u00e9 des anciens mod\u00e8les \u00e0 cl\u00e9 fixe ou \u00e0 bouton poussoir<\/strong>, et peuvent accueillir des cylindres m\u00e9caniques ou \u00e9lectroniques. R\u00e9nover vos serrures de cette mani\u00e8re est une opportunit\u00e9 qui permet non seulement d&rsquo;accro\u00eetre la s\u00e9curit\u00e9, mais aussi d&rsquo;am\u00e9liorer la convivialit\u00e9 et la commodit\u00e9, tout en permettant le d\u00e9veloppement de syst\u00e8mes de contr\u00f4le d&rsquo;acc\u00e8s modernes et efficaces. <\/p>\n<p>Les nouvelles serrures de la s\u00e9rie OTTO repr\u00e9sentent une avanc\u00e9e significative dans la s\u00e9curisation des portes \u00e0 bouton poussoir ou \u00e0 cl\u00e9 tournante. Le remplacement des anciennes serrures par des produits de la s\u00e9rie OTTO est simple et direct et vous permet de b\u00e9n\u00e9ficier de la s\u00e9curit\u00e9 des cylindres \u00e0 profil europ\u00e9en, tout en profitant de la grande compatibilit\u00e9 avec votre cadre de porte actuel. <\/p>\n","protected":false},"excerpt":{"rendered":"<p>Les nouvelles serrures de la s\u00e9rie OTTO repr\u00e9sentent une avanc\u00e9e significative dans la s\u00e9curisation des portes \u00e0 boutons poussoirs ou \u00e0 tringles fixes. Le remplacement des anciennes serrures par des produits de la s\u00e9rie OTTO est simple et direct et vous permet de profiter de la s\u00e9curit\u00e9 des cylindres \u00e0 profil europ\u00e9en, tout en b\u00e9n\u00e9ficiant d&rsquo;une grande compatibilit\u00e9 avec votre cadre de porte. <\/p>\n","protected":false},"featured_media":7964,"comment_status":"open","ping_status":"closed","template":"","meta":{"_acf_changed":false,"_et_pb_use_builder":"","_et_pb_old_content":"","_et_gb_content_width":""},"product_brand":[],"product_cat":[3757,3755,3754,3749,3743,3663,3693],"product_tag":[],"class_list":{"0":"post-242069","1":"product","2":"type-product","3":"status-publish","4":"has-post-thumbnail","6":"product_cat-bureaux","7":"product_cat-hopitaux-et-soins-de-sante","8":"product_cat-juste","9":"product_cat-magasins-et-activites-commerciales","10":"product_cat-maisons-et-residences-privees","11":"product_cat-serie-otto","12":"product_cat-serrures-de-securite","14":"first","15":"instock","16":"shipping-taxable","17":"purchasable","18":"product-type-variable"},"acf":{"pdf1":"https:\/\/www.omrserrature.it\/wp-content\/uploads\/2018\/01\/Kit-montaggio-serrature-OMR-Serie-Otto.pdf"},"yoast_head":"<!-- This site is optimized with the Yoast SEO plugin v27.2 - https:\/\/yoast.com\/product\/yoast-seo-wordpress\/ -->\n<title>Serrure \u00e0 p\u00eane verticale - OMR Serrature<\/title>\n<meta name=\"robots\" content=\"index, follow, max-snippet:-1, max-image-preview:large, max-video-preview:-1\" \/>\n<link rel=\"canonical\" href=\"https:\/\/www.omrserrature.it\/fr\/produit\/serrure-a-pene-verticale\/\" \/>\n<meta property=\"og:locale\" content=\"fr_FR\" \/>\n<meta property=\"og:type\" content=\"article\" \/>\n<meta property=\"og:title\" content=\"Serrure \u00e0 p\u00eane verticale - OMR Serrature\" \/>\n<meta property=\"og:description\" content=\"Les nouvelles serrures de la s\u00e9rie OTTO repr\u00e9sentent une avanc\u00e9e significative dans la s\u00e9curisation des portes \u00e0 boutons poussoirs ou \u00e0 tringles fixes. Le remplacement des anciennes serrures par des produits de la s\u00e9rie OTTO est simple et direct et vous permet de profiter de la s\u00e9curit\u00e9 des cylindres \u00e0 profil europ\u00e9en, tout en b\u00e9n\u00e9ficiant d&#039;une grande compatibilit\u00e9 avec votre cadre de porte.\" \/>\n<meta property=\"og:url\" content=\"https:\/\/www.omrserrature.it\/fr\/produit\/serrure-a-pene-verticale\/\" \/>\n<meta property=\"og:site_name\" content=\"OMR Serrature | Produzione sistemi di chiusura\" \/>\n<meta property=\"article:publisher\" content=\"https:\/\/www.facebook.com\/OMRserrature\" \/>\n<meta property=\"article:modified_time\" content=\"2026-04-08T09:28:35+00:00\" \/>\n<meta property=\"og:image\" content=\"https:\/\/www.omrserrature.it\/wp-content\/uploads\/2018\/01\/OTTO-sicurezza-pulsante-pomolo-verticale.jpg\" \/>\n\t<meta property=\"og:image:width\" content=\"738\" \/>\n\t<meta property=\"og:image:height\" content=\"650\" \/>\n\t<meta property=\"og:image:type\" content=\"image\/jpeg\" \/>\n<meta name=\"twitter:card\" content=\"summary_large_image\" \/>\n<meta name=\"twitter:label1\" content=\"Dur\u00e9e de lecture estim\u00e9e\" \/>\n\t<meta name=\"twitter:data1\" content=\"2 minutes\" \/>\n<script type=\"application\/ld+json\" class=\"yoast-schema-graph\">{\"@context\":\"https:\/\/schema.org\",\"@graph\":[{\"@type\":\"WebPage\",\"@id\":\"https:\/\/www.omrserrature.it\/fr\/produit\/serrure-a-pene-verticale\/\",\"url\":\"https:\/\/www.omrserrature.it\/fr\/produit\/serrure-a-pene-verticale\/\",\"name\":\"Serrure \u00e0 p\u00eane verticale - OMR Serrature\",\"isPartOf\":{\"@id\":\"https:\/\/www.omrserrature.it\/fr\/#website\"},\"primaryImageOfPage\":{\"@id\":\"https:\/\/www.omrserrature.it\/fr\/produit\/serrure-a-pene-verticale\/#primaryimage\"},\"image\":{\"@id\":\"https:\/\/www.omrserrature.it\/fr\/produit\/serrure-a-pene-verticale\/#primaryimage\"},\"thumbnailUrl\":\"https:\/\/www.omrserrature.it\/wp-content\/uploads\/2018\/01\/OTTO-sicurezza-pulsante-pomolo-verticale.jpg\",\"datePublished\":\"2012-05-21T09:27:00+00:00\",\"dateModified\":\"2026-04-08T09:28:35+00:00\",\"breadcrumb\":{\"@id\":\"https:\/\/www.omrserrature.it\/fr\/produit\/serrure-a-pene-verticale\/#breadcrumb\"},\"inLanguage\":\"fr-FR\",\"potentialAction\":[{\"@type\":\"ReadAction\",\"target\":[\"https:\/\/www.omrserrature.it\/fr\/produit\/serrure-a-pene-verticale\/\"]}]},{\"@type\":\"ImageObject\",\"inLanguage\":\"fr-FR\",\"@id\":\"https:\/\/www.omrserrature.it\/fr\/produit\/serrure-a-pene-verticale\/#primaryimage\",\"url\":\"https:\/\/www.omrserrature.it\/wp-content\/uploads\/2018\/01\/OTTO-sicurezza-pulsante-pomolo-verticale.jpg\",\"contentUrl\":\"https:\/\/www.omrserrature.it\/wp-content\/uploads\/2018\/01\/OTTO-sicurezza-pulsante-pomolo-verticale.jpg\",\"width\":738,\"height\":650,\"caption\":\"SERIE OTTO serrure \u00e0 bouton poussoir ou \u00e0 cl\u00e9 fixe - serrure \u00e0 profil europ\u00e9en\"},{\"@type\":\"BreadcrumbList\",\"@id\":\"https:\/\/www.omrserrature.it\/fr\/produit\/serrure-a-pene-verticale\/#breadcrumb\",\"itemListElement\":[{\"@type\":\"ListItem\",\"position\":1,\"name\":\"Home\",\"item\":\"https:\/\/www.omrserrature.it\/fr\/omr-serrures-et-systemes-de-verrouillage\/\"},{\"@type\":\"ListItem\",\"position\":2,\"name\":\"Catalogue\",\"item\":\"https:\/\/www.omrserrature.it\/catalogue\/?lang=fr\"},{\"@type\":\"ListItem\",\"position\":3,\"name\":\"Produits\",\"item\":\"https:\/\/www.omrserrature.it\/fr\/catalogue\/produits\/\"},{\"@type\":\"ListItem\",\"position\":4,\"name\":\"Serrures\",\"item\":\"https:\/\/www.omrserrature.it\/fr\/catalogue\/produits\/serrures\/\"},{\"@type\":\"ListItem\",\"position\":5,\"name\":\"S\u00e9rie OTTO\",\"item\":\"https:\/\/www.omrserrature.it\/fr\/catalogue\/produits\/serrures\/serie-otto\/\"},{\"@type\":\"ListItem\",\"position\":6,\"name\":\"Serrure \u00e0 p\u00eane verticale\"}]},{\"@type\":\"WebSite\",\"@id\":\"https:\/\/www.omrserrature.it\/fr\/#website\",\"url\":\"https:\/\/www.omrserrature.it\/fr\/\",\"name\":\"OMR Serrature | Produzione sistemi di chiusura\",\"description\":\"Produzione serrature di sicurezza e sistemi di chiusura\",\"publisher\":{\"@id\":\"https:\/\/www.omrserrature.it\/fr\/#organization\"},\"potentialAction\":[{\"@type\":\"SearchAction\",\"target\":{\"@type\":\"EntryPoint\",\"urlTemplate\":\"https:\/\/www.omrserrature.it\/fr\/?s={search_term_string}\"},\"query-input\":{\"@type\":\"PropertyValueSpecification\",\"valueRequired\":true,\"valueName\":\"search_term_string\"}}],\"inLanguage\":\"fr-FR\"},{\"@type\":\"Organization\",\"@id\":\"https:\/\/www.omrserrature.it\/fr\/#organization\",\"name\":\"OMR Serrature | Produzione sistemi di chiusura\",\"url\":\"https:\/\/www.omrserrature.it\/fr\/\",\"logo\":{\"@type\":\"ImageObject\",\"inLanguage\":\"fr-FR\",\"@id\":\"https:\/\/www.omrserrature.it\/fr\/#\/schema\/logo\/image\/\",\"url\":\"https:\/\/www.omrserrature.it\/wp-content\/uploads\/2017\/09\/favicon-omr-114.png\",\"contentUrl\":\"https:\/\/www.omrserrature.it\/wp-content\/uploads\/2017\/09\/favicon-omr-114.png\",\"width\":114,\"height\":114,\"caption\":\"OMR Serrature | Produzione sistemi di chiusura\"},\"image\":{\"@id\":\"https:\/\/www.omrserrature.it\/fr\/#\/schema\/logo\/image\/\"},\"sameAs\":[\"https:\/\/www.facebook.com\/OMRserrature\",\"https:\/\/www.linkedin.com\/company\/omrserrature\/\",\"https:\/\/www.youtube.com\/channel\/UCxmA85z2R0EpG_6IRokiAkg\"]}]}<\/script>\n<!-- \/ Yoast SEO plugin. -->","yoast_head_json":{"title":"Serrure \u00e0 p\u00eane verticale - OMR Serrature","robots":{"index":"index","follow":"follow","max-snippet":"max-snippet:-1","max-image-preview":"max-image-preview:large","max-video-preview":"max-video-preview:-1"},"canonical":"https:\/\/www.omrserrature.it\/fr\/produit\/serrure-a-pene-verticale\/","og_locale":"fr_FR","og_type":"article","og_title":"Serrure \u00e0 p\u00eane verticale - OMR Serrature","og_description":"Les nouvelles serrures de la s\u00e9rie OTTO repr\u00e9sentent une avanc\u00e9e significative dans la s\u00e9curisation des portes \u00e0 boutons poussoirs ou \u00e0 tringles fixes. Le remplacement des anciennes serrures par des produits de la s\u00e9rie OTTO est simple et direct et vous permet de profiter de la s\u00e9curit\u00e9 des cylindres \u00e0 profil europ\u00e9en, tout en b\u00e9n\u00e9ficiant d'une grande compatibilit\u00e9 avec votre cadre de porte.","og_url":"https:\/\/www.omrserrature.it\/fr\/produit\/serrure-a-pene-verticale\/","og_site_name":"OMR Serrature | Produzione sistemi di chiusura","article_publisher":"https:\/\/www.facebook.com\/OMRserrature","article_modified_time":"2026-04-08T09:28:35+00:00","og_image":[{"width":738,"height":650,"url":"https:\/\/www.omrserrature.it\/wp-content\/uploads\/2018\/01\/OTTO-sicurezza-pulsante-pomolo-verticale.jpg","type":"image\/jpeg"}],"twitter_card":"summary_large_image","twitter_misc":{"Dur\u00e9e de lecture estim\u00e9e":"2 minutes"},"schema":{"@context":"https:\/\/schema.org","@graph":[{"@type":"WebPage","@id":"https:\/\/www.omrserrature.it\/fr\/produit\/serrure-a-pene-verticale\/","url":"https:\/\/www.omrserrature.it\/fr\/produit\/serrure-a-pene-verticale\/","name":"Serrure \u00e0 p\u00eane verticale - OMR Serrature","isPartOf":{"@id":"https:\/\/www.omrserrature.it\/fr\/#website"},"primaryImageOfPage":{"@id":"https:\/\/www.omrserrature.it\/fr\/produit\/serrure-a-pene-verticale\/#primaryimage"},"image":{"@id":"https:\/\/www.omrserrature.it\/fr\/produit\/serrure-a-pene-verticale\/#primaryimage"},"thumbnailUrl":"https:\/\/www.omrserrature.it\/wp-content\/uploads\/2018\/01\/OTTO-sicurezza-pulsante-pomolo-verticale.jpg","datePublished":"2012-05-21T09:27:00+00:00","dateModified":"2026-04-08T09:28:35+00:00","breadcrumb":{"@id":"https:\/\/www.omrserrature.it\/fr\/produit\/serrure-a-pene-verticale\/#breadcrumb"},"inLanguage":"fr-FR","potentialAction":[{"@type":"ReadAction","target":["https:\/\/www.omrserrature.it\/fr\/produit\/serrure-a-pene-verticale\/"]}]},{"@type":"ImageObject","inLanguage":"fr-FR","@id":"https:\/\/www.omrserrature.it\/fr\/produit\/serrure-a-pene-verticale\/#primaryimage","url":"https:\/\/www.omrserrature.it\/wp-content\/uploads\/2018\/01\/OTTO-sicurezza-pulsante-pomolo-verticale.jpg","contentUrl":"https:\/\/www.omrserrature.it\/wp-content\/uploads\/2018\/01\/OTTO-sicurezza-pulsante-pomolo-verticale.jpg","width":738,"height":650,"caption":"SERIE OTTO serrure \u00e0 bouton poussoir ou \u00e0 cl\u00e9 fixe - serrure \u00e0 profil europ\u00e9en"},{"@type":"BreadcrumbList","@id":"https:\/\/www.omrserrature.it\/fr\/produit\/serrure-a-pene-verticale\/#breadcrumb","itemListElement":[{"@type":"ListItem","position":1,"name":"Home","item":"https:\/\/www.omrserrature.it\/fr\/omr-serrures-et-systemes-de-verrouillage\/"},{"@type":"ListItem","position":2,"name":"Catalogue","item":"https:\/\/www.omrserrature.it\/catalogue\/?lang=fr"},{"@type":"ListItem","position":3,"name":"Produits","item":"https:\/\/www.omrserrature.it\/fr\/catalogue\/produits\/"},{"@type":"ListItem","position":4,"name":"Serrures","item":"https:\/\/www.omrserrature.it\/fr\/catalogue\/produits\/serrures\/"},{"@type":"ListItem","position":5,"name":"S\u00e9rie OTTO","item":"https:\/\/www.omrserrature.it\/fr\/catalogue\/produits\/serrures\/serie-otto\/"},{"@type":"ListItem","position":6,"name":"Serrure \u00e0 p\u00eane verticale"}]},{"@type":"WebSite","@id":"https:\/\/www.omrserrature.it\/fr\/#website","url":"https:\/\/www.omrserrature.it\/fr\/","name":"OMR Serrature | Produzione sistemi di chiusura","description":"Produzione serrature di sicurezza e sistemi di chiusura","publisher":{"@id":"https:\/\/www.omrserrature.it\/fr\/#organization"},"potentialAction":[{"@type":"SearchAction","target":{"@type":"EntryPoint","urlTemplate":"https:\/\/www.omrserrature.it\/fr\/?s={search_term_string}"},"query-input":{"@type":"PropertyValueSpecification","valueRequired":true,"valueName":"search_term_string"}}],"inLanguage":"fr-FR"},{"@type":"Organization","@id":"https:\/\/www.omrserrature.it\/fr\/#organization","name":"OMR Serrature | Produzione sistemi di chiusura","url":"https:\/\/www.omrserrature.it\/fr\/","logo":{"@type":"ImageObject","inLanguage":"fr-FR","@id":"https:\/\/www.omrserrature.it\/fr\/#\/schema\/logo\/image\/","url":"https:\/\/www.omrserrature.it\/wp-content\/uploads\/2017\/09\/favicon-omr-114.png","contentUrl":"https:\/\/www.omrserrature.it\/wp-content\/uploads\/2017\/09\/favicon-omr-114.png","width":114,"height":114,"caption":"OMR Serrature | Produzione sistemi di chiusura"},"image":{"@id":"https:\/\/www.omrserrature.it\/fr\/#\/schema\/logo\/image\/"},"sameAs":["https:\/\/www.facebook.com\/OMRserrature","https:\/\/www.linkedin.com\/company\/omrserrature\/","https:\/\/www.youtube.com\/channel\/UCxmA85z2R0EpG_6IRokiAkg"]}]}},"_links":{"self":[{"href":"https:\/\/www.omrserrature.it\/fr\/wp-json\/wp\/v2\/product\/242069","targetHints":{"allow":["GET"]}}],"collection":[{"href":"https:\/\/www.omrserrature.it\/fr\/wp-json\/wp\/v2\/product"}],"about":[{"href":"https:\/\/www.omrserrature.it\/fr\/wp-json\/wp\/v2\/types\/product"}],"replies":[{"embeddable":true,"href":"https:\/\/www.omrserrature.it\/fr\/wp-json\/wp\/v2\/comments?post=242069"}],"wp:featuredmedia":[{"embeddable":true,"href":"https:\/\/www.omrserrature.it\/fr\/wp-json\/wp\/v2\/media\/7964"}],"wp:attachment":[{"href":"https:\/\/www.omrserrature.it\/fr\/wp-json\/wp\/v2\/media?parent=242069"}],"wp:term":[{"taxonomy":"product_brand","embeddable":true,"href":"https:\/\/www.omrserrature.it\/fr\/wp-json\/wp\/v2\/product_brand?post=242069"},{"taxonomy":"product_cat","embeddable":true,"href":"https:\/\/www.omrserrature.it\/fr\/wp-json\/wp\/v2\/product_cat?post=242069"},{"taxonomy":"product_tag","embeddable":true,"href":"https:\/\/www.omrserrature.it\/fr\/wp-json\/wp\/v2\/product_tag?post=242069"}],"curies":[{"name":"wp","href":"https:\/\/api.w.org\/{rel}","templated":true}]}}