{"id":242011,"date":"2022-05-27T15:16:34","date_gmt":"2024-04-15T10:16:00","guid":{"rendered":"https:\/\/www.staging6.omrserrature.it\/prodotto\/serrure-a-came-avec-ressort-de-rappel-pene-et-came-de-crochet\/"},"modified":"2026-04-08T11:13:43","modified_gmt":"2026-04-08T09:13:43","slug":"serrure-a-came-avec-ressort-de-rappel-pene-et-came-de-crochet","status":"publish","type":"product","link":"https:\/\/www.omrserrature.it\/fr\/produit\/serrure-a-came-avec-ressort-de-rappel-pene-et-came-de-crochet\/","title":{"rendered":"Serrure \u00e0 came avec ressort de rappel (p\u00eane) et came de crochet"},"content":{"rendered":"<p>La <strong>serrure \u00e0 paillettes<\/strong> avec m\u00e9canisme \u00e0 lamelles est certainement l&rsquo;une des plus populaires pour les applications n\u00e9cessitant un syst\u00e8me de fermeture facile, rapide et automatique. La cl\u00e9 en laiton nickel\u00e9 permet d&rsquo;ouvrir la serrure par une rotation de 90\u00b0 dans le sens antihoraire, en d\u00e9pla\u00e7ant le rotor central \u00e0 lamelles situ\u00e9 \u00e0 l&rsquo;int\u00e9rieur d&rsquo;une bo\u00eete en alliage de zinc appel\u00e9e stator, batteuse \u00e0 paillettes ou corps. Le diam\u00e8tre est frais\u00e9 sur deux c\u00f4t\u00e9s oppos\u00e9s (plaques lat\u00e9rales), formant un double D afin d&#8217;emp\u00eacher la rotation du camlock dans le bo\u00eetier d&rsquo;installation. Le m\u00e9canisme de <strong>retour \u00e0 ressort<\/strong>, qui actionne le levier du crochet arri\u00e8re, permet au serrure de revenir automatiquement en position ferm\u00e9e afin d&rsquo;assurer une plus grande s\u00e9curit\u00e9 et d&rsquo;\u00e9viter que la serrure ne soit oubli\u00e9e en position ouverte.   <\/p>\n<p>Le corps, le barillet et le levier d&rsquo;arr\u00eat de cette serrure \u00e0 ressort sont en alliage de zinc. La borne carr\u00e9e de 7 mm permet \u00e9galement d&rsquo;utiliser des <strong>cames droites, coud\u00e9es ou \u00e0 crochet<\/strong> qui peuvent \u00e9galement \u00eatre personnalis\u00e9es en fonction d&rsquo;exigences sp\u00e9cifiques. Les diff\u00e9rentes versions permettent diff\u00e9rentes rotations, des \u00e9paisseurs de porte de 0,5 \u00e0 27 mm, et le retrait de la cl\u00e9 en position ouverte et ferm\u00e9e (ou seulement dans l&rsquo;un des deux cas). Le <strong>corps enti\u00e8rement filet\u00e9<\/strong> permet une fixation par \u00e9crou, mais aussi par fourchette ou clip pour une<strong>installation rapide <\/strong><strong><span style=\"font-weight: normal;\">sur des t\u00f4les d&rsquo;acier, d&rsquo;aluminium ou de plastique<\/span><\/strong>.   <\/p>\n<p><strong>Un film en acier inoxydable prot\u00e8ge le barillet interne<\/strong>, qui est le c\u0153ur de la serrure et la partie la plus d\u00e9licate. Gr\u00e2ce \u00e0 cela, la nouvelle fermeture de marque OMR peut \u00e9galement \u00eatre install\u00e9e \u00e0 l&rsquo;ext\u00e9rieur, car l&rsquo;acier inoxydable garantit une grande r\u00e9sistance aux agents ext\u00e9rieurs tels que la pluie, la neige et la salinit\u00e9. En outre, le <strong>couvercle en plastique prot\u00e8ge le m\u00e9canisme interne de la poussi\u00e8re et des d\u00e9bris<\/strong>, assurant ainsi une longue dur\u00e9e de vie \u00e0 la serrure, m\u00eame dans des conditions environnementales difficiles.  <\/p>\n<p>La serrure avec m\u00e9canisme \u00e0 ressort est id\u00e9ale pour les coffres de moto, les barres de toit, les porte-bagages, les porte-skis, les porte-v\u00e9los, les syst\u00e8mes de distribution automatique et de lavage de voitures, ainsi que les machines de l&rsquo;industrie alimentaire, le mobilier de bureau, le mobilier hospitalier.<\/p>\n","protected":false},"excerpt":{"rendered":"<p>Cette serrure avec m\u00e9canisme \u00e0 ressort et levier \u00e0 crochet est id\u00e9ale pour les coffres de moto, les barres de toit, les porte-bagages, les porte-skis, les porte-v\u00e9los, les syst\u00e8mes de distribution automatique et de lavage de voitures, ainsi que les machines de l&rsquo;industrie alimentaire, le mobilier de bureau, le mobilier hospitalier et le mobilier de bureau.<\/p>\n","protected":false},"featured_media":25083,"comment_status":"open","ping_status":"closed","template":"","meta":{"_acf_changed":false,"_et_pb_use_builder":"","_et_pb_old_content":"","_et_gb_content_width":""},"product_brand":[],"product_cat":[3738,3726,3699,3737,3664,3638,1107,3687,3649,3658,3639,3691,3717,3734,3696,3723,3722,3693,3732,3710,3709,3711,3689,3714,3713,3725,3719,3735,3733,3718,3712,3692,3715,3707,3720,3705,3706,3703,3704,3694,3698,3702,3721,3697,3736,3701,3716,3708,3730,3690],"product_tag":[],"class_list":{"0":"post-242011","1":"product","2":"type-product","3":"status-publish","4":"has-post-thumbnail","6":"product_cat-battant","7":"product_cat-des-serrures-pour-des-serrures","8":"product_cat-serrure-darmoire-conforme-au-reglement-gdpr","9":"product_cat-serrure-de-bateau","10":"product_cat-serrure-etanche-inox","11":"product_cat-serrure-universelle-a-paillettes","12":"product_cat-serrures","13":"product_cat-serrures-a-came","14":"product_cat-serrures-a-crochet","15":"product_cat-serrures-a-passe-partout","16":"product_cat-serrures-avec-ressort-de-rappel","17":"product_cat-serrures-darmoires","18":"product_cat-serrures-de-boites-aux-lettres","19":"product_cat-serrures-de-fourgonnettes","20":"product_cat-serrures-de-machines","21":"product_cat-serrures-de-panneaux","22":"product_cat-serrures-de-portes","23":"product_cat-serrures-de-securite","24":"product_cat-serrures-de-securite-pour-meubles","25":"product_cat-serrures-pour-armoires-a-epi","26":"product_cat-serrures-pour-armoires-a-substances-dangereuses","27":"product_cat-serrures-pour-armoires-de-balcon","28":"product_cat-serrures-pour-armoires-electriques","29":"product_cat-serrures-pour-armoires-industrielles","30":"product_cat-serrures-pour-armoires-phytosanitaires","31":"product_cat-serrures-pour-blocs-tiroirs","32":"product_cat-serrures-pour-boites-postales","33":"product_cat-serrures-pour-caravanes-et-camping-cars","34":"product_cat-serrures-pour-carrosseries-frigorifiques","35":"product_cat-serrures-pour-casiers-a-colis","36":"product_cat-serrures-pour-casiers-a-skis","37":"product_cat-serrures-pour-chariots-professionnels","38":"product_cat-serrures-pour-coffres-forts","39":"product_cat-serrures-pour-distributeurs","40":"product_cat-serrures-pour-distributeurs-automatiques","41":"product_cat-serrures-pour-entrepots-automatiques","42":"product_cat-serrures-pour-etablis","43":"product_cat-serrures-pour-interrupteurs","44":"product_cat-serrures-pour-lindustrie-electromecanique","45":"product_cat-serrures-pour-les-boites-aux-lettres","46":"product_cat-serrures-pour-les-moyens-de-transport","47":"product_cat-serrures-pour-les-portes-des-panneaux-lateraux","48":"product_cat-serrures-pour-machines-a-sous","49":"product_cat-serrures-pour-meubles","50":"product_cat-serrures-pour-motos-et-scooters","51":"product_cat-serrures-pour-portes-darmoires-frontales","52":"product_cat-serrures-pour-rateliers-a-fusils","53":"product_cat-serrures-pour-tiroirs-industriels","54":"product_cat-serrures-pour-volets-roulants","55":"product_cat-serrures-professionnelles-pour-meubles","57":"first","58":"instock","59":"shipping-taxable","60":"product-type-simple"},"acf":{"pdf1":"https:\/\/www.omrserrature.it\/wp-content\/uploads\/schede\/Scheda_162810.pdf"},"yoast_head":"<!-- This site is optimized with the Yoast SEO plugin v27.2 - https:\/\/yoast.com\/product\/yoast-seo-wordpress\/ -->\n<title>Serrure \u00e0 came avec ressort de rappel (p\u00eane) et came de crochet - OMR Serrature<\/title>\n<meta name=\"robots\" content=\"index, follow, max-snippet:-1, max-image-preview:large, max-video-preview:-1\" \/>\n<link rel=\"canonical\" href=\"https:\/\/www.omrserrature.it\/fr\/produit\/serrure-a-came-avec-ressort-de-rappel-pene-et-came-de-crochet\/\" \/>\n<meta property=\"og:locale\" content=\"fr_FR\" \/>\n<meta property=\"og:type\" content=\"article\" \/>\n<meta property=\"og:title\" content=\"Serrure \u00e0 came avec ressort de rappel (p\u00eane) et came de crochet - OMR Serrature\" \/>\n<meta property=\"og:description\" content=\"Cette serrure avec m\u00e9canisme \u00e0 ressort et levier \u00e0 crochet est id\u00e9ale pour les coffres de moto, les barres de toit, les porte-bagages, les porte-skis, les porte-v\u00e9los, les syst\u00e8mes de distribution automatique et de lavage de voitures, ainsi que les machines de l&#039;industrie alimentaire, le mobilier de bureau, le mobilier hospitalier et le mobilier de bureau.\" \/>\n<meta property=\"og:url\" content=\"https:\/\/www.omrserrature.it\/fr\/produit\/serrure-a-came-avec-ressort-de-rappel-pene-et-came-de-crochet\/\" \/>\n<meta property=\"og:site_name\" content=\"OMR Serrature | Produzione sistemi di chiusura\" \/>\n<meta property=\"article:publisher\" content=\"https:\/\/www.facebook.com\/OMRserrature\" \/>\n<meta property=\"article:modified_time\" content=\"2026-04-08T09:13:43+00:00\" \/>\n<meta property=\"og:image\" content=\"https:\/\/www.omrserrature.it\/wp-content\/uploads\/2022\/05\/Serratura-a-scrocco-con-molla-di-ritorno-e-leva-a-gancio-mod.-07-Novita-2022-OMR.jpg\" \/>\n\t<meta property=\"og:image:width\" content=\"1000\" \/>\n\t<meta property=\"og:image:height\" content=\"1000\" \/>\n\t<meta property=\"og:image:type\" content=\"image\/jpeg\" \/>\n<meta name=\"twitter:card\" content=\"summary_large_image\" \/>\n<meta name=\"twitter:label1\" content=\"Dur\u00e9e de lecture estim\u00e9e\" \/>\n\t<meta name=\"twitter:data1\" content=\"2 minutes\" \/>\n<script type=\"application\/ld+json\" class=\"yoast-schema-graph\">{\"@context\":\"https:\/\/schema.org\",\"@graph\":[{\"@type\":\"WebPage\",\"@id\":\"https:\/\/www.omrserrature.it\/fr\/produit\/serrure-a-came-avec-ressort-de-rappel-pene-et-came-de-crochet\/\",\"url\":\"https:\/\/www.omrserrature.it\/fr\/produit\/serrure-a-came-avec-ressort-de-rappel-pene-et-came-de-crochet\/\",\"name\":\"Serrure \u00e0 came avec ressort de rappel (p\u00eane) et came de crochet - OMR Serrature\",\"isPartOf\":{\"@id\":\"https:\/\/www.omrserrature.it\/fr\/#website\"},\"primaryImageOfPage\":{\"@id\":\"https:\/\/www.omrserrature.it\/fr\/produit\/serrure-a-came-avec-ressort-de-rappel-pene-et-came-de-crochet\/#primaryimage\"},\"image\":{\"@id\":\"https:\/\/www.omrserrature.it\/fr\/produit\/serrure-a-came-avec-ressort-de-rappel-pene-et-came-de-crochet\/#primaryimage\"},\"thumbnailUrl\":\"https:\/\/www.omrserrature.it\/wp-content\/uploads\/2022\/05\/Serratura-a-scrocco-con-molla-di-ritorno-e-leva-a-gancio-mod.-07-Novita-2022-OMR.jpg\",\"datePublished\":\"2024-04-15T10:16:00+00:00\",\"dateModified\":\"2026-04-08T09:13:43+00:00\",\"breadcrumb\":{\"@id\":\"https:\/\/www.omrserrature.it\/fr\/produit\/serrure-a-came-avec-ressort-de-rappel-pene-et-came-de-crochet\/#breadcrumb\"},\"inLanguage\":\"fr-FR\",\"potentialAction\":[{\"@type\":\"ReadAction\",\"target\":[\"https:\/\/www.omrserrature.it\/fr\/produit\/serrure-a-came-avec-ressort-de-rappel-pene-et-came-de-crochet\/\"]}]},{\"@type\":\"ImageObject\",\"inLanguage\":\"fr-FR\",\"@id\":\"https:\/\/www.omrserrature.it\/fr\/produit\/serrure-a-came-avec-ressort-de-rappel-pene-et-came-de-crochet\/#primaryimage\",\"url\":\"https:\/\/www.omrserrature.it\/wp-content\/uploads\/2022\/05\/Serratura-a-scrocco-con-molla-di-ritorno-e-leva-a-gancio-mod.-07-Novita-2022-OMR.jpg\",\"contentUrl\":\"https:\/\/www.omrserrature.it\/wp-content\/uploads\/2022\/05\/Serratura-a-scrocco-con-molla-di-ritorno-e-leva-a-gancio-mod.-07-Novita-2022-OMR.jpg\",\"width\":1000,\"height\":1000,\"caption\":\"Serrure \u00e0 tringles avec ressort de rappel et levier \u00e0 crochet - mod. 07 - Nouveau 2022\"},{\"@type\":\"BreadcrumbList\",\"@id\":\"https:\/\/www.omrserrature.it\/fr\/produit\/serrure-a-came-avec-ressort-de-rappel-pene-et-came-de-crochet\/#breadcrumb\",\"itemListElement\":[{\"@type\":\"ListItem\",\"position\":1,\"name\":\"Home\",\"item\":\"https:\/\/www.omrserrature.it\/fr\/omr-serrures-et-systemes-de-verrouillage\/\"},{\"@type\":\"ListItem\",\"position\":2,\"name\":\"Catalogue\",\"item\":\"https:\/\/www.omrserrature.it\/catalogue\/?lang=fr\"},{\"@type\":\"ListItem\",\"position\":3,\"name\":\"Applications\",\"item\":\"https:\/\/www.omrserrature.it\/fr\/catalogue\/applications\/\"},{\"@type\":\"ListItem\",\"position\":4,\"name\":\"Serrure d'armoire conforme au r\u00e8glement GDPR\",\"item\":\"https:\/\/www.omrserrature.it\/fr\/catalogue\/applications\/serrure-darmoire-conforme-au-reglement-gdpr\/\"},{\"@type\":\"ListItem\",\"position\":5,\"name\":\"Serrure \u00e0 came avec ressort de rappel (p\u00eane) et came de crochet\"}]},{\"@type\":\"WebSite\",\"@id\":\"https:\/\/www.omrserrature.it\/fr\/#website\",\"url\":\"https:\/\/www.omrserrature.it\/fr\/\",\"name\":\"OMR Serrature | Produzione sistemi di chiusura\",\"description\":\"Produzione serrature di sicurezza e sistemi di chiusura\",\"publisher\":{\"@id\":\"https:\/\/www.omrserrature.it\/fr\/#organization\"},\"potentialAction\":[{\"@type\":\"SearchAction\",\"target\":{\"@type\":\"EntryPoint\",\"urlTemplate\":\"https:\/\/www.omrserrature.it\/fr\/?s={search_term_string}\"},\"query-input\":{\"@type\":\"PropertyValueSpecification\",\"valueRequired\":true,\"valueName\":\"search_term_string\"}}],\"inLanguage\":\"fr-FR\"},{\"@type\":\"Organization\",\"@id\":\"https:\/\/www.omrserrature.it\/fr\/#organization\",\"name\":\"OMR Serrature | Produzione sistemi di chiusura\",\"url\":\"https:\/\/www.omrserrature.it\/fr\/\",\"logo\":{\"@type\":\"ImageObject\",\"inLanguage\":\"fr-FR\",\"@id\":\"https:\/\/www.omrserrature.it\/fr\/#\/schema\/logo\/image\/\",\"url\":\"https:\/\/www.omrserrature.it\/wp-content\/uploads\/2017\/09\/favicon-omr-114.png\",\"contentUrl\":\"https:\/\/www.omrserrature.it\/wp-content\/uploads\/2017\/09\/favicon-omr-114.png\",\"width\":114,\"height\":114,\"caption\":\"OMR Serrature | Produzione sistemi di chiusura\"},\"image\":{\"@id\":\"https:\/\/www.omrserrature.it\/fr\/#\/schema\/logo\/image\/\"},\"sameAs\":[\"https:\/\/www.facebook.com\/OMRserrature\",\"https:\/\/www.linkedin.com\/company\/omrserrature\/\",\"https:\/\/www.youtube.com\/channel\/UCxmA85z2R0EpG_6IRokiAkg\"]}]}<\/script>\n<!-- \/ Yoast SEO plugin. -->","yoast_head_json":{"title":"Serrure \u00e0 came avec ressort de rappel (p\u00eane) et came de crochet - OMR Serrature","robots":{"index":"index","follow":"follow","max-snippet":"max-snippet:-1","max-image-preview":"max-image-preview:large","max-video-preview":"max-video-preview:-1"},"canonical":"https:\/\/www.omrserrature.it\/fr\/produit\/serrure-a-came-avec-ressort-de-rappel-pene-et-came-de-crochet\/","og_locale":"fr_FR","og_type":"article","og_title":"Serrure \u00e0 came avec ressort de rappel (p\u00eane) et came de crochet - OMR Serrature","og_description":"Cette serrure avec m\u00e9canisme \u00e0 ressort et levier \u00e0 crochet est id\u00e9ale pour les coffres de moto, les barres de toit, les porte-bagages, les porte-skis, les porte-v\u00e9los, les syst\u00e8mes de distribution automatique et de lavage de voitures, ainsi que les machines de l'industrie alimentaire, le mobilier de bureau, le mobilier hospitalier et le mobilier de bureau.","og_url":"https:\/\/www.omrserrature.it\/fr\/produit\/serrure-a-came-avec-ressort-de-rappel-pene-et-came-de-crochet\/","og_site_name":"OMR Serrature | Produzione sistemi di chiusura","article_publisher":"https:\/\/www.facebook.com\/OMRserrature","article_modified_time":"2026-04-08T09:13:43+00:00","og_image":[{"width":1000,"height":1000,"url":"https:\/\/www.omrserrature.it\/wp-content\/uploads\/2022\/05\/Serratura-a-scrocco-con-molla-di-ritorno-e-leva-a-gancio-mod.-07-Novita-2022-OMR.jpg","type":"image\/jpeg"}],"twitter_card":"summary_large_image","twitter_misc":{"Dur\u00e9e de lecture estim\u00e9e":"2 minutes"},"schema":{"@context":"https:\/\/schema.org","@graph":[{"@type":"WebPage","@id":"https:\/\/www.omrserrature.it\/fr\/produit\/serrure-a-came-avec-ressort-de-rappel-pene-et-came-de-crochet\/","url":"https:\/\/www.omrserrature.it\/fr\/produit\/serrure-a-came-avec-ressort-de-rappel-pene-et-came-de-crochet\/","name":"Serrure \u00e0 came avec ressort de rappel (p\u00eane) et came de crochet - OMR Serrature","isPartOf":{"@id":"https:\/\/www.omrserrature.it\/fr\/#website"},"primaryImageOfPage":{"@id":"https:\/\/www.omrserrature.it\/fr\/produit\/serrure-a-came-avec-ressort-de-rappel-pene-et-came-de-crochet\/#primaryimage"},"image":{"@id":"https:\/\/www.omrserrature.it\/fr\/produit\/serrure-a-came-avec-ressort-de-rappel-pene-et-came-de-crochet\/#primaryimage"},"thumbnailUrl":"https:\/\/www.omrserrature.it\/wp-content\/uploads\/2022\/05\/Serratura-a-scrocco-con-molla-di-ritorno-e-leva-a-gancio-mod.-07-Novita-2022-OMR.jpg","datePublished":"2024-04-15T10:16:00+00:00","dateModified":"2026-04-08T09:13:43+00:00","breadcrumb":{"@id":"https:\/\/www.omrserrature.it\/fr\/produit\/serrure-a-came-avec-ressort-de-rappel-pene-et-came-de-crochet\/#breadcrumb"},"inLanguage":"fr-FR","potentialAction":[{"@type":"ReadAction","target":["https:\/\/www.omrserrature.it\/fr\/produit\/serrure-a-came-avec-ressort-de-rappel-pene-et-came-de-crochet\/"]}]},{"@type":"ImageObject","inLanguage":"fr-FR","@id":"https:\/\/www.omrserrature.it\/fr\/produit\/serrure-a-came-avec-ressort-de-rappel-pene-et-came-de-crochet\/#primaryimage","url":"https:\/\/www.omrserrature.it\/wp-content\/uploads\/2022\/05\/Serratura-a-scrocco-con-molla-di-ritorno-e-leva-a-gancio-mod.-07-Novita-2022-OMR.jpg","contentUrl":"https:\/\/www.omrserrature.it\/wp-content\/uploads\/2022\/05\/Serratura-a-scrocco-con-molla-di-ritorno-e-leva-a-gancio-mod.-07-Novita-2022-OMR.jpg","width":1000,"height":1000,"caption":"Serrure \u00e0 tringles avec ressort de rappel et levier \u00e0 crochet - mod. 07 - Nouveau 2022"},{"@type":"BreadcrumbList","@id":"https:\/\/www.omrserrature.it\/fr\/produit\/serrure-a-came-avec-ressort-de-rappel-pene-et-came-de-crochet\/#breadcrumb","itemListElement":[{"@type":"ListItem","position":1,"name":"Home","item":"https:\/\/www.omrserrature.it\/fr\/omr-serrures-et-systemes-de-verrouillage\/"},{"@type":"ListItem","position":2,"name":"Catalogue","item":"https:\/\/www.omrserrature.it\/catalogue\/?lang=fr"},{"@type":"ListItem","position":3,"name":"Applications","item":"https:\/\/www.omrserrature.it\/fr\/catalogue\/applications\/"},{"@type":"ListItem","position":4,"name":"Serrure d'armoire conforme au r\u00e8glement GDPR","item":"https:\/\/www.omrserrature.it\/fr\/catalogue\/applications\/serrure-darmoire-conforme-au-reglement-gdpr\/"},{"@type":"ListItem","position":5,"name":"Serrure \u00e0 came avec ressort de rappel (p\u00eane) et came de crochet"}]},{"@type":"WebSite","@id":"https:\/\/www.omrserrature.it\/fr\/#website","url":"https:\/\/www.omrserrature.it\/fr\/","name":"OMR Serrature | Produzione sistemi di chiusura","description":"Produzione serrature di sicurezza e sistemi di chiusura","publisher":{"@id":"https:\/\/www.omrserrature.it\/fr\/#organization"},"potentialAction":[{"@type":"SearchAction","target":{"@type":"EntryPoint","urlTemplate":"https:\/\/www.omrserrature.it\/fr\/?s={search_term_string}"},"query-input":{"@type":"PropertyValueSpecification","valueRequired":true,"valueName":"search_term_string"}}],"inLanguage":"fr-FR"},{"@type":"Organization","@id":"https:\/\/www.omrserrature.it\/fr\/#organization","name":"OMR Serrature | Produzione sistemi di chiusura","url":"https:\/\/www.omrserrature.it\/fr\/","logo":{"@type":"ImageObject","inLanguage":"fr-FR","@id":"https:\/\/www.omrserrature.it\/fr\/#\/schema\/logo\/image\/","url":"https:\/\/www.omrserrature.it\/wp-content\/uploads\/2017\/09\/favicon-omr-114.png","contentUrl":"https:\/\/www.omrserrature.it\/wp-content\/uploads\/2017\/09\/favicon-omr-114.png","width":114,"height":114,"caption":"OMR Serrature | Produzione sistemi di chiusura"},"image":{"@id":"https:\/\/www.omrserrature.it\/fr\/#\/schema\/logo\/image\/"},"sameAs":["https:\/\/www.facebook.com\/OMRserrature","https:\/\/www.linkedin.com\/company\/omrserrature\/","https:\/\/www.youtube.com\/channel\/UCxmA85z2R0EpG_6IRokiAkg"]}]}},"_links":{"self":[{"href":"https:\/\/www.omrserrature.it\/fr\/wp-json\/wp\/v2\/product\/242011","targetHints":{"allow":["GET"]}}],"collection":[{"href":"https:\/\/www.omrserrature.it\/fr\/wp-json\/wp\/v2\/product"}],"about":[{"href":"https:\/\/www.omrserrature.it\/fr\/wp-json\/wp\/v2\/types\/product"}],"replies":[{"embeddable":true,"href":"https:\/\/www.omrserrature.it\/fr\/wp-json\/wp\/v2\/comments?post=242011"}],"wp:featuredmedia":[{"embeddable":true,"href":"https:\/\/www.omrserrature.it\/fr\/wp-json\/wp\/v2\/media\/25083"}],"wp:attachment":[{"href":"https:\/\/www.omrserrature.it\/fr\/wp-json\/wp\/v2\/media?parent=242011"}],"wp:term":[{"taxonomy":"product_brand","embeddable":true,"href":"https:\/\/www.omrserrature.it\/fr\/wp-json\/wp\/v2\/product_brand?post=242011"},{"taxonomy":"product_cat","embeddable":true,"href":"https:\/\/www.omrserrature.it\/fr\/wp-json\/wp\/v2\/product_cat?post=242011"},{"taxonomy":"product_tag","embeddable":true,"href":"https:\/\/www.omrserrature.it\/fr\/wp-json\/wp\/v2\/product_tag?post=242011"}],"curies":[{"name":"wp","href":"https:\/\/api.w.org\/{rel}","templated":true}]}}