{"id":241928,"date":"2017-10-16T11:21:33","date_gmt":"2016-10-17T09:21:00","guid":{"rendered":"https:\/\/www.staging6.omrserrature.it\/prodotto\/serrure-a-cremaillere-pour-portes-coulissantes\/"},"modified":"2026-04-08T12:23:43","modified_gmt":"2026-04-08T10:23:43","slug":"serrure-a-cremaillere-pour-portes-coulissantes","status":"publish","type":"product","link":"https:\/\/www.omrserrature.it\/fr\/produit\/serrure-a-cremaillere-pour-portes-coulissantes\/","title":{"rendered":"Serrure pour portes coulissantes en verre"},"content":{"rendered":"<p>La serrure \u00e0 <strong>porte coulissante<\/strong> \u00e0 cr\u00e9maill\u00e8re, \u00e9galement connue sous le nom de syst\u00e8me \u00e0 scie ou \u00e0 barre dent\u00e9e, se caract\u00e9rise par une serrure dot\u00e9e d&rsquo;un m\u00e9canisme \u00e0 cr\u00e9maill\u00e8re contenant une roue dent\u00e9e se d\u00e9pla\u00e7ant sur un engrenage \u00e0 tringle lin\u00e9aire qui convertit un mouvement rotatif en un mouvement lin\u00e9aire continu. Une fois la cl\u00e9 ins\u00e9r\u00e9e et tourn\u00e9e, le bloc entier peut \u00eatre retir\u00e9 et les portes peuvent \u00eatre couliss\u00e9es.<\/p>\n<p>L&rsquo;installation de cette serrure<strong> ne n\u00e9cessite aucun per\u00e7age<\/strong>, ce qui garantit une grande polyvalence et une facilit\u00e9 d&rsquo;utilisation.<\/p>\n<p>Gr\u00e2ce aux deux types de tiges, l&rsquo;<strong>application sur le verre et le bois<\/strong> est possible sans aucun per\u00e7age, ce qui est \u00e9galement id\u00e9al pour le march\u00e9 de l&rsquo;apr\u00e8s-vente.<\/p>\n<p><strong>La serrure \u00e0 cr\u00e9maill\u00e8re pour vitrines et armoires<\/strong> est parfaitement adapt\u00e9e \u00e0 l&rsquo;installation sur les <strong>vitrines<\/strong> avec portes coulissantes, sur les <strong>panneaux d&rsquo;affichage<\/strong> et les <strong>pr\u00e9sentoirs<\/strong> dans les espaces commerciaux. Gr\u00e2ce \u00e0 la goupille SAST04608, qui permet une<strong>application sur une \u00e9paisseur allant jusqu&rsquo;\u00e0 29 mm<\/strong>, elle convient \u00e9galement \u00e0 une application sur les armoires en bois, le mobilier m\u00e9dical et les bijouteries. <\/p>\n","protected":false},"excerpt":{"rendered":"<p><strong>La serrure \u00e0 cr\u00e9maill\u00e8re pour fen\u00eatres et vitrines<\/strong> peut \u00eatre parfaitement install\u00e9e sur les vitrines avec portes coulissantes, sur les panneaux d&rsquo;affichage et les pr\u00e9sentoirs dans les espaces de vente.<\/p>\n<p>Ce produit <strong>ne n\u00e9cessite aucun per\u00e7age<\/strong> pour son installation.<\/p>\n","protected":false},"featured_media":3714,"comment_status":"open","ping_status":"closed","template":"","meta":{"_acf_changed":false,"_et_pb_use_builder":"","_et_pb_old_content":"","_et_gb_content_width":""},"product_brand":[],"product_cat":[3753,3740,3754,3749,3647,3658,3723,3697,3731],"product_tag":[],"class_list":{"0":"post-241928","1":"product","2":"type-product","3":"status-publish","4":"has-post-thumbnail","6":"product_cat-education-et-culture","7":"product_cat-glissant","8":"product_cat-juste","9":"product_cat-magasins-et-activites-commerciales","10":"product_cat-serrures-a-cremaillere","11":"product_cat-serrures-a-passe-partout","12":"product_cat-serrures-de-panneaux","13":"product_cat-serrures-pour-meubles","14":"product_cat-serrures-pour-vitrines-dexposition","16":"first","17":"instock","18":"shipping-taxable","19":"purchasable","20":"product-type-variable"},"acf":{"pdf1":"https:\/\/www.omrserrature.it\/wp-content\/uploads\/schede\/Scheda_220335.pdf"},"yoast_head":"<!-- This site is optimized with the Yoast SEO plugin v27.2 - https:\/\/yoast.com\/product\/yoast-seo-wordpress\/ -->\n<title>Serrure pour portes coulissantes en verre - OMR Serrature<\/title>\n<meta name=\"robots\" content=\"index, follow, max-snippet:-1, max-image-preview:large, max-video-preview:-1\" \/>\n<link rel=\"canonical\" href=\"https:\/\/www.omrserrature.it\/fr\/produit\/serrure-a-cremaillere-pour-portes-coulissantes\/\" \/>\n<meta property=\"og:locale\" content=\"fr_FR\" \/>\n<meta property=\"og:type\" content=\"article\" \/>\n<meta property=\"og:title\" content=\"Serrure pour portes coulissantes en verre - OMR Serrature\" \/>\n<meta property=\"og:description\" content=\"La serrure \u00e0 cr\u00e9maill\u00e8re pour fen\u00eatres et vitrines peut \u00eatre parfaitement install\u00e9e sur les vitrines avec portes coulissantes, sur les panneaux d&#039;affichage et les pr\u00e9sentoirs dans les espaces de vente. Ce produit ne n\u00e9cessite aucun per\u00e7age pour son installation.\" \/>\n<meta property=\"og:url\" content=\"https:\/\/www.omrserrature.it\/fr\/produit\/serrure-a-cremaillere-pour-portes-coulissantes\/\" \/>\n<meta property=\"og:site_name\" content=\"OMR Serrature | Produzione sistemi di chiusura\" \/>\n<meta property=\"article:publisher\" content=\"https:\/\/www.facebook.com\/OMRserrature\" \/>\n<meta property=\"article:modified_time\" content=\"2026-04-08T10:23:43+00:00\" \/>\n<meta property=\"og:image\" content=\"https:\/\/www.omrserrature.it\/wp-content\/uploads\/2017\/10\/serratura-cremagliera.jpg\" \/>\n\t<meta property=\"og:image:width\" content=\"912\" \/>\n\t<meta property=\"og:image:height\" content=\"477\" \/>\n\t<meta property=\"og:image:type\" content=\"image\/jpeg\" \/>\n<meta name=\"twitter:card\" content=\"summary_large_image\" \/>\n<meta name=\"twitter:label1\" content=\"Dur\u00e9e de lecture estim\u00e9e\" \/>\n\t<meta name=\"twitter:data1\" content=\"1 minute\" \/>\n<script type=\"application\/ld+json\" class=\"yoast-schema-graph\">{\"@context\":\"https:\/\/schema.org\",\"@graph\":[{\"@type\":\"WebPage\",\"@id\":\"https:\/\/www.omrserrature.it\/fr\/produit\/serrure-a-cremaillere-pour-portes-coulissantes\/\",\"url\":\"https:\/\/www.omrserrature.it\/fr\/produit\/serrure-a-cremaillere-pour-portes-coulissantes\/\",\"name\":\"Serrure pour portes coulissantes en verre - OMR Serrature\",\"isPartOf\":{\"@id\":\"https:\/\/www.omrserrature.it\/fr\/#website\"},\"primaryImageOfPage\":{\"@id\":\"https:\/\/www.omrserrature.it\/fr\/produit\/serrure-a-cremaillere-pour-portes-coulissantes\/#primaryimage\"},\"image\":{\"@id\":\"https:\/\/www.omrserrature.it\/fr\/produit\/serrure-a-cremaillere-pour-portes-coulissantes\/#primaryimage\"},\"thumbnailUrl\":\"https:\/\/www.omrserrature.it\/wp-content\/uploads\/2017\/10\/serratura-cremagliera.jpg\",\"datePublished\":\"2016-10-17T09:21:00+00:00\",\"dateModified\":\"2026-04-08T10:23:43+00:00\",\"breadcrumb\":{\"@id\":\"https:\/\/www.omrserrature.it\/fr\/produit\/serrure-a-cremaillere-pour-portes-coulissantes\/#breadcrumb\"},\"inLanguage\":\"fr-FR\",\"potentialAction\":[{\"@type\":\"ReadAction\",\"target\":[\"https:\/\/www.omrserrature.it\/fr\/produit\/serrure-a-cremaillere-pour-portes-coulissantes\/\"]}]},{\"@type\":\"ImageObject\",\"inLanguage\":\"fr-FR\",\"@id\":\"https:\/\/www.omrserrature.it\/fr\/produit\/serrure-a-cremaillere-pour-portes-coulissantes\/#primaryimage\",\"url\":\"https:\/\/www.omrserrature.it\/wp-content\/uploads\/2017\/10\/serratura-cremagliera.jpg\",\"contentUrl\":\"https:\/\/www.omrserrature.it\/wp-content\/uploads\/2017\/10\/serratura-cremagliera.jpg\",\"width\":912,\"height\":477,\"caption\":\"Serrure \u00e0 cr\u00e9maill\u00e8re pour portes coulissantes\"},{\"@type\":\"BreadcrumbList\",\"@id\":\"https:\/\/www.omrserrature.it\/fr\/produit\/serrure-a-cremaillere-pour-portes-coulissantes\/#breadcrumb\",\"itemListElement\":[{\"@type\":\"ListItem\",\"position\":1,\"name\":\"Home\",\"item\":\"https:\/\/www.omrserrature.it\/fr\/omr-serrures-et-systemes-de-verrouillage\/\"},{\"@type\":\"ListItem\",\"position\":2,\"name\":\"Catalogue\",\"item\":\"https:\/\/www.omrserrature.it\/catalogue\/?lang=fr\"},{\"@type\":\"ListItem\",\"position\":3,\"name\":\"Applications\",\"item\":\"https:\/\/www.omrserrature.it\/fr\/catalogue\/applications\/\"},{\"@type\":\"ListItem\",\"position\":4,\"name\":\"Serrures pour meubles\",\"item\":\"https:\/\/www.omrserrature.it\/fr\/catalogue\/applications\/serrures-pour-meubles\/\"},{\"@type\":\"ListItem\",\"position\":5,\"name\":\"Serrures de panneaux\",\"item\":\"https:\/\/www.omrserrature.it\/fr\/catalogue\/applications\/serrures-pour-meubles\/serrures-de-panneaux\/\"},{\"@type\":\"ListItem\",\"position\":6,\"name\":\"Glissant\",\"item\":\"https:\/\/www.omrserrature.it\/fr\/catalogue\/applications\/serrures-pour-meubles\/serrures-de-panneaux\/glissant\/\"},{\"@type\":\"ListItem\",\"position\":7,\"name\":\"Serrure pour portes coulissantes en verre\"}]},{\"@type\":\"WebSite\",\"@id\":\"https:\/\/www.omrserrature.it\/fr\/#website\",\"url\":\"https:\/\/www.omrserrature.it\/fr\/\",\"name\":\"OMR Serrature | Produzione sistemi di chiusura\",\"description\":\"Produzione serrature di sicurezza e sistemi di chiusura\",\"publisher\":{\"@id\":\"https:\/\/www.omrserrature.it\/fr\/#organization\"},\"potentialAction\":[{\"@type\":\"SearchAction\",\"target\":{\"@type\":\"EntryPoint\",\"urlTemplate\":\"https:\/\/www.omrserrature.it\/fr\/?s={search_term_string}\"},\"query-input\":{\"@type\":\"PropertyValueSpecification\",\"valueRequired\":true,\"valueName\":\"search_term_string\"}}],\"inLanguage\":\"fr-FR\"},{\"@type\":\"Organization\",\"@id\":\"https:\/\/www.omrserrature.it\/fr\/#organization\",\"name\":\"OMR Serrature | Produzione sistemi di chiusura\",\"url\":\"https:\/\/www.omrserrature.it\/fr\/\",\"logo\":{\"@type\":\"ImageObject\",\"inLanguage\":\"fr-FR\",\"@id\":\"https:\/\/www.omrserrature.it\/fr\/#\/schema\/logo\/image\/\",\"url\":\"https:\/\/www.omrserrature.it\/wp-content\/uploads\/2017\/09\/favicon-omr-114.png\",\"contentUrl\":\"https:\/\/www.omrserrature.it\/wp-content\/uploads\/2017\/09\/favicon-omr-114.png\",\"width\":114,\"height\":114,\"caption\":\"OMR Serrature | Produzione sistemi di chiusura\"},\"image\":{\"@id\":\"https:\/\/www.omrserrature.it\/fr\/#\/schema\/logo\/image\/\"},\"sameAs\":[\"https:\/\/www.facebook.com\/OMRserrature\",\"https:\/\/www.linkedin.com\/company\/omrserrature\/\",\"https:\/\/www.youtube.com\/channel\/UCxmA85z2R0EpG_6IRokiAkg\"]}]}<\/script>\n<!-- \/ Yoast SEO plugin. -->","yoast_head_json":{"title":"Serrure pour portes coulissantes en verre - OMR Serrature","robots":{"index":"index","follow":"follow","max-snippet":"max-snippet:-1","max-image-preview":"max-image-preview:large","max-video-preview":"max-video-preview:-1"},"canonical":"https:\/\/www.omrserrature.it\/fr\/produit\/serrure-a-cremaillere-pour-portes-coulissantes\/","og_locale":"fr_FR","og_type":"article","og_title":"Serrure pour portes coulissantes en verre - OMR Serrature","og_description":"La serrure \u00e0 cr\u00e9maill\u00e8re pour fen\u00eatres et vitrines peut \u00eatre parfaitement install\u00e9e sur les vitrines avec portes coulissantes, sur les panneaux d'affichage et les pr\u00e9sentoirs dans les espaces de vente. Ce produit ne n\u00e9cessite aucun per\u00e7age pour son installation.","og_url":"https:\/\/www.omrserrature.it\/fr\/produit\/serrure-a-cremaillere-pour-portes-coulissantes\/","og_site_name":"OMR Serrature | Produzione sistemi di chiusura","article_publisher":"https:\/\/www.facebook.com\/OMRserrature","article_modified_time":"2026-04-08T10:23:43+00:00","og_image":[{"width":912,"height":477,"url":"https:\/\/www.omrserrature.it\/wp-content\/uploads\/2017\/10\/serratura-cremagliera.jpg","type":"image\/jpeg"}],"twitter_card":"summary_large_image","twitter_misc":{"Dur\u00e9e de lecture estim\u00e9e":"1 minute"},"schema":{"@context":"https:\/\/schema.org","@graph":[{"@type":"WebPage","@id":"https:\/\/www.omrserrature.it\/fr\/produit\/serrure-a-cremaillere-pour-portes-coulissantes\/","url":"https:\/\/www.omrserrature.it\/fr\/produit\/serrure-a-cremaillere-pour-portes-coulissantes\/","name":"Serrure pour portes coulissantes en verre - OMR Serrature","isPartOf":{"@id":"https:\/\/www.omrserrature.it\/fr\/#website"},"primaryImageOfPage":{"@id":"https:\/\/www.omrserrature.it\/fr\/produit\/serrure-a-cremaillere-pour-portes-coulissantes\/#primaryimage"},"image":{"@id":"https:\/\/www.omrserrature.it\/fr\/produit\/serrure-a-cremaillere-pour-portes-coulissantes\/#primaryimage"},"thumbnailUrl":"https:\/\/www.omrserrature.it\/wp-content\/uploads\/2017\/10\/serratura-cremagliera.jpg","datePublished":"2016-10-17T09:21:00+00:00","dateModified":"2026-04-08T10:23:43+00:00","breadcrumb":{"@id":"https:\/\/www.omrserrature.it\/fr\/produit\/serrure-a-cremaillere-pour-portes-coulissantes\/#breadcrumb"},"inLanguage":"fr-FR","potentialAction":[{"@type":"ReadAction","target":["https:\/\/www.omrserrature.it\/fr\/produit\/serrure-a-cremaillere-pour-portes-coulissantes\/"]}]},{"@type":"ImageObject","inLanguage":"fr-FR","@id":"https:\/\/www.omrserrature.it\/fr\/produit\/serrure-a-cremaillere-pour-portes-coulissantes\/#primaryimage","url":"https:\/\/www.omrserrature.it\/wp-content\/uploads\/2017\/10\/serratura-cremagliera.jpg","contentUrl":"https:\/\/www.omrserrature.it\/wp-content\/uploads\/2017\/10\/serratura-cremagliera.jpg","width":912,"height":477,"caption":"Serrure \u00e0 cr\u00e9maill\u00e8re pour portes coulissantes"},{"@type":"BreadcrumbList","@id":"https:\/\/www.omrserrature.it\/fr\/produit\/serrure-a-cremaillere-pour-portes-coulissantes\/#breadcrumb","itemListElement":[{"@type":"ListItem","position":1,"name":"Home","item":"https:\/\/www.omrserrature.it\/fr\/omr-serrures-et-systemes-de-verrouillage\/"},{"@type":"ListItem","position":2,"name":"Catalogue","item":"https:\/\/www.omrserrature.it\/catalogue\/?lang=fr"},{"@type":"ListItem","position":3,"name":"Applications","item":"https:\/\/www.omrserrature.it\/fr\/catalogue\/applications\/"},{"@type":"ListItem","position":4,"name":"Serrures pour meubles","item":"https:\/\/www.omrserrature.it\/fr\/catalogue\/applications\/serrures-pour-meubles\/"},{"@type":"ListItem","position":5,"name":"Serrures de panneaux","item":"https:\/\/www.omrserrature.it\/fr\/catalogue\/applications\/serrures-pour-meubles\/serrures-de-panneaux\/"},{"@type":"ListItem","position":6,"name":"Glissant","item":"https:\/\/www.omrserrature.it\/fr\/catalogue\/applications\/serrures-pour-meubles\/serrures-de-panneaux\/glissant\/"},{"@type":"ListItem","position":7,"name":"Serrure pour portes coulissantes en verre"}]},{"@type":"WebSite","@id":"https:\/\/www.omrserrature.it\/fr\/#website","url":"https:\/\/www.omrserrature.it\/fr\/","name":"OMR Serrature | Produzione sistemi di chiusura","description":"Produzione serrature di sicurezza e sistemi di chiusura","publisher":{"@id":"https:\/\/www.omrserrature.it\/fr\/#organization"},"potentialAction":[{"@type":"SearchAction","target":{"@type":"EntryPoint","urlTemplate":"https:\/\/www.omrserrature.it\/fr\/?s={search_term_string}"},"query-input":{"@type":"PropertyValueSpecification","valueRequired":true,"valueName":"search_term_string"}}],"inLanguage":"fr-FR"},{"@type":"Organization","@id":"https:\/\/www.omrserrature.it\/fr\/#organization","name":"OMR Serrature | Produzione sistemi di chiusura","url":"https:\/\/www.omrserrature.it\/fr\/","logo":{"@type":"ImageObject","inLanguage":"fr-FR","@id":"https:\/\/www.omrserrature.it\/fr\/#\/schema\/logo\/image\/","url":"https:\/\/www.omrserrature.it\/wp-content\/uploads\/2017\/09\/favicon-omr-114.png","contentUrl":"https:\/\/www.omrserrature.it\/wp-content\/uploads\/2017\/09\/favicon-omr-114.png","width":114,"height":114,"caption":"OMR Serrature | Produzione sistemi di chiusura"},"image":{"@id":"https:\/\/www.omrserrature.it\/fr\/#\/schema\/logo\/image\/"},"sameAs":["https:\/\/www.facebook.com\/OMRserrature","https:\/\/www.linkedin.com\/company\/omrserrature\/","https:\/\/www.youtube.com\/channel\/UCxmA85z2R0EpG_6IRokiAkg"]}]}},"_links":{"self":[{"href":"https:\/\/www.omrserrature.it\/fr\/wp-json\/wp\/v2\/product\/241928","targetHints":{"allow":["GET"]}}],"collection":[{"href":"https:\/\/www.omrserrature.it\/fr\/wp-json\/wp\/v2\/product"}],"about":[{"href":"https:\/\/www.omrserrature.it\/fr\/wp-json\/wp\/v2\/types\/product"}],"replies":[{"embeddable":true,"href":"https:\/\/www.omrserrature.it\/fr\/wp-json\/wp\/v2\/comments?post=241928"}],"wp:featuredmedia":[{"embeddable":true,"href":"https:\/\/www.omrserrature.it\/fr\/wp-json\/wp\/v2\/media\/3714"}],"wp:attachment":[{"href":"https:\/\/www.omrserrature.it\/fr\/wp-json\/wp\/v2\/media?parent=241928"}],"wp:term":[{"taxonomy":"product_brand","embeddable":true,"href":"https:\/\/www.omrserrature.it\/fr\/wp-json\/wp\/v2\/product_brand?post=241928"},{"taxonomy":"product_cat","embeddable":true,"href":"https:\/\/www.omrserrature.it\/fr\/wp-json\/wp\/v2\/product_cat?post=241928"},{"taxonomy":"product_tag","embeddable":true,"href":"https:\/\/www.omrserrature.it\/fr\/wp-json\/wp\/v2\/product_tag?post=241928"}],"curies":[{"name":"wp","href":"https:\/\/api.w.org\/{rel}","templated":true}]}}