{"id":241914,"date":"2017-10-12T17:23:19","date_gmt":"2012-10-17T15:23:00","guid":{"rendered":"https:\/\/www.staging6.omrserrature.it\/prodotto\/serrure-espagnolette-a-3-point-de-fermeture\/"},"modified":"2026-04-08T12:49:00","modified_gmt":"2026-04-08T10:49:00","slug":"serrure-espagnolette-a-3-point-de-fermeture","status":"publish","type":"product","link":"https:\/\/www.omrserrature.it\/fr\/produit\/serrure-espagnolette-a-3-point-de-fermeture\/","title":{"rendered":"Serrure espagnolette \u00e0 3 point de fermeture"},"content":{"rendered":"<p>La <strong>serrure<\/strong> \u00e0 p\u00eane dormant 3 points <strong>avec m\u00e9canisme \u00e0 cr\u00e9mone<\/strong> est fabriqu\u00e9e en alliage de zinc. Le cylindre, avec technologie \u00e0 lamelles, permet le d\u00e9placement d&rsquo;un p\u00eane dormant lat\u00e9ral et de tringles verticales assurant une <strong>fermeture multiple.<\/strong> <\/p>\n<p>Les attaches de poteaux peuvent avoir un simple trou ou \u00eatre munies d&rsquo;une goupille rivet\u00e9e. En raison de la configuration des plaques de cylindre, il est possible d&rsquo;obtenir <strong>un chiffrement mixte (KD), un chiffrement identique (KA) ou un syst\u00e8me de cl\u00e9 ma\u00eetresse (MK)<\/strong>.<\/p>\n<p>Gr\u00e2ce \u00e0 sa robustesse, il est particuli\u00e8rement adapt\u00e9 <strong>aux<\/strong> portes d&rsquo;<strong>armoires battantes<\/strong>, en bois ou en m\u00e9tal, \u00e0 une ou deux portes, m\u00eame avec des hauteurs consid\u00e9rables. On les retrouve donc dans les bureaux, les archives, les casernes, les gares, les foyers, les \u00e9coles et les universit\u00e9s, ainsi que dans l&rsquo;ameublement des h\u00f4pitaux.<\/p>\n","protected":false},"excerpt":{"rendered":"<p>La serrure \u00e0 p\u00eane dormant 3 points avec m\u00e9canisme \u00e0 cr\u00e9mone est fabriqu\u00e9e en alliage de zinc. Le cylindre, avec technologie \u00e0 lamelles, permet le d\u00e9placement d&rsquo;un p\u00eane dormant lat\u00e9ral et de tringles verticales assurant une fermeture multiple. <\/p>\n","protected":false},"featured_media":3774,"comment_status":"open","ping_status":"closed","template":"","meta":{"_acf_changed":false,"_et_pb_use_builder":"","_et_pb_old_content":"","_et_gb_content_width":""},"product_brand":[],"product_cat":[3738,3755,3699,3658,3691,3723,3693,3732,3644,3709,3697,3690,3744],"product_tag":[],"class_list":{"0":"post-241914","1":"product","2":"type-product","3":"status-publish","4":"has-post-thumbnail","6":"product_cat-battant","7":"product_cat-hopitaux-et-soins-de-sante","8":"product_cat-serrure-darmoire-conforme-au-reglement-gdpr","9":"product_cat-serrures-a-passe-partout","10":"product_cat-serrures-darmoires","11":"product_cat-serrures-de-panneaux","12":"product_cat-serrures-de-securite","13":"product_cat-serrures-de-securite-pour-meubles","14":"product_cat-serrures-multipoints","15":"product_cat-serrures-pour-armoires-a-substances-dangereuses","16":"product_cat-serrures-pour-meubles","17":"product_cat-serrures-professionnelles-pour-meubles","18":"product_cat-systemes-de-fermeture-de-securite","20":"first","21":"instock","22":"shipping-taxable","23":"purchasable","24":"product-type-variable","25":"has-default-attributes"},"acf":{"pdf1":"https:\/\/www.omrserrature.it\/wp-content\/uploads\/2017\/10\/Scheda-220330.pdf"},"yoast_head":"<!-- This site is optimized with the Yoast SEO plugin v27.2 - https:\/\/yoast.com\/product\/yoast-seo-wordpress\/ -->\n<title>Serrure espagnolette \u00e0 3 point de fermeture - OMR Serrature<\/title>\n<meta name=\"robots\" content=\"index, follow, max-snippet:-1, max-image-preview:large, max-video-preview:-1\" \/>\n<link rel=\"canonical\" href=\"https:\/\/www.omrserrature.it\/fr\/produit\/serrure-espagnolette-a-3-point-de-fermeture\/\" \/>\n<meta property=\"og:locale\" content=\"fr_FR\" \/>\n<meta property=\"og:type\" content=\"article\" \/>\n<meta property=\"og:title\" content=\"Serrure espagnolette \u00e0 3 point de fermeture - OMR Serrature\" \/>\n<meta property=\"og:description\" content=\"La serrure \u00e0 p\u00eane dormant 3 points avec m\u00e9canisme \u00e0 cr\u00e9mone est fabriqu\u00e9e en alliage de zinc. Le cylindre, avec technologie \u00e0 lamelles, permet le d\u00e9placement d&#039;un p\u00eane dormant lat\u00e9ral et de tringles verticales assurant une fermeture multiple.\" \/>\n<meta property=\"og:url\" content=\"https:\/\/www.omrserrature.it\/fr\/produit\/serrure-espagnolette-a-3-point-de-fermeture\/\" \/>\n<meta property=\"og:site_name\" content=\"OMR Serrature | Produzione sistemi di chiusura\" \/>\n<meta property=\"article:publisher\" content=\"https:\/\/www.facebook.com\/OMRserrature\" \/>\n<meta property=\"article:modified_time\" content=\"2026-04-08T10:49:00+00:00\" \/>\n<meta property=\"og:image\" content=\"https:\/\/www.omrserrature.it\/wp-content\/uploads\/2017\/10\/serratura-cremonese-3-punti.jpg\" \/>\n\t<meta property=\"og:image:width\" content=\"619\" \/>\n\t<meta property=\"og:image:height\" content=\"439\" \/>\n\t<meta property=\"og:image:type\" content=\"image\/jpeg\" \/>\n<meta name=\"twitter:card\" content=\"summary_large_image\" \/>\n<meta name=\"twitter:label1\" content=\"Dur\u00e9e de lecture estim\u00e9e\" \/>\n\t<meta name=\"twitter:data1\" content=\"1 minute\" \/>\n<script type=\"application\/ld+json\" class=\"yoast-schema-graph\">{\"@context\":\"https:\/\/schema.org\",\"@graph\":[{\"@type\":\"WebPage\",\"@id\":\"https:\/\/www.omrserrature.it\/fr\/produit\/serrure-espagnolette-a-3-point-de-fermeture\/\",\"url\":\"https:\/\/www.omrserrature.it\/fr\/produit\/serrure-espagnolette-a-3-point-de-fermeture\/\",\"name\":\"Serrure espagnolette \u00e0 3 point de fermeture - OMR Serrature\",\"isPartOf\":{\"@id\":\"https:\/\/www.omrserrature.it\/fr\/#website\"},\"primaryImageOfPage\":{\"@id\":\"https:\/\/www.omrserrature.it\/fr\/produit\/serrure-espagnolette-a-3-point-de-fermeture\/#primaryimage\"},\"image\":{\"@id\":\"https:\/\/www.omrserrature.it\/fr\/produit\/serrure-espagnolette-a-3-point-de-fermeture\/#primaryimage\"},\"thumbnailUrl\":\"https:\/\/www.omrserrature.it\/wp-content\/uploads\/2017\/10\/serratura-cremonese-3-punti.jpg\",\"datePublished\":\"2012-10-17T15:23:00+00:00\",\"dateModified\":\"2026-04-08T10:49:00+00:00\",\"breadcrumb\":{\"@id\":\"https:\/\/www.omrserrature.it\/fr\/produit\/serrure-espagnolette-a-3-point-de-fermeture\/#breadcrumb\"},\"inLanguage\":\"fr-FR\",\"potentialAction\":[{\"@type\":\"ReadAction\",\"target\":[\"https:\/\/www.omrserrature.it\/fr\/produit\/serrure-espagnolette-a-3-point-de-fermeture\/\"]}]},{\"@type\":\"ImageObject\",\"inLanguage\":\"fr-FR\",\"@id\":\"https:\/\/www.omrserrature.it\/fr\/produit\/serrure-espagnolette-a-3-point-de-fermeture\/#primaryimage\",\"url\":\"https:\/\/www.omrserrature.it\/wp-content\/uploads\/2017\/10\/serratura-cremonese-3-punti.jpg\",\"contentUrl\":\"https:\/\/www.omrserrature.it\/wp-content\/uploads\/2017\/10\/serratura-cremonese-3-punti.jpg\",\"width\":619,\"height\":439,\"caption\":\"Serrure \u00e0 tringles \u00e0 3 points - Serrure \u00e0 expansion\"},{\"@type\":\"BreadcrumbList\",\"@id\":\"https:\/\/www.omrserrature.it\/fr\/produit\/serrure-espagnolette-a-3-point-de-fermeture\/#breadcrumb\",\"itemListElement\":[{\"@type\":\"ListItem\",\"position\":1,\"name\":\"Home\",\"item\":\"https:\/\/www.omrserrature.it\/fr\/omr-serrures-et-systemes-de-verrouillage\/\"},{\"@type\":\"ListItem\",\"position\":2,\"name\":\"Catalogue\",\"item\":\"https:\/\/www.omrserrature.it\/catalogue\/?lang=fr\"},{\"@type\":\"ListItem\",\"position\":3,\"name\":\"Produits\",\"item\":\"https:\/\/www.omrserrature.it\/fr\/catalogue\/produits\/\"},{\"@type\":\"ListItem\",\"position\":4,\"name\":\"Serrures\",\"item\":\"https:\/\/www.omrserrature.it\/fr\/catalogue\/produits\/serrures\/\"},{\"@type\":\"ListItem\",\"position\":5,\"name\":\"Serrures multipoints\",\"item\":\"https:\/\/www.omrserrature.it\/fr\/catalogue\/produits\/serrures\/serrures-multipoints\/\"},{\"@type\":\"ListItem\",\"position\":6,\"name\":\"Serrure espagnolette \u00e0 3 point de fermeture\"}]},{\"@type\":\"WebSite\",\"@id\":\"https:\/\/www.omrserrature.it\/fr\/#website\",\"url\":\"https:\/\/www.omrserrature.it\/fr\/\",\"name\":\"OMR Serrature | Produzione sistemi di chiusura\",\"description\":\"Produzione serrature di sicurezza e sistemi di chiusura\",\"publisher\":{\"@id\":\"https:\/\/www.omrserrature.it\/fr\/#organization\"},\"potentialAction\":[{\"@type\":\"SearchAction\",\"target\":{\"@type\":\"EntryPoint\",\"urlTemplate\":\"https:\/\/www.omrserrature.it\/fr\/?s={search_term_string}\"},\"query-input\":{\"@type\":\"PropertyValueSpecification\",\"valueRequired\":true,\"valueName\":\"search_term_string\"}}],\"inLanguage\":\"fr-FR\"},{\"@type\":\"Organization\",\"@id\":\"https:\/\/www.omrserrature.it\/fr\/#organization\",\"name\":\"OMR Serrature | Produzione sistemi di chiusura\",\"url\":\"https:\/\/www.omrserrature.it\/fr\/\",\"logo\":{\"@type\":\"ImageObject\",\"inLanguage\":\"fr-FR\",\"@id\":\"https:\/\/www.omrserrature.it\/fr\/#\/schema\/logo\/image\/\",\"url\":\"https:\/\/www.omrserrature.it\/wp-content\/uploads\/2017\/09\/favicon-omr-114.png\",\"contentUrl\":\"https:\/\/www.omrserrature.it\/wp-content\/uploads\/2017\/09\/favicon-omr-114.png\",\"width\":114,\"height\":114,\"caption\":\"OMR Serrature | Produzione sistemi di chiusura\"},\"image\":{\"@id\":\"https:\/\/www.omrserrature.it\/fr\/#\/schema\/logo\/image\/\"},\"sameAs\":[\"https:\/\/www.facebook.com\/OMRserrature\",\"https:\/\/www.linkedin.com\/company\/omrserrature\/\",\"https:\/\/www.youtube.com\/channel\/UCxmA85z2R0EpG_6IRokiAkg\"]}]}<\/script>\n<!-- \/ Yoast SEO plugin. -->","yoast_head_json":{"title":"Serrure espagnolette \u00e0 3 point de fermeture - OMR Serrature","robots":{"index":"index","follow":"follow","max-snippet":"max-snippet:-1","max-image-preview":"max-image-preview:large","max-video-preview":"max-video-preview:-1"},"canonical":"https:\/\/www.omrserrature.it\/fr\/produit\/serrure-espagnolette-a-3-point-de-fermeture\/","og_locale":"fr_FR","og_type":"article","og_title":"Serrure espagnolette \u00e0 3 point de fermeture - OMR Serrature","og_description":"La serrure \u00e0 p\u00eane dormant 3 points avec m\u00e9canisme \u00e0 cr\u00e9mone est fabriqu\u00e9e en alliage de zinc. Le cylindre, avec technologie \u00e0 lamelles, permet le d\u00e9placement d'un p\u00eane dormant lat\u00e9ral et de tringles verticales assurant une fermeture multiple.","og_url":"https:\/\/www.omrserrature.it\/fr\/produit\/serrure-espagnolette-a-3-point-de-fermeture\/","og_site_name":"OMR Serrature | Produzione sistemi di chiusura","article_publisher":"https:\/\/www.facebook.com\/OMRserrature","article_modified_time":"2026-04-08T10:49:00+00:00","og_image":[{"width":619,"height":439,"url":"https:\/\/www.omrserrature.it\/wp-content\/uploads\/2017\/10\/serratura-cremonese-3-punti.jpg","type":"image\/jpeg"}],"twitter_card":"summary_large_image","twitter_misc":{"Dur\u00e9e de lecture estim\u00e9e":"1 minute"},"schema":{"@context":"https:\/\/schema.org","@graph":[{"@type":"WebPage","@id":"https:\/\/www.omrserrature.it\/fr\/produit\/serrure-espagnolette-a-3-point-de-fermeture\/","url":"https:\/\/www.omrserrature.it\/fr\/produit\/serrure-espagnolette-a-3-point-de-fermeture\/","name":"Serrure espagnolette \u00e0 3 point de fermeture - OMR Serrature","isPartOf":{"@id":"https:\/\/www.omrserrature.it\/fr\/#website"},"primaryImageOfPage":{"@id":"https:\/\/www.omrserrature.it\/fr\/produit\/serrure-espagnolette-a-3-point-de-fermeture\/#primaryimage"},"image":{"@id":"https:\/\/www.omrserrature.it\/fr\/produit\/serrure-espagnolette-a-3-point-de-fermeture\/#primaryimage"},"thumbnailUrl":"https:\/\/www.omrserrature.it\/wp-content\/uploads\/2017\/10\/serratura-cremonese-3-punti.jpg","datePublished":"2012-10-17T15:23:00+00:00","dateModified":"2026-04-08T10:49:00+00:00","breadcrumb":{"@id":"https:\/\/www.omrserrature.it\/fr\/produit\/serrure-espagnolette-a-3-point-de-fermeture\/#breadcrumb"},"inLanguage":"fr-FR","potentialAction":[{"@type":"ReadAction","target":["https:\/\/www.omrserrature.it\/fr\/produit\/serrure-espagnolette-a-3-point-de-fermeture\/"]}]},{"@type":"ImageObject","inLanguage":"fr-FR","@id":"https:\/\/www.omrserrature.it\/fr\/produit\/serrure-espagnolette-a-3-point-de-fermeture\/#primaryimage","url":"https:\/\/www.omrserrature.it\/wp-content\/uploads\/2017\/10\/serratura-cremonese-3-punti.jpg","contentUrl":"https:\/\/www.omrserrature.it\/wp-content\/uploads\/2017\/10\/serratura-cremonese-3-punti.jpg","width":619,"height":439,"caption":"Serrure \u00e0 tringles \u00e0 3 points - Serrure \u00e0 expansion"},{"@type":"BreadcrumbList","@id":"https:\/\/www.omrserrature.it\/fr\/produit\/serrure-espagnolette-a-3-point-de-fermeture\/#breadcrumb","itemListElement":[{"@type":"ListItem","position":1,"name":"Home","item":"https:\/\/www.omrserrature.it\/fr\/omr-serrures-et-systemes-de-verrouillage\/"},{"@type":"ListItem","position":2,"name":"Catalogue","item":"https:\/\/www.omrserrature.it\/catalogue\/?lang=fr"},{"@type":"ListItem","position":3,"name":"Produits","item":"https:\/\/www.omrserrature.it\/fr\/catalogue\/produits\/"},{"@type":"ListItem","position":4,"name":"Serrures","item":"https:\/\/www.omrserrature.it\/fr\/catalogue\/produits\/serrures\/"},{"@type":"ListItem","position":5,"name":"Serrures multipoints","item":"https:\/\/www.omrserrature.it\/fr\/catalogue\/produits\/serrures\/serrures-multipoints\/"},{"@type":"ListItem","position":6,"name":"Serrure espagnolette \u00e0 3 point de fermeture"}]},{"@type":"WebSite","@id":"https:\/\/www.omrserrature.it\/fr\/#website","url":"https:\/\/www.omrserrature.it\/fr\/","name":"OMR Serrature | Produzione sistemi di chiusura","description":"Produzione serrature di sicurezza e sistemi di chiusura","publisher":{"@id":"https:\/\/www.omrserrature.it\/fr\/#organization"},"potentialAction":[{"@type":"SearchAction","target":{"@type":"EntryPoint","urlTemplate":"https:\/\/www.omrserrature.it\/fr\/?s={search_term_string}"},"query-input":{"@type":"PropertyValueSpecification","valueRequired":true,"valueName":"search_term_string"}}],"inLanguage":"fr-FR"},{"@type":"Organization","@id":"https:\/\/www.omrserrature.it\/fr\/#organization","name":"OMR Serrature | Produzione sistemi di chiusura","url":"https:\/\/www.omrserrature.it\/fr\/","logo":{"@type":"ImageObject","inLanguage":"fr-FR","@id":"https:\/\/www.omrserrature.it\/fr\/#\/schema\/logo\/image\/","url":"https:\/\/www.omrserrature.it\/wp-content\/uploads\/2017\/09\/favicon-omr-114.png","contentUrl":"https:\/\/www.omrserrature.it\/wp-content\/uploads\/2017\/09\/favicon-omr-114.png","width":114,"height":114,"caption":"OMR Serrature | Produzione sistemi di chiusura"},"image":{"@id":"https:\/\/www.omrserrature.it\/fr\/#\/schema\/logo\/image\/"},"sameAs":["https:\/\/www.facebook.com\/OMRserrature","https:\/\/www.linkedin.com\/company\/omrserrature\/","https:\/\/www.youtube.com\/channel\/UCxmA85z2R0EpG_6IRokiAkg"]}]}},"_links":{"self":[{"href":"https:\/\/www.omrserrature.it\/fr\/wp-json\/wp\/v2\/product\/241914","targetHints":{"allow":["GET"]}}],"collection":[{"href":"https:\/\/www.omrserrature.it\/fr\/wp-json\/wp\/v2\/product"}],"about":[{"href":"https:\/\/www.omrserrature.it\/fr\/wp-json\/wp\/v2\/types\/product"}],"replies":[{"embeddable":true,"href":"https:\/\/www.omrserrature.it\/fr\/wp-json\/wp\/v2\/comments?post=241914"}],"wp:featuredmedia":[{"embeddable":true,"href":"https:\/\/www.omrserrature.it\/fr\/wp-json\/wp\/v2\/media\/3774"}],"wp:attachment":[{"href":"https:\/\/www.omrserrature.it\/fr\/wp-json\/wp\/v2\/media?parent=241914"}],"wp:term":[{"taxonomy":"product_brand","embeddable":true,"href":"https:\/\/www.omrserrature.it\/fr\/wp-json\/wp\/v2\/product_brand?post=241914"},{"taxonomy":"product_cat","embeddable":true,"href":"https:\/\/www.omrserrature.it\/fr\/wp-json\/wp\/v2\/product_cat?post=241914"},{"taxonomy":"product_tag","embeddable":true,"href":"https:\/\/www.omrserrature.it\/fr\/wp-json\/wp\/v2\/product_tag?post=241914"}],"curies":[{"name":"wp","href":"https:\/\/api.w.org\/{rel}","templated":true}]}}