{"id":241659,"date":"2017-10-09T16:02:18","date_gmt":"2009-10-17T14:02:00","guid":{"rendered":"https:\/\/www.staging6.omrserrature.it\/prodotto\/micro-verrouillage-universel\/"},"modified":"2026-04-08T13:14:49","modified_gmt":"2026-04-08T11:14:49","slug":"micro-verrouillage-universel","status":"publish","type":"product","link":"https:\/\/www.omrserrature.it\/fr\/produit\/micro-verrouillage-universel\/","title":{"rendered":"Micro-verrouillage universel"},"content":{"rendered":"<p>La <b>mini-serrure<\/b><strong>universelle<\/strong> \u00e0<strong>levier<\/strong> avec m\u00e9canisme \u00e0 paillettes est certainement l&rsquo;une des serrures les plus populaires car elle est extr\u00eamement polyvalente. La cl\u00e9 en laiton nickel\u00e9 d\u00e9place le rotor central \u00e0 lamelles situ\u00e9 \u00e0 l&rsquo;int\u00e9rieur d&rsquo;un bo\u00eetier en alliage de zinc appel\u00e9 stator, bague ou corps.  Le diam\u00e8tre est frais\u00e9 sur deux faces oppos\u00e9es (plaques lat\u00e9rales) formant un double D pour emp\u00eacher la rotation du cliquet sur la porte. En actionnant le <strong>came arri\u00e8re<\/strong>, on d\u00e9termine la fermeture ou l&rsquo;ouverture du mini-camlock.<\/p>\n<p>Le corps et le rotor de cette serrure sont en alliage de zinc, tandis que la came est en acier. Le terminal carr\u00e9 de 7 mm permet \u00e9galement l&rsquo;installation de divers <strong>leviers droits, coud\u00e9s ou \u00e0 crochet<\/strong>, ainsi que de cames multipli\u00e9es pour le mouvement des tringles, de boutons-poussoirs ou de pistons pour la <strong>fermeture multiple et centralis\u00e9e des tiroirs<\/strong>. Les serrures \u00e0 levier 1\/4 de tour peuvent \u00e9galement \u00eatre rendues <strong>\u00e9tanches, avec protection contre la poussi\u00e8re et l&rsquo;eau<\/strong>, gr\u00e2ce au <strong>technopolym\u00e8re<\/strong>, un \u00ab\u00a0plastique m\u00e9tallique\u00a0\u00bb sp\u00e9cial qui garantit des performances m\u00e9caniques \u00e9quivalentes \u00e0 celles de l&rsquo;alliage d&rsquo;aluminium, une <strong>r\u00e9sistance aux agents atmosph\u00e9riques et \u00e0 la corrosion<\/strong>, ainsi qu&rsquo;une int\u00e9gration parfaite au produit fini, gr\u00e2ce \u00e0 la vaste gamme de couleurs disponibles.  <\/p>\n<p>Diverses versions permettent diff\u00e9rentes rotations, des \u00e9paisseurs de porte de 0,5 \u00e0 27 mm, et le retrait de la cl\u00e9 en position ouverte et ferm\u00e9e (ou seulement dans l&rsquo;un des deux cas). Le <strong>corps<\/strong> enti\u00e8rement <strong>filet\u00e9<\/strong> permet la fixation \u00e0 l&rsquo;aide d&rsquo;un \u00e9crou. <\/p>\n<p>Gr\u00e2ce \u00e0 <strong>sa petite taille<\/strong>, la mini serrure \u00e0 bascule universelle est utilis\u00e9e dans des applications o\u00f9 l&rsquo;espace est limit\u00e9 pour l&rsquo;installation, par exemple dans les produits d&rsquo;hygi\u00e8ne et sanitaires tels que les <b>distributeurs de savon<\/b> et les <b>distributeurs de serviettes<\/b>, les syst\u00e8mes antivol, le mobilier contractuel pour les cabinets m\u00e9dicaux et les environnements hospitaliers, le mobilier contractuel pour les magasins, les pr\u00e9sentoirs, les bo\u00eetes aux lettres et les bo\u00eetes postales<strong>, les <\/strong>conteneurs de stockage, les casiers pour les vestiaires, les armoires industrielles, les caisses de motos et de v\u00e9los \u00e9lectriques, les jeux, les distributeurs automatiques et les syst\u00e8mes de lavage de voitures.<\/p>\n","protected":false},"excerpt":{"rendered":"<p>La <strong>mini-serrure universelle<\/strong> \u00e0 bascule, <strong>gr\u00e2ce \u00e0 sa petite taille<\/strong>, est utilis\u00e9e dans les applications o\u00f9 l&rsquo;espace d&rsquo;installation est limit\u00e9.<\/p>\n","protected":false},"featured_media":18492,"comment_status":"open","ping_status":"closed","template":"","meta":{"_acf_changed":false,"_et_pb_use_builder":"","_et_pb_old_content":"","_et_gb_content_width":""},"product_brand":[],"product_cat":[3751,3750,3738,3726,3755,3661,3699,3664,3638,3687,3658,3650,3691,3717,3723,3722,3693,3732,3710,3709,3689,3714,3713,3719,3718,3712,3692,3715,3707,3705,3703,3704,3694,3697,3728,3701,3716,3690,3748],"product_tag":[],"class_list":{"0":"post-241659","1":"product","2":"type-product","3":"status-publish","4":"has-post-thumbnail","6":"product_cat-automatisation-et-domotique","7":"product_cat-banque-et-poste","8":"product_cat-battant","9":"product_cat-des-serrures-pour-des-serrures","10":"product_cat-hopitaux-et-soins-de-sante","11":"product_cat-micro-serrures","12":"product_cat-serrure-darmoire-conforme-au-reglement-gdpr","13":"product_cat-serrure-etanche-inox","14":"product_cat-serrure-universelle-a-paillettes","15":"product_cat-serrures-a-came","16":"product_cat-serrures-a-passe-partout","17":"product_cat-serrures-avec-barillet-interchangeable","18":"product_cat-serrures-darmoires","19":"product_cat-serrures-de-boites-aux-lettres","20":"product_cat-serrures-de-panneaux","21":"product_cat-serrures-de-portes","22":"product_cat-serrures-de-securite","23":"product_cat-serrures-de-securite-pour-meubles","24":"product_cat-serrures-pour-armoires-a-epi","25":"product_cat-serrures-pour-armoires-a-substances-dangereuses","26":"product_cat-serrures-pour-armoires-electriques","27":"product_cat-serrures-pour-armoires-industrielles","28":"product_cat-serrures-pour-armoires-phytosanitaires","29":"product_cat-serrures-pour-boites-postales","30":"product_cat-serrures-pour-casiers-a-colis","31":"product_cat-serrures-pour-casiers-a-skis","32":"product_cat-serrures-pour-chariots-professionnels","33":"product_cat-serrures-pour-coffres-forts","34":"product_cat-serrures-pour-distributeurs","35":"product_cat-serrures-pour-entrepots-automatiques","36":"product_cat-serrures-pour-interrupteurs","37":"product_cat-serrures-pour-lindustrie-electromecanique","38":"product_cat-serrures-pour-les-boites-aux-lettres","39":"product_cat-serrures-pour-meubles","40":"product_cat-serrures-pour-panneaux-de-signalisation","41":"product_cat-serrures-pour-portes-darmoires-frontales","42":"product_cat-serrures-pour-rateliers-a-fusils","43":"product_cat-serrures-professionnelles-pour-meubles","44":"product_cat-systemes-de-fermeture-pour-lindustrie","46":"first","47":"instock","48":"shipping-taxable","49":"purchasable","50":"product-type-variable"},"acf":{"pdf1":"https:\/\/www.omrserrature.it\/wp-content\/uploads\/2017\/10\/Scheda_162400.pdf"},"yoast_head":"<!-- This site is optimized with the Yoast SEO plugin v27.2 - https:\/\/yoast.com\/product\/yoast-seo-wordpress\/ -->\n<title>Micro-verrouillage universel - OMR Serrature<\/title>\n<meta name=\"robots\" content=\"index, follow, max-snippet:-1, max-image-preview:large, max-video-preview:-1\" \/>\n<link rel=\"canonical\" href=\"https:\/\/www.omrserrature.it\/fr\/produit\/micro-verrouillage-universel\/\" \/>\n<meta property=\"og:locale\" content=\"fr_FR\" \/>\n<meta property=\"og:type\" content=\"article\" \/>\n<meta property=\"og:title\" content=\"Micro-verrouillage universel - OMR Serrature\" \/>\n<meta property=\"og:description\" content=\"La mini-serrure universelle \u00e0 bascule, gr\u00e2ce \u00e0 sa petite taille, est utilis\u00e9e dans les applications o\u00f9 l&#039;espace d&#039;installation est limit\u00e9.\" \/>\n<meta property=\"og:url\" content=\"https:\/\/www.omrserrature.it\/fr\/produit\/micro-verrouillage-universel\/\" \/>\n<meta property=\"og:site_name\" content=\"OMR Serrature | Produzione sistemi di chiusura\" \/>\n<meta property=\"article:publisher\" content=\"https:\/\/www.facebook.com\/OMRserrature\" \/>\n<meta property=\"article:modified_time\" content=\"2026-04-08T11:14:49+00:00\" \/>\n<meta property=\"og:image\" content=\"https:\/\/www.omrserrature.it\/wp-content\/uploads\/2017\/10\/Microserratura-universale.jpg\" \/>\n\t<meta property=\"og:image:width\" content=\"600\" \/>\n\t<meta property=\"og:image:height\" content=\"600\" \/>\n\t<meta property=\"og:image:type\" content=\"image\/jpeg\" \/>\n<meta name=\"twitter:card\" content=\"summary_large_image\" \/>\n<meta name=\"twitter:label1\" content=\"Dur\u00e9e de lecture estim\u00e9e\" \/>\n\t<meta name=\"twitter:data1\" content=\"2 minutes\" \/>\n<script type=\"application\/ld+json\" class=\"yoast-schema-graph\">{\"@context\":\"https:\/\/schema.org\",\"@graph\":[{\"@type\":\"WebPage\",\"@id\":\"https:\/\/www.omrserrature.it\/fr\/produit\/micro-verrouillage-universel\/\",\"url\":\"https:\/\/www.omrserrature.it\/fr\/produit\/micro-verrouillage-universel\/\",\"name\":\"Micro-verrouillage universel - OMR Serrature\",\"isPartOf\":{\"@id\":\"https:\/\/www.omrserrature.it\/fr\/#website\"},\"primaryImageOfPage\":{\"@id\":\"https:\/\/www.omrserrature.it\/fr\/produit\/micro-verrouillage-universel\/#primaryimage\"},\"image\":{\"@id\":\"https:\/\/www.omrserrature.it\/fr\/produit\/micro-verrouillage-universel\/#primaryimage\"},\"thumbnailUrl\":\"https:\/\/www.omrserrature.it\/wp-content\/uploads\/2017\/10\/Microserratura-universale.jpg\",\"datePublished\":\"2009-10-17T14:02:00+00:00\",\"dateModified\":\"2026-04-08T11:14:49+00:00\",\"breadcrumb\":{\"@id\":\"https:\/\/www.omrserrature.it\/fr\/produit\/micro-verrouillage-universel\/#breadcrumb\"},\"inLanguage\":\"fr-FR\",\"potentialAction\":[{\"@type\":\"ReadAction\",\"target\":[\"https:\/\/www.omrserrature.it\/fr\/produit\/micro-verrouillage-universel\/\"]}]},{\"@type\":\"ImageObject\",\"inLanguage\":\"fr-FR\",\"@id\":\"https:\/\/www.omrserrature.it\/fr\/produit\/micro-verrouillage-universel\/#primaryimage\",\"url\":\"https:\/\/www.omrserrature.it\/wp-content\/uploads\/2017\/10\/Microserratura-universale.jpg\",\"contentUrl\":\"https:\/\/www.omrserrature.it\/wp-content\/uploads\/2017\/10\/Microserratura-universale.jpg\",\"width\":600,\"height\":600,\"caption\":\"Micro-verrouillage Micro-verrouillage universel, fermeture \u00e0 levier\"},{\"@type\":\"BreadcrumbList\",\"@id\":\"https:\/\/www.omrserrature.it\/fr\/produit\/micro-verrouillage-universel\/#breadcrumb\",\"itemListElement\":[{\"@type\":\"ListItem\",\"position\":1,\"name\":\"Home\",\"item\":\"https:\/\/www.omrserrature.it\/fr\/omr-serrures-et-systemes-de-verrouillage\/\"},{\"@type\":\"ListItem\",\"position\":2,\"name\":\"Catalogue\",\"item\":\"https:\/\/www.omrserrature.it\/catalogue\/?lang=fr\"},{\"@type\":\"ListItem\",\"position\":3,\"name\":\"Produits\",\"item\":\"https:\/\/www.omrserrature.it\/fr\/catalogue\/produits\/\"},{\"@type\":\"ListItem\",\"position\":4,\"name\":\"Serrures\",\"item\":\"https:\/\/www.omrserrature.it\/fr\/catalogue\/produits\/serrures\/\"},{\"@type\":\"ListItem\",\"position\":5,\"name\":\"Serrures \u00e0 came\",\"item\":\"https:\/\/www.omrserrature.it\/fr\/catalogue\/produits\/serrures\/serrures-a-came\/\"},{\"@type\":\"ListItem\",\"position\":6,\"name\":\"Micro-verrouillage universel\"}]},{\"@type\":\"WebSite\",\"@id\":\"https:\/\/www.omrserrature.it\/fr\/#website\",\"url\":\"https:\/\/www.omrserrature.it\/fr\/\",\"name\":\"OMR Serrature | Produzione sistemi di chiusura\",\"description\":\"Produzione serrature di sicurezza e sistemi di chiusura\",\"publisher\":{\"@id\":\"https:\/\/www.omrserrature.it\/fr\/#organization\"},\"potentialAction\":[{\"@type\":\"SearchAction\",\"target\":{\"@type\":\"EntryPoint\",\"urlTemplate\":\"https:\/\/www.omrserrature.it\/fr\/?s={search_term_string}\"},\"query-input\":{\"@type\":\"PropertyValueSpecification\",\"valueRequired\":true,\"valueName\":\"search_term_string\"}}],\"inLanguage\":\"fr-FR\"},{\"@type\":\"Organization\",\"@id\":\"https:\/\/www.omrserrature.it\/fr\/#organization\",\"name\":\"OMR Serrature | Produzione sistemi di chiusura\",\"url\":\"https:\/\/www.omrserrature.it\/fr\/\",\"logo\":{\"@type\":\"ImageObject\",\"inLanguage\":\"fr-FR\",\"@id\":\"https:\/\/www.omrserrature.it\/fr\/#\/schema\/logo\/image\/\",\"url\":\"https:\/\/www.omrserrature.it\/wp-content\/uploads\/2017\/09\/favicon-omr-114.png\",\"contentUrl\":\"https:\/\/www.omrserrature.it\/wp-content\/uploads\/2017\/09\/favicon-omr-114.png\",\"width\":114,\"height\":114,\"caption\":\"OMR Serrature | Produzione sistemi di chiusura\"},\"image\":{\"@id\":\"https:\/\/www.omrserrature.it\/fr\/#\/schema\/logo\/image\/\"},\"sameAs\":[\"https:\/\/www.facebook.com\/OMRserrature\",\"https:\/\/www.linkedin.com\/company\/omrserrature\/\",\"https:\/\/www.youtube.com\/channel\/UCxmA85z2R0EpG_6IRokiAkg\"]}]}<\/script>\n<!-- \/ Yoast SEO plugin. -->","yoast_head_json":{"title":"Micro-verrouillage universel - OMR Serrature","robots":{"index":"index","follow":"follow","max-snippet":"max-snippet:-1","max-image-preview":"max-image-preview:large","max-video-preview":"max-video-preview:-1"},"canonical":"https:\/\/www.omrserrature.it\/fr\/produit\/micro-verrouillage-universel\/","og_locale":"fr_FR","og_type":"article","og_title":"Micro-verrouillage universel - OMR Serrature","og_description":"La mini-serrure universelle \u00e0 bascule, gr\u00e2ce \u00e0 sa petite taille, est utilis\u00e9e dans les applications o\u00f9 l'espace d'installation est limit\u00e9.","og_url":"https:\/\/www.omrserrature.it\/fr\/produit\/micro-verrouillage-universel\/","og_site_name":"OMR Serrature | Produzione sistemi di chiusura","article_publisher":"https:\/\/www.facebook.com\/OMRserrature","article_modified_time":"2026-04-08T11:14:49+00:00","og_image":[{"width":600,"height":600,"url":"https:\/\/www.omrserrature.it\/wp-content\/uploads\/2017\/10\/Microserratura-universale.jpg","type":"image\/jpeg"}],"twitter_card":"summary_large_image","twitter_misc":{"Dur\u00e9e de lecture estim\u00e9e":"2 minutes"},"schema":{"@context":"https:\/\/schema.org","@graph":[{"@type":"WebPage","@id":"https:\/\/www.omrserrature.it\/fr\/produit\/micro-verrouillage-universel\/","url":"https:\/\/www.omrserrature.it\/fr\/produit\/micro-verrouillage-universel\/","name":"Micro-verrouillage universel - OMR Serrature","isPartOf":{"@id":"https:\/\/www.omrserrature.it\/fr\/#website"},"primaryImageOfPage":{"@id":"https:\/\/www.omrserrature.it\/fr\/produit\/micro-verrouillage-universel\/#primaryimage"},"image":{"@id":"https:\/\/www.omrserrature.it\/fr\/produit\/micro-verrouillage-universel\/#primaryimage"},"thumbnailUrl":"https:\/\/www.omrserrature.it\/wp-content\/uploads\/2017\/10\/Microserratura-universale.jpg","datePublished":"2009-10-17T14:02:00+00:00","dateModified":"2026-04-08T11:14:49+00:00","breadcrumb":{"@id":"https:\/\/www.omrserrature.it\/fr\/produit\/micro-verrouillage-universel\/#breadcrumb"},"inLanguage":"fr-FR","potentialAction":[{"@type":"ReadAction","target":["https:\/\/www.omrserrature.it\/fr\/produit\/micro-verrouillage-universel\/"]}]},{"@type":"ImageObject","inLanguage":"fr-FR","@id":"https:\/\/www.omrserrature.it\/fr\/produit\/micro-verrouillage-universel\/#primaryimage","url":"https:\/\/www.omrserrature.it\/wp-content\/uploads\/2017\/10\/Microserratura-universale.jpg","contentUrl":"https:\/\/www.omrserrature.it\/wp-content\/uploads\/2017\/10\/Microserratura-universale.jpg","width":600,"height":600,"caption":"Micro-verrouillage Micro-verrouillage universel, fermeture \u00e0 levier"},{"@type":"BreadcrumbList","@id":"https:\/\/www.omrserrature.it\/fr\/produit\/micro-verrouillage-universel\/#breadcrumb","itemListElement":[{"@type":"ListItem","position":1,"name":"Home","item":"https:\/\/www.omrserrature.it\/fr\/omr-serrures-et-systemes-de-verrouillage\/"},{"@type":"ListItem","position":2,"name":"Catalogue","item":"https:\/\/www.omrserrature.it\/catalogue\/?lang=fr"},{"@type":"ListItem","position":3,"name":"Produits","item":"https:\/\/www.omrserrature.it\/fr\/catalogue\/produits\/"},{"@type":"ListItem","position":4,"name":"Serrures","item":"https:\/\/www.omrserrature.it\/fr\/catalogue\/produits\/serrures\/"},{"@type":"ListItem","position":5,"name":"Serrures \u00e0 came","item":"https:\/\/www.omrserrature.it\/fr\/catalogue\/produits\/serrures\/serrures-a-came\/"},{"@type":"ListItem","position":6,"name":"Micro-verrouillage universel"}]},{"@type":"WebSite","@id":"https:\/\/www.omrserrature.it\/fr\/#website","url":"https:\/\/www.omrserrature.it\/fr\/","name":"OMR Serrature | Produzione sistemi di chiusura","description":"Produzione serrature di sicurezza e sistemi di chiusura","publisher":{"@id":"https:\/\/www.omrserrature.it\/fr\/#organization"},"potentialAction":[{"@type":"SearchAction","target":{"@type":"EntryPoint","urlTemplate":"https:\/\/www.omrserrature.it\/fr\/?s={search_term_string}"},"query-input":{"@type":"PropertyValueSpecification","valueRequired":true,"valueName":"search_term_string"}}],"inLanguage":"fr-FR"},{"@type":"Organization","@id":"https:\/\/www.omrserrature.it\/fr\/#organization","name":"OMR Serrature | Produzione sistemi di chiusura","url":"https:\/\/www.omrserrature.it\/fr\/","logo":{"@type":"ImageObject","inLanguage":"fr-FR","@id":"https:\/\/www.omrserrature.it\/fr\/#\/schema\/logo\/image\/","url":"https:\/\/www.omrserrature.it\/wp-content\/uploads\/2017\/09\/favicon-omr-114.png","contentUrl":"https:\/\/www.omrserrature.it\/wp-content\/uploads\/2017\/09\/favicon-omr-114.png","width":114,"height":114,"caption":"OMR Serrature | Produzione sistemi di chiusura"},"image":{"@id":"https:\/\/www.omrserrature.it\/fr\/#\/schema\/logo\/image\/"},"sameAs":["https:\/\/www.facebook.com\/OMRserrature","https:\/\/www.linkedin.com\/company\/omrserrature\/","https:\/\/www.youtube.com\/channel\/UCxmA85z2R0EpG_6IRokiAkg"]}]}},"_links":{"self":[{"href":"https:\/\/www.omrserrature.it\/fr\/wp-json\/wp\/v2\/product\/241659","targetHints":{"allow":["GET"]}}],"collection":[{"href":"https:\/\/www.omrserrature.it\/fr\/wp-json\/wp\/v2\/product"}],"about":[{"href":"https:\/\/www.omrserrature.it\/fr\/wp-json\/wp\/v2\/types\/product"}],"replies":[{"embeddable":true,"href":"https:\/\/www.omrserrature.it\/fr\/wp-json\/wp\/v2\/comments?post=241659"}],"wp:featuredmedia":[{"embeddable":true,"href":"https:\/\/www.omrserrature.it\/fr\/wp-json\/wp\/v2\/media\/18492"}],"wp:attachment":[{"href":"https:\/\/www.omrserrature.it\/fr\/wp-json\/wp\/v2\/media?parent=241659"}],"wp:term":[{"taxonomy":"product_brand","embeddable":true,"href":"https:\/\/www.omrserrature.it\/fr\/wp-json\/wp\/v2\/product_brand?post=241659"},{"taxonomy":"product_cat","embeddable":true,"href":"https:\/\/www.omrserrature.it\/fr\/wp-json\/wp\/v2\/product_cat?post=241659"},{"taxonomy":"product_tag","embeddable":true,"href":"https:\/\/www.omrserrature.it\/fr\/wp-json\/wp\/v2\/product_tag?post=241659"}],"curies":[{"name":"wp","href":"https:\/\/api.w.org\/{rel}","templated":true}]}}