{"id":241649,"date":"2017-12-11T11:19:22","date_gmt":"2011-12-17T10:19:00","guid":{"rendered":"https:\/\/www.staging6.omrserrature.it\/prodotto\/micro-poignee-o16\/"},"modified":"2026-04-08T11:59:36","modified_gmt":"2026-04-08T09:59:36","slug":"micro-poignee-o16","status":"publish","type":"product","link":"https:\/\/www.omrserrature.it\/fr\/produit\/micro-poignee-o16\/","title":{"rendered":"Micro poign\u00e9e \u00d816"},"content":{"rendered":"<p>La <strong>serrure 1\/4 de tour avec micro poign\u00e9e <\/strong>est constitu\u00e9e d&rsquo;un cylindre en alliage de zinc qui tourne gr\u00e2ce \u00e0 un \u00e9crou papillon, d\u00e9pla\u00e7ant le came et d\u00e9terminant l&rsquo;ouverture ou la Serrure.<\/p>\n<p>La borne 7 carr\u00e9e permet \u00e9galement d&rsquo;installer une vari\u00e9t\u00e9 de <strong>cames droites, coud\u00e9es ou \u00e0 crochets <\/strong>, ce qui permet de s&rsquo;adapter \u00e0 toutes les exigences de fermeture.<strong> <\/strong>La poign\u00e9e ergonomique est appel\u00e9e \u00ab\u00a0coq\u00a0\u00bb en raison de sa forme particuli\u00e8re qui rappelle la cr\u00eate d&rsquo;un coq. La micromanille 1\/4 de tour se fixe \u00e0 l&rsquo;aide d&rsquo;un \u00e9crou sur des t\u00f4les de diff\u00e9rentes \u00e9paisseurs dans un gabarit de fixation carr\u00e9. D&rsquo;autres produits peuvent \u00eatre install\u00e9s dans le m\u00eame trou de fixation, par exemple la micromanille avec fermeture (165640), la fermeture triangulaire 5 (165641) et la fermeture universelle \u00e0 gabarit carr\u00e9 (165642).<\/p>\n<p>Les principales camees de la micro poign\u00e9e 1\/4 de tour sont les armoires \u00e0 racks, les armoires \u00e0 serveurs, les compartiments des camping-cars, caravanes et v\u00e9hicules de loisirs, les portes des panneaux de contr\u00f4le, les tableaux de distribution et les colonnes.<\/p>\n","protected":false},"excerpt":{"rendered":"<p>La <strong>serrure 1\/4 de tour avec micro-m\u00e9canisme <\/strong>se compose d&rsquo;un cylindre en alliage de zinc qui tourne gr\u00e2ce \u00e0 un \u00e9crou \u00e0 oreilles, d\u00e9pla\u00e7ant le came et d\u00e9terminant l&rsquo;ouverture ou la fermeture.<\/p>\n<p>Une serrure parfaite pour les armoires \u00e0 racks, les armoires de commande et les portes de contr\u00f4le.<\/p>\n","protected":false},"featured_media":3204,"comment_status":"open","ping_status":"closed","template":"","meta":{"_acf_changed":false,"_et_pb_use_builder":"","_et_pb_old_content":"","_et_gb_content_width":""},"product_brand":[],"product_cat":[3661,3640,3699,3687,3659,3722,3689,3714,3748],"product_tag":[],"class_list":{"0":"post-241649","1":"product","2":"type-product","3":"status-publish","4":"has-post-thumbnail","6":"product_cat-micro-serrures","7":"product_cat-poignees-et-boutons","8":"product_cat-serrure-darmoire-conforme-au-reglement-gdpr","9":"product_cat-serrures-a-came","10":"product_cat-serrures-avec-poignee-tournante","11":"product_cat-serrures-de-portes","12":"product_cat-serrures-pour-armoires-electriques","13":"product_cat-serrures-pour-armoires-industrielles","14":"product_cat-systemes-de-fermeture-pour-lindustrie","16":"first","17":"instock","18":"shipping-taxable","19":"purchasable","20":"product-type-variable"},"acf":{"pdf1":"https:\/\/www.omrserrature.it\/wp-content\/uploads\/2017\/12\/Scheda-165639.pdf"},"yoast_head":"<!-- This site is optimized with the Yoast SEO plugin v27.2 - https:\/\/yoast.com\/product\/yoast-seo-wordpress\/ -->\n<title>Micro poign\u00e9e \u00d816 - OMR Serrature<\/title>\n<meta name=\"robots\" content=\"index, follow, max-snippet:-1, max-image-preview:large, max-video-preview:-1\" \/>\n<link rel=\"canonical\" href=\"https:\/\/www.omrserrature.it\/fr\/produit\/micro-poignee-o16\/\" \/>\n<meta property=\"og:locale\" content=\"fr_FR\" \/>\n<meta property=\"og:type\" content=\"article\" \/>\n<meta property=\"og:title\" content=\"Micro poign\u00e9e \u00d816 - OMR Serrature\" \/>\n<meta property=\"og:description\" content=\"La serrure 1\/4 de tour avec micro-m\u00e9canisme se compose d&#039;un cylindre en alliage de zinc qui tourne gr\u00e2ce \u00e0 un \u00e9crou \u00e0 oreilles, d\u00e9pla\u00e7ant le came et d\u00e9terminant l&#039;ouverture ou la fermeture. Une serrure parfaite pour les armoires \u00e0 racks, les armoires de commande et les portes de contr\u00f4le.\" \/>\n<meta property=\"og:url\" content=\"https:\/\/www.omrserrature.it\/fr\/produit\/micro-poignee-o16\/\" \/>\n<meta property=\"og:site_name\" content=\"OMR Serrature | Produzione sistemi di chiusura\" \/>\n<meta property=\"article:publisher\" content=\"https:\/\/www.facebook.com\/OMRserrature\" \/>\n<meta property=\"article:modified_time\" content=\"2026-04-08T09:59:36+00:00\" \/>\n<meta property=\"og:image\" content=\"https:\/\/www.omrserrature.it\/wp-content\/uploads\/2017\/10\/micromaniglia-rack.jpg\" \/>\n\t<meta property=\"og:image:width\" content=\"562\" \/>\n\t<meta property=\"og:image:height\" content=\"368\" \/>\n\t<meta property=\"og:image:type\" content=\"image\/jpeg\" \/>\n<meta name=\"twitter:card\" content=\"summary_large_image\" \/>\n<meta name=\"twitter:label1\" content=\"Dur\u00e9e de lecture estim\u00e9e\" \/>\n\t<meta name=\"twitter:data1\" content=\"1 minute\" \/>\n<script type=\"application\/ld+json\" class=\"yoast-schema-graph\">{\"@context\":\"https:\/\/schema.org\",\"@graph\":[{\"@type\":\"WebPage\",\"@id\":\"https:\/\/www.omrserrature.it\/fr\/produit\/micro-poignee-o16\/\",\"url\":\"https:\/\/www.omrserrature.it\/fr\/produit\/micro-poignee-o16\/\",\"name\":\"Micro poign\u00e9e \u00d816 - OMR Serrature\",\"isPartOf\":{\"@id\":\"https:\/\/www.omrserrature.it\/fr\/#website\"},\"primaryImageOfPage\":{\"@id\":\"https:\/\/www.omrserrature.it\/fr\/produit\/micro-poignee-o16\/#primaryimage\"},\"image\":{\"@id\":\"https:\/\/www.omrserrature.it\/fr\/produit\/micro-poignee-o16\/#primaryimage\"},\"thumbnailUrl\":\"https:\/\/www.omrserrature.it\/wp-content\/uploads\/2017\/10\/micromaniglia-rack.jpg\",\"datePublished\":\"2011-12-17T10:19:00+00:00\",\"dateModified\":\"2026-04-08T09:59:36+00:00\",\"breadcrumb\":{\"@id\":\"https:\/\/www.omrserrature.it\/fr\/produit\/micro-poignee-o16\/#breadcrumb\"},\"inLanguage\":\"fr-FR\",\"potentialAction\":[{\"@type\":\"ReadAction\",\"target\":[\"https:\/\/www.omrserrature.it\/fr\/produit\/micro-poignee-o16\/\"]}]},{\"@type\":\"ImageObject\",\"inLanguage\":\"fr-FR\",\"@id\":\"https:\/\/www.omrserrature.it\/fr\/produit\/micro-poignee-o16\/#primaryimage\",\"url\":\"https:\/\/www.omrserrature.it\/wp-content\/uploads\/2017\/10\/micromaniglia-rack.jpg\",\"contentUrl\":\"https:\/\/www.omrserrature.it\/wp-content\/uploads\/2017\/10\/micromaniglia-rack.jpg\",\"width\":562,\"height\":368,\"caption\":\"Micro poign\u00e9e en plastique noir sans serrure\"},{\"@type\":\"BreadcrumbList\",\"@id\":\"https:\/\/www.omrserrature.it\/fr\/produit\/micro-poignee-o16\/#breadcrumb\",\"itemListElement\":[{\"@type\":\"ListItem\",\"position\":1,\"name\":\"Home\",\"item\":\"https:\/\/www.omrserrature.it\/fr\/omr-serrures-et-systemes-de-verrouillage\/\"},{\"@type\":\"ListItem\",\"position\":2,\"name\":\"Catalogue\",\"item\":\"https:\/\/www.omrserrature.it\/catalogue\/?lang=fr\"},{\"@type\":\"ListItem\",\"position\":3,\"name\":\"Produits\",\"item\":\"https:\/\/www.omrserrature.it\/fr\/catalogue\/produits\/\"},{\"@type\":\"ListItem\",\"position\":4,\"name\":\"Serrures\",\"item\":\"https:\/\/www.omrserrature.it\/fr\/catalogue\/produits\/serrures\/\"},{\"@type\":\"ListItem\",\"position\":5,\"name\":\"Micro-serrures\",\"item\":\"https:\/\/www.omrserrature.it\/fr\/catalogue\/produits\/serrures\/micro-serrures\/\"},{\"@type\":\"ListItem\",\"position\":6,\"name\":\"Micro poign\u00e9e \u00d816\"}]},{\"@type\":\"WebSite\",\"@id\":\"https:\/\/www.omrserrature.it\/fr\/#website\",\"url\":\"https:\/\/www.omrserrature.it\/fr\/\",\"name\":\"OMR Serrature | Produzione sistemi di chiusura\",\"description\":\"Produzione serrature di sicurezza e sistemi di chiusura\",\"publisher\":{\"@id\":\"https:\/\/www.omrserrature.it\/fr\/#organization\"},\"potentialAction\":[{\"@type\":\"SearchAction\",\"target\":{\"@type\":\"EntryPoint\",\"urlTemplate\":\"https:\/\/www.omrserrature.it\/fr\/?s={search_term_string}\"},\"query-input\":{\"@type\":\"PropertyValueSpecification\",\"valueRequired\":true,\"valueName\":\"search_term_string\"}}],\"inLanguage\":\"fr-FR\"},{\"@type\":\"Organization\",\"@id\":\"https:\/\/www.omrserrature.it\/fr\/#organization\",\"name\":\"OMR Serrature | Produzione sistemi di chiusura\",\"url\":\"https:\/\/www.omrserrature.it\/fr\/\",\"logo\":{\"@type\":\"ImageObject\",\"inLanguage\":\"fr-FR\",\"@id\":\"https:\/\/www.omrserrature.it\/fr\/#\/schema\/logo\/image\/\",\"url\":\"https:\/\/www.omrserrature.it\/wp-content\/uploads\/2017\/09\/favicon-omr-114.png\",\"contentUrl\":\"https:\/\/www.omrserrature.it\/wp-content\/uploads\/2017\/09\/favicon-omr-114.png\",\"width\":114,\"height\":114,\"caption\":\"OMR Serrature | Produzione sistemi di chiusura\"},\"image\":{\"@id\":\"https:\/\/www.omrserrature.it\/fr\/#\/schema\/logo\/image\/\"},\"sameAs\":[\"https:\/\/www.facebook.com\/OMRserrature\",\"https:\/\/www.linkedin.com\/company\/omrserrature\/\",\"https:\/\/www.youtube.com\/channel\/UCxmA85z2R0EpG_6IRokiAkg\"]}]}<\/script>\n<!-- \/ Yoast SEO plugin. -->","yoast_head_json":{"title":"Micro poign\u00e9e \u00d816 - OMR Serrature","robots":{"index":"index","follow":"follow","max-snippet":"max-snippet:-1","max-image-preview":"max-image-preview:large","max-video-preview":"max-video-preview:-1"},"canonical":"https:\/\/www.omrserrature.it\/fr\/produit\/micro-poignee-o16\/","og_locale":"fr_FR","og_type":"article","og_title":"Micro poign\u00e9e \u00d816 - OMR Serrature","og_description":"La serrure 1\/4 de tour avec micro-m\u00e9canisme se compose d'un cylindre en alliage de zinc qui tourne gr\u00e2ce \u00e0 un \u00e9crou \u00e0 oreilles, d\u00e9pla\u00e7ant le came et d\u00e9terminant l'ouverture ou la fermeture. Une serrure parfaite pour les armoires \u00e0 racks, les armoires de commande et les portes de contr\u00f4le.","og_url":"https:\/\/www.omrserrature.it\/fr\/produit\/micro-poignee-o16\/","og_site_name":"OMR Serrature | Produzione sistemi di chiusura","article_publisher":"https:\/\/www.facebook.com\/OMRserrature","article_modified_time":"2026-04-08T09:59:36+00:00","og_image":[{"width":562,"height":368,"url":"https:\/\/www.omrserrature.it\/wp-content\/uploads\/2017\/10\/micromaniglia-rack.jpg","type":"image\/jpeg"}],"twitter_card":"summary_large_image","twitter_misc":{"Dur\u00e9e de lecture estim\u00e9e":"1 minute"},"schema":{"@context":"https:\/\/schema.org","@graph":[{"@type":"WebPage","@id":"https:\/\/www.omrserrature.it\/fr\/produit\/micro-poignee-o16\/","url":"https:\/\/www.omrserrature.it\/fr\/produit\/micro-poignee-o16\/","name":"Micro poign\u00e9e \u00d816 - OMR Serrature","isPartOf":{"@id":"https:\/\/www.omrserrature.it\/fr\/#website"},"primaryImageOfPage":{"@id":"https:\/\/www.omrserrature.it\/fr\/produit\/micro-poignee-o16\/#primaryimage"},"image":{"@id":"https:\/\/www.omrserrature.it\/fr\/produit\/micro-poignee-o16\/#primaryimage"},"thumbnailUrl":"https:\/\/www.omrserrature.it\/wp-content\/uploads\/2017\/10\/micromaniglia-rack.jpg","datePublished":"2011-12-17T10:19:00+00:00","dateModified":"2026-04-08T09:59:36+00:00","breadcrumb":{"@id":"https:\/\/www.omrserrature.it\/fr\/produit\/micro-poignee-o16\/#breadcrumb"},"inLanguage":"fr-FR","potentialAction":[{"@type":"ReadAction","target":["https:\/\/www.omrserrature.it\/fr\/produit\/micro-poignee-o16\/"]}]},{"@type":"ImageObject","inLanguage":"fr-FR","@id":"https:\/\/www.omrserrature.it\/fr\/produit\/micro-poignee-o16\/#primaryimage","url":"https:\/\/www.omrserrature.it\/wp-content\/uploads\/2017\/10\/micromaniglia-rack.jpg","contentUrl":"https:\/\/www.omrserrature.it\/wp-content\/uploads\/2017\/10\/micromaniglia-rack.jpg","width":562,"height":368,"caption":"Micro poign\u00e9e en plastique noir sans serrure"},{"@type":"BreadcrumbList","@id":"https:\/\/www.omrserrature.it\/fr\/produit\/micro-poignee-o16\/#breadcrumb","itemListElement":[{"@type":"ListItem","position":1,"name":"Home","item":"https:\/\/www.omrserrature.it\/fr\/omr-serrures-et-systemes-de-verrouillage\/"},{"@type":"ListItem","position":2,"name":"Catalogue","item":"https:\/\/www.omrserrature.it\/catalogue\/?lang=fr"},{"@type":"ListItem","position":3,"name":"Produits","item":"https:\/\/www.omrserrature.it\/fr\/catalogue\/produits\/"},{"@type":"ListItem","position":4,"name":"Serrures","item":"https:\/\/www.omrserrature.it\/fr\/catalogue\/produits\/serrures\/"},{"@type":"ListItem","position":5,"name":"Micro-serrures","item":"https:\/\/www.omrserrature.it\/fr\/catalogue\/produits\/serrures\/micro-serrures\/"},{"@type":"ListItem","position":6,"name":"Micro poign\u00e9e \u00d816"}]},{"@type":"WebSite","@id":"https:\/\/www.omrserrature.it\/fr\/#website","url":"https:\/\/www.omrserrature.it\/fr\/","name":"OMR Serrature | Produzione sistemi di chiusura","description":"Produzione serrature di sicurezza e sistemi di chiusura","publisher":{"@id":"https:\/\/www.omrserrature.it\/fr\/#organization"},"potentialAction":[{"@type":"SearchAction","target":{"@type":"EntryPoint","urlTemplate":"https:\/\/www.omrserrature.it\/fr\/?s={search_term_string}"},"query-input":{"@type":"PropertyValueSpecification","valueRequired":true,"valueName":"search_term_string"}}],"inLanguage":"fr-FR"},{"@type":"Organization","@id":"https:\/\/www.omrserrature.it\/fr\/#organization","name":"OMR Serrature | Produzione sistemi di chiusura","url":"https:\/\/www.omrserrature.it\/fr\/","logo":{"@type":"ImageObject","inLanguage":"fr-FR","@id":"https:\/\/www.omrserrature.it\/fr\/#\/schema\/logo\/image\/","url":"https:\/\/www.omrserrature.it\/wp-content\/uploads\/2017\/09\/favicon-omr-114.png","contentUrl":"https:\/\/www.omrserrature.it\/wp-content\/uploads\/2017\/09\/favicon-omr-114.png","width":114,"height":114,"caption":"OMR Serrature | Produzione sistemi di chiusura"},"image":{"@id":"https:\/\/www.omrserrature.it\/fr\/#\/schema\/logo\/image\/"},"sameAs":["https:\/\/www.facebook.com\/OMRserrature","https:\/\/www.linkedin.com\/company\/omrserrature\/","https:\/\/www.youtube.com\/channel\/UCxmA85z2R0EpG_6IRokiAkg"]}]}},"_links":{"self":[{"href":"https:\/\/www.omrserrature.it\/fr\/wp-json\/wp\/v2\/product\/241649","targetHints":{"allow":["GET"]}}],"collection":[{"href":"https:\/\/www.omrserrature.it\/fr\/wp-json\/wp\/v2\/product"}],"about":[{"href":"https:\/\/www.omrserrature.it\/fr\/wp-json\/wp\/v2\/types\/product"}],"replies":[{"embeddable":true,"href":"https:\/\/www.omrserrature.it\/fr\/wp-json\/wp\/v2\/comments?post=241649"}],"wp:featuredmedia":[{"embeddable":true,"href":"https:\/\/www.omrserrature.it\/fr\/wp-json\/wp\/v2\/media\/3204"}],"wp:attachment":[{"href":"https:\/\/www.omrserrature.it\/fr\/wp-json\/wp\/v2\/media?parent=241649"}],"wp:term":[{"taxonomy":"product_brand","embeddable":true,"href":"https:\/\/www.omrserrature.it\/fr\/wp-json\/wp\/v2\/product_brand?post=241649"},{"taxonomy":"product_cat","embeddable":true,"href":"https:\/\/www.omrserrature.it\/fr\/wp-json\/wp\/v2\/product_cat?post=241649"},{"taxonomy":"product_tag","embeddable":true,"href":"https:\/\/www.omrserrature.it\/fr\/wp-json\/wp\/v2\/product_tag?post=241649"}],"curies":[{"name":"wp","href":"https:\/\/api.w.org\/{rel}","templated":true}]}}