{"id":241639,"date":"2017-10-09T17:49:51","date_gmt":"2009-10-17T15:49:00","guid":{"rendered":"https:\/\/www.staging6.omrserrature.it\/prodotto\/micro-poignee-avec-serrure\/"},"modified":"2026-04-08T13:10:59","modified_gmt":"2026-04-08T11:10:59","slug":"micro-poignee-avec-serrure","status":"publish","type":"product","link":"https:\/\/www.omrserrature.it\/fr\/produit\/micro-poignee-avec-serrure\/","title":{"rendered":"Micro poign\u00e9e avec serrure"},"content":{"rendered":"<p>La <strong>micro poign\u00e9e \u00e0 serrure<\/strong> est un produit fabriqu\u00e9 avec le souci du d\u00e9tail et des mat\u00e9riaux de haute qualit\u00e9. Con\u00e7ue et fabriqu\u00e9e en Italie, cette serrure est destin\u00e9e \u00e0 un<strong>large \u00e9ventail d&rsquo;applications<\/strong>, des industries \u00e9lectrom\u00e9caniques aux <strong>armoires \u00e0 racks<\/strong>. <\/p>\n<ul>\n<li><strong>Mat\u00e9riaux de haute qualit\u00e9<\/strong>: fabriqu\u00e9 en m\u00e9tal moul\u00e9 sous pression, il garantit durabilit\u00e9 et solidit\u00e9.<\/li>\n<li><strong>Finition esth\u00e9tique<\/strong>: la peinture noire et le placage nickel offrent un aspect \u00e9l\u00e9gant et une protection renforc\u00e9e.<\/li>\n<li><strong>Vari\u00e9t\u00e9 d&rsquo;accessoires<\/strong>: comprend des options telles que des Cames, des Cames multipoints, des Rondelles et des Joints, pour r\u00e9pondre aux diff\u00e9rentes exigences d&rsquo;installation.<\/li>\n<li><strong>Enti\u00e8rement \u00e9quip\u00e9<\/strong>: livr\u00e9 avec deux cl\u00e9s en laiton, un came et un \u00e9crou.<\/li>\n<\/ul>\n<p>Id\u00e9ale pour un large \u00e9ventail d&rsquo;applications, des industries \u00e9lectriques et \u00e9lectrom\u00e9caniques \u00e0 l&rsquo;automatisation industrielle, aux t\u00e9l\u00e9communications et aux technologies de l&rsquo;information, cette serrure garantit une excellente fonctionnalit\u00e9 dans tous les contextes. La micro poign\u00e9e \u00e0 serrure est<strong> le choix id\u00e9al<\/strong> pour ceux qui recherchent un produit fiable et de qualit\u00e9 avec la garantie du <strong>Made in Italy<\/strong>. <\/p>\n","protected":false},"excerpt":{"rendered":"<p>La <strong>micro poign\u00e9e \u00e0 serrure<\/strong> est un produit fabriqu\u00e9 avec une attention particuli\u00e8re aux d\u00e9tails et des mat\u00e9riaux de haute qualit\u00e9. Con\u00e7ue et fabriqu\u00e9e en Italie, cette serrure est destin\u00e9e \u00e0 une<strong>large gamme d&rsquo;applications<\/strong>, des<strong> industries \u00e9lectrom\u00e9caniques<\/strong> aux <strong>armoires \u00e0 racks<\/strong>. <\/p>\n","protected":false},"featured_media":3210,"comment_status":"open","ping_status":"closed","template":"","meta":{"_acf_changed":false,"_et_pb_use_builder":"","_et_pb_old_content":"","_et_gb_content_width":""},"product_brand":[],"product_cat":[3661,3640,3699,3687,3658,3659,3691,3722,3710,3689,3714,3704,3702,3701,3748],"product_tag":[],"class_list":{"0":"post-241639","1":"product","2":"type-product","3":"status-publish","4":"has-post-thumbnail","6":"product_cat-micro-serrures","7":"product_cat-poignees-et-boutons","8":"product_cat-serrure-darmoire-conforme-au-reglement-gdpr","9":"product_cat-serrures-a-came","10":"product_cat-serrures-a-passe-partout","11":"product_cat-serrures-avec-poignee-tournante","12":"product_cat-serrures-darmoires","13":"product_cat-serrures-de-portes","14":"product_cat-serrures-pour-armoires-a-epi","15":"product_cat-serrures-pour-armoires-electriques","16":"product_cat-serrures-pour-armoires-industrielles","17":"product_cat-serrures-pour-lindustrie-electromecanique","18":"product_cat-serrures-pour-les-portes-des-panneaux-lateraux","19":"product_cat-serrures-pour-portes-darmoires-frontales","20":"product_cat-systemes-de-fermeture-pour-lindustrie","22":"first","23":"instock","24":"shipping-taxable","25":"purchasable","26":"product-type-variable"},"acf":{"pdf1":"https:\/\/www.omrserrature.it\/wp-content\/uploads\/2017\/10\/Scheda-165640.pdf"},"yoast_head":"<!-- This site is optimized with the Yoast SEO plugin v27.2 - https:\/\/yoast.com\/product\/yoast-seo-wordpress\/ -->\n<title>Micro poign\u00e9e avec serrure - OMR Serrature<\/title>\n<meta name=\"robots\" content=\"index, follow, max-snippet:-1, max-image-preview:large, max-video-preview:-1\" \/>\n<link rel=\"canonical\" href=\"https:\/\/www.omrserrature.it\/fr\/produit\/micro-poignee-avec-serrure\/\" \/>\n<meta property=\"og:locale\" content=\"fr_FR\" \/>\n<meta property=\"og:type\" content=\"article\" \/>\n<meta property=\"og:title\" content=\"Micro poign\u00e9e avec serrure - OMR Serrature\" \/>\n<meta property=\"og:description\" content=\"La micro poign\u00e9e \u00e0 serrure est un produit fabriqu\u00e9 avec une attention particuli\u00e8re aux d\u00e9tails et des mat\u00e9riaux de haute qualit\u00e9. Con\u00e7ue et fabriqu\u00e9e en Italie, cette serrure est destin\u00e9e \u00e0 unelarge gamme d&#039;applications, des industries \u00e9lectrom\u00e9caniques aux armoires \u00e0 racks.\" \/>\n<meta property=\"og:url\" content=\"https:\/\/www.omrserrature.it\/fr\/produit\/micro-poignee-avec-serrure\/\" \/>\n<meta property=\"og:site_name\" content=\"OMR Serrature | Produzione sistemi di chiusura\" \/>\n<meta property=\"article:publisher\" content=\"https:\/\/www.facebook.com\/OMRserrature\" \/>\n<meta property=\"article:modified_time\" content=\"2026-04-08T11:10:59+00:00\" \/>\n<meta property=\"og:image\" content=\"https:\/\/www.omrserrature.it\/wp-content\/uploads\/2017\/10\/micromaniglia-serratura-rack.jpg\" \/>\n\t<meta property=\"og:image:width\" content=\"560\" \/>\n\t<meta property=\"og:image:height\" content=\"371\" \/>\n\t<meta property=\"og:image:type\" content=\"image\/jpeg\" \/>\n<meta name=\"twitter:card\" content=\"summary_large_image\" \/>\n<meta name=\"twitter:label1\" content=\"Dur\u00e9e de lecture estim\u00e9e\" \/>\n\t<meta name=\"twitter:data1\" content=\"1 minute\" \/>\n<script type=\"application\/ld+json\" class=\"yoast-schema-graph\">{\"@context\":\"https:\/\/schema.org\",\"@graph\":[{\"@type\":\"WebPage\",\"@id\":\"https:\/\/www.omrserrature.it\/fr\/produit\/micro-poignee-avec-serrure\/\",\"url\":\"https:\/\/www.omrserrature.it\/fr\/produit\/micro-poignee-avec-serrure\/\",\"name\":\"Micro poign\u00e9e avec serrure - OMR Serrature\",\"isPartOf\":{\"@id\":\"https:\/\/www.omrserrature.it\/fr\/#website\"},\"primaryImageOfPage\":{\"@id\":\"https:\/\/www.omrserrature.it\/fr\/produit\/micro-poignee-avec-serrure\/#primaryimage\"},\"image\":{\"@id\":\"https:\/\/www.omrserrature.it\/fr\/produit\/micro-poignee-avec-serrure\/#primaryimage\"},\"thumbnailUrl\":\"https:\/\/www.omrserrature.it\/wp-content\/uploads\/2017\/10\/micromaniglia-serratura-rack.jpg\",\"datePublished\":\"2009-10-17T15:49:00+00:00\",\"dateModified\":\"2026-04-08T11:10:59+00:00\",\"breadcrumb\":{\"@id\":\"https:\/\/www.omrserrature.it\/fr\/produit\/micro-poignee-avec-serrure\/#breadcrumb\"},\"inLanguage\":\"fr-FR\",\"potentialAction\":[{\"@type\":\"ReadAction\",\"target\":[\"https:\/\/www.omrserrature.it\/fr\/produit\/micro-poignee-avec-serrure\/\"]}]},{\"@type\":\"ImageObject\",\"inLanguage\":\"fr-FR\",\"@id\":\"https:\/\/www.omrserrature.it\/fr\/produit\/micro-poignee-avec-serrure\/#primaryimage\",\"url\":\"https:\/\/www.omrserrature.it\/wp-content\/uploads\/2017\/10\/micromaniglia-serratura-rack.jpg\",\"contentUrl\":\"https:\/\/www.omrserrature.it\/wp-content\/uploads\/2017\/10\/micromaniglia-serratura-rack.jpg\",\"width\":560,\"height\":371,\"caption\":\"Petite poign\u00e9e \u00e0 serrure pour les tiroirs et les casiers\"},{\"@type\":\"BreadcrumbList\",\"@id\":\"https:\/\/www.omrserrature.it\/fr\/produit\/micro-poignee-avec-serrure\/#breadcrumb\",\"itemListElement\":[{\"@type\":\"ListItem\",\"position\":1,\"name\":\"Home\",\"item\":\"https:\/\/www.omrserrature.it\/fr\/omr-serrures-et-systemes-de-verrouillage\/\"},{\"@type\":\"ListItem\",\"position\":2,\"name\":\"Catalogue\",\"item\":\"https:\/\/www.omrserrature.it\/catalogue\/?lang=fr\"},{\"@type\":\"ListItem\",\"position\":3,\"name\":\"Produits\",\"item\":\"https:\/\/www.omrserrature.it\/fr\/catalogue\/produits\/\"},{\"@type\":\"ListItem\",\"position\":4,\"name\":\"Serrures\",\"item\":\"https:\/\/www.omrserrature.it\/fr\/catalogue\/produits\/serrures\/\"},{\"@type\":\"ListItem\",\"position\":5,\"name\":\"Micro-serrures\",\"item\":\"https:\/\/www.omrserrature.it\/fr\/catalogue\/produits\/serrures\/micro-serrures\/\"},{\"@type\":\"ListItem\",\"position\":6,\"name\":\"Micro poign\u00e9e avec serrure\"}]},{\"@type\":\"WebSite\",\"@id\":\"https:\/\/www.omrserrature.it\/fr\/#website\",\"url\":\"https:\/\/www.omrserrature.it\/fr\/\",\"name\":\"OMR Serrature | Produzione sistemi di chiusura\",\"description\":\"Produzione serrature di sicurezza e sistemi di chiusura\",\"publisher\":{\"@id\":\"https:\/\/www.omrserrature.it\/fr\/#organization\"},\"potentialAction\":[{\"@type\":\"SearchAction\",\"target\":{\"@type\":\"EntryPoint\",\"urlTemplate\":\"https:\/\/www.omrserrature.it\/fr\/?s={search_term_string}\"},\"query-input\":{\"@type\":\"PropertyValueSpecification\",\"valueRequired\":true,\"valueName\":\"search_term_string\"}}],\"inLanguage\":\"fr-FR\"},{\"@type\":\"Organization\",\"@id\":\"https:\/\/www.omrserrature.it\/fr\/#organization\",\"name\":\"OMR Serrature | Produzione sistemi di chiusura\",\"url\":\"https:\/\/www.omrserrature.it\/fr\/\",\"logo\":{\"@type\":\"ImageObject\",\"inLanguage\":\"fr-FR\",\"@id\":\"https:\/\/www.omrserrature.it\/fr\/#\/schema\/logo\/image\/\",\"url\":\"https:\/\/www.omrserrature.it\/wp-content\/uploads\/2017\/09\/favicon-omr-114.png\",\"contentUrl\":\"https:\/\/www.omrserrature.it\/wp-content\/uploads\/2017\/09\/favicon-omr-114.png\",\"width\":114,\"height\":114,\"caption\":\"OMR Serrature | Produzione sistemi di chiusura\"},\"image\":{\"@id\":\"https:\/\/www.omrserrature.it\/fr\/#\/schema\/logo\/image\/\"},\"sameAs\":[\"https:\/\/www.facebook.com\/OMRserrature\",\"https:\/\/www.linkedin.com\/company\/omrserrature\/\",\"https:\/\/www.youtube.com\/channel\/UCxmA85z2R0EpG_6IRokiAkg\"]}]}<\/script>\n<!-- \/ Yoast SEO plugin. -->","yoast_head_json":{"title":"Micro poign\u00e9e avec serrure - OMR Serrature","robots":{"index":"index","follow":"follow","max-snippet":"max-snippet:-1","max-image-preview":"max-image-preview:large","max-video-preview":"max-video-preview:-1"},"canonical":"https:\/\/www.omrserrature.it\/fr\/produit\/micro-poignee-avec-serrure\/","og_locale":"fr_FR","og_type":"article","og_title":"Micro poign\u00e9e avec serrure - OMR Serrature","og_description":"La micro poign\u00e9e \u00e0 serrure est un produit fabriqu\u00e9 avec une attention particuli\u00e8re aux d\u00e9tails et des mat\u00e9riaux de haute qualit\u00e9. Con\u00e7ue et fabriqu\u00e9e en Italie, cette serrure est destin\u00e9e \u00e0 unelarge gamme d'applications, des industries \u00e9lectrom\u00e9caniques aux armoires \u00e0 racks.","og_url":"https:\/\/www.omrserrature.it\/fr\/produit\/micro-poignee-avec-serrure\/","og_site_name":"OMR Serrature | Produzione sistemi di chiusura","article_publisher":"https:\/\/www.facebook.com\/OMRserrature","article_modified_time":"2026-04-08T11:10:59+00:00","og_image":[{"width":560,"height":371,"url":"https:\/\/www.omrserrature.it\/wp-content\/uploads\/2017\/10\/micromaniglia-serratura-rack.jpg","type":"image\/jpeg"}],"twitter_card":"summary_large_image","twitter_misc":{"Dur\u00e9e de lecture estim\u00e9e":"1 minute"},"schema":{"@context":"https:\/\/schema.org","@graph":[{"@type":"WebPage","@id":"https:\/\/www.omrserrature.it\/fr\/produit\/micro-poignee-avec-serrure\/","url":"https:\/\/www.omrserrature.it\/fr\/produit\/micro-poignee-avec-serrure\/","name":"Micro poign\u00e9e avec serrure - OMR Serrature","isPartOf":{"@id":"https:\/\/www.omrserrature.it\/fr\/#website"},"primaryImageOfPage":{"@id":"https:\/\/www.omrserrature.it\/fr\/produit\/micro-poignee-avec-serrure\/#primaryimage"},"image":{"@id":"https:\/\/www.omrserrature.it\/fr\/produit\/micro-poignee-avec-serrure\/#primaryimage"},"thumbnailUrl":"https:\/\/www.omrserrature.it\/wp-content\/uploads\/2017\/10\/micromaniglia-serratura-rack.jpg","datePublished":"2009-10-17T15:49:00+00:00","dateModified":"2026-04-08T11:10:59+00:00","breadcrumb":{"@id":"https:\/\/www.omrserrature.it\/fr\/produit\/micro-poignee-avec-serrure\/#breadcrumb"},"inLanguage":"fr-FR","potentialAction":[{"@type":"ReadAction","target":["https:\/\/www.omrserrature.it\/fr\/produit\/micro-poignee-avec-serrure\/"]}]},{"@type":"ImageObject","inLanguage":"fr-FR","@id":"https:\/\/www.omrserrature.it\/fr\/produit\/micro-poignee-avec-serrure\/#primaryimage","url":"https:\/\/www.omrserrature.it\/wp-content\/uploads\/2017\/10\/micromaniglia-serratura-rack.jpg","contentUrl":"https:\/\/www.omrserrature.it\/wp-content\/uploads\/2017\/10\/micromaniglia-serratura-rack.jpg","width":560,"height":371,"caption":"Petite poign\u00e9e \u00e0 serrure pour les tiroirs et les casiers"},{"@type":"BreadcrumbList","@id":"https:\/\/www.omrserrature.it\/fr\/produit\/micro-poignee-avec-serrure\/#breadcrumb","itemListElement":[{"@type":"ListItem","position":1,"name":"Home","item":"https:\/\/www.omrserrature.it\/fr\/omr-serrures-et-systemes-de-verrouillage\/"},{"@type":"ListItem","position":2,"name":"Catalogue","item":"https:\/\/www.omrserrature.it\/catalogue\/?lang=fr"},{"@type":"ListItem","position":3,"name":"Produits","item":"https:\/\/www.omrserrature.it\/fr\/catalogue\/produits\/"},{"@type":"ListItem","position":4,"name":"Serrures","item":"https:\/\/www.omrserrature.it\/fr\/catalogue\/produits\/serrures\/"},{"@type":"ListItem","position":5,"name":"Micro-serrures","item":"https:\/\/www.omrserrature.it\/fr\/catalogue\/produits\/serrures\/micro-serrures\/"},{"@type":"ListItem","position":6,"name":"Micro poign\u00e9e avec serrure"}]},{"@type":"WebSite","@id":"https:\/\/www.omrserrature.it\/fr\/#website","url":"https:\/\/www.omrserrature.it\/fr\/","name":"OMR Serrature | Produzione sistemi di chiusura","description":"Produzione serrature di sicurezza e sistemi di chiusura","publisher":{"@id":"https:\/\/www.omrserrature.it\/fr\/#organization"},"potentialAction":[{"@type":"SearchAction","target":{"@type":"EntryPoint","urlTemplate":"https:\/\/www.omrserrature.it\/fr\/?s={search_term_string}"},"query-input":{"@type":"PropertyValueSpecification","valueRequired":true,"valueName":"search_term_string"}}],"inLanguage":"fr-FR"},{"@type":"Organization","@id":"https:\/\/www.omrserrature.it\/fr\/#organization","name":"OMR Serrature | Produzione sistemi di chiusura","url":"https:\/\/www.omrserrature.it\/fr\/","logo":{"@type":"ImageObject","inLanguage":"fr-FR","@id":"https:\/\/www.omrserrature.it\/fr\/#\/schema\/logo\/image\/","url":"https:\/\/www.omrserrature.it\/wp-content\/uploads\/2017\/09\/favicon-omr-114.png","contentUrl":"https:\/\/www.omrserrature.it\/wp-content\/uploads\/2017\/09\/favicon-omr-114.png","width":114,"height":114,"caption":"OMR Serrature | Produzione sistemi di chiusura"},"image":{"@id":"https:\/\/www.omrserrature.it\/fr\/#\/schema\/logo\/image\/"},"sameAs":["https:\/\/www.facebook.com\/OMRserrature","https:\/\/www.linkedin.com\/company\/omrserrature\/","https:\/\/www.youtube.com\/channel\/UCxmA85z2R0EpG_6IRokiAkg"]}]}},"_links":{"self":[{"href":"https:\/\/www.omrserrature.it\/fr\/wp-json\/wp\/v2\/product\/241639","targetHints":{"allow":["GET"]}}],"collection":[{"href":"https:\/\/www.omrserrature.it\/fr\/wp-json\/wp\/v2\/product"}],"about":[{"href":"https:\/\/www.omrserrature.it\/fr\/wp-json\/wp\/v2\/types\/product"}],"replies":[{"embeddable":true,"href":"https:\/\/www.omrserrature.it\/fr\/wp-json\/wp\/v2\/comments?post=241639"}],"wp:featuredmedia":[{"embeddable":true,"href":"https:\/\/www.omrserrature.it\/fr\/wp-json\/wp\/v2\/media\/3210"}],"wp:attachment":[{"href":"https:\/\/www.omrserrature.it\/fr\/wp-json\/wp\/v2\/media?parent=241639"}],"wp:term":[{"taxonomy":"product_brand","embeddable":true,"href":"https:\/\/www.omrserrature.it\/fr\/wp-json\/wp\/v2\/product_brand?post=241639"},{"taxonomy":"product_cat","embeddable":true,"href":"https:\/\/www.omrserrature.it\/fr\/wp-json\/wp\/v2\/product_cat?post=241639"},{"taxonomy":"product_tag","embeddable":true,"href":"https:\/\/www.omrserrature.it\/fr\/wp-json\/wp\/v2\/product_tag?post=241639"}],"curies":[{"name":"wp","href":"https:\/\/api.w.org\/{rel}","templated":true}]}}