{"id":241634,"date":"2021-06-10T15:04:45","date_gmt":"2010-06-21T13:04:00","guid":{"rendered":"https:\/\/www.staging6.omrserrature.it\/prodotto\/condor-profil-europeen-demi-cylindre\/"},"modified":"2026-04-08T11:13:07","modified_gmt":"2026-04-08T09:13:07","slug":"condor-profil-europeen-demi-cylindre","status":"publish","type":"product","link":"https:\/\/www.omrserrature.it\/fr\/produit\/condor-profil-europeen-demi-cylindre\/","title":{"rendered":"CONDOR profil europ\u00e9en demi-cylindre"},"content":{"rendered":"<p>Le <strong>cylindre de s\u00e9curit\u00e9 CONDOR \u00e0 profil europ\u00e9en<\/strong> repr\u00e9sente l&rsquo;excellence dans le domaine de la s\u00e9curit\u00e9 des portes blind\u00e9es. Ce produit, au profil universel, est fabriqu\u00e9 \u00e0 partir d&rsquo;un monobloc en laiton nickel\u00e9. La came en acier inoxydable conforme \u00e0 la norme DIN est activ\u00e9e par un barillet \u00e0 17 pistons. Cette conception permet de g\u00e9n\u00e9rer plus de 7,5 millions de combinaisons, garantissant ainsi une s\u00e9curit\u00e9 in\u00e9gal\u00e9e.   <\/p>\n<p><strong>D\u00e9tails techniques avanc\u00e9s :<\/strong><\/p>\n<ul>\n<li>Goupilles <strong>principales actives<\/strong>: 5 goupilles, dont certaines en acier tremp\u00e9 pour une r\u00e9sistance sup\u00e9rieure.<\/li>\n<li><strong>Contre-pointes moul\u00e9es anti-picking<\/strong>: 5 pointes pour augmenter la protection contre le picking.<\/li>\n<li><strong>Epingles actives \u00ab\u00a0serpent<\/strong>\u00a0\u00bb : fausses ouvertures anti-pincement et anti-piq\u00fbre.<\/li>\n<li>Broches <strong>passives<\/strong>: 2 broches avec 5 positions diff\u00e9rentes.<\/li>\n<\/ul>\n<p>Le jeu comprend 5 cl\u00e9s principales (t\u00eate bleue) et 2 cl\u00e9s de chantier (t\u00eate noire), avec la possibilit\u00e9 de d\u00e9sactiver les cl\u00e9s de chantier par une touche marche\/arr\u00eat.<\/p>\n<p><strong>Caract\u00e9ristiques de s\u00e9curit\u00e9 suppl\u00e9mentaires :<\/strong><\/p>\n<ul>\n<li><strong>Renforcement central et coupe de pr\u00e9-affaiblissement<\/strong>: haute r\u00e9sistance \u00e0 la d\u00e9chirure.<\/li>\n<li><strong>Axes en acier tremp\u00e9<\/strong>: \u00e0 l&rsquo;avant et \u00e0 l&rsquo;arri\u00e8re pour la r\u00e9sistance \u00e0 la crevaison.<\/li>\n<li><strong>Axes en acier et ressorts antirouille<\/strong>: grande durabilit\u00e9 et r\u00e9sistance \u00e0 la corrosion.<\/li>\n<li><strong>Cl\u00e9 d&rsquo;ordinateur r\u00e9versible<\/strong>: peut \u00e9galement \u00eatre utilis\u00e9e avec des protections de cylindre surdimensionn\u00e9es.<\/li>\n<\/ul>\n<p>Pour l&rsquo;installation, nous recommandons l&rsquo;utilisation de protections de cylindre avec un tampon anti-per\u00e7age de 4,5 mm. Le cylindre CONDOR est fabriqu\u00e9 par M&amp;C et distribu\u00e9 en Italie par OMR Srl.<\/p>\n<p><strong>Des atouts uniques :<\/strong><\/p>\n<ul>\n<li><strong>Cl\u00e9<\/strong> brevet\u00e9e <strong>en New Silver (Alpacca)<\/strong>: brevet valable jusqu&rsquo;en 2040.<\/li>\n<li><strong>Plaque anti-panneaux Puma Steel\u00ae<\/strong>: acier au carbone de haute qualit\u00e9 qui suit le profil de la cl\u00e9.<\/li>\n<li><strong>Bielle \u00e0 double couplage<\/strong>: avec des goupilles anti-poin\u00e7onnement.<\/li>\n<li><strong>Came en acier inoxydable<\/strong>: pour une plus grande durabilit\u00e9.<\/li>\n<\/ul>\n<p>Le cylindre \u00e0 profil europ\u00e9en pour portes de s\u00e9curit\u00e9 CONDOR est la solution id\u00e9ale pour ceux qui recherchent le nec plus ultra en mati\u00e8re de s\u00e9curit\u00e9, en combinant une technologie avanc\u00e9e et des mat\u00e9riaux de qualit\u00e9 sup\u00e9rieure.<\/p>\n","protected":false},"excerpt":{"rendered":"<p>Le cylindre de s\u00e9curit\u00e9 CONDOR \u00e0 profil europ\u00e9en repr\u00e9sente l&rsquo;excellence dans le domaine de la s\u00e9curit\u00e9 des portes blind\u00e9es. Ce produit, au profil universel, est fabriqu\u00e9 \u00e0 partir d&rsquo;un monobloc en laiton nickel\u00e9. La came en acier inoxydable conforme \u00e0 la norme DIN est activ\u00e9e par un barillet \u00e0 17 pistons. Cette conception permet de g\u00e9n\u00e9rer plus de 7,5 millions de combinaisons, garantissant ainsi une s\u00e9curit\u00e9 in\u00e9gal\u00e9e.   <\/p>\n","protected":false},"featured_media":21318,"comment_status":"open","ping_status":"closed","template":"","meta":{"_acf_changed":false,"_et_pb_use_builder":"","_et_pb_old_content":"","_et_gb_content_width":""},"product_brand":[],"product_cat":[3660],"product_tag":[],"class_list":{"0":"post-241634","1":"product","2":"type-product","3":"status-publish","4":"has-post-thumbnail","6":"product_cat-cylindres-a-profil-europeen","8":"first","9":"instock","10":"shipping-taxable","11":"product-type-simple"},"acf":{"pdf1":"https:\/\/www.omrserrature.it\/wp-content\/uploads\/2018\/05\/CONDOR.pdf"},"yoast_head":"<!-- This site is optimized with the Yoast SEO plugin v27.2 - https:\/\/yoast.com\/product\/yoast-seo-wordpress\/ -->\n<title>CONDOR profil europ\u00e9en demi-cylindre - OMR Serrature<\/title>\n<meta name=\"robots\" content=\"index, follow, max-snippet:-1, max-image-preview:large, max-video-preview:-1\" \/>\n<link rel=\"canonical\" href=\"https:\/\/www.omrserrature.it\/fr\/produit\/condor-profil-europeen-demi-cylindre\/\" \/>\n<meta property=\"og:locale\" content=\"fr_FR\" \/>\n<meta property=\"og:type\" content=\"article\" \/>\n<meta property=\"og:title\" content=\"CONDOR profil europ\u00e9en demi-cylindre - OMR Serrature\" \/>\n<meta property=\"og:description\" content=\"Le cylindre de s\u00e9curit\u00e9 CONDOR \u00e0 profil europ\u00e9en repr\u00e9sente l&#039;excellence dans le domaine de la s\u00e9curit\u00e9 des portes blind\u00e9es. Ce produit, au profil universel, est fabriqu\u00e9 \u00e0 partir d&#039;un monobloc en laiton nickel\u00e9. La came en acier inoxydable conforme \u00e0 la norme DIN est activ\u00e9e par un barillet \u00e0 17 pistons. Cette conception permet de g\u00e9n\u00e9rer plus de 7,5 millions de combinaisons, garantissant ainsi une s\u00e9curit\u00e9 in\u00e9gal\u00e9e.\" \/>\n<meta property=\"og:url\" content=\"https:\/\/www.omrserrature.it\/fr\/produit\/condor-profil-europeen-demi-cylindre\/\" \/>\n<meta property=\"og:site_name\" content=\"OMR Serrature | Produzione sistemi di chiusura\" \/>\n<meta property=\"article:publisher\" content=\"https:\/\/www.facebook.com\/OMRserrature\" \/>\n<meta property=\"article:modified_time\" content=\"2026-04-08T09:13:07+00:00\" \/>\n<meta property=\"og:image\" content=\"https:\/\/www.omrserrature.it\/wp-content\/uploads\/2021\/06\/mezzo-cilindro-profilo-europeo-condor.jpeg\" \/>\n\t<meta property=\"og:image:width\" content=\"1000\" \/>\n\t<meta property=\"og:image:height\" content=\"1000\" \/>\n\t<meta property=\"og:image:type\" content=\"image\/jpeg\" \/>\n<meta name=\"twitter:card\" content=\"summary_large_image\" \/>\n<meta name=\"twitter:label1\" content=\"Dur\u00e9e de lecture estim\u00e9e\" \/>\n\t<meta name=\"twitter:data1\" content=\"2 minutes\" \/>\n<script type=\"application\/ld+json\" class=\"yoast-schema-graph\">{\"@context\":\"https:\/\/schema.org\",\"@graph\":[{\"@type\":\"WebPage\",\"@id\":\"https:\/\/www.omrserrature.it\/fr\/produit\/condor-profil-europeen-demi-cylindre\/\",\"url\":\"https:\/\/www.omrserrature.it\/fr\/produit\/condor-profil-europeen-demi-cylindre\/\",\"name\":\"CONDOR profil europ\u00e9en demi-cylindre - OMR Serrature\",\"isPartOf\":{\"@id\":\"https:\/\/www.omrserrature.it\/fr\/#website\"},\"primaryImageOfPage\":{\"@id\":\"https:\/\/www.omrserrature.it\/fr\/produit\/condor-profil-europeen-demi-cylindre\/#primaryimage\"},\"image\":{\"@id\":\"https:\/\/www.omrserrature.it\/fr\/produit\/condor-profil-europeen-demi-cylindre\/#primaryimage\"},\"thumbnailUrl\":\"https:\/\/www.omrserrature.it\/wp-content\/uploads\/2021\/06\/mezzo-cilindro-profilo-europeo-condor.jpeg\",\"datePublished\":\"2010-06-21T13:04:00+00:00\",\"dateModified\":\"2026-04-08T09:13:07+00:00\",\"breadcrumb\":{\"@id\":\"https:\/\/www.omrserrature.it\/fr\/produit\/condor-profil-europeen-demi-cylindre\/#breadcrumb\"},\"inLanguage\":\"fr-FR\",\"potentialAction\":[{\"@type\":\"ReadAction\",\"target\":[\"https:\/\/www.omrserrature.it\/fr\/produit\/condor-profil-europeen-demi-cylindre\/\"]}]},{\"@type\":\"ImageObject\",\"inLanguage\":\"fr-FR\",\"@id\":\"https:\/\/www.omrserrature.it\/fr\/produit\/condor-profil-europeen-demi-cylindre\/#primaryimage\",\"url\":\"https:\/\/www.omrserrature.it\/wp-content\/uploads\/2021\/06\/mezzo-cilindro-profilo-europeo-condor.jpeg\",\"contentUrl\":\"https:\/\/www.omrserrature.it\/wp-content\/uploads\/2021\/06\/mezzo-cilindro-profilo-europeo-condor.jpeg\",\"width\":1000,\"height\":1000,\"caption\":\"Condor High Security European Half Cylinder (demi-cylindre europ\u00e9en de haute s\u00e9curit\u00e9)\"},{\"@type\":\"BreadcrumbList\",\"@id\":\"https:\/\/www.omrserrature.it\/fr\/produit\/condor-profil-europeen-demi-cylindre\/#breadcrumb\",\"itemListElement\":[{\"@type\":\"ListItem\",\"position\":1,\"name\":\"Home\",\"item\":\"https:\/\/www.omrserrature.it\/fr\/omr-serrures-et-systemes-de-verrouillage\/\"},{\"@type\":\"ListItem\",\"position\":2,\"name\":\"Catalogue\",\"item\":\"https:\/\/www.omrserrature.it\/catalogue\/?lang=fr\"},{\"@type\":\"ListItem\",\"position\":3,\"name\":\"Produits\",\"item\":\"https:\/\/www.omrserrature.it\/fr\/catalogue\/produits\/\"},{\"@type\":\"ListItem\",\"position\":4,\"name\":\"Cylindres \u00e0 profil europ\u00e9en\",\"item\":\"https:\/\/www.omrserrature.it\/fr\/catalogue\/produits\/cylindres-a-profil-europeen\/\"},{\"@type\":\"ListItem\",\"position\":5,\"name\":\"CONDOR profil europ\u00e9en demi-cylindre\"}]},{\"@type\":\"WebSite\",\"@id\":\"https:\/\/www.omrserrature.it\/fr\/#website\",\"url\":\"https:\/\/www.omrserrature.it\/fr\/\",\"name\":\"OMR Serrature | Produzione sistemi di chiusura\",\"description\":\"Produzione serrature di sicurezza e sistemi di chiusura\",\"publisher\":{\"@id\":\"https:\/\/www.omrserrature.it\/fr\/#organization\"},\"potentialAction\":[{\"@type\":\"SearchAction\",\"target\":{\"@type\":\"EntryPoint\",\"urlTemplate\":\"https:\/\/www.omrserrature.it\/fr\/?s={search_term_string}\"},\"query-input\":{\"@type\":\"PropertyValueSpecification\",\"valueRequired\":true,\"valueName\":\"search_term_string\"}}],\"inLanguage\":\"fr-FR\"},{\"@type\":\"Organization\",\"@id\":\"https:\/\/www.omrserrature.it\/fr\/#organization\",\"name\":\"OMR Serrature | Produzione sistemi di chiusura\",\"url\":\"https:\/\/www.omrserrature.it\/fr\/\",\"logo\":{\"@type\":\"ImageObject\",\"inLanguage\":\"fr-FR\",\"@id\":\"https:\/\/www.omrserrature.it\/fr\/#\/schema\/logo\/image\/\",\"url\":\"https:\/\/www.omrserrature.it\/wp-content\/uploads\/2017\/09\/favicon-omr-114.png\",\"contentUrl\":\"https:\/\/www.omrserrature.it\/wp-content\/uploads\/2017\/09\/favicon-omr-114.png\",\"width\":114,\"height\":114,\"caption\":\"OMR Serrature | Produzione sistemi di chiusura\"},\"image\":{\"@id\":\"https:\/\/www.omrserrature.it\/fr\/#\/schema\/logo\/image\/\"},\"sameAs\":[\"https:\/\/www.facebook.com\/OMRserrature\",\"https:\/\/www.linkedin.com\/company\/omrserrature\/\",\"https:\/\/www.youtube.com\/channel\/UCxmA85z2R0EpG_6IRokiAkg\"]}]}<\/script>\n<!-- \/ Yoast SEO plugin. -->","yoast_head_json":{"title":"CONDOR profil europ\u00e9en demi-cylindre - OMR Serrature","robots":{"index":"index","follow":"follow","max-snippet":"max-snippet:-1","max-image-preview":"max-image-preview:large","max-video-preview":"max-video-preview:-1"},"canonical":"https:\/\/www.omrserrature.it\/fr\/produit\/condor-profil-europeen-demi-cylindre\/","og_locale":"fr_FR","og_type":"article","og_title":"CONDOR profil europ\u00e9en demi-cylindre - OMR Serrature","og_description":"Le cylindre de s\u00e9curit\u00e9 CONDOR \u00e0 profil europ\u00e9en repr\u00e9sente l'excellence dans le domaine de la s\u00e9curit\u00e9 des portes blind\u00e9es. Ce produit, au profil universel, est fabriqu\u00e9 \u00e0 partir d'un monobloc en laiton nickel\u00e9. La came en acier inoxydable conforme \u00e0 la norme DIN est activ\u00e9e par un barillet \u00e0 17 pistons. Cette conception permet de g\u00e9n\u00e9rer plus de 7,5 millions de combinaisons, garantissant ainsi une s\u00e9curit\u00e9 in\u00e9gal\u00e9e.","og_url":"https:\/\/www.omrserrature.it\/fr\/produit\/condor-profil-europeen-demi-cylindre\/","og_site_name":"OMR Serrature | Produzione sistemi di chiusura","article_publisher":"https:\/\/www.facebook.com\/OMRserrature","article_modified_time":"2026-04-08T09:13:07+00:00","og_image":[{"width":1000,"height":1000,"url":"https:\/\/www.omrserrature.it\/wp-content\/uploads\/2021\/06\/mezzo-cilindro-profilo-europeo-condor.jpeg","type":"image\/jpeg"}],"twitter_card":"summary_large_image","twitter_misc":{"Dur\u00e9e de lecture estim\u00e9e":"2 minutes"},"schema":{"@context":"https:\/\/schema.org","@graph":[{"@type":"WebPage","@id":"https:\/\/www.omrserrature.it\/fr\/produit\/condor-profil-europeen-demi-cylindre\/","url":"https:\/\/www.omrserrature.it\/fr\/produit\/condor-profil-europeen-demi-cylindre\/","name":"CONDOR profil europ\u00e9en demi-cylindre - OMR Serrature","isPartOf":{"@id":"https:\/\/www.omrserrature.it\/fr\/#website"},"primaryImageOfPage":{"@id":"https:\/\/www.omrserrature.it\/fr\/produit\/condor-profil-europeen-demi-cylindre\/#primaryimage"},"image":{"@id":"https:\/\/www.omrserrature.it\/fr\/produit\/condor-profil-europeen-demi-cylindre\/#primaryimage"},"thumbnailUrl":"https:\/\/www.omrserrature.it\/wp-content\/uploads\/2021\/06\/mezzo-cilindro-profilo-europeo-condor.jpeg","datePublished":"2010-06-21T13:04:00+00:00","dateModified":"2026-04-08T09:13:07+00:00","breadcrumb":{"@id":"https:\/\/www.omrserrature.it\/fr\/produit\/condor-profil-europeen-demi-cylindre\/#breadcrumb"},"inLanguage":"fr-FR","potentialAction":[{"@type":"ReadAction","target":["https:\/\/www.omrserrature.it\/fr\/produit\/condor-profil-europeen-demi-cylindre\/"]}]},{"@type":"ImageObject","inLanguage":"fr-FR","@id":"https:\/\/www.omrserrature.it\/fr\/produit\/condor-profil-europeen-demi-cylindre\/#primaryimage","url":"https:\/\/www.omrserrature.it\/wp-content\/uploads\/2021\/06\/mezzo-cilindro-profilo-europeo-condor.jpeg","contentUrl":"https:\/\/www.omrserrature.it\/wp-content\/uploads\/2021\/06\/mezzo-cilindro-profilo-europeo-condor.jpeg","width":1000,"height":1000,"caption":"Condor High Security European Half Cylinder (demi-cylindre europ\u00e9en de haute s\u00e9curit\u00e9)"},{"@type":"BreadcrumbList","@id":"https:\/\/www.omrserrature.it\/fr\/produit\/condor-profil-europeen-demi-cylindre\/#breadcrumb","itemListElement":[{"@type":"ListItem","position":1,"name":"Home","item":"https:\/\/www.omrserrature.it\/fr\/omr-serrures-et-systemes-de-verrouillage\/"},{"@type":"ListItem","position":2,"name":"Catalogue","item":"https:\/\/www.omrserrature.it\/catalogue\/?lang=fr"},{"@type":"ListItem","position":3,"name":"Produits","item":"https:\/\/www.omrserrature.it\/fr\/catalogue\/produits\/"},{"@type":"ListItem","position":4,"name":"Cylindres \u00e0 profil europ\u00e9en","item":"https:\/\/www.omrserrature.it\/fr\/catalogue\/produits\/cylindres-a-profil-europeen\/"},{"@type":"ListItem","position":5,"name":"CONDOR profil europ\u00e9en demi-cylindre"}]},{"@type":"WebSite","@id":"https:\/\/www.omrserrature.it\/fr\/#website","url":"https:\/\/www.omrserrature.it\/fr\/","name":"OMR Serrature | Produzione sistemi di chiusura","description":"Produzione serrature di sicurezza e sistemi di chiusura","publisher":{"@id":"https:\/\/www.omrserrature.it\/fr\/#organization"},"potentialAction":[{"@type":"SearchAction","target":{"@type":"EntryPoint","urlTemplate":"https:\/\/www.omrserrature.it\/fr\/?s={search_term_string}"},"query-input":{"@type":"PropertyValueSpecification","valueRequired":true,"valueName":"search_term_string"}}],"inLanguage":"fr-FR"},{"@type":"Organization","@id":"https:\/\/www.omrserrature.it\/fr\/#organization","name":"OMR Serrature | Produzione sistemi di chiusura","url":"https:\/\/www.omrserrature.it\/fr\/","logo":{"@type":"ImageObject","inLanguage":"fr-FR","@id":"https:\/\/www.omrserrature.it\/fr\/#\/schema\/logo\/image\/","url":"https:\/\/www.omrserrature.it\/wp-content\/uploads\/2017\/09\/favicon-omr-114.png","contentUrl":"https:\/\/www.omrserrature.it\/wp-content\/uploads\/2017\/09\/favicon-omr-114.png","width":114,"height":114,"caption":"OMR Serrature | Produzione sistemi di chiusura"},"image":{"@id":"https:\/\/www.omrserrature.it\/fr\/#\/schema\/logo\/image\/"},"sameAs":["https:\/\/www.facebook.com\/OMRserrature","https:\/\/www.linkedin.com\/company\/omrserrature\/","https:\/\/www.youtube.com\/channel\/UCxmA85z2R0EpG_6IRokiAkg"]}]}},"_links":{"self":[{"href":"https:\/\/www.omrserrature.it\/fr\/wp-json\/wp\/v2\/product\/241634","targetHints":{"allow":["GET"]}}],"collection":[{"href":"https:\/\/www.omrserrature.it\/fr\/wp-json\/wp\/v2\/product"}],"about":[{"href":"https:\/\/www.omrserrature.it\/fr\/wp-json\/wp\/v2\/types\/product"}],"replies":[{"embeddable":true,"href":"https:\/\/www.omrserrature.it\/fr\/wp-json\/wp\/v2\/comments?post=241634"}],"wp:featuredmedia":[{"embeddable":true,"href":"https:\/\/www.omrserrature.it\/fr\/wp-json\/wp\/v2\/media\/21318"}],"wp:attachment":[{"href":"https:\/\/www.omrserrature.it\/fr\/wp-json\/wp\/v2\/media?parent=241634"}],"wp:term":[{"taxonomy":"product_brand","embeddable":true,"href":"https:\/\/www.omrserrature.it\/fr\/wp-json\/wp\/v2\/product_brand?post=241634"},{"taxonomy":"product_cat","embeddable":true,"href":"https:\/\/www.omrserrature.it\/fr\/wp-json\/wp\/v2\/product_cat?post=241634"},{"taxonomy":"product_tag","embeddable":true,"href":"https:\/\/www.omrserrature.it\/fr\/wp-json\/wp\/v2\/product_tag?post=241634"}],"curies":[{"name":"wp","href":"https:\/\/api.w.org\/{rel}","templated":true}]}}