{"id":241627,"date":"2018-01-08T15:42:49","date_gmt":"2008-01-18T14:42:00","guid":{"rendered":"https:\/\/www.staging6.omrserrature.it\/prodotto\/gabarit-de-percage-pour-les-serrures-de-la-serie-otto\/"},"modified":"2026-04-08T12:01:50","modified_gmt":"2026-04-08T10:01:50","slug":"gabarit-de-percage-pour-les-serrures-de-la-serie-otto","status":"publish","type":"product","link":"https:\/\/www.omrserrature.it\/fr\/produit\/gabarit-de-percage-pour-les-serrures-de-la-serie-otto\/","title":{"rendered":"Gabarit de per\u00e7age pour les serrures de la s\u00e9rie OTTO"},"content":{"rendered":"<p>Avec les nouvelles serrures de la s\u00e9rie OTTO, la s\u00e9curisation des portes \u00e0 bouton-poussoir ou \u00e0 poign\u00e9e devient une r\u00e9alit\u00e9. Le gabarit de per\u00e7age \u00e0 \u00e9l\u00e9ment mobile permet d&rsquo;installer les serrures OTTO avec cylindre \u00e0 profil europ\u00e9en sur tout type de porte et avec toutes les cl\u00e9s anciennes (a levier). Les goupilles d&rsquo;\u00e9cartement ont un c\u00f4t\u00e9 plat pour une utilisation dans les portes \u00e0 feuillure. Il est \u00e9galement possible d&rsquo;utiliser le gabarit avec des p\u00eanes centr\u00e9s ou d\u00e9centr\u00e9s. Vous trouverez une liste de tous les \u00e9l\u00e9ments inclus dans le kit dans la section <strong>\u00ab\u00a0Inclus\u00a0\u00bb<\/strong> de cette page.  <\/p>\n","protected":false},"excerpt":{"rendered":"<p>Avec les nouvelles serrures de la s\u00e9rie OTTO, la s\u00e9curisation des portes \u00e0 bouton-poussoir ou \u00e0 poign\u00e9e devient une r\u00e9alit\u00e9. Le gabarit de per\u00e7age \u00e0 \u00e9l\u00e9ment mobile permet d&rsquo;installer les serrures OTTO avec cylindre \u00e0 profil europ\u00e9en sur tout type de porte et avec toutes les cl\u00e9s anciennes (a levier).<\/p>\n","protected":false},"featured_media":7971,"comment_status":"open","ping_status":"closed","template":"","meta":{"_acf_changed":false,"_et_pb_use_builder":"","_et_pb_old_content":"","_et_gb_content_width":""},"product_brand":[],"product_cat":[3677],"product_tag":[],"class_list":{"0":"post-241627","1":"product","2":"type-product","3":"status-publish","4":"has-post-thumbnail","6":"product_cat-plaques-et-ecussons","8":"first","9":"instock","10":"shipping-taxable","11":"product-type-simple"},"acf":{"pdf1":false},"yoast_head":"<!-- This site is optimized with the Yoast SEO plugin v27.2 - https:\/\/yoast.com\/product\/yoast-seo-wordpress\/ -->\n<title>Gabarit de per\u00e7age pour les serrures de la s\u00e9rie OTTO - OMR Serrature<\/title>\n<meta name=\"robots\" content=\"index, follow, max-snippet:-1, max-image-preview:large, max-video-preview:-1\" \/>\n<link rel=\"canonical\" href=\"https:\/\/www.omrserrature.it\/fr\/produit\/gabarit-de-percage-pour-les-serrures-de-la-serie-otto\/\" \/>\n<meta property=\"og:locale\" content=\"fr_FR\" \/>\n<meta property=\"og:type\" content=\"article\" \/>\n<meta property=\"og:title\" content=\"Gabarit de per\u00e7age pour les serrures de la s\u00e9rie OTTO - OMR Serrature\" \/>\n<meta property=\"og:description\" content=\"Avec les nouvelles serrures de la s\u00e9rie OTTO, la s\u00e9curisation des portes \u00e0 bouton-poussoir ou \u00e0 poign\u00e9e devient une r\u00e9alit\u00e9. Le gabarit de per\u00e7age \u00e0 \u00e9l\u00e9ment mobile permet d&#039;installer les serrures OTTO avec cylindre \u00e0 profil europ\u00e9en sur tout type de porte et avec toutes les cl\u00e9s anciennes (a levier).\" \/>\n<meta property=\"og:url\" content=\"https:\/\/www.omrserrature.it\/fr\/produit\/gabarit-de-percage-pour-les-serrures-de-la-serie-otto\/\" \/>\n<meta property=\"og:site_name\" content=\"OMR Serrature | Produzione sistemi di chiusura\" \/>\n<meta property=\"article:publisher\" content=\"https:\/\/www.facebook.com\/OMRserrature\" \/>\n<meta property=\"article:modified_time\" content=\"2026-04-08T10:01:50+00:00\" \/>\n<meta property=\"og:image\" content=\"https:\/\/www.omrserrature.it\/wp-content\/uploads\/2018\/01\/maschera-foratura-otto.jpg\" \/>\n\t<meta property=\"og:image:width\" content=\"1039\" \/>\n\t<meta property=\"og:image:height\" content=\"632\" \/>\n\t<meta property=\"og:image:type\" content=\"image\/jpeg\" \/>\n<meta name=\"twitter:card\" content=\"summary_large_image\" \/>\n<meta name=\"twitter:label1\" content=\"Dur\u00e9e de lecture estim\u00e9e\" \/>\n\t<meta name=\"twitter:data1\" content=\"1 minute\" \/>\n<script type=\"application\/ld+json\" class=\"yoast-schema-graph\">{\"@context\":\"https:\/\/schema.org\",\"@graph\":[{\"@type\":\"WebPage\",\"@id\":\"https:\/\/www.omrserrature.it\/fr\/produit\/gabarit-de-percage-pour-les-serrures-de-la-serie-otto\/\",\"url\":\"https:\/\/www.omrserrature.it\/fr\/produit\/gabarit-de-percage-pour-les-serrures-de-la-serie-otto\/\",\"name\":\"Gabarit de per\u00e7age pour les serrures de la s\u00e9rie OTTO - OMR Serrature\",\"isPartOf\":{\"@id\":\"https:\/\/www.omrserrature.it\/fr\/#website\"},\"primaryImageOfPage\":{\"@id\":\"https:\/\/www.omrserrature.it\/fr\/produit\/gabarit-de-percage-pour-les-serrures-de-la-serie-otto\/#primaryimage\"},\"image\":{\"@id\":\"https:\/\/www.omrserrature.it\/fr\/produit\/gabarit-de-percage-pour-les-serrures-de-la-serie-otto\/#primaryimage\"},\"thumbnailUrl\":\"https:\/\/www.omrserrature.it\/wp-content\/uploads\/2018\/01\/maschera-foratura-otto.jpg\",\"datePublished\":\"2008-01-18T14:42:00+00:00\",\"dateModified\":\"2026-04-08T10:01:50+00:00\",\"breadcrumb\":{\"@id\":\"https:\/\/www.omrserrature.it\/fr\/produit\/gabarit-de-percage-pour-les-serrures-de-la-serie-otto\/#breadcrumb\"},\"inLanguage\":\"fr-FR\",\"potentialAction\":[{\"@type\":\"ReadAction\",\"target\":[\"https:\/\/www.omrserrature.it\/fr\/produit\/gabarit-de-percage-pour-les-serrures-de-la-serie-otto\/\"]}]},{\"@type\":\"ImageObject\",\"inLanguage\":\"fr-FR\",\"@id\":\"https:\/\/www.omrserrature.it\/fr\/produit\/gabarit-de-percage-pour-les-serrures-de-la-serie-otto\/#primaryimage\",\"url\":\"https:\/\/www.omrserrature.it\/wp-content\/uploads\/2018\/01\/maschera-foratura-otto.jpg\",\"contentUrl\":\"https:\/\/www.omrserrature.it\/wp-content\/uploads\/2018\/01\/maschera-foratura-otto.jpg\",\"width\":1039,\"height\":632,\"caption\":\"Gabarit de per\u00e7age pour les serrures de la s\u00e9rie OTTO\"},{\"@type\":\"BreadcrumbList\",\"@id\":\"https:\/\/www.omrserrature.it\/fr\/produit\/gabarit-de-percage-pour-les-serrures-de-la-serie-otto\/#breadcrumb\",\"itemListElement\":[{\"@type\":\"ListItem\",\"position\":1,\"name\":\"Home\",\"item\":\"https:\/\/www.omrserrature.it\/fr\/omr-serrures-et-systemes-de-verrouillage\/\"},{\"@type\":\"ListItem\",\"position\":2,\"name\":\"Catalogue\",\"item\":\"https:\/\/www.omrserrature.it\/catalogue\/?lang=fr\"},{\"@type\":\"ListItem\",\"position\":3,\"name\":\"Produits\",\"item\":\"https:\/\/www.omrserrature.it\/fr\/catalogue\/produits\/\"},{\"@type\":\"ListItem\",\"position\":4,\"name\":\"Accessoires et pi\u00e8ces d\u00e9tach\u00e9es\",\"item\":\"https:\/\/www.omrserrature.it\/fr\/catalogue\/produits\/accessoires-et-pieces-detachees\/\"},{\"@type\":\"ListItem\",\"position\":5,\"name\":\"Plaques et \u00e9cussons\",\"item\":\"https:\/\/www.omrserrature.it\/fr\/catalogue\/produits\/accessoires-et-pieces-detachees\/plaques-et-ecussons\/\"},{\"@type\":\"ListItem\",\"position\":6,\"name\":\"Gabarit de per\u00e7age pour les serrures de la s\u00e9rie OTTO\"}]},{\"@type\":\"WebSite\",\"@id\":\"https:\/\/www.omrserrature.it\/fr\/#website\",\"url\":\"https:\/\/www.omrserrature.it\/fr\/\",\"name\":\"OMR Serrature | Produzione sistemi di chiusura\",\"description\":\"Produzione serrature di sicurezza e sistemi di chiusura\",\"publisher\":{\"@id\":\"https:\/\/www.omrserrature.it\/fr\/#organization\"},\"potentialAction\":[{\"@type\":\"SearchAction\",\"target\":{\"@type\":\"EntryPoint\",\"urlTemplate\":\"https:\/\/www.omrserrature.it\/fr\/?s={search_term_string}\"},\"query-input\":{\"@type\":\"PropertyValueSpecification\",\"valueRequired\":true,\"valueName\":\"search_term_string\"}}],\"inLanguage\":\"fr-FR\"},{\"@type\":\"Organization\",\"@id\":\"https:\/\/www.omrserrature.it\/fr\/#organization\",\"name\":\"OMR Serrature | Produzione sistemi di chiusura\",\"url\":\"https:\/\/www.omrserrature.it\/fr\/\",\"logo\":{\"@type\":\"ImageObject\",\"inLanguage\":\"fr-FR\",\"@id\":\"https:\/\/www.omrserrature.it\/fr\/#\/schema\/logo\/image\/\",\"url\":\"https:\/\/www.omrserrature.it\/wp-content\/uploads\/2017\/09\/favicon-omr-114.png\",\"contentUrl\":\"https:\/\/www.omrserrature.it\/wp-content\/uploads\/2017\/09\/favicon-omr-114.png\",\"width\":114,\"height\":114,\"caption\":\"OMR Serrature | Produzione sistemi di chiusura\"},\"image\":{\"@id\":\"https:\/\/www.omrserrature.it\/fr\/#\/schema\/logo\/image\/\"},\"sameAs\":[\"https:\/\/www.facebook.com\/OMRserrature\",\"https:\/\/www.linkedin.com\/company\/omrserrature\/\",\"https:\/\/www.youtube.com\/channel\/UCxmA85z2R0EpG_6IRokiAkg\"]}]}<\/script>\n<!-- \/ Yoast SEO plugin. -->","yoast_head_json":{"title":"Gabarit de per\u00e7age pour les serrures de la s\u00e9rie OTTO - OMR Serrature","robots":{"index":"index","follow":"follow","max-snippet":"max-snippet:-1","max-image-preview":"max-image-preview:large","max-video-preview":"max-video-preview:-1"},"canonical":"https:\/\/www.omrserrature.it\/fr\/produit\/gabarit-de-percage-pour-les-serrures-de-la-serie-otto\/","og_locale":"fr_FR","og_type":"article","og_title":"Gabarit de per\u00e7age pour les serrures de la s\u00e9rie OTTO - OMR Serrature","og_description":"Avec les nouvelles serrures de la s\u00e9rie OTTO, la s\u00e9curisation des portes \u00e0 bouton-poussoir ou \u00e0 poign\u00e9e devient une r\u00e9alit\u00e9. Le gabarit de per\u00e7age \u00e0 \u00e9l\u00e9ment mobile permet d'installer les serrures OTTO avec cylindre \u00e0 profil europ\u00e9en sur tout type de porte et avec toutes les cl\u00e9s anciennes (a levier).","og_url":"https:\/\/www.omrserrature.it\/fr\/produit\/gabarit-de-percage-pour-les-serrures-de-la-serie-otto\/","og_site_name":"OMR Serrature | Produzione sistemi di chiusura","article_publisher":"https:\/\/www.facebook.com\/OMRserrature","article_modified_time":"2026-04-08T10:01:50+00:00","og_image":[{"width":1039,"height":632,"url":"https:\/\/www.omrserrature.it\/wp-content\/uploads\/2018\/01\/maschera-foratura-otto.jpg","type":"image\/jpeg"}],"twitter_card":"summary_large_image","twitter_misc":{"Dur\u00e9e de lecture estim\u00e9e":"1 minute"},"schema":{"@context":"https:\/\/schema.org","@graph":[{"@type":"WebPage","@id":"https:\/\/www.omrserrature.it\/fr\/produit\/gabarit-de-percage-pour-les-serrures-de-la-serie-otto\/","url":"https:\/\/www.omrserrature.it\/fr\/produit\/gabarit-de-percage-pour-les-serrures-de-la-serie-otto\/","name":"Gabarit de per\u00e7age pour les serrures de la s\u00e9rie OTTO - OMR Serrature","isPartOf":{"@id":"https:\/\/www.omrserrature.it\/fr\/#website"},"primaryImageOfPage":{"@id":"https:\/\/www.omrserrature.it\/fr\/produit\/gabarit-de-percage-pour-les-serrures-de-la-serie-otto\/#primaryimage"},"image":{"@id":"https:\/\/www.omrserrature.it\/fr\/produit\/gabarit-de-percage-pour-les-serrures-de-la-serie-otto\/#primaryimage"},"thumbnailUrl":"https:\/\/www.omrserrature.it\/wp-content\/uploads\/2018\/01\/maschera-foratura-otto.jpg","datePublished":"2008-01-18T14:42:00+00:00","dateModified":"2026-04-08T10:01:50+00:00","breadcrumb":{"@id":"https:\/\/www.omrserrature.it\/fr\/produit\/gabarit-de-percage-pour-les-serrures-de-la-serie-otto\/#breadcrumb"},"inLanguage":"fr-FR","potentialAction":[{"@type":"ReadAction","target":["https:\/\/www.omrserrature.it\/fr\/produit\/gabarit-de-percage-pour-les-serrures-de-la-serie-otto\/"]}]},{"@type":"ImageObject","inLanguage":"fr-FR","@id":"https:\/\/www.omrserrature.it\/fr\/produit\/gabarit-de-percage-pour-les-serrures-de-la-serie-otto\/#primaryimage","url":"https:\/\/www.omrserrature.it\/wp-content\/uploads\/2018\/01\/maschera-foratura-otto.jpg","contentUrl":"https:\/\/www.omrserrature.it\/wp-content\/uploads\/2018\/01\/maschera-foratura-otto.jpg","width":1039,"height":632,"caption":"Gabarit de per\u00e7age pour les serrures de la s\u00e9rie OTTO"},{"@type":"BreadcrumbList","@id":"https:\/\/www.omrserrature.it\/fr\/produit\/gabarit-de-percage-pour-les-serrures-de-la-serie-otto\/#breadcrumb","itemListElement":[{"@type":"ListItem","position":1,"name":"Home","item":"https:\/\/www.omrserrature.it\/fr\/omr-serrures-et-systemes-de-verrouillage\/"},{"@type":"ListItem","position":2,"name":"Catalogue","item":"https:\/\/www.omrserrature.it\/catalogue\/?lang=fr"},{"@type":"ListItem","position":3,"name":"Produits","item":"https:\/\/www.omrserrature.it\/fr\/catalogue\/produits\/"},{"@type":"ListItem","position":4,"name":"Accessoires et pi\u00e8ces d\u00e9tach\u00e9es","item":"https:\/\/www.omrserrature.it\/fr\/catalogue\/produits\/accessoires-et-pieces-detachees\/"},{"@type":"ListItem","position":5,"name":"Plaques et \u00e9cussons","item":"https:\/\/www.omrserrature.it\/fr\/catalogue\/produits\/accessoires-et-pieces-detachees\/plaques-et-ecussons\/"},{"@type":"ListItem","position":6,"name":"Gabarit de per\u00e7age pour les serrures de la s\u00e9rie OTTO"}]},{"@type":"WebSite","@id":"https:\/\/www.omrserrature.it\/fr\/#website","url":"https:\/\/www.omrserrature.it\/fr\/","name":"OMR Serrature | Produzione sistemi di chiusura","description":"Produzione serrature di sicurezza e sistemi di chiusura","publisher":{"@id":"https:\/\/www.omrserrature.it\/fr\/#organization"},"potentialAction":[{"@type":"SearchAction","target":{"@type":"EntryPoint","urlTemplate":"https:\/\/www.omrserrature.it\/fr\/?s={search_term_string}"},"query-input":{"@type":"PropertyValueSpecification","valueRequired":true,"valueName":"search_term_string"}}],"inLanguage":"fr-FR"},{"@type":"Organization","@id":"https:\/\/www.omrserrature.it\/fr\/#organization","name":"OMR Serrature | Produzione sistemi di chiusura","url":"https:\/\/www.omrserrature.it\/fr\/","logo":{"@type":"ImageObject","inLanguage":"fr-FR","@id":"https:\/\/www.omrserrature.it\/fr\/#\/schema\/logo\/image\/","url":"https:\/\/www.omrserrature.it\/wp-content\/uploads\/2017\/09\/favicon-omr-114.png","contentUrl":"https:\/\/www.omrserrature.it\/wp-content\/uploads\/2017\/09\/favicon-omr-114.png","width":114,"height":114,"caption":"OMR Serrature | Produzione sistemi di chiusura"},"image":{"@id":"https:\/\/www.omrserrature.it\/fr\/#\/schema\/logo\/image\/"},"sameAs":["https:\/\/www.facebook.com\/OMRserrature","https:\/\/www.linkedin.com\/company\/omrserrature\/","https:\/\/www.youtube.com\/channel\/UCxmA85z2R0EpG_6IRokiAkg"]}]}},"_links":{"self":[{"href":"https:\/\/www.omrserrature.it\/fr\/wp-json\/wp\/v2\/product\/241627","targetHints":{"allow":["GET"]}}],"collection":[{"href":"https:\/\/www.omrserrature.it\/fr\/wp-json\/wp\/v2\/product"}],"about":[{"href":"https:\/\/www.omrserrature.it\/fr\/wp-json\/wp\/v2\/types\/product"}],"replies":[{"embeddable":true,"href":"https:\/\/www.omrserrature.it\/fr\/wp-json\/wp\/v2\/comments?post=241627"}],"wp:featuredmedia":[{"embeddable":true,"href":"https:\/\/www.omrserrature.it\/fr\/wp-json\/wp\/v2\/media\/7971"}],"wp:attachment":[{"href":"https:\/\/www.omrserrature.it\/fr\/wp-json\/wp\/v2\/media?parent=241627"}],"wp:term":[{"taxonomy":"product_brand","embeddable":true,"href":"https:\/\/www.omrserrature.it\/fr\/wp-json\/wp\/v2\/product_brand?post=241627"},{"taxonomy":"product_cat","embeddable":true,"href":"https:\/\/www.omrserrature.it\/fr\/wp-json\/wp\/v2\/product_cat?post=241627"},{"taxonomy":"product_tag","embeddable":true,"href":"https:\/\/www.omrserrature.it\/fr\/wp-json\/wp\/v2\/product_tag?post=241627"}],"curies":[{"name":"wp","href":"https:\/\/api.w.org\/{rel}","templated":true}]}}