{"id":241622,"date":"2021-03-01T15:22:37","date_gmt":"2001-03-21T14:22:00","guid":{"rendered":"https:\/\/www.staging6.omrserrature.it\/prodotto\/gabarit-de-percage-pour-serrure-electronique-hellock\/"},"modified":"2026-04-08T11:33:33","modified_gmt":"2026-04-08T09:33:33","slug":"gabarit-de-percage-pour-serrure-electronique-hellock","status":"publish","type":"product","link":"https:\/\/www.omrserrature.it\/fr\/produit\/gabarit-de-percage-pour-serrure-electronique-hellock\/","title":{"rendered":"Gabarit de per\u00e7age pour serrure \u00e9lectronique Hellock"},"content":{"rendered":"<p>Le gabarit de per\u00e7age consiste en un gabarit filet\u00e9 sur lequel est viss\u00e9e une plaque m\u00e9tallique permettant de percer facilement le <strong>trou de la vis anti-rotation<\/strong> de la <a href=\"https:\/\/omrserrature.it\/prodotto\/serratura-elettronica\/\" target=\"_blank\" rel=\"noopener noreferrer\">serrure \u00e9lectronique Hellock<\/a>.<\/p>\n<p>Il suffit d&rsquo;ins\u00e9rer le <strong>gabarit<\/strong> dans le trou d&rsquo;installation et de <strong>le visser<\/strong> jusqu&rsquo;\u00e0 ce qu&rsquo;il adh\u00e8re au panneau. De cette mani\u00e8re, il sera facile et rapide de percer le trou pour la vis anti-rotation dans la position correcte et de proc\u00e9der \u00e0 l&rsquo;assemblage de la serrure \u00e9lectronique Hellock.<\/p>\n","protected":false},"excerpt":{"rendered":"<p>Le gabarit de per\u00e7age consiste en un gabarit filet\u00e9 sur lequel est viss\u00e9e une plaque m\u00e9tallique permettant de percer facilement le <strong>trou de la vis anti-rotation<\/strong> de la <a href=\"https:\/\/omrserrature.it\/prodotto\/serratura-elettronica\/\" target=\"_blank\" rel=\"noopener noreferrer\">serrure \u00e9lectronique Hellock<\/a>.<\/p>\n","protected":false},"featured_media":28683,"comment_status":"open","ping_status":"closed","template":"","meta":{"_acf_changed":false,"_et_pb_use_builder":"","_et_pb_old_content":"","_et_gb_content_width":""},"product_brand":[],"product_cat":[3678],"product_tag":[],"class_list":{"0":"post-241622","1":"product","2":"type-product","3":"status-publish","4":"has-post-thumbnail","6":"product_cat-accessoires-pour-serrures-electriques-et-electroniques","8":"first","9":"instock","10":"shipping-taxable","11":"product-type-simple"},"acf":{"pdf1":false},"yoast_head":"<!-- This site is optimized with the Yoast SEO plugin v27.2 - https:\/\/yoast.com\/product\/yoast-seo-wordpress\/ -->\n<title>Gabarit de per\u00e7age pour serrure \u00e9lectronique Hellock - OMR Serrature<\/title>\n<meta name=\"robots\" content=\"index, follow, max-snippet:-1, max-image-preview:large, max-video-preview:-1\" \/>\n<link rel=\"canonical\" href=\"https:\/\/www.omrserrature.it\/fr\/produit\/gabarit-de-percage-pour-serrure-electronique-hellock\/\" \/>\n<meta property=\"og:locale\" content=\"fr_FR\" \/>\n<meta property=\"og:type\" content=\"article\" \/>\n<meta property=\"og:title\" content=\"Gabarit de per\u00e7age pour serrure \u00e9lectronique Hellock - OMR Serrature\" \/>\n<meta property=\"og:description\" content=\"Le gabarit de per\u00e7age consiste en un gabarit filet\u00e9 sur lequel est viss\u00e9e une plaque m\u00e9tallique permettant de percer facilement le trou de la vis anti-rotation de la serrure \u00e9lectronique Hellock.\" \/>\n<meta property=\"og:url\" content=\"https:\/\/www.omrserrature.it\/fr\/produit\/gabarit-de-percage-pour-serrure-electronique-hellock\/\" \/>\n<meta property=\"og:site_name\" content=\"OMR Serrature | Produzione sistemi di chiusura\" \/>\n<meta property=\"article:publisher\" content=\"https:\/\/www.facebook.com\/OMRserrature\" \/>\n<meta property=\"article:modified_time\" content=\"2026-04-08T09:33:33+00:00\" \/>\n<meta property=\"og:image\" content=\"https:\/\/www.omrserrature.it\/wp-content\/uploads\/2001\/03\/SVAR06028.jpg\" \/>\n\t<meta property=\"og:image:width\" content=\"1200\" \/>\n\t<meta property=\"og:image:height\" content=\"1200\" \/>\n\t<meta property=\"og:image:type\" content=\"image\/jpeg\" \/>\n<meta name=\"twitter:card\" content=\"summary_large_image\" \/>\n<script type=\"application\/ld+json\" class=\"yoast-schema-graph\">{\"@context\":\"https:\/\/schema.org\",\"@graph\":[{\"@type\":\"WebPage\",\"@id\":\"https:\/\/www.omrserrature.it\/fr\/produit\/gabarit-de-percage-pour-serrure-electronique-hellock\/\",\"url\":\"https:\/\/www.omrserrature.it\/fr\/produit\/gabarit-de-percage-pour-serrure-electronique-hellock\/\",\"name\":\"Gabarit de per\u00e7age pour serrure \u00e9lectronique Hellock - OMR Serrature\",\"isPartOf\":{\"@id\":\"https:\/\/www.omrserrature.it\/fr\/#website\"},\"primaryImageOfPage\":{\"@id\":\"https:\/\/www.omrserrature.it\/fr\/produit\/gabarit-de-percage-pour-serrure-electronique-hellock\/#primaryimage\"},\"image\":{\"@id\":\"https:\/\/www.omrserrature.it\/fr\/produit\/gabarit-de-percage-pour-serrure-electronique-hellock\/#primaryimage\"},\"thumbnailUrl\":\"https:\/\/www.omrserrature.it\/wp-content\/uploads\/2001\/03\/SVAR06028.jpg\",\"datePublished\":\"2001-03-21T14:22:00+00:00\",\"dateModified\":\"2026-04-08T09:33:33+00:00\",\"breadcrumb\":{\"@id\":\"https:\/\/www.omrserrature.it\/fr\/produit\/gabarit-de-percage-pour-serrure-electronique-hellock\/#breadcrumb\"},\"inLanguage\":\"fr-FR\",\"potentialAction\":[{\"@type\":\"ReadAction\",\"target\":[\"https:\/\/www.omrserrature.it\/fr\/produit\/gabarit-de-percage-pour-serrure-electronique-hellock\/\"]}]},{\"@type\":\"ImageObject\",\"inLanguage\":\"fr-FR\",\"@id\":\"https:\/\/www.omrserrature.it\/fr\/produit\/gabarit-de-percage-pour-serrure-electronique-hellock\/#primaryimage\",\"url\":\"https:\/\/www.omrserrature.it\/wp-content\/uploads\/2001\/03\/SVAR06028.jpg\",\"contentUrl\":\"https:\/\/www.omrserrature.it\/wp-content\/uploads\/2001\/03\/SVAR06028.jpg\",\"width\":1200,\"height\":1200,\"caption\":\"SVAR06028 - Gabarit pour serrure \u00e9lectronique Hellock\"},{\"@type\":\"BreadcrumbList\",\"@id\":\"https:\/\/www.omrserrature.it\/fr\/produit\/gabarit-de-percage-pour-serrure-electronique-hellock\/#breadcrumb\",\"itemListElement\":[{\"@type\":\"ListItem\",\"position\":1,\"name\":\"Home\",\"item\":\"https:\/\/www.omrserrature.it\/fr\/omr-serrures-et-systemes-de-verrouillage\/\"},{\"@type\":\"ListItem\",\"position\":2,\"name\":\"Catalogue\",\"item\":\"https:\/\/www.omrserrature.it\/catalogue\/?lang=fr\"},{\"@type\":\"ListItem\",\"position\":3,\"name\":\"Produits\",\"item\":\"https:\/\/www.omrserrature.it\/fr\/catalogue\/produits\/\"},{\"@type\":\"ListItem\",\"position\":4,\"name\":\"Accessoires et pi\u00e8ces d\u00e9tach\u00e9es\",\"item\":\"https:\/\/www.omrserrature.it\/fr\/catalogue\/produits\/accessoires-et-pieces-detachees\/\"},{\"@type\":\"ListItem\",\"position\":5,\"name\":\"Accessoires pour serrures \u00e9lectriques et \u00e9lectroniques\",\"item\":\"https:\/\/www.omrserrature.it\/fr\/catalogue\/produits\/accessoires-et-pieces-detachees\/accessoires-pour-serrures-electriques-et-electroniques\/\"},{\"@type\":\"ListItem\",\"position\":6,\"name\":\"Gabarit de per\u00e7age pour serrure \u00e9lectronique Hellock\"}]},{\"@type\":\"WebSite\",\"@id\":\"https:\/\/www.omrserrature.it\/fr\/#website\",\"url\":\"https:\/\/www.omrserrature.it\/fr\/\",\"name\":\"OMR Serrature | Produzione sistemi di chiusura\",\"description\":\"Produzione serrature di sicurezza e sistemi di chiusura\",\"publisher\":{\"@id\":\"https:\/\/www.omrserrature.it\/fr\/#organization\"},\"potentialAction\":[{\"@type\":\"SearchAction\",\"target\":{\"@type\":\"EntryPoint\",\"urlTemplate\":\"https:\/\/www.omrserrature.it\/fr\/?s={search_term_string}\"},\"query-input\":{\"@type\":\"PropertyValueSpecification\",\"valueRequired\":true,\"valueName\":\"search_term_string\"}}],\"inLanguage\":\"fr-FR\"},{\"@type\":\"Organization\",\"@id\":\"https:\/\/www.omrserrature.it\/fr\/#organization\",\"name\":\"OMR Serrature | Produzione sistemi di chiusura\",\"url\":\"https:\/\/www.omrserrature.it\/fr\/\",\"logo\":{\"@type\":\"ImageObject\",\"inLanguage\":\"fr-FR\",\"@id\":\"https:\/\/www.omrserrature.it\/fr\/#\/schema\/logo\/image\/\",\"url\":\"https:\/\/www.omrserrature.it\/wp-content\/uploads\/2017\/09\/favicon-omr-114.png\",\"contentUrl\":\"https:\/\/www.omrserrature.it\/wp-content\/uploads\/2017\/09\/favicon-omr-114.png\",\"width\":114,\"height\":114,\"caption\":\"OMR Serrature | Produzione sistemi di chiusura\"},\"image\":{\"@id\":\"https:\/\/www.omrserrature.it\/fr\/#\/schema\/logo\/image\/\"},\"sameAs\":[\"https:\/\/www.facebook.com\/OMRserrature\",\"https:\/\/www.linkedin.com\/company\/omrserrature\/\",\"https:\/\/www.youtube.com\/channel\/UCxmA85z2R0EpG_6IRokiAkg\"]}]}<\/script>\n<!-- \/ Yoast SEO plugin. -->","yoast_head_json":{"title":"Gabarit de per\u00e7age pour serrure \u00e9lectronique Hellock - OMR Serrature","robots":{"index":"index","follow":"follow","max-snippet":"max-snippet:-1","max-image-preview":"max-image-preview:large","max-video-preview":"max-video-preview:-1"},"canonical":"https:\/\/www.omrserrature.it\/fr\/produit\/gabarit-de-percage-pour-serrure-electronique-hellock\/","og_locale":"fr_FR","og_type":"article","og_title":"Gabarit de per\u00e7age pour serrure \u00e9lectronique Hellock - OMR Serrature","og_description":"Le gabarit de per\u00e7age consiste en un gabarit filet\u00e9 sur lequel est viss\u00e9e une plaque m\u00e9tallique permettant de percer facilement le trou de la vis anti-rotation de la serrure \u00e9lectronique Hellock.","og_url":"https:\/\/www.omrserrature.it\/fr\/produit\/gabarit-de-percage-pour-serrure-electronique-hellock\/","og_site_name":"OMR Serrature | Produzione sistemi di chiusura","article_publisher":"https:\/\/www.facebook.com\/OMRserrature","article_modified_time":"2026-04-08T09:33:33+00:00","og_image":[{"width":1200,"height":1200,"url":"https:\/\/www.omrserrature.it\/wp-content\/uploads\/2001\/03\/SVAR06028.jpg","type":"image\/jpeg"}],"twitter_card":"summary_large_image","schema":{"@context":"https:\/\/schema.org","@graph":[{"@type":"WebPage","@id":"https:\/\/www.omrserrature.it\/fr\/produit\/gabarit-de-percage-pour-serrure-electronique-hellock\/","url":"https:\/\/www.omrserrature.it\/fr\/produit\/gabarit-de-percage-pour-serrure-electronique-hellock\/","name":"Gabarit de per\u00e7age pour serrure \u00e9lectronique Hellock - OMR Serrature","isPartOf":{"@id":"https:\/\/www.omrserrature.it\/fr\/#website"},"primaryImageOfPage":{"@id":"https:\/\/www.omrserrature.it\/fr\/produit\/gabarit-de-percage-pour-serrure-electronique-hellock\/#primaryimage"},"image":{"@id":"https:\/\/www.omrserrature.it\/fr\/produit\/gabarit-de-percage-pour-serrure-electronique-hellock\/#primaryimage"},"thumbnailUrl":"https:\/\/www.omrserrature.it\/wp-content\/uploads\/2001\/03\/SVAR06028.jpg","datePublished":"2001-03-21T14:22:00+00:00","dateModified":"2026-04-08T09:33:33+00:00","breadcrumb":{"@id":"https:\/\/www.omrserrature.it\/fr\/produit\/gabarit-de-percage-pour-serrure-electronique-hellock\/#breadcrumb"},"inLanguage":"fr-FR","potentialAction":[{"@type":"ReadAction","target":["https:\/\/www.omrserrature.it\/fr\/produit\/gabarit-de-percage-pour-serrure-electronique-hellock\/"]}]},{"@type":"ImageObject","inLanguage":"fr-FR","@id":"https:\/\/www.omrserrature.it\/fr\/produit\/gabarit-de-percage-pour-serrure-electronique-hellock\/#primaryimage","url":"https:\/\/www.omrserrature.it\/wp-content\/uploads\/2001\/03\/SVAR06028.jpg","contentUrl":"https:\/\/www.omrserrature.it\/wp-content\/uploads\/2001\/03\/SVAR06028.jpg","width":1200,"height":1200,"caption":"SVAR06028 - Gabarit pour serrure \u00e9lectronique Hellock"},{"@type":"BreadcrumbList","@id":"https:\/\/www.omrserrature.it\/fr\/produit\/gabarit-de-percage-pour-serrure-electronique-hellock\/#breadcrumb","itemListElement":[{"@type":"ListItem","position":1,"name":"Home","item":"https:\/\/www.omrserrature.it\/fr\/omr-serrures-et-systemes-de-verrouillage\/"},{"@type":"ListItem","position":2,"name":"Catalogue","item":"https:\/\/www.omrserrature.it\/catalogue\/?lang=fr"},{"@type":"ListItem","position":3,"name":"Produits","item":"https:\/\/www.omrserrature.it\/fr\/catalogue\/produits\/"},{"@type":"ListItem","position":4,"name":"Accessoires et pi\u00e8ces d\u00e9tach\u00e9es","item":"https:\/\/www.omrserrature.it\/fr\/catalogue\/produits\/accessoires-et-pieces-detachees\/"},{"@type":"ListItem","position":5,"name":"Accessoires pour serrures \u00e9lectriques et \u00e9lectroniques","item":"https:\/\/www.omrserrature.it\/fr\/catalogue\/produits\/accessoires-et-pieces-detachees\/accessoires-pour-serrures-electriques-et-electroniques\/"},{"@type":"ListItem","position":6,"name":"Gabarit de per\u00e7age pour serrure \u00e9lectronique Hellock"}]},{"@type":"WebSite","@id":"https:\/\/www.omrserrature.it\/fr\/#website","url":"https:\/\/www.omrserrature.it\/fr\/","name":"OMR Serrature | Produzione sistemi di chiusura","description":"Produzione serrature di sicurezza e sistemi di chiusura","publisher":{"@id":"https:\/\/www.omrserrature.it\/fr\/#organization"},"potentialAction":[{"@type":"SearchAction","target":{"@type":"EntryPoint","urlTemplate":"https:\/\/www.omrserrature.it\/fr\/?s={search_term_string}"},"query-input":{"@type":"PropertyValueSpecification","valueRequired":true,"valueName":"search_term_string"}}],"inLanguage":"fr-FR"},{"@type":"Organization","@id":"https:\/\/www.omrserrature.it\/fr\/#organization","name":"OMR Serrature | Produzione sistemi di chiusura","url":"https:\/\/www.omrserrature.it\/fr\/","logo":{"@type":"ImageObject","inLanguage":"fr-FR","@id":"https:\/\/www.omrserrature.it\/fr\/#\/schema\/logo\/image\/","url":"https:\/\/www.omrserrature.it\/wp-content\/uploads\/2017\/09\/favicon-omr-114.png","contentUrl":"https:\/\/www.omrserrature.it\/wp-content\/uploads\/2017\/09\/favicon-omr-114.png","width":114,"height":114,"caption":"OMR Serrature | Produzione sistemi di chiusura"},"image":{"@id":"https:\/\/www.omrserrature.it\/fr\/#\/schema\/logo\/image\/"},"sameAs":["https:\/\/www.facebook.com\/OMRserrature","https:\/\/www.linkedin.com\/company\/omrserrature\/","https:\/\/www.youtube.com\/channel\/UCxmA85z2R0EpG_6IRokiAkg"]}]}},"_links":{"self":[{"href":"https:\/\/www.omrserrature.it\/fr\/wp-json\/wp\/v2\/product\/241622","targetHints":{"allow":["GET"]}}],"collection":[{"href":"https:\/\/www.omrserrature.it\/fr\/wp-json\/wp\/v2\/product"}],"about":[{"href":"https:\/\/www.omrserrature.it\/fr\/wp-json\/wp\/v2\/types\/product"}],"replies":[{"embeddable":true,"href":"https:\/\/www.omrserrature.it\/fr\/wp-json\/wp\/v2\/comments?post=241622"}],"wp:featuredmedia":[{"embeddable":true,"href":"https:\/\/www.omrserrature.it\/fr\/wp-json\/wp\/v2\/media\/28683"}],"wp:attachment":[{"href":"https:\/\/www.omrserrature.it\/fr\/wp-json\/wp\/v2\/media?parent=241622"}],"wp:term":[{"taxonomy":"product_brand","embeddable":true,"href":"https:\/\/www.omrserrature.it\/fr\/wp-json\/wp\/v2\/product_brand?post=241622"},{"taxonomy":"product_cat","embeddable":true,"href":"https:\/\/www.omrserrature.it\/fr\/wp-json\/wp\/v2\/product_cat?post=241622"},{"taxonomy":"product_tag","embeddable":true,"href":"https:\/\/www.omrserrature.it\/fr\/wp-json\/wp\/v2\/product_tag?post=241622"}],"curies":[{"name":"wp","href":"https:\/\/api.w.org\/{rel}","templated":true}]}}