{"id":241617,"date":"2017-10-13T17:19:00","date_gmt":"2013-10-17T15:19:00","guid":{"rendered":"https:\/\/www.staging6.omrserrature.it\/prodotto\/poignee-en-t-avec-serrure\/"},"modified":"2026-04-08T12:46:53","modified_gmt":"2026-04-08T10:46:53","slug":"poignee-en-t-avec-serrure","status":"publish","type":"product","link":"https:\/\/www.omrserrature.it\/fr\/produit\/poignee-en-t-avec-serrure\/","title":{"rendered":"Poign\u00e9e en T avec serrure"},"content":{"rendered":"<p>La <strong>poign\u00e9e de la Poign\u00e9e<\/strong> est \u00e9quip\u00e9e d&rsquo;une serrure batteuse \u00e0 paillettes qui permet de faire tourner la poign\u00e9e elle-m\u00eame et, par cons\u00e9quent, le quadrant arri\u00e8re en ins\u00e9rant la cl\u00e9.<\/p>\n<p>La poign\u00e9e tringles est en alliage de zinc chrom\u00e9, tandis que le barillet est rev\u00eatu d&rsquo;acier inoxydable. Il peut \u00eatre utilis\u00e9 en compl\u00e9ment d&rsquo;un m\u00e9canisme cr\u00e9monais pour un <strong>verrouillage multiple et centralis\u00e9<\/strong> efficace. La cl\u00e9 est en laiton nickel\u00e9, avec la possibilit\u00e9 de versions avec une poign\u00e9e en plastique fixe ou articul\u00e9e. La bague ovale permet une application sur <strong>n&rsquo;importe quelle \u00e9paisseur<\/strong> puisqu&rsquo;il suffit de faire varier la longueur des deux vis et du carr\u00e9 arri\u00e8re.<\/p>\n<p>La <strong>poign\u00e9e en T verrouillable<\/strong> peut \u00eatre appliqu\u00e9e aux armoires m\u00e9talliques contenant des unit\u00e9s de r\u00e9servoirs, des trappes de v\u00e9hicules tout-terrain, des machines industrielles, des tringles ou des bo\u00eetes en acier.<\/p>\n","protected":false},"excerpt":{"rendered":"<p>La <strong>poign\u00e9e de la Poign\u00e9e<\/strong> est \u00e9quip\u00e9e d&rsquo;une serrure batteuse \u00e0 paillettes qui permet de faire tourner la poign\u00e9e elle-m\u00eame et, par cons\u00e9quent, le quadrant arri\u00e8re en ins\u00e9rant la cl\u00e9. Il peut \u00eatre utilis\u00e9 en compl\u00e9ment d&rsquo;un m\u00e9canisme cr\u00e9monais pour un <strong>verrouillage multiple et centralis\u00e9<\/strong> efficace.<\/p>\n","protected":false},"featured_media":3480,"comment_status":"open","ping_status":"closed","template":"","meta":{"_acf_changed":false,"_et_pb_use_builder":"","_et_pb_old_content":"","_et_gb_content_width":""},"product_brand":[],"product_cat":[3746,3640,3737,3658,3659,3722,3714,3704,3744],"product_tag":[],"class_list":{"0":"post-241617","1":"product","2":"type-product","3":"status-publish","4":"has-post-thumbnail","6":"product_cat-automobile-et-transport","7":"product_cat-poignees-et-boutons","8":"product_cat-serrure-de-bateau","9":"product_cat-serrures-a-passe-partout","10":"product_cat-serrures-avec-poignee-tournante","11":"product_cat-serrures-de-portes","12":"product_cat-serrures-pour-armoires-industrielles","13":"product_cat-serrures-pour-lindustrie-electromecanique","14":"product_cat-systemes-de-fermeture-de-securite","16":"first","17":"instock","18":"shipping-taxable","19":"product-type-simple"},"acf":{"pdf1":"https:\/\/www.omrserrature.it\/wp-content\/uploads\/2017\/10\/Scheda-220150.pdf"},"yoast_head":"<!-- This site is optimized with the Yoast SEO plugin v27.2 - https:\/\/yoast.com\/product\/yoast-seo-wordpress\/ -->\n<title>Poign\u00e9e en T avec serrure - OMR Serrature<\/title>\n<meta name=\"robots\" content=\"index, follow, max-snippet:-1, max-image-preview:large, max-video-preview:-1\" \/>\n<link rel=\"canonical\" href=\"https:\/\/www.omrserrature.it\/fr\/produit\/poignee-en-t-avec-serrure\/\" \/>\n<meta property=\"og:locale\" content=\"fr_FR\" \/>\n<meta property=\"og:type\" content=\"article\" \/>\n<meta property=\"og:title\" content=\"Poign\u00e9e en T avec serrure - OMR Serrature\" \/>\n<meta property=\"og:description\" content=\"La poign\u00e9e de la Poign\u00e9e est \u00e9quip\u00e9e d&#039;une serrure batteuse \u00e0 paillettes qui permet de faire tourner la poign\u00e9e elle-m\u00eame et, par cons\u00e9quent, le quadrant arri\u00e8re en ins\u00e9rant la cl\u00e9. Il peut \u00eatre utilis\u00e9 en compl\u00e9ment d&#039;un m\u00e9canisme cr\u00e9monais pour un verrouillage multiple et centralis\u00e9 efficace.\" \/>\n<meta property=\"og:url\" content=\"https:\/\/www.omrserrature.it\/fr\/produit\/poignee-en-t-avec-serrure\/\" \/>\n<meta property=\"og:site_name\" content=\"OMR Serrature | Produzione sistemi di chiusura\" \/>\n<meta property=\"article:publisher\" content=\"https:\/\/www.facebook.com\/OMRserrature\" \/>\n<meta property=\"article:modified_time\" content=\"2026-04-08T10:46:53+00:00\" \/>\n<meta property=\"og:image\" content=\"https:\/\/www.omrserrature.it\/wp-content\/uploads\/2017\/10\/maniglia-per-cariglione.jpg\" \/>\n\t<meta property=\"og:image:width\" content=\"726\" \/>\n\t<meta property=\"og:image:height\" content=\"441\" \/>\n\t<meta property=\"og:image:type\" content=\"image\/jpeg\" \/>\n<meta name=\"twitter:card\" content=\"summary_large_image\" \/>\n<meta name=\"twitter:label1\" content=\"Dur\u00e9e de lecture estim\u00e9e\" \/>\n\t<meta name=\"twitter:data1\" content=\"1 minute\" \/>\n<script type=\"application\/ld+json\" class=\"yoast-schema-graph\">{\"@context\":\"https:\/\/schema.org\",\"@graph\":[{\"@type\":\"WebPage\",\"@id\":\"https:\/\/www.omrserrature.it\/fr\/produit\/poignee-en-t-avec-serrure\/\",\"url\":\"https:\/\/www.omrserrature.it\/fr\/produit\/poignee-en-t-avec-serrure\/\",\"name\":\"Poign\u00e9e en T avec serrure - OMR Serrature\",\"isPartOf\":{\"@id\":\"https:\/\/www.omrserrature.it\/fr\/#website\"},\"primaryImageOfPage\":{\"@id\":\"https:\/\/www.omrserrature.it\/fr\/produit\/poignee-en-t-avec-serrure\/#primaryimage\"},\"image\":{\"@id\":\"https:\/\/www.omrserrature.it\/fr\/produit\/poignee-en-t-avec-serrure\/#primaryimage\"},\"thumbnailUrl\":\"https:\/\/www.omrserrature.it\/wp-content\/uploads\/2017\/10\/maniglia-per-cariglione.jpg\",\"datePublished\":\"2013-10-17T15:19:00+00:00\",\"dateModified\":\"2026-04-08T10:46:53+00:00\",\"breadcrumb\":{\"@id\":\"https:\/\/www.omrserrature.it\/fr\/produit\/poignee-en-t-avec-serrure\/#breadcrumb\"},\"inLanguage\":\"fr-FR\",\"potentialAction\":[{\"@type\":\"ReadAction\",\"target\":[\"https:\/\/www.omrserrature.it\/fr\/produit\/poignee-en-t-avec-serrure\/\"]}]},{\"@type\":\"ImageObject\",\"inLanguage\":\"fr-FR\",\"@id\":\"https:\/\/www.omrserrature.it\/fr\/produit\/poignee-en-t-avec-serrure\/#primaryimage\",\"url\":\"https:\/\/www.omrserrature.it\/wp-content\/uploads\/2017\/10\/maniglia-per-cariglione.jpg\",\"contentUrl\":\"https:\/\/www.omrserrature.it\/wp-content\/uploads\/2017\/10\/maniglia-per-cariglione.jpg\",\"width\":726,\"height\":441,\"caption\":\"Poign\u00e9e en T - Serrure espagnolette avec cl\u00e9\"},{\"@type\":\"BreadcrumbList\",\"@id\":\"https:\/\/www.omrserrature.it\/fr\/produit\/poignee-en-t-avec-serrure\/#breadcrumb\",\"itemListElement\":[{\"@type\":\"ListItem\",\"position\":1,\"name\":\"Home\",\"item\":\"https:\/\/www.omrserrature.it\/fr\/omr-serrures-et-systemes-de-verrouillage\/\"},{\"@type\":\"ListItem\",\"position\":2,\"name\":\"Catalogue\",\"item\":\"https:\/\/www.omrserrature.it\/catalogue\/?lang=fr\"},{\"@type\":\"ListItem\",\"position\":3,\"name\":\"Produits\",\"item\":\"https:\/\/www.omrserrature.it\/fr\/catalogue\/produits\/\"},{\"@type\":\"ListItem\",\"position\":4,\"name\":\"Serrures\",\"item\":\"https:\/\/www.omrserrature.it\/fr\/catalogue\/produits\/serrures\/\"},{\"@type\":\"ListItem\",\"position\":5,\"name\":\"Poign\u00e9es et boutons\",\"item\":\"https:\/\/www.omrserrature.it\/fr\/catalogue\/produits\/serrures\/poignees-et-boutons\/\"},{\"@type\":\"ListItem\",\"position\":6,\"name\":\"Poign\u00e9e en T avec serrure\"}]},{\"@type\":\"WebSite\",\"@id\":\"https:\/\/www.omrserrature.it\/fr\/#website\",\"url\":\"https:\/\/www.omrserrature.it\/fr\/\",\"name\":\"OMR Serrature | Produzione sistemi di chiusura\",\"description\":\"Produzione serrature di sicurezza e sistemi di chiusura\",\"publisher\":{\"@id\":\"https:\/\/www.omrserrature.it\/fr\/#organization\"},\"potentialAction\":[{\"@type\":\"SearchAction\",\"target\":{\"@type\":\"EntryPoint\",\"urlTemplate\":\"https:\/\/www.omrserrature.it\/fr\/?s={search_term_string}\"},\"query-input\":{\"@type\":\"PropertyValueSpecification\",\"valueRequired\":true,\"valueName\":\"search_term_string\"}}],\"inLanguage\":\"fr-FR\"},{\"@type\":\"Organization\",\"@id\":\"https:\/\/www.omrserrature.it\/fr\/#organization\",\"name\":\"OMR Serrature | Produzione sistemi di chiusura\",\"url\":\"https:\/\/www.omrserrature.it\/fr\/\",\"logo\":{\"@type\":\"ImageObject\",\"inLanguage\":\"fr-FR\",\"@id\":\"https:\/\/www.omrserrature.it\/fr\/#\/schema\/logo\/image\/\",\"url\":\"https:\/\/www.omrserrature.it\/wp-content\/uploads\/2017\/09\/favicon-omr-114.png\",\"contentUrl\":\"https:\/\/www.omrserrature.it\/wp-content\/uploads\/2017\/09\/favicon-omr-114.png\",\"width\":114,\"height\":114,\"caption\":\"OMR Serrature | Produzione sistemi di chiusura\"},\"image\":{\"@id\":\"https:\/\/www.omrserrature.it\/fr\/#\/schema\/logo\/image\/\"},\"sameAs\":[\"https:\/\/www.facebook.com\/OMRserrature\",\"https:\/\/www.linkedin.com\/company\/omrserrature\/\",\"https:\/\/www.youtube.com\/channel\/UCxmA85z2R0EpG_6IRokiAkg\"]}]}<\/script>\n<!-- \/ Yoast SEO plugin. -->","yoast_head_json":{"title":"Poign\u00e9e en T avec serrure - OMR Serrature","robots":{"index":"index","follow":"follow","max-snippet":"max-snippet:-1","max-image-preview":"max-image-preview:large","max-video-preview":"max-video-preview:-1"},"canonical":"https:\/\/www.omrserrature.it\/fr\/produit\/poignee-en-t-avec-serrure\/","og_locale":"fr_FR","og_type":"article","og_title":"Poign\u00e9e en T avec serrure - OMR Serrature","og_description":"La poign\u00e9e de la Poign\u00e9e est \u00e9quip\u00e9e d'une serrure batteuse \u00e0 paillettes qui permet de faire tourner la poign\u00e9e elle-m\u00eame et, par cons\u00e9quent, le quadrant arri\u00e8re en ins\u00e9rant la cl\u00e9. Il peut \u00eatre utilis\u00e9 en compl\u00e9ment d'un m\u00e9canisme cr\u00e9monais pour un verrouillage multiple et centralis\u00e9 efficace.","og_url":"https:\/\/www.omrserrature.it\/fr\/produit\/poignee-en-t-avec-serrure\/","og_site_name":"OMR Serrature | Produzione sistemi di chiusura","article_publisher":"https:\/\/www.facebook.com\/OMRserrature","article_modified_time":"2026-04-08T10:46:53+00:00","og_image":[{"width":726,"height":441,"url":"https:\/\/www.omrserrature.it\/wp-content\/uploads\/2017\/10\/maniglia-per-cariglione.jpg","type":"image\/jpeg"}],"twitter_card":"summary_large_image","twitter_misc":{"Dur\u00e9e de lecture estim\u00e9e":"1 minute"},"schema":{"@context":"https:\/\/schema.org","@graph":[{"@type":"WebPage","@id":"https:\/\/www.omrserrature.it\/fr\/produit\/poignee-en-t-avec-serrure\/","url":"https:\/\/www.omrserrature.it\/fr\/produit\/poignee-en-t-avec-serrure\/","name":"Poign\u00e9e en T avec serrure - OMR Serrature","isPartOf":{"@id":"https:\/\/www.omrserrature.it\/fr\/#website"},"primaryImageOfPage":{"@id":"https:\/\/www.omrserrature.it\/fr\/produit\/poignee-en-t-avec-serrure\/#primaryimage"},"image":{"@id":"https:\/\/www.omrserrature.it\/fr\/produit\/poignee-en-t-avec-serrure\/#primaryimage"},"thumbnailUrl":"https:\/\/www.omrserrature.it\/wp-content\/uploads\/2017\/10\/maniglia-per-cariglione.jpg","datePublished":"2013-10-17T15:19:00+00:00","dateModified":"2026-04-08T10:46:53+00:00","breadcrumb":{"@id":"https:\/\/www.omrserrature.it\/fr\/produit\/poignee-en-t-avec-serrure\/#breadcrumb"},"inLanguage":"fr-FR","potentialAction":[{"@type":"ReadAction","target":["https:\/\/www.omrserrature.it\/fr\/produit\/poignee-en-t-avec-serrure\/"]}]},{"@type":"ImageObject","inLanguage":"fr-FR","@id":"https:\/\/www.omrserrature.it\/fr\/produit\/poignee-en-t-avec-serrure\/#primaryimage","url":"https:\/\/www.omrserrature.it\/wp-content\/uploads\/2017\/10\/maniglia-per-cariglione.jpg","contentUrl":"https:\/\/www.omrserrature.it\/wp-content\/uploads\/2017\/10\/maniglia-per-cariglione.jpg","width":726,"height":441,"caption":"Poign\u00e9e en T - Serrure espagnolette avec cl\u00e9"},{"@type":"BreadcrumbList","@id":"https:\/\/www.omrserrature.it\/fr\/produit\/poignee-en-t-avec-serrure\/#breadcrumb","itemListElement":[{"@type":"ListItem","position":1,"name":"Home","item":"https:\/\/www.omrserrature.it\/fr\/omr-serrures-et-systemes-de-verrouillage\/"},{"@type":"ListItem","position":2,"name":"Catalogue","item":"https:\/\/www.omrserrature.it\/catalogue\/?lang=fr"},{"@type":"ListItem","position":3,"name":"Produits","item":"https:\/\/www.omrserrature.it\/fr\/catalogue\/produits\/"},{"@type":"ListItem","position":4,"name":"Serrures","item":"https:\/\/www.omrserrature.it\/fr\/catalogue\/produits\/serrures\/"},{"@type":"ListItem","position":5,"name":"Poign\u00e9es et boutons","item":"https:\/\/www.omrserrature.it\/fr\/catalogue\/produits\/serrures\/poignees-et-boutons\/"},{"@type":"ListItem","position":6,"name":"Poign\u00e9e en T avec serrure"}]},{"@type":"WebSite","@id":"https:\/\/www.omrserrature.it\/fr\/#website","url":"https:\/\/www.omrserrature.it\/fr\/","name":"OMR Serrature | Produzione sistemi di chiusura","description":"Produzione serrature di sicurezza e sistemi di chiusura","publisher":{"@id":"https:\/\/www.omrserrature.it\/fr\/#organization"},"potentialAction":[{"@type":"SearchAction","target":{"@type":"EntryPoint","urlTemplate":"https:\/\/www.omrserrature.it\/fr\/?s={search_term_string}"},"query-input":{"@type":"PropertyValueSpecification","valueRequired":true,"valueName":"search_term_string"}}],"inLanguage":"fr-FR"},{"@type":"Organization","@id":"https:\/\/www.omrserrature.it\/fr\/#organization","name":"OMR Serrature | Produzione sistemi di chiusura","url":"https:\/\/www.omrserrature.it\/fr\/","logo":{"@type":"ImageObject","inLanguage":"fr-FR","@id":"https:\/\/www.omrserrature.it\/fr\/#\/schema\/logo\/image\/","url":"https:\/\/www.omrserrature.it\/wp-content\/uploads\/2017\/09\/favicon-omr-114.png","contentUrl":"https:\/\/www.omrserrature.it\/wp-content\/uploads\/2017\/09\/favicon-omr-114.png","width":114,"height":114,"caption":"OMR Serrature | Produzione sistemi di chiusura"},"image":{"@id":"https:\/\/www.omrserrature.it\/fr\/#\/schema\/logo\/image\/"},"sameAs":["https:\/\/www.facebook.com\/OMRserrature","https:\/\/www.linkedin.com\/company\/omrserrature\/","https:\/\/www.youtube.com\/channel\/UCxmA85z2R0EpG_6IRokiAkg"]}]}},"_links":{"self":[{"href":"https:\/\/www.omrserrature.it\/fr\/wp-json\/wp\/v2\/product\/241617","targetHints":{"allow":["GET"]}}],"collection":[{"href":"https:\/\/www.omrserrature.it\/fr\/wp-json\/wp\/v2\/product"}],"about":[{"href":"https:\/\/www.omrserrature.it\/fr\/wp-json\/wp\/v2\/types\/product"}],"replies":[{"embeddable":true,"href":"https:\/\/www.omrserrature.it\/fr\/wp-json\/wp\/v2\/comments?post=241617"}],"wp:featuredmedia":[{"embeddable":true,"href":"https:\/\/www.omrserrature.it\/fr\/wp-json\/wp\/v2\/media\/3480"}],"wp:attachment":[{"href":"https:\/\/www.omrserrature.it\/fr\/wp-json\/wp\/v2\/media?parent=241617"}],"wp:term":[{"taxonomy":"product_brand","embeddable":true,"href":"https:\/\/www.omrserrature.it\/fr\/wp-json\/wp\/v2\/product_brand?post=241617"},{"taxonomy":"product_cat","embeddable":true,"href":"https:\/\/www.omrserrature.it\/fr\/wp-json\/wp\/v2\/product_cat?post=241617"},{"taxonomy":"product_tag","embeddable":true,"href":"https:\/\/www.omrserrature.it\/fr\/wp-json\/wp\/v2\/product_tag?post=241617"}],"curies":[{"name":"wp","href":"https:\/\/api.w.org\/{rel}","templated":true}]}}