{"id":241585,"date":"2017-10-11T14:39:17","date_gmt":"2011-10-17T12:39:00","guid":{"rendered":"https:\/\/www.staging6.omrserrature.it\/prodotto\/loquet-cadenassable\/"},"modified":"2026-04-08T12:49:49","modified_gmt":"2026-04-08T10:49:49","slug":"loquet-cadenassable","status":"publish","type":"product","link":"https:\/\/www.omrserrature.it\/fr\/produit\/loquet-cadenassable\/","title":{"rendered":"Loquet cadenassable"},"content":{"rendered":"<p><strong>Poign\u00e9e<\/strong> cadenassable en alliage de zinc adapt\u00e9e \u00e0 l&rsquo;<strong>insertion de tringles \u00e0 crochet de<\/strong> 30 et 40 mm (diam\u00e8tre d&rsquo;arc 5-7 mm). Gr\u00e2ce aux diff\u00e9rentes longueurs du cylindre cadenassable, il est possible de l&rsquo;utiliser aussi bien sur des meubles en m\u00e9tal qu&rsquo;en bois. La Poign\u00e9e, pratique et <strong>personnalisable<\/strong>, permet de d\u00e9placer les tringles \u00e0 bascule ou arri\u00e8re ; une fois le cadenas ins\u00e9r\u00e9, la Poign\u00e9e est bloqu\u00e9e en position ferm\u00e9e, emp\u00eachant toute rotation.  <\/p>\n<p>La fermeture <strong>cadenassable<\/strong> peut \u00e9galement \u00eatre r\u00e9alis\u00e9e en <strong>technopolym\u00e8re<\/strong>, un \u00ab\u00a0plastique m\u00e9tallique\u00a0\u00bb sp\u00e9cial qui garantit des performances m\u00e9caniques \u00e9quivalentes \u00e0 celles de l&rsquo;alliage d&rsquo;aluminium, une r\u00e9sistance aux agents atmosph\u00e9riques et \u00e0 la corrosion, ainsi qu&rsquo;une int\u00e9gration parfaite \u00e0 votre produit fini, gr\u00e2ce \u00e0 la<strong>large gamme de couleurs disponibles.<\/strong> La borne carr\u00e9e de 7 mm vous permet \u00e9galement d&rsquo;installer une vari\u00e9t\u00e9 de <strong>cames droites, coud\u00e9es ou crochet\u00e9es<\/strong>. <\/p>\n<p>Son application est particuli\u00e8rement adapt\u00e9e aux <strong>vestiaires, au mobilier collectif, au mobilier hospitalier, au mobilier de spa\/gym\/piscine, au mobilier d&rsquo;auberge, aux objets de menuiserie, par exemple \u00e0 l&rsquo;int\u00e9rieur des locaux techniques.<\/strong><\/p>\n","protected":false},"excerpt":{"rendered":"<p><strong>Poign\u00e9e<\/strong> cadenassable en alliage de zinc adapt\u00e9e \u00e0 l&rsquo;<strong>insertion de tringles \u00e0 crochet de<\/strong> 30 et 40 mm (diam\u00e8tre d&rsquo;arc 5-7 mm). Gr\u00e2ce aux diff\u00e9rentes longueurs du cylindre cadenassable, il est possible de l&rsquo;utiliser aussi bien sur des meubles en m\u00e9tal qu&rsquo;en bois. <\/p>\n<p>Parfait, par exemple, pour les <strong>casiers<\/strong>.<\/p>\n","protected":false},"featured_media":3180,"comment_status":"open","ping_status":"closed","template":"","meta":{"_acf_changed":false,"_et_pb_use_builder":"","_et_pb_old_content":"","_et_gb_content_width":""},"product_brand":[],"product_cat":[3726,3747,3753,3640,3664,3687,3659,3741,3691,3722,3709,3714,3713,3729,3704,3748],"product_tag":[],"class_list":{"0":"post-241585","1":"product","2":"type-product","3":"status-publish","4":"has-post-thumbnail","6":"product_cat-des-serrures-pour-des-serrures","7":"product_cat-eau-air-gaz-pour-les-entreprises","8":"product_cat-education-et-culture","9":"product_cat-poignees-et-boutons","10":"product_cat-serrure-etanche-inox","11":"product_cat-serrures-a-came","12":"product_cat-serrures-avec-poignee-tournante","13":"product_cat-serrures-cadenassables","14":"product_cat-serrures-darmoires","15":"product_cat-serrures-de-portes","16":"product_cat-serrures-pour-armoires-a-substances-dangereuses","17":"product_cat-serrures-pour-armoires-industrielles","18":"product_cat-serrures-pour-armoires-phytosanitaires","19":"product_cat-serrures-pour-casiers","20":"product_cat-serrures-pour-lindustrie-electromecanique","21":"product_cat-systemes-de-fermeture-pour-lindustrie","23":"first","24":"instock","25":"shipping-taxable","26":"purchasable","27":"product-type-variable","28":"has-default-attributes"},"acf":{"pdf1":"https:\/\/www.omrserrature.it\/wp-content\/uploads\/schede\/Scheda_163380.pdf"},"yoast_head":"<!-- This site is optimized with the Yoast SEO plugin v27.2 - https:\/\/yoast.com\/product\/yoast-seo-wordpress\/ -->\n<title>Loquet cadenassable - OMR Serrature<\/title>\n<meta name=\"robots\" content=\"index, follow, max-snippet:-1, max-image-preview:large, max-video-preview:-1\" \/>\n<link rel=\"canonical\" href=\"https:\/\/www.omrserrature.it\/fr\/produit\/loquet-cadenassable\/\" \/>\n<meta property=\"og:locale\" content=\"fr_FR\" \/>\n<meta property=\"og:type\" content=\"article\" \/>\n<meta property=\"og:title\" content=\"Loquet cadenassable - OMR Serrature\" \/>\n<meta property=\"og:description\" content=\"Poign\u00e9e cadenassable en alliage de zinc adapt\u00e9e \u00e0 l&#039;insertion de tringles \u00e0 crochet de 30 et 40 mm (diam\u00e8tre d&#039;arc 5-7 mm). Gr\u00e2ce aux diff\u00e9rentes longueurs du cylindre cadenassable, il est possible de l&#039;utiliser aussi bien sur des meubles en m\u00e9tal qu&#039;en bois.  Parfait, par exemple, pour les casiers.\" \/>\n<meta property=\"og:url\" content=\"https:\/\/www.omrserrature.it\/fr\/produit\/loquet-cadenassable\/\" \/>\n<meta property=\"og:site_name\" content=\"OMR Serrature | Produzione sistemi di chiusura\" \/>\n<meta property=\"article:publisher\" content=\"https:\/\/www.facebook.com\/OMRserrature\" \/>\n<meta property=\"article:modified_time\" content=\"2026-04-08T10:49:49+00:00\" \/>\n<meta property=\"og:image\" content=\"https:\/\/www.omrserrature.it\/wp-content\/uploads\/2017\/10\/maniglietta-lucchettabile.jpg\" \/>\n\t<meta property=\"og:image:width\" content=\"560\" \/>\n\t<meta property=\"og:image:height\" content=\"385\" \/>\n\t<meta property=\"og:image:type\" content=\"image\/jpeg\" \/>\n<meta name=\"twitter:card\" content=\"summary_large_image\" \/>\n<meta name=\"twitter:label1\" content=\"Dur\u00e9e de lecture estim\u00e9e\" \/>\n\t<meta name=\"twitter:data1\" content=\"1 minute\" \/>\n<script type=\"application\/ld+json\" class=\"yoast-schema-graph\">{\"@context\":\"https:\/\/schema.org\",\"@graph\":[{\"@type\":\"WebPage\",\"@id\":\"https:\/\/www.omrserrature.it\/fr\/produit\/loquet-cadenassable\/\",\"url\":\"https:\/\/www.omrserrature.it\/fr\/produit\/loquet-cadenassable\/\",\"name\":\"Loquet cadenassable - OMR Serrature\",\"isPartOf\":{\"@id\":\"https:\/\/www.omrserrature.it\/fr\/#website\"},\"primaryImageOfPage\":{\"@id\":\"https:\/\/www.omrserrature.it\/fr\/produit\/loquet-cadenassable\/#primaryimage\"},\"image\":{\"@id\":\"https:\/\/www.omrserrature.it\/fr\/produit\/loquet-cadenassable\/#primaryimage\"},\"thumbnailUrl\":\"https:\/\/www.omrserrature.it\/wp-content\/uploads\/2017\/10\/maniglietta-lucchettabile.jpg\",\"datePublished\":\"2011-10-17T12:39:00+00:00\",\"dateModified\":\"2026-04-08T10:49:49+00:00\",\"breadcrumb\":{\"@id\":\"https:\/\/www.omrserrature.it\/fr\/produit\/loquet-cadenassable\/#breadcrumb\"},\"inLanguage\":\"fr-FR\",\"potentialAction\":[{\"@type\":\"ReadAction\",\"target\":[\"https:\/\/www.omrserrature.it\/fr\/produit\/loquet-cadenassable\/\"]}]},{\"@type\":\"ImageObject\",\"inLanguage\":\"fr-FR\",\"@id\":\"https:\/\/www.omrserrature.it\/fr\/produit\/loquet-cadenassable\/#primaryimage\",\"url\":\"https:\/\/www.omrserrature.it\/wp-content\/uploads\/2017\/10\/maniglietta-lucchettabile.jpg\",\"contentUrl\":\"https:\/\/www.omrserrature.it\/wp-content\/uploads\/2017\/10\/maniglietta-lucchettabile.jpg\",\"width\":560,\"height\":385,\"caption\":\"Poign\u00e9e cadenassable en alliage de zinc convenant aux cadenas \u00e0 crochets de 30 et 40 mm.\"},{\"@type\":\"BreadcrumbList\",\"@id\":\"https:\/\/www.omrserrature.it\/fr\/produit\/loquet-cadenassable\/#breadcrumb\",\"itemListElement\":[{\"@type\":\"ListItem\",\"position\":1,\"name\":\"Home\",\"item\":\"https:\/\/www.omrserrature.it\/fr\/omr-serrures-et-systemes-de-verrouillage\/\"},{\"@type\":\"ListItem\",\"position\":2,\"name\":\"Catalogue\",\"item\":\"https:\/\/www.omrserrature.it\/catalogue\/?lang=fr\"},{\"@type\":\"ListItem\",\"position\":3,\"name\":\"Applications\",\"item\":\"https:\/\/www.omrserrature.it\/fr\/catalogue\/applications\/\"},{\"@type\":\"ListItem\",\"position\":4,\"name\":\"Serrures d'armoires\",\"item\":\"https:\/\/www.omrserrature.it\/fr\/catalogue\/applications\/serrures-darmoires\/\"},{\"@type\":\"ListItem\",\"position\":5,\"name\":\"Loquet cadenassable\"}]},{\"@type\":\"WebSite\",\"@id\":\"https:\/\/www.omrserrature.it\/fr\/#website\",\"url\":\"https:\/\/www.omrserrature.it\/fr\/\",\"name\":\"OMR Serrature | Produzione sistemi di chiusura\",\"description\":\"Produzione serrature di sicurezza e sistemi di chiusura\",\"publisher\":{\"@id\":\"https:\/\/www.omrserrature.it\/fr\/#organization\"},\"potentialAction\":[{\"@type\":\"SearchAction\",\"target\":{\"@type\":\"EntryPoint\",\"urlTemplate\":\"https:\/\/www.omrserrature.it\/fr\/?s={search_term_string}\"},\"query-input\":{\"@type\":\"PropertyValueSpecification\",\"valueRequired\":true,\"valueName\":\"search_term_string\"}}],\"inLanguage\":\"fr-FR\"},{\"@type\":\"Organization\",\"@id\":\"https:\/\/www.omrserrature.it\/fr\/#organization\",\"name\":\"OMR Serrature | Produzione sistemi di chiusura\",\"url\":\"https:\/\/www.omrserrature.it\/fr\/\",\"logo\":{\"@type\":\"ImageObject\",\"inLanguage\":\"fr-FR\",\"@id\":\"https:\/\/www.omrserrature.it\/fr\/#\/schema\/logo\/image\/\",\"url\":\"https:\/\/www.omrserrature.it\/wp-content\/uploads\/2017\/09\/favicon-omr-114.png\",\"contentUrl\":\"https:\/\/www.omrserrature.it\/wp-content\/uploads\/2017\/09\/favicon-omr-114.png\",\"width\":114,\"height\":114,\"caption\":\"OMR Serrature | Produzione sistemi di chiusura\"},\"image\":{\"@id\":\"https:\/\/www.omrserrature.it\/fr\/#\/schema\/logo\/image\/\"},\"sameAs\":[\"https:\/\/www.facebook.com\/OMRserrature\",\"https:\/\/www.linkedin.com\/company\/omrserrature\/\",\"https:\/\/www.youtube.com\/channel\/UCxmA85z2R0EpG_6IRokiAkg\"]}]}<\/script>\n<!-- \/ Yoast SEO plugin. -->","yoast_head_json":{"title":"Loquet cadenassable - OMR Serrature","robots":{"index":"index","follow":"follow","max-snippet":"max-snippet:-1","max-image-preview":"max-image-preview:large","max-video-preview":"max-video-preview:-1"},"canonical":"https:\/\/www.omrserrature.it\/fr\/produit\/loquet-cadenassable\/","og_locale":"fr_FR","og_type":"article","og_title":"Loquet cadenassable - OMR Serrature","og_description":"Poign\u00e9e cadenassable en alliage de zinc adapt\u00e9e \u00e0 l'insertion de tringles \u00e0 crochet de 30 et 40 mm (diam\u00e8tre d'arc 5-7 mm). Gr\u00e2ce aux diff\u00e9rentes longueurs du cylindre cadenassable, il est possible de l'utiliser aussi bien sur des meubles en m\u00e9tal qu'en bois.  Parfait, par exemple, pour les casiers.","og_url":"https:\/\/www.omrserrature.it\/fr\/produit\/loquet-cadenassable\/","og_site_name":"OMR Serrature | Produzione sistemi di chiusura","article_publisher":"https:\/\/www.facebook.com\/OMRserrature","article_modified_time":"2026-04-08T10:49:49+00:00","og_image":[{"width":560,"height":385,"url":"https:\/\/www.omrserrature.it\/wp-content\/uploads\/2017\/10\/maniglietta-lucchettabile.jpg","type":"image\/jpeg"}],"twitter_card":"summary_large_image","twitter_misc":{"Dur\u00e9e de lecture estim\u00e9e":"1 minute"},"schema":{"@context":"https:\/\/schema.org","@graph":[{"@type":"WebPage","@id":"https:\/\/www.omrserrature.it\/fr\/produit\/loquet-cadenassable\/","url":"https:\/\/www.omrserrature.it\/fr\/produit\/loquet-cadenassable\/","name":"Loquet cadenassable - OMR Serrature","isPartOf":{"@id":"https:\/\/www.omrserrature.it\/fr\/#website"},"primaryImageOfPage":{"@id":"https:\/\/www.omrserrature.it\/fr\/produit\/loquet-cadenassable\/#primaryimage"},"image":{"@id":"https:\/\/www.omrserrature.it\/fr\/produit\/loquet-cadenassable\/#primaryimage"},"thumbnailUrl":"https:\/\/www.omrserrature.it\/wp-content\/uploads\/2017\/10\/maniglietta-lucchettabile.jpg","datePublished":"2011-10-17T12:39:00+00:00","dateModified":"2026-04-08T10:49:49+00:00","breadcrumb":{"@id":"https:\/\/www.omrserrature.it\/fr\/produit\/loquet-cadenassable\/#breadcrumb"},"inLanguage":"fr-FR","potentialAction":[{"@type":"ReadAction","target":["https:\/\/www.omrserrature.it\/fr\/produit\/loquet-cadenassable\/"]}]},{"@type":"ImageObject","inLanguage":"fr-FR","@id":"https:\/\/www.omrserrature.it\/fr\/produit\/loquet-cadenassable\/#primaryimage","url":"https:\/\/www.omrserrature.it\/wp-content\/uploads\/2017\/10\/maniglietta-lucchettabile.jpg","contentUrl":"https:\/\/www.omrserrature.it\/wp-content\/uploads\/2017\/10\/maniglietta-lucchettabile.jpg","width":560,"height":385,"caption":"Poign\u00e9e cadenassable en alliage de zinc convenant aux cadenas \u00e0 crochets de 30 et 40 mm."},{"@type":"BreadcrumbList","@id":"https:\/\/www.omrserrature.it\/fr\/produit\/loquet-cadenassable\/#breadcrumb","itemListElement":[{"@type":"ListItem","position":1,"name":"Home","item":"https:\/\/www.omrserrature.it\/fr\/omr-serrures-et-systemes-de-verrouillage\/"},{"@type":"ListItem","position":2,"name":"Catalogue","item":"https:\/\/www.omrserrature.it\/catalogue\/?lang=fr"},{"@type":"ListItem","position":3,"name":"Applications","item":"https:\/\/www.omrserrature.it\/fr\/catalogue\/applications\/"},{"@type":"ListItem","position":4,"name":"Serrures d'armoires","item":"https:\/\/www.omrserrature.it\/fr\/catalogue\/applications\/serrures-darmoires\/"},{"@type":"ListItem","position":5,"name":"Loquet cadenassable"}]},{"@type":"WebSite","@id":"https:\/\/www.omrserrature.it\/fr\/#website","url":"https:\/\/www.omrserrature.it\/fr\/","name":"OMR Serrature | Produzione sistemi di chiusura","description":"Produzione serrature di sicurezza e sistemi di chiusura","publisher":{"@id":"https:\/\/www.omrserrature.it\/fr\/#organization"},"potentialAction":[{"@type":"SearchAction","target":{"@type":"EntryPoint","urlTemplate":"https:\/\/www.omrserrature.it\/fr\/?s={search_term_string}"},"query-input":{"@type":"PropertyValueSpecification","valueRequired":true,"valueName":"search_term_string"}}],"inLanguage":"fr-FR"},{"@type":"Organization","@id":"https:\/\/www.omrserrature.it\/fr\/#organization","name":"OMR Serrature | Produzione sistemi di chiusura","url":"https:\/\/www.omrserrature.it\/fr\/","logo":{"@type":"ImageObject","inLanguage":"fr-FR","@id":"https:\/\/www.omrserrature.it\/fr\/#\/schema\/logo\/image\/","url":"https:\/\/www.omrserrature.it\/wp-content\/uploads\/2017\/09\/favicon-omr-114.png","contentUrl":"https:\/\/www.omrserrature.it\/wp-content\/uploads\/2017\/09\/favicon-omr-114.png","width":114,"height":114,"caption":"OMR Serrature | Produzione sistemi di chiusura"},"image":{"@id":"https:\/\/www.omrserrature.it\/fr\/#\/schema\/logo\/image\/"},"sameAs":["https:\/\/www.facebook.com\/OMRserrature","https:\/\/www.linkedin.com\/company\/omrserrature\/","https:\/\/www.youtube.com\/channel\/UCxmA85z2R0EpG_6IRokiAkg"]}]}},"_links":{"self":[{"href":"https:\/\/www.omrserrature.it\/fr\/wp-json\/wp\/v2\/product\/241585","targetHints":{"allow":["GET"]}}],"collection":[{"href":"https:\/\/www.omrserrature.it\/fr\/wp-json\/wp\/v2\/product"}],"about":[{"href":"https:\/\/www.omrserrature.it\/fr\/wp-json\/wp\/v2\/types\/product"}],"replies":[{"embeddable":true,"href":"https:\/\/www.omrserrature.it\/fr\/wp-json\/wp\/v2\/comments?post=241585"}],"wp:featuredmedia":[{"embeddable":true,"href":"https:\/\/www.omrserrature.it\/fr\/wp-json\/wp\/v2\/media\/3180"}],"wp:attachment":[{"href":"https:\/\/www.omrserrature.it\/fr\/wp-json\/wp\/v2\/media?parent=241585"}],"wp:term":[{"taxonomy":"product_brand","embeddable":true,"href":"https:\/\/www.omrserrature.it\/fr\/wp-json\/wp\/v2\/product_brand?post=241585"},{"taxonomy":"product_cat","embeddable":true,"href":"https:\/\/www.omrserrature.it\/fr\/wp-json\/wp\/v2\/product_cat?post=241585"},{"taxonomy":"product_tag","embeddable":true,"href":"https:\/\/www.omrserrature.it\/fr\/wp-json\/wp\/v2\/product_tag?post=241585"}],"curies":[{"name":"wp","href":"https:\/\/api.w.org\/{rel}","templated":true}]}}