{"id":241497,"date":"2018-07-12T10:58:50","date_gmt":"2012-07-18T08:58:00","guid":{"rendered":"https:\/\/www.staging6.omrserrature.it\/prodotto\/guide-tringle-3\/"},"modified":"2026-04-08T11:59:38","modified_gmt":"2026-04-08T09:59:38","slug":"guide-tringle-3","status":"publish","type":"product","link":"https:\/\/www.omrserrature.it\/fr\/produit\/guide-tringle-3\/","title":{"rendered":"Guide-tringle plat"},"content":{"rendered":"<p><strong>Le guide-tringle<\/strong> est un \u00e9l\u00e9ment cl\u00e9 des <strong>serrures \u00e0 tringle coulissante<\/strong>. Ce support, fabriqu\u00e9 dans des mat\u00e9riaux tels que le m\u00e9tal moul\u00e9 sous pression ou le plastique, joue un r\u00f4le crucial en <strong>maintenant la tringle dans la bonne position lors d&rsquo;un mouvement vertical<\/strong>. <\/p>\n<p>Son nom m\u00eame, \u00ab\u00a0guide-tringle\u00a0\u00bb, sugg\u00e8re sa fonction : assurer le guidage et la stabilit\u00e9 des tringles lors des op\u00e9rations d&rsquo;ouverture et de fermeture. Le guide-tringle est g\u00e9n\u00e9ralement fix\u00e9 au panneau de la porte et assure le parfait fonctionnement des serrures \u00e0 tringle, permettant aux portes de s&rsquo;ouvrir et de se fermer en douceur et avec pr\u00e9cision. <\/p>\n<p>Ce composant est essentiel pour assurer la s\u00e9curit\u00e9 et l&rsquo;efficacit\u00e9 des serrures \u00e0 tringles verticales, en contribuant \u00e0 pr\u00e9server leur int\u00e9grit\u00e9 et leur durabilit\u00e9. Le guide-tringle joue un r\u00f4le discret mais vital dans le m\u00e9canisme global de la serrure, en assurant la <strong>stabilit\u00e9 et la pr\u00e9cision des mouvements des tringles rotatives<\/strong>. <\/p>\n","protected":false},"excerpt":{"rendered":"<p><strong>Le guide-tringle<\/strong> est un \u00e9l\u00e9ment cl\u00e9 des <strong>serrures \u00e0 tringle coulissante<\/strong>. Ce support, fabriqu\u00e9 dans des mat\u00e9riaux tels que le m\u00e9tal moul\u00e9 sous pression ou le plastique, joue un r\u00f4le crucial en <strong>maintenant la tringle dans la bonne position pendant le mouvement<\/strong>. <\/p>\n","protected":false},"featured_media":8642,"comment_status":"open","ping_status":"closed","template":"","meta":{"_acf_changed":false,"_et_pb_use_builder":"","_et_pb_old_content":"","_et_gb_content_width":""},"product_brand":[],"product_cat":[3686,3636,3668],"product_tag":[],"class_list":{"0":"post-241497","1":"product","2":"type-product","3":"status-publish","4":"has-post-thumbnail","6":"product_cat-accessoires-et-pieces-detachees","7":"product_cat-produits","8":"product_cat-tringles","10":"first","11":"instock","12":"shipping-taxable","13":"product-type-simple"},"acf":{"pdf1":false},"yoast_head":"<!-- This site is optimized with the Yoast SEO plugin v27.2 - https:\/\/yoast.com\/product\/yoast-seo-wordpress\/ -->\n<title>Guide-tringle plat - OMR Serrature<\/title>\n<meta name=\"robots\" content=\"index, follow, max-snippet:-1, max-image-preview:large, max-video-preview:-1\" \/>\n<link rel=\"canonical\" href=\"https:\/\/www.omrserrature.it\/fr\/produit\/guide-tringle-3\/\" \/>\n<meta property=\"og:locale\" content=\"fr_FR\" \/>\n<meta property=\"og:type\" content=\"article\" \/>\n<meta property=\"og:title\" content=\"Guide-tringle plat - OMR Serrature\" \/>\n<meta property=\"og:description\" content=\"Le guide-tringle est un \u00e9l\u00e9ment cl\u00e9 des serrures \u00e0 tringle coulissante. Ce support, fabriqu\u00e9 dans des mat\u00e9riaux tels que le m\u00e9tal moul\u00e9 sous pression ou le plastique, joue un r\u00f4le crucial en maintenant la tringle dans la bonne position pendant le mouvement.\" \/>\n<meta property=\"og:url\" content=\"https:\/\/www.omrserrature.it\/fr\/produit\/guide-tringle-3\/\" \/>\n<meta property=\"og:site_name\" content=\"OMR Serrature | Produzione sistemi di chiusura\" \/>\n<meta property=\"article:publisher\" content=\"https:\/\/www.facebook.com\/OMRserrature\" \/>\n<meta property=\"article:modified_time\" content=\"2026-04-08T09:59:38+00:00\" \/>\n<meta property=\"og:image\" content=\"https:\/\/www.omrserrature.it\/wp-content\/uploads\/2018\/07\/guida-asta-SGUI02645.jpg\" \/>\n\t<meta property=\"og:image:width\" content=\"254\" \/>\n\t<meta property=\"og:image:height\" content=\"139\" \/>\n\t<meta property=\"og:image:type\" content=\"image\/jpeg\" \/>\n<meta name=\"twitter:card\" content=\"summary_large_image\" \/>\n<meta name=\"twitter:label1\" content=\"Dur\u00e9e de lecture estim\u00e9e\" \/>\n\t<meta name=\"twitter:data1\" content=\"1 minute\" \/>\n<script type=\"application\/ld+json\" class=\"yoast-schema-graph\">{\"@context\":\"https:\/\/schema.org\",\"@graph\":[{\"@type\":\"WebPage\",\"@id\":\"https:\/\/www.omrserrature.it\/fr\/produit\/guide-tringle-3\/\",\"url\":\"https:\/\/www.omrserrature.it\/fr\/produit\/guide-tringle-3\/\",\"name\":\"Guide-tringle plat - OMR Serrature\",\"isPartOf\":{\"@id\":\"https:\/\/www.omrserrature.it\/fr\/#website\"},\"primaryImageOfPage\":{\"@id\":\"https:\/\/www.omrserrature.it\/fr\/produit\/guide-tringle-3\/#primaryimage\"},\"image\":{\"@id\":\"https:\/\/www.omrserrature.it\/fr\/produit\/guide-tringle-3\/#primaryimage\"},\"thumbnailUrl\":\"https:\/\/www.omrserrature.it\/wp-content\/uploads\/2018\/07\/guida-asta-SGUI02645.jpg\",\"datePublished\":\"2012-07-18T08:58:00+00:00\",\"dateModified\":\"2026-04-08T09:59:38+00:00\",\"breadcrumb\":{\"@id\":\"https:\/\/www.omrserrature.it\/fr\/produit\/guide-tringle-3\/#breadcrumb\"},\"inLanguage\":\"fr-FR\",\"potentialAction\":[{\"@type\":\"ReadAction\",\"target\":[\"https:\/\/www.omrserrature.it\/fr\/produit\/guide-tringle-3\/\"]}]},{\"@type\":\"ImageObject\",\"inLanguage\":\"fr-FR\",\"@id\":\"https:\/\/www.omrserrature.it\/fr\/produit\/guide-tringle-3\/#primaryimage\",\"url\":\"https:\/\/www.omrserrature.it\/wp-content\/uploads\/2018\/07\/guida-asta-SGUI02645.jpg\",\"contentUrl\":\"https:\/\/www.omrserrature.it\/wp-content\/uploads\/2018\/07\/guida-asta-SGUI02645.jpg\",\"width\":254,\"height\":139,\"caption\":\"Guide-tringle avec serrures tringles tournantes - SGUI02645\"},{\"@type\":\"BreadcrumbList\",\"@id\":\"https:\/\/www.omrserrature.it\/fr\/produit\/guide-tringle-3\/#breadcrumb\",\"itemListElement\":[{\"@type\":\"ListItem\",\"position\":1,\"name\":\"Home\",\"item\":\"https:\/\/www.omrserrature.it\/fr\/omr-serrures-et-systemes-de-verrouillage\/\"},{\"@type\":\"ListItem\",\"position\":2,\"name\":\"Catalogue\",\"item\":\"https:\/\/www.omrserrature.it\/catalogue\/?lang=fr\"},{\"@type\":\"ListItem\",\"position\":3,\"name\":\"Produits\",\"item\":\"https:\/\/www.omrserrature.it\/fr\/catalogue\/produits\/\"},{\"@type\":\"ListItem\",\"position\":4,\"name\":\"Guide-tringle plat\"}]},{\"@type\":\"WebSite\",\"@id\":\"https:\/\/www.omrserrature.it\/fr\/#website\",\"url\":\"https:\/\/www.omrserrature.it\/fr\/\",\"name\":\"OMR Serrature | Produzione sistemi di chiusura\",\"description\":\"Produzione serrature di sicurezza e sistemi di chiusura\",\"publisher\":{\"@id\":\"https:\/\/www.omrserrature.it\/fr\/#organization\"},\"potentialAction\":[{\"@type\":\"SearchAction\",\"target\":{\"@type\":\"EntryPoint\",\"urlTemplate\":\"https:\/\/www.omrserrature.it\/fr\/?s={search_term_string}\"},\"query-input\":{\"@type\":\"PropertyValueSpecification\",\"valueRequired\":true,\"valueName\":\"search_term_string\"}}],\"inLanguage\":\"fr-FR\"},{\"@type\":\"Organization\",\"@id\":\"https:\/\/www.omrserrature.it\/fr\/#organization\",\"name\":\"OMR Serrature | Produzione sistemi di chiusura\",\"url\":\"https:\/\/www.omrserrature.it\/fr\/\",\"logo\":{\"@type\":\"ImageObject\",\"inLanguage\":\"fr-FR\",\"@id\":\"https:\/\/www.omrserrature.it\/fr\/#\/schema\/logo\/image\/\",\"url\":\"https:\/\/www.omrserrature.it\/wp-content\/uploads\/2017\/09\/favicon-omr-114.png\",\"contentUrl\":\"https:\/\/www.omrserrature.it\/wp-content\/uploads\/2017\/09\/favicon-omr-114.png\",\"width\":114,\"height\":114,\"caption\":\"OMR Serrature | Produzione sistemi di chiusura\"},\"image\":{\"@id\":\"https:\/\/www.omrserrature.it\/fr\/#\/schema\/logo\/image\/\"},\"sameAs\":[\"https:\/\/www.facebook.com\/OMRserrature\",\"https:\/\/www.linkedin.com\/company\/omrserrature\/\",\"https:\/\/www.youtube.com\/channel\/UCxmA85z2R0EpG_6IRokiAkg\"]}]}<\/script>\n<!-- \/ Yoast SEO plugin. -->","yoast_head_json":{"title":"Guide-tringle plat - OMR Serrature","robots":{"index":"index","follow":"follow","max-snippet":"max-snippet:-1","max-image-preview":"max-image-preview:large","max-video-preview":"max-video-preview:-1"},"canonical":"https:\/\/www.omrserrature.it\/fr\/produit\/guide-tringle-3\/","og_locale":"fr_FR","og_type":"article","og_title":"Guide-tringle plat - OMR Serrature","og_description":"Le guide-tringle est un \u00e9l\u00e9ment cl\u00e9 des serrures \u00e0 tringle coulissante. Ce support, fabriqu\u00e9 dans des mat\u00e9riaux tels que le m\u00e9tal moul\u00e9 sous pression ou le plastique, joue un r\u00f4le crucial en maintenant la tringle dans la bonne position pendant le mouvement.","og_url":"https:\/\/www.omrserrature.it\/fr\/produit\/guide-tringle-3\/","og_site_name":"OMR Serrature | Produzione sistemi di chiusura","article_publisher":"https:\/\/www.facebook.com\/OMRserrature","article_modified_time":"2026-04-08T09:59:38+00:00","og_image":[{"width":254,"height":139,"url":"https:\/\/www.omrserrature.it\/wp-content\/uploads\/2018\/07\/guida-asta-SGUI02645.jpg","type":"image\/jpeg"}],"twitter_card":"summary_large_image","twitter_misc":{"Dur\u00e9e de lecture estim\u00e9e":"1 minute"},"schema":{"@context":"https:\/\/schema.org","@graph":[{"@type":"WebPage","@id":"https:\/\/www.omrserrature.it\/fr\/produit\/guide-tringle-3\/","url":"https:\/\/www.omrserrature.it\/fr\/produit\/guide-tringle-3\/","name":"Guide-tringle plat - OMR Serrature","isPartOf":{"@id":"https:\/\/www.omrserrature.it\/fr\/#website"},"primaryImageOfPage":{"@id":"https:\/\/www.omrserrature.it\/fr\/produit\/guide-tringle-3\/#primaryimage"},"image":{"@id":"https:\/\/www.omrserrature.it\/fr\/produit\/guide-tringle-3\/#primaryimage"},"thumbnailUrl":"https:\/\/www.omrserrature.it\/wp-content\/uploads\/2018\/07\/guida-asta-SGUI02645.jpg","datePublished":"2012-07-18T08:58:00+00:00","dateModified":"2026-04-08T09:59:38+00:00","breadcrumb":{"@id":"https:\/\/www.omrserrature.it\/fr\/produit\/guide-tringle-3\/#breadcrumb"},"inLanguage":"fr-FR","potentialAction":[{"@type":"ReadAction","target":["https:\/\/www.omrserrature.it\/fr\/produit\/guide-tringle-3\/"]}]},{"@type":"ImageObject","inLanguage":"fr-FR","@id":"https:\/\/www.omrserrature.it\/fr\/produit\/guide-tringle-3\/#primaryimage","url":"https:\/\/www.omrserrature.it\/wp-content\/uploads\/2018\/07\/guida-asta-SGUI02645.jpg","contentUrl":"https:\/\/www.omrserrature.it\/wp-content\/uploads\/2018\/07\/guida-asta-SGUI02645.jpg","width":254,"height":139,"caption":"Guide-tringle avec serrures tringles tournantes - SGUI02645"},{"@type":"BreadcrumbList","@id":"https:\/\/www.omrserrature.it\/fr\/produit\/guide-tringle-3\/#breadcrumb","itemListElement":[{"@type":"ListItem","position":1,"name":"Home","item":"https:\/\/www.omrserrature.it\/fr\/omr-serrures-et-systemes-de-verrouillage\/"},{"@type":"ListItem","position":2,"name":"Catalogue","item":"https:\/\/www.omrserrature.it\/catalogue\/?lang=fr"},{"@type":"ListItem","position":3,"name":"Produits","item":"https:\/\/www.omrserrature.it\/fr\/catalogue\/produits\/"},{"@type":"ListItem","position":4,"name":"Guide-tringle plat"}]},{"@type":"WebSite","@id":"https:\/\/www.omrserrature.it\/fr\/#website","url":"https:\/\/www.omrserrature.it\/fr\/","name":"OMR Serrature | Produzione sistemi di chiusura","description":"Produzione serrature di sicurezza e sistemi di chiusura","publisher":{"@id":"https:\/\/www.omrserrature.it\/fr\/#organization"},"potentialAction":[{"@type":"SearchAction","target":{"@type":"EntryPoint","urlTemplate":"https:\/\/www.omrserrature.it\/fr\/?s={search_term_string}"},"query-input":{"@type":"PropertyValueSpecification","valueRequired":true,"valueName":"search_term_string"}}],"inLanguage":"fr-FR"},{"@type":"Organization","@id":"https:\/\/www.omrserrature.it\/fr\/#organization","name":"OMR Serrature | Produzione sistemi di chiusura","url":"https:\/\/www.omrserrature.it\/fr\/","logo":{"@type":"ImageObject","inLanguage":"fr-FR","@id":"https:\/\/www.omrserrature.it\/fr\/#\/schema\/logo\/image\/","url":"https:\/\/www.omrserrature.it\/wp-content\/uploads\/2017\/09\/favicon-omr-114.png","contentUrl":"https:\/\/www.omrserrature.it\/wp-content\/uploads\/2017\/09\/favicon-omr-114.png","width":114,"height":114,"caption":"OMR Serrature | Produzione sistemi di chiusura"},"image":{"@id":"https:\/\/www.omrserrature.it\/fr\/#\/schema\/logo\/image\/"},"sameAs":["https:\/\/www.facebook.com\/OMRserrature","https:\/\/www.linkedin.com\/company\/omrserrature\/","https:\/\/www.youtube.com\/channel\/UCxmA85z2R0EpG_6IRokiAkg"]}]}},"_links":{"self":[{"href":"https:\/\/www.omrserrature.it\/fr\/wp-json\/wp\/v2\/product\/241497","targetHints":{"allow":["GET"]}}],"collection":[{"href":"https:\/\/www.omrserrature.it\/fr\/wp-json\/wp\/v2\/product"}],"about":[{"href":"https:\/\/www.omrserrature.it\/fr\/wp-json\/wp\/v2\/types\/product"}],"replies":[{"embeddable":true,"href":"https:\/\/www.omrserrature.it\/fr\/wp-json\/wp\/v2\/comments?post=241497"}],"wp:featuredmedia":[{"embeddable":true,"href":"https:\/\/www.omrserrature.it\/fr\/wp-json\/wp\/v2\/media\/8642"}],"wp:attachment":[{"href":"https:\/\/www.omrserrature.it\/fr\/wp-json\/wp\/v2\/media?parent=241497"}],"wp:term":[{"taxonomy":"product_brand","embeddable":true,"href":"https:\/\/www.omrserrature.it\/fr\/wp-json\/wp\/v2\/product_brand?post=241497"},{"taxonomy":"product_cat","embeddable":true,"href":"https:\/\/www.omrserrature.it\/fr\/wp-json\/wp\/v2\/product_cat?post=241497"},{"taxonomy":"product_tag","embeddable":true,"href":"https:\/\/www.omrserrature.it\/fr\/wp-json\/wp\/v2\/product_tag?post=241497"}],"curies":[{"name":"wp","href":"https:\/\/api.w.org\/{rel}","templated":true}]}}