{"id":241457,"date":"2021-03-11T14:00:18","date_gmt":"2011-03-21T13:00:00","guid":{"rendered":"https:\/\/www.staging6.omrserrature.it\/prodotto\/serrure-a-gravitation-grand-crochet-a-dome\/"},"modified":"2026-04-08T11:33:23","modified_gmt":"2026-04-08T09:33:23","slug":"serrure-a-gravitation-grand-crochet-a-dome","status":"publish","type":"product","link":"https:\/\/www.omrserrature.it\/fr\/produit\/serrure-a-gravitation-grand-crochet-a-dome\/","title":{"rendered":"Serrure \u00e0 gravitation, grand crochet \u00e0 d\u00f4me"},"content":{"rendered":"<p><strong>Le grand crochet \u00e9cologique de la serrure \u00e0 gravitation<\/strong> est un corps en plastique avec<strong> un crochet \u00e0 ressort (ou sans ressort)<\/strong> \u00e0 l&rsquo;int\u00e9rieur, et est ancr\u00e9 sur la face int\u00e9rieure du couvercle du bac. Il est combin\u00e9 \u00e0 deux autres \u00e9l\u00e9ments : <strong>un grand capuchon<\/strong> en plastique rouge avec une<strong> serrure \u00e0 dents ou une fermeture \u00e0 douille triangulaire<\/strong> (install\u00e9 sur le dessus du couvercle du bac \u00e0 d\u00e9chets),<strong> et un corps inf\u00e9rieur install\u00e9 sur la face int\u00e9rieure du bac<\/strong>. <\/p>\n<p>Le syst\u00e8me gravitationnel innovant permet de <strong>prot\u00e9ger les<\/strong> diff\u00e9rents conteneurs <strong>contre les acc\u00e8s non autoris\u00e9s<\/strong> et de les ouvrir facilement, en particulier ceux d\u00e9di\u00e9s \u00e0 la collecte des d\u00e9chets en porte-\u00e0-porte, garantissant ainsi, gr\u00e2ce \u00e0 cette solution efficace, la meilleure gestion de la collecte s\u00e9lective des d\u00e9chets dans les diff\u00e9rentes municipalit\u00e9s et quartiers de la ville.<\/p>\n<p>Le produit pr\u00e9sente les caract\u00e9ristiques suivantes :<br \/>\n&#8211; <strong>Ouverture automatique<\/strong> lors des op\u00e9rations de vidage par la soci\u00e9t\u00e9 de collecte.<br \/>\n&#8211; En fin de vidage, le <strong>m\u00e9canisme se referme automatiquement<\/strong>, emp\u00eachant l&rsquo;acc\u00e8s aux personnes non autoris\u00e9es.<br \/>\n&#8211; <strong>Ouverture anti-panique facilit\u00e9e de l&rsquo;int\u00e9rieur<\/strong> sans cl\u00e9 en cas d&rsquo;urgence (par exemple si un enfant reste coinc\u00e9 \u00e0 l&rsquo;int\u00e9rieur).<br \/>\n&#8211; <strong>Syst\u00e8me d&rsquo;ouverture par panneau<\/strong> en cas de basculement du bac \u00e0 d\u00e9chets sous l&rsquo;effet du vent, de chocs ou d&rsquo;actes de vandalisme.<\/p>\n<p>La serrure gravitationnelle est compatible avec<strong> toutes les marques de bac<\/strong> s \u00e0 ordures \u00e0 deux ou quatre roues et de<strong> bacs \u00e0<\/strong> d\u00e9chets, et<strong> peut \u00eatre<\/strong> facilement<strong> install\u00e9e sur ces derniers<\/strong>. Instructions pour le montage de la serrure avec le gabarit universel OMR incluses. <\/p>\n","protected":false},"excerpt":{"rendered":"<p>La grande <strong>serrure<\/strong> gravitationnelle est un corps en plastique avec un crochet \u00e0 ressort (ou sans ressort) \u00e0 l&rsquo;int\u00e9rieur, plac\u00e9 sous le couvercle de la poubelle.<\/p>\n","protected":false},"featured_media":16941,"comment_status":"open","ping_status":"closed","template":"","meta":{"_acf_changed":false,"_et_pb_use_builder":"","_et_pb_old_content":"","_et_gb_content_width":""},"product_brand":[],"product_cat":[3680],"product_tag":[],"class_list":{"0":"post-241457","1":"product","2":"type-product","3":"status-publish","4":"has-post-thumbnail","6":"product_cat-accessoires-et-pieces-de-rechange-pour-les-serrures-a-gravitationnelles","8":"first","9":"instock","10":"shipping-taxable","11":"product-type-simple"},"acf":{"pdf1":false},"yoast_head":"<!-- This site is optimized with the Yoast SEO plugin v27.2 - https:\/\/yoast.com\/product\/yoast-seo-wordpress\/ -->\n<title>Serrure \u00e0 gravitation, grand crochet \u00e0 d\u00f4me - OMR Serrature<\/title>\n<meta name=\"robots\" content=\"index, follow, max-snippet:-1, max-image-preview:large, max-video-preview:-1\" \/>\n<link rel=\"canonical\" href=\"https:\/\/www.omrserrature.it\/fr\/produit\/serrure-a-gravitation-grand-crochet-a-dome\/\" \/>\n<meta property=\"og:locale\" content=\"fr_FR\" \/>\n<meta property=\"og:type\" content=\"article\" \/>\n<meta property=\"og:title\" content=\"Serrure \u00e0 gravitation, grand crochet \u00e0 d\u00f4me - OMR Serrature\" \/>\n<meta property=\"og:description\" content=\"La grande serrure gravitationnelle est un corps en plastique avec un crochet \u00e0 ressort (ou sans ressort) \u00e0 l&#039;int\u00e9rieur, plac\u00e9 sous le couvercle de la poubelle.\" \/>\n<meta property=\"og:url\" content=\"https:\/\/www.omrserrature.it\/fr\/produit\/serrure-a-gravitation-grand-crochet-a-dome\/\" \/>\n<meta property=\"og:site_name\" content=\"OMR Serrature | Produzione sistemi di chiusura\" \/>\n<meta property=\"article:publisher\" content=\"https:\/\/www.facebook.com\/OMRserrature\" \/>\n<meta property=\"article:modified_time\" content=\"2026-04-08T09:33:23+00:00\" \/>\n<meta property=\"og:image\" content=\"https:\/\/www.omrserrature.it\/wp-content\/uploads\/2021\/03\/GG-GAN.jpg\" \/>\n\t<meta property=\"og:image:width\" content=\"4928\" \/>\n\t<meta property=\"og:image:height\" content=\"3264\" \/>\n\t<meta property=\"og:image:type\" content=\"image\/jpeg\" \/>\n<meta name=\"twitter:card\" content=\"summary_large_image\" \/>\n<meta name=\"twitter:label1\" content=\"Dur\u00e9e de lecture estim\u00e9e\" \/>\n\t<meta name=\"twitter:data1\" content=\"1 minute\" \/>\n<script type=\"application\/ld+json\" class=\"yoast-schema-graph\">{\"@context\":\"https:\/\/schema.org\",\"@graph\":[{\"@type\":\"WebPage\",\"@id\":\"https:\/\/www.omrserrature.it\/fr\/produit\/serrure-a-gravitation-grand-crochet-a-dome\/\",\"url\":\"https:\/\/www.omrserrature.it\/fr\/produit\/serrure-a-gravitation-grand-crochet-a-dome\/\",\"name\":\"Serrure \u00e0 gravitation, grand crochet \u00e0 d\u00f4me - OMR Serrature\",\"isPartOf\":{\"@id\":\"https:\/\/www.omrserrature.it\/fr\/#website\"},\"primaryImageOfPage\":{\"@id\":\"https:\/\/www.omrserrature.it\/fr\/produit\/serrure-a-gravitation-grand-crochet-a-dome\/#primaryimage\"},\"image\":{\"@id\":\"https:\/\/www.omrserrature.it\/fr\/produit\/serrure-a-gravitation-grand-crochet-a-dome\/#primaryimage\"},\"thumbnailUrl\":\"https:\/\/www.omrserrature.it\/wp-content\/uploads\/2021\/03\/GG-GAN.jpg\",\"datePublished\":\"2011-03-21T13:00:00+00:00\",\"dateModified\":\"2026-04-08T09:33:23+00:00\",\"breadcrumb\":{\"@id\":\"https:\/\/www.omrserrature.it\/fr\/produit\/serrure-a-gravitation-grand-crochet-a-dome\/#breadcrumb\"},\"inLanguage\":\"fr-FR\",\"potentialAction\":[{\"@type\":\"ReadAction\",\"target\":[\"https:\/\/www.omrserrature.it\/fr\/produit\/serrure-a-gravitation-grand-crochet-a-dome\/\"]}]},{\"@type\":\"ImageObject\",\"inLanguage\":\"fr-FR\",\"@id\":\"https:\/\/www.omrserrature.it\/fr\/produit\/serrure-a-gravitation-grand-crochet-a-dome\/#primaryimage\",\"url\":\"https:\/\/www.omrserrature.it\/wp-content\/uploads\/2021\/03\/GG-GAN.jpg\",\"contentUrl\":\"https:\/\/www.omrserrature.it\/wp-content\/uploads\/2021\/03\/GG-GAN.jpg\",\"width\":4928,\"height\":3264,\"caption\":\"M\u00e9canisme de fermeture pour bacs \u00e0 ordures - GG-GAN\"},{\"@type\":\"BreadcrumbList\",\"@id\":\"https:\/\/www.omrserrature.it\/fr\/produit\/serrure-a-gravitation-grand-crochet-a-dome\/#breadcrumb\",\"itemListElement\":[{\"@type\":\"ListItem\",\"position\":1,\"name\":\"Home\",\"item\":\"https:\/\/www.omrserrature.it\/fr\/omr-serrures-et-systemes-de-verrouillage\/\"},{\"@type\":\"ListItem\",\"position\":2,\"name\":\"Catalogue\",\"item\":\"https:\/\/www.omrserrature.it\/catalogue\/?lang=fr\"},{\"@type\":\"ListItem\",\"position\":3,\"name\":\"Produits\",\"item\":\"https:\/\/www.omrserrature.it\/fr\/catalogue\/produits\/\"},{\"@type\":\"ListItem\",\"position\":4,\"name\":\"Accessoires et pi\u00e8ces d\u00e9tach\u00e9es\",\"item\":\"https:\/\/www.omrserrature.it\/fr\/catalogue\/produits\/accessoires-et-pieces-detachees\/\"},{\"@type\":\"ListItem\",\"position\":5,\"name\":\"Accessoires et pi\u00e8ces de rechange pour les serrures \u00e0 gravitationnelles\",\"item\":\"https:\/\/www.omrserrature.it\/fr\/catalogue\/produits\/accessoires-et-pieces-detachees\/accessoires-et-pieces-de-rechange-pour-les-serrures-a-gravitationnelles\/\"},{\"@type\":\"ListItem\",\"position\":6,\"name\":\"Serrure \u00e0 gravitation, grand crochet \u00e0 d\u00f4me\"}]},{\"@type\":\"WebSite\",\"@id\":\"https:\/\/www.omrserrature.it\/fr\/#website\",\"url\":\"https:\/\/www.omrserrature.it\/fr\/\",\"name\":\"OMR Serrature | Produzione sistemi di chiusura\",\"description\":\"Produzione serrature di sicurezza e sistemi di chiusura\",\"publisher\":{\"@id\":\"https:\/\/www.omrserrature.it\/fr\/#organization\"},\"potentialAction\":[{\"@type\":\"SearchAction\",\"target\":{\"@type\":\"EntryPoint\",\"urlTemplate\":\"https:\/\/www.omrserrature.it\/fr\/?s={search_term_string}\"},\"query-input\":{\"@type\":\"PropertyValueSpecification\",\"valueRequired\":true,\"valueName\":\"search_term_string\"}}],\"inLanguage\":\"fr-FR\"},{\"@type\":\"Organization\",\"@id\":\"https:\/\/www.omrserrature.it\/fr\/#organization\",\"name\":\"OMR Serrature | Produzione sistemi di chiusura\",\"url\":\"https:\/\/www.omrserrature.it\/fr\/\",\"logo\":{\"@type\":\"ImageObject\",\"inLanguage\":\"fr-FR\",\"@id\":\"https:\/\/www.omrserrature.it\/fr\/#\/schema\/logo\/image\/\",\"url\":\"https:\/\/www.omrserrature.it\/wp-content\/uploads\/2017\/09\/favicon-omr-114.png\",\"contentUrl\":\"https:\/\/www.omrserrature.it\/wp-content\/uploads\/2017\/09\/favicon-omr-114.png\",\"width\":114,\"height\":114,\"caption\":\"OMR Serrature | Produzione sistemi di chiusura\"},\"image\":{\"@id\":\"https:\/\/www.omrserrature.it\/fr\/#\/schema\/logo\/image\/\"},\"sameAs\":[\"https:\/\/www.facebook.com\/OMRserrature\",\"https:\/\/www.linkedin.com\/company\/omrserrature\/\",\"https:\/\/www.youtube.com\/channel\/UCxmA85z2R0EpG_6IRokiAkg\"]}]}<\/script>\n<!-- \/ Yoast SEO plugin. -->","yoast_head_json":{"title":"Serrure \u00e0 gravitation, grand crochet \u00e0 d\u00f4me - OMR Serrature","robots":{"index":"index","follow":"follow","max-snippet":"max-snippet:-1","max-image-preview":"max-image-preview:large","max-video-preview":"max-video-preview:-1"},"canonical":"https:\/\/www.omrserrature.it\/fr\/produit\/serrure-a-gravitation-grand-crochet-a-dome\/","og_locale":"fr_FR","og_type":"article","og_title":"Serrure \u00e0 gravitation, grand crochet \u00e0 d\u00f4me - OMR Serrature","og_description":"La grande serrure gravitationnelle est un corps en plastique avec un crochet \u00e0 ressort (ou sans ressort) \u00e0 l'int\u00e9rieur, plac\u00e9 sous le couvercle de la poubelle.","og_url":"https:\/\/www.omrserrature.it\/fr\/produit\/serrure-a-gravitation-grand-crochet-a-dome\/","og_site_name":"OMR Serrature | Produzione sistemi di chiusura","article_publisher":"https:\/\/www.facebook.com\/OMRserrature","article_modified_time":"2026-04-08T09:33:23+00:00","og_image":[{"width":4928,"height":3264,"url":"https:\/\/www.omrserrature.it\/wp-content\/uploads\/2021\/03\/GG-GAN.jpg","type":"image\/jpeg"}],"twitter_card":"summary_large_image","twitter_misc":{"Dur\u00e9e de lecture estim\u00e9e":"1 minute"},"schema":{"@context":"https:\/\/schema.org","@graph":[{"@type":"WebPage","@id":"https:\/\/www.omrserrature.it\/fr\/produit\/serrure-a-gravitation-grand-crochet-a-dome\/","url":"https:\/\/www.omrserrature.it\/fr\/produit\/serrure-a-gravitation-grand-crochet-a-dome\/","name":"Serrure \u00e0 gravitation, grand crochet \u00e0 d\u00f4me - OMR Serrature","isPartOf":{"@id":"https:\/\/www.omrserrature.it\/fr\/#website"},"primaryImageOfPage":{"@id":"https:\/\/www.omrserrature.it\/fr\/produit\/serrure-a-gravitation-grand-crochet-a-dome\/#primaryimage"},"image":{"@id":"https:\/\/www.omrserrature.it\/fr\/produit\/serrure-a-gravitation-grand-crochet-a-dome\/#primaryimage"},"thumbnailUrl":"https:\/\/www.omrserrature.it\/wp-content\/uploads\/2021\/03\/GG-GAN.jpg","datePublished":"2011-03-21T13:00:00+00:00","dateModified":"2026-04-08T09:33:23+00:00","breadcrumb":{"@id":"https:\/\/www.omrserrature.it\/fr\/produit\/serrure-a-gravitation-grand-crochet-a-dome\/#breadcrumb"},"inLanguage":"fr-FR","potentialAction":[{"@type":"ReadAction","target":["https:\/\/www.omrserrature.it\/fr\/produit\/serrure-a-gravitation-grand-crochet-a-dome\/"]}]},{"@type":"ImageObject","inLanguage":"fr-FR","@id":"https:\/\/www.omrserrature.it\/fr\/produit\/serrure-a-gravitation-grand-crochet-a-dome\/#primaryimage","url":"https:\/\/www.omrserrature.it\/wp-content\/uploads\/2021\/03\/GG-GAN.jpg","contentUrl":"https:\/\/www.omrserrature.it\/wp-content\/uploads\/2021\/03\/GG-GAN.jpg","width":4928,"height":3264,"caption":"M\u00e9canisme de fermeture pour bacs \u00e0 ordures - GG-GAN"},{"@type":"BreadcrumbList","@id":"https:\/\/www.omrserrature.it\/fr\/produit\/serrure-a-gravitation-grand-crochet-a-dome\/#breadcrumb","itemListElement":[{"@type":"ListItem","position":1,"name":"Home","item":"https:\/\/www.omrserrature.it\/fr\/omr-serrures-et-systemes-de-verrouillage\/"},{"@type":"ListItem","position":2,"name":"Catalogue","item":"https:\/\/www.omrserrature.it\/catalogue\/?lang=fr"},{"@type":"ListItem","position":3,"name":"Produits","item":"https:\/\/www.omrserrature.it\/fr\/catalogue\/produits\/"},{"@type":"ListItem","position":4,"name":"Accessoires et pi\u00e8ces d\u00e9tach\u00e9es","item":"https:\/\/www.omrserrature.it\/fr\/catalogue\/produits\/accessoires-et-pieces-detachees\/"},{"@type":"ListItem","position":5,"name":"Accessoires et pi\u00e8ces de rechange pour les serrures \u00e0 gravitationnelles","item":"https:\/\/www.omrserrature.it\/fr\/catalogue\/produits\/accessoires-et-pieces-detachees\/accessoires-et-pieces-de-rechange-pour-les-serrures-a-gravitationnelles\/"},{"@type":"ListItem","position":6,"name":"Serrure \u00e0 gravitation, grand crochet \u00e0 d\u00f4me"}]},{"@type":"WebSite","@id":"https:\/\/www.omrserrature.it\/fr\/#website","url":"https:\/\/www.omrserrature.it\/fr\/","name":"OMR Serrature | Produzione sistemi di chiusura","description":"Produzione serrature di sicurezza e sistemi di chiusura","publisher":{"@id":"https:\/\/www.omrserrature.it\/fr\/#organization"},"potentialAction":[{"@type":"SearchAction","target":{"@type":"EntryPoint","urlTemplate":"https:\/\/www.omrserrature.it\/fr\/?s={search_term_string}"},"query-input":{"@type":"PropertyValueSpecification","valueRequired":true,"valueName":"search_term_string"}}],"inLanguage":"fr-FR"},{"@type":"Organization","@id":"https:\/\/www.omrserrature.it\/fr\/#organization","name":"OMR Serrature | Produzione sistemi di chiusura","url":"https:\/\/www.omrserrature.it\/fr\/","logo":{"@type":"ImageObject","inLanguage":"fr-FR","@id":"https:\/\/www.omrserrature.it\/fr\/#\/schema\/logo\/image\/","url":"https:\/\/www.omrserrature.it\/wp-content\/uploads\/2017\/09\/favicon-omr-114.png","contentUrl":"https:\/\/www.omrserrature.it\/wp-content\/uploads\/2017\/09\/favicon-omr-114.png","width":114,"height":114,"caption":"OMR Serrature | Produzione sistemi di chiusura"},"image":{"@id":"https:\/\/www.omrserrature.it\/fr\/#\/schema\/logo\/image\/"},"sameAs":["https:\/\/www.facebook.com\/OMRserrature","https:\/\/www.linkedin.com\/company\/omrserrature\/","https:\/\/www.youtube.com\/channel\/UCxmA85z2R0EpG_6IRokiAkg"]}]}},"_links":{"self":[{"href":"https:\/\/www.omrserrature.it\/fr\/wp-json\/wp\/v2\/product\/241457","targetHints":{"allow":["GET"]}}],"collection":[{"href":"https:\/\/www.omrserrature.it\/fr\/wp-json\/wp\/v2\/product"}],"about":[{"href":"https:\/\/www.omrserrature.it\/fr\/wp-json\/wp\/v2\/types\/product"}],"replies":[{"embeddable":true,"href":"https:\/\/www.omrserrature.it\/fr\/wp-json\/wp\/v2\/comments?post=241457"}],"wp:featuredmedia":[{"embeddable":true,"href":"https:\/\/www.omrserrature.it\/fr\/wp-json\/wp\/v2\/media\/16941"}],"wp:attachment":[{"href":"https:\/\/www.omrserrature.it\/fr\/wp-json\/wp\/v2\/media?parent=241457"}],"wp:term":[{"taxonomy":"product_brand","embeddable":true,"href":"https:\/\/www.omrserrature.it\/fr\/wp-json\/wp\/v2\/product_brand?post=241457"},{"taxonomy":"product_cat","embeddable":true,"href":"https:\/\/www.omrserrature.it\/fr\/wp-json\/wp\/v2\/product_cat?post=241457"},{"taxonomy":"product_tag","embeddable":true,"href":"https:\/\/www.omrserrature.it\/fr\/wp-json\/wp\/v2\/product_tag?post=241457"}],"curies":[{"name":"wp","href":"https:\/\/api.w.org\/{rel}","templated":true}]}}