{"id":241434,"date":"2021-03-10T10:55:42","date_gmt":"2010-03-21T09:55:00","guid":{"rendered":"https:\/\/www.staging6.omrserrature.it\/prodotto\/presentoir-de-comptoir-pour-la-serrure-a-gravitationnelle\/"},"modified":"2026-04-08T11:33:12","modified_gmt":"2026-04-08T09:33:12","slug":"presentoir-de-comptoir-pour-la-serrure-a-gravitationnelle","status":"publish","type":"product","link":"https:\/\/www.omrserrature.it\/fr\/produit\/presentoir-de-comptoir-pour-la-serrure-a-gravitationnelle\/","title":{"rendered":"Pr\u00e9sentoir de comptoir pour la serrure \u00e0 gravitationnelle"},"content":{"rendered":"<p>Le<strong>pr\u00e9sentoir de comptoir<\/strong> qui vous permet d&rsquo;<strong>expliquer le fonctionnement d&rsquo;une serrure gravitationnelle d&rsquo;un simple geste<\/strong>, con\u00e7u \u00e0 l&rsquo;intention des commer\u00e7ants afin d&rsquo;offrir un outil pratique, simple et compact pour illustrer et promouvoir les serrures gravitationnelles pour les bacs \u00e0 d\u00e9chets.<\/p>\n<p>Gr\u00e2ce \u00e0 un design astucieux, le pr\u00e9sentoir reproduit une poubelle miniature, offrant une repr\u00e9sentation visuelle claire et imm\u00e9diate du fonctionnement des serrures \u00e0 gravitation. Ce format compact est id\u00e9al pour \u00eatre plac\u00e9 sur un comptoir ou une \u00e9tag\u00e8re, il prend peu de place et attire facilement l&rsquo;attention des clients. <\/p>\n<p>La serrure gravitationnelle mont\u00e9e sur la poubelle montre intuitivement son m\u00e9canisme de verrouillage et de d\u00e9verrouillage : en position verticale, le couvercle reste fermement ferm\u00e9 gr\u00e2ce \u00e0 l&rsquo;action de la serrure. Les clients peuvent directement d\u00e9couvrir comment la cl\u00e9 est n\u00e9cessaire pour ouvrir le bac \u00e0 d\u00e9chets lorsqu&rsquo;il est en position verticale. Ainsi, les d\u00e9taillants peuvent facilement montrer comment, une fois la mini-poubelle renvers\u00e9e, la serrure \u00e0 gravitation se d\u00e9verrouille automatiquement, ce qui permet d&rsquo;ouvrir la poubelle sans avoir besoin d&rsquo;une cl\u00e9. Ce simple geste de basculement met en \u00e9vidence le fonctionnement intelligent des serrures \u00e0 gravit\u00e9, tout en promouvant l&rsquo;importance de la collecte s\u00e9lective et la s\u00e9curit\u00e9 du contenu des bacs \u00e0 d\u00e9chets.   <\/p>\n","protected":false},"excerpt":{"rendered":"<p>Le<strong>pr\u00e9sentoir de comptoir<\/strong> qui vous permet d&rsquo;<strong>expliquer le fonctionnement d&rsquo;une serrure gravitationnelle d&rsquo;un simple geste<\/strong>, con\u00e7u \u00e0 l&rsquo;intention des commer\u00e7ants afin d&rsquo;offrir un outil pratique, simple et compact pour illustrer et promouvoir les serrures gravitationnelles pour les bacs \u00e0 d\u00e9chets.<\/p>\n","protected":false},"featured_media":17747,"comment_status":"open","ping_status":"closed","template":"","meta":{"_acf_changed":false,"_et_pb_use_builder":"","_et_pb_old_content":"","_et_gb_content_width":""},"product_brand":[],"product_cat":[3685],"product_tag":[],"class_list":{"0":"post-241434","1":"product","2":"type-product","3":"status-publish","4":"has-post-thumbnail","6":"product_cat-affiche","8":"first","9":"instock","10":"shipping-taxable","11":"product-type-simple"},"acf":{"pdf1":false},"yoast_head":"<!-- This site is optimized with the Yoast SEO plugin v27.2 - https:\/\/yoast.com\/product\/yoast-seo-wordpress\/ -->\n<title>Pr\u00e9sentoir de comptoir pour la serrure \u00e0 gravitationnelle - OMR Serrature<\/title>\n<meta name=\"robots\" content=\"index, follow, max-snippet:-1, max-image-preview:large, max-video-preview:-1\" \/>\n<link rel=\"canonical\" href=\"https:\/\/www.omrserrature.it\/fr\/produit\/presentoir-de-comptoir-pour-la-serrure-a-gravitationnelle\/\" \/>\n<meta property=\"og:locale\" content=\"fr_FR\" \/>\n<meta property=\"og:type\" content=\"article\" \/>\n<meta property=\"og:title\" content=\"Pr\u00e9sentoir de comptoir pour la serrure \u00e0 gravitationnelle - OMR Serrature\" \/>\n<meta property=\"og:description\" content=\"Lepr\u00e9sentoir de comptoir qui vous permet d&#039;expliquer le fonctionnement d&#039;une serrure gravitationnelle d&#039;un simple geste, con\u00e7u \u00e0 l&#039;intention des commer\u00e7ants afin d&#039;offrir un outil pratique, simple et compact pour illustrer et promouvoir les serrures gravitationnelles pour les bacs \u00e0 d\u00e9chets.\" \/>\n<meta property=\"og:url\" content=\"https:\/\/www.omrserrature.it\/fr\/produit\/presentoir-de-comptoir-pour-la-serrure-a-gravitationnelle\/\" \/>\n<meta property=\"og:site_name\" content=\"OMR Serrature | Produzione sistemi di chiusura\" \/>\n<meta property=\"article:publisher\" content=\"https:\/\/www.facebook.com\/OMRserrature\" \/>\n<meta property=\"article:modified_time\" content=\"2026-04-08T09:33:12+00:00\" \/>\n<meta property=\"og:image\" content=\"https:\/\/www.omrserrature.it\/wp-content\/uploads\/2021\/03\/Expo_ban_gr.jpg\" \/>\n\t<meta property=\"og:image:width\" content=\"1000\" \/>\n\t<meta property=\"og:image:height\" content=\"1000\" \/>\n\t<meta property=\"og:image:type\" content=\"image\/jpeg\" \/>\n<meta name=\"twitter:card\" content=\"summary_large_image\" \/>\n<meta name=\"twitter:label1\" content=\"Dur\u00e9e de lecture estim\u00e9e\" \/>\n\t<meta name=\"twitter:data1\" content=\"1 minute\" \/>\n<script type=\"application\/ld+json\" class=\"yoast-schema-graph\">{\"@context\":\"https:\/\/schema.org\",\"@graph\":[{\"@type\":\"WebPage\",\"@id\":\"https:\/\/www.omrserrature.it\/fr\/produit\/presentoir-de-comptoir-pour-la-serrure-a-gravitationnelle\/\",\"url\":\"https:\/\/www.omrserrature.it\/fr\/produit\/presentoir-de-comptoir-pour-la-serrure-a-gravitationnelle\/\",\"name\":\"Pr\u00e9sentoir de comptoir pour la serrure \u00e0 gravitationnelle - OMR Serrature\",\"isPartOf\":{\"@id\":\"https:\/\/www.omrserrature.it\/fr\/#website\"},\"primaryImageOfPage\":{\"@id\":\"https:\/\/www.omrserrature.it\/fr\/produit\/presentoir-de-comptoir-pour-la-serrure-a-gravitationnelle\/#primaryimage\"},\"image\":{\"@id\":\"https:\/\/www.omrserrature.it\/fr\/produit\/presentoir-de-comptoir-pour-la-serrure-a-gravitationnelle\/#primaryimage\"},\"thumbnailUrl\":\"https:\/\/www.omrserrature.it\/wp-content\/uploads\/2021\/03\/Expo_ban_gr.jpg\",\"datePublished\":\"2010-03-21T09:55:00+00:00\",\"dateModified\":\"2026-04-08T09:33:12+00:00\",\"breadcrumb\":{\"@id\":\"https:\/\/www.omrserrature.it\/fr\/produit\/presentoir-de-comptoir-pour-la-serrure-a-gravitationnelle\/#breadcrumb\"},\"inLanguage\":\"fr-FR\",\"potentialAction\":[{\"@type\":\"ReadAction\",\"target\":[\"https:\/\/www.omrserrature.it\/fr\/produit\/presentoir-de-comptoir-pour-la-serrure-a-gravitationnelle\/\"]}]},{\"@type\":\"ImageObject\",\"inLanguage\":\"fr-FR\",\"@id\":\"https:\/\/www.omrserrature.it\/fr\/produit\/presentoir-de-comptoir-pour-la-serrure-a-gravitationnelle\/#primaryimage\",\"url\":\"https:\/\/www.omrserrature.it\/wp-content\/uploads\/2021\/03\/Expo_ban_gr.jpg\",\"contentUrl\":\"https:\/\/www.omrserrature.it\/wp-content\/uploads\/2021\/03\/Expo_ban_gr.jpg\",\"width\":1000,\"height\":1000},{\"@type\":\"BreadcrumbList\",\"@id\":\"https:\/\/www.omrserrature.it\/fr\/produit\/presentoir-de-comptoir-pour-la-serrure-a-gravitationnelle\/#breadcrumb\",\"itemListElement\":[{\"@type\":\"ListItem\",\"position\":1,\"name\":\"Home\",\"item\":\"https:\/\/www.omrserrature.it\/fr\/omr-serrures-et-systemes-de-verrouillage\/\"},{\"@type\":\"ListItem\",\"position\":2,\"name\":\"Catalogue\",\"item\":\"https:\/\/www.omrserrature.it\/catalogue\/?lang=fr\"},{\"@type\":\"ListItem\",\"position\":3,\"name\":\"Produits\",\"item\":\"https:\/\/www.omrserrature.it\/fr\/catalogue\/produits\/\"},{\"@type\":\"ListItem\",\"position\":4,\"name\":\"Serrures\",\"item\":\"https:\/\/www.omrserrature.it\/fr\/catalogue\/produits\/serrures\/\"},{\"@type\":\"ListItem\",\"position\":5,\"name\":\"Serrures pour bacs \u00e0 ordures\",\"item\":\"https:\/\/www.omrserrature.it\/fr\/catalogue\/produits\/serrures\/serrures-pour-bacs-a-ordures\/\"},{\"@type\":\"ListItem\",\"position\":6,\"name\":\"Pr\u00e9sentoir de comptoir pour la serrure \u00e0 gravitationnelle\"}]},{\"@type\":\"WebSite\",\"@id\":\"https:\/\/www.omrserrature.it\/fr\/#website\",\"url\":\"https:\/\/www.omrserrature.it\/fr\/\",\"name\":\"OMR Serrature | Produzione sistemi di chiusura\",\"description\":\"Produzione serrature di sicurezza e sistemi di chiusura\",\"publisher\":{\"@id\":\"https:\/\/www.omrserrature.it\/fr\/#organization\"},\"potentialAction\":[{\"@type\":\"SearchAction\",\"target\":{\"@type\":\"EntryPoint\",\"urlTemplate\":\"https:\/\/www.omrserrature.it\/fr\/?s={search_term_string}\"},\"query-input\":{\"@type\":\"PropertyValueSpecification\",\"valueRequired\":true,\"valueName\":\"search_term_string\"}}],\"inLanguage\":\"fr-FR\"},{\"@type\":\"Organization\",\"@id\":\"https:\/\/www.omrserrature.it\/fr\/#organization\",\"name\":\"OMR Serrature | Produzione sistemi di chiusura\",\"url\":\"https:\/\/www.omrserrature.it\/fr\/\",\"logo\":{\"@type\":\"ImageObject\",\"inLanguage\":\"fr-FR\",\"@id\":\"https:\/\/www.omrserrature.it\/fr\/#\/schema\/logo\/image\/\",\"url\":\"https:\/\/www.omrserrature.it\/wp-content\/uploads\/2017\/09\/favicon-omr-114.png\",\"contentUrl\":\"https:\/\/www.omrserrature.it\/wp-content\/uploads\/2017\/09\/favicon-omr-114.png\",\"width\":114,\"height\":114,\"caption\":\"OMR Serrature | Produzione sistemi di chiusura\"},\"image\":{\"@id\":\"https:\/\/www.omrserrature.it\/fr\/#\/schema\/logo\/image\/\"},\"sameAs\":[\"https:\/\/www.facebook.com\/OMRserrature\",\"https:\/\/www.linkedin.com\/company\/omrserrature\/\",\"https:\/\/www.youtube.com\/channel\/UCxmA85z2R0EpG_6IRokiAkg\"]}]}<\/script>\n<!-- \/ Yoast SEO plugin. -->","yoast_head_json":{"title":"Pr\u00e9sentoir de comptoir pour la serrure \u00e0 gravitationnelle - OMR Serrature","robots":{"index":"index","follow":"follow","max-snippet":"max-snippet:-1","max-image-preview":"max-image-preview:large","max-video-preview":"max-video-preview:-1"},"canonical":"https:\/\/www.omrserrature.it\/fr\/produit\/presentoir-de-comptoir-pour-la-serrure-a-gravitationnelle\/","og_locale":"fr_FR","og_type":"article","og_title":"Pr\u00e9sentoir de comptoir pour la serrure \u00e0 gravitationnelle - OMR Serrature","og_description":"Lepr\u00e9sentoir de comptoir qui vous permet d'expliquer le fonctionnement d'une serrure gravitationnelle d'un simple geste, con\u00e7u \u00e0 l'intention des commer\u00e7ants afin d'offrir un outil pratique, simple et compact pour illustrer et promouvoir les serrures gravitationnelles pour les bacs \u00e0 d\u00e9chets.","og_url":"https:\/\/www.omrserrature.it\/fr\/produit\/presentoir-de-comptoir-pour-la-serrure-a-gravitationnelle\/","og_site_name":"OMR Serrature | Produzione sistemi di chiusura","article_publisher":"https:\/\/www.facebook.com\/OMRserrature","article_modified_time":"2026-04-08T09:33:12+00:00","og_image":[{"width":1000,"height":1000,"url":"https:\/\/www.omrserrature.it\/wp-content\/uploads\/2021\/03\/Expo_ban_gr.jpg","type":"image\/jpeg"}],"twitter_card":"summary_large_image","twitter_misc":{"Dur\u00e9e de lecture estim\u00e9e":"1 minute"},"schema":{"@context":"https:\/\/schema.org","@graph":[{"@type":"WebPage","@id":"https:\/\/www.omrserrature.it\/fr\/produit\/presentoir-de-comptoir-pour-la-serrure-a-gravitationnelle\/","url":"https:\/\/www.omrserrature.it\/fr\/produit\/presentoir-de-comptoir-pour-la-serrure-a-gravitationnelle\/","name":"Pr\u00e9sentoir de comptoir pour la serrure \u00e0 gravitationnelle - OMR Serrature","isPartOf":{"@id":"https:\/\/www.omrserrature.it\/fr\/#website"},"primaryImageOfPage":{"@id":"https:\/\/www.omrserrature.it\/fr\/produit\/presentoir-de-comptoir-pour-la-serrure-a-gravitationnelle\/#primaryimage"},"image":{"@id":"https:\/\/www.omrserrature.it\/fr\/produit\/presentoir-de-comptoir-pour-la-serrure-a-gravitationnelle\/#primaryimage"},"thumbnailUrl":"https:\/\/www.omrserrature.it\/wp-content\/uploads\/2021\/03\/Expo_ban_gr.jpg","datePublished":"2010-03-21T09:55:00+00:00","dateModified":"2026-04-08T09:33:12+00:00","breadcrumb":{"@id":"https:\/\/www.omrserrature.it\/fr\/produit\/presentoir-de-comptoir-pour-la-serrure-a-gravitationnelle\/#breadcrumb"},"inLanguage":"fr-FR","potentialAction":[{"@type":"ReadAction","target":["https:\/\/www.omrserrature.it\/fr\/produit\/presentoir-de-comptoir-pour-la-serrure-a-gravitationnelle\/"]}]},{"@type":"ImageObject","inLanguage":"fr-FR","@id":"https:\/\/www.omrserrature.it\/fr\/produit\/presentoir-de-comptoir-pour-la-serrure-a-gravitationnelle\/#primaryimage","url":"https:\/\/www.omrserrature.it\/wp-content\/uploads\/2021\/03\/Expo_ban_gr.jpg","contentUrl":"https:\/\/www.omrserrature.it\/wp-content\/uploads\/2021\/03\/Expo_ban_gr.jpg","width":1000,"height":1000},{"@type":"BreadcrumbList","@id":"https:\/\/www.omrserrature.it\/fr\/produit\/presentoir-de-comptoir-pour-la-serrure-a-gravitationnelle\/#breadcrumb","itemListElement":[{"@type":"ListItem","position":1,"name":"Home","item":"https:\/\/www.omrserrature.it\/fr\/omr-serrures-et-systemes-de-verrouillage\/"},{"@type":"ListItem","position":2,"name":"Catalogue","item":"https:\/\/www.omrserrature.it\/catalogue\/?lang=fr"},{"@type":"ListItem","position":3,"name":"Produits","item":"https:\/\/www.omrserrature.it\/fr\/catalogue\/produits\/"},{"@type":"ListItem","position":4,"name":"Serrures","item":"https:\/\/www.omrserrature.it\/fr\/catalogue\/produits\/serrures\/"},{"@type":"ListItem","position":5,"name":"Serrures pour bacs \u00e0 ordures","item":"https:\/\/www.omrserrature.it\/fr\/catalogue\/produits\/serrures\/serrures-pour-bacs-a-ordures\/"},{"@type":"ListItem","position":6,"name":"Pr\u00e9sentoir de comptoir pour la serrure \u00e0 gravitationnelle"}]},{"@type":"WebSite","@id":"https:\/\/www.omrserrature.it\/fr\/#website","url":"https:\/\/www.omrserrature.it\/fr\/","name":"OMR Serrature | Produzione sistemi di chiusura","description":"Produzione serrature di sicurezza e sistemi di chiusura","publisher":{"@id":"https:\/\/www.omrserrature.it\/fr\/#organization"},"potentialAction":[{"@type":"SearchAction","target":{"@type":"EntryPoint","urlTemplate":"https:\/\/www.omrserrature.it\/fr\/?s={search_term_string}"},"query-input":{"@type":"PropertyValueSpecification","valueRequired":true,"valueName":"search_term_string"}}],"inLanguage":"fr-FR"},{"@type":"Organization","@id":"https:\/\/www.omrserrature.it\/fr\/#organization","name":"OMR Serrature | Produzione sistemi di chiusura","url":"https:\/\/www.omrserrature.it\/fr\/","logo":{"@type":"ImageObject","inLanguage":"fr-FR","@id":"https:\/\/www.omrserrature.it\/fr\/#\/schema\/logo\/image\/","url":"https:\/\/www.omrserrature.it\/wp-content\/uploads\/2017\/09\/favicon-omr-114.png","contentUrl":"https:\/\/www.omrserrature.it\/wp-content\/uploads\/2017\/09\/favicon-omr-114.png","width":114,"height":114,"caption":"OMR Serrature | Produzione sistemi di chiusura"},"image":{"@id":"https:\/\/www.omrserrature.it\/fr\/#\/schema\/logo\/image\/"},"sameAs":["https:\/\/www.facebook.com\/OMRserrature","https:\/\/www.linkedin.com\/company\/omrserrature\/","https:\/\/www.youtube.com\/channel\/UCxmA85z2R0EpG_6IRokiAkg"]}]}},"_links":{"self":[{"href":"https:\/\/www.omrserrature.it\/fr\/wp-json\/wp\/v2\/product\/241434","targetHints":{"allow":["GET"]}}],"collection":[{"href":"https:\/\/www.omrserrature.it\/fr\/wp-json\/wp\/v2\/product"}],"about":[{"href":"https:\/\/www.omrserrature.it\/fr\/wp-json\/wp\/v2\/types\/product"}],"replies":[{"embeddable":true,"href":"https:\/\/www.omrserrature.it\/fr\/wp-json\/wp\/v2\/comments?post=241434"}],"wp:featuredmedia":[{"embeddable":true,"href":"https:\/\/www.omrserrature.it\/fr\/wp-json\/wp\/v2\/media\/17747"}],"wp:attachment":[{"href":"https:\/\/www.omrserrature.it\/fr\/wp-json\/wp\/v2\/media?parent=241434"}],"wp:term":[{"taxonomy":"product_brand","embeddable":true,"href":"https:\/\/www.omrserrature.it\/fr\/wp-json\/wp\/v2\/product_brand?post=241434"},{"taxonomy":"product_cat","embeddable":true,"href":"https:\/\/www.omrserrature.it\/fr\/wp-json\/wp\/v2\/product_cat?post=241434"},{"taxonomy":"product_tag","embeddable":true,"href":"https:\/\/www.omrserrature.it\/fr\/wp-json\/wp\/v2\/product_tag?post=241434"}],"curies":[{"name":"wp","href":"https:\/\/api.w.org\/{rel}","templated":true}]}}