{"id":241423,"date":"2018-01-08T16:54:58","date_gmt":"2008-01-18T15:54:00","guid":{"rendered":"https:\/\/www.staging6.omrserrature.it\/prodotto\/entretoises-pour-serrures-de-la-serie-otto\/"},"modified":"2026-04-08T12:00:08","modified_gmt":"2026-04-08T10:00:08","slug":"entretoises-pour-serrures-de-la-serie-otto","status":"publish","type":"product","link":"https:\/\/www.omrserrature.it\/fr\/produit\/entretoises-pour-serrures-de-la-serie-otto\/","title":{"rendered":"Entretoises pour serrures de la s\u00e9rie OTTO"},"content":{"rendered":"<p>Pour garantir une installation pr\u00e9cise et fiable, la <strong>s\u00e9rie Otto propose des entretoises sp\u00e9cialement con\u00e7ues<\/strong> pour le positionnement correct de la serrure en fonction de l&rsquo;\u00e9paisseur de la porte. <strong>Deux tailles d&rsquo;entretoises sont<\/strong> disponibles <strong>: 2 mm et 5 mm.<\/strong>  Ce choix permet de s&rsquo;adapter \u00e0 diff\u00e9rentes \u00e9paisseurs de portes, offrant ainsi flexibilit\u00e9 et pr\u00e9cision dans le processus d&rsquo;installation. Les entretoises sont fabriqu\u00e9es en <strong>m\u00e9tal moul\u00e9 sous pression avec une finition galvanis\u00e9e<\/strong>, ce qui garantit une longue dur\u00e9e de vie et une r\u00e9sistance optimale \u00e0 l&rsquo;usure et \u00e0 la corrosion. Ces composants assurent un<strong> positionnement pr\u00e9cis de la serrure sur la porte<\/strong>, \u00e9liminant tout risque de probl\u00e8me de collage ou de fermeture impr\u00e9cise.  <\/p>\n<p>Avec la <strong>S\u00e9rie Otto, ses <\/strong>accessoires et ses <strong>entretoises<\/strong>, assurer la s\u00e9curit\u00e9 et l&rsquo;int\u00e9grit\u00e9 des portes devient un processus simple et tr\u00e8s efficace : une solution compl\u00e8te et professionnelle pour les besoins de s\u00e9curit\u00e9 de n&rsquo;importe quel environnement.<\/p>\n","protected":false},"excerpt":{"rendered":"<p>Pour garantir une installation pr\u00e9cise et fiable, la <strong>s\u00e9rie Otto propose des entretoises sp\u00e9cialement con\u00e7ues<\/strong> pour le positionnement correct de la serrure en fonction de l&rsquo;\u00e9paisseur de la porte. <strong>Deux tailles d&rsquo;entretoises sont<\/strong> disponibles <strong>: 2 mm et 5 mm.<\/strong> <\/p>\n","protected":false},"featured_media":8029,"comment_status":"open","ping_status":"closed","template":"","meta":{"_acf_changed":false,"_et_pb_use_builder":"","_et_pb_old_content":"","_et_gb_content_width":""},"product_brand":[],"product_cat":[3674],"product_tag":[],"class_list":{"0":"post-241423","1":"product","2":"type-product","3":"status-publish","4":"has-post-thumbnail","6":"product_cat-entretoises-et-adaptateurs","8":"first","9":"instock","10":"shipping-taxable","11":"purchasable","12":"product-type-variable"},"acf":{"pdf1":"https:\/\/www.omrserrature.it\/wp-content\/uploads\/2018\/01\/Kit-montaggio-serrature-OMR-Serie-Otto.pdf"},"yoast_head":"<!-- This site is optimized with the Yoast SEO plugin v27.2 - https:\/\/yoast.com\/product\/yoast-seo-wordpress\/ -->\n<title>Entretoises pour serrures de la s\u00e9rie OTTO - OMR Serrature<\/title>\n<meta name=\"robots\" content=\"index, follow, max-snippet:-1, max-image-preview:large, max-video-preview:-1\" \/>\n<link rel=\"canonical\" href=\"https:\/\/www.omrserrature.it\/fr\/produit\/entretoises-pour-serrures-de-la-serie-otto\/\" \/>\n<meta property=\"og:locale\" content=\"fr_FR\" \/>\n<meta property=\"og:type\" content=\"article\" \/>\n<meta property=\"og:title\" content=\"Entretoises pour serrures de la s\u00e9rie OTTO - OMR Serrature\" \/>\n<meta property=\"og:description\" content=\"Pour garantir une installation pr\u00e9cise et fiable, la s\u00e9rie Otto propose des entretoises sp\u00e9cialement con\u00e7ues pour le positionnement correct de la serrure en fonction de l&#039;\u00e9paisseur de la porte. Deux tailles d&#039;entretoises sont disponibles : 2 mm et 5 mm.\" \/>\n<meta property=\"og:url\" content=\"https:\/\/www.omrserrature.it\/fr\/produit\/entretoises-pour-serrures-de-la-serie-otto\/\" \/>\n<meta property=\"og:site_name\" content=\"OMR Serrature | Produzione sistemi di chiusura\" \/>\n<meta property=\"article:publisher\" content=\"https:\/\/www.facebook.com\/OMRserrature\" \/>\n<meta property=\"article:modified_time\" content=\"2026-04-08T10:00:08+00:00\" \/>\n<meta property=\"og:image\" content=\"https:\/\/www.omrserrature.it\/wp-content\/uploads\/2018\/01\/SDS04995.jpg\" \/>\n\t<meta property=\"og:image:width\" content=\"333\" \/>\n\t<meta property=\"og:image:height\" content=\"331\" \/>\n\t<meta property=\"og:image:type\" content=\"image\/jpeg\" \/>\n<meta name=\"twitter:card\" content=\"summary_large_image\" \/>\n<meta name=\"twitter:label1\" content=\"Dur\u00e9e de lecture estim\u00e9e\" \/>\n\t<meta name=\"twitter:data1\" content=\"1 minute\" \/>\n<script type=\"application\/ld+json\" class=\"yoast-schema-graph\">{\"@context\":\"https:\/\/schema.org\",\"@graph\":[{\"@type\":\"WebPage\",\"@id\":\"https:\/\/www.omrserrature.it\/fr\/produit\/entretoises-pour-serrures-de-la-serie-otto\/\",\"url\":\"https:\/\/www.omrserrature.it\/fr\/produit\/entretoises-pour-serrures-de-la-serie-otto\/\",\"name\":\"Entretoises pour serrures de la s\u00e9rie OTTO - OMR Serrature\",\"isPartOf\":{\"@id\":\"https:\/\/www.omrserrature.it\/fr\/#website\"},\"primaryImageOfPage\":{\"@id\":\"https:\/\/www.omrserrature.it\/fr\/produit\/entretoises-pour-serrures-de-la-serie-otto\/#primaryimage\"},\"image\":{\"@id\":\"https:\/\/www.omrserrature.it\/fr\/produit\/entretoises-pour-serrures-de-la-serie-otto\/#primaryimage\"},\"thumbnailUrl\":\"https:\/\/www.omrserrature.it\/wp-content\/uploads\/2018\/01\/SDS04995.jpg\",\"datePublished\":\"2008-01-18T15:54:00+00:00\",\"dateModified\":\"2026-04-08T10:00:08+00:00\",\"breadcrumb\":{\"@id\":\"https:\/\/www.omrserrature.it\/fr\/produit\/entretoises-pour-serrures-de-la-serie-otto\/#breadcrumb\"},\"inLanguage\":\"fr-FR\",\"potentialAction\":[{\"@type\":\"ReadAction\",\"target\":[\"https:\/\/www.omrserrature.it\/fr\/produit\/entretoises-pour-serrures-de-la-serie-otto\/\"]}]},{\"@type\":\"ImageObject\",\"inLanguage\":\"fr-FR\",\"@id\":\"https:\/\/www.omrserrature.it\/fr\/produit\/entretoises-pour-serrures-de-la-serie-otto\/#primaryimage\",\"url\":\"https:\/\/www.omrserrature.it\/wp-content\/uploads\/2018\/01\/SDS04995.jpg\",\"contentUrl\":\"https:\/\/www.omrserrature.it\/wp-content\/uploads\/2018\/01\/SDS04995.jpg\",\"width\":333,\"height\":331,\"caption\":\"Entretoises pour serrures de la s\u00e9rie OTTO\"},{\"@type\":\"BreadcrumbList\",\"@id\":\"https:\/\/www.omrserrature.it\/fr\/produit\/entretoises-pour-serrures-de-la-serie-otto\/#breadcrumb\",\"itemListElement\":[{\"@type\":\"ListItem\",\"position\":1,\"name\":\"Home\",\"item\":\"https:\/\/www.omrserrature.it\/fr\/omr-serrures-et-systemes-de-verrouillage\/\"},{\"@type\":\"ListItem\",\"position\":2,\"name\":\"Catalogue\",\"item\":\"https:\/\/www.omrserrature.it\/catalogue\/?lang=fr\"},{\"@type\":\"ListItem\",\"position\":3,\"name\":\"Produits\",\"item\":\"https:\/\/www.omrserrature.it\/fr\/catalogue\/produits\/\"},{\"@type\":\"ListItem\",\"position\":4,\"name\":\"Accessoires et pi\u00e8ces d\u00e9tach\u00e9es\",\"item\":\"https:\/\/www.omrserrature.it\/fr\/catalogue\/produits\/accessoires-et-pieces-detachees\/\"},{\"@type\":\"ListItem\",\"position\":5,\"name\":\"Entretoises et adaptateurs\",\"item\":\"https:\/\/www.omrserrature.it\/fr\/catalogue\/produits\/accessoires-et-pieces-detachees\/entretoises-et-adaptateurs\/\"},{\"@type\":\"ListItem\",\"position\":6,\"name\":\"Entretoises pour serrures de la s\u00e9rie OTTO\"}]},{\"@type\":\"WebSite\",\"@id\":\"https:\/\/www.omrserrature.it\/fr\/#website\",\"url\":\"https:\/\/www.omrserrature.it\/fr\/\",\"name\":\"OMR Serrature | Produzione sistemi di chiusura\",\"description\":\"Produzione serrature di sicurezza e sistemi di chiusura\",\"publisher\":{\"@id\":\"https:\/\/www.omrserrature.it\/fr\/#organization\"},\"potentialAction\":[{\"@type\":\"SearchAction\",\"target\":{\"@type\":\"EntryPoint\",\"urlTemplate\":\"https:\/\/www.omrserrature.it\/fr\/?s={search_term_string}\"},\"query-input\":{\"@type\":\"PropertyValueSpecification\",\"valueRequired\":true,\"valueName\":\"search_term_string\"}}],\"inLanguage\":\"fr-FR\"},{\"@type\":\"Organization\",\"@id\":\"https:\/\/www.omrserrature.it\/fr\/#organization\",\"name\":\"OMR Serrature | Produzione sistemi di chiusura\",\"url\":\"https:\/\/www.omrserrature.it\/fr\/\",\"logo\":{\"@type\":\"ImageObject\",\"inLanguage\":\"fr-FR\",\"@id\":\"https:\/\/www.omrserrature.it\/fr\/#\/schema\/logo\/image\/\",\"url\":\"https:\/\/www.omrserrature.it\/wp-content\/uploads\/2017\/09\/favicon-omr-114.png\",\"contentUrl\":\"https:\/\/www.omrserrature.it\/wp-content\/uploads\/2017\/09\/favicon-omr-114.png\",\"width\":114,\"height\":114,\"caption\":\"OMR Serrature | Produzione sistemi di chiusura\"},\"image\":{\"@id\":\"https:\/\/www.omrserrature.it\/fr\/#\/schema\/logo\/image\/\"},\"sameAs\":[\"https:\/\/www.facebook.com\/OMRserrature\",\"https:\/\/www.linkedin.com\/company\/omrserrature\/\",\"https:\/\/www.youtube.com\/channel\/UCxmA85z2R0EpG_6IRokiAkg\"]}]}<\/script>\n<!-- \/ Yoast SEO plugin. -->","yoast_head_json":{"title":"Entretoises pour serrures de la s\u00e9rie OTTO - OMR Serrature","robots":{"index":"index","follow":"follow","max-snippet":"max-snippet:-1","max-image-preview":"max-image-preview:large","max-video-preview":"max-video-preview:-1"},"canonical":"https:\/\/www.omrserrature.it\/fr\/produit\/entretoises-pour-serrures-de-la-serie-otto\/","og_locale":"fr_FR","og_type":"article","og_title":"Entretoises pour serrures de la s\u00e9rie OTTO - OMR Serrature","og_description":"Pour garantir une installation pr\u00e9cise et fiable, la s\u00e9rie Otto propose des entretoises sp\u00e9cialement con\u00e7ues pour le positionnement correct de la serrure en fonction de l'\u00e9paisseur de la porte. Deux tailles d'entretoises sont disponibles : 2 mm et 5 mm.","og_url":"https:\/\/www.omrserrature.it\/fr\/produit\/entretoises-pour-serrures-de-la-serie-otto\/","og_site_name":"OMR Serrature | Produzione sistemi di chiusura","article_publisher":"https:\/\/www.facebook.com\/OMRserrature","article_modified_time":"2026-04-08T10:00:08+00:00","og_image":[{"width":333,"height":331,"url":"https:\/\/www.omrserrature.it\/wp-content\/uploads\/2018\/01\/SDS04995.jpg","type":"image\/jpeg"}],"twitter_card":"summary_large_image","twitter_misc":{"Dur\u00e9e de lecture estim\u00e9e":"1 minute"},"schema":{"@context":"https:\/\/schema.org","@graph":[{"@type":"WebPage","@id":"https:\/\/www.omrserrature.it\/fr\/produit\/entretoises-pour-serrures-de-la-serie-otto\/","url":"https:\/\/www.omrserrature.it\/fr\/produit\/entretoises-pour-serrures-de-la-serie-otto\/","name":"Entretoises pour serrures de la s\u00e9rie OTTO - OMR Serrature","isPartOf":{"@id":"https:\/\/www.omrserrature.it\/fr\/#website"},"primaryImageOfPage":{"@id":"https:\/\/www.omrserrature.it\/fr\/produit\/entretoises-pour-serrures-de-la-serie-otto\/#primaryimage"},"image":{"@id":"https:\/\/www.omrserrature.it\/fr\/produit\/entretoises-pour-serrures-de-la-serie-otto\/#primaryimage"},"thumbnailUrl":"https:\/\/www.omrserrature.it\/wp-content\/uploads\/2018\/01\/SDS04995.jpg","datePublished":"2008-01-18T15:54:00+00:00","dateModified":"2026-04-08T10:00:08+00:00","breadcrumb":{"@id":"https:\/\/www.omrserrature.it\/fr\/produit\/entretoises-pour-serrures-de-la-serie-otto\/#breadcrumb"},"inLanguage":"fr-FR","potentialAction":[{"@type":"ReadAction","target":["https:\/\/www.omrserrature.it\/fr\/produit\/entretoises-pour-serrures-de-la-serie-otto\/"]}]},{"@type":"ImageObject","inLanguage":"fr-FR","@id":"https:\/\/www.omrserrature.it\/fr\/produit\/entretoises-pour-serrures-de-la-serie-otto\/#primaryimage","url":"https:\/\/www.omrserrature.it\/wp-content\/uploads\/2018\/01\/SDS04995.jpg","contentUrl":"https:\/\/www.omrserrature.it\/wp-content\/uploads\/2018\/01\/SDS04995.jpg","width":333,"height":331,"caption":"Entretoises pour serrures de la s\u00e9rie OTTO"},{"@type":"BreadcrumbList","@id":"https:\/\/www.omrserrature.it\/fr\/produit\/entretoises-pour-serrures-de-la-serie-otto\/#breadcrumb","itemListElement":[{"@type":"ListItem","position":1,"name":"Home","item":"https:\/\/www.omrserrature.it\/fr\/omr-serrures-et-systemes-de-verrouillage\/"},{"@type":"ListItem","position":2,"name":"Catalogue","item":"https:\/\/www.omrserrature.it\/catalogue\/?lang=fr"},{"@type":"ListItem","position":3,"name":"Produits","item":"https:\/\/www.omrserrature.it\/fr\/catalogue\/produits\/"},{"@type":"ListItem","position":4,"name":"Accessoires et pi\u00e8ces d\u00e9tach\u00e9es","item":"https:\/\/www.omrserrature.it\/fr\/catalogue\/produits\/accessoires-et-pieces-detachees\/"},{"@type":"ListItem","position":5,"name":"Entretoises et adaptateurs","item":"https:\/\/www.omrserrature.it\/fr\/catalogue\/produits\/accessoires-et-pieces-detachees\/entretoises-et-adaptateurs\/"},{"@type":"ListItem","position":6,"name":"Entretoises pour serrures de la s\u00e9rie OTTO"}]},{"@type":"WebSite","@id":"https:\/\/www.omrserrature.it\/fr\/#website","url":"https:\/\/www.omrserrature.it\/fr\/","name":"OMR Serrature | Produzione sistemi di chiusura","description":"Produzione serrature di sicurezza e sistemi di chiusura","publisher":{"@id":"https:\/\/www.omrserrature.it\/fr\/#organization"},"potentialAction":[{"@type":"SearchAction","target":{"@type":"EntryPoint","urlTemplate":"https:\/\/www.omrserrature.it\/fr\/?s={search_term_string}"},"query-input":{"@type":"PropertyValueSpecification","valueRequired":true,"valueName":"search_term_string"}}],"inLanguage":"fr-FR"},{"@type":"Organization","@id":"https:\/\/www.omrserrature.it\/fr\/#organization","name":"OMR Serrature | Produzione sistemi di chiusura","url":"https:\/\/www.omrserrature.it\/fr\/","logo":{"@type":"ImageObject","inLanguage":"fr-FR","@id":"https:\/\/www.omrserrature.it\/fr\/#\/schema\/logo\/image\/","url":"https:\/\/www.omrserrature.it\/wp-content\/uploads\/2017\/09\/favicon-omr-114.png","contentUrl":"https:\/\/www.omrserrature.it\/wp-content\/uploads\/2017\/09\/favicon-omr-114.png","width":114,"height":114,"caption":"OMR Serrature | Produzione sistemi di chiusura"},"image":{"@id":"https:\/\/www.omrserrature.it\/fr\/#\/schema\/logo\/image\/"},"sameAs":["https:\/\/www.facebook.com\/OMRserrature","https:\/\/www.linkedin.com\/company\/omrserrature\/","https:\/\/www.youtube.com\/channel\/UCxmA85z2R0EpG_6IRokiAkg"]}]}},"_links":{"self":[{"href":"https:\/\/www.omrserrature.it\/fr\/wp-json\/wp\/v2\/product\/241423","targetHints":{"allow":["GET"]}}],"collection":[{"href":"https:\/\/www.omrserrature.it\/fr\/wp-json\/wp\/v2\/product"}],"about":[{"href":"https:\/\/www.omrserrature.it\/fr\/wp-json\/wp\/v2\/types\/product"}],"replies":[{"embeddable":true,"href":"https:\/\/www.omrserrature.it\/fr\/wp-json\/wp\/v2\/comments?post=241423"}],"wp:featuredmedia":[{"embeddable":true,"href":"https:\/\/www.omrserrature.it\/fr\/wp-json\/wp\/v2\/media\/8029"}],"wp:attachment":[{"href":"https:\/\/www.omrserrature.it\/fr\/wp-json\/wp\/v2\/media?parent=241423"}],"wp:term":[{"taxonomy":"product_brand","embeddable":true,"href":"https:\/\/www.omrserrature.it\/fr\/wp-json\/wp\/v2\/product_brand?post=241423"},{"taxonomy":"product_cat","embeddable":true,"href":"https:\/\/www.omrserrature.it\/fr\/wp-json\/wp\/v2\/product_cat?post=241423"},{"taxonomy":"product_tag","embeddable":true,"href":"https:\/\/www.omrserrature.it\/fr\/wp-json\/wp\/v2\/product_tag?post=241423"}],"curies":[{"name":"wp","href":"https:\/\/api.w.org\/{rel}","templated":true}]}}