{"id":241415,"date":"2018-07-13T17:40:27","date_gmt":"2013-07-18T15:40:00","guid":{"rendered":"https:\/\/www.staging6.omrserrature.it\/prodotto\/entretoise-pour-serrure-de-porte-tiroir-2\/"},"modified":"2026-04-08T11:53:10","modified_gmt":"2026-04-08T09:53:10","slug":"entretoise-pour-serrure-de-porte-tiroir-2","status":"publish","type":"product","link":"https:\/\/www.omrserrature.it\/fr\/produit\/entretoise-pour-serrure-de-porte-tiroir-2\/","title":{"rendered":"Entretoise de 11 mm pour serrure de porte &#8211; tiroir"},"content":{"rendered":"<p><strong>L&rsquo;entretoise SDIS04786<\/strong> est un accessoire utile pour une installation pr\u00e9cise des serrures de portes ou de tiroirs OMR. Cette entretoise, d&rsquo;une<strong> \u00e9paisseur de 11,5 mm<\/strong>, est con\u00e7ue pour s&rsquo;adapter \u00e0 des installations sur des portes ou des tiroirs d&rsquo;\u00e9paisseur r\u00e9duite.  L&rsquo;installation de cette entretoise est extr\u00eamement simple et intuitive. Il suffit de la placer entre la porte ou le tiroir et la surface de montage pour obtenir un \u00e9cart de r\u00e9glage id\u00e9al. <\/p>\n","protected":false},"excerpt":{"rendered":"<p><strong>L&rsquo;entretoise SDIS04786<\/strong> est un accessoire utile pour une installation pr\u00e9cise des serrures de portes ou de tiroirs OMR. Cette entretoise, d&rsquo;une<strong> \u00e9paisseur de 11,5 mm<\/strong>, est con\u00e7ue pour s&rsquo;adapter \u00e0 des installations sur des portes ou des tiroirs d&rsquo;\u00e9paisseur r\u00e9duite. <\/p>\n","protected":false},"featured_media":9003,"comment_status":"open","ping_status":"closed","template":"","meta":{"_acf_changed":false,"_et_pb_use_builder":"","_et_pb_old_content":"","_et_gb_content_width":""},"product_brand":[],"product_cat":[3674,3636],"product_tag":[],"class_list":{"0":"post-241415","1":"product","2":"type-product","3":"status-publish","4":"has-post-thumbnail","6":"product_cat-entretoises-et-adaptateurs","7":"product_cat-produits","9":"first","10":"instock","11":"shipping-taxable","12":"product-type-simple"},"acf":{"pdf1":false},"yoast_head":"<!-- This site is optimized with the Yoast SEO plugin v27.2 - https:\/\/yoast.com\/product\/yoast-seo-wordpress\/ -->\n<title>Entretoise de 11 mm pour serrure de porte - tiroir - OMR Serrature<\/title>\n<meta name=\"robots\" content=\"index, follow, max-snippet:-1, max-image-preview:large, max-video-preview:-1\" \/>\n<link rel=\"canonical\" href=\"https:\/\/www.omrserrature.it\/fr\/produit\/entretoise-pour-serrure-de-porte-tiroir-2\/\" \/>\n<meta property=\"og:locale\" content=\"fr_FR\" \/>\n<meta property=\"og:type\" content=\"article\" \/>\n<meta property=\"og:title\" content=\"Entretoise de 11 mm pour serrure de porte - tiroir - OMR Serrature\" \/>\n<meta property=\"og:description\" content=\"L&#039;entretoise SDIS04786 est un accessoire utile pour une installation pr\u00e9cise des serrures de portes ou de tiroirs OMR. Cette entretoise, d&#039;une \u00e9paisseur de 11,5 mm, est con\u00e7ue pour s&#039;adapter \u00e0 des installations sur des portes ou des tiroirs d&#039;\u00e9paisseur r\u00e9duite.\" \/>\n<meta property=\"og:url\" content=\"https:\/\/www.omrserrature.it\/fr\/produit\/entretoise-pour-serrure-de-porte-tiroir-2\/\" \/>\n<meta property=\"og:site_name\" content=\"OMR Serrature | Produzione sistemi di chiusura\" \/>\n<meta property=\"article:publisher\" content=\"https:\/\/www.facebook.com\/OMRserrature\" \/>\n<meta property=\"article:modified_time\" content=\"2026-04-08T09:53:10+00:00\" \/>\n<meta property=\"og:image\" content=\"https:\/\/www.omrserrature.it\/wp-content\/uploads\/2018\/07\/SDIS04786.jpg\" \/>\n\t<meta property=\"og:image:width\" content=\"314\" \/>\n\t<meta property=\"og:image:height\" content=\"320\" \/>\n\t<meta property=\"og:image:type\" content=\"image\/jpeg\" \/>\n<meta name=\"twitter:card\" content=\"summary_large_image\" \/>\n<script type=\"application\/ld+json\" class=\"yoast-schema-graph\">{\"@context\":\"https:\/\/schema.org\",\"@graph\":[{\"@type\":\"WebPage\",\"@id\":\"https:\/\/www.omrserrature.it\/fr\/produit\/entretoise-pour-serrure-de-porte-tiroir-2\/\",\"url\":\"https:\/\/www.omrserrature.it\/fr\/produit\/entretoise-pour-serrure-de-porte-tiroir-2\/\",\"name\":\"Entretoise de 11 mm pour serrure de porte - tiroir - OMR Serrature\",\"isPartOf\":{\"@id\":\"https:\/\/www.omrserrature.it\/fr\/#website\"},\"primaryImageOfPage\":{\"@id\":\"https:\/\/www.omrserrature.it\/fr\/produit\/entretoise-pour-serrure-de-porte-tiroir-2\/#primaryimage\"},\"image\":{\"@id\":\"https:\/\/www.omrserrature.it\/fr\/produit\/entretoise-pour-serrure-de-porte-tiroir-2\/#primaryimage\"},\"thumbnailUrl\":\"https:\/\/www.omrserrature.it\/wp-content\/uploads\/2018\/07\/SDIS04786.jpg\",\"datePublished\":\"2013-07-18T15:40:00+00:00\",\"dateModified\":\"2026-04-08T09:53:10+00:00\",\"breadcrumb\":{\"@id\":\"https:\/\/www.omrserrature.it\/fr\/produit\/entretoise-pour-serrure-de-porte-tiroir-2\/#breadcrumb\"},\"inLanguage\":\"fr-FR\",\"potentialAction\":[{\"@type\":\"ReadAction\",\"target\":[\"https:\/\/www.omrserrature.it\/fr\/produit\/entretoise-pour-serrure-de-porte-tiroir-2\/\"]}]},{\"@type\":\"ImageObject\",\"inLanguage\":\"fr-FR\",\"@id\":\"https:\/\/www.omrserrature.it\/fr\/produit\/entretoise-pour-serrure-de-porte-tiroir-2\/#primaryimage\",\"url\":\"https:\/\/www.omrserrature.it\/wp-content\/uploads\/2018\/07\/SDIS04786.jpg\",\"contentUrl\":\"https:\/\/www.omrserrature.it\/wp-content\/uploads\/2018\/07\/SDIS04786.jpg\",\"width\":314,\"height\":320,\"caption\":\"Entretoise pour serrure de porte - tiroir -SDIS04786\"},{\"@type\":\"BreadcrumbList\",\"@id\":\"https:\/\/www.omrserrature.it\/fr\/produit\/entretoise-pour-serrure-de-porte-tiroir-2\/#breadcrumb\",\"itemListElement\":[{\"@type\":\"ListItem\",\"position\":1,\"name\":\"Home\",\"item\":\"https:\/\/www.omrserrature.it\/fr\/omr-serrures-et-systemes-de-verrouillage\/\"},{\"@type\":\"ListItem\",\"position\":2,\"name\":\"Catalogue\",\"item\":\"https:\/\/www.omrserrature.it\/catalogue\/?lang=fr\"},{\"@type\":\"ListItem\",\"position\":3,\"name\":\"Produits\",\"item\":\"https:\/\/www.omrserrature.it\/fr\/catalogue\/produits\/\"},{\"@type\":\"ListItem\",\"position\":4,\"name\":\"Entretoise de 11 mm pour serrure de porte &#8211; tiroir\"}]},{\"@type\":\"WebSite\",\"@id\":\"https:\/\/www.omrserrature.it\/fr\/#website\",\"url\":\"https:\/\/www.omrserrature.it\/fr\/\",\"name\":\"OMR Serrature | Produzione sistemi di chiusura\",\"description\":\"Produzione serrature di sicurezza e sistemi di chiusura\",\"publisher\":{\"@id\":\"https:\/\/www.omrserrature.it\/fr\/#organization\"},\"potentialAction\":[{\"@type\":\"SearchAction\",\"target\":{\"@type\":\"EntryPoint\",\"urlTemplate\":\"https:\/\/www.omrserrature.it\/fr\/?s={search_term_string}\"},\"query-input\":{\"@type\":\"PropertyValueSpecification\",\"valueRequired\":true,\"valueName\":\"search_term_string\"}}],\"inLanguage\":\"fr-FR\"},{\"@type\":\"Organization\",\"@id\":\"https:\/\/www.omrserrature.it\/fr\/#organization\",\"name\":\"OMR Serrature | Produzione sistemi di chiusura\",\"url\":\"https:\/\/www.omrserrature.it\/fr\/\",\"logo\":{\"@type\":\"ImageObject\",\"inLanguage\":\"fr-FR\",\"@id\":\"https:\/\/www.omrserrature.it\/fr\/#\/schema\/logo\/image\/\",\"url\":\"https:\/\/www.omrserrature.it\/wp-content\/uploads\/2017\/09\/favicon-omr-114.png\",\"contentUrl\":\"https:\/\/www.omrserrature.it\/wp-content\/uploads\/2017\/09\/favicon-omr-114.png\",\"width\":114,\"height\":114,\"caption\":\"OMR Serrature | Produzione sistemi di chiusura\"},\"image\":{\"@id\":\"https:\/\/www.omrserrature.it\/fr\/#\/schema\/logo\/image\/\"},\"sameAs\":[\"https:\/\/www.facebook.com\/OMRserrature\",\"https:\/\/www.linkedin.com\/company\/omrserrature\/\",\"https:\/\/www.youtube.com\/channel\/UCxmA85z2R0EpG_6IRokiAkg\"]}]}<\/script>\n<!-- \/ Yoast SEO plugin. -->","yoast_head_json":{"title":"Entretoise de 11 mm pour serrure de porte - tiroir - OMR Serrature","robots":{"index":"index","follow":"follow","max-snippet":"max-snippet:-1","max-image-preview":"max-image-preview:large","max-video-preview":"max-video-preview:-1"},"canonical":"https:\/\/www.omrserrature.it\/fr\/produit\/entretoise-pour-serrure-de-porte-tiroir-2\/","og_locale":"fr_FR","og_type":"article","og_title":"Entretoise de 11 mm pour serrure de porte - tiroir - OMR Serrature","og_description":"L'entretoise SDIS04786 est un accessoire utile pour une installation pr\u00e9cise des serrures de portes ou de tiroirs OMR. Cette entretoise, d'une \u00e9paisseur de 11,5 mm, est con\u00e7ue pour s'adapter \u00e0 des installations sur des portes ou des tiroirs d'\u00e9paisseur r\u00e9duite.","og_url":"https:\/\/www.omrserrature.it\/fr\/produit\/entretoise-pour-serrure-de-porte-tiroir-2\/","og_site_name":"OMR Serrature | Produzione sistemi di chiusura","article_publisher":"https:\/\/www.facebook.com\/OMRserrature","article_modified_time":"2026-04-08T09:53:10+00:00","og_image":[{"width":314,"height":320,"url":"https:\/\/www.omrserrature.it\/wp-content\/uploads\/2018\/07\/SDIS04786.jpg","type":"image\/jpeg"}],"twitter_card":"summary_large_image","schema":{"@context":"https:\/\/schema.org","@graph":[{"@type":"WebPage","@id":"https:\/\/www.omrserrature.it\/fr\/produit\/entretoise-pour-serrure-de-porte-tiroir-2\/","url":"https:\/\/www.omrserrature.it\/fr\/produit\/entretoise-pour-serrure-de-porte-tiroir-2\/","name":"Entretoise de 11 mm pour serrure de porte - tiroir - OMR Serrature","isPartOf":{"@id":"https:\/\/www.omrserrature.it\/fr\/#website"},"primaryImageOfPage":{"@id":"https:\/\/www.omrserrature.it\/fr\/produit\/entretoise-pour-serrure-de-porte-tiroir-2\/#primaryimage"},"image":{"@id":"https:\/\/www.omrserrature.it\/fr\/produit\/entretoise-pour-serrure-de-porte-tiroir-2\/#primaryimage"},"thumbnailUrl":"https:\/\/www.omrserrature.it\/wp-content\/uploads\/2018\/07\/SDIS04786.jpg","datePublished":"2013-07-18T15:40:00+00:00","dateModified":"2026-04-08T09:53:10+00:00","breadcrumb":{"@id":"https:\/\/www.omrserrature.it\/fr\/produit\/entretoise-pour-serrure-de-porte-tiroir-2\/#breadcrumb"},"inLanguage":"fr-FR","potentialAction":[{"@type":"ReadAction","target":["https:\/\/www.omrserrature.it\/fr\/produit\/entretoise-pour-serrure-de-porte-tiroir-2\/"]}]},{"@type":"ImageObject","inLanguage":"fr-FR","@id":"https:\/\/www.omrserrature.it\/fr\/produit\/entretoise-pour-serrure-de-porte-tiroir-2\/#primaryimage","url":"https:\/\/www.omrserrature.it\/wp-content\/uploads\/2018\/07\/SDIS04786.jpg","contentUrl":"https:\/\/www.omrserrature.it\/wp-content\/uploads\/2018\/07\/SDIS04786.jpg","width":314,"height":320,"caption":"Entretoise pour serrure de porte - tiroir -SDIS04786"},{"@type":"BreadcrumbList","@id":"https:\/\/www.omrserrature.it\/fr\/produit\/entretoise-pour-serrure-de-porte-tiroir-2\/#breadcrumb","itemListElement":[{"@type":"ListItem","position":1,"name":"Home","item":"https:\/\/www.omrserrature.it\/fr\/omr-serrures-et-systemes-de-verrouillage\/"},{"@type":"ListItem","position":2,"name":"Catalogue","item":"https:\/\/www.omrserrature.it\/catalogue\/?lang=fr"},{"@type":"ListItem","position":3,"name":"Produits","item":"https:\/\/www.omrserrature.it\/fr\/catalogue\/produits\/"},{"@type":"ListItem","position":4,"name":"Entretoise de 11 mm pour serrure de porte &#8211; tiroir"}]},{"@type":"WebSite","@id":"https:\/\/www.omrserrature.it\/fr\/#website","url":"https:\/\/www.omrserrature.it\/fr\/","name":"OMR Serrature | Produzione sistemi di chiusura","description":"Produzione serrature di sicurezza e sistemi di chiusura","publisher":{"@id":"https:\/\/www.omrserrature.it\/fr\/#organization"},"potentialAction":[{"@type":"SearchAction","target":{"@type":"EntryPoint","urlTemplate":"https:\/\/www.omrserrature.it\/fr\/?s={search_term_string}"},"query-input":{"@type":"PropertyValueSpecification","valueRequired":true,"valueName":"search_term_string"}}],"inLanguage":"fr-FR"},{"@type":"Organization","@id":"https:\/\/www.omrserrature.it\/fr\/#organization","name":"OMR Serrature | Produzione sistemi di chiusura","url":"https:\/\/www.omrserrature.it\/fr\/","logo":{"@type":"ImageObject","inLanguage":"fr-FR","@id":"https:\/\/www.omrserrature.it\/fr\/#\/schema\/logo\/image\/","url":"https:\/\/www.omrserrature.it\/wp-content\/uploads\/2017\/09\/favicon-omr-114.png","contentUrl":"https:\/\/www.omrserrature.it\/wp-content\/uploads\/2017\/09\/favicon-omr-114.png","width":114,"height":114,"caption":"OMR Serrature | Produzione sistemi di chiusura"},"image":{"@id":"https:\/\/www.omrserrature.it\/fr\/#\/schema\/logo\/image\/"},"sameAs":["https:\/\/www.facebook.com\/OMRserrature","https:\/\/www.linkedin.com\/company\/omrserrature\/","https:\/\/www.youtube.com\/channel\/UCxmA85z2R0EpG_6IRokiAkg"]}]}},"_links":{"self":[{"href":"https:\/\/www.omrserrature.it\/fr\/wp-json\/wp\/v2\/product\/241415","targetHints":{"allow":["GET"]}}],"collection":[{"href":"https:\/\/www.omrserrature.it\/fr\/wp-json\/wp\/v2\/product"}],"about":[{"href":"https:\/\/www.omrserrature.it\/fr\/wp-json\/wp\/v2\/types\/product"}],"replies":[{"embeddable":true,"href":"https:\/\/www.omrserrature.it\/fr\/wp-json\/wp\/v2\/comments?post=241415"}],"wp:featuredmedia":[{"embeddable":true,"href":"https:\/\/www.omrserrature.it\/fr\/wp-json\/wp\/v2\/media\/9003"}],"wp:attachment":[{"href":"https:\/\/www.omrserrature.it\/fr\/wp-json\/wp\/v2\/media?parent=241415"}],"wp:term":[{"taxonomy":"product_brand","embeddable":true,"href":"https:\/\/www.omrserrature.it\/fr\/wp-json\/wp\/v2\/product_brand?post=241415"},{"taxonomy":"product_cat","embeddable":true,"href":"https:\/\/www.omrserrature.it\/fr\/wp-json\/wp\/v2\/product_cat?post=241415"},{"taxonomy":"product_tag","embeddable":true,"href":"https:\/\/www.omrserrature.it\/fr\/wp-json\/wp\/v2\/product_tag?post=241415"}],"curies":[{"name":"wp","href":"https:\/\/api.w.org\/{rel}","templated":true}]}}