{"id":241140,"date":"2021-05-18T15:07:51","date_gmt":"2021-05-18T13:07:51","guid":{"rendered":"https:\/\/www.staging6.omrserrature.it\/prodotto\/cylindres-a-profil-europeen-condor-key-key\/"},"modified":"2025-06-04T08:57:30","modified_gmt":"2025-06-04T06:57:30","slug":"cylindres-a-profil-europeen-condor-key-key","status":"publish","type":"product","link":"https:\/\/www.omrserrature.it\/fr\/produit\/cylindres-a-profil-europeen-condor-key-key\/","title":{"rendered":"Cylindres \u00e0 profil europ\u00e9en CONDOR Key-Key"},"content":{"rendered":"<p><strong>Cylindre modulaire<\/strong> \u00e0 profil europ\u00e9en \u00ab\u00a0CONDOR\u00a0\u00bb avec <strong>duplication prot\u00e9g\u00e9e par<\/strong> <strong>cl\u00e9 informatis\u00e9e<\/strong>. Le m\u00e9canisme de haute s\u00e9curit\u00e9 comporte 5 goupilles principales actives (dont la premi\u00e8re goupille en acier tremp\u00e9) + 5 contre-goupilles fa\u00e7onn\u00e9es anti-poin\u00e7onnement (dont la premi\u00e8re goupille en acier tremp\u00e9) + 5 pistons actifs (serpent) avec <strong>anti-bumping et anti-faux<\/strong> acc\u00e8s + 2 goupilles passives \u00e0 5 positions.<\/p>\n<p>La fonction d&rsquo;urgence (friction) permet d&rsquo;ouvrir le cylindre m\u00eame si les cl\u00e9s sont ins\u00e9r\u00e9es du c\u00f4t\u00e9 oppos\u00e9. Sur demande, il est possible de supprimer cette fonction ou d&rsquo;ins\u00e9rer une rotation libre pour les boutons \u00e9lectroniques motoris\u00e9s. <\/p>\n<p>La cl\u00e9 est en argent neuf (Alpacca) et est brevet\u00e9e afin de garantir une <strong>duplication uniquement \u00e0 l&rsquo;aide de la carte sp\u00e9ciale.<\/strong> Les plus de 7,5 millions de combinaisons, la <strong>plaque anti-\u00e9jection<\/strong> \u00ab\u00a0Puma Steel\u00ae\u00a0\u00bb (acier sp\u00e9cial au carbone) dont la forme suit le profil de la cl\u00e9, le <strong>corps avec une pr\u00e9d\u00e9coupe d&rsquo;<\/strong> affaiblissement pour une rupture pr\u00e9coce, les <strong>goupilles<\/strong> anti-pincement avant et arri\u00e8re et la barre de connexion \u00e0 <strong>double pincement<\/strong> avec <strong>goupilles anti-pincement<\/strong> garantissent un tr\u00e8s haut degr\u00e9 de s\u00e9curit\u00e9.<\/p>\n<p>La<strong> came est fabriqu\u00e9e en acier inoxydable<\/strong> pour plus de solidit\u00e9 et de durabilit\u00e9.<\/p>\n","protected":false},"excerpt":{"rendered":"<p><strong>Cylindre modulaire<\/strong> \u00e0 profil europ\u00e9en \u00ab\u00a0CONDOR\u00a0\u00bb avec <strong>duplication prot\u00e9g\u00e9e par<\/strong> <strong>cl\u00e9 informatis\u00e9e<\/strong>.<br \/>\nIls garantissent un tr\u00e8s haut degr\u00e9 de s\u00e9curit\u00e9 : plus de 7,5 millions de combinaisons, <strong>plaque anti-panneau<\/strong> en \u00ab\u00a0Puma Steel\u00ae\u00a0\u00bb (acier sp\u00e9cial au carbone), <strong>corps avec pr\u00e9d\u00e9coupage<\/strong> d&rsquo;affaiblissement pour rupture pr\u00e9coce, <strong>goupilles<\/strong> anti-fracture \u00e0 l&rsquo;avant et \u00e0 l&rsquo;arri\u00e8re et barre de Tringles avec <strong>goupilles anti-fracture<\/strong>. <\/p>\n","protected":false},"featured_media":28019,"comment_status":"open","ping_status":"closed","template":"","meta":{"_acf_changed":false,"_et_pb_use_builder":"","_et_pb_old_content":"","_et_gb_content_width":""},"product_brand":[],"product_cat":[3660],"product_tag":[],"class_list":{"0":"post-241140","1":"product","2":"type-product","3":"status-publish","4":"has-post-thumbnail","6":"product_cat-cylindres-a-profil-europeen","8":"first","9":"instock","10":"shipping-taxable","11":"product-type-simple"},"acf":{"pdf1":"https:\/\/www.omrserrature.it\/wp-content\/uploads\/2018\/05\/CONDOR.pdf"},"yoast_head":"<!-- This site is optimized with the Yoast SEO plugin v27.2 - https:\/\/yoast.com\/product\/yoast-seo-wordpress\/ -->\n<title>Cylindres \u00e0 profil europ\u00e9en CONDOR Key-Key - OMR Serrature<\/title>\n<meta name=\"robots\" content=\"index, follow, max-snippet:-1, max-image-preview:large, max-video-preview:-1\" \/>\n<link rel=\"canonical\" href=\"https:\/\/www.omrserrature.it\/fr\/produit\/cylindres-a-profil-europeen-condor-key-key\/\" \/>\n<meta property=\"og:locale\" content=\"fr_FR\" \/>\n<meta property=\"og:type\" content=\"article\" \/>\n<meta property=\"og:title\" content=\"Cylindres \u00e0 profil europ\u00e9en CONDOR Key-Key - OMR Serrature\" \/>\n<meta property=\"og:description\" content=\"Cylindre modulaire \u00e0 profil europ\u00e9en &quot;CONDOR&quot; avec duplication prot\u00e9g\u00e9e par cl\u00e9 informatis\u00e9e. Ils garantissent un tr\u00e8s haut degr\u00e9 de s\u00e9curit\u00e9 : plus de 7,5 millions de combinaisons, plaque anti-panneau en &quot;Puma Steel\u00ae&quot; (acier sp\u00e9cial au carbone), corps avec pr\u00e9d\u00e9coupage d&#039;affaiblissement pour rupture pr\u00e9coce, goupilles anti-fracture \u00e0 l&#039;avant et \u00e0 l&#039;arri\u00e8re et barre de Tringles avec goupilles anti-fracture.\" \/>\n<meta property=\"og:url\" content=\"https:\/\/www.omrserrature.it\/fr\/produit\/cylindres-a-profil-europeen-condor-key-key\/\" \/>\n<meta property=\"og:site_name\" content=\"OMR Serrature | Produzione sistemi di chiusura\" \/>\n<meta property=\"article:publisher\" content=\"https:\/\/www.facebook.com\/OMRserrature\" \/>\n<meta property=\"article:modified_time\" content=\"2025-06-04T06:57:30+00:00\" \/>\n<meta property=\"og:image\" content=\"https:\/\/www.omrserrature.it\/wp-content\/uploads\/2018\/05\/cilindro-profilo-europeoCONDOR-chiave-chiave_1.jpg\" \/>\n\t<meta property=\"og:image:width\" content=\"1000\" \/>\n\t<meta property=\"og:image:height\" content=\"1000\" \/>\n\t<meta property=\"og:image:type\" content=\"image\/jpeg\" \/>\n<meta name=\"twitter:card\" content=\"summary_large_image\" \/>\n<meta name=\"twitter:label1\" content=\"Dur\u00e9e de lecture estim\u00e9e\" \/>\n\t<meta name=\"twitter:data1\" content=\"1 minute\" \/>\n<script type=\"application\/ld+json\" class=\"yoast-schema-graph\">{\"@context\":\"https:\/\/schema.org\",\"@graph\":[{\"@type\":\"WebPage\",\"@id\":\"https:\/\/www.omrserrature.it\/fr\/produit\/cylindres-a-profil-europeen-condor-key-key\/\",\"url\":\"https:\/\/www.omrserrature.it\/fr\/produit\/cylindres-a-profil-europeen-condor-key-key\/\",\"name\":\"Cylindres \u00e0 profil europ\u00e9en CONDOR Key-Key - OMR Serrature\",\"isPartOf\":{\"@id\":\"https:\/\/www.omrserrature.it\/fr\/#website\"},\"primaryImageOfPage\":{\"@id\":\"https:\/\/www.omrserrature.it\/fr\/produit\/cylindres-a-profil-europeen-condor-key-key\/#primaryimage\"},\"image\":{\"@id\":\"https:\/\/www.omrserrature.it\/fr\/produit\/cylindres-a-profil-europeen-condor-key-key\/#primaryimage\"},\"thumbnailUrl\":\"https:\/\/www.omrserrature.it\/wp-content\/uploads\/2018\/05\/cilindro-profilo-europeoCONDOR-chiave-chiave_1.jpg\",\"datePublished\":\"2021-05-18T13:07:51+00:00\",\"dateModified\":\"2025-06-04T06:57:30+00:00\",\"breadcrumb\":{\"@id\":\"https:\/\/www.omrserrature.it\/fr\/produit\/cylindres-a-profil-europeen-condor-key-key\/#breadcrumb\"},\"inLanguage\":\"fr-FR\",\"potentialAction\":[{\"@type\":\"ReadAction\",\"target\":[\"https:\/\/www.omrserrature.it\/fr\/produit\/cylindres-a-profil-europeen-condor-key-key\/\"]}]},{\"@type\":\"ImageObject\",\"inLanguage\":\"fr-FR\",\"@id\":\"https:\/\/www.omrserrature.it\/fr\/produit\/cylindres-a-profil-europeen-condor-key-key\/#primaryimage\",\"url\":\"https:\/\/www.omrserrature.it\/wp-content\/uploads\/2018\/05\/cilindro-profilo-europeoCONDOR-chiave-chiave_1.jpg\",\"contentUrl\":\"https:\/\/www.omrserrature.it\/wp-content\/uploads\/2018\/05\/cilindro-profilo-europeoCONDOR-chiave-chiave_1.jpg\",\"width\":1000,\"height\":1000,\"caption\":\"Cilindro europeo ad alta sicurezza CONDOR (chiave-chiave)\"},{\"@type\":\"BreadcrumbList\",\"@id\":\"https:\/\/www.omrserrature.it\/fr\/produit\/cylindres-a-profil-europeen-condor-key-key\/#breadcrumb\",\"itemListElement\":[{\"@type\":\"ListItem\",\"position\":1,\"name\":\"Home\",\"item\":\"https:\/\/www.omrserrature.it\/fr\/omr-serrures-et-systemes-de-verrouillage\/\"},{\"@type\":\"ListItem\",\"position\":2,\"name\":\"Catalogue\",\"item\":\"https:\/\/www.omrserrature.it\/catalogue\/?lang=fr\"},{\"@type\":\"ListItem\",\"position\":3,\"name\":\"Produits\",\"item\":\"https:\/\/www.omrserrature.it\/fr\/catalogue\/produits\/\"},{\"@type\":\"ListItem\",\"position\":4,\"name\":\"Cylindres \u00e0 profil europ\u00e9en\",\"item\":\"https:\/\/www.omrserrature.it\/fr\/catalogue\/produits\/cylindres-a-profil-europeen\/\"},{\"@type\":\"ListItem\",\"position\":5,\"name\":\"Cylindres \u00e0 profil europ\u00e9en CONDOR Key-Key\"}]},{\"@type\":\"WebSite\",\"@id\":\"https:\/\/www.omrserrature.it\/fr\/#website\",\"url\":\"https:\/\/www.omrserrature.it\/fr\/\",\"name\":\"OMR Serrature | Produzione sistemi di chiusura\",\"description\":\"Produzione serrature di sicurezza e sistemi di chiusura\",\"publisher\":{\"@id\":\"https:\/\/www.omrserrature.it\/fr\/#organization\"},\"potentialAction\":[{\"@type\":\"SearchAction\",\"target\":{\"@type\":\"EntryPoint\",\"urlTemplate\":\"https:\/\/www.omrserrature.it\/fr\/?s={search_term_string}\"},\"query-input\":{\"@type\":\"PropertyValueSpecification\",\"valueRequired\":true,\"valueName\":\"search_term_string\"}}],\"inLanguage\":\"fr-FR\"},{\"@type\":\"Organization\",\"@id\":\"https:\/\/www.omrserrature.it\/fr\/#organization\",\"name\":\"OMR Serrature | Produzione sistemi di chiusura\",\"url\":\"https:\/\/www.omrserrature.it\/fr\/\",\"logo\":{\"@type\":\"ImageObject\",\"inLanguage\":\"fr-FR\",\"@id\":\"https:\/\/www.omrserrature.it\/fr\/#\/schema\/logo\/image\/\",\"url\":\"https:\/\/www.omrserrature.it\/wp-content\/uploads\/2017\/09\/favicon-omr-114.png\",\"contentUrl\":\"https:\/\/www.omrserrature.it\/wp-content\/uploads\/2017\/09\/favicon-omr-114.png\",\"width\":114,\"height\":114,\"caption\":\"OMR Serrature | Produzione sistemi di chiusura\"},\"image\":{\"@id\":\"https:\/\/www.omrserrature.it\/fr\/#\/schema\/logo\/image\/\"},\"sameAs\":[\"https:\/\/www.facebook.com\/OMRserrature\",\"https:\/\/www.linkedin.com\/company\/omrserrature\/\",\"https:\/\/www.youtube.com\/channel\/UCxmA85z2R0EpG_6IRokiAkg\"]}]}<\/script>\n<!-- \/ Yoast SEO plugin. -->","yoast_head_json":{"title":"Cylindres \u00e0 profil europ\u00e9en CONDOR Key-Key - OMR Serrature","robots":{"index":"index","follow":"follow","max-snippet":"max-snippet:-1","max-image-preview":"max-image-preview:large","max-video-preview":"max-video-preview:-1"},"canonical":"https:\/\/www.omrserrature.it\/fr\/produit\/cylindres-a-profil-europeen-condor-key-key\/","og_locale":"fr_FR","og_type":"article","og_title":"Cylindres \u00e0 profil europ\u00e9en CONDOR Key-Key - OMR Serrature","og_description":"Cylindre modulaire \u00e0 profil europ\u00e9en \"CONDOR\" avec duplication prot\u00e9g\u00e9e par cl\u00e9 informatis\u00e9e. Ils garantissent un tr\u00e8s haut degr\u00e9 de s\u00e9curit\u00e9 : plus de 7,5 millions de combinaisons, plaque anti-panneau en \"Puma Steel\u00ae\" (acier sp\u00e9cial au carbone), corps avec pr\u00e9d\u00e9coupage d'affaiblissement pour rupture pr\u00e9coce, goupilles anti-fracture \u00e0 l'avant et \u00e0 l'arri\u00e8re et barre de Tringles avec goupilles anti-fracture.","og_url":"https:\/\/www.omrserrature.it\/fr\/produit\/cylindres-a-profil-europeen-condor-key-key\/","og_site_name":"OMR Serrature | Produzione sistemi di chiusura","article_publisher":"https:\/\/www.facebook.com\/OMRserrature","article_modified_time":"2025-06-04T06:57:30+00:00","og_image":[{"width":1000,"height":1000,"url":"https:\/\/www.omrserrature.it\/wp-content\/uploads\/2018\/05\/cilindro-profilo-europeoCONDOR-chiave-chiave_1.jpg","type":"image\/jpeg"}],"twitter_card":"summary_large_image","twitter_misc":{"Dur\u00e9e de lecture estim\u00e9e":"1 minute"},"schema":{"@context":"https:\/\/schema.org","@graph":[{"@type":"WebPage","@id":"https:\/\/www.omrserrature.it\/fr\/produit\/cylindres-a-profil-europeen-condor-key-key\/","url":"https:\/\/www.omrserrature.it\/fr\/produit\/cylindres-a-profil-europeen-condor-key-key\/","name":"Cylindres \u00e0 profil europ\u00e9en CONDOR Key-Key - OMR Serrature","isPartOf":{"@id":"https:\/\/www.omrserrature.it\/fr\/#website"},"primaryImageOfPage":{"@id":"https:\/\/www.omrserrature.it\/fr\/produit\/cylindres-a-profil-europeen-condor-key-key\/#primaryimage"},"image":{"@id":"https:\/\/www.omrserrature.it\/fr\/produit\/cylindres-a-profil-europeen-condor-key-key\/#primaryimage"},"thumbnailUrl":"https:\/\/www.omrserrature.it\/wp-content\/uploads\/2018\/05\/cilindro-profilo-europeoCONDOR-chiave-chiave_1.jpg","datePublished":"2021-05-18T13:07:51+00:00","dateModified":"2025-06-04T06:57:30+00:00","breadcrumb":{"@id":"https:\/\/www.omrserrature.it\/fr\/produit\/cylindres-a-profil-europeen-condor-key-key\/#breadcrumb"},"inLanguage":"fr-FR","potentialAction":[{"@type":"ReadAction","target":["https:\/\/www.omrserrature.it\/fr\/produit\/cylindres-a-profil-europeen-condor-key-key\/"]}]},{"@type":"ImageObject","inLanguage":"fr-FR","@id":"https:\/\/www.omrserrature.it\/fr\/produit\/cylindres-a-profil-europeen-condor-key-key\/#primaryimage","url":"https:\/\/www.omrserrature.it\/wp-content\/uploads\/2018\/05\/cilindro-profilo-europeoCONDOR-chiave-chiave_1.jpg","contentUrl":"https:\/\/www.omrserrature.it\/wp-content\/uploads\/2018\/05\/cilindro-profilo-europeoCONDOR-chiave-chiave_1.jpg","width":1000,"height":1000,"caption":"Cilindro europeo ad alta sicurezza CONDOR (chiave-chiave)"},{"@type":"BreadcrumbList","@id":"https:\/\/www.omrserrature.it\/fr\/produit\/cylindres-a-profil-europeen-condor-key-key\/#breadcrumb","itemListElement":[{"@type":"ListItem","position":1,"name":"Home","item":"https:\/\/www.omrserrature.it\/fr\/omr-serrures-et-systemes-de-verrouillage\/"},{"@type":"ListItem","position":2,"name":"Catalogue","item":"https:\/\/www.omrserrature.it\/catalogue\/?lang=fr"},{"@type":"ListItem","position":3,"name":"Produits","item":"https:\/\/www.omrserrature.it\/fr\/catalogue\/produits\/"},{"@type":"ListItem","position":4,"name":"Cylindres \u00e0 profil europ\u00e9en","item":"https:\/\/www.omrserrature.it\/fr\/catalogue\/produits\/cylindres-a-profil-europeen\/"},{"@type":"ListItem","position":5,"name":"Cylindres \u00e0 profil europ\u00e9en CONDOR Key-Key"}]},{"@type":"WebSite","@id":"https:\/\/www.omrserrature.it\/fr\/#website","url":"https:\/\/www.omrserrature.it\/fr\/","name":"OMR Serrature | Produzione sistemi di chiusura","description":"Produzione serrature di sicurezza e sistemi di chiusura","publisher":{"@id":"https:\/\/www.omrserrature.it\/fr\/#organization"},"potentialAction":[{"@type":"SearchAction","target":{"@type":"EntryPoint","urlTemplate":"https:\/\/www.omrserrature.it\/fr\/?s={search_term_string}"},"query-input":{"@type":"PropertyValueSpecification","valueRequired":true,"valueName":"search_term_string"}}],"inLanguage":"fr-FR"},{"@type":"Organization","@id":"https:\/\/www.omrserrature.it\/fr\/#organization","name":"OMR Serrature | Produzione sistemi di chiusura","url":"https:\/\/www.omrserrature.it\/fr\/","logo":{"@type":"ImageObject","inLanguage":"fr-FR","@id":"https:\/\/www.omrserrature.it\/fr\/#\/schema\/logo\/image\/","url":"https:\/\/www.omrserrature.it\/wp-content\/uploads\/2017\/09\/favicon-omr-114.png","contentUrl":"https:\/\/www.omrserrature.it\/wp-content\/uploads\/2017\/09\/favicon-omr-114.png","width":114,"height":114,"caption":"OMR Serrature | Produzione sistemi di chiusura"},"image":{"@id":"https:\/\/www.omrserrature.it\/fr\/#\/schema\/logo\/image\/"},"sameAs":["https:\/\/www.facebook.com\/OMRserrature","https:\/\/www.linkedin.com\/company\/omrserrature\/","https:\/\/www.youtube.com\/channel\/UCxmA85z2R0EpG_6IRokiAkg"]}]}},"_links":{"self":[{"href":"https:\/\/www.omrserrature.it\/fr\/wp-json\/wp\/v2\/product\/241140","targetHints":{"allow":["GET"]}}],"collection":[{"href":"https:\/\/www.omrserrature.it\/fr\/wp-json\/wp\/v2\/product"}],"about":[{"href":"https:\/\/www.omrserrature.it\/fr\/wp-json\/wp\/v2\/types\/product"}],"replies":[{"embeddable":true,"href":"https:\/\/www.omrserrature.it\/fr\/wp-json\/wp\/v2\/comments?post=241140"}],"wp:featuredmedia":[{"embeddable":true,"href":"https:\/\/www.omrserrature.it\/fr\/wp-json\/wp\/v2\/media\/28019"}],"wp:attachment":[{"href":"https:\/\/www.omrserrature.it\/fr\/wp-json\/wp\/v2\/media?parent=241140"}],"wp:term":[{"taxonomy":"product_brand","embeddable":true,"href":"https:\/\/www.omrserrature.it\/fr\/wp-json\/wp\/v2\/product_brand?post=241140"},{"taxonomy":"product_cat","embeddable":true,"href":"https:\/\/www.omrserrature.it\/fr\/wp-json\/wp\/v2\/product_cat?post=241140"},{"taxonomy":"product_tag","embeddable":true,"href":"https:\/\/www.omrserrature.it\/fr\/wp-json\/wp\/v2\/product_tag?post=241140"}],"curies":[{"name":"wp","href":"https:\/\/api.w.org\/{rel}","templated":true}]}}