{"id":241114,"date":"2017-12-11T11:19:09","date_gmt":"2011-12-17T10:19:00","guid":{"rendered":"https:\/\/www.staging6.omrserrature.it\/prodotto\/serrure-triangulaire-5-2\/"},"modified":"2026-04-08T12:00:01","modified_gmt":"2026-04-08T10:00:01","slug":"serrure-triangulaire-5-2","status":"publish","type":"product","link":"https:\/\/www.omrserrature.it\/fr\/produit\/serrure-triangulaire-5-2\/","title":{"rendered":"Fermeture du triangle 5"},"content":{"rendered":"<p>La <strong>serrure triangulaire \u00e0 empreinte 1\/4 de tour<\/strong> se compose d&rsquo;un corps en alliage de zinc \u00e0 l&rsquo;int\u00e9rieur duquel se trouve un rotor \u00e0 empreinte \u00e0 ressort qui, actionn\u00e9 par une cl\u00e9 \u00e0 douille, tourne, provoquant l&rsquo;ouverture ou la fermeture.<\/p>\n<p>La borne carr\u00e9e de 7 mm permet \u00e9galement l&rsquo;installation d&rsquo;une vari\u00e9t\u00e9 de <strong>cames droites, coud\u00e9es ou \u00e0 crochet<\/strong>, et l&rsquo;application de <strong>cames <\/strong> <strong>multipoints<\/strong> pour le <strong>mouvement des tringles ou de commandes de<\/strong> <strong>fermeture multiples et centralis\u00e9es<\/strong>. La serrure 1\/4 de tour peut \u00e9galement \u00eatre r\u00e9alis\u00e9e en <strong>technopolym\u00e8re<\/strong>, un \u00ab\u00a0m\u00e9tal plastique\u00a0\u00bb sp\u00e9cial qui garantit des performances m\u00e9caniques \u00e9gales \u00e0 celles de l&rsquo;alliage d&rsquo;aluminium, une r\u00e9sistance aux agents atmosph\u00e9riques et \u00e0 la corrosion, ainsi qu&rsquo;une parfaite int\u00e9gration esth\u00e9tique au produit final sur lequel cette serrure est install\u00e9e, gr\u00e2ce \u00e0 la<strong>vaste gamme de couleurs disponibles.<\/strong> <\/p>\n<p>La fermeture \u00e0 douille convient aux applications qui ne requi\u00e8rent pas une s\u00e9curit\u00e9 \u00e9lev\u00e9e, mais une <strong>gestion<\/strong> simple <strong>de l&rsquo;acc\u00e8s<\/strong>, par exemple les couvercles de bennes, les compartiments d&rsquo;inspection des machines-outils, les panneaux de contr\u00f4le \u00e9lectrique, les compartiments techniques dans les centres commerciaux, les kiosques, les pompes \u00e0 essence ou les distributeurs de carburant.<\/p>\n","protected":false},"excerpt":{"rendered":"<p>La serrure triangulaire \u00e0 empreinte 1\/4 de tour se compose d&rsquo;un corps en alliage de zinc \u00e0 l&rsquo;int\u00e9rieur duquel se trouve un rotor \u00e0 empreinte \u00e0 ressort qui, actionn\u00e9 par une cl\u00e9, tourne, provoquant l&rsquo;ouverture ou la fermeture.<\/p>\n<p>Un syst\u00e8me de verrouillage parfait pour les portes de contr\u00f4le, les pompes \u00e0 essence, les armoires de commande et les armoires \u00e0 racks.<\/p>\n","protected":false},"featured_media":3102,"comment_status":"open","ping_status":"closed","template":"","meta":{"_acf_changed":false,"_et_pb_use_builder":"","_et_pb_old_content":"","_et_gb_content_width":""},"product_brand":[],"product_cat":[3756,3751,3747,3641,3687,3722,3689,3692,3707,3702,3701,3690],"product_tag":[],"class_list":{"0":"post-241114","1":"product","2":"type-product","3":"status-publish","4":"has-post-thumbnail","6":"product_cat-architecture-urbanisme-et-design","7":"product_cat-automatisation-et-domotique","8":"product_cat-eau-air-gaz-pour-les-entreprises","9":"product_cat-serrure-pompiers-1-4-de-tour","10":"product_cat-serrures-a-came","11":"product_cat-serrures-de-portes","12":"product_cat-serrures-pour-armoires-electriques","13":"product_cat-serrures-pour-chariots-professionnels","14":"product_cat-serrures-pour-distributeurs","15":"product_cat-serrures-pour-les-portes-des-panneaux-lateraux","16":"product_cat-serrures-pour-portes-darmoires-frontales","17":"product_cat-serrures-professionnelles-pour-meubles","19":"first","20":"instock","21":"shipping-taxable","22":"purchasable","23":"product-type-variable","24":"has-default-attributes"},"acf":{"pdf1":"https:\/\/www.omrserrature.it\/wp-content\/uploads\/2017\/12\/Scheda-165641.pdf"},"yoast_head":"<!-- This site is optimized with the Yoast SEO plugin v27.2 - https:\/\/yoast.com\/product\/yoast-seo-wordpress\/ -->\n<title>Fermeture du triangle 5 - OMR Serrature<\/title>\n<meta name=\"robots\" content=\"index, follow, max-snippet:-1, max-image-preview:large, max-video-preview:-1\" \/>\n<link rel=\"canonical\" href=\"https:\/\/www.omrserrature.it\/fr\/produit\/serrure-triangulaire-5-2\/\" \/>\n<meta property=\"og:locale\" content=\"fr_FR\" \/>\n<meta property=\"og:type\" content=\"article\" \/>\n<meta property=\"og:title\" content=\"Fermeture du triangle 5 - OMR Serrature\" \/>\n<meta property=\"og:description\" content=\"La serrure triangulaire \u00e0 empreinte 1\/4 de tour se compose d&#039;un corps en alliage de zinc \u00e0 l&#039;int\u00e9rieur duquel se trouve un rotor \u00e0 empreinte \u00e0 ressort qui, actionn\u00e9 par une cl\u00e9, tourne, provoquant l&#039;ouverture ou la fermeture. Un syst\u00e8me de verrouillage parfait pour les portes de contr\u00f4le, les pompes \u00e0 essence, les armoires de commande et les armoires \u00e0 racks.\" \/>\n<meta property=\"og:url\" content=\"https:\/\/www.omrserrature.it\/fr\/produit\/serrure-triangulaire-5-2\/\" \/>\n<meta property=\"og:site_name\" content=\"OMR Serrature | Produzione sistemi di chiusura\" \/>\n<meta property=\"article:publisher\" content=\"https:\/\/www.facebook.com\/OMRserrature\" \/>\n<meta property=\"article:modified_time\" content=\"2026-04-08T10:00:01+00:00\" \/>\n<meta property=\"og:image\" content=\"https:\/\/www.omrserrature.it\/wp-content\/uploads\/2017\/10\/chiusura-impronta-triangolo-5-rack.jpg\" \/>\n\t<meta property=\"og:image:width\" content=\"400\" \/>\n\t<meta property=\"og:image:height\" content=\"348\" \/>\n\t<meta property=\"og:image:type\" content=\"image\/jpeg\" \/>\n<meta name=\"twitter:card\" content=\"summary_large_image\" \/>\n<meta name=\"twitter:label1\" content=\"Dur\u00e9e de lecture estim\u00e9e\" \/>\n\t<meta name=\"twitter:data1\" content=\"1 minute\" \/>\n<script type=\"application\/ld+json\" class=\"yoast-schema-graph\">{\"@context\":\"https:\/\/schema.org\",\"@graph\":[{\"@type\":\"WebPage\",\"@id\":\"https:\/\/www.omrserrature.it\/fr\/produit\/serrure-triangulaire-5-2\/\",\"url\":\"https:\/\/www.omrserrature.it\/fr\/produit\/serrure-triangulaire-5-2\/\",\"name\":\"Fermeture du triangle 5 - OMR Serrature\",\"isPartOf\":{\"@id\":\"https:\/\/www.omrserrature.it\/fr\/#website\"},\"primaryImageOfPage\":{\"@id\":\"https:\/\/www.omrserrature.it\/fr\/produit\/serrure-triangulaire-5-2\/#primaryimage\"},\"image\":{\"@id\":\"https:\/\/www.omrserrature.it\/fr\/produit\/serrure-triangulaire-5-2\/#primaryimage\"},\"thumbnailUrl\":\"https:\/\/www.omrserrature.it\/wp-content\/uploads\/2017\/10\/chiusura-impronta-triangolo-5-rack.jpg\",\"datePublished\":\"2011-12-17T10:19:00+00:00\",\"dateModified\":\"2026-04-08T10:00:01+00:00\",\"breadcrumb\":{\"@id\":\"https:\/\/www.omrserrature.it\/fr\/produit\/serrure-triangulaire-5-2\/#breadcrumb\"},\"inLanguage\":\"fr-FR\",\"potentialAction\":[{\"@type\":\"ReadAction\",\"target\":[\"https:\/\/www.omrserrature.it\/fr\/produit\/serrure-triangulaire-5-2\/\"]}]},{\"@type\":\"ImageObject\",\"inLanguage\":\"fr-FR\",\"@id\":\"https:\/\/www.omrserrature.it\/fr\/produit\/serrure-triangulaire-5-2\/#primaryimage\",\"url\":\"https:\/\/www.omrserrature.it\/wp-content\/uploads\/2017\/10\/chiusura-impronta-triangolo-5-rack.jpg\",\"contentUrl\":\"https:\/\/www.omrserrature.it\/wp-content\/uploads\/2017\/10\/chiusura-impronta-triangolo-5-rack.jpg\",\"width\":400,\"height\":348,\"caption\":\"Fermeture triangulaire 5 - diam\u00e8tre 20 mm - Serrure \u00e0 cr\u00e9maill\u00e8re\"},{\"@type\":\"BreadcrumbList\",\"@id\":\"https:\/\/www.omrserrature.it\/fr\/produit\/serrure-triangulaire-5-2\/#breadcrumb\",\"itemListElement\":[{\"@type\":\"ListItem\",\"position\":1,\"name\":\"Home\",\"item\":\"https:\/\/www.omrserrature.it\/fr\/omr-serrures-et-systemes-de-verrouillage\/\"},{\"@type\":\"ListItem\",\"position\":2,\"name\":\"Catalogue\",\"item\":\"https:\/\/www.omrserrature.it\/catalogue\/?lang=fr\"},{\"@type\":\"ListItem\",\"position\":3,\"name\":\"Produits\",\"item\":\"https:\/\/www.omrserrature.it\/fr\/catalogue\/produits\/\"},{\"@type\":\"ListItem\",\"position\":4,\"name\":\"Serrures\",\"item\":\"https:\/\/www.omrserrature.it\/fr\/catalogue\/produits\/serrures\/\"},{\"@type\":\"ListItem\",\"position\":5,\"name\":\"Serrure pompiers 1\/4 de tour\",\"item\":\"https:\/\/www.omrserrature.it\/fr\/catalogue\/produits\/serrures\/serrure-pompiers-1-4-de-tour\/\"},{\"@type\":\"ListItem\",\"position\":6,\"name\":\"Fermeture du triangle 5\"}]},{\"@type\":\"WebSite\",\"@id\":\"https:\/\/www.omrserrature.it\/fr\/#website\",\"url\":\"https:\/\/www.omrserrature.it\/fr\/\",\"name\":\"OMR Serrature | Produzione sistemi di chiusura\",\"description\":\"Produzione serrature di sicurezza e sistemi di chiusura\",\"publisher\":{\"@id\":\"https:\/\/www.omrserrature.it\/fr\/#organization\"},\"potentialAction\":[{\"@type\":\"SearchAction\",\"target\":{\"@type\":\"EntryPoint\",\"urlTemplate\":\"https:\/\/www.omrserrature.it\/fr\/?s={search_term_string}\"},\"query-input\":{\"@type\":\"PropertyValueSpecification\",\"valueRequired\":true,\"valueName\":\"search_term_string\"}}],\"inLanguage\":\"fr-FR\"},{\"@type\":\"Organization\",\"@id\":\"https:\/\/www.omrserrature.it\/fr\/#organization\",\"name\":\"OMR Serrature | Produzione sistemi di chiusura\",\"url\":\"https:\/\/www.omrserrature.it\/fr\/\",\"logo\":{\"@type\":\"ImageObject\",\"inLanguage\":\"fr-FR\",\"@id\":\"https:\/\/www.omrserrature.it\/fr\/#\/schema\/logo\/image\/\",\"url\":\"https:\/\/www.omrserrature.it\/wp-content\/uploads\/2017\/09\/favicon-omr-114.png\",\"contentUrl\":\"https:\/\/www.omrserrature.it\/wp-content\/uploads\/2017\/09\/favicon-omr-114.png\",\"width\":114,\"height\":114,\"caption\":\"OMR Serrature | Produzione sistemi di chiusura\"},\"image\":{\"@id\":\"https:\/\/www.omrserrature.it\/fr\/#\/schema\/logo\/image\/\"},\"sameAs\":[\"https:\/\/www.facebook.com\/OMRserrature\",\"https:\/\/www.linkedin.com\/company\/omrserrature\/\",\"https:\/\/www.youtube.com\/channel\/UCxmA85z2R0EpG_6IRokiAkg\"]}]}<\/script>\n<!-- \/ Yoast SEO plugin. -->","yoast_head_json":{"title":"Fermeture du triangle 5 - OMR Serrature","robots":{"index":"index","follow":"follow","max-snippet":"max-snippet:-1","max-image-preview":"max-image-preview:large","max-video-preview":"max-video-preview:-1"},"canonical":"https:\/\/www.omrserrature.it\/fr\/produit\/serrure-triangulaire-5-2\/","og_locale":"fr_FR","og_type":"article","og_title":"Fermeture du triangle 5 - OMR Serrature","og_description":"La serrure triangulaire \u00e0 empreinte 1\/4 de tour se compose d'un corps en alliage de zinc \u00e0 l'int\u00e9rieur duquel se trouve un rotor \u00e0 empreinte \u00e0 ressort qui, actionn\u00e9 par une cl\u00e9, tourne, provoquant l'ouverture ou la fermeture. Un syst\u00e8me de verrouillage parfait pour les portes de contr\u00f4le, les pompes \u00e0 essence, les armoires de commande et les armoires \u00e0 racks.","og_url":"https:\/\/www.omrserrature.it\/fr\/produit\/serrure-triangulaire-5-2\/","og_site_name":"OMR Serrature | Produzione sistemi di chiusura","article_publisher":"https:\/\/www.facebook.com\/OMRserrature","article_modified_time":"2026-04-08T10:00:01+00:00","og_image":[{"width":400,"height":348,"url":"https:\/\/www.omrserrature.it\/wp-content\/uploads\/2017\/10\/chiusura-impronta-triangolo-5-rack.jpg","type":"image\/jpeg"}],"twitter_card":"summary_large_image","twitter_misc":{"Dur\u00e9e de lecture estim\u00e9e":"1 minute"},"schema":{"@context":"https:\/\/schema.org","@graph":[{"@type":"WebPage","@id":"https:\/\/www.omrserrature.it\/fr\/produit\/serrure-triangulaire-5-2\/","url":"https:\/\/www.omrserrature.it\/fr\/produit\/serrure-triangulaire-5-2\/","name":"Fermeture du triangle 5 - OMR Serrature","isPartOf":{"@id":"https:\/\/www.omrserrature.it\/fr\/#website"},"primaryImageOfPage":{"@id":"https:\/\/www.omrserrature.it\/fr\/produit\/serrure-triangulaire-5-2\/#primaryimage"},"image":{"@id":"https:\/\/www.omrserrature.it\/fr\/produit\/serrure-triangulaire-5-2\/#primaryimage"},"thumbnailUrl":"https:\/\/www.omrserrature.it\/wp-content\/uploads\/2017\/10\/chiusura-impronta-triangolo-5-rack.jpg","datePublished":"2011-12-17T10:19:00+00:00","dateModified":"2026-04-08T10:00:01+00:00","breadcrumb":{"@id":"https:\/\/www.omrserrature.it\/fr\/produit\/serrure-triangulaire-5-2\/#breadcrumb"},"inLanguage":"fr-FR","potentialAction":[{"@type":"ReadAction","target":["https:\/\/www.omrserrature.it\/fr\/produit\/serrure-triangulaire-5-2\/"]}]},{"@type":"ImageObject","inLanguage":"fr-FR","@id":"https:\/\/www.omrserrature.it\/fr\/produit\/serrure-triangulaire-5-2\/#primaryimage","url":"https:\/\/www.omrserrature.it\/wp-content\/uploads\/2017\/10\/chiusura-impronta-triangolo-5-rack.jpg","contentUrl":"https:\/\/www.omrserrature.it\/wp-content\/uploads\/2017\/10\/chiusura-impronta-triangolo-5-rack.jpg","width":400,"height":348,"caption":"Fermeture triangulaire 5 - diam\u00e8tre 20 mm - Serrure \u00e0 cr\u00e9maill\u00e8re"},{"@type":"BreadcrumbList","@id":"https:\/\/www.omrserrature.it\/fr\/produit\/serrure-triangulaire-5-2\/#breadcrumb","itemListElement":[{"@type":"ListItem","position":1,"name":"Home","item":"https:\/\/www.omrserrature.it\/fr\/omr-serrures-et-systemes-de-verrouillage\/"},{"@type":"ListItem","position":2,"name":"Catalogue","item":"https:\/\/www.omrserrature.it\/catalogue\/?lang=fr"},{"@type":"ListItem","position":3,"name":"Produits","item":"https:\/\/www.omrserrature.it\/fr\/catalogue\/produits\/"},{"@type":"ListItem","position":4,"name":"Serrures","item":"https:\/\/www.omrserrature.it\/fr\/catalogue\/produits\/serrures\/"},{"@type":"ListItem","position":5,"name":"Serrure pompiers 1\/4 de tour","item":"https:\/\/www.omrserrature.it\/fr\/catalogue\/produits\/serrures\/serrure-pompiers-1-4-de-tour\/"},{"@type":"ListItem","position":6,"name":"Fermeture du triangle 5"}]},{"@type":"WebSite","@id":"https:\/\/www.omrserrature.it\/fr\/#website","url":"https:\/\/www.omrserrature.it\/fr\/","name":"OMR Serrature | Produzione sistemi di chiusura","description":"Produzione serrature di sicurezza e sistemi di chiusura","publisher":{"@id":"https:\/\/www.omrserrature.it\/fr\/#organization"},"potentialAction":[{"@type":"SearchAction","target":{"@type":"EntryPoint","urlTemplate":"https:\/\/www.omrserrature.it\/fr\/?s={search_term_string}"},"query-input":{"@type":"PropertyValueSpecification","valueRequired":true,"valueName":"search_term_string"}}],"inLanguage":"fr-FR"},{"@type":"Organization","@id":"https:\/\/www.omrserrature.it\/fr\/#organization","name":"OMR Serrature | Produzione sistemi di chiusura","url":"https:\/\/www.omrserrature.it\/fr\/","logo":{"@type":"ImageObject","inLanguage":"fr-FR","@id":"https:\/\/www.omrserrature.it\/fr\/#\/schema\/logo\/image\/","url":"https:\/\/www.omrserrature.it\/wp-content\/uploads\/2017\/09\/favicon-omr-114.png","contentUrl":"https:\/\/www.omrserrature.it\/wp-content\/uploads\/2017\/09\/favicon-omr-114.png","width":114,"height":114,"caption":"OMR Serrature | Produzione sistemi di chiusura"},"image":{"@id":"https:\/\/www.omrserrature.it\/fr\/#\/schema\/logo\/image\/"},"sameAs":["https:\/\/www.facebook.com\/OMRserrature","https:\/\/www.linkedin.com\/company\/omrserrature\/","https:\/\/www.youtube.com\/channel\/UCxmA85z2R0EpG_6IRokiAkg"]}]}},"_links":{"self":[{"href":"https:\/\/www.omrserrature.it\/fr\/wp-json\/wp\/v2\/product\/241114","targetHints":{"allow":["GET"]}}],"collection":[{"href":"https:\/\/www.omrserrature.it\/fr\/wp-json\/wp\/v2\/product"}],"about":[{"href":"https:\/\/www.omrserrature.it\/fr\/wp-json\/wp\/v2\/types\/product"}],"replies":[{"embeddable":true,"href":"https:\/\/www.omrserrature.it\/fr\/wp-json\/wp\/v2\/comments?post=241114"}],"wp:featuredmedia":[{"embeddable":true,"href":"https:\/\/www.omrserrature.it\/fr\/wp-json\/wp\/v2\/media\/3102"}],"wp:attachment":[{"href":"https:\/\/www.omrserrature.it\/fr\/wp-json\/wp\/v2\/media?parent=241114"}],"wp:term":[{"taxonomy":"product_brand","embeddable":true,"href":"https:\/\/www.omrserrature.it\/fr\/wp-json\/wp\/v2\/product_brand?post=241114"},{"taxonomy":"product_cat","embeddable":true,"href":"https:\/\/www.omrserrature.it\/fr\/wp-json\/wp\/v2\/product_cat?post=241114"},{"taxonomy":"product_tag","embeddable":true,"href":"https:\/\/www.omrserrature.it\/fr\/wp-json\/wp\/v2\/product_tag?post=241114"}],"curies":[{"name":"wp","href":"https:\/\/api.w.org\/{rel}","templated":true}]}}