{"id":249647,"date":"2025-04-30T10:38:24","date_gmt":"2025-04-30T08:38:24","guid":{"rendered":"https:\/\/www.staging6.omrserrature.it\/navigation-visuelle-par-categories\/"},"modified":"2025-06-03T17:00:34","modified_gmt":"2025-06-03T15:00:34","slug":"navigation-visuelle-par-categories","status":"publish","type":"page","link":"https:\/\/www.omrserrature.it\/fr\/navigation-visuelle-par-categories\/","title":{"rendered":"Navigation visuelle par cat\u00e9gories"},"content":{"rendered":"<p>[et_pb_section fb_built=\u00a0\u00bb1&Prime; _builder_version=\u00a0\u00bb4.27.4&Prime; _module_preset=\u00a0\u00bbdefault\u00a0\u00bb custom_margin=\u00a0\u00bb||||false|false\u00a0\u00bb custom_padding=\u00a0\u00bb10px||||false|false\u00a0\u00bb global_colors_info=\u00a0\u00bb{}\u00a0\u00bb][et_pb_row _builder_version=\u00a0\u00bb4.27.4&Prime; _module_preset=\u00a0\u00bbdefault\u00a0\u00bb width=\u00a0\u00bb98%\u00a0\u00bb max_width=\u00a0\u00bb98%\u00a0\u00bb global_colors_info=\u00a0\u00bb{}\u00a0\u00bb][et_pb_column type=\u00a0\u00bb4_4&Prime; _builder_version=\u00a0\u00bb4.27.4&Prime; _module_preset=\u00a0\u00bbdefault\u00a0\u00bb global_colors_info=\u00a0\u00bb{}\u00a0\u00bb][et_pb_text _builder_version=\u00a0\u00bb4.27.4&Prime; _module_preset=\u00a0\u00bbdefault\u00a0\u00bb custom_margin=\u00a0\u00bb||2px|||\u00a0\u00bb global_colors_info=\u00a0\u00bb{}\u00a0\u00bb]<\/p>\n<h1>Navigation visuelle par cat\u00e9gories de produits<\/h1>\n<p>[\/et_pb_text][et_pb_text _builder_version=\u00a0\u00bb4.27.4&Prime; _module_preset=\u00a0\u00bbdefault\u00a0\u00bb global_colors_info=\u00a0\u00bb{}\u00a0\u00bb]<\/p>\n<p>Les produits d&rsquo;OMR Serrure comprennent des serrures universelles \u00e0 goupilles et \u00e0 paillettes, des serrures \u00e0 p\u00eane, des serrures \u00e0 mortaiser \u00bc de tour, des serrures cadenassables, ainsi que des serrures \u00e0 tringles tournantes, des serrures \u00e0 batteuse \u00e0 paillettes tournantes et des serrures \u00e0 cr\u00e9maill\u00e8re. D&rsquo;autres propositions sont les serrures \u00e0 crochet, les serrures \u00e0 barillet amovible, les serrures \u00e0 cl\u00e9s anciennes \u00e0 croix, les serrures dites reprogrammables, les serrures \u00e0 combinaison, les serrures \u00e0 gravitationnelles et les serrures \u00e0 poign\u00e9e tournante. Il existe \u00e9galement des serrures aux dimensions particuli\u00e8rement compactes.  <span> <\/span><span>puis \u00e0 des applications sp\u00e9cifiques, c&rsquo;est-\u00e0-dire ce que l&rsquo;on appelle les micro-serrures, ainsi que les serrures de la s\u00e9rie OTTO, les serrures \u00e9tanches et inoxydables et d&rsquo;autres encore. Outre les serrures au sens strict, OMR Serrature propose \u00e9galement des poign\u00e9es de tous types, telles que des cl\u00e9s anciennes (a levier), des composants techniques tels que des rotors, des accessoires de diff\u00e9rents types, sans n\u00e9gliger les articles compl\u00e9mentaires tels que les charni\u00e8res, qui permettent d&rsquo;ouvrir des portes de diff\u00e9rents types, les cadenas, aussi bien cintr\u00e9s que blind\u00e9s, et bien d&rsquo;autres encore. OMR Serrure propose non seulement des articles m\u00e9caniques, mais aussi des produits \u00e9lectroniques : il s&rsquo;agit de serrures \u00e0 contact \u00e9lectrique, de serrures traditionnelles \u00e0 cl\u00e9 qui permettent n\u00e9anmoins d&rsquo;activer un dispositif \u00e9lectrique, et de serrures \u00e9lectriques au sens strict, celles dont l&rsquo;ouverture ne n\u00e9cessite pas de cl\u00e9 ou l&rsquo;utilisation d&rsquo;instruments m\u00e9caniques similaires, mais plut\u00f4t l&rsquo;utilisation d&rsquo;instruments num\u00e9riques de diff\u00e9rents types tels que le PIN, le HSC (High Security Code), le Bluetooth et d&rsquo;autres.  <\/span><\/p>\n<p>[\/et_pb_text][\/et_pb_column][\/et_pb_row][et_pb_row column_structure=\u00a0\u00bb1_4,3_4&Prime; _builder_version=\u00a0\u00bb4.27.4&Prime; _module_preset=\u00a0\u00bbdefault\u00a0\u00bb width=\u00a0\u00bb98%\u00a0\u00bb max_width=\u00a0\u00bb98%\u00a0\u00bb global_colors_info=\u00a0\u00bb{}\u00a0\u00bb][et_pb_column type=\u00a0\u00bb1_4&Prime; _builder_version=\u00a0\u00bb4.27.4&Prime; _module_preset=\u00a0\u00bbdefault\u00a0\u00bb global_colors_info=\u00a0\u00bb{}\u00a0\u00bb][et_pb_text _builder_version=\u00a0\u00bb4.27.4&Prime; _module_preset=\u00a0\u00bbdefault\u00a0\u00bb text_text_color=\u00a0\u00bb#0C71C3&Prime; global_colors_info=\u00a0\u00bb{}\u00a0\u00bb]<\/p>\n<p><em>Parcourez les cat\u00e9gories de produits par image ou utilisez la liste.<\/em><\/p>\n<p>[\/et_pb_text][et_pb_code _builder_version=\u00a0\u00bb4.27.4&Prime; _module_preset=\u00a0\u00bbdefault\u00a0\u00bb hover_enabled=\u00a0\u00bb0&Prime; sticky_enabled=\u00a0\u00bb0&Prime;]<ul class=\"woo-subcategories\"><li><a href=\"https:\/\/www.omrserrature.it\/fr\/catalogue\/produits\/serrures\/micro-serrures\/\">Micro-serrures<\/a><\/li><li><a href=\"https:\/\/www.omrserrature.it\/fr\/catalogue\/produits\/serrures\/poignees-et-boutons\/\">Poign\u00e9es et boutons<\/a><\/li><li><a href=\"https:\/\/www.omrserrature.it\/fr\/catalogue\/produits\/serrures\/serie-otto\/\">S\u00e9rie OTTO<\/a><\/li><li><a href=\"https:\/\/www.omrserrature.it\/fr\/catalogue\/produits\/serrures\/serrure-a-goupille\/\">Serrure \u00e0 goupille<\/a><\/li><li><a href=\"https:\/\/www.omrserrature.it\/fr\/catalogue\/produits\/serrures\/serrure-etanche-inox\/\">Serrure \u00e9tanche\/inox<\/a><\/li><li><a href=\"https:\/\/www.omrserrature.it\/fr\/catalogue\/produits\/serrures\/serrure-pompiers-1-4-de-tour\/\">Serrure pompiers 1\/4 de tour<\/a><\/li><li><a href=\"https:\/\/www.omrserrature.it\/fr\/catalogue\/produits\/serrures\/serrure-universelle-a-paillettes\/\">Serrure universelle \u00e0 paillettes<\/a><\/li><li><a href=\"https:\/\/www.omrserrature.it\/fr\/catalogue\/produits\/serrures\/serrures-a-bouton-poussoir\/\">Serrures \u00e0 bouton-poussoir<\/a><\/li><li><a href=\"https:\/\/www.omrserrature.it\/fr\/catalogue\/produits\/serrures\/serrures-a-came\/\">Serrures \u00e0 came<\/a><\/li><li><a href=\"https:\/\/www.omrserrature.it\/fr\/catalogue\/produits\/serrures\/serrures-a-cle-a-croix\/\">Serrures \u00e0 cl\u00e9 \u00e0 croix<\/a><\/li><li><a href=\"https:\/\/www.omrserrature.it\/fr\/catalogue\/produits\/serrures\/serrures-a-combinaison\/\">Serrures \u00e0 combinaison<\/a><\/li><li><a href=\"https:\/\/www.omrserrature.it\/fr\/catalogue\/produits\/serrures\/serrures-a-contact-electrique\/\">Serrures \u00e0 contact \u00e9lectrique<\/a><\/li><li><a href=\"https:\/\/www.omrserrature.it\/fr\/catalogue\/produits\/serrures\/serrures-a-cremaillere\/\">Serrures \u00e0 cr\u00e9maill\u00e8re<\/a><\/li><li><a href=\"https:\/\/www.omrserrature.it\/fr\/catalogue\/produits\/serrures\/serrures-a-crochet\/\">Serrures \u00e0 crochet<\/a><\/li><li><a href=\"https:\/\/www.omrserrature.it\/fr\/catalogue\/produits\/serrures\/serrures-a-passe-partout\/\">Serrures \u00e0 passe-partout<\/a><\/li><li><a href=\"https:\/\/www.omrserrature.it\/fr\/catalogue\/produits\/serrures\/serrures-a-pene-dormant\/\">Serrures \u00e0 p\u00eane dormant<\/a><\/li><li><a href=\"https:\/\/www.omrserrature.it\/fr\/catalogue\/produits\/serrures\/serrures-avec-barillet-interchangeable\/\">Serrures avec barillet interchangeable<\/a><\/li><li><a href=\"https:\/\/www.omrserrature.it\/fr\/catalogue\/produits\/serrures\/serrures-avec-poignee-tournante\/\">Serrures avec poign\u00e9e tournante<\/a><\/li><li><a href=\"https:\/\/www.omrserrature.it\/fr\/catalogue\/produits\/serrures\/serrures-avec-ressort-de-rappel\/\">Serrures avec ressort de rappel<\/a><\/li><li><a href=\"https:\/\/www.omrserrature.it\/fr\/catalogue\/produits\/serrures\/serrures-avec-tringles-tournantes\/\">Serrures avec tringles tournantes<\/a><\/li><li><a href=\"https:\/\/www.omrserrature.it\/fr\/catalogue\/produits\/serrures\/serrures-cadenassables\/\">Serrures cadenassables<\/a><\/li><li><a href=\"https:\/\/www.omrserrature.it\/fr\/catalogue\/produits\/serrures\/serrures-electroniques-pour-casiers-tiroirs-portes\/\">Serrures \u00e9lectroniques pour casiers, tiroirs, portes<\/a><\/li><li><a href=\"https:\/\/www.omrserrature.it\/fr\/catalogue\/produits\/serrures\/serrures-multipoints\/\">Serrures multipoints<\/a><\/li><li><a href=\"https:\/\/www.omrserrature.it\/fr\/catalogue\/produits\/serrures\/serrures-pour-bacs-a-ordures\/\">Serrures pour bacs \u00e0 ordures<\/a><\/li><li><a href=\"https:\/\/www.omrserrature.it\/fr\/catalogue\/produits\/serrures\/serrures-reprogrammables\/\">Serrures reprogrammables<\/a><\/li><li><a href=\"https:\/\/www.omrserrature.it\/fr\/catalogue\/produits\/serrures\/serrures-speciales-sur-mesure\/\">Serrures sp\u00e9ciales sur mesure<\/a><\/li><li><a href=\"https:\/\/www.omrserrature.it\/fr\/catalogue\/produits\/serrures\/serrures-universelles-a-pistons\/\">Serrures universelles \u00e0 pistons<\/a><\/li><\/ul>[\/et_pb_code][\/et_pb_column][et_pb_column type=\u00a0\u00bb3_4&Prime; _builder_version=\u00a0\u00bb4.27.4&Prime; _module_preset=\u00a0\u00bbdefault\u00a0\u00bb global_colors_info=\u00a0\u00bb{}\u00a0\u00bb][dipl_woo_products_categories include_categories=\u00a0\u00bb761,759,760,753,754,732,755,749,757,741,751,747,740,736,742,733,739,731,737,744,750,752,735,743,746,748,1415,1418,758,734,745,756,729,728&Prime; number_of_columns=\u00a0\u00bb6&Prime; column_spacing=\u00a0\u00bb30px\u00a0\u00bb show_product_count=\u00a0\u00bboff\u00a0\u00bb _builder_version=\u00a0\u00bb4.27.4&Prime; _module_preset=\u00a0\u00bbdefault\u00a0\u00bb title_font=\u00a0\u00bb|||on|||||\u00a0\u00bb title_text_color=\u00a0\u00bb#0069b3&Prime; title_font_size=\u00a0\u00bb16px\u00a0\u00bb border_radii_category_img=\u00a0\u00bbon|15px|15px|15px|15px\u00a0\u00bb border_width_all_category_img=\u00a0\u00bb2px\u00a0\u00bb border_color_all_category_img=\u00a0\u00bb#0069b3&Prime; global_colors_info=\u00a0\u00bb{}\u00a0\u00bb][\/dipl_woo_products_categories][\/et_pb_column][\/et_pb_row][\/et_pb_section]<\/p>\n","protected":false},"excerpt":{"rendered":"<p>Navigation visuelle par cat\u00e9gories de produitsLes produits d&rsquo;OMR Serrure comprennent des serrures universelles \u00e0 goupilles et \u00e0 paillettes, des serrures \u00e0 p\u00eane, des serrures \u00e0 mortaiser \u00bc de tour, des serrures cadenassables, ainsi que des serrures \u00e0 tringles tournantes, des serrures \u00e0 batteuse \u00e0 paillettes tournantes et des serrures \u00e0 cr\u00e9maill\u00e8re. D&rsquo;autres propositions sont les [&hellip;]<\/p>\n","protected":false},"author":14,"featured_media":0,"parent":0,"menu_order":0,"comment_status":"closed","ping_status":"closed","template":"","meta":{"_acf_changed":false,"_et_pb_use_builder":"on","_et_pb_old_content":"","_et_gb_content_width":"","footnotes":""},"class_list":["post-249647","page","type-page","status-publish","hentry"],"acf":[],"yoast_head":"<!-- This site is optimized with the Yoast SEO plugin v27.5 - https:\/\/yoast.com\/product\/yoast-seo-wordpress\/ -->\n<title>Navigation visuelle par cat\u00e9gories - OMR Serrature<\/title>\n<meta name=\"description\" content=\"Navigation visuelle par cat\u00e9gories in vendita sul sito http:\/\/omrserrature.it\/ Dal 1950 O.M.R. progetta e propone serrature e sistemi di chiusura di qualit\u00e0 made in Italy.\" \/>\n<meta name=\"robots\" content=\"index, follow, max-snippet:-1, max-image-preview:large, max-video-preview:-1\" \/>\n<link rel=\"canonical\" href=\"https:\/\/www.omrserrature.it\/fr\/navigation-visuelle-par-categories\/\" \/>\n<meta property=\"og:locale\" content=\"fr_FR\" \/>\n<meta property=\"og:type\" content=\"article\" \/>\n<meta property=\"og:title\" content=\"Navigation visuelle par cat\u00e9gories - OMR Serrature\" \/>\n<meta property=\"og:description\" content=\"Navigation visuelle par cat\u00e9gories in vendita sul sito http:\/\/omrserrature.it\/ Dal 1950 O.M.R. progetta e propone serrature e sistemi di chiusura di qualit\u00e0 made in Italy.\" \/>\n<meta property=\"og:url\" content=\"https:\/\/www.omrserrature.it\/fr\/navigation-visuelle-par-categories\/\" \/>\n<meta property=\"og:site_name\" content=\"OMR Serrature | Produzione sistemi di chiusura\" \/>\n<meta property=\"article:publisher\" content=\"https:\/\/www.facebook.com\/OMRserrature\" \/>\n<meta property=\"article:modified_time\" content=\"2025-06-03T15:00:34+00:00\" \/>\n<meta name=\"twitter:card\" content=\"summary_large_image\" \/>\n<meta name=\"twitter:label1\" content=\"Dur\u00e9e de lecture estim\u00e9e\" \/>\n\t<meta name=\"twitter:data1\" content=\"3 minutes\" \/>\n<script type=\"application\/ld+json\" class=\"yoast-schema-graph\">{\"@context\":\"https:\\\/\\\/schema.org\",\"@graph\":[{\"@type\":\"WebPage\",\"@id\":\"https:\\\/\\\/www.omrserrature.it\\\/fr\\\/navigation-visuelle-par-categories\\\/\",\"url\":\"https:\\\/\\\/www.omrserrature.it\\\/fr\\\/navigation-visuelle-par-categories\\\/\",\"name\":\"Navigation visuelle par cat\u00e9gories - OMR Serrature\",\"isPartOf\":{\"@id\":\"https:\\\/\\\/www.omrserrature.it\\\/fr\\\/#website\"},\"datePublished\":\"2025-04-30T08:38:24+00:00\",\"dateModified\":\"2025-06-03T15:00:34+00:00\",\"description\":\"Navigation visuelle par cat\u00e9gories in vendita sul sito http:\\\/\\\/omrserrature.it\\\/ Dal 1950 O.M.R. progetta e propone serrature e sistemi di chiusura di qualit\u00e0 made in Italy.\",\"breadcrumb\":{\"@id\":\"https:\\\/\\\/www.omrserrature.it\\\/fr\\\/navigation-visuelle-par-categories\\\/#breadcrumb\"},\"inLanguage\":\"fr-FR\",\"potentialAction\":[{\"@type\":\"ReadAction\",\"target\":[\"https:\\\/\\\/www.omrserrature.it\\\/fr\\\/navigation-visuelle-par-categories\\\/\"]}]},{\"@type\":\"BreadcrumbList\",\"@id\":\"https:\\\/\\\/www.omrserrature.it\\\/fr\\\/navigation-visuelle-par-categories\\\/#breadcrumb\",\"itemListElement\":[{\"@type\":\"ListItem\",\"position\":1,\"name\":\"Home\",\"item\":\"https:\\\/\\\/www.omrserrature.it\\\/fr\\\/omr-serrures-et-systemes-de-verrouillage\\\/\"},{\"@type\":\"ListItem\",\"position\":2,\"name\":\"Navigation visuelle par cat\u00e9gories\"}]},{\"@type\":\"WebSite\",\"@id\":\"https:\\\/\\\/www.omrserrature.it\\\/fr\\\/#website\",\"url\":\"https:\\\/\\\/www.omrserrature.it\\\/fr\\\/\",\"name\":\"OMR Serrature | Produzione sistemi di chiusura\",\"description\":\"Produzione serrature di sicurezza e sistemi di chiusura\",\"publisher\":{\"@id\":\"https:\\\/\\\/www.omrserrature.it\\\/fr\\\/#organization\"},\"potentialAction\":[{\"@type\":\"SearchAction\",\"target\":{\"@type\":\"EntryPoint\",\"urlTemplate\":\"https:\\\/\\\/www.omrserrature.it\\\/fr\\\/?s={search_term_string}\"},\"query-input\":{\"@type\":\"PropertyValueSpecification\",\"valueRequired\":true,\"valueName\":\"search_term_string\"}}],\"inLanguage\":\"fr-FR\"},{\"@type\":\"Organization\",\"@id\":\"https:\\\/\\\/www.omrserrature.it\\\/fr\\\/#organization\",\"name\":\"OMR Serrature | Produzione sistemi di chiusura\",\"url\":\"https:\\\/\\\/www.omrserrature.it\\\/fr\\\/\",\"logo\":{\"@type\":\"ImageObject\",\"inLanguage\":\"fr-FR\",\"@id\":\"https:\\\/\\\/www.omrserrature.it\\\/fr\\\/#\\\/schema\\\/logo\\\/image\\\/\",\"url\":\"https:\\\/\\\/www.omrserrature.it\\\/wp-content\\\/uploads\\\/2017\\\/09\\\/favicon-omr-114.png\",\"contentUrl\":\"https:\\\/\\\/www.omrserrature.it\\\/wp-content\\\/uploads\\\/2017\\\/09\\\/favicon-omr-114.png\",\"width\":114,\"height\":114,\"caption\":\"OMR Serrature | Produzione sistemi di chiusura\"},\"image\":{\"@id\":\"https:\\\/\\\/www.omrserrature.it\\\/fr\\\/#\\\/schema\\\/logo\\\/image\\\/\"},\"sameAs\":[\"https:\\\/\\\/www.facebook.com\\\/OMRserrature\",\"https:\\\/\\\/www.linkedin.com\\\/company\\\/omrserrature\\\/\",\"https:\\\/\\\/www.youtube.com\\\/channel\\\/UCxmA85z2R0EpG_6IRokiAkg\"]}]}<\/script>\n<!-- \/ Yoast SEO plugin. -->","yoast_head_json":{"title":"Navigation visuelle par cat\u00e9gories - OMR Serrature","description":"Navigation visuelle par cat\u00e9gories in vendita sul sito http:\/\/omrserrature.it\/ Dal 1950 O.M.R. progetta e propone serrature e sistemi di chiusura di qualit\u00e0 made in Italy.","robots":{"index":"index","follow":"follow","max-snippet":"max-snippet:-1","max-image-preview":"max-image-preview:large","max-video-preview":"max-video-preview:-1"},"canonical":"https:\/\/www.omrserrature.it\/fr\/navigation-visuelle-par-categories\/","og_locale":"fr_FR","og_type":"article","og_title":"Navigation visuelle par cat\u00e9gories - OMR Serrature","og_description":"Navigation visuelle par cat\u00e9gories in vendita sul sito http:\/\/omrserrature.it\/ Dal 1950 O.M.R. progetta e propone serrature e sistemi di chiusura di qualit\u00e0 made in Italy.","og_url":"https:\/\/www.omrserrature.it\/fr\/navigation-visuelle-par-categories\/","og_site_name":"OMR Serrature | Produzione sistemi di chiusura","article_publisher":"https:\/\/www.facebook.com\/OMRserrature","article_modified_time":"2025-06-03T15:00:34+00:00","twitter_card":"summary_large_image","twitter_misc":{"Dur\u00e9e de lecture estim\u00e9e":"3 minutes"},"schema":{"@context":"https:\/\/schema.org","@graph":[{"@type":"WebPage","@id":"https:\/\/www.omrserrature.it\/fr\/navigation-visuelle-par-categories\/","url":"https:\/\/www.omrserrature.it\/fr\/navigation-visuelle-par-categories\/","name":"Navigation visuelle par cat\u00e9gories - OMR Serrature","isPartOf":{"@id":"https:\/\/www.omrserrature.it\/fr\/#website"},"datePublished":"2025-04-30T08:38:24+00:00","dateModified":"2025-06-03T15:00:34+00:00","description":"Navigation visuelle par cat\u00e9gories in vendita sul sito http:\/\/omrserrature.it\/ Dal 1950 O.M.R. progetta e propone serrature e sistemi di chiusura di qualit\u00e0 made in Italy.","breadcrumb":{"@id":"https:\/\/www.omrserrature.it\/fr\/navigation-visuelle-par-categories\/#breadcrumb"},"inLanguage":"fr-FR","potentialAction":[{"@type":"ReadAction","target":["https:\/\/www.omrserrature.it\/fr\/navigation-visuelle-par-categories\/"]}]},{"@type":"BreadcrumbList","@id":"https:\/\/www.omrserrature.it\/fr\/navigation-visuelle-par-categories\/#breadcrumb","itemListElement":[{"@type":"ListItem","position":1,"name":"Home","item":"https:\/\/www.omrserrature.it\/fr\/omr-serrures-et-systemes-de-verrouillage\/"},{"@type":"ListItem","position":2,"name":"Navigation visuelle par cat\u00e9gories"}]},{"@type":"WebSite","@id":"https:\/\/www.omrserrature.it\/fr\/#website","url":"https:\/\/www.omrserrature.it\/fr\/","name":"OMR Serrature | Produzione sistemi di chiusura","description":"Produzione serrature di sicurezza e sistemi di chiusura","publisher":{"@id":"https:\/\/www.omrserrature.it\/fr\/#organization"},"potentialAction":[{"@type":"SearchAction","target":{"@type":"EntryPoint","urlTemplate":"https:\/\/www.omrserrature.it\/fr\/?s={search_term_string}"},"query-input":{"@type":"PropertyValueSpecification","valueRequired":true,"valueName":"search_term_string"}}],"inLanguage":"fr-FR"},{"@type":"Organization","@id":"https:\/\/www.omrserrature.it\/fr\/#organization","name":"OMR Serrature | Produzione sistemi di chiusura","url":"https:\/\/www.omrserrature.it\/fr\/","logo":{"@type":"ImageObject","inLanguage":"fr-FR","@id":"https:\/\/www.omrserrature.it\/fr\/#\/schema\/logo\/image\/","url":"https:\/\/www.omrserrature.it\/wp-content\/uploads\/2017\/09\/favicon-omr-114.png","contentUrl":"https:\/\/www.omrserrature.it\/wp-content\/uploads\/2017\/09\/favicon-omr-114.png","width":114,"height":114,"caption":"OMR Serrature | Produzione sistemi di chiusura"},"image":{"@id":"https:\/\/www.omrserrature.it\/fr\/#\/schema\/logo\/image\/"},"sameAs":["https:\/\/www.facebook.com\/OMRserrature","https:\/\/www.linkedin.com\/company\/omrserrature\/","https:\/\/www.youtube.com\/channel\/UCxmA85z2R0EpG_6IRokiAkg"]}]}},"_links":{"self":[{"href":"https:\/\/www.omrserrature.it\/fr\/wp-json\/wp\/v2\/pages\/249647","targetHints":{"allow":["GET"]}}],"collection":[{"href":"https:\/\/www.omrserrature.it\/fr\/wp-json\/wp\/v2\/pages"}],"about":[{"href":"https:\/\/www.omrserrature.it\/fr\/wp-json\/wp\/v2\/types\/page"}],"author":[{"embeddable":true,"href":"https:\/\/www.omrserrature.it\/fr\/wp-json\/wp\/v2\/users\/14"}],"replies":[{"embeddable":true,"href":"https:\/\/www.omrserrature.it\/fr\/wp-json\/wp\/v2\/comments?post=249647"}],"version-history":[{"count":4,"href":"https:\/\/www.omrserrature.it\/fr\/wp-json\/wp\/v2\/pages\/249647\/revisions"}],"predecessor-version":[{"id":251083,"href":"https:\/\/www.omrserrature.it\/fr\/wp-json\/wp\/v2\/pages\/249647\/revisions\/251083"}],"wp:attachment":[{"href":"https:\/\/www.omrserrature.it\/fr\/wp-json\/wp\/v2\/media?parent=249647"}],"curies":[{"name":"wp","href":"https:\/\/api.w.org\/{rel}","templated":true}]}}