{"id":245828,"date":"2021-05-21T12:10:55","date_gmt":"2021-05-21T10:10:55","guid":{"rendered":"https:\/\/www.staging6.omrserrature.it\/choisissez-votre-serrure-electronique\/"},"modified":"2025-11-24T12:25:38","modified_gmt":"2025-11-24T11:25:38","slug":"choisissez-votre-serrure-electronique","status":"publish","type":"page","link":"https:\/\/www.omrserrature.it\/fr\/choisissez-votre-serrure-electronique\/","title":{"rendered":"Choisissez votre serrure \u00e9lectronique"},"content":{"rendered":"<p>[et_pb_section fb_built=\u00a0\u00bb1&Prime; _builder_version=\u00a0\u00bb4.27.4&Prime; custom_padding=\u00a0\u00bb1px|2%||2%|false|true\u00a0\u00bb global_colors_info=\u00a0\u00bb{}\u00a0\u00bb][et_pb_row _builder_version=\u00a0\u00bb4.27.4&Prime; _module_preset=\u00a0\u00bbdefault\u00a0\u00bb global_colors_info=\u00a0\u00bb{}\u00a0\u00bb][et_pb_column type=\u00a0\u00bb4_4&Prime; _builder_version=\u00a0\u00bb4.27.4&Prime; _module_preset=\u00a0\u00bbdefault\u00a0\u00bb global_colors_info=\u00a0\u00bb{}\u00a0\u00bb][et_pb_text _builder_version=\u00a0\u00bb4.27.4&Prime; background_size=\u00a0\u00bbinitial\u00a0\u00bb background_position=\u00a0\u00bbtop_left\u00a0\u00bb background_repeat=\u00a0\u00bbrepeat\u00a0\u00bb global_colors_info=\u00a0\u00bb{}\u00a0\u00bb]<\/p>\n<h2>\u00c0 quoi ressemble votre serrure \u00e9lectronique id\u00e9ale ?<\/h2>\n<h3><span style=\"font-size: 15px; font-weight: 400; font-style: italic; color: black; line-height: 12px;\">S\u00e9lectionnez ci-dessous les caract\u00e9ristiques que doit avoir votre serrure \u00e9lectronique : le site vous proposera des solutions adapt\u00e9es \u00e0 vos besoins.<\/span><\/h2>\n<\/h3>\n<p>Les serrures \u00e9lectroniques OMR sont disponibles dans de nombreuses variantes : vous pouvez d\u00e9cider de les ouvrir en tournant et en activant le bouton, en saisissant un code via le <strong>clavier<\/strong> ergonomique en silicone, avec votre <strong>t\u00e9l\u00e9phone portable<\/strong> via NFC ou Bluetooth, avec un <strong>bracelet en<\/strong> caoutchouc color\u00e9, avec un <strong>porte-cl\u00e9s<\/strong> ou avec le <strong>badge<\/strong> RFID de votre <strong>entreprise<\/strong>. Les serrures \u00e9lectroniques sont la plus haute expression de l&rsquo;innovation technologique appliqu\u00e9e \u00e0 ces \u00e9l\u00e9ments techniques. La combinaison de ces serrures est en effet num\u00e9rique, ce qui signifie qu&rsquo;aucune cl\u00e9 n&rsquo;est n\u00e9cessaire pour les ouvrir, ce qui a de nombreuses implications positives : cela \u00e9vite de devoir transporter un objet relativement encombrant avec soi, mais surtout cela \u00e9vite que la perte d&rsquo;une cl\u00e9 puisse emp\u00eacher l&rsquo;acc\u00e8s.  <\/p>\n<p>Bien entendu, le <strong>syst\u00e8me d&rsquo;ouverture num\u00e9ris\u00e9<\/strong> est \u00e9galement tr\u00e8s b\u00e9n\u00e9fique pour la <strong>s\u00e9curit\u00e9<\/strong>, car il emp\u00eache toute personne de faire des copies frauduleuses des cl\u00e9s. Mais avec quels syst\u00e8mes peut-on ouvrir les serrures \u00e9lectroniques ? OMR Serrure offre le choix entre de nombreuses solutions, toutes capables de <strong>garantir un haut niveau de s\u00e9curit\u00e9 : l&rsquo;ouverture<\/strong>, voire la programmation, de ces serrures peut se faire<strong>par la saisie d&rsquo;un code PIN, via des smartphones NFC, des dispositifs RFID Proximit\u00e9 et Mifare, HSC (High Security Code), ou encore via Bluetooth.<\/strong> Les serrures \u00e9lectroniques d&rsquo;OMR Serrature sont \u00e9quip\u00e9es d&rsquo;une cl\u00e9 ergonomique int\u00e9gr\u00e9e qui assure une ouverture facile. L&rsquo;entreprise con\u00e7oit et fabrique \u00e9galement ses produits de mani\u00e8re \u00e0 ce qu&rsquo;ils soient extr\u00eamement conviviaux, c&rsquo;est-\u00e0-dire tr\u00e8s simples et intuitifs \u00e0 utiliser.  <\/p>\n<p>OMR Serrure <strong>s\u00e9lectionne<\/strong> rigoureusement les <strong>mat\u00e9riaux de<\/strong> fabrication afin que le <strong>produit soit robuste, durable<\/strong> et capable de r\u00e9sister au vandalisme ou aux tentatives d&rsquo;effraction. En outre, les serrures \u00e9lectroniques OMR sont <strong>garanties avec la certification IP54<\/strong>, ce qui signifie qu&rsquo;elles peuvent <strong>\u00e9galement<\/strong> \u00eatre utilis\u00e9es sans probl\u00e8me <strong>dans des environnements humides.<\/strong> <strong>Bien con\u00e7ues<\/strong> et r\u00e9solument <strong>compactes<\/strong>, les serrures \u00e9lectroniques d&rsquo;OMR Serrature garantissent \u00e9galement d&rsquo;<strong>excellentes performances <\/strong>sur le plan \u00e9cologique et \u00e9conomique, car elles sont dot\u00e9es de <strong>batteries<\/strong> qui assurent une dur\u00e9e de vie d&rsquo;une bonne <strong>dizaine d&rsquo;ann\u00e9es ou de 30 000 cycles d&rsquo;utilisation.<\/strong> Les applications possibles de ces mod\u00e8les technologiques sont vraiment nombreuses : industries et entreprises en tout genre, bureaux publics, h\u00f4tels et centres d&rsquo;h\u00e9bergement, gymnases et centres sportifs, sans oublier le secteur r\u00e9sidentiel et les copropri\u00e9t\u00e9s. Les <strong>serrures sans cl\u00e9 \u00e0 ouverture num\u00e9rique<\/strong> sont bien s\u00fbr un excellent choix pour toutes les mises en \u0153uvre modernes, mais elles sont \u00e9galement id\u00e9ales lorsqu&rsquo;il s&rsquo;agit de remplacer des serrures obsol\u00e8tes, et un tel renouvellement ne peut qu&rsquo;apporter des <strong>avantages en termes de s\u00e9curit\u00e9, de commodit\u00e9 et d&rsquo;efficacit\u00e9<\/strong>.[\/et_pb_text][\/et_pb_column][\/et_pb_row][et_pb_row column_structure=\u00a0\u00bb1_4,3_4&Prime; _builder_version=\u00a0\u00bb4.16&Prime; background_size=\u00a0\u00bbinitial\u00a0\u00bb background_position=\u00a0\u00bbtop_left\u00a0\u00bb background_repeat=\u00a0\u00bbrepeat\u00a0\u00bb global_colors_info=\u00a0\u00bb{}\u00a0\u00bb][et_pb_column type=\u00a0\u00bb1_4&Prime; _builder_version=\u00a0\u00bb4.16&Prime; custom_padding=\u00a0\u00bb|||\u00a0\u00bb global_colors_info=\u00a0\u00bb{}\u00a0\u00bb custom_padding__hover=\u00a0\u00bb|||\u00a0\u00bb][et_pb_sidebar area=\u00a0\u00bbet_pb_widget_area_18&Prime; _builder_version=\u00a0\u00bb4.27.4&Prime; _module_preset=\u00a0\u00bbdefault\u00a0\u00bb global_colors_info=\u00a0\u00bb{}\u00a0\u00bb][\/et_pb_sidebar][\/et_pb_column][et_pb_column type=\u00a0\u00bb3_4&Prime; _builder_version=\u00a0\u00bb4.16&Prime; custom_padding=\u00a0\u00bb|||\u00a0\u00bb global_colors_info=\u00a0\u00bb{}\u00a0\u00bb custom_padding__hover=\u00a0\u00bb|||\u00a0\u00bb][et_pb_shop _builder_version=\u00a0\u00bb4.27.4&Prime; _module_preset=\u00a0\u00bbdefault\u00a0\u00bb show_price=\u00a0\u00bboff\u00a0\u00bb show_rating=\u00a0\u00bboff\u00a0\u00bb show_sale_badge=\u00a0\u00bboff\u00a0\u00bb show_pagination=\u00a0\u00bbon\u00a0\u00bb bapf_apply=\u00a0\u00bbenable\u00a0\u00bb border_radii_image=\u00a0\u00bbon|10px|10px|10px|10px\u00a0\u00bb global_colors_info=\u00a0\u00bb{%22gcid-primary-color%22:%91%22border_color_all_image%22%93}\u00a0\u00bb border_color_all_image=\u00a0\u00bbgcid-primary-color\u00a0\u00bb border_width_all_image=\u00a0\u00bb3px\u00a0\u00bb box_shadow_style_image=\u00a0\u00bbpreset1&Prime; title_font=\u00a0\u00bb|||on|||||\u00a0\u00bb hover_enabled=\u00a0\u00bb0&Prime; sticky_enabled=\u00a0\u00bb0&Prime;][\/et_pb_shop][\/et_pb_column][\/et_pb_row][\/et_pb_section]<\/p>\n","protected":false},"excerpt":{"rendered":"<p>\u00c0 quoi ressemble votre serrure \u00e9lectronique id\u00e9ale ? S\u00e9lectionnez ci-dessous les caract\u00e9ristiques que doit avoir votre serrure \u00e9lectronique : le site vous proposera des solutions adapt\u00e9es \u00e0 vos besoins. Les serrures \u00e9lectroniques OMR sont disponibles dans de nombreuses variantes : vous pouvez d\u00e9cider de les ouvrir en tournant et en activant le bouton, en saisissant [&hellip;]<\/p>\n","protected":false},"author":14,"featured_media":0,"parent":0,"menu_order":0,"comment_status":"closed","ping_status":"closed","template":"","meta":{"_acf_changed":false,"_et_pb_use_builder":"on","_et_pb_old_content":"","_et_gb_content_width":"","footnotes":""},"class_list":["post-245828","page","type-page","status-publish","hentry"],"acf":[],"yoast_head":"<!-- This site is optimized with the Yoast SEO plugin v27.5 - https:\/\/yoast.com\/product\/yoast-seo-wordpress\/ -->\n<title>Choisissez votre serrure \u00e9lectronique - OMR Serrature<\/title>\n<meta name=\"description\" content=\"Choisissez votre serrure \u00e9lectronique in vendita sul sito http:\/\/omrserrature.it\/ Dal 1950 O.M.R. progetta e propone serrature e sistemi di chiusura di qualit\u00e0 made in Italy.\" \/>\n<meta name=\"robots\" content=\"index, follow, max-snippet:-1, max-image-preview:large, max-video-preview:-1\" \/>\n<link rel=\"canonical\" href=\"https:\/\/www.omrserrature.it\/fr\/choisissez-votre-serrure-electronique\/\" \/>\n<meta property=\"og:locale\" content=\"fr_FR\" \/>\n<meta property=\"og:type\" content=\"article\" \/>\n<meta property=\"og:title\" content=\"Choisissez votre serrure \u00e9lectronique - OMR Serrature\" \/>\n<meta property=\"og:description\" content=\"Choisissez votre serrure \u00e9lectronique in vendita sul sito http:\/\/omrserrature.it\/ Dal 1950 O.M.R. progetta e propone serrature e sistemi di chiusura di qualit\u00e0 made in Italy.\" \/>\n<meta property=\"og:url\" content=\"https:\/\/www.omrserrature.it\/fr\/choisissez-votre-serrure-electronique\/\" \/>\n<meta property=\"og:site_name\" content=\"OMR Serrature | Produzione sistemi di chiusura\" \/>\n<meta property=\"article:publisher\" content=\"https:\/\/www.facebook.com\/OMRserrature\" \/>\n<meta property=\"article:modified_time\" content=\"2025-11-24T11:25:38+00:00\" \/>\n<meta name=\"twitter:card\" content=\"summary_large_image\" \/>\n<meta name=\"twitter:label1\" content=\"Dur\u00e9e de lecture estim\u00e9e\" \/>\n\t<meta name=\"twitter:data1\" content=\"4 minutes\" \/>\n<script type=\"application\/ld+json\" class=\"yoast-schema-graph\">{\"@context\":\"https:\\\/\\\/schema.org\",\"@graph\":[{\"@type\":\"WebPage\",\"@id\":\"https:\\\/\\\/www.omrserrature.it\\\/fr\\\/choisissez-votre-serrure-electronique\\\/\",\"url\":\"https:\\\/\\\/www.omrserrature.it\\\/fr\\\/choisissez-votre-serrure-electronique\\\/\",\"name\":\"Choisissez votre serrure \u00e9lectronique - OMR Serrature\",\"isPartOf\":{\"@id\":\"https:\\\/\\\/www.omrserrature.it\\\/fr\\\/#website\"},\"datePublished\":\"2021-05-21T10:10:55+00:00\",\"dateModified\":\"2025-11-24T11:25:38+00:00\",\"description\":\"Choisissez votre serrure \u00e9lectronique in vendita sul sito http:\\\/\\\/omrserrature.it\\\/ Dal 1950 O.M.R. progetta e propone serrature e sistemi di chiusura di qualit\u00e0 made in Italy.\",\"breadcrumb\":{\"@id\":\"https:\\\/\\\/www.omrserrature.it\\\/fr\\\/choisissez-votre-serrure-electronique\\\/#breadcrumb\"},\"inLanguage\":\"fr-FR\",\"potentialAction\":[{\"@type\":\"ReadAction\",\"target\":[\"https:\\\/\\\/www.omrserrature.it\\\/fr\\\/choisissez-votre-serrure-electronique\\\/\"]}]},{\"@type\":\"BreadcrumbList\",\"@id\":\"https:\\\/\\\/www.omrserrature.it\\\/fr\\\/choisissez-votre-serrure-electronique\\\/#breadcrumb\",\"itemListElement\":[{\"@type\":\"ListItem\",\"position\":1,\"name\":\"Home\",\"item\":\"https:\\\/\\\/www.omrserrature.it\\\/fr\\\/omr-serrures-et-systemes-de-verrouillage\\\/\"},{\"@type\":\"ListItem\",\"position\":2,\"name\":\"Choisissez votre serrure \u00e9lectronique\"}]},{\"@type\":\"WebSite\",\"@id\":\"https:\\\/\\\/www.omrserrature.it\\\/fr\\\/#website\",\"url\":\"https:\\\/\\\/www.omrserrature.it\\\/fr\\\/\",\"name\":\"OMR Serrature | Produzione sistemi di chiusura\",\"description\":\"Produzione serrature di sicurezza e sistemi di chiusura\",\"publisher\":{\"@id\":\"https:\\\/\\\/www.omrserrature.it\\\/fr\\\/#organization\"},\"potentialAction\":[{\"@type\":\"SearchAction\",\"target\":{\"@type\":\"EntryPoint\",\"urlTemplate\":\"https:\\\/\\\/www.omrserrature.it\\\/fr\\\/?s={search_term_string}\"},\"query-input\":{\"@type\":\"PropertyValueSpecification\",\"valueRequired\":true,\"valueName\":\"search_term_string\"}}],\"inLanguage\":\"fr-FR\"},{\"@type\":\"Organization\",\"@id\":\"https:\\\/\\\/www.omrserrature.it\\\/fr\\\/#organization\",\"name\":\"OMR Serrature | Produzione sistemi di chiusura\",\"url\":\"https:\\\/\\\/www.omrserrature.it\\\/fr\\\/\",\"logo\":{\"@type\":\"ImageObject\",\"inLanguage\":\"fr-FR\",\"@id\":\"https:\\\/\\\/www.omrserrature.it\\\/fr\\\/#\\\/schema\\\/logo\\\/image\\\/\",\"url\":\"https:\\\/\\\/www.omrserrature.it\\\/wp-content\\\/uploads\\\/2017\\\/09\\\/favicon-omr-114.png\",\"contentUrl\":\"https:\\\/\\\/www.omrserrature.it\\\/wp-content\\\/uploads\\\/2017\\\/09\\\/favicon-omr-114.png\",\"width\":114,\"height\":114,\"caption\":\"OMR Serrature | Produzione sistemi di chiusura\"},\"image\":{\"@id\":\"https:\\\/\\\/www.omrserrature.it\\\/fr\\\/#\\\/schema\\\/logo\\\/image\\\/\"},\"sameAs\":[\"https:\\\/\\\/www.facebook.com\\\/OMRserrature\",\"https:\\\/\\\/www.linkedin.com\\\/company\\\/omrserrature\\\/\",\"https:\\\/\\\/www.youtube.com\\\/channel\\\/UCxmA85z2R0EpG_6IRokiAkg\"]}]}<\/script>\n<!-- \/ Yoast SEO plugin. -->","yoast_head_json":{"title":"Choisissez votre serrure \u00e9lectronique - OMR Serrature","description":"Choisissez votre serrure \u00e9lectronique in vendita sul sito http:\/\/omrserrature.it\/ Dal 1950 O.M.R. progetta e propone serrature e sistemi di chiusura di qualit\u00e0 made in Italy.","robots":{"index":"index","follow":"follow","max-snippet":"max-snippet:-1","max-image-preview":"max-image-preview:large","max-video-preview":"max-video-preview:-1"},"canonical":"https:\/\/www.omrserrature.it\/fr\/choisissez-votre-serrure-electronique\/","og_locale":"fr_FR","og_type":"article","og_title":"Choisissez votre serrure \u00e9lectronique - OMR Serrature","og_description":"Choisissez votre serrure \u00e9lectronique in vendita sul sito http:\/\/omrserrature.it\/ Dal 1950 O.M.R. progetta e propone serrature e sistemi di chiusura di qualit\u00e0 made in Italy.","og_url":"https:\/\/www.omrserrature.it\/fr\/choisissez-votre-serrure-electronique\/","og_site_name":"OMR Serrature | Produzione sistemi di chiusura","article_publisher":"https:\/\/www.facebook.com\/OMRserrature","article_modified_time":"2025-11-24T11:25:38+00:00","twitter_card":"summary_large_image","twitter_misc":{"Dur\u00e9e de lecture estim\u00e9e":"4 minutes"},"schema":{"@context":"https:\/\/schema.org","@graph":[{"@type":"WebPage","@id":"https:\/\/www.omrserrature.it\/fr\/choisissez-votre-serrure-electronique\/","url":"https:\/\/www.omrserrature.it\/fr\/choisissez-votre-serrure-electronique\/","name":"Choisissez votre serrure \u00e9lectronique - OMR Serrature","isPartOf":{"@id":"https:\/\/www.omrserrature.it\/fr\/#website"},"datePublished":"2021-05-21T10:10:55+00:00","dateModified":"2025-11-24T11:25:38+00:00","description":"Choisissez votre serrure \u00e9lectronique in vendita sul sito http:\/\/omrserrature.it\/ Dal 1950 O.M.R. progetta e propone serrature e sistemi di chiusura di qualit\u00e0 made in Italy.","breadcrumb":{"@id":"https:\/\/www.omrserrature.it\/fr\/choisissez-votre-serrure-electronique\/#breadcrumb"},"inLanguage":"fr-FR","potentialAction":[{"@type":"ReadAction","target":["https:\/\/www.omrserrature.it\/fr\/choisissez-votre-serrure-electronique\/"]}]},{"@type":"BreadcrumbList","@id":"https:\/\/www.omrserrature.it\/fr\/choisissez-votre-serrure-electronique\/#breadcrumb","itemListElement":[{"@type":"ListItem","position":1,"name":"Home","item":"https:\/\/www.omrserrature.it\/fr\/omr-serrures-et-systemes-de-verrouillage\/"},{"@type":"ListItem","position":2,"name":"Choisissez votre serrure \u00e9lectronique"}]},{"@type":"WebSite","@id":"https:\/\/www.omrserrature.it\/fr\/#website","url":"https:\/\/www.omrserrature.it\/fr\/","name":"OMR Serrature | Produzione sistemi di chiusura","description":"Produzione serrature di sicurezza e sistemi di chiusura","publisher":{"@id":"https:\/\/www.omrserrature.it\/fr\/#organization"},"potentialAction":[{"@type":"SearchAction","target":{"@type":"EntryPoint","urlTemplate":"https:\/\/www.omrserrature.it\/fr\/?s={search_term_string}"},"query-input":{"@type":"PropertyValueSpecification","valueRequired":true,"valueName":"search_term_string"}}],"inLanguage":"fr-FR"},{"@type":"Organization","@id":"https:\/\/www.omrserrature.it\/fr\/#organization","name":"OMR Serrature | Produzione sistemi di chiusura","url":"https:\/\/www.omrserrature.it\/fr\/","logo":{"@type":"ImageObject","inLanguage":"fr-FR","@id":"https:\/\/www.omrserrature.it\/fr\/#\/schema\/logo\/image\/","url":"https:\/\/www.omrserrature.it\/wp-content\/uploads\/2017\/09\/favicon-omr-114.png","contentUrl":"https:\/\/www.omrserrature.it\/wp-content\/uploads\/2017\/09\/favicon-omr-114.png","width":114,"height":114,"caption":"OMR Serrature | Produzione sistemi di chiusura"},"image":{"@id":"https:\/\/www.omrserrature.it\/fr\/#\/schema\/logo\/image\/"},"sameAs":["https:\/\/www.facebook.com\/OMRserrature","https:\/\/www.linkedin.com\/company\/omrserrature\/","https:\/\/www.youtube.com\/channel\/UCxmA85z2R0EpG_6IRokiAkg"]}]}},"_links":{"self":[{"href":"https:\/\/www.omrserrature.it\/fr\/wp-json\/wp\/v2\/pages\/245828","targetHints":{"allow":["GET"]}}],"collection":[{"href":"https:\/\/www.omrserrature.it\/fr\/wp-json\/wp\/v2\/pages"}],"about":[{"href":"https:\/\/www.omrserrature.it\/fr\/wp-json\/wp\/v2\/types\/page"}],"author":[{"embeddable":true,"href":"https:\/\/www.omrserrature.it\/fr\/wp-json\/wp\/v2\/users\/14"}],"replies":[{"embeddable":true,"href":"https:\/\/www.omrserrature.it\/fr\/wp-json\/wp\/v2\/comments?post=245828"}],"version-history":[{"count":11,"href":"https:\/\/www.omrserrature.it\/fr\/wp-json\/wp\/v2\/pages\/245828\/revisions"}],"predecessor-version":[{"id":254823,"href":"https:\/\/www.omrserrature.it\/fr\/wp-json\/wp\/v2\/pages\/245828\/revisions\/254823"}],"wp:attachment":[{"href":"https:\/\/www.omrserrature.it\/fr\/wp-json\/wp\/v2\/media?parent=245828"}],"curies":[{"name":"wp","href":"https:\/\/api.w.org\/{rel}","templated":true}]}}