{"id":17752,"date":"2020-05-28T09:05:27","date_gmt":"2020-05-28T07:05:27","guid":{"rendered":"https:\/\/staging6.omrserrature.it\/?page_id=17752"},"modified":"2025-04-28T10:38:53","modified_gmt":"2025-04-28T08:38:53","slug":"systeme-a-cle-maitresse","status":"publish","type":"page","link":"https:\/\/www.omrserrature.it\/fr\/a-propos-de-nous\/systeme-a-cle-maitresse\/","title":{"rendered":"Formation"},"content":{"rendered":"<p>[et_pb_section fb_built=\u00a0\u00bb1&Prime; fullwidth=\u00a0\u00bbon\u00a0\u00bb _builder_version=\u00a0\u00bb4.25.1&Prime; _module_preset=\u00a0\u00bbdefault\u00a0\u00bb hover_enabled=\u00a0\u00bb0&Prime; global_colors_info=\u00a0\u00bb{}\u00a0\u00bb sticky_enabled=\u00a0\u00bb0&Prime;][et_pb_fullwidth_header title=\u00a0\u00bb@ET-DC@eyJkeW5hbWljIjp0cnVlLCJjb250ZW50IjoicG9zdF90aXRsZSIsInNldHRpbmdzIjp7ImJlZm9yZSI6IiIsImFmdGVyIjoiIn19@\u00a0\u00bb header_fullscreen=\u00a0\u00bbon\u00a0\u00bb _builder_version=\u00a0\u00bb4.27.0&Prime; _dynamic_attributes=\u00a0\u00bbtitle,background_image\u00a0\u00bb _module_preset=\u00a0\u00bbdefault\u00a0\u00bb title_font=\u00a0\u00bb|||on|||||\u00a0\u00bb title_font_size=\u00a0\u00bb40px\u00a0\u00bb background_color=\u00a0\u00bbrgba(0,0,0,0.5)\u00a0\u00bb background_image=\u00a0\u00bb@ET-DC@eyJkeW5hbWljIjp0cnVlLCJjb250ZW50IjoicG9zdF9mZWF0dXJlZF9pbWFnZSIsInNldHRpbmdzIjp7fX0=@\u00a0\u00bb background_blend=\u00a0\u00bboverlay\u00a0\u00bb hover_enabled=\u00a0\u00bb0&Prime; global_colors_info=\u00a0\u00bb{}\u00a0\u00bb background_last_edited=\u00a0\u00bbon|desktop\u00a0\u00bb sticky_enabled=\u00a0\u00bb0&Prime; background_position_phone=\u00a0\u00bbbottom_right\u00a0\u00bb background_size_phone=\u00a0\u00bbcover\u00a0\u00bb parallax_phone=\u00a0\u00bboff\u00a0\u00bb parallax_method_phone=\u00a0\u00bbon\u00a0\u00bb title_font_size_last_edited=\u00a0\u00bbon|phone\u00a0\u00bb title_font_size_phone=\u00a0\u00bb30px\u00a0\u00bb title_font_size_tablet=\u00a0\u00bb40px\u00a0\u00bb]<\/p>\n<p><span>La gestion des cl\u00e9s peut devenir un v\u00e9ritable casse-t\u00eate,<\/span><span> surtout dans des contextes o\u00f9 les acc\u00e8s sont nombreux et o\u00f9 diff\u00e9rentes personnes ont besoin d&rsquo;acc\u00e9der \u00e0 des zones sp\u00e9cifiques.<\/span><span> Heureusement,<\/span><span> il existe des syst\u00e8mes de cl\u00e9s,<\/span><span> solutions intelligentes qui permettent <\/span><strong>d&rsquo;ouvrir plusieurs cylindres avec une seule cl\u00e9 ou un seul jeu de cl\u00e9s<\/strong><span>,<\/span><span> garantissant un contr\u00f4le d&rsquo;acc\u00e8s hi\u00e9rarchique et optimisant la s\u00e9curit\u00e9.<\/span><\/p>\n<p><span>Choisissez le syst\u00e8me de formation qui r\u00e9pond le mieux \u00e0 vos besoins et profitez d&rsquo;une s\u00e9curit\u00e9 et d&rsquo;une commodit\u00e9 maximales en mati\u00e8re de gestion des acc\u00e8s. Contactez un expert pour recevoir une consultation personnelle et trouver la solution parfaite pour vos besoins. <\/span><\/p>\n<p>[\/et_pb_fullwidth_header][\/et_pb_section][et_pb_section fb_built=\u00a0\u00bb1&Prime; admin_label=\u00a0\u00bbsection\u00a0\u00bb _builder_version=\u00a0\u00bb4.16&Prime; custom_padding=\u00a0\u00bb25px|||||\u00a0\u00bb global_colors_info=\u00a0\u00bb{}\u00a0\u00bb][et_pb_row column_structure=\u00a0\u00bb2_5,3_5&Prime; admin_label=\u00a0\u00bbrang\u00e9e\u00a0\u00bb _builder_version=\u00a0\u00bb4.27.0&Prime; background_size=\u00a0\u00bbinitial\u00a0\u00bb background_position=\u00a0\u00bbtop_left\u00a0\u00bb background_repeat=\u00a0\u00bbrepeat\u00a0\u00bb custom_margin=\u00a0\u00bb-1px|auto||auto||\u00a0\u00bb hover_enabled=\u00a0\u00bb0&Prime; global_colors_info=\u00a0\u00bb{}\u00a0\u00bb sticky_enabled=\u00a0\u00bb0&Prime; width_last_edited=\u00a0\u00bbon|phone\u00a0\u00bb width_phone=\u00a0\u00bb90%\u00a0\u00bb][et_pb_column type=\u00a0\u00bb2_5&Prime; _builder_version=\u00a0\u00bb4.16&Prime; custom_padding=\u00a0\u00bb|||\u00a0\u00bb global_colors_info=\u00a0\u00bb{}\u00a0\u00bb custom_padding__hover=\u00a0\u00bb|||\u00a0\u00bb][et_pb_image src=\u00a0\u00bbhttps:\/\/www.omrserrature.it\/wp-content\/uploads\/2020\/06\/OMR-ammaestramento-sistema-a-chiave-maestra-mk.png\u00a0\u00bb title_text=\u00a0\u00bbtringles\u00a0\u00bb _builder_version=\u00a0\u00bb4.25.1&Prime; _module_preset=\u00a0\u00bbdefault\u00a0\u00bb global_colors_info=\u00a0\u00bb{}\u00a0\u00bb][\/et_pb_image][\/et_pb_column][et_pb_column type=\u00a0\u00bb3_5&Prime; _builder_version=\u00a0\u00bb4.16&Prime; custom_padding=\u00a0\u00bb|||\u00a0\u00bb global_colors_info=\u00a0\u00bb{}\u00a0\u00bb custom_padding__hover=\u00a0\u00bb|||\u00a0\u00bb][et_pb_text admin_label=\u00a0\u00bbText\u00a0\u00bb _builder_version=\u00a0\u00bb4.25.1&Prime; background_size=\u00a0\u00bbinitial\u00a0\u00bb background_position=\u00a0\u00bbtop_left\u00a0\u00bb background_repeat=\u00a0\u00bbrepeat\u00a0\u00bb global_colors_info=\u00a0\u00bb{}\u00a0\u00bb]<\/p>\n<h2>Syst\u00e8me KA Mastered<\/h2>\n<p>Dans ce syst\u00e8me form\u00e9, les diff\u00e9rents cylindres peuvent \u00eatre ouverts \u00e0 l&rsquo;aide d&rsquo;une seule cl\u00e9, car ils ont tous la m\u00eame combinaison. Dans un magasin, par exemple, le vendeur peut ouvrir toutes les vitrines, les tiroirs du comptoir, les stocks et tous les compartiments du magasin tr\u00e8s facilement avec une seule cl\u00e9. <\/p>\n<h2>Syst\u00e8me MK Mastered<\/h2>\n<p>Dans ce syst\u00e8me form\u00e9, il n&rsquo;y a qu&rsquo;une seule cl\u00e9, appel\u00e9e cl\u00e9 principale ou passe-partout, qui ouvre tous les cylindres du syst\u00e8me. Les utilisateurs d&rsquo;un niveau inf\u00e9rieur ne peuvent ouvrir que leur propre cylindre. Utilisation tr\u00e8s fr\u00e9quente dans les bureaux, les h\u00f4tels, les h\u00f4pitaux ou les ASR.  <\/p>\n<h2>Syst\u00e8me form\u00e9 par le CC<\/h2>\n<p class=\"sameHeight\">Dans ce syst\u00e8me form\u00e9, il y a une cl\u00e9 initiale activ\u00e9e, commun\u00e9ment appel\u00e9e cl\u00e9 de chantier, qui est d\u00e9sactiv\u00e9e par l&rsquo;utilisateur, une fois le travail termin\u00e9, \u00e0 l&rsquo;aide d&rsquo;un nouveau jeu de cl\u00e9s scell\u00e9es. Ce syst\u00e8me est fr\u00e9quemment utilis\u00e9 par les fabricants de portes de s\u00e9curit\u00e9, sur les chantiers de construction et lorsque les installateurs ont besoin d&rsquo;un acc\u00e8s temporaire. <\/p>\n<h2>Syst\u00e8me form\u00e9 par le CM<\/h2>\n<p class=\"sameHeight\">Ce syst\u00e8me form\u00e9 est appel\u00e9 \u00ab\u00a0cylindre central\u00a0\u00bb et permet \u00e0 l&rsquo;utilisateur d&rsquo;ouvrir toutes les portes des parties communes avec une seule cl\u00e9, sans jamais pouvoir acc\u00e9der aux parties priv\u00e9es des autres utilisateurs. Dans un immeuble ou une r\u00e9sidence, par exemple, la porte d&rsquo;entr\u00e9e, la porte de la cave et la porte du garage peuvent \u00eatre ouvertes avec une seule cl\u00e9. <\/p>\n<h2>Syst\u00e8me form\u00e9 CMK<\/h2>\n<p class=\"sameHeight\">Les diff\u00e9rents cylindres install\u00e9s dans les parties communes de grands complexes r\u00e9sidentiels ou industriels, chacun avec son propre syst\u00e8me, peuvent \u00eatre ouverts par le gestionnaire avec une seule cl\u00e9. Cette solution est id\u00e9ale pour les administrateurs d&rsquo;immeubles, les gestionnaires d&rsquo;installations, le personnel d&rsquo;entretien, les travailleurs sanitaires et les entreprises de nettoyage. <\/p>\n<h2>Syst\u00e8me form\u00e9 GMK<\/h2>\n<p class=\"sameHeight\">Dans ce syst\u00e8me form\u00e9, couramment utilis\u00e9 par les grandes organisations, une structure hi\u00e9rarchique peut \u00eatre d\u00e9finie o\u00f9, au niveau le plus \u00e9lev\u00e9, les responsables ont un acc\u00e8s illimit\u00e9 aux zones du b\u00e2timent. Au niveau interm\u00e9diaire, en revanche, les chefs de service ou l&rsquo;\u00e9quipe de direction ne peuvent acc\u00e9der qu&rsquo;aux zones plac\u00e9es sous leur responsabilit\u00e9 ; au niveau inf\u00e9rieur, les op\u00e9rateurs et les employ\u00e9s ne peuvent acc\u00e9der qu&rsquo;\u00e0 leur poste de travail ou \u00e0 leur bureau. <\/p>\n<h2>Syst\u00e8me de formation GGMK<\/h2>\n<p class=\"sameHeight\">Ce type de syst\u00e8me a la m\u00eame structure que le GMK, mais avec un niveau sup\u00e9rieur suppl\u00e9mentaire.<br \/>Dans un h\u00f4tel, par exemple, au niveau le plus \u00e9lev\u00e9 (4e niveau) se trouve le chef d&rsquo;\u00e9tage qui peut ouvrir toutes les portes de l&rsquo;h\u00f4tel \u00e0 l&rsquo;aide d&rsquo;une seule cl\u00e9. Au niveau inf\u00e9rieur (3e niveau), chaque chef d&rsquo;\u00e9tage peut ouvrir toutes les portes de son \u00e9tage, mais pas celles des autres \u00e9tages. Au 2e niveau, g\u00e9n\u00e9ralement confi\u00e9 au personnel de nettoyage ou d&rsquo;entretien, les op\u00e9rateurs ne peuvent ouvrir que les portes des chambres qui leur sont attribu\u00e9es. Au niveau le plus bas (1er niveau), les clients ne peuvent ouvrir que leur propre chambre.   <\/p>\n<p>[\/et_pb_text][\/et_pb_column][\/et_pb_row][et_pb_row _builder_version=\u00a0\u00bb4.25.1&Prime; _module_preset=\u00a0\u00bbdefault\u00a0\u00bb custom_padding=\u00a0\u00bb5px||||false|false\u00a0\u00bb saved_tabs=\u00a0\u00bball\u00a0\u00bb global_colors_info=\u00a0\u00bb{}\u00a0\u00bb global_module=\u00a0\u00bb31802&Prime; theme_builder_area=\u00a0\u00bbpost_content\u00a0\u00bb][et_pb_column type=\u00a0\u00bb4_4&Prime; _builder_version=\u00a0\u00bb4.25.1&Prime; _module_preset=\u00a0\u00bbdefault\u00a0\u00bb global_colors_info=\u00a0\u00bb{}\u00a0\u00bb theme_builder_area=\u00a0\u00bbpost_content\u00a0\u00bb][et_pb_button button_url=\u00a0\u00bbmailto:commerciale@omrserrature.it\u00a0\u00bb url_new_window=\u00a0\u00bbon\u00a0\u00bb button_text=\u00a0\u00bbcontactez un consultant\u00a0\u00bb disabled_on=\u00a0\u00bbon|off|off\u00a0\u00bb _builder_version=\u00a0\u00bb4.25.1&Prime; _module_preset=\u00a0\u00bbdefault\u00a0\u00bb locked=\u00a0\u00bboff\u00a0\u00bb global_colors_info=\u00a0\u00bb{}\u00a0\u00bb theme_builder_area=\u00a0\u00bbpost_content\u00a0\u00bb][\/et_pb_button][et_pb_button button_url=\u00a0\u00bbhttps:\/\/wa.me\/393515920442&Prime; url_new_window=\u00a0\u00bbon\u00a0\u00bb button_text=\u00a0\u00bbparlez \u00e0 un consultant\u00a0\u00bb disabled_on=\u00a0\u00bboff|off|on\u00a0\u00bb _builder_version=\u00a0\u00bb4.25.1&Prime; _module_preset=\u00a0\u00bbdefault\u00a0\u00bb locked=\u00a0\u00bboff\u00a0\u00bb global_colors_info=\u00a0\u00bb{}\u00a0\u00bb theme_builder_area=\u00a0\u00bbpost_content\u00a0\u00bb][\/et_pb_button][\/et_pb_column][\/et_pb_row][\/et_pb_section]<\/p>\n","protected":false},"excerpt":{"rendered":"<p>La gestion des cl\u00e9s peut devenir un v\u00e9ritable casse-t\u00eate, surtout dans des contextes o\u00f9 les acc\u00e8s sont nombreux et o\u00f9 diff\u00e9rentes personnes ont besoin d&rsquo;acc\u00e9der \u00e0 des zones sp\u00e9cifiques. Heureusement, il existe des syst\u00e8mes de cl\u00e9s, solutions intelligentes qui permettent d&rsquo;ouvrir plusieurs cylindres avec une seule cl\u00e9 ou un seul jeu de cl\u00e9s, garantissant un [&hellip;]<\/p>\n","protected":false},"author":14,"featured_media":31147,"parent":15866,"menu_order":0,"comment_status":"closed","ping_status":"closed","template":"","meta":{"_acf_changed":false,"_et_pb_use_builder":"on","_et_pb_old_content":"","_et_gb_content_width":"","footnotes":""},"class_list":["post-17752","page","type-page","status-publish","has-post-thumbnail","hentry"],"acf":[],"yoast_head":"<!-- This site is optimized with the Yoast SEO plugin v27.5 - https:\/\/yoast.com\/product\/yoast-seo-wordpress\/ -->\n<title>Formation - OMR Serrature<\/title>\n<meta name=\"description\" content=\"Formation in vendita sul sito http:\/\/omrserrature.it\/ Dal 1950 O.M.R. progetta e propone serrature e sistemi di chiusura di qualit\u00e0 made in Italy.\" \/>\n<meta name=\"robots\" content=\"index, follow, max-snippet:-1, max-image-preview:large, max-video-preview:-1\" \/>\n<link rel=\"canonical\" href=\"https:\/\/www.omrserrature.it\/fr\/a-propos-de-nous\/systeme-a-cle-maitresse\/\" \/>\n<meta property=\"og:locale\" content=\"fr_FR\" \/>\n<meta property=\"og:type\" content=\"article\" \/>\n<meta property=\"og:title\" content=\"Formation - OMR Serrature\" \/>\n<meta property=\"og:description\" content=\"Formation in vendita sul sito http:\/\/omrserrature.it\/ Dal 1950 O.M.R. progetta e propone serrature e sistemi di chiusura di qualit\u00e0 made in Italy.\" \/>\n<meta property=\"og:url\" content=\"https:\/\/www.omrserrature.it\/fr\/a-propos-de-nous\/systeme-a-cle-maitresse\/\" \/>\n<meta property=\"og:site_name\" content=\"OMR Serrature | Produzione sistemi di chiusura\" \/>\n<meta property=\"article:publisher\" content=\"https:\/\/www.facebook.com\/OMRserrature\" \/>\n<meta property=\"article:modified_time\" content=\"2025-04-28T08:38:53+00:00\" \/>\n<meta name=\"twitter:card\" content=\"summary_large_image\" \/>\n<meta name=\"twitter:label1\" content=\"Dur\u00e9e de lecture estim\u00e9e\" \/>\n\t<meta name=\"twitter:data1\" content=\"5 minutes\" \/>\n<script type=\"application\/ld+json\" class=\"yoast-schema-graph\">{\"@context\":\"https:\\\/\\\/schema.org\",\"@graph\":[{\"@type\":\"WebPage\",\"@id\":\"https:\\\/\\\/www.omrserrature.it\\\/fr\\\/a-propos-de-nous\\\/systeme-a-cle-maitresse\\\/\",\"url\":\"https:\\\/\\\/www.omrserrature.it\\\/fr\\\/a-propos-de-nous\\\/systeme-a-cle-maitresse\\\/\",\"name\":\"Formation - OMR Serrature\",\"isPartOf\":{\"@id\":\"https:\\\/\\\/www.omrserrature.it\\\/fr\\\/#website\"},\"primaryImageOfPage\":{\"@id\":\"https:\\\/\\\/www.omrserrature.it\\\/fr\\\/a-propos-de-nous\\\/systeme-a-cle-maitresse\\\/#primaryimage\"},\"image\":{\"@id\":\"https:\\\/\\\/www.omrserrature.it\\\/fr\\\/a-propos-de-nous\\\/systeme-a-cle-maitresse\\\/#primaryimage\"},\"thumbnailUrl\":\"https:\\\/\\\/www.omrserrature.it\\\/wp-content\\\/uploads\\\/2024\\\/06\\\/2778.jpg\",\"datePublished\":\"2020-05-28T07:05:27+00:00\",\"dateModified\":\"2025-04-28T08:38:53+00:00\",\"description\":\"Formation in vendita sul sito http:\\\/\\\/omrserrature.it\\\/ Dal 1950 O.M.R. progetta e propone serrature e sistemi di chiusura di qualit\u00e0 made in Italy.\",\"breadcrumb\":{\"@id\":\"https:\\\/\\\/www.omrserrature.it\\\/fr\\\/a-propos-de-nous\\\/systeme-a-cle-maitresse\\\/#breadcrumb\"},\"inLanguage\":\"fr-FR\",\"potentialAction\":[{\"@type\":\"ReadAction\",\"target\":[\"https:\\\/\\\/www.omrserrature.it\\\/fr\\\/a-propos-de-nous\\\/systeme-a-cle-maitresse\\\/\"]}]},{\"@type\":\"ImageObject\",\"inLanguage\":\"fr-FR\",\"@id\":\"https:\\\/\\\/www.omrserrature.it\\\/fr\\\/a-propos-de-nous\\\/systeme-a-cle-maitresse\\\/#primaryimage\",\"url\":\"https:\\\/\\\/www.omrserrature.it\\\/wp-content\\\/uploads\\\/2024\\\/06\\\/2778.jpg\",\"contentUrl\":\"https:\\\/\\\/www.omrserrature.it\\\/wp-content\\\/uploads\\\/2024\\\/06\\\/2778.jpg\",\"width\":2000,\"height\":753,\"caption\":\"Ammaestramento delle chiavi - sistema di gestione passe-partout\"},{\"@type\":\"BreadcrumbList\",\"@id\":\"https:\\\/\\\/www.omrserrature.it\\\/fr\\\/a-propos-de-nous\\\/systeme-a-cle-maitresse\\\/#breadcrumb\",\"itemListElement\":[{\"@type\":\"ListItem\",\"position\":1,\"name\":\"Home\",\"item\":\"https:\\\/\\\/www.omrserrature.it\\\/fr\\\/omr-serrures-et-systemes-de-verrouillage\\\/\"},{\"@type\":\"ListItem\",\"position\":2,\"name\":\"Entreprise\",\"item\":\"https:\\\/\\\/www.omrserrature.it\\\/fr\\\/a-propos-de-nous\\\/?lang=fr\"},{\"@type\":\"ListItem\",\"position\":3,\"name\":\"Syst\u00e8me \u00e0 cl\u00e9 ma\u00eetresse\"}]},{\"@type\":\"WebSite\",\"@id\":\"https:\\\/\\\/www.omrserrature.it\\\/fr\\\/#website\",\"url\":\"https:\\\/\\\/www.omrserrature.it\\\/fr\\\/\",\"name\":\"OMR Serrature | Produzione sistemi di chiusura\",\"description\":\"Produzione serrature di sicurezza e sistemi di chiusura\",\"publisher\":{\"@id\":\"https:\\\/\\\/www.omrserrature.it\\\/fr\\\/#organization\"},\"potentialAction\":[{\"@type\":\"SearchAction\",\"target\":{\"@type\":\"EntryPoint\",\"urlTemplate\":\"https:\\\/\\\/www.omrserrature.it\\\/fr\\\/?s={search_term_string}\"},\"query-input\":{\"@type\":\"PropertyValueSpecification\",\"valueRequired\":true,\"valueName\":\"search_term_string\"}}],\"inLanguage\":\"fr-FR\"},{\"@type\":\"Organization\",\"@id\":\"https:\\\/\\\/www.omrserrature.it\\\/fr\\\/#organization\",\"name\":\"OMR Serrature | Produzione sistemi di chiusura\",\"url\":\"https:\\\/\\\/www.omrserrature.it\\\/fr\\\/\",\"logo\":{\"@type\":\"ImageObject\",\"inLanguage\":\"fr-FR\",\"@id\":\"https:\\\/\\\/www.omrserrature.it\\\/fr\\\/#\\\/schema\\\/logo\\\/image\\\/\",\"url\":\"https:\\\/\\\/www.omrserrature.it\\\/wp-content\\\/uploads\\\/2017\\\/09\\\/favicon-omr-114.png\",\"contentUrl\":\"https:\\\/\\\/www.omrserrature.it\\\/wp-content\\\/uploads\\\/2017\\\/09\\\/favicon-omr-114.png\",\"width\":114,\"height\":114,\"caption\":\"OMR Serrature | Produzione sistemi di chiusura\"},\"image\":{\"@id\":\"https:\\\/\\\/www.omrserrature.it\\\/fr\\\/#\\\/schema\\\/logo\\\/image\\\/\"},\"sameAs\":[\"https:\\\/\\\/www.facebook.com\\\/OMRserrature\",\"https:\\\/\\\/www.linkedin.com\\\/company\\\/omrserrature\\\/\",\"https:\\\/\\\/www.youtube.com\\\/channel\\\/UCxmA85z2R0EpG_6IRokiAkg\"]}]}<\/script>\n<!-- \/ Yoast SEO plugin. -->","yoast_head_json":{"title":"Formation - OMR Serrature","description":"Formation in vendita sul sito http:\/\/omrserrature.it\/ Dal 1950 O.M.R. progetta e propone serrature e sistemi di chiusura di qualit\u00e0 made in Italy.","robots":{"index":"index","follow":"follow","max-snippet":"max-snippet:-1","max-image-preview":"max-image-preview:large","max-video-preview":"max-video-preview:-1"},"canonical":"https:\/\/www.omrserrature.it\/fr\/a-propos-de-nous\/systeme-a-cle-maitresse\/","og_locale":"fr_FR","og_type":"article","og_title":"Formation - OMR Serrature","og_description":"Formation in vendita sul sito http:\/\/omrserrature.it\/ Dal 1950 O.M.R. progetta e propone serrature e sistemi di chiusura di qualit\u00e0 made in Italy.","og_url":"https:\/\/www.omrserrature.it\/fr\/a-propos-de-nous\/systeme-a-cle-maitresse\/","og_site_name":"OMR Serrature | Produzione sistemi di chiusura","article_publisher":"https:\/\/www.facebook.com\/OMRserrature","article_modified_time":"2025-04-28T08:38:53+00:00","twitter_card":"summary_large_image","twitter_misc":{"Dur\u00e9e de lecture estim\u00e9e":"5 minutes"},"schema":{"@context":"https:\/\/schema.org","@graph":[{"@type":"WebPage","@id":"https:\/\/www.omrserrature.it\/fr\/a-propos-de-nous\/systeme-a-cle-maitresse\/","url":"https:\/\/www.omrserrature.it\/fr\/a-propos-de-nous\/systeme-a-cle-maitresse\/","name":"Formation - OMR Serrature","isPartOf":{"@id":"https:\/\/www.omrserrature.it\/fr\/#website"},"primaryImageOfPage":{"@id":"https:\/\/www.omrserrature.it\/fr\/a-propos-de-nous\/systeme-a-cle-maitresse\/#primaryimage"},"image":{"@id":"https:\/\/www.omrserrature.it\/fr\/a-propos-de-nous\/systeme-a-cle-maitresse\/#primaryimage"},"thumbnailUrl":"https:\/\/www.omrserrature.it\/wp-content\/uploads\/2024\/06\/2778.jpg","datePublished":"2020-05-28T07:05:27+00:00","dateModified":"2025-04-28T08:38:53+00:00","description":"Formation in vendita sul sito http:\/\/omrserrature.it\/ Dal 1950 O.M.R. progetta e propone serrature e sistemi di chiusura di qualit\u00e0 made in Italy.","breadcrumb":{"@id":"https:\/\/www.omrserrature.it\/fr\/a-propos-de-nous\/systeme-a-cle-maitresse\/#breadcrumb"},"inLanguage":"fr-FR","potentialAction":[{"@type":"ReadAction","target":["https:\/\/www.omrserrature.it\/fr\/a-propos-de-nous\/systeme-a-cle-maitresse\/"]}]},{"@type":"ImageObject","inLanguage":"fr-FR","@id":"https:\/\/www.omrserrature.it\/fr\/a-propos-de-nous\/systeme-a-cle-maitresse\/#primaryimage","url":"https:\/\/www.omrserrature.it\/wp-content\/uploads\/2024\/06\/2778.jpg","contentUrl":"https:\/\/www.omrserrature.it\/wp-content\/uploads\/2024\/06\/2778.jpg","width":2000,"height":753,"caption":"Ammaestramento delle chiavi - sistema di gestione passe-partout"},{"@type":"BreadcrumbList","@id":"https:\/\/www.omrserrature.it\/fr\/a-propos-de-nous\/systeme-a-cle-maitresse\/#breadcrumb","itemListElement":[{"@type":"ListItem","position":1,"name":"Home","item":"https:\/\/www.omrserrature.it\/fr\/omr-serrures-et-systemes-de-verrouillage\/"},{"@type":"ListItem","position":2,"name":"Entreprise","item":"https:\/\/www.omrserrature.it\/fr\/a-propos-de-nous\/?lang=fr"},{"@type":"ListItem","position":3,"name":"Syst\u00e8me \u00e0 cl\u00e9 ma\u00eetresse"}]},{"@type":"WebSite","@id":"https:\/\/www.omrserrature.it\/fr\/#website","url":"https:\/\/www.omrserrature.it\/fr\/","name":"OMR Serrature | Produzione sistemi di chiusura","description":"Produzione serrature di sicurezza e sistemi di chiusura","publisher":{"@id":"https:\/\/www.omrserrature.it\/fr\/#organization"},"potentialAction":[{"@type":"SearchAction","target":{"@type":"EntryPoint","urlTemplate":"https:\/\/www.omrserrature.it\/fr\/?s={search_term_string}"},"query-input":{"@type":"PropertyValueSpecification","valueRequired":true,"valueName":"search_term_string"}}],"inLanguage":"fr-FR"},{"@type":"Organization","@id":"https:\/\/www.omrserrature.it\/fr\/#organization","name":"OMR Serrature | Produzione sistemi di chiusura","url":"https:\/\/www.omrserrature.it\/fr\/","logo":{"@type":"ImageObject","inLanguage":"fr-FR","@id":"https:\/\/www.omrserrature.it\/fr\/#\/schema\/logo\/image\/","url":"https:\/\/www.omrserrature.it\/wp-content\/uploads\/2017\/09\/favicon-omr-114.png","contentUrl":"https:\/\/www.omrserrature.it\/wp-content\/uploads\/2017\/09\/favicon-omr-114.png","width":114,"height":114,"caption":"OMR Serrature | Produzione sistemi di chiusura"},"image":{"@id":"https:\/\/www.omrserrature.it\/fr\/#\/schema\/logo\/image\/"},"sameAs":["https:\/\/www.facebook.com\/OMRserrature","https:\/\/www.linkedin.com\/company\/omrserrature\/","https:\/\/www.youtube.com\/channel\/UCxmA85z2R0EpG_6IRokiAkg"]}]}},"_links":{"self":[{"href":"https:\/\/www.omrserrature.it\/fr\/wp-json\/wp\/v2\/pages\/17752","targetHints":{"allow":["GET"]}}],"collection":[{"href":"https:\/\/www.omrserrature.it\/fr\/wp-json\/wp\/v2\/pages"}],"about":[{"href":"https:\/\/www.omrserrature.it\/fr\/wp-json\/wp\/v2\/types\/page"}],"author":[{"embeddable":true,"href":"https:\/\/www.omrserrature.it\/fr\/wp-json\/wp\/v2\/users\/14"}],"replies":[{"embeddable":true,"href":"https:\/\/www.omrserrature.it\/fr\/wp-json\/wp\/v2\/comments?post=17752"}],"version-history":[{"count":6,"href":"https:\/\/www.omrserrature.it\/fr\/wp-json\/wp\/v2\/pages\/17752\/revisions"}],"predecessor-version":[{"id":243004,"href":"https:\/\/www.omrserrature.it\/fr\/wp-json\/wp\/v2\/pages\/17752\/revisions\/243004"}],"up":[{"embeddable":true,"href":"https:\/\/www.omrserrature.it\/fr\/wp-json\/wp\/v2\/pages\/15866"}],"wp:featuredmedia":[{"embeddable":true,"href":"https:\/\/www.omrserrature.it\/fr\/wp-json\/wp\/v2\/media\/31147"}],"wp:attachment":[{"href":"https:\/\/www.omrserrature.it\/fr\/wp-json\/wp\/v2\/media?parent=17752"}],"curies":[{"name":"wp","href":"https:\/\/api.w.org\/{rel}","templated":true}]}}