{"id":26269,"date":"2018-07-13T10:25:41","date_gmt":"2013-07-18T08:25:00","guid":{"rendered":"https:\/\/www.staging6.omrserrature.it\/prodotto\/llave-de-impresion-de-plastico-cuello-d11\/"},"modified":"2026-04-08T12:01:31","modified_gmt":"2026-04-08T10:01:31","slug":"llave-impresion-d11","status":"publish","type":"product","link":"https:\/\/www.omrserrature.it\/es\/producto\/llave-impresion-d11\/","title":{"rendered":"Llave de z\u00f3calo de pl\u00e1stico &#8211; cuello D11"},"content":{"rendered":"<p style=\"font-weight: 400;\">La <strong>llave de z\u00f3calo<\/strong> de poliamida con cuello de <strong>11 mm de di\u00e1metro<\/strong> presenta una empu\u00f1adura anat\u00f3mica antideslizante en cuyo extremo se encuentra la <strong>forma de inserto <\/strong>con<strong> cuadrado <\/strong>o<strong> tri\u00e1ngulo<\/strong>. Debido a su reducido tama\u00f1o, estas llaves<strong>\u00absmall<\/strong>size\u00bb son extremadamente pr\u00e1cticas y vers\u00e1tiles en comparaci\u00f3n con sus hermanas \u00abbig size\u00bb de aleaci\u00f3n de zamak niquelado. Suelen utilizarse para maniobrar <strong>cerraduras<\/strong> de \u00bc de <strong>vuelta<\/strong>, triangulares o cuadradas, que se encuentran en cuadros el\u00e9ctricos, puertas de contadores y un gran n\u00famero de carpinter\u00edas met\u00e1licas.<\/p>\n","protected":false},"excerpt":{"rendered":"<p style=\"font-weight: 400;\">La <strong>llave de z\u00f3calo<\/strong> de poliamida con cuello de <strong>11 mm de di\u00e1metro<\/strong> presenta una empu\u00f1adura anat\u00f3mica antideslizante en cuyo extremo se encuentra la <strong>forma de inserto <\/strong>con<strong> cuadrado <\/strong>o<strong> tri\u00e1ngulo<\/strong>. Debido a su reducido tama\u00f1o, estas llaves<strong>\u00absmall<\/strong>size\u00bb son extremadamente pr\u00e1cticas y vers\u00e1tiles en comparaci\u00f3n con sus hermanas \u00abbig size\u00bb de aleaci\u00f3n de zamak niquelado. Suelen utilizarse para maniobrar <strong>cerraduras<\/strong> de \u00bc de <strong>vuelta<\/strong>, triangulares o cuadradas, que se encuentran en cuadros el\u00e9ctricos, puertas de contadores y un gran n\u00famero de carpinter\u00edas met\u00e1licas.<\/p>\n","protected":false},"featured_media":8972,"comment_status":"open","ping_status":"closed","template":"","meta":{"_acf_changed":false,"_et_pb_use_builder":"","_et_pb_old_content":"","_et_gb_content_width":""},"product_brand":[],"product_cat":[3929],"product_tag":[],"class_list":{"0":"post-26269","1":"product","2":"type-product","3":"status-publish","4":"has-post-thumbnail","6":"product_cat-productos","8":"first","9":"instock","10":"shipping-taxable","11":"purchasable","12":"product-type-variable"},"acf":{"pdf1":false},"yoast_head":"<!-- This site is optimized with the Yoast SEO plugin v27.2 - https:\/\/yoast.com\/product\/yoast-seo-wordpress\/ -->\n<title>Llave de z\u00f3calo de pl\u00e1stico - cuello D11 - OMR Serrature<\/title>\n<meta name=\"robots\" content=\"index, follow, max-snippet:-1, max-image-preview:large, max-video-preview:-1\" \/>\n<link rel=\"canonical\" href=\"https:\/\/www.omrserrature.it\/es\/producto\/llave-impresion-d11\/\" \/>\n<meta property=\"og:locale\" content=\"es_ES\" \/>\n<meta property=\"og:type\" content=\"article\" \/>\n<meta property=\"og:title\" content=\"Llave de z\u00f3calo de pl\u00e1stico - cuello D11 - OMR Serrature\" \/>\n<meta property=\"og:description\" content=\"La llave de z\u00f3calo de poliamida con cuello de 11 mm de di\u00e1metro presenta una empu\u00f1adura anat\u00f3mica antideslizante en cuyo extremo se encuentra la forma de inserto con cuadrado o tri\u00e1ngulo. Debido a su reducido tama\u00f1o, estas llaves&quot;smallsize&quot; son extremadamente pr\u00e1cticas y vers\u00e1tiles en comparaci\u00f3n con sus hermanas &quot;big size&quot; de aleaci\u00f3n de zamak niquelado. Suelen utilizarse para maniobrar cerraduras de \u00bc de vuelta, triangulares o cuadradas, que se encuentran en cuadros el\u00e9ctricos, puertas de contadores y un gran n\u00famero de carpinter\u00edas met\u00e1licas.\" \/>\n<meta property=\"og:url\" content=\"https:\/\/www.omrserrature.it\/es\/producto\/llave-impresion-d11\/\" \/>\n<meta property=\"og:site_name\" content=\"OMR Serrature | Produzione sistemi di chiusura\" \/>\n<meta property=\"article:publisher\" content=\"https:\/\/www.facebook.com\/OMRserrature\" \/>\n<meta property=\"article:modified_time\" content=\"2026-04-08T10:01:31+00:00\" \/>\n<meta property=\"og:image\" content=\"https:\/\/www.omrserrature.it\/wp-content\/uploads\/2018\/07\/SCHD04722.jpg\" \/>\n\t<meta property=\"og:image:width\" content=\"228\" \/>\n\t<meta property=\"og:image:height\" content=\"226\" \/>\n\t<meta property=\"og:image:type\" content=\"image\/jpeg\" \/>\n<meta name=\"twitter:card\" content=\"summary_large_image\" \/>\n<script type=\"application\/ld+json\" class=\"yoast-schema-graph\">{\"@context\":\"https:\/\/schema.org\",\"@graph\":[{\"@type\":\"WebPage\",\"@id\":\"https:\/\/www.omrserrature.it\/es\/producto\/llave-impresion-d11\/\",\"url\":\"https:\/\/www.omrserrature.it\/es\/producto\/llave-impresion-d11\/\",\"name\":\"Llave de z\u00f3calo de pl\u00e1stico - cuello D11 - OMR Serrature\",\"isPartOf\":{\"@id\":\"https:\/\/www.omrserrature.it\/es\/#website\"},\"primaryImageOfPage\":{\"@id\":\"https:\/\/www.omrserrature.it\/es\/producto\/llave-impresion-d11\/#primaryimage\"},\"image\":{\"@id\":\"https:\/\/www.omrserrature.it\/es\/producto\/llave-impresion-d11\/#primaryimage\"},\"thumbnailUrl\":\"https:\/\/www.omrserrature.it\/wp-content\/uploads\/2018\/07\/SCHD04722.jpg\",\"datePublished\":\"2013-07-18T08:25:00+00:00\",\"dateModified\":\"2026-04-08T10:01:31+00:00\",\"breadcrumb\":{\"@id\":\"https:\/\/www.omrserrature.it\/es\/producto\/llave-impresion-d11\/#breadcrumb\"},\"inLanguage\":\"es\",\"potentialAction\":[{\"@type\":\"ReadAction\",\"target\":[\"https:\/\/www.omrserrature.it\/es\/producto\/llave-impresion-d11\/\"]}]},{\"@type\":\"ImageObject\",\"inLanguage\":\"es\",\"@id\":\"https:\/\/www.omrserrature.it\/es\/producto\/llave-impresion-d11\/#primaryimage\",\"url\":\"https:\/\/www.omrserrature.it\/wp-content\/uploads\/2018\/07\/SCHD04722.jpg\",\"contentUrl\":\"https:\/\/www.omrserrature.it\/wp-content\/uploads\/2018\/07\/SCHD04722.jpg\",\"width\":228,\"height\":226,\"caption\":\"Llave de z\u00f3calo de pl\u00e1stico con cuello de 11 mm - SCHD04722\"},{\"@type\":\"BreadcrumbList\",\"@id\":\"https:\/\/www.omrserrature.it\/es\/producto\/llave-impresion-d11\/#breadcrumb\",\"itemListElement\":[{\"@type\":\"ListItem\",\"position\":1,\"name\":\"Home\",\"item\":\"https:\/\/www.omrserrature.it\/es\/omr-cerradiras-y-sistemas-de-cierre\/\"},{\"@type\":\"ListItem\",\"position\":2,\"name\":\"Cat\u00e1logo\",\"item\":\"https:\/\/www.omrserrature.it\/catalogo\/?lang=es\"},{\"@type\":\"ListItem\",\"position\":3,\"name\":\"Productos\",\"item\":\"https:\/\/www.omrserrature.it\/es\/inventario\/productos\/\"},{\"@type\":\"ListItem\",\"position\":4,\"name\":\"Llave de z\u00f3calo de pl\u00e1stico &#8211; cuello D11\"}]},{\"@type\":\"WebSite\",\"@id\":\"https:\/\/www.omrserrature.it\/es\/#website\",\"url\":\"https:\/\/www.omrserrature.it\/es\/\",\"name\":\"OMR Serrature | Produzione sistemi di chiusura\",\"description\":\"Produzione serrature di sicurezza e sistemi di chiusura\",\"publisher\":{\"@id\":\"https:\/\/www.omrserrature.it\/es\/#organization\"},\"potentialAction\":[{\"@type\":\"SearchAction\",\"target\":{\"@type\":\"EntryPoint\",\"urlTemplate\":\"https:\/\/www.omrserrature.it\/es\/?s={search_term_string}\"},\"query-input\":{\"@type\":\"PropertyValueSpecification\",\"valueRequired\":true,\"valueName\":\"search_term_string\"}}],\"inLanguage\":\"es\"},{\"@type\":\"Organization\",\"@id\":\"https:\/\/www.omrserrature.it\/es\/#organization\",\"name\":\"OMR Serrature | Produzione sistemi di chiusura\",\"url\":\"https:\/\/www.omrserrature.it\/es\/\",\"logo\":{\"@type\":\"ImageObject\",\"inLanguage\":\"es\",\"@id\":\"https:\/\/www.omrserrature.it\/es\/#\/schema\/logo\/image\/\",\"url\":\"https:\/\/www.omrserrature.it\/wp-content\/uploads\/2017\/09\/favicon-omr-114.png\",\"contentUrl\":\"https:\/\/www.omrserrature.it\/wp-content\/uploads\/2017\/09\/favicon-omr-114.png\",\"width\":114,\"height\":114,\"caption\":\"OMR Serrature | Produzione sistemi di chiusura\"},\"image\":{\"@id\":\"https:\/\/www.omrserrature.it\/es\/#\/schema\/logo\/image\/\"},\"sameAs\":[\"https:\/\/www.facebook.com\/OMRserrature\",\"https:\/\/www.linkedin.com\/company\/omrserrature\/\",\"https:\/\/www.youtube.com\/channel\/UCxmA85z2R0EpG_6IRokiAkg\"]}]}<\/script>\n<!-- \/ Yoast SEO plugin. -->","yoast_head_json":{"title":"Llave de z\u00f3calo de pl\u00e1stico - cuello D11 - OMR Serrature","robots":{"index":"index","follow":"follow","max-snippet":"max-snippet:-1","max-image-preview":"max-image-preview:large","max-video-preview":"max-video-preview:-1"},"canonical":"https:\/\/www.omrserrature.it\/es\/producto\/llave-impresion-d11\/","og_locale":"es_ES","og_type":"article","og_title":"Llave de z\u00f3calo de pl\u00e1stico - cuello D11 - OMR Serrature","og_description":"La llave de z\u00f3calo de poliamida con cuello de 11 mm de di\u00e1metro presenta una empu\u00f1adura anat\u00f3mica antideslizante en cuyo extremo se encuentra la forma de inserto con cuadrado o tri\u00e1ngulo. Debido a su reducido tama\u00f1o, estas llaves\"smallsize\" son extremadamente pr\u00e1cticas y vers\u00e1tiles en comparaci\u00f3n con sus hermanas \"big size\" de aleaci\u00f3n de zamak niquelado. Suelen utilizarse para maniobrar cerraduras de \u00bc de vuelta, triangulares o cuadradas, que se encuentran en cuadros el\u00e9ctricos, puertas de contadores y un gran n\u00famero de carpinter\u00edas met\u00e1licas.","og_url":"https:\/\/www.omrserrature.it\/es\/producto\/llave-impresion-d11\/","og_site_name":"OMR Serrature | Produzione sistemi di chiusura","article_publisher":"https:\/\/www.facebook.com\/OMRserrature","article_modified_time":"2026-04-08T10:01:31+00:00","og_image":[{"width":228,"height":226,"url":"https:\/\/www.omrserrature.it\/wp-content\/uploads\/2018\/07\/SCHD04722.jpg","type":"image\/jpeg"}],"twitter_card":"summary_large_image","schema":{"@context":"https:\/\/schema.org","@graph":[{"@type":"WebPage","@id":"https:\/\/www.omrserrature.it\/es\/producto\/llave-impresion-d11\/","url":"https:\/\/www.omrserrature.it\/es\/producto\/llave-impresion-d11\/","name":"Llave de z\u00f3calo de pl\u00e1stico - cuello D11 - OMR Serrature","isPartOf":{"@id":"https:\/\/www.omrserrature.it\/es\/#website"},"primaryImageOfPage":{"@id":"https:\/\/www.omrserrature.it\/es\/producto\/llave-impresion-d11\/#primaryimage"},"image":{"@id":"https:\/\/www.omrserrature.it\/es\/producto\/llave-impresion-d11\/#primaryimage"},"thumbnailUrl":"https:\/\/www.omrserrature.it\/wp-content\/uploads\/2018\/07\/SCHD04722.jpg","datePublished":"2013-07-18T08:25:00+00:00","dateModified":"2026-04-08T10:01:31+00:00","breadcrumb":{"@id":"https:\/\/www.omrserrature.it\/es\/producto\/llave-impresion-d11\/#breadcrumb"},"inLanguage":"es","potentialAction":[{"@type":"ReadAction","target":["https:\/\/www.omrserrature.it\/es\/producto\/llave-impresion-d11\/"]}]},{"@type":"ImageObject","inLanguage":"es","@id":"https:\/\/www.omrserrature.it\/es\/producto\/llave-impresion-d11\/#primaryimage","url":"https:\/\/www.omrserrature.it\/wp-content\/uploads\/2018\/07\/SCHD04722.jpg","contentUrl":"https:\/\/www.omrserrature.it\/wp-content\/uploads\/2018\/07\/SCHD04722.jpg","width":228,"height":226,"caption":"Llave de z\u00f3calo de pl\u00e1stico con cuello de 11 mm - SCHD04722"},{"@type":"BreadcrumbList","@id":"https:\/\/www.omrserrature.it\/es\/producto\/llave-impresion-d11\/#breadcrumb","itemListElement":[{"@type":"ListItem","position":1,"name":"Home","item":"https:\/\/www.omrserrature.it\/es\/omr-cerradiras-y-sistemas-de-cierre\/"},{"@type":"ListItem","position":2,"name":"Cat\u00e1logo","item":"https:\/\/www.omrserrature.it\/catalogo\/?lang=es"},{"@type":"ListItem","position":3,"name":"Productos","item":"https:\/\/www.omrserrature.it\/es\/inventario\/productos\/"},{"@type":"ListItem","position":4,"name":"Llave de z\u00f3calo de pl\u00e1stico &#8211; cuello D11"}]},{"@type":"WebSite","@id":"https:\/\/www.omrserrature.it\/es\/#website","url":"https:\/\/www.omrserrature.it\/es\/","name":"OMR Serrature | Produzione sistemi di chiusura","description":"Produzione serrature di sicurezza e sistemi di chiusura","publisher":{"@id":"https:\/\/www.omrserrature.it\/es\/#organization"},"potentialAction":[{"@type":"SearchAction","target":{"@type":"EntryPoint","urlTemplate":"https:\/\/www.omrserrature.it\/es\/?s={search_term_string}"},"query-input":{"@type":"PropertyValueSpecification","valueRequired":true,"valueName":"search_term_string"}}],"inLanguage":"es"},{"@type":"Organization","@id":"https:\/\/www.omrserrature.it\/es\/#organization","name":"OMR Serrature | Produzione sistemi di chiusura","url":"https:\/\/www.omrserrature.it\/es\/","logo":{"@type":"ImageObject","inLanguage":"es","@id":"https:\/\/www.omrserrature.it\/es\/#\/schema\/logo\/image\/","url":"https:\/\/www.omrserrature.it\/wp-content\/uploads\/2017\/09\/favicon-omr-114.png","contentUrl":"https:\/\/www.omrserrature.it\/wp-content\/uploads\/2017\/09\/favicon-omr-114.png","width":114,"height":114,"caption":"OMR Serrature | Produzione sistemi di chiusura"},"image":{"@id":"https:\/\/www.omrserrature.it\/es\/#\/schema\/logo\/image\/"},"sameAs":["https:\/\/www.facebook.com\/OMRserrature","https:\/\/www.linkedin.com\/company\/omrserrature\/","https:\/\/www.youtube.com\/channel\/UCxmA85z2R0EpG_6IRokiAkg"]}]}},"_links":{"self":[{"href":"https:\/\/www.omrserrature.it\/es\/wp-json\/wp\/v2\/product\/26269","targetHints":{"allow":["GET"]}}],"collection":[{"href":"https:\/\/www.omrserrature.it\/es\/wp-json\/wp\/v2\/product"}],"about":[{"href":"https:\/\/www.omrserrature.it\/es\/wp-json\/wp\/v2\/types\/product"}],"replies":[{"embeddable":true,"href":"https:\/\/www.omrserrature.it\/es\/wp-json\/wp\/v2\/comments?post=26269"}],"wp:featuredmedia":[{"embeddable":true,"href":"https:\/\/www.omrserrature.it\/es\/wp-json\/wp\/v2\/media\/8972"}],"wp:attachment":[{"href":"https:\/\/www.omrserrature.it\/es\/wp-json\/wp\/v2\/media?parent=26269"}],"wp:term":[{"taxonomy":"product_brand","embeddable":true,"href":"https:\/\/www.omrserrature.it\/es\/wp-json\/wp\/v2\/product_brand?post=26269"},{"taxonomy":"product_cat","embeddable":true,"href":"https:\/\/www.omrserrature.it\/es\/wp-json\/wp\/v2\/product_cat?post=26269"},{"taxonomy":"product_tag","embeddable":true,"href":"https:\/\/www.omrserrature.it\/es\/wp-json\/wp\/v2\/product_tag?post=26269"}],"curies":[{"name":"wp","href":"https:\/\/api.w.org\/{rel}","templated":true}]}}