{"id":259700,"date":"2017-10-12T17:32:27","date_gmt":"2012-10-17T15:32:00","guid":{"rendered":"https:\/\/www.omrserrature.it\/prodotto\/cerradura-cremona-de-dos-puntos-bombin-de-laminas\/"},"modified":"2017-10-12T17:32:27","modified_gmt":"2017-10-12T15:32:27","slug":"cerradura-cremona-de-dos-puntos-bombin-de-laminas","status":"publish","type":"product","link":"https:\/\/www.omrserrature.it\/es\/producto\/cerradura-cremona-de-dos-puntos-bombin-de-laminas\/","title":{"rendered":"Cerradura cremona de dos puntos (bombin de laminas)"},"content":{"rendered":"<p>La <strong>cerradura cremona de dos puntos<\/strong> permite una instalaci\u00f3n perfecta en <strong>puertas de madera y puertas de balcones<\/strong>, as\u00ed como en <strong>cuadros el\u00e9ctricos de distribuci\u00f3n<\/strong> y <strong>control<\/strong>, puertas, muebles de oficina y <strong>puertas de armarios altos de madera y metal<\/strong>. El mecanismo interno se acciona mediante un bombin de l\u00e1minas de aleaci\u00f3n. Esta<strong> cremona con cerradura<\/strong> ofrece dos puntos de expansi\u00f3n.  <\/p>\n<p>La <strong>cerradura cremona de 2 puntos<\/strong>, tambi\u00e9n conocida como cierre multipunto, cerradura de embutir o cerradura de <strong>doble expansi\u00f3n<\/strong>, consta de una caja y un cilindro con un mecanismo de l\u00e1minas de metal fundido a presi\u00f3n. Al introducir la llave y girar el cilindro, se ponen en movimiento los dos eslabones a los que est\u00e1n conectadas <strong>las varillas<\/strong> que, con un movimiento de deslizamiento, permiten abrir o cerrar la puerta.<\/p>\n","protected":false},"excerpt":{"rendered":"<p>La cerradura de falleba de dos puntos permite una instalaci\u00f3n perfecta en puertas de madera y puertas de balcones, as\u00ed como en armarios de distribuci\u00f3n y control, puertas, muebles de oficina y puertas de armarios altos de madera y metal. El mecanismo interno se acciona mediante un bombin de l\u00e1minas de aleaci\u00f3n. Esta falleba con cerradura ofrece dos puntos de expansi\u00f3n.  <\/p>\n","protected":false},"featured_media":3753,"comment_status":"open","ping_status":"closed","template":"","meta":{"_acf_changed":false,"_et_pb_use_builder":"","_et_pb_old_content":"","_et_gb_content_width":""},"product_brand":[],"product_cat":[3937,3951],"product_tag":[],"class_list":{"0":"post-259700","1":"product","2":"type-product","3":"status-publish","4":"has-post-thumbnail","6":"product_cat-cerradura-multipunto","7":"product_cat-cerraduras-con-llave-maestra","9":"first","10":"instock","11":"shipping-taxable","12":"product-type-simple"},"acf":{"pdf1":"https:\/\/www.omrserrature.it\/wp-content\/uploads\/schede\/Scheda_220250.pdf"},"yoast_head":"<!-- This site is optimized with the Yoast SEO plugin v27.2 - https:\/\/yoast.com\/product\/yoast-seo-wordpress\/ -->\n<title>Cerradura cremona de dos puntos (bombin de laminas) - OMR Serrature<\/title>\n<meta name=\"robots\" content=\"index, follow, max-snippet:-1, max-image-preview:large, max-video-preview:-1\" \/>\n<link rel=\"canonical\" href=\"https:\/\/www.omrserrature.it\/es\/producto\/cerradura-cremona-de-dos-puntos-bombin-de-laminas\/\" \/>\n<meta property=\"og:locale\" content=\"es_ES\" \/>\n<meta property=\"og:type\" content=\"article\" \/>\n<meta property=\"og:title\" content=\"Cerradura cremona de dos puntos (bombin de laminas) - OMR Serrature\" \/>\n<meta property=\"og:description\" content=\"La cerradura de falleba de dos puntos permite una instalaci\u00f3n perfecta en puertas de madera y puertas de balcones, as\u00ed como en armarios de distribuci\u00f3n y control, puertas, muebles de oficina y puertas de armarios altos de madera y metal. El mecanismo interno se acciona mediante un bombin de l\u00e1minas de aleaci\u00f3n. Esta falleba con cerradura ofrece dos puntos de expansi\u00f3n.\" \/>\n<meta property=\"og:url\" content=\"https:\/\/www.omrserrature.it\/es\/producto\/cerradura-cremona-de-dos-puntos-bombin-de-laminas\/\" \/>\n<meta property=\"og:site_name\" content=\"OMR Serrature | Produzione sistemi di chiusura\" \/>\n<meta property=\"article:publisher\" content=\"https:\/\/www.facebook.com\/OMRserrature\" \/>\n<meta property=\"article:modified_time\" content=\"2017-10-12T15:32:27+00:00\" \/>\n<meta property=\"og:image\" content=\"https:\/\/www.omrserrature.it\/wp-content\/uploads\/2017\/10\/serratura-cremonese-2-punti-lamelle.jpg\" \/>\n\t<meta property=\"og:image:width\" content=\"1000\" \/>\n\t<meta property=\"og:image:height\" content=\"1000\" \/>\n\t<meta property=\"og:image:type\" content=\"image\/jpeg\" \/>\n<meta name=\"twitter:card\" content=\"summary_large_image\" \/>\n<meta name=\"twitter:label1\" content=\"Tiempo de lectura\" \/>\n\t<meta name=\"twitter:data1\" content=\"1 minuto\" \/>\n<script type=\"application\/ld+json\" class=\"yoast-schema-graph\">{\"@context\":\"https:\/\/schema.org\",\"@graph\":[{\"@type\":\"WebPage\",\"@id\":\"https:\/\/www.omrserrature.it\/es\/producto\/cerradura-cremona-de-dos-puntos-bombin-de-laminas\/\",\"url\":\"https:\/\/www.omrserrature.it\/es\/producto\/cerradura-cremona-de-dos-puntos-bombin-de-laminas\/\",\"name\":\"Cerradura cremona de dos puntos (bombin de laminas) - OMR Serrature\",\"isPartOf\":{\"@id\":\"https:\/\/www.omrserrature.it\/es\/#website\"},\"primaryImageOfPage\":{\"@id\":\"https:\/\/www.omrserrature.it\/es\/producto\/cerradura-cremona-de-dos-puntos-bombin-de-laminas\/#primaryimage\"},\"image\":{\"@id\":\"https:\/\/www.omrserrature.it\/es\/producto\/cerradura-cremona-de-dos-puntos-bombin-de-laminas\/#primaryimage\"},\"thumbnailUrl\":\"https:\/\/www.omrserrature.it\/wp-content\/uploads\/2017\/10\/serratura-cremonese-2-punti-lamelle.jpg\",\"datePublished\":\"2012-10-17T15:32:00+00:00\",\"dateModified\":\"2017-10-12T15:32:27+00:00\",\"breadcrumb\":{\"@id\":\"https:\/\/www.omrserrature.it\/es\/producto\/cerradura-cremona-de-dos-puntos-bombin-de-laminas\/#breadcrumb\"},\"inLanguage\":\"es\",\"potentialAction\":[{\"@type\":\"ReadAction\",\"target\":[\"https:\/\/www.omrserrature.it\/es\/producto\/cerradura-cremona-de-dos-puntos-bombin-de-laminas\/\"]}]},{\"@type\":\"ImageObject\",\"inLanguage\":\"es\",\"@id\":\"https:\/\/www.omrserrature.it\/es\/producto\/cerradura-cremona-de-dos-puntos-bombin-de-laminas\/#primaryimage\",\"url\":\"https:\/\/www.omrserrature.it\/wp-content\/uploads\/2017\/10\/serratura-cremonese-2-punti-lamelle.jpg\",\"contentUrl\":\"https:\/\/www.omrserrature.it\/wp-content\/uploads\/2017\/10\/serratura-cremonese-2-punti-lamelle.jpg\",\"width\":979,\"height\":542,\"caption\":\"varillas de l\u00e1minas de 2 puntas - tecnopol\u00edmero\"},{\"@type\":\"BreadcrumbList\",\"@id\":\"https:\/\/www.omrserrature.it\/es\/producto\/cerradura-cremona-de-dos-puntos-bombin-de-laminas\/#breadcrumb\",\"itemListElement\":[{\"@type\":\"ListItem\",\"position\":1,\"name\":\"Home\",\"item\":\"https:\/\/www.omrserrature.it\/es\/omr-cerradiras-y-sistemas-de-cierre\/\"},{\"@type\":\"ListItem\",\"position\":2,\"name\":\"Cat\u00e1logo\",\"item\":\"https:\/\/www.omrserrature.it\/catalogo\/?lang=es\"},{\"@type\":\"ListItem\",\"position\":3,\"name\":\"Cerradura cremona de dos puntos (bombin de laminas)\"}]},{\"@type\":\"WebSite\",\"@id\":\"https:\/\/www.omrserrature.it\/es\/#website\",\"url\":\"https:\/\/www.omrserrature.it\/es\/\",\"name\":\"OMR Serrature | Produzione sistemi di chiusura\",\"description\":\"Produzione serrature di sicurezza e sistemi di chiusura\",\"publisher\":{\"@id\":\"https:\/\/www.omrserrature.it\/es\/#organization\"},\"potentialAction\":[{\"@type\":\"SearchAction\",\"target\":{\"@type\":\"EntryPoint\",\"urlTemplate\":\"https:\/\/www.omrserrature.it\/es\/?s={search_term_string}\"},\"query-input\":{\"@type\":\"PropertyValueSpecification\",\"valueRequired\":true,\"valueName\":\"search_term_string\"}}],\"inLanguage\":\"es\"},{\"@type\":\"Organization\",\"@id\":\"https:\/\/www.omrserrature.it\/es\/#organization\",\"name\":\"OMR Serrature | Produzione sistemi di chiusura\",\"url\":\"https:\/\/www.omrserrature.it\/es\/\",\"logo\":{\"@type\":\"ImageObject\",\"inLanguage\":\"es\",\"@id\":\"https:\/\/www.omrserrature.it\/es\/#\/schema\/logo\/image\/\",\"url\":\"https:\/\/www.omrserrature.it\/wp-content\/uploads\/2017\/09\/favicon-omr-114.png\",\"contentUrl\":\"https:\/\/www.omrserrature.it\/wp-content\/uploads\/2017\/09\/favicon-omr-114.png\",\"width\":114,\"height\":114,\"caption\":\"OMR Serrature | Produzione sistemi di chiusura\"},\"image\":{\"@id\":\"https:\/\/www.omrserrature.it\/es\/#\/schema\/logo\/image\/\"},\"sameAs\":[\"https:\/\/www.facebook.com\/OMRserrature\",\"https:\/\/www.linkedin.com\/company\/omrserrature\/\",\"https:\/\/www.youtube.com\/channel\/UCxmA85z2R0EpG_6IRokiAkg\"]}]}<\/script>\n<!-- \/ Yoast SEO plugin. -->","yoast_head_json":{"title":"Cerradura cremona de dos puntos (bombin de laminas) - OMR Serrature","robots":{"index":"index","follow":"follow","max-snippet":"max-snippet:-1","max-image-preview":"max-image-preview:large","max-video-preview":"max-video-preview:-1"},"canonical":"https:\/\/www.omrserrature.it\/es\/producto\/cerradura-cremona-de-dos-puntos-bombin-de-laminas\/","og_locale":"es_ES","og_type":"article","og_title":"Cerradura cremona de dos puntos (bombin de laminas) - OMR Serrature","og_description":"La cerradura de falleba de dos puntos permite una instalaci\u00f3n perfecta en puertas de madera y puertas de balcones, as\u00ed como en armarios de distribuci\u00f3n y control, puertas, muebles de oficina y puertas de armarios altos de madera y metal. El mecanismo interno se acciona mediante un bombin de l\u00e1minas de aleaci\u00f3n. Esta falleba con cerradura ofrece dos puntos de expansi\u00f3n.","og_url":"https:\/\/www.omrserrature.it\/es\/producto\/cerradura-cremona-de-dos-puntos-bombin-de-laminas\/","og_site_name":"OMR Serrature | Produzione sistemi di chiusura","article_publisher":"https:\/\/www.facebook.com\/OMRserrature","article_modified_time":"2017-10-12T15:32:27+00:00","og_image":[{"width":1000,"height":1000,"url":"https:\/\/www.omrserrature.it\/wp-content\/uploads\/2017\/10\/serratura-cremonese-2-punti-lamelle.jpg","type":"image\/jpeg"}],"twitter_card":"summary_large_image","twitter_misc":{"Tiempo de lectura":"1 minuto"},"schema":{"@context":"https:\/\/schema.org","@graph":[{"@type":"WebPage","@id":"https:\/\/www.omrserrature.it\/es\/producto\/cerradura-cremona-de-dos-puntos-bombin-de-laminas\/","url":"https:\/\/www.omrserrature.it\/es\/producto\/cerradura-cremona-de-dos-puntos-bombin-de-laminas\/","name":"Cerradura cremona de dos puntos (bombin de laminas) - OMR Serrature","isPartOf":{"@id":"https:\/\/www.omrserrature.it\/es\/#website"},"primaryImageOfPage":{"@id":"https:\/\/www.omrserrature.it\/es\/producto\/cerradura-cremona-de-dos-puntos-bombin-de-laminas\/#primaryimage"},"image":{"@id":"https:\/\/www.omrserrature.it\/es\/producto\/cerradura-cremona-de-dos-puntos-bombin-de-laminas\/#primaryimage"},"thumbnailUrl":"https:\/\/www.omrserrature.it\/wp-content\/uploads\/2017\/10\/serratura-cremonese-2-punti-lamelle.jpg","datePublished":"2012-10-17T15:32:00+00:00","dateModified":"2017-10-12T15:32:27+00:00","breadcrumb":{"@id":"https:\/\/www.omrserrature.it\/es\/producto\/cerradura-cremona-de-dos-puntos-bombin-de-laminas\/#breadcrumb"},"inLanguage":"es","potentialAction":[{"@type":"ReadAction","target":["https:\/\/www.omrserrature.it\/es\/producto\/cerradura-cremona-de-dos-puntos-bombin-de-laminas\/"]}]},{"@type":"ImageObject","inLanguage":"es","@id":"https:\/\/www.omrserrature.it\/es\/producto\/cerradura-cremona-de-dos-puntos-bombin-de-laminas\/#primaryimage","url":"https:\/\/www.omrserrature.it\/wp-content\/uploads\/2017\/10\/serratura-cremonese-2-punti-lamelle.jpg","contentUrl":"https:\/\/www.omrserrature.it\/wp-content\/uploads\/2017\/10\/serratura-cremonese-2-punti-lamelle.jpg","width":979,"height":542,"caption":"varillas de l\u00e1minas de 2 puntas - tecnopol\u00edmero"},{"@type":"BreadcrumbList","@id":"https:\/\/www.omrserrature.it\/es\/producto\/cerradura-cremona-de-dos-puntos-bombin-de-laminas\/#breadcrumb","itemListElement":[{"@type":"ListItem","position":1,"name":"Home","item":"https:\/\/www.omrserrature.it\/es\/omr-cerradiras-y-sistemas-de-cierre\/"},{"@type":"ListItem","position":2,"name":"Cat\u00e1logo","item":"https:\/\/www.omrserrature.it\/catalogo\/?lang=es"},{"@type":"ListItem","position":3,"name":"Cerradura cremona de dos puntos (bombin de laminas)"}]},{"@type":"WebSite","@id":"https:\/\/www.omrserrature.it\/es\/#website","url":"https:\/\/www.omrserrature.it\/es\/","name":"OMR Serrature | Produzione sistemi di chiusura","description":"Produzione serrature di sicurezza e sistemi di chiusura","publisher":{"@id":"https:\/\/www.omrserrature.it\/es\/#organization"},"potentialAction":[{"@type":"SearchAction","target":{"@type":"EntryPoint","urlTemplate":"https:\/\/www.omrserrature.it\/es\/?s={search_term_string}"},"query-input":{"@type":"PropertyValueSpecification","valueRequired":true,"valueName":"search_term_string"}}],"inLanguage":"es"},{"@type":"Organization","@id":"https:\/\/www.omrserrature.it\/es\/#organization","name":"OMR Serrature | Produzione sistemi di chiusura","url":"https:\/\/www.omrserrature.it\/es\/","logo":{"@type":"ImageObject","inLanguage":"es","@id":"https:\/\/www.omrserrature.it\/es\/#\/schema\/logo\/image\/","url":"https:\/\/www.omrserrature.it\/wp-content\/uploads\/2017\/09\/favicon-omr-114.png","contentUrl":"https:\/\/www.omrserrature.it\/wp-content\/uploads\/2017\/09\/favicon-omr-114.png","width":114,"height":114,"caption":"OMR Serrature | Produzione sistemi di chiusura"},"image":{"@id":"https:\/\/www.omrserrature.it\/es\/#\/schema\/logo\/image\/"},"sameAs":["https:\/\/www.facebook.com\/OMRserrature","https:\/\/www.linkedin.com\/company\/omrserrature\/","https:\/\/www.youtube.com\/channel\/UCxmA85z2R0EpG_6IRokiAkg"]}]}},"_links":{"self":[{"href":"https:\/\/www.omrserrature.it\/es\/wp-json\/wp\/v2\/product\/259700","targetHints":{"allow":["GET"]}}],"collection":[{"href":"https:\/\/www.omrserrature.it\/es\/wp-json\/wp\/v2\/product"}],"about":[{"href":"https:\/\/www.omrserrature.it\/es\/wp-json\/wp\/v2\/types\/product"}],"replies":[{"embeddable":true,"href":"https:\/\/www.omrserrature.it\/es\/wp-json\/wp\/v2\/comments?post=259700"}],"wp:featuredmedia":[{"embeddable":true,"href":"https:\/\/www.omrserrature.it\/es\/wp-json\/wp\/v2\/media\/3753"}],"wp:attachment":[{"href":"https:\/\/www.omrserrature.it\/es\/wp-json\/wp\/v2\/media?parent=259700"}],"wp:term":[{"taxonomy":"product_brand","embeddable":true,"href":"https:\/\/www.omrserrature.it\/es\/wp-json\/wp\/v2\/product_brand?post=259700"},{"taxonomy":"product_cat","embeddable":true,"href":"https:\/\/www.omrserrature.it\/es\/wp-json\/wp\/v2\/product_cat?post=259700"},{"taxonomy":"product_tag","embeddable":true,"href":"https:\/\/www.omrserrature.it\/es\/wp-json\/wp\/v2\/product_tag?post=259700"}],"curies":[{"name":"wp","href":"https:\/\/api.w.org\/{rel}","templated":true}]}}