{"id":243849,"date":"2025-04-24T13:01:07","date_gmt":"2025-04-24T11:01:07","guid":{"rendered":"https:\/\/www.staging6.omrserrature.it\/prodotto\/cierre-de-destornillador-de-acero-inoxidable\/"},"modified":"2026-04-08T11:09:43","modified_gmt":"2026-04-08T09:09:43","slug":"cierre-de-destornillador-de-acero-inoxidable","status":"publish","type":"product","link":"https:\/\/www.omrserrature.it\/es\/producto\/cierre-de-destornillador-de-acero-inoxidable\/","title":{"rendered":"Cierre de destornillador de acero inoxidable"},"content":{"rendered":"<p>Esta cerradura de palanca de un cuarto de vuelta con <b>llave de destornillador plana (ranurada)<\/b>, totalmente de acero inoxidable, est\u00e1 dise\u00f1ada para garantizar la seguridad y la resistencia en entornos exteriores e industriales. La elecci\u00f3n del acero inoxidable 304 como material de construcci\u00f3n ofrece numerosas ventajas y hace que este producto sea ideal para aplicaciones en puertas, cuadros el\u00e9ctricos y mobiliario exterior\/conveniente (talleres, industrias, f\u00e1bricas, laboratorios, etc.). La apertura con destornillador plano no requiere una llave espec\u00edfica para abrir y cerrar, basta con cualquier destornillador plano de tama\u00f1o medio.  <\/p>\n<h2>Caracter\u00edsticas principales de las cerraduras de cuarto de vuelta de acero inoxidable 304<\/h2>\n<ul>\n<li><strong>Material<\/strong>: acero inoxidable, conocido por su gran resistencia a la corrosi\u00f3n y a la intemperie.<\/li>\n<li><strong>Mecanismo de cierre<\/strong>: palanca de un cuarto de vuelta para una apertura y un cierre r\u00e1pidos y seguros.<\/li>\n<li><strong>Tipo de llave<\/strong>: la cerradura puede abrirse y cerrarse con un destornillador plano com\u00fan de tama\u00f1o medio.<\/li>\n<\/ul>\n<p><strong>Las ventajas del acero inoxidable<\/strong><\/p>\n<p>El acero inoxidable es una aleaci\u00f3n compuesta principalmente por hierro, cromo y n\u00edquel. La presencia de cromo confiere al material la capacidad de formar una capa pasivante de \u00f3xido de cromo en la superficie, que protege el metal subyacente de la corrosi\u00f3n. Esta propiedad hace que el acero inoxidable 304 sea especialmente adecuado para aplicaciones en entornos h\u00famedos, expuestos a la intemperie o a los productos qu\u00edmicos de las industrias. De hecho, el acero inoxidable ofrece:   <\/p>\n<ul>\n<li><strong>Durabilidad<\/strong>: resiste el desgaste y mantiene sus propiedades mec\u00e1nicas a lo largo del tiempo.<\/li>\n<li><strong>Higiene<\/strong>: f\u00e1cil de limpiar y resistente al crecimiento bacteriano, ideal para entornos donde la higiene es primordial.<\/li>\n<li><strong>Est\u00e9tica refinada<\/strong>: aspecto elegante y moderno que se integra con elegancia en muchos contextos.<\/li>\n<\/ul>\n<h2>Aplicaciones recomendadas para cerraduras de acero inoxidable<\/h2>\n<p>Gracias a su construcci\u00f3n de acero inoxidable y a su dise\u00f1o robusto, esta cerradura es especialmente adecuada para:<\/p>\n<ul>\n<li>Paneles y varillas el\u00e9ctricos en muebles de exterior.<\/li>\n<li>Instalaciones industriales, donde se requiere un cierre seguro y resistente.<\/li>\n<li>Componentes para los sectores ferroviario, aeroespacial, naval y hospitalario.<\/li>\n<\/ul>\n<p>Elegir una cerradura de acero inoxidable significa invertir en un producto que ofrece fiabilidad, seguridad y una larga vida \u00fatil.<\/p>\n","protected":false},"excerpt":{"rendered":"<p>Cerradura de palanca de cuarto de vuelta con <strong>z\u00f3calo de destornillador plano<\/strong>, totalmente de <strong>acero inoxidable 304<\/strong> para garantizar la <strong>resistencia a la corrosi\u00f3n<\/strong> y la <strong>durabilidad<\/strong> en entornos industriales y exteriores. Se abre con un simple <strong>destornillador<\/strong> plano, sin necesidad de llave espec\u00edfica. Ideal para <strong>cuadros el\u00e9ctricos<\/strong>, <strong>puertas<\/strong> y mobiliario t\u00e9cnico en <strong>entornos complejos<\/strong> como talleres, industrias y laboratorios, tambi\u00e9n en los <strong>sectores<\/strong> <strong>ferroviario, aeroespacial, naval y hospitalario<\/strong>. Una soluci\u00f3n pr\u00e1ctica, higi\u00e9nica y segura para una gesti\u00f3n de accesos esencial pero eficaz.   <\/p>\n","protected":false},"featured_media":243828,"comment_status":"closed","ping_status":"closed","template":"","meta":{"_acf_changed":false,"_et_pb_use_builder":"","_et_pb_old_content":"","_et_gb_content_width":""},"product_brand":[],"product_cat":[3986,1342,3934,3977,3925,3980,3957,3974,3896,3902,3880,3905,3948,3886,3883,3895,3892,3893,3994,3987],"product_tag":[],"class_list":{"0":"post-243849","1":"product","2":"type-product","3":"status-publish","4":"has-post-thumbnail","6":"product_cat-agua-aire-gas-para-empresas","7":"product_cat-cerraduras","8":"product_cat-cerraduras-de-1-4-de-vuelta","9":"product_cat-cerraduras-de-acero-inoxidable","10":"product_cat-cerraduras-de-barcos","11":"product_cat-cerraduras-de-palanca","12":"product_cat-cerraduras-impermeables-inoxidables","13":"product_cat-cerraduras-manuales-para-basureros","14":"product_cat-cerraduras-para-almacenes-automaticos","15":"product_cat-cerraduras-para-armarios-de-balcon","16":"product_cat-cerraduras-para-armarios-electricos","17":"product_cat-cerraduras-para-armarios-industriales","18":"product_cat-cerraduras-para-basureros","19":"product_cat-cerraduras-para-basureros-de-reciclaje","20":"product_cat-cerraduras-para-carros-profesionales","21":"product_cat-cerraduras-para-la-industria-electromecanica","22":"product_cat-cerraduras-para-puertas-delanteras-de-armarios","23":"product_cat-cerraduras-para-puertas-laterales","24":"product_cat-hospital-y-sanidad","25":"product_cat-sistemas-de-cierre-para-la-industria","27":"first","28":"instock","29":"shipping-taxable","30":"product-type-simple"},"acf":{"pdf1":"https:\/\/www.omrserrature.it\/wp-content\/uploads\/schede\/Scheda_IN165663.pdf"},"yoast_head":"<!-- This site is optimized with the Yoast SEO plugin v27.2 - https:\/\/yoast.com\/product\/yoast-seo-wordpress\/ -->\n<title>Cierre de destornillador de acero inoxidable - OMR Serrature<\/title>\n<meta name=\"robots\" content=\"index, follow, max-snippet:-1, max-image-preview:large, max-video-preview:-1\" \/>\n<link rel=\"canonical\" href=\"https:\/\/www.omrserrature.it\/es\/producto\/cierre-de-destornillador-de-acero-inoxidable\/\" \/>\n<meta property=\"og:locale\" content=\"es_ES\" \/>\n<meta property=\"og:type\" content=\"article\" \/>\n<meta property=\"og:title\" content=\"Cierre de destornillador de acero inoxidable - OMR Serrature\" \/>\n<meta property=\"og:description\" content=\"Cerradura de palanca de cuarto de vuelta con z\u00f3calo de destornillador plano, totalmente de acero inoxidable 304 para garantizar la resistencia a la corrosi\u00f3n y la durabilidad en entornos industriales y exteriores. Se abre con un simple destornillador plano, sin necesidad de llave espec\u00edfica. Ideal para cuadros el\u00e9ctricos, puertas y mobiliario t\u00e9cnico en entornos complejos como talleres, industrias y laboratorios, tambi\u00e9n en los sectores ferroviario, aeroespacial, naval y hospitalario. Una soluci\u00f3n pr\u00e1ctica, higi\u00e9nica y segura para una gesti\u00f3n de accesos esencial pero eficaz.\" \/>\n<meta property=\"og:url\" content=\"https:\/\/www.omrserrature.it\/es\/producto\/cierre-de-destornillador-de-acero-inoxidable\/\" \/>\n<meta property=\"og:site_name\" content=\"OMR Serrature | Produzione sistemi di chiusura\" \/>\n<meta property=\"article:publisher\" content=\"https:\/\/www.facebook.com\/OMRserrature\" \/>\n<meta property=\"article:modified_time\" content=\"2026-04-08T09:09:43+00:00\" \/>\n<meta property=\"og:image\" content=\"https:\/\/www.omrserrature.it\/wp-content\/uploads\/2025\/04\/IN165663.jpg\" \/>\n\t<meta property=\"og:image:width\" content=\"1000\" \/>\n\t<meta property=\"og:image:height\" content=\"1000\" \/>\n\t<meta property=\"og:image:type\" content=\"image\/jpeg\" \/>\n<meta name=\"twitter:card\" content=\"summary_large_image\" \/>\n<meta name=\"twitter:label1\" content=\"Tiempo de lectura\" \/>\n\t<meta name=\"twitter:data1\" content=\"2 minutos\" \/>\n<script type=\"application\/ld+json\" class=\"yoast-schema-graph\">{\"@context\":\"https:\/\/schema.org\",\"@graph\":[{\"@type\":\"WebPage\",\"@id\":\"https:\/\/www.omrserrature.it\/es\/producto\/cierre-de-destornillador-de-acero-inoxidable\/\",\"url\":\"https:\/\/www.omrserrature.it\/es\/producto\/cierre-de-destornillador-de-acero-inoxidable\/\",\"name\":\"Cierre de destornillador de acero inoxidable - OMR Serrature\",\"isPartOf\":{\"@id\":\"https:\/\/www.omrserrature.it\/es\/#website\"},\"primaryImageOfPage\":{\"@id\":\"https:\/\/www.omrserrature.it\/es\/producto\/cierre-de-destornillador-de-acero-inoxidable\/#primaryimage\"},\"image\":{\"@id\":\"https:\/\/www.omrserrature.it\/es\/producto\/cierre-de-destornillador-de-acero-inoxidable\/#primaryimage\"},\"thumbnailUrl\":\"https:\/\/www.omrserrature.it\/wp-content\/uploads\/2025\/04\/IN165663.jpg\",\"datePublished\":\"2025-04-24T11:01:07+00:00\",\"dateModified\":\"2026-04-08T09:09:43+00:00\",\"breadcrumb\":{\"@id\":\"https:\/\/www.omrserrature.it\/es\/producto\/cierre-de-destornillador-de-acero-inoxidable\/#breadcrumb\"},\"inLanguage\":\"es\",\"potentialAction\":[{\"@type\":\"ReadAction\",\"target\":[\"https:\/\/www.omrserrature.it\/es\/producto\/cierre-de-destornillador-de-acero-inoxidable\/\"]}]},{\"@type\":\"ImageObject\",\"inLanguage\":\"es\",\"@id\":\"https:\/\/www.omrserrature.it\/es\/producto\/cierre-de-destornillador-de-acero-inoxidable\/#primaryimage\",\"url\":\"https:\/\/www.omrserrature.it\/wp-content\/uploads\/2025\/04\/IN165663.jpg\",\"contentUrl\":\"https:\/\/www.omrserrature.it\/wp-content\/uploads\/2025\/04\/IN165663.jpg\",\"width\":1000,\"height\":1000,\"caption\":\"Cerradura de acero inoxidable con llave triangular. Mod. IN165663\"},{\"@type\":\"BreadcrumbList\",\"@id\":\"https:\/\/www.omrserrature.it\/es\/producto\/cierre-de-destornillador-de-acero-inoxidable\/#breadcrumb\",\"itemListElement\":[{\"@type\":\"ListItem\",\"position\":1,\"name\":\"Home\",\"item\":\"https:\/\/www.omrserrature.it\/es\/omr-cerradiras-y-sistemas-de-cierre\/\"},{\"@type\":\"ListItem\",\"position\":2,\"name\":\"Cat\u00e1logo\",\"item\":\"https:\/\/www.omrserrature.it\/catalogo\/?lang=es\"},{\"@type\":\"ListItem\",\"position\":3,\"name\":\"Aplicaciones\",\"item\":\"https:\/\/www.omrserrature.it\/es\/inventario\/aplicaciones\/\"},{\"@type\":\"ListItem\",\"position\":4,\"name\":\"Cerraduras de armarios\",\"item\":\"https:\/\/www.omrserrature.it\/es\/inventario\/aplicaciones\/cerraduras-de-armarios\/\"},{\"@type\":\"ListItem\",\"position\":5,\"name\":\"Cerraduras para armarios de balc\u00f3n\",\"item\":\"https:\/\/www.omrserrature.it\/es\/inventario\/aplicaciones\/cerraduras-de-armarios\/cerraduras-para-armarios-de-balcon\/\"},{\"@type\":\"ListItem\",\"position\":6,\"name\":\"Cierre de destornillador de acero inoxidable\"}]},{\"@type\":\"WebSite\",\"@id\":\"https:\/\/www.omrserrature.it\/es\/#website\",\"url\":\"https:\/\/www.omrserrature.it\/es\/\",\"name\":\"OMR Serrature | Produzione sistemi di chiusura\",\"description\":\"Produzione serrature di sicurezza e sistemi di chiusura\",\"publisher\":{\"@id\":\"https:\/\/www.omrserrature.it\/es\/#organization\"},\"potentialAction\":[{\"@type\":\"SearchAction\",\"target\":{\"@type\":\"EntryPoint\",\"urlTemplate\":\"https:\/\/www.omrserrature.it\/es\/?s={search_term_string}\"},\"query-input\":{\"@type\":\"PropertyValueSpecification\",\"valueRequired\":true,\"valueName\":\"search_term_string\"}}],\"inLanguage\":\"es\"},{\"@type\":\"Organization\",\"@id\":\"https:\/\/www.omrserrature.it\/es\/#organization\",\"name\":\"OMR Serrature | Produzione sistemi di chiusura\",\"url\":\"https:\/\/www.omrserrature.it\/es\/\",\"logo\":{\"@type\":\"ImageObject\",\"inLanguage\":\"es\",\"@id\":\"https:\/\/www.omrserrature.it\/es\/#\/schema\/logo\/image\/\",\"url\":\"https:\/\/www.omrserrature.it\/wp-content\/uploads\/2017\/09\/favicon-omr-114.png\",\"contentUrl\":\"https:\/\/www.omrserrature.it\/wp-content\/uploads\/2017\/09\/favicon-omr-114.png\",\"width\":114,\"height\":114,\"caption\":\"OMR Serrature | Produzione sistemi di chiusura\"},\"image\":{\"@id\":\"https:\/\/www.omrserrature.it\/es\/#\/schema\/logo\/image\/\"},\"sameAs\":[\"https:\/\/www.facebook.com\/OMRserrature\",\"https:\/\/www.linkedin.com\/company\/omrserrature\/\",\"https:\/\/www.youtube.com\/channel\/UCxmA85z2R0EpG_6IRokiAkg\"]}]}<\/script>\n<!-- \/ Yoast SEO plugin. -->","yoast_head_json":{"title":"Cierre de destornillador de acero inoxidable - OMR Serrature","robots":{"index":"index","follow":"follow","max-snippet":"max-snippet:-1","max-image-preview":"max-image-preview:large","max-video-preview":"max-video-preview:-1"},"canonical":"https:\/\/www.omrserrature.it\/es\/producto\/cierre-de-destornillador-de-acero-inoxidable\/","og_locale":"es_ES","og_type":"article","og_title":"Cierre de destornillador de acero inoxidable - OMR Serrature","og_description":"Cerradura de palanca de cuarto de vuelta con z\u00f3calo de destornillador plano, totalmente de acero inoxidable 304 para garantizar la resistencia a la corrosi\u00f3n y la durabilidad en entornos industriales y exteriores. Se abre con un simple destornillador plano, sin necesidad de llave espec\u00edfica. Ideal para cuadros el\u00e9ctricos, puertas y mobiliario t\u00e9cnico en entornos complejos como talleres, industrias y laboratorios, tambi\u00e9n en los sectores ferroviario, aeroespacial, naval y hospitalario. Una soluci\u00f3n pr\u00e1ctica, higi\u00e9nica y segura para una gesti\u00f3n de accesos esencial pero eficaz.","og_url":"https:\/\/www.omrserrature.it\/es\/producto\/cierre-de-destornillador-de-acero-inoxidable\/","og_site_name":"OMR Serrature | Produzione sistemi di chiusura","article_publisher":"https:\/\/www.facebook.com\/OMRserrature","article_modified_time":"2026-04-08T09:09:43+00:00","og_image":[{"width":1000,"height":1000,"url":"https:\/\/www.omrserrature.it\/wp-content\/uploads\/2025\/04\/IN165663.jpg","type":"image\/jpeg"}],"twitter_card":"summary_large_image","twitter_misc":{"Tiempo de lectura":"2 minutos"},"schema":{"@context":"https:\/\/schema.org","@graph":[{"@type":"WebPage","@id":"https:\/\/www.omrserrature.it\/es\/producto\/cierre-de-destornillador-de-acero-inoxidable\/","url":"https:\/\/www.omrserrature.it\/es\/producto\/cierre-de-destornillador-de-acero-inoxidable\/","name":"Cierre de destornillador de acero inoxidable - OMR Serrature","isPartOf":{"@id":"https:\/\/www.omrserrature.it\/es\/#website"},"primaryImageOfPage":{"@id":"https:\/\/www.omrserrature.it\/es\/producto\/cierre-de-destornillador-de-acero-inoxidable\/#primaryimage"},"image":{"@id":"https:\/\/www.omrserrature.it\/es\/producto\/cierre-de-destornillador-de-acero-inoxidable\/#primaryimage"},"thumbnailUrl":"https:\/\/www.omrserrature.it\/wp-content\/uploads\/2025\/04\/IN165663.jpg","datePublished":"2025-04-24T11:01:07+00:00","dateModified":"2026-04-08T09:09:43+00:00","breadcrumb":{"@id":"https:\/\/www.omrserrature.it\/es\/producto\/cierre-de-destornillador-de-acero-inoxidable\/#breadcrumb"},"inLanguage":"es","potentialAction":[{"@type":"ReadAction","target":["https:\/\/www.omrserrature.it\/es\/producto\/cierre-de-destornillador-de-acero-inoxidable\/"]}]},{"@type":"ImageObject","inLanguage":"es","@id":"https:\/\/www.omrserrature.it\/es\/producto\/cierre-de-destornillador-de-acero-inoxidable\/#primaryimage","url":"https:\/\/www.omrserrature.it\/wp-content\/uploads\/2025\/04\/IN165663.jpg","contentUrl":"https:\/\/www.omrserrature.it\/wp-content\/uploads\/2025\/04\/IN165663.jpg","width":1000,"height":1000,"caption":"Cerradura de acero inoxidable con llave triangular. Mod. IN165663"},{"@type":"BreadcrumbList","@id":"https:\/\/www.omrserrature.it\/es\/producto\/cierre-de-destornillador-de-acero-inoxidable\/#breadcrumb","itemListElement":[{"@type":"ListItem","position":1,"name":"Home","item":"https:\/\/www.omrserrature.it\/es\/omr-cerradiras-y-sistemas-de-cierre\/"},{"@type":"ListItem","position":2,"name":"Cat\u00e1logo","item":"https:\/\/www.omrserrature.it\/catalogo\/?lang=es"},{"@type":"ListItem","position":3,"name":"Aplicaciones","item":"https:\/\/www.omrserrature.it\/es\/inventario\/aplicaciones\/"},{"@type":"ListItem","position":4,"name":"Cerraduras de armarios","item":"https:\/\/www.omrserrature.it\/es\/inventario\/aplicaciones\/cerraduras-de-armarios\/"},{"@type":"ListItem","position":5,"name":"Cerraduras para armarios de balc\u00f3n","item":"https:\/\/www.omrserrature.it\/es\/inventario\/aplicaciones\/cerraduras-de-armarios\/cerraduras-para-armarios-de-balcon\/"},{"@type":"ListItem","position":6,"name":"Cierre de destornillador de acero inoxidable"}]},{"@type":"WebSite","@id":"https:\/\/www.omrserrature.it\/es\/#website","url":"https:\/\/www.omrserrature.it\/es\/","name":"OMR Serrature | Produzione sistemi di chiusura","description":"Produzione serrature di sicurezza e sistemi di chiusura","publisher":{"@id":"https:\/\/www.omrserrature.it\/es\/#organization"},"potentialAction":[{"@type":"SearchAction","target":{"@type":"EntryPoint","urlTemplate":"https:\/\/www.omrserrature.it\/es\/?s={search_term_string}"},"query-input":{"@type":"PropertyValueSpecification","valueRequired":true,"valueName":"search_term_string"}}],"inLanguage":"es"},{"@type":"Organization","@id":"https:\/\/www.omrserrature.it\/es\/#organization","name":"OMR Serrature | Produzione sistemi di chiusura","url":"https:\/\/www.omrserrature.it\/es\/","logo":{"@type":"ImageObject","inLanguage":"es","@id":"https:\/\/www.omrserrature.it\/es\/#\/schema\/logo\/image\/","url":"https:\/\/www.omrserrature.it\/wp-content\/uploads\/2017\/09\/favicon-omr-114.png","contentUrl":"https:\/\/www.omrserrature.it\/wp-content\/uploads\/2017\/09\/favicon-omr-114.png","width":114,"height":114,"caption":"OMR Serrature | Produzione sistemi di chiusura"},"image":{"@id":"https:\/\/www.omrserrature.it\/es\/#\/schema\/logo\/image\/"},"sameAs":["https:\/\/www.facebook.com\/OMRserrature","https:\/\/www.linkedin.com\/company\/omrserrature\/","https:\/\/www.youtube.com\/channel\/UCxmA85z2R0EpG_6IRokiAkg"]}]}},"_links":{"self":[{"href":"https:\/\/www.omrserrature.it\/es\/wp-json\/wp\/v2\/product\/243849","targetHints":{"allow":["GET"]}}],"collection":[{"href":"https:\/\/www.omrserrature.it\/es\/wp-json\/wp\/v2\/product"}],"about":[{"href":"https:\/\/www.omrserrature.it\/es\/wp-json\/wp\/v2\/types\/product"}],"replies":[{"embeddable":true,"href":"https:\/\/www.omrserrature.it\/es\/wp-json\/wp\/v2\/comments?post=243849"}],"wp:featuredmedia":[{"embeddable":true,"href":"https:\/\/www.omrserrature.it\/es\/wp-json\/wp\/v2\/media\/243828"}],"wp:attachment":[{"href":"https:\/\/www.omrserrature.it\/es\/wp-json\/wp\/v2\/media?parent=243849"}],"wp:term":[{"taxonomy":"product_brand","embeddable":true,"href":"https:\/\/www.omrserrature.it\/es\/wp-json\/wp\/v2\/product_brand?post=243849"},{"taxonomy":"product_cat","embeddable":true,"href":"https:\/\/www.omrserrature.it\/es\/wp-json\/wp\/v2\/product_cat?post=243849"},{"taxonomy":"product_tag","embeddable":true,"href":"https:\/\/www.omrserrature.it\/es\/wp-json\/wp\/v2\/product_tag?post=243849"}],"curies":[{"name":"wp","href":"https:\/\/api.w.org\/{rel}","templated":true}]}}