{"id":243847,"date":"2025-04-24T12:49:56","date_gmt":"2025-04-24T10:49:56","guid":{"rendered":"https:\/\/www.staging6.omrserrature.it\/prodotto\/cierre-triangular-de-acero-inoxidable\/"},"modified":"2026-04-08T11:08:37","modified_gmt":"2026-04-08T09:08:37","slug":"cierre-triangular-de-acero-inoxidable","status":"publish","type":"product","link":"https:\/\/www.omrserrature.it\/es\/producto\/cierre-triangular-de-acero-inoxidable\/","title":{"rendered":"Cierre triangular de acero inoxidable"},"content":{"rendered":"<p>Esta cerradura de palanca de cuarto de vuelta con <b>llave triangular<\/b>, totalmente de acero inoxidable, est\u00e1 dise\u00f1ada para garantizar la seguridad y la resistencia en entornos exteriores e industriales. La elecci\u00f3n del acero inoxidable 304 como material de construcci\u00f3n ofrece numerosas ventajas y hace que este producto sea ideal para aplicaciones en puertas, cuadros el\u00e9ctricos y mobiliario exterior\/conveniente (talleres, industrias, f\u00e1bricas, laboratorios, etc.). <\/p>\n<h2>Caracter\u00edsticas principales de las cerraduras de cuarto de vuelta de acero inoxidable 304<\/h2>\n<ul>\n<li><strong>Material<\/strong>: acero inoxidable, conocido por su gran resistencia a la corrosi\u00f3n y a la intemperie.<\/li>\n<li><strong>Mecanismo de cierre<\/strong>: palanca de un cuarto de vuelta para una apertura y un cierre r\u00e1pidos y seguros.<\/li>\n<li><strong>Tipo de llave<\/strong>: llave triangular, utilizada a menudo en contextos industriales para garantizar un acceso controlado.<\/li>\n<\/ul>\n<p><strong>Las ventajas del acero inoxidable<\/strong><\/p>\n<p>El acero inoxidable es una aleaci\u00f3n compuesta principalmente por hierro, cromo y n\u00edquel. La presencia de cromo confiere al material la capacidad de formar una capa pasivante de \u00f3xido de cromo en la superficie, que protege el metal subyacente de la corrosi\u00f3n. Esta propiedad hace que el acero inoxidable 304 sea especialmente adecuado para aplicaciones en entornos h\u00famedos, expuestos a la intemperie o a los productos qu\u00edmicos de las industrias. De hecho, el acero inoxidable ofrece:   <\/p>\n<ul>\n<li><strong>Durabilidad<\/strong>: resiste el desgaste y mantiene sus propiedades mec\u00e1nicas a lo largo del tiempo.<\/li>\n<li><strong>Higiene<\/strong>: f\u00e1cil de limpiar y resistente al crecimiento bacteriano, ideal para entornos donde la higiene es primordial.<\/li>\n<li><strong>Est\u00e9tica refinada<\/strong>: aspecto elegante y moderno que se integra con elegancia en muchos contextos.<\/li>\n<\/ul>\n<h2>Aplicaciones recomendadas para cerraduras de acero inoxidable<\/h2>\n<p>Gracias a su construcci\u00f3n de acero inoxidable y a su dise\u00f1o robusto, esta cerradura es especialmente adecuada para:<\/p>\n<ul>\n<li>Paneles y varillas el\u00e9ctricos en muebles de exterior.<\/li>\n<li>Instalaciones industriales, donde se requiere un cierre seguro y resistente.<\/li>\n<li>Componentes para los sectores ferroviario, aeroespacial, naval y hospitalario.<\/li>\n<\/ul>\n<p>Elegir una cerradura de acero inoxidable significa invertir en un producto que ofrece fiabilidad, seguridad y una larga vida \u00fatil.<\/p>\n","protected":false},"excerpt":{"rendered":"<p>Cerradura de palanca de cuarto de vuelta de <strong>acero inoxidable 304<\/strong> con <strong>llave triangular<\/strong>, ideal para exteriores y entornos industriales. Gracias a su mecanismo r\u00e1pido y seguro, es perfecta para <strong>armarios el\u00e9ctricos, puertas<\/strong> y otras instalaciones expuestas a la intemperie. El acero inoxidable proporciona <strong>resistencia a la corrosi\u00f3n<\/strong>, <strong>durabilidad<\/strong> y facilidad de limpieza, lo que hace que esta cerradura sea adecuada para <strong>aplicaciones industriales<\/strong> y <strong>entornos de trabajo delicados<\/strong>. Perfecto para los <strong>sectores ferroviario, aeroespacial, naval y hospitalario<\/strong>.   <\/p>\n","protected":false},"featured_media":243816,"comment_status":"closed","ping_status":"closed","template":"","meta":{"_acf_changed":false,"_et_pb_use_builder":"","_et_pb_old_content":"","_et_gb_content_width":""},"product_brand":[],"product_cat":[3986,1342,3934,3977,3925,3980,3957,3896,3902,3880,3905,3948,3886,3883,3895,3892,3893,3994,3987],"product_tag":[],"class_list":{"0":"post-243847","1":"product","2":"type-product","3":"status-publish","4":"has-post-thumbnail","6":"product_cat-agua-aire-gas-para-empresas","7":"product_cat-cerraduras","8":"product_cat-cerraduras-de-1-4-de-vuelta","9":"product_cat-cerraduras-de-acero-inoxidable","10":"product_cat-cerraduras-de-barcos","11":"product_cat-cerraduras-de-palanca","12":"product_cat-cerraduras-impermeables-inoxidables","13":"product_cat-cerraduras-para-almacenes-automaticos","14":"product_cat-cerraduras-para-armarios-de-balcon","15":"product_cat-cerraduras-para-armarios-electricos","16":"product_cat-cerraduras-para-armarios-industriales","17":"product_cat-cerraduras-para-basureros","18":"product_cat-cerraduras-para-basureros-de-reciclaje","19":"product_cat-cerraduras-para-carros-profesionales","20":"product_cat-cerraduras-para-la-industria-electromecanica","21":"product_cat-cerraduras-para-puertas-delanteras-de-armarios","22":"product_cat-cerraduras-para-puertas-laterales","23":"product_cat-hospital-y-sanidad","24":"product_cat-sistemas-de-cierre-para-la-industria","26":"first","27":"instock","28":"shipping-taxable","29":"product-type-simple"},"acf":{"pdf1":"https:\/\/www.omrserrature.it\/wp-content\/uploads\/schede\/Scheda_IN165660.pdf"},"yoast_head":"<!-- This site is optimized with the Yoast SEO plugin v27.2 - https:\/\/yoast.com\/product\/yoast-seo-wordpress\/ -->\n<title>Cierre triangular de acero inoxidable - OMR Serrature<\/title>\n<meta name=\"robots\" content=\"index, follow, max-snippet:-1, max-image-preview:large, max-video-preview:-1\" \/>\n<link rel=\"canonical\" href=\"https:\/\/www.omrserrature.it\/es\/producto\/cierre-triangular-de-acero-inoxidable\/\" \/>\n<meta property=\"og:locale\" content=\"es_ES\" \/>\n<meta property=\"og:type\" content=\"article\" \/>\n<meta property=\"og:title\" content=\"Cierre triangular de acero inoxidable - OMR Serrature\" \/>\n<meta property=\"og:description\" content=\"Cerradura de palanca de cuarto de vuelta de acero inoxidable 304 con llave triangular, ideal para exteriores y entornos industriales. Gracias a su mecanismo r\u00e1pido y seguro, es perfecta para armarios el\u00e9ctricos, puertas y otras instalaciones expuestas a la intemperie. El acero inoxidable proporciona resistencia a la corrosi\u00f3n, durabilidad y facilidad de limpieza, lo que hace que esta cerradura sea adecuada para aplicaciones industriales y entornos de trabajo delicados. Perfecto para los sectores ferroviario, aeroespacial, naval y hospitalario.\" \/>\n<meta property=\"og:url\" content=\"https:\/\/www.omrserrature.it\/es\/producto\/cierre-triangular-de-acero-inoxidable\/\" \/>\n<meta property=\"og:site_name\" content=\"OMR Serrature | Produzione sistemi di chiusura\" \/>\n<meta property=\"article:publisher\" content=\"https:\/\/www.facebook.com\/OMRserrature\" \/>\n<meta property=\"article:modified_time\" content=\"2026-04-08T09:08:37+00:00\" \/>\n<meta property=\"og:image\" content=\"https:\/\/www.omrserrature.it\/wp-content\/uploads\/2025\/04\/IN165660.jpg\" \/>\n\t<meta property=\"og:image:width\" content=\"1000\" \/>\n\t<meta property=\"og:image:height\" content=\"1000\" \/>\n\t<meta property=\"og:image:type\" content=\"image\/jpeg\" \/>\n<meta name=\"twitter:card\" content=\"summary_large_image\" \/>\n<meta name=\"twitter:label1\" content=\"Tiempo de lectura\" \/>\n\t<meta name=\"twitter:data1\" content=\"2 minutos\" \/>\n<script type=\"application\/ld+json\" class=\"yoast-schema-graph\">{\"@context\":\"https:\/\/schema.org\",\"@graph\":[{\"@type\":\"WebPage\",\"@id\":\"https:\/\/www.omrserrature.it\/es\/producto\/cierre-triangular-de-acero-inoxidable\/\",\"url\":\"https:\/\/www.omrserrature.it\/es\/producto\/cierre-triangular-de-acero-inoxidable\/\",\"name\":\"Cierre triangular de acero inoxidable - OMR Serrature\",\"isPartOf\":{\"@id\":\"https:\/\/www.omrserrature.it\/es\/#website\"},\"primaryImageOfPage\":{\"@id\":\"https:\/\/www.omrserrature.it\/es\/producto\/cierre-triangular-de-acero-inoxidable\/#primaryimage\"},\"image\":{\"@id\":\"https:\/\/www.omrserrature.it\/es\/producto\/cierre-triangular-de-acero-inoxidable\/#primaryimage\"},\"thumbnailUrl\":\"https:\/\/www.omrserrature.it\/wp-content\/uploads\/2025\/04\/IN165660.jpg\",\"datePublished\":\"2025-04-24T10:49:56+00:00\",\"dateModified\":\"2026-04-08T09:08:37+00:00\",\"breadcrumb\":{\"@id\":\"https:\/\/www.omrserrature.it\/es\/producto\/cierre-triangular-de-acero-inoxidable\/#breadcrumb\"},\"inLanguage\":\"es\",\"potentialAction\":[{\"@type\":\"ReadAction\",\"target\":[\"https:\/\/www.omrserrature.it\/es\/producto\/cierre-triangular-de-acero-inoxidable\/\"]}]},{\"@type\":\"ImageObject\",\"inLanguage\":\"es\",\"@id\":\"https:\/\/www.omrserrature.it\/es\/producto\/cierre-triangular-de-acero-inoxidable\/#primaryimage\",\"url\":\"https:\/\/www.omrserrature.it\/wp-content\/uploads\/2025\/04\/IN165660.jpg\",\"contentUrl\":\"https:\/\/www.omrserrature.it\/wp-content\/uploads\/2025\/04\/IN165660.jpg\",\"width\":1000,\"height\":1000,\"caption\":\"Cerradura de acero inoxidable con llave triangular. Mod. IN165660\"},{\"@type\":\"BreadcrumbList\",\"@id\":\"https:\/\/www.omrserrature.it\/es\/producto\/cierre-triangular-de-acero-inoxidable\/#breadcrumb\",\"itemListElement\":[{\"@type\":\"ListItem\",\"position\":1,\"name\":\"Home\",\"item\":\"https:\/\/www.omrserrature.it\/es\/omr-cerradiras-y-sistemas-de-cierre\/\"},{\"@type\":\"ListItem\",\"position\":2,\"name\":\"Cat\u00e1logo\",\"item\":\"https:\/\/www.omrserrature.it\/catalogo\/?lang=es\"},{\"@type\":\"ListItem\",\"position\":3,\"name\":\"Productos\",\"item\":\"https:\/\/www.omrserrature.it\/es\/inventario\/productos\/\"},{\"@type\":\"ListItem\",\"position\":4,\"name\":\"Cerraduras\",\"item\":\"https:\/\/www.omrserrature.it\/es\/inventario\/productos\/cerraduras\/\"},{\"@type\":\"ListItem\",\"position\":5,\"name\":\"cerraduras de 1\/4 de vuelta\",\"item\":\"https:\/\/www.omrserrature.it\/es\/inventario\/productos\/cerraduras\/cerraduras-de-1-4-de-vuelta\/\"},{\"@type\":\"ListItem\",\"position\":6,\"name\":\"Cierre triangular de acero inoxidable\"}]},{\"@type\":\"WebSite\",\"@id\":\"https:\/\/www.omrserrature.it\/es\/#website\",\"url\":\"https:\/\/www.omrserrature.it\/es\/\",\"name\":\"OMR Serrature | Produzione sistemi di chiusura\",\"description\":\"Produzione serrature di sicurezza e sistemi di chiusura\",\"publisher\":{\"@id\":\"https:\/\/www.omrserrature.it\/es\/#organization\"},\"potentialAction\":[{\"@type\":\"SearchAction\",\"target\":{\"@type\":\"EntryPoint\",\"urlTemplate\":\"https:\/\/www.omrserrature.it\/es\/?s={search_term_string}\"},\"query-input\":{\"@type\":\"PropertyValueSpecification\",\"valueRequired\":true,\"valueName\":\"search_term_string\"}}],\"inLanguage\":\"es\"},{\"@type\":\"Organization\",\"@id\":\"https:\/\/www.omrserrature.it\/es\/#organization\",\"name\":\"OMR Serrature | Produzione sistemi di chiusura\",\"url\":\"https:\/\/www.omrserrature.it\/es\/\",\"logo\":{\"@type\":\"ImageObject\",\"inLanguage\":\"es\",\"@id\":\"https:\/\/www.omrserrature.it\/es\/#\/schema\/logo\/image\/\",\"url\":\"https:\/\/www.omrserrature.it\/wp-content\/uploads\/2017\/09\/favicon-omr-114.png\",\"contentUrl\":\"https:\/\/www.omrserrature.it\/wp-content\/uploads\/2017\/09\/favicon-omr-114.png\",\"width\":114,\"height\":114,\"caption\":\"OMR Serrature | Produzione sistemi di chiusura\"},\"image\":{\"@id\":\"https:\/\/www.omrserrature.it\/es\/#\/schema\/logo\/image\/\"},\"sameAs\":[\"https:\/\/www.facebook.com\/OMRserrature\",\"https:\/\/www.linkedin.com\/company\/omrserrature\/\",\"https:\/\/www.youtube.com\/channel\/UCxmA85z2R0EpG_6IRokiAkg\"]}]}<\/script>\n<!-- \/ Yoast SEO plugin. -->","yoast_head_json":{"title":"Cierre triangular de acero inoxidable - OMR Serrature","robots":{"index":"index","follow":"follow","max-snippet":"max-snippet:-1","max-image-preview":"max-image-preview:large","max-video-preview":"max-video-preview:-1"},"canonical":"https:\/\/www.omrserrature.it\/es\/producto\/cierre-triangular-de-acero-inoxidable\/","og_locale":"es_ES","og_type":"article","og_title":"Cierre triangular de acero inoxidable - OMR Serrature","og_description":"Cerradura de palanca de cuarto de vuelta de acero inoxidable 304 con llave triangular, ideal para exteriores y entornos industriales. Gracias a su mecanismo r\u00e1pido y seguro, es perfecta para armarios el\u00e9ctricos, puertas y otras instalaciones expuestas a la intemperie. El acero inoxidable proporciona resistencia a la corrosi\u00f3n, durabilidad y facilidad de limpieza, lo que hace que esta cerradura sea adecuada para aplicaciones industriales y entornos de trabajo delicados. Perfecto para los sectores ferroviario, aeroespacial, naval y hospitalario.","og_url":"https:\/\/www.omrserrature.it\/es\/producto\/cierre-triangular-de-acero-inoxidable\/","og_site_name":"OMR Serrature | Produzione sistemi di chiusura","article_publisher":"https:\/\/www.facebook.com\/OMRserrature","article_modified_time":"2026-04-08T09:08:37+00:00","og_image":[{"width":1000,"height":1000,"url":"https:\/\/www.omrserrature.it\/wp-content\/uploads\/2025\/04\/IN165660.jpg","type":"image\/jpeg"}],"twitter_card":"summary_large_image","twitter_misc":{"Tiempo de lectura":"2 minutos"},"schema":{"@context":"https:\/\/schema.org","@graph":[{"@type":"WebPage","@id":"https:\/\/www.omrserrature.it\/es\/producto\/cierre-triangular-de-acero-inoxidable\/","url":"https:\/\/www.omrserrature.it\/es\/producto\/cierre-triangular-de-acero-inoxidable\/","name":"Cierre triangular de acero inoxidable - OMR Serrature","isPartOf":{"@id":"https:\/\/www.omrserrature.it\/es\/#website"},"primaryImageOfPage":{"@id":"https:\/\/www.omrserrature.it\/es\/producto\/cierre-triangular-de-acero-inoxidable\/#primaryimage"},"image":{"@id":"https:\/\/www.omrserrature.it\/es\/producto\/cierre-triangular-de-acero-inoxidable\/#primaryimage"},"thumbnailUrl":"https:\/\/www.omrserrature.it\/wp-content\/uploads\/2025\/04\/IN165660.jpg","datePublished":"2025-04-24T10:49:56+00:00","dateModified":"2026-04-08T09:08:37+00:00","breadcrumb":{"@id":"https:\/\/www.omrserrature.it\/es\/producto\/cierre-triangular-de-acero-inoxidable\/#breadcrumb"},"inLanguage":"es","potentialAction":[{"@type":"ReadAction","target":["https:\/\/www.omrserrature.it\/es\/producto\/cierre-triangular-de-acero-inoxidable\/"]}]},{"@type":"ImageObject","inLanguage":"es","@id":"https:\/\/www.omrserrature.it\/es\/producto\/cierre-triangular-de-acero-inoxidable\/#primaryimage","url":"https:\/\/www.omrserrature.it\/wp-content\/uploads\/2025\/04\/IN165660.jpg","contentUrl":"https:\/\/www.omrserrature.it\/wp-content\/uploads\/2025\/04\/IN165660.jpg","width":1000,"height":1000,"caption":"Cerradura de acero inoxidable con llave triangular. Mod. IN165660"},{"@type":"BreadcrumbList","@id":"https:\/\/www.omrserrature.it\/es\/producto\/cierre-triangular-de-acero-inoxidable\/#breadcrumb","itemListElement":[{"@type":"ListItem","position":1,"name":"Home","item":"https:\/\/www.omrserrature.it\/es\/omr-cerradiras-y-sistemas-de-cierre\/"},{"@type":"ListItem","position":2,"name":"Cat\u00e1logo","item":"https:\/\/www.omrserrature.it\/catalogo\/?lang=es"},{"@type":"ListItem","position":3,"name":"Productos","item":"https:\/\/www.omrserrature.it\/es\/inventario\/productos\/"},{"@type":"ListItem","position":4,"name":"Cerraduras","item":"https:\/\/www.omrserrature.it\/es\/inventario\/productos\/cerraduras\/"},{"@type":"ListItem","position":5,"name":"cerraduras de 1\/4 de vuelta","item":"https:\/\/www.omrserrature.it\/es\/inventario\/productos\/cerraduras\/cerraduras-de-1-4-de-vuelta\/"},{"@type":"ListItem","position":6,"name":"Cierre triangular de acero inoxidable"}]},{"@type":"WebSite","@id":"https:\/\/www.omrserrature.it\/es\/#website","url":"https:\/\/www.omrserrature.it\/es\/","name":"OMR Serrature | Produzione sistemi di chiusura","description":"Produzione serrature di sicurezza e sistemi di chiusura","publisher":{"@id":"https:\/\/www.omrserrature.it\/es\/#organization"},"potentialAction":[{"@type":"SearchAction","target":{"@type":"EntryPoint","urlTemplate":"https:\/\/www.omrserrature.it\/es\/?s={search_term_string}"},"query-input":{"@type":"PropertyValueSpecification","valueRequired":true,"valueName":"search_term_string"}}],"inLanguage":"es"},{"@type":"Organization","@id":"https:\/\/www.omrserrature.it\/es\/#organization","name":"OMR Serrature | Produzione sistemi di chiusura","url":"https:\/\/www.omrserrature.it\/es\/","logo":{"@type":"ImageObject","inLanguage":"es","@id":"https:\/\/www.omrserrature.it\/es\/#\/schema\/logo\/image\/","url":"https:\/\/www.omrserrature.it\/wp-content\/uploads\/2017\/09\/favicon-omr-114.png","contentUrl":"https:\/\/www.omrserrature.it\/wp-content\/uploads\/2017\/09\/favicon-omr-114.png","width":114,"height":114,"caption":"OMR Serrature | Produzione sistemi di chiusura"},"image":{"@id":"https:\/\/www.omrserrature.it\/es\/#\/schema\/logo\/image\/"},"sameAs":["https:\/\/www.facebook.com\/OMRserrature","https:\/\/www.linkedin.com\/company\/omrserrature\/","https:\/\/www.youtube.com\/channel\/UCxmA85z2R0EpG_6IRokiAkg"]}]}},"_links":{"self":[{"href":"https:\/\/www.omrserrature.it\/es\/wp-json\/wp\/v2\/product\/243847","targetHints":{"allow":["GET"]}}],"collection":[{"href":"https:\/\/www.omrserrature.it\/es\/wp-json\/wp\/v2\/product"}],"about":[{"href":"https:\/\/www.omrserrature.it\/es\/wp-json\/wp\/v2\/types\/product"}],"replies":[{"embeddable":true,"href":"https:\/\/www.omrserrature.it\/es\/wp-json\/wp\/v2\/comments?post=243847"}],"wp:featuredmedia":[{"embeddable":true,"href":"https:\/\/www.omrserrature.it\/es\/wp-json\/wp\/v2\/media\/243816"}],"wp:attachment":[{"href":"https:\/\/www.omrserrature.it\/es\/wp-json\/wp\/v2\/media?parent=243847"}],"wp:term":[{"taxonomy":"product_brand","embeddable":true,"href":"https:\/\/www.omrserrature.it\/es\/wp-json\/wp\/v2\/product_brand?post=243847"},{"taxonomy":"product_cat","embeddable":true,"href":"https:\/\/www.omrserrature.it\/es\/wp-json\/wp\/v2\/product_cat?post=243847"},{"taxonomy":"product_tag","embeddable":true,"href":"https:\/\/www.omrserrature.it\/es\/wp-json\/wp\/v2\/product_tag?post=243847"}],"curies":[{"name":"wp","href":"https:\/\/api.w.org\/{rel}","templated":true}]}}