{"id":243809,"date":"2025-04-24T12:03:24","date_gmt":"2025-04-24T10:03:24","guid":{"rendered":"https:\/\/www.staging6.omrserrature.it\/?post_type=product&#038;p=243809"},"modified":"2026-04-08T11:09:45","modified_gmt":"2026-04-08T09:09:45","slug":"cierre-con-bombin-a-muelles-fijacion-rapida-zocalo-cuadrado-q7-copia-copia-copia","status":"publish","type":"product","link":"https:\/\/www.omrserrature.it\/es\/producto\/cierre-con-bombin-a-muelles-fijacion-rapida-zocalo-cuadrado-q7-copia-copia-copia\/","title":{"rendered":"Cierre con bomb\u00edn a muelles, fijaci\u00f3n r\u00e1pida, con maneta"},"content":{"rendered":"<p>La <strong>cerradura<\/strong> con manija consta de un cuerpo de aleaci\u00f3n de zinc en cuyo interior hay un bombin accionado por muelle que gira cuando se somete a una ligera presi\u00f3n de la mano, haciendo que se abra o se cierre. Este cierre montado en la empu\u00f1adura tiene resortes de presi\u00f3n para <strong>un enganche r\u00e1pido<\/strong>: s\u00f3lo tienes que presionar el cierre en su sitio y oir\u00e1s el inconfundible clic de los resortes que lo fijan firmemente al panel. <\/p>\n<p>El terminal trasero cuadrado de 7 mm tambi\u00e9n permite instalar <strong>palancas rectas, dobladas o de gancho<\/strong>. La cerradura de 1\/4 de vuelta tambi\u00e9n puede fabricarse en <strong>tecnopol\u00edmero<\/strong>, un \u00abmetal pl\u00e1stico\u00bb especial que garantiza unas prestaciones mec\u00e1nicas equiparables a las de la aleaci\u00f3n de aluminio, resistencia a los agentes atmosf\u00e9ricos y a la corrosi\u00f3n, as\u00ed como una perfecta integraci\u00f3n con el art\u00edculo gracias a la amplia gama de colores disponibles. <\/p>\n<p>La cerradura con llave de z\u00f3calo es adecuada para aplicaciones en las que no se requiere alta seguridad, pero s\u00ed una <strong>gesti\u00f3n<\/strong> sencilla <strong>del acceso<\/strong>, por ejemplo, armarios el\u00e9ctricos, armarios met\u00e1licos, torretas de automatizaci\u00f3n, paneles de control de maquinaria, cajas isot\u00e9rmicas, mobiliario urbano, expositores o esquinas.<\/p>\n","protected":false},"excerpt":{"rendered":"<p class=\"\" data-start=\"0\" data-end=\"279\"><strong data-start=\"0\" data-end=\"40\">Cerradura de z\u00f3calo con tirador<\/strong> <strong data-start=\"44\" data-end=\"61\">de aleaci\u00f3n de zinc<\/strong>, con bombin que gira con una ligera presi\u00f3n de la mano. La fijaci\u00f3n <strong data-start=\"137\" data-end=\"167\" data-is-only-node=\"\">r\u00e1pida<\/strong> por varillas permite un montaje sencillo y seguro, con el t\u00edpico <em data-start=\"242\" data-end=\"248\">clic<\/em> que confirma el bloqueo. El <strong data-start=\"284\" data-end=\"311\">extremo cuadrado de 7 mm<\/strong> permite utilizar <strong data-start=\"330\" data-end=\"365\">palancas rectas, dobladas o de gancho<\/strong>. Tambi\u00e9n est\u00e1 disponible en <strong data-start=\"456\" data-end=\"473\">tecnopol\u00edmero<\/strong> resistente a la corrosi\u00f3n y a la intemperie, con acabados de colores para una perfecta integraci\u00f3n est\u00e9tica. Ideal para aplicaciones <strong data-start=\"618\" data-end=\"637\">de baja seguridad<\/strong> en las que se requiere una <strong data-start=\"653\" data-end=\"678\">gesti\u00f3n<\/strong> f\u00e1cil <strong data-start=\"653\" data-end=\"678\">del acceso<\/strong>: <strong data-start=\"689\" data-end=\"794\">cuadros el\u00e9ctricos, armarios met\u00e1licos, muebles de balc\u00f3n, maquinaria, equipos publicitarios, cajas isot\u00e9rmicas, expositores y esquinas.<\/strong> La misma cerradura tambi\u00e9n est\u00e1 disponible con impresi\u00f3n triangular, cuadrada, de Perno 3 y de destornillador.     <\/p>\n","protected":false},"featured_media":243765,"comment_status":"closed","ping_status":"closed","template":"","meta":{"_acf_changed":false,"_et_pb_use_builder":"","_et_pb_old_content":"","_et_gb_content_width":""},"product_brand":[],"product_cat":[3986,3926,1342,3934,3980,3912,3880,3892,3893,3987],"product_tag":[],"class_list":{"0":"post-243809","1":"product","2":"type-product","3":"status-publish","4":"has-post-thumbnail","6":"product_cat-agua-aire-gas-para-empresas","7":"product_cat-batiente","8":"product_cat-cerraduras","9":"product_cat-cerraduras-de-1-4-de-vuelta","10":"product_cat-cerraduras-de-palanca","11":"product_cat-cerraduras-de-puertas","12":"product_cat-cerraduras-para-armarios-electricos","13":"product_cat-cerraduras-para-puertas-delanteras-de-armarios","14":"product_cat-cerraduras-para-puertas-laterales","15":"product_cat-sistemas-de-cierre-para-la-industria","17":"first","18":"instock","19":"shipping-taxable","20":"product-type-simple"},"acf":{"pdf1":"https:\/\/www.omrserrature.it\/wp-content\/uploads\/2025\/04\/Scheda-163476-CM.pdf"},"yoast_head":"<!-- This site is optimized with the Yoast SEO plugin v27.2 - https:\/\/yoast.com\/product\/yoast-seo-wordpress\/ -->\n<title>Tirador con cierre - Cerraduras OMR<\/title>\n<meta name=\"description\" content=\"Cerradura con Tirador de 1\/4 de vuelta, fijaci\u00f3n r\u00e1pida, terminal de palanca cuadrado de 7 mm. Ideal para cuadros y armarios. Con muelle de retorno.\" \/>\n<meta name=\"robots\" content=\"index, follow, max-snippet:-1, max-image-preview:large, max-video-preview:-1\" \/>\n<link rel=\"canonical\" href=\"https:\/\/www.omrserrature.it\/es\/producto\/cierre-con-bombin-a-muelles-fijacion-rapida-zocalo-cuadrado-q7-copia-copia-copia\/\" \/>\n<meta property=\"og:locale\" content=\"es_ES\" \/>\n<meta property=\"og:type\" content=\"article\" \/>\n<meta property=\"og:title\" content=\"Tirador con cierre - Cerraduras OMR\" \/>\n<meta property=\"og:description\" content=\"Cerradura con Tirador de 1\/4 de vuelta, fijaci\u00f3n r\u00e1pida, terminal de palanca cuadrado de 7 mm. Ideal para cuadros y armarios. Con muelle de retorno.\" \/>\n<meta property=\"og:url\" content=\"https:\/\/www.omrserrature.it\/es\/producto\/cierre-con-bombin-a-muelles-fijacion-rapida-zocalo-cuadrado-q7-copia-copia-copia\/\" \/>\n<meta property=\"og:site_name\" content=\"OMR Serrature | Produzione sistemi di chiusura\" \/>\n<meta property=\"article:publisher\" content=\"https:\/\/www.facebook.com\/OMRserrature\" \/>\n<meta property=\"article:modified_time\" content=\"2026-04-08T09:09:45+00:00\" \/>\n<meta property=\"og:image\" content=\"https:\/\/www.omrserrature.it\/wp-content\/uploads\/2025\/04\/163476_CM.jpg\" \/>\n\t<meta property=\"og:image:width\" content=\"1000\" \/>\n\t<meta property=\"og:image:height\" content=\"1000\" \/>\n\t<meta property=\"og:image:type\" content=\"image\/jpeg\" \/>\n<meta name=\"twitter:card\" content=\"summary_large_image\" \/>\n<meta name=\"twitter:label1\" content=\"Tiempo de lectura\" \/>\n\t<meta name=\"twitter:data1\" content=\"2 minutos\" \/>\n<script type=\"application\/ld+json\" class=\"yoast-schema-graph\">{\"@context\":\"https:\/\/schema.org\",\"@graph\":[{\"@type\":\"WebPage\",\"@id\":\"https:\/\/www.omrserrature.it\/es\/producto\/cierre-con-bombin-a-muelles-fijacion-rapida-zocalo-cuadrado-q7-copia-copia-copia\/\",\"url\":\"https:\/\/www.omrserrature.it\/es\/producto\/cierre-con-bombin-a-muelles-fijacion-rapida-zocalo-cuadrado-q7-copia-copia-copia\/\",\"name\":\"Tirador con cierre - Cerraduras OMR\",\"isPartOf\":{\"@id\":\"https:\/\/www.omrserrature.it\/es\/#website\"},\"primaryImageOfPage\":{\"@id\":\"https:\/\/www.omrserrature.it\/es\/producto\/cierre-con-bombin-a-muelles-fijacion-rapida-zocalo-cuadrado-q7-copia-copia-copia\/#primaryimage\"},\"image\":{\"@id\":\"https:\/\/www.omrserrature.it\/es\/producto\/cierre-con-bombin-a-muelles-fijacion-rapida-zocalo-cuadrado-q7-copia-copia-copia\/#primaryimage\"},\"thumbnailUrl\":\"https:\/\/www.omrserrature.it\/wp-content\/uploads\/2025\/04\/163476_CM.jpg\",\"datePublished\":\"2025-04-24T10:03:24+00:00\",\"dateModified\":\"2026-04-08T09:09:45+00:00\",\"description\":\"Cerradura con Tirador de 1\/4 de vuelta, fijaci\u00f3n r\u00e1pida, terminal de palanca cuadrado de 7 mm. Ideal para cuadros y armarios. Con muelle de retorno.\",\"breadcrumb\":{\"@id\":\"https:\/\/www.omrserrature.it\/es\/producto\/cierre-con-bombin-a-muelles-fijacion-rapida-zocalo-cuadrado-q7-copia-copia-copia\/#breadcrumb\"},\"inLanguage\":\"es\",\"potentialAction\":[{\"@type\":\"ReadAction\",\"target\":[\"https:\/\/www.omrserrature.it\/es\/producto\/cierre-con-bombin-a-muelles-fijacion-rapida-zocalo-cuadrado-q7-copia-copia-copia\/\"]}]},{\"@type\":\"ImageObject\",\"inLanguage\":\"es\",\"@id\":\"https:\/\/www.omrserrature.it\/es\/producto\/cierre-con-bombin-a-muelles-fijacion-rapida-zocalo-cuadrado-q7-copia-copia-copia\/#primaryimage\",\"url\":\"https:\/\/www.omrserrature.it\/wp-content\/uploads\/2025\/04\/163476_CM.jpg\",\"contentUrl\":\"https:\/\/www.omrserrature.it\/wp-content\/uploads\/2025\/04\/163476_CM.jpg\",\"width\":1000,\"height\":1000,\"caption\":\"Cerradura universal de destornillador con varillas para una instalaci\u00f3n r\u00e1pida. Mod. 163476\/CM\"},{\"@type\":\"BreadcrumbList\",\"@id\":\"https:\/\/www.omrserrature.it\/es\/producto\/cierre-con-bombin-a-muelles-fijacion-rapida-zocalo-cuadrado-q7-copia-copia-copia\/#breadcrumb\",\"itemListElement\":[{\"@type\":\"ListItem\",\"position\":1,\"name\":\"Home\",\"item\":\"https:\/\/www.omrserrature.it\/es\/omr-cerradiras-y-sistemas-de-cierre\/\"},{\"@type\":\"ListItem\",\"position\":2,\"name\":\"Cat\u00e1logo\",\"item\":\"https:\/\/www.omrserrature.it\/catalogo\/?lang=es\"},{\"@type\":\"ListItem\",\"position\":3,\"name\":\"Productos\",\"item\":\"https:\/\/www.omrserrature.it\/es\/inventario\/productos\/\"},{\"@type\":\"ListItem\",\"position\":4,\"name\":\"Cerraduras\",\"item\":\"https:\/\/www.omrserrature.it\/es\/inventario\/productos\/cerraduras\/\"},{\"@type\":\"ListItem\",\"position\":5,\"name\":\"Cierre con bomb\u00edn a muelles, fijaci\u00f3n r\u00e1pida, con maneta\"}]},{\"@type\":\"WebSite\",\"@id\":\"https:\/\/www.omrserrature.it\/es\/#website\",\"url\":\"https:\/\/www.omrserrature.it\/es\/\",\"name\":\"OMR Serrature | Produzione sistemi di chiusura\",\"description\":\"Produzione serrature di sicurezza e sistemi di chiusura\",\"publisher\":{\"@id\":\"https:\/\/www.omrserrature.it\/es\/#organization\"},\"potentialAction\":[{\"@type\":\"SearchAction\",\"target\":{\"@type\":\"EntryPoint\",\"urlTemplate\":\"https:\/\/www.omrserrature.it\/es\/?s={search_term_string}\"},\"query-input\":{\"@type\":\"PropertyValueSpecification\",\"valueRequired\":true,\"valueName\":\"search_term_string\"}}],\"inLanguage\":\"es\"},{\"@type\":\"Organization\",\"@id\":\"https:\/\/www.omrserrature.it\/es\/#organization\",\"name\":\"OMR Serrature | Produzione sistemi di chiusura\",\"url\":\"https:\/\/www.omrserrature.it\/es\/\",\"logo\":{\"@type\":\"ImageObject\",\"inLanguage\":\"es\",\"@id\":\"https:\/\/www.omrserrature.it\/es\/#\/schema\/logo\/image\/\",\"url\":\"https:\/\/www.omrserrature.it\/wp-content\/uploads\/2017\/09\/favicon-omr-114.png\",\"contentUrl\":\"https:\/\/www.omrserrature.it\/wp-content\/uploads\/2017\/09\/favicon-omr-114.png\",\"width\":114,\"height\":114,\"caption\":\"OMR Serrature | Produzione sistemi di chiusura\"},\"image\":{\"@id\":\"https:\/\/www.omrserrature.it\/es\/#\/schema\/logo\/image\/\"},\"sameAs\":[\"https:\/\/www.facebook.com\/OMRserrature\",\"https:\/\/www.linkedin.com\/company\/omrserrature\/\",\"https:\/\/www.youtube.com\/channel\/UCxmA85z2R0EpG_6IRokiAkg\"]}]}<\/script>\n<!-- \/ Yoast SEO plugin. -->","yoast_head_json":{"title":"Tirador con cierre - Cerraduras OMR","description":"Cerradura con Tirador de 1\/4 de vuelta, fijaci\u00f3n r\u00e1pida, terminal de palanca cuadrado de 7 mm. Ideal para cuadros y armarios. Con muelle de retorno.","robots":{"index":"index","follow":"follow","max-snippet":"max-snippet:-1","max-image-preview":"max-image-preview:large","max-video-preview":"max-video-preview:-1"},"canonical":"https:\/\/www.omrserrature.it\/es\/producto\/cierre-con-bombin-a-muelles-fijacion-rapida-zocalo-cuadrado-q7-copia-copia-copia\/","og_locale":"es_ES","og_type":"article","og_title":"Tirador con cierre - Cerraduras OMR","og_description":"Cerradura con Tirador de 1\/4 de vuelta, fijaci\u00f3n r\u00e1pida, terminal de palanca cuadrado de 7 mm. Ideal para cuadros y armarios. Con muelle de retorno.","og_url":"https:\/\/www.omrserrature.it\/es\/producto\/cierre-con-bombin-a-muelles-fijacion-rapida-zocalo-cuadrado-q7-copia-copia-copia\/","og_site_name":"OMR Serrature | Produzione sistemi di chiusura","article_publisher":"https:\/\/www.facebook.com\/OMRserrature","article_modified_time":"2026-04-08T09:09:45+00:00","og_image":[{"width":1000,"height":1000,"url":"https:\/\/www.omrserrature.it\/wp-content\/uploads\/2025\/04\/163476_CM.jpg","type":"image\/jpeg"}],"twitter_card":"summary_large_image","twitter_misc":{"Tiempo de lectura":"2 minutos"},"schema":{"@context":"https:\/\/schema.org","@graph":[{"@type":"WebPage","@id":"https:\/\/www.omrserrature.it\/es\/producto\/cierre-con-bombin-a-muelles-fijacion-rapida-zocalo-cuadrado-q7-copia-copia-copia\/","url":"https:\/\/www.omrserrature.it\/es\/producto\/cierre-con-bombin-a-muelles-fijacion-rapida-zocalo-cuadrado-q7-copia-copia-copia\/","name":"Tirador con cierre - Cerraduras OMR","isPartOf":{"@id":"https:\/\/www.omrserrature.it\/es\/#website"},"primaryImageOfPage":{"@id":"https:\/\/www.omrserrature.it\/es\/producto\/cierre-con-bombin-a-muelles-fijacion-rapida-zocalo-cuadrado-q7-copia-copia-copia\/#primaryimage"},"image":{"@id":"https:\/\/www.omrserrature.it\/es\/producto\/cierre-con-bombin-a-muelles-fijacion-rapida-zocalo-cuadrado-q7-copia-copia-copia\/#primaryimage"},"thumbnailUrl":"https:\/\/www.omrserrature.it\/wp-content\/uploads\/2025\/04\/163476_CM.jpg","datePublished":"2025-04-24T10:03:24+00:00","dateModified":"2026-04-08T09:09:45+00:00","description":"Cerradura con Tirador de 1\/4 de vuelta, fijaci\u00f3n r\u00e1pida, terminal de palanca cuadrado de 7 mm. Ideal para cuadros y armarios. Con muelle de retorno.","breadcrumb":{"@id":"https:\/\/www.omrserrature.it\/es\/producto\/cierre-con-bombin-a-muelles-fijacion-rapida-zocalo-cuadrado-q7-copia-copia-copia\/#breadcrumb"},"inLanguage":"es","potentialAction":[{"@type":"ReadAction","target":["https:\/\/www.omrserrature.it\/es\/producto\/cierre-con-bombin-a-muelles-fijacion-rapida-zocalo-cuadrado-q7-copia-copia-copia\/"]}]},{"@type":"ImageObject","inLanguage":"es","@id":"https:\/\/www.omrserrature.it\/es\/producto\/cierre-con-bombin-a-muelles-fijacion-rapida-zocalo-cuadrado-q7-copia-copia-copia\/#primaryimage","url":"https:\/\/www.omrserrature.it\/wp-content\/uploads\/2025\/04\/163476_CM.jpg","contentUrl":"https:\/\/www.omrserrature.it\/wp-content\/uploads\/2025\/04\/163476_CM.jpg","width":1000,"height":1000,"caption":"Cerradura universal de destornillador con varillas para una instalaci\u00f3n r\u00e1pida. Mod. 163476\/CM"},{"@type":"BreadcrumbList","@id":"https:\/\/www.omrserrature.it\/es\/producto\/cierre-con-bombin-a-muelles-fijacion-rapida-zocalo-cuadrado-q7-copia-copia-copia\/#breadcrumb","itemListElement":[{"@type":"ListItem","position":1,"name":"Home","item":"https:\/\/www.omrserrature.it\/es\/omr-cerradiras-y-sistemas-de-cierre\/"},{"@type":"ListItem","position":2,"name":"Cat\u00e1logo","item":"https:\/\/www.omrserrature.it\/catalogo\/?lang=es"},{"@type":"ListItem","position":3,"name":"Productos","item":"https:\/\/www.omrserrature.it\/es\/inventario\/productos\/"},{"@type":"ListItem","position":4,"name":"Cerraduras","item":"https:\/\/www.omrserrature.it\/es\/inventario\/productos\/cerraduras\/"},{"@type":"ListItem","position":5,"name":"Cierre con bomb\u00edn a muelles, fijaci\u00f3n r\u00e1pida, con maneta"}]},{"@type":"WebSite","@id":"https:\/\/www.omrserrature.it\/es\/#website","url":"https:\/\/www.omrserrature.it\/es\/","name":"OMR Serrature | Produzione sistemi di chiusura","description":"Produzione serrature di sicurezza e sistemi di chiusura","publisher":{"@id":"https:\/\/www.omrserrature.it\/es\/#organization"},"potentialAction":[{"@type":"SearchAction","target":{"@type":"EntryPoint","urlTemplate":"https:\/\/www.omrserrature.it\/es\/?s={search_term_string}"},"query-input":{"@type":"PropertyValueSpecification","valueRequired":true,"valueName":"search_term_string"}}],"inLanguage":"es"},{"@type":"Organization","@id":"https:\/\/www.omrserrature.it\/es\/#organization","name":"OMR Serrature | Produzione sistemi di chiusura","url":"https:\/\/www.omrserrature.it\/es\/","logo":{"@type":"ImageObject","inLanguage":"es","@id":"https:\/\/www.omrserrature.it\/es\/#\/schema\/logo\/image\/","url":"https:\/\/www.omrserrature.it\/wp-content\/uploads\/2017\/09\/favicon-omr-114.png","contentUrl":"https:\/\/www.omrserrature.it\/wp-content\/uploads\/2017\/09\/favicon-omr-114.png","width":114,"height":114,"caption":"OMR Serrature | Produzione sistemi di chiusura"},"image":{"@id":"https:\/\/www.omrserrature.it\/es\/#\/schema\/logo\/image\/"},"sameAs":["https:\/\/www.facebook.com\/OMRserrature","https:\/\/www.linkedin.com\/company\/omrserrature\/","https:\/\/www.youtube.com\/channel\/UCxmA85z2R0EpG_6IRokiAkg"]}]}},"_links":{"self":[{"href":"https:\/\/www.omrserrature.it\/es\/wp-json\/wp\/v2\/product\/243809","targetHints":{"allow":["GET"]}}],"collection":[{"href":"https:\/\/www.omrserrature.it\/es\/wp-json\/wp\/v2\/product"}],"about":[{"href":"https:\/\/www.omrserrature.it\/es\/wp-json\/wp\/v2\/types\/product"}],"replies":[{"embeddable":true,"href":"https:\/\/www.omrserrature.it\/es\/wp-json\/wp\/v2\/comments?post=243809"}],"wp:featuredmedia":[{"embeddable":true,"href":"https:\/\/www.omrserrature.it\/es\/wp-json\/wp\/v2\/media\/243765"}],"wp:attachment":[{"href":"https:\/\/www.omrserrature.it\/es\/wp-json\/wp\/v2\/media?parent=243809"}],"wp:term":[{"taxonomy":"product_brand","embeddable":true,"href":"https:\/\/www.omrserrature.it\/es\/wp-json\/wp\/v2\/product_brand?post=243809"},{"taxonomy":"product_cat","embeddable":true,"href":"https:\/\/www.omrserrature.it\/es\/wp-json\/wp\/v2\/product_cat?post=243809"},{"taxonomy":"product_tag","embeddable":true,"href":"https:\/\/www.omrserrature.it\/es\/wp-json\/wp\/v2\/product_tag?post=243809"}],"curies":[{"name":"wp","href":"https:\/\/api.w.org\/{rel}","templated":true}]}}