{"id":243804,"date":"2025-04-24T11:59:24","date_gmt":"2025-04-24T09:59:24","guid":{"rendered":"https:\/\/www.staging6.omrserrature.it\/?post_type=product&#038;p=243804"},"modified":"2026-04-08T11:08:37","modified_gmt":"2026-04-08T09:08:37","slug":"cierre-con-bombin-a-muelles-fijacion-rapida-zocalo-cuadrado-q7-copia-copia","status":"publish","type":"product","link":"https:\/\/www.omrserrature.it\/es\/producto\/cierre-con-bombin-a-muelles-fijacion-rapida-zocalo-cuadrado-q7-copia-copia\/","title":{"rendered":"Cierre con bomb\u00edn a muelles, fijaci\u00f3n r\u00e1pida, destornillador"},"content":{"rendered":"<p>La <strong>cerradura con llave de z\u00f3calo para destornillador<\/strong> est\u00e1 formada por un cuerpo de aleaci\u00f3n de zinc en cuyo interior hay un bombin accionado por muelle que gira cuando se somete a una ligera presi\u00f3n del destornillador, haciendo que se abra o se cierre. Este cierre montado en el z\u00f3calo del destornillador tiene resortes de presi\u00f3n para <strong>un enganche r\u00e1pido<\/strong>: s\u00f3lo tienes que presionar el cierre en su sitio y oir\u00e1s el inconfundible clic de los resortes que lo fijan firmemente al panel. <\/p>\n<p>El terminal trasero cuadrado de 7 mm tambi\u00e9n permite instalar <strong>palancas rectas, dobladas o de gancho<\/strong>. La cerradura de 1\/4 de vuelta tambi\u00e9n puede fabricarse en <strong>tecnopol\u00edmero<\/strong>, un \u00abmetal pl\u00e1stico\u00bb especial que garantiza unas prestaciones mec\u00e1nicas equiparables a las de la aleaci\u00f3n de aluminio, resistencia a los agentes atmosf\u00e9ricos y a la corrosi\u00f3n, as\u00ed como una perfecta integraci\u00f3n con el art\u00edculo gracias a la amplia gama de colores disponibles. <\/p>\n<p>La cerradura con llave de z\u00f3calo es adecuada para aplicaciones en las que no se requiere alta seguridad, pero s\u00ed una <strong>gesti\u00f3n<\/strong> sencilla <strong>del acceso<\/strong>, por ejemplo, armarios el\u00e9ctricos, armarios met\u00e1licos, muebles de balc\u00f3n, torretas de automatizaci\u00f3n, paneles de control de maquinaria, cajas isot\u00e9rmicas, mobiliario urbano, expositores o esquinas.<\/p>\n","protected":false},"excerpt":{"rendered":"<p><strong>Cerradura de destornillador<\/strong> plano con cuerpo de <strong>aleaci\u00f3n de zinc<\/strong> y bombin de resorte: se abre y se cierra con una ligera presi\u00f3n del destornillador. La <strong>fijaci\u00f3n con resorte de<\/strong> presi\u00f3n permite un montaje sencillo y seguro con el cl\u00e1sico <em>clic de<\/em> confirmaci\u00f3n. El <strong>extremo cuadrado de 7 mm<\/strong> es compatible con palancas rectas, dobladas o de gancho. Tambi\u00e9n est\u00e1 disponible en <strong>tecnopol\u00edmero<\/strong> resistente a la corrosi\u00f3n y a la intemperie, con una amplia gama de colores. Ideal para aplicaciones <strong>de baja seguridad<\/strong> en las que se requiere una gesti\u00f3n f\u00e1cil del acceso: <strong>armarios el\u00e9ctricos, armarios met\u00e1licos, armarios de balc\u00f3n, torretas, maquinaria, cajas isot\u00e9rmicas, equipos publicitarios, expositores y esquinas<\/strong>. La misma cerradura tambi\u00e9n est\u00e1 disponible con cuadradillo, Perno 3, triangular y Tirador.     <\/p>\n","protected":false},"featured_media":243759,"comment_status":"closed","ping_status":"closed","template":"","meta":{"_acf_changed":false,"_et_pb_use_builder":"","_et_pb_old_content":"","_et_gb_content_width":""},"product_brand":[],"product_cat":[3986,3926,1342,3934,3980,3912,3880,3883,3892,3893,3987],"product_tag":[],"class_list":{"0":"post-243804","1":"product","2":"type-product","3":"status-publish","4":"has-post-thumbnail","6":"product_cat-agua-aire-gas-para-empresas","7":"product_cat-batiente","8":"product_cat-cerraduras","9":"product_cat-cerraduras-de-1-4-de-vuelta","10":"product_cat-cerraduras-de-palanca","11":"product_cat-cerraduras-de-puertas","12":"product_cat-cerraduras-para-armarios-electricos","13":"product_cat-cerraduras-para-carros-profesionales","14":"product_cat-cerraduras-para-puertas-delanteras-de-armarios","15":"product_cat-cerraduras-para-puertas-laterales","16":"product_cat-sistemas-de-cierre-para-la-industria","18":"first","19":"instock","20":"shipping-taxable","21":"product-type-simple"},"acf":{"pdf1":"https:\/\/www.omrserrature.it\/wp-content\/uploads\/2025\/04\/Scheda-163495-CM.pdf"},"yoast_head":"<!-- This site is optimized with the Yoast SEO plugin v27.2 - https:\/\/yoast.com\/product\/yoast-seo-wordpress\/ -->\n<title>Cerradura de destornillador de 1\/4 de vuelta | Cierre de z\u00f3calo r\u00e1pido<\/title>\n<meta name=\"description\" content=\"Cerradura de z\u00f3calo de destornillador plano de cuarto de vuelta, fijaci\u00f3n r\u00e1pida por enchufe y borne cuadrado de 7 mm. Ideal para cuadros y armarios.\" \/>\n<meta name=\"robots\" content=\"index, follow, max-snippet:-1, max-image-preview:large, max-video-preview:-1\" \/>\n<link rel=\"canonical\" href=\"https:\/\/www.omrserrature.it\/es\/producto\/cierre-con-bombin-a-muelles-fijacion-rapida-zocalo-cuadrado-q7-copia-copia\/\" \/>\n<meta property=\"og:locale\" content=\"es_ES\" \/>\n<meta property=\"og:type\" content=\"article\" \/>\n<meta property=\"og:title\" content=\"Cerradura de destornillador de 1\/4 de vuelta | Cierre de z\u00f3calo r\u00e1pido\" \/>\n<meta property=\"og:description\" content=\"Cerradura de z\u00f3calo de destornillador plano de cuarto de vuelta, fijaci\u00f3n r\u00e1pida por enchufe y borne cuadrado de 7 mm. Ideal para cuadros y armarios.\" \/>\n<meta property=\"og:url\" content=\"https:\/\/www.omrserrature.it\/es\/producto\/cierre-con-bombin-a-muelles-fijacion-rapida-zocalo-cuadrado-q7-copia-copia\/\" \/>\n<meta property=\"og:site_name\" content=\"OMR Serrature | Produzione sistemi di chiusura\" \/>\n<meta property=\"article:publisher\" content=\"https:\/\/www.facebook.com\/OMRserrature\" \/>\n<meta property=\"article:modified_time\" content=\"2026-04-08T09:08:37+00:00\" \/>\n<meta property=\"og:image\" content=\"https:\/\/www.omrserrature.it\/wp-content\/uploads\/2025\/04\/163495_CM.jpg\" \/>\n\t<meta property=\"og:image:width\" content=\"1000\" \/>\n\t<meta property=\"og:image:height\" content=\"1000\" \/>\n\t<meta property=\"og:image:type\" content=\"image\/jpeg\" \/>\n<meta name=\"twitter:card\" content=\"summary_large_image\" \/>\n<meta name=\"twitter:label1\" content=\"Tiempo de lectura\" \/>\n\t<meta name=\"twitter:data1\" content=\"2 minutos\" \/>\n<script type=\"application\/ld+json\" class=\"yoast-schema-graph\">{\"@context\":\"https:\/\/schema.org\",\"@graph\":[{\"@type\":\"WebPage\",\"@id\":\"https:\/\/www.omrserrature.it\/es\/producto\/cierre-con-bombin-a-muelles-fijacion-rapida-zocalo-cuadrado-q7-copia-copia\/\",\"url\":\"https:\/\/www.omrserrature.it\/es\/producto\/cierre-con-bombin-a-muelles-fijacion-rapida-zocalo-cuadrado-q7-copia-copia\/\",\"name\":\"Cerradura de destornillador de 1\/4 de vuelta | Cierre de z\u00f3calo r\u00e1pido\",\"isPartOf\":{\"@id\":\"https:\/\/www.omrserrature.it\/es\/#website\"},\"primaryImageOfPage\":{\"@id\":\"https:\/\/www.omrserrature.it\/es\/producto\/cierre-con-bombin-a-muelles-fijacion-rapida-zocalo-cuadrado-q7-copia-copia\/#primaryimage\"},\"image\":{\"@id\":\"https:\/\/www.omrserrature.it\/es\/producto\/cierre-con-bombin-a-muelles-fijacion-rapida-zocalo-cuadrado-q7-copia-copia\/#primaryimage\"},\"thumbnailUrl\":\"https:\/\/www.omrserrature.it\/wp-content\/uploads\/2025\/04\/163495_CM.jpg\",\"datePublished\":\"2025-04-24T09:59:24+00:00\",\"dateModified\":\"2026-04-08T09:08:37+00:00\",\"description\":\"Cerradura de z\u00f3calo de destornillador plano de cuarto de vuelta, fijaci\u00f3n r\u00e1pida por enchufe y borne cuadrado de 7 mm. Ideal para cuadros y armarios.\",\"breadcrumb\":{\"@id\":\"https:\/\/www.omrserrature.it\/es\/producto\/cierre-con-bombin-a-muelles-fijacion-rapida-zocalo-cuadrado-q7-copia-copia\/#breadcrumb\"},\"inLanguage\":\"es\",\"potentialAction\":[{\"@type\":\"ReadAction\",\"target\":[\"https:\/\/www.omrserrature.it\/es\/producto\/cierre-con-bombin-a-muelles-fijacion-rapida-zocalo-cuadrado-q7-copia-copia\/\"]}]},{\"@type\":\"ImageObject\",\"inLanguage\":\"es\",\"@id\":\"https:\/\/www.omrserrature.it\/es\/producto\/cierre-con-bombin-a-muelles-fijacion-rapida-zocalo-cuadrado-q7-copia-copia\/#primaryimage\",\"url\":\"https:\/\/www.omrserrature.it\/wp-content\/uploads\/2025\/04\/163495_CM.jpg\",\"contentUrl\":\"https:\/\/www.omrserrature.it\/wp-content\/uploads\/2025\/04\/163495_CM.jpg\",\"width\":1000,\"height\":1000,\"caption\":\"Cerradura universal de destornillador con varillas para una instalaci\u00f3n r\u00e1pida. Mod. 163495\/CM\"},{\"@type\":\"BreadcrumbList\",\"@id\":\"https:\/\/www.omrserrature.it\/es\/producto\/cierre-con-bombin-a-muelles-fijacion-rapida-zocalo-cuadrado-q7-copia-copia\/#breadcrumb\",\"itemListElement\":[{\"@type\":\"ListItem\",\"position\":1,\"name\":\"Home\",\"item\":\"https:\/\/www.omrserrature.it\/es\/omr-cerradiras-y-sistemas-de-cierre\/\"},{\"@type\":\"ListItem\",\"position\":2,\"name\":\"Cat\u00e1logo\",\"item\":\"https:\/\/www.omrserrature.it\/catalogo\/?lang=es\"},{\"@type\":\"ListItem\",\"position\":3,\"name\":\"Productos\",\"item\":\"https:\/\/www.omrserrature.it\/es\/inventario\/productos\/\"},{\"@type\":\"ListItem\",\"position\":4,\"name\":\"Cerraduras\",\"item\":\"https:\/\/www.omrserrature.it\/es\/inventario\/productos\/cerraduras\/\"},{\"@type\":\"ListItem\",\"position\":5,\"name\":\"Cierre con bomb\u00edn a muelles, fijaci\u00f3n r\u00e1pida, destornillador\"}]},{\"@type\":\"WebSite\",\"@id\":\"https:\/\/www.omrserrature.it\/es\/#website\",\"url\":\"https:\/\/www.omrserrature.it\/es\/\",\"name\":\"OMR Serrature | Produzione sistemi di chiusura\",\"description\":\"Produzione serrature di sicurezza e sistemi di chiusura\",\"publisher\":{\"@id\":\"https:\/\/www.omrserrature.it\/es\/#organization\"},\"potentialAction\":[{\"@type\":\"SearchAction\",\"target\":{\"@type\":\"EntryPoint\",\"urlTemplate\":\"https:\/\/www.omrserrature.it\/es\/?s={search_term_string}\"},\"query-input\":{\"@type\":\"PropertyValueSpecification\",\"valueRequired\":true,\"valueName\":\"search_term_string\"}}],\"inLanguage\":\"es\"},{\"@type\":\"Organization\",\"@id\":\"https:\/\/www.omrserrature.it\/es\/#organization\",\"name\":\"OMR Serrature | Produzione sistemi di chiusura\",\"url\":\"https:\/\/www.omrserrature.it\/es\/\",\"logo\":{\"@type\":\"ImageObject\",\"inLanguage\":\"es\",\"@id\":\"https:\/\/www.omrserrature.it\/es\/#\/schema\/logo\/image\/\",\"url\":\"https:\/\/www.omrserrature.it\/wp-content\/uploads\/2017\/09\/favicon-omr-114.png\",\"contentUrl\":\"https:\/\/www.omrserrature.it\/wp-content\/uploads\/2017\/09\/favicon-omr-114.png\",\"width\":114,\"height\":114,\"caption\":\"OMR Serrature | Produzione sistemi di chiusura\"},\"image\":{\"@id\":\"https:\/\/www.omrserrature.it\/es\/#\/schema\/logo\/image\/\"},\"sameAs\":[\"https:\/\/www.facebook.com\/OMRserrature\",\"https:\/\/www.linkedin.com\/company\/omrserrature\/\",\"https:\/\/www.youtube.com\/channel\/UCxmA85z2R0EpG_6IRokiAkg\"]}]}<\/script>\n<!-- \/ Yoast SEO plugin. -->","yoast_head_json":{"title":"Cerradura de destornillador de 1\/4 de vuelta | Cierre de z\u00f3calo r\u00e1pido","description":"Cerradura de z\u00f3calo de destornillador plano de cuarto de vuelta, fijaci\u00f3n r\u00e1pida por enchufe y borne cuadrado de 7 mm. Ideal para cuadros y armarios.","robots":{"index":"index","follow":"follow","max-snippet":"max-snippet:-1","max-image-preview":"max-image-preview:large","max-video-preview":"max-video-preview:-1"},"canonical":"https:\/\/www.omrserrature.it\/es\/producto\/cierre-con-bombin-a-muelles-fijacion-rapida-zocalo-cuadrado-q7-copia-copia\/","og_locale":"es_ES","og_type":"article","og_title":"Cerradura de destornillador de 1\/4 de vuelta | Cierre de z\u00f3calo r\u00e1pido","og_description":"Cerradura de z\u00f3calo de destornillador plano de cuarto de vuelta, fijaci\u00f3n r\u00e1pida por enchufe y borne cuadrado de 7 mm. Ideal para cuadros y armarios.","og_url":"https:\/\/www.omrserrature.it\/es\/producto\/cierre-con-bombin-a-muelles-fijacion-rapida-zocalo-cuadrado-q7-copia-copia\/","og_site_name":"OMR Serrature | Produzione sistemi di chiusura","article_publisher":"https:\/\/www.facebook.com\/OMRserrature","article_modified_time":"2026-04-08T09:08:37+00:00","og_image":[{"width":1000,"height":1000,"url":"https:\/\/www.omrserrature.it\/wp-content\/uploads\/2025\/04\/163495_CM.jpg","type":"image\/jpeg"}],"twitter_card":"summary_large_image","twitter_misc":{"Tiempo de lectura":"2 minutos"},"schema":{"@context":"https:\/\/schema.org","@graph":[{"@type":"WebPage","@id":"https:\/\/www.omrserrature.it\/es\/producto\/cierre-con-bombin-a-muelles-fijacion-rapida-zocalo-cuadrado-q7-copia-copia\/","url":"https:\/\/www.omrserrature.it\/es\/producto\/cierre-con-bombin-a-muelles-fijacion-rapida-zocalo-cuadrado-q7-copia-copia\/","name":"Cerradura de destornillador de 1\/4 de vuelta | Cierre de z\u00f3calo r\u00e1pido","isPartOf":{"@id":"https:\/\/www.omrserrature.it\/es\/#website"},"primaryImageOfPage":{"@id":"https:\/\/www.omrserrature.it\/es\/producto\/cierre-con-bombin-a-muelles-fijacion-rapida-zocalo-cuadrado-q7-copia-copia\/#primaryimage"},"image":{"@id":"https:\/\/www.omrserrature.it\/es\/producto\/cierre-con-bombin-a-muelles-fijacion-rapida-zocalo-cuadrado-q7-copia-copia\/#primaryimage"},"thumbnailUrl":"https:\/\/www.omrserrature.it\/wp-content\/uploads\/2025\/04\/163495_CM.jpg","datePublished":"2025-04-24T09:59:24+00:00","dateModified":"2026-04-08T09:08:37+00:00","description":"Cerradura de z\u00f3calo de destornillador plano de cuarto de vuelta, fijaci\u00f3n r\u00e1pida por enchufe y borne cuadrado de 7 mm. Ideal para cuadros y armarios.","breadcrumb":{"@id":"https:\/\/www.omrserrature.it\/es\/producto\/cierre-con-bombin-a-muelles-fijacion-rapida-zocalo-cuadrado-q7-copia-copia\/#breadcrumb"},"inLanguage":"es","potentialAction":[{"@type":"ReadAction","target":["https:\/\/www.omrserrature.it\/es\/producto\/cierre-con-bombin-a-muelles-fijacion-rapida-zocalo-cuadrado-q7-copia-copia\/"]}]},{"@type":"ImageObject","inLanguage":"es","@id":"https:\/\/www.omrserrature.it\/es\/producto\/cierre-con-bombin-a-muelles-fijacion-rapida-zocalo-cuadrado-q7-copia-copia\/#primaryimage","url":"https:\/\/www.omrserrature.it\/wp-content\/uploads\/2025\/04\/163495_CM.jpg","contentUrl":"https:\/\/www.omrserrature.it\/wp-content\/uploads\/2025\/04\/163495_CM.jpg","width":1000,"height":1000,"caption":"Cerradura universal de destornillador con varillas para una instalaci\u00f3n r\u00e1pida. Mod. 163495\/CM"},{"@type":"BreadcrumbList","@id":"https:\/\/www.omrserrature.it\/es\/producto\/cierre-con-bombin-a-muelles-fijacion-rapida-zocalo-cuadrado-q7-copia-copia\/#breadcrumb","itemListElement":[{"@type":"ListItem","position":1,"name":"Home","item":"https:\/\/www.omrserrature.it\/es\/omr-cerradiras-y-sistemas-de-cierre\/"},{"@type":"ListItem","position":2,"name":"Cat\u00e1logo","item":"https:\/\/www.omrserrature.it\/catalogo\/?lang=es"},{"@type":"ListItem","position":3,"name":"Productos","item":"https:\/\/www.omrserrature.it\/es\/inventario\/productos\/"},{"@type":"ListItem","position":4,"name":"Cerraduras","item":"https:\/\/www.omrserrature.it\/es\/inventario\/productos\/cerraduras\/"},{"@type":"ListItem","position":5,"name":"Cierre con bomb\u00edn a muelles, fijaci\u00f3n r\u00e1pida, destornillador"}]},{"@type":"WebSite","@id":"https:\/\/www.omrserrature.it\/es\/#website","url":"https:\/\/www.omrserrature.it\/es\/","name":"OMR Serrature | Produzione sistemi di chiusura","description":"Produzione serrature di sicurezza e sistemi di chiusura","publisher":{"@id":"https:\/\/www.omrserrature.it\/es\/#organization"},"potentialAction":[{"@type":"SearchAction","target":{"@type":"EntryPoint","urlTemplate":"https:\/\/www.omrserrature.it\/es\/?s={search_term_string}"},"query-input":{"@type":"PropertyValueSpecification","valueRequired":true,"valueName":"search_term_string"}}],"inLanguage":"es"},{"@type":"Organization","@id":"https:\/\/www.omrserrature.it\/es\/#organization","name":"OMR Serrature | Produzione sistemi di chiusura","url":"https:\/\/www.omrserrature.it\/es\/","logo":{"@type":"ImageObject","inLanguage":"es","@id":"https:\/\/www.omrserrature.it\/es\/#\/schema\/logo\/image\/","url":"https:\/\/www.omrserrature.it\/wp-content\/uploads\/2017\/09\/favicon-omr-114.png","contentUrl":"https:\/\/www.omrserrature.it\/wp-content\/uploads\/2017\/09\/favicon-omr-114.png","width":114,"height":114,"caption":"OMR Serrature | Produzione sistemi di chiusura"},"image":{"@id":"https:\/\/www.omrserrature.it\/es\/#\/schema\/logo\/image\/"},"sameAs":["https:\/\/www.facebook.com\/OMRserrature","https:\/\/www.linkedin.com\/company\/omrserrature\/","https:\/\/www.youtube.com\/channel\/UCxmA85z2R0EpG_6IRokiAkg"]}]}},"_links":{"self":[{"href":"https:\/\/www.omrserrature.it\/es\/wp-json\/wp\/v2\/product\/243804","targetHints":{"allow":["GET"]}}],"collection":[{"href":"https:\/\/www.omrserrature.it\/es\/wp-json\/wp\/v2\/product"}],"about":[{"href":"https:\/\/www.omrserrature.it\/es\/wp-json\/wp\/v2\/types\/product"}],"replies":[{"embeddable":true,"href":"https:\/\/www.omrserrature.it\/es\/wp-json\/wp\/v2\/comments?post=243804"}],"wp:featuredmedia":[{"embeddable":true,"href":"https:\/\/www.omrserrature.it\/es\/wp-json\/wp\/v2\/media\/243759"}],"wp:attachment":[{"href":"https:\/\/www.omrserrature.it\/es\/wp-json\/wp\/v2\/media?parent=243804"}],"wp:term":[{"taxonomy":"product_brand","embeddable":true,"href":"https:\/\/www.omrserrature.it\/es\/wp-json\/wp\/v2\/product_brand?post=243804"},{"taxonomy":"product_cat","embeddable":true,"href":"https:\/\/www.omrserrature.it\/es\/wp-json\/wp\/v2\/product_cat?post=243804"},{"taxonomy":"product_tag","embeddable":true,"href":"https:\/\/www.omrserrature.it\/es\/wp-json\/wp\/v2\/product_tag?post=243804"}],"curies":[{"name":"wp","href":"https:\/\/api.w.org\/{rel}","templated":true}]}}