{"id":243798,"date":"2025-04-24T11:51:09","date_gmt":"2025-04-24T09:51:09","guid":{"rendered":"https:\/\/www.staging6.omrserrature.it\/?post_type=product&#038;p=243798"},"modified":"2026-04-08T11:09:53","modified_gmt":"2026-04-08T09:09:53","slug":"cierre-con-bombin-a-muelles-fijacion-rapida-zocalo-cuadrado-q7-copia","status":"publish","type":"product","link":"https:\/\/www.omrserrature.it\/es\/producto\/cierre-con-bombin-a-muelles-fijacion-rapida-zocalo-cuadrado-q7-copia\/","title":{"rendered":"Cierre con bomb\u00edn a muelles, fijaci\u00f3n r\u00e1pida, llave con aletas y pasador 3"},"content":{"rendered":"<p>La <strong>cerradura de 1\/4 de vuelta con llave de aletas<\/strong> y bombin a muelle consta de un cuerpo de aleaci\u00f3n de zinc en cuyo interior hay un rotor con bombin (P3, llave de bombin con aletas) que, movido por la llave especial, gira para determinar la apertura o el cierre. Este cierre especial de llave de perno 3 tiene resortes para <strong>un enganche r\u00e1pido<\/strong>: basta con presionar el cierre para o\u00edr el clic caracter\u00edstico de los resortes que lo fijan firmemente al panel. <\/p>\n<p>El terminal cuadrado de 7 mm tambi\u00e9n permite instalar <strong>palancas rectas, dobladas o de gancho<\/strong>. La cerradura de 1\/4 de vuelta tambi\u00e9n puede fabricarse en <strong>tecnopol\u00edmero<\/strong>, un \u00abmetal pl\u00e1stico\u00bb especial que garantiza unas prestaciones mec\u00e1nicas equiparables a las de la aleaci\u00f3n de aluminio, resistencia a la intemperie y a la corrosi\u00f3n, as\u00ed como una perfecta integraci\u00f3n est\u00e9tica gracias a la amplia gama de colores disponibles. <\/p>\n<p>La cerradura con llave de z\u00f3calo de 3 varillas ofrece m\u00e1s protecci\u00f3n que las versiones triangular o cuadrada, y es adecuada para aplicaciones en las que se requiere una seguridad media y una <strong>gesti\u00f3n<\/strong> f\u00e1cil <strong>del acceso<\/strong>, como cuadros generales, torretas de automatizaci\u00f3n, paneles de control de maquinaria, armarios met\u00e1licos, cajas isot\u00e9rmicas, mobiliario urbano, expositores o esquinas.<\/p>\n","protected":false},"excerpt":{"rendered":"<p>La<strong> cerradura<\/strong> de perno 3 de 1\/4 de vuelta tiene un cuerpo de aleaci\u00f3n de zinc y un <strong>bombin de<\/strong> perno 3 <strong>cargado por resorte<\/strong> (presionar, abrir) (P3, llave de z\u00f3calo). Se abre y se cierra mediante la llave, y el sistema de resorte permite una <strong>fijaci\u00f3n r\u00e1pida de presi\u00f3n y cierre<\/strong> con el clic caracter\u00edstico. El extremo cuadrado de 7 mm permite la instalaci\u00f3n de<strong> palancas rectas, dobladas o de gancho<\/strong>. <strong>Tambi\u00e9n est\u00e1 disponible en tecnopol\u00edmero<\/strong>, que ofrece resistencia a la corrosi\u00f3n y a la intemperie. Adecuada para aplicaciones que requieren una seguridad media y una gesti\u00f3n de acceso f\u00e1cil, como armarios de distribuci\u00f3n, torretas, armarios met\u00e1licos, equipos publicitarios y expositores. La misma cerradura tambi\u00e9n est\u00e1 disponible con impresiones cuadradas, triangulares, de destornillador y de Tirador.    <\/p>\n","protected":false},"featured_media":243775,"comment_status":"closed","ping_status":"closed","template":"","meta":{"_acf_changed":false,"_et_pb_use_builder":"","_et_pb_old_content":"","_et_gb_content_width":""},"product_brand":[],"product_cat":[3986,3926,1342,3934,3980,3912,3880,3883,3892,3893,3987],"product_tag":[],"class_list":{"0":"post-243798","1":"product","2":"type-product","3":"status-publish","4":"has-post-thumbnail","6":"product_cat-agua-aire-gas-para-empresas","7":"product_cat-batiente","8":"product_cat-cerraduras","9":"product_cat-cerraduras-de-1-4-de-vuelta","10":"product_cat-cerraduras-de-palanca","11":"product_cat-cerraduras-de-puertas","12":"product_cat-cerraduras-para-armarios-electricos","13":"product_cat-cerraduras-para-carros-profesionales","14":"product_cat-cerraduras-para-puertas-delanteras-de-armarios","15":"product_cat-cerraduras-para-puertas-laterales","16":"product_cat-sistemas-de-cierre-para-la-industria","18":"first","19":"instock","20":"shipping-taxable","21":"product-type-simple"},"acf":{"pdf1":"https:\/\/www.omrserrature.it\/wp-content\/uploads\/2025\/04\/Scheda-161050-CM.pdf"},"yoast_head":"<!-- This site is optimized with the Yoast SEO plugin v27.2 - https:\/\/yoast.com\/product\/yoast-seo-wordpress\/ -->\n<title>Cerradura de llave de dos aletas - Cerraduras OMR<\/title>\n<meta name=\"description\" content=\"Cerradura de 1\/4 de vuelta con llave de dos aletas (Perno 3) con fijaci\u00f3n r\u00e1pida. Ideal para armarios de control y armarios de seguridad media.\" \/>\n<meta name=\"robots\" content=\"index, follow, max-snippet:-1, max-image-preview:large, max-video-preview:-1\" \/>\n<link rel=\"canonical\" href=\"https:\/\/www.omrserrature.it\/es\/producto\/cierre-con-bombin-a-muelles-fijacion-rapida-zocalo-cuadrado-q7-copia\/\" \/>\n<meta property=\"og:locale\" content=\"es_ES\" \/>\n<meta property=\"og:type\" content=\"article\" \/>\n<meta property=\"og:title\" content=\"Cerradura de llave de dos aletas - Cerraduras OMR\" \/>\n<meta property=\"og:description\" content=\"Cerradura de 1\/4 de vuelta con llave de dos aletas (Perno 3) con fijaci\u00f3n r\u00e1pida. Ideal para armarios de control y armarios de seguridad media.\" \/>\n<meta property=\"og:url\" content=\"https:\/\/www.omrserrature.it\/es\/producto\/cierre-con-bombin-a-muelles-fijacion-rapida-zocalo-cuadrado-q7-copia\/\" \/>\n<meta property=\"og:site_name\" content=\"OMR Serrature | Produzione sistemi di chiusura\" \/>\n<meta property=\"article:publisher\" content=\"https:\/\/www.facebook.com\/OMRserrature\" \/>\n<meta property=\"article:modified_time\" content=\"2026-04-08T09:09:53+00:00\" \/>\n<meta property=\"og:image\" content=\"https:\/\/www.omrserrature.it\/wp-content\/uploads\/2025\/04\/161050_CM.jpg\" \/>\n\t<meta property=\"og:image:width\" content=\"1000\" \/>\n\t<meta property=\"og:image:height\" content=\"1000\" \/>\n\t<meta property=\"og:image:type\" content=\"image\/jpeg\" \/>\n<meta name=\"twitter:card\" content=\"summary_large_image\" \/>\n<meta name=\"twitter:label1\" content=\"Tiempo de lectura\" \/>\n\t<meta name=\"twitter:data1\" content=\"2 minutos\" \/>\n<script type=\"application\/ld+json\" class=\"yoast-schema-graph\">{\"@context\":\"https:\/\/schema.org\",\"@graph\":[{\"@type\":\"WebPage\",\"@id\":\"https:\/\/www.omrserrature.it\/es\/producto\/cierre-con-bombin-a-muelles-fijacion-rapida-zocalo-cuadrado-q7-copia\/\",\"url\":\"https:\/\/www.omrserrature.it\/es\/producto\/cierre-con-bombin-a-muelles-fijacion-rapida-zocalo-cuadrado-q7-copia\/\",\"name\":\"Cerradura de llave de dos aletas - Cerraduras OMR\",\"isPartOf\":{\"@id\":\"https:\/\/www.omrserrature.it\/es\/#website\"},\"primaryImageOfPage\":{\"@id\":\"https:\/\/www.omrserrature.it\/es\/producto\/cierre-con-bombin-a-muelles-fijacion-rapida-zocalo-cuadrado-q7-copia\/#primaryimage\"},\"image\":{\"@id\":\"https:\/\/www.omrserrature.it\/es\/producto\/cierre-con-bombin-a-muelles-fijacion-rapida-zocalo-cuadrado-q7-copia\/#primaryimage\"},\"thumbnailUrl\":\"https:\/\/www.omrserrature.it\/wp-content\/uploads\/2025\/04\/161050_CM.jpg\",\"datePublished\":\"2025-04-24T09:51:09+00:00\",\"dateModified\":\"2026-04-08T09:09:53+00:00\",\"description\":\"Cerradura de 1\/4 de vuelta con llave de dos aletas (Perno 3) con fijaci\u00f3n r\u00e1pida. Ideal para armarios de control y armarios de seguridad media.\",\"breadcrumb\":{\"@id\":\"https:\/\/www.omrserrature.it\/es\/producto\/cierre-con-bombin-a-muelles-fijacion-rapida-zocalo-cuadrado-q7-copia\/#breadcrumb\"},\"inLanguage\":\"es\",\"potentialAction\":[{\"@type\":\"ReadAction\",\"target\":[\"https:\/\/www.omrserrature.it\/es\/producto\/cierre-con-bombin-a-muelles-fijacion-rapida-zocalo-cuadrado-q7-copia\/\"]}]},{\"@type\":\"ImageObject\",\"inLanguage\":\"es\",\"@id\":\"https:\/\/www.omrserrature.it\/es\/producto\/cierre-con-bombin-a-muelles-fijacion-rapida-zocalo-cuadrado-q7-copia\/#primaryimage\",\"url\":\"https:\/\/www.omrserrature.it\/wp-content\/uploads\/2025\/04\/161050_CM.jpg\",\"contentUrl\":\"https:\/\/www.omrserrature.it\/wp-content\/uploads\/2025\/04\/161050_CM.jpg\",\"width\":1000,\"height\":1000,\"caption\":\"Cerradura universal con cerradura de perno 3 y resortes de presi\u00f3n para una instalaci\u00f3n r\u00e1pida. Mod. 161050\/CM\"},{\"@type\":\"BreadcrumbList\",\"@id\":\"https:\/\/www.omrserrature.it\/es\/producto\/cierre-con-bombin-a-muelles-fijacion-rapida-zocalo-cuadrado-q7-copia\/#breadcrumb\",\"itemListElement\":[{\"@type\":\"ListItem\",\"position\":1,\"name\":\"Home\",\"item\":\"https:\/\/www.omrserrature.it\/es\/omr-cerradiras-y-sistemas-de-cierre\/\"},{\"@type\":\"ListItem\",\"position\":2,\"name\":\"Cat\u00e1logo\",\"item\":\"https:\/\/www.omrserrature.it\/catalogo\/?lang=es\"},{\"@type\":\"ListItem\",\"position\":3,\"name\":\"Productos\",\"item\":\"https:\/\/www.omrserrature.it\/es\/inventario\/productos\/\"},{\"@type\":\"ListItem\",\"position\":4,\"name\":\"Cerraduras\",\"item\":\"https:\/\/www.omrserrature.it\/es\/inventario\/productos\/cerraduras\/\"},{\"@type\":\"ListItem\",\"position\":5,\"name\":\"Cierre con bomb\u00edn a muelles, fijaci\u00f3n r\u00e1pida, llave con aletas y pasador 3\"}]},{\"@type\":\"WebSite\",\"@id\":\"https:\/\/www.omrserrature.it\/es\/#website\",\"url\":\"https:\/\/www.omrserrature.it\/es\/\",\"name\":\"OMR Serrature | Produzione sistemi di chiusura\",\"description\":\"Produzione serrature di sicurezza e sistemi di chiusura\",\"publisher\":{\"@id\":\"https:\/\/www.omrserrature.it\/es\/#organization\"},\"potentialAction\":[{\"@type\":\"SearchAction\",\"target\":{\"@type\":\"EntryPoint\",\"urlTemplate\":\"https:\/\/www.omrserrature.it\/es\/?s={search_term_string}\"},\"query-input\":{\"@type\":\"PropertyValueSpecification\",\"valueRequired\":true,\"valueName\":\"search_term_string\"}}],\"inLanguage\":\"es\"},{\"@type\":\"Organization\",\"@id\":\"https:\/\/www.omrserrature.it\/es\/#organization\",\"name\":\"OMR Serrature | Produzione sistemi di chiusura\",\"url\":\"https:\/\/www.omrserrature.it\/es\/\",\"logo\":{\"@type\":\"ImageObject\",\"inLanguage\":\"es\",\"@id\":\"https:\/\/www.omrserrature.it\/es\/#\/schema\/logo\/image\/\",\"url\":\"https:\/\/www.omrserrature.it\/wp-content\/uploads\/2017\/09\/favicon-omr-114.png\",\"contentUrl\":\"https:\/\/www.omrserrature.it\/wp-content\/uploads\/2017\/09\/favicon-omr-114.png\",\"width\":114,\"height\":114,\"caption\":\"OMR Serrature | Produzione sistemi di chiusura\"},\"image\":{\"@id\":\"https:\/\/www.omrserrature.it\/es\/#\/schema\/logo\/image\/\"},\"sameAs\":[\"https:\/\/www.facebook.com\/OMRserrature\",\"https:\/\/www.linkedin.com\/company\/omrserrature\/\",\"https:\/\/www.youtube.com\/channel\/UCxmA85z2R0EpG_6IRokiAkg\"]}]}<\/script>\n<!-- \/ Yoast SEO plugin. -->","yoast_head_json":{"title":"Cerradura de llave de dos aletas - Cerraduras OMR","description":"Cerradura de 1\/4 de vuelta con llave de dos aletas (Perno 3) con fijaci\u00f3n r\u00e1pida. Ideal para armarios de control y armarios de seguridad media.","robots":{"index":"index","follow":"follow","max-snippet":"max-snippet:-1","max-image-preview":"max-image-preview:large","max-video-preview":"max-video-preview:-1"},"canonical":"https:\/\/www.omrserrature.it\/es\/producto\/cierre-con-bombin-a-muelles-fijacion-rapida-zocalo-cuadrado-q7-copia\/","og_locale":"es_ES","og_type":"article","og_title":"Cerradura de llave de dos aletas - Cerraduras OMR","og_description":"Cerradura de 1\/4 de vuelta con llave de dos aletas (Perno 3) con fijaci\u00f3n r\u00e1pida. Ideal para armarios de control y armarios de seguridad media.","og_url":"https:\/\/www.omrserrature.it\/es\/producto\/cierre-con-bombin-a-muelles-fijacion-rapida-zocalo-cuadrado-q7-copia\/","og_site_name":"OMR Serrature | Produzione sistemi di chiusura","article_publisher":"https:\/\/www.facebook.com\/OMRserrature","article_modified_time":"2026-04-08T09:09:53+00:00","og_image":[{"width":1000,"height":1000,"url":"https:\/\/www.omrserrature.it\/wp-content\/uploads\/2025\/04\/161050_CM.jpg","type":"image\/jpeg"}],"twitter_card":"summary_large_image","twitter_misc":{"Tiempo de lectura":"2 minutos"},"schema":{"@context":"https:\/\/schema.org","@graph":[{"@type":"WebPage","@id":"https:\/\/www.omrserrature.it\/es\/producto\/cierre-con-bombin-a-muelles-fijacion-rapida-zocalo-cuadrado-q7-copia\/","url":"https:\/\/www.omrserrature.it\/es\/producto\/cierre-con-bombin-a-muelles-fijacion-rapida-zocalo-cuadrado-q7-copia\/","name":"Cerradura de llave de dos aletas - Cerraduras OMR","isPartOf":{"@id":"https:\/\/www.omrserrature.it\/es\/#website"},"primaryImageOfPage":{"@id":"https:\/\/www.omrserrature.it\/es\/producto\/cierre-con-bombin-a-muelles-fijacion-rapida-zocalo-cuadrado-q7-copia\/#primaryimage"},"image":{"@id":"https:\/\/www.omrserrature.it\/es\/producto\/cierre-con-bombin-a-muelles-fijacion-rapida-zocalo-cuadrado-q7-copia\/#primaryimage"},"thumbnailUrl":"https:\/\/www.omrserrature.it\/wp-content\/uploads\/2025\/04\/161050_CM.jpg","datePublished":"2025-04-24T09:51:09+00:00","dateModified":"2026-04-08T09:09:53+00:00","description":"Cerradura de 1\/4 de vuelta con llave de dos aletas (Perno 3) con fijaci\u00f3n r\u00e1pida. Ideal para armarios de control y armarios de seguridad media.","breadcrumb":{"@id":"https:\/\/www.omrserrature.it\/es\/producto\/cierre-con-bombin-a-muelles-fijacion-rapida-zocalo-cuadrado-q7-copia\/#breadcrumb"},"inLanguage":"es","potentialAction":[{"@type":"ReadAction","target":["https:\/\/www.omrserrature.it\/es\/producto\/cierre-con-bombin-a-muelles-fijacion-rapida-zocalo-cuadrado-q7-copia\/"]}]},{"@type":"ImageObject","inLanguage":"es","@id":"https:\/\/www.omrserrature.it\/es\/producto\/cierre-con-bombin-a-muelles-fijacion-rapida-zocalo-cuadrado-q7-copia\/#primaryimage","url":"https:\/\/www.omrserrature.it\/wp-content\/uploads\/2025\/04\/161050_CM.jpg","contentUrl":"https:\/\/www.omrserrature.it\/wp-content\/uploads\/2025\/04\/161050_CM.jpg","width":1000,"height":1000,"caption":"Cerradura universal con cerradura de perno 3 y resortes de presi\u00f3n para una instalaci\u00f3n r\u00e1pida. Mod. 161050\/CM"},{"@type":"BreadcrumbList","@id":"https:\/\/www.omrserrature.it\/es\/producto\/cierre-con-bombin-a-muelles-fijacion-rapida-zocalo-cuadrado-q7-copia\/#breadcrumb","itemListElement":[{"@type":"ListItem","position":1,"name":"Home","item":"https:\/\/www.omrserrature.it\/es\/omr-cerradiras-y-sistemas-de-cierre\/"},{"@type":"ListItem","position":2,"name":"Cat\u00e1logo","item":"https:\/\/www.omrserrature.it\/catalogo\/?lang=es"},{"@type":"ListItem","position":3,"name":"Productos","item":"https:\/\/www.omrserrature.it\/es\/inventario\/productos\/"},{"@type":"ListItem","position":4,"name":"Cerraduras","item":"https:\/\/www.omrserrature.it\/es\/inventario\/productos\/cerraduras\/"},{"@type":"ListItem","position":5,"name":"Cierre con bomb\u00edn a muelles, fijaci\u00f3n r\u00e1pida, llave con aletas y pasador 3"}]},{"@type":"WebSite","@id":"https:\/\/www.omrserrature.it\/es\/#website","url":"https:\/\/www.omrserrature.it\/es\/","name":"OMR Serrature | Produzione sistemi di chiusura","description":"Produzione serrature di sicurezza e sistemi di chiusura","publisher":{"@id":"https:\/\/www.omrserrature.it\/es\/#organization"},"potentialAction":[{"@type":"SearchAction","target":{"@type":"EntryPoint","urlTemplate":"https:\/\/www.omrserrature.it\/es\/?s={search_term_string}"},"query-input":{"@type":"PropertyValueSpecification","valueRequired":true,"valueName":"search_term_string"}}],"inLanguage":"es"},{"@type":"Organization","@id":"https:\/\/www.omrserrature.it\/es\/#organization","name":"OMR Serrature | Produzione sistemi di chiusura","url":"https:\/\/www.omrserrature.it\/es\/","logo":{"@type":"ImageObject","inLanguage":"es","@id":"https:\/\/www.omrserrature.it\/es\/#\/schema\/logo\/image\/","url":"https:\/\/www.omrserrature.it\/wp-content\/uploads\/2017\/09\/favicon-omr-114.png","contentUrl":"https:\/\/www.omrserrature.it\/wp-content\/uploads\/2017\/09\/favicon-omr-114.png","width":114,"height":114,"caption":"OMR Serrature | Produzione sistemi di chiusura"},"image":{"@id":"https:\/\/www.omrserrature.it\/es\/#\/schema\/logo\/image\/"},"sameAs":["https:\/\/www.facebook.com\/OMRserrature","https:\/\/www.linkedin.com\/company\/omrserrature\/","https:\/\/www.youtube.com\/channel\/UCxmA85z2R0EpG_6IRokiAkg"]}]}},"_links":{"self":[{"href":"https:\/\/www.omrserrature.it\/es\/wp-json\/wp\/v2\/product\/243798","targetHints":{"allow":["GET"]}}],"collection":[{"href":"https:\/\/www.omrserrature.it\/es\/wp-json\/wp\/v2\/product"}],"about":[{"href":"https:\/\/www.omrserrature.it\/es\/wp-json\/wp\/v2\/types\/product"}],"replies":[{"embeddable":true,"href":"https:\/\/www.omrserrature.it\/es\/wp-json\/wp\/v2\/comments?post=243798"}],"wp:featuredmedia":[{"embeddable":true,"href":"https:\/\/www.omrserrature.it\/es\/wp-json\/wp\/v2\/media\/243775"}],"wp:attachment":[{"href":"https:\/\/www.omrserrature.it\/es\/wp-json\/wp\/v2\/media?parent=243798"}],"wp:term":[{"taxonomy":"product_brand","embeddable":true,"href":"https:\/\/www.omrserrature.it\/es\/wp-json\/wp\/v2\/product_brand?post=243798"},{"taxonomy":"product_cat","embeddable":true,"href":"https:\/\/www.omrserrature.it\/es\/wp-json\/wp\/v2\/product_cat?post=243798"},{"taxonomy":"product_tag","embeddable":true,"href":"https:\/\/www.omrserrature.it\/es\/wp-json\/wp\/v2\/product_tag?post=243798"}],"curies":[{"name":"wp","href":"https:\/\/api.w.org\/{rel}","templated":true}]}}