{"id":243718,"date":"2025-04-23T14:54:06","date_gmt":"2025-04-23T12:54:06","guid":{"rendered":"https:\/\/www.staging6.omrserrature.it\/prodotto\/cerradura-electronica-de-combinacion\/"},"modified":"2026-04-08T11:10:05","modified_gmt":"2026-04-08T09:10:05","slug":"cerradura-electronica-de-combinacion","status":"publish","type":"product","link":"https:\/\/www.omrserrature.it\/es\/producto\/cerradura-electronica-de-combinacion\/","title":{"rendered":"Cerradura electr\u00f3nica de combinaci\u00f3n"},"content":{"rendered":"<p>La <strong>cerradura electr\u00f3nica de combinaci\u00f3n<\/strong> es una soluci\u00f3n moderna dise\u00f1ada para simplificar la gesti\u00f3n de accesos y adaptarse a distintas necesidades. Con tres niveles jer\u00e1rquicos de acceso -maestro, submaestro y usuario-, ofrece un control completo que se adapta a todas las organizaciones. Es especialmente adecuada para entornos como oficinas, gimnasios y espacios compartidos, donde la seguridad y la comodidad son primordiales.  <\/p>\n<p>Esta <strong>cerradura de c\u00f3digo num\u00e9rico<\/strong> puede configurarse en dos modos de funcionamiento: <strong>privado<\/strong> y <strong>p\u00fablico<\/strong>, lo que proporciona flexibilidad de uso seg\u00fan el contexto. En el modo <strong>privado<\/strong>, la cerradura almacena el c\u00f3digo establecido inicialmente, lo que la hace ideal para uso personal o en situaciones en las que el acceso debe restringirse a usuarios espec\u00edficos y continuados. En modo <strong>p\u00fablico<\/strong>, en cambio, cada usuario puede establecer un nuevo c\u00f3digo num\u00e9rico temporal para cada apertura. Esta funci\u00f3n es perfecta para entornos compartidos, como taquillas de gimnasios o vestuarios, donde cada persona puede establecer un c\u00f3digo en el momento y el sistema se restablece autom\u00e1ticamente para el siguiente uso.   <\/p>\n<p>En caso de bater\u00eda baja, la <strong>cerradura electr\u00f3nica de combinaci\u00f3n<\/strong> avisa inmediatamente con una se\u00f1al visual y ac\u00fastica, y gracias a la llave de seguridad siempre se puede desbloquear manualmente, aunque se olvide el c\u00f3digo. Todos los accesorios necesarios para la instalaci\u00f3n en puertas de distintos grosores est\u00e1n incluidos en el paquete para una instalaci\u00f3n r\u00e1pida y sencilla. <\/p>\n<p>La <strong>cerradura de combinaci\u00f3n electr\u00f3nica<\/strong> no es s\u00f3lo una soluci\u00f3n pr\u00e1ctica y tecnol\u00f3gica, sino tambi\u00e9n un detalle de estilo que eleva el dise\u00f1o de tus muebles. Perfecta para quienes buscan seguridad y funcionalidad, aporta un toque moderno y un aspecto refinado a los espacios en los que se instala. Instalar esta <strong>cerradura con n\u00famero de<\/strong> c\u00f3digo significa destacar con una elecci\u00f3n elegante e innovadora que no pasar\u00e1 desapercibida.  <\/p>\n","protected":false},"excerpt":{"rendered":"<p><strong>Cerradura electr\u00f3nica de combinaci\u00f3n con c\u00f3digo num\u00e9rico<\/strong>, perfecta para oficinas, gimnasios y espacios compartidos. Con <strong>tres niveles de acceso<\/strong> (maestro, submaestro y usuario) y <strong>modos privado y p\u00fablico<\/strong>, garantiza una gesti\u00f3n flexible y segura. En caso de bater\u00eda baja, se puede abrir con una llave de seguridad. F\u00e1cil de instalar y compatible con puertas de distintos grosores, combina <strong>un dise\u00f1o moderno con una funcionalidad avanzada<\/strong>.   <\/p>\n","protected":false},"featured_media":243708,"comment_status":"closed","ping_status":"closed","template":"","meta":{"_acf_changed":false,"_et_pb_use_builder":"","_et_pb_old_content":"","_et_gb_content_width":""},"product_brand":[],"product_cat":[3995,3926,3890,1342,3947,3980,3912,3998,3946,3904,3888,3915,3999,3945,3993,3994,3984,3988],"product_tag":[],"class_list":{"0":"post-243718","1":"product","2":"type-product","3":"status-publish","4":"has-post-thumbnail","6":"product_cat-arquitectura-urbanismo-y-diseno","7":"product_cat-batiente","8":"product_cat-cerradura-de-armario-conforme-a-gdpr","9":"product_cat-cerraduras","10":"product_cat-cerraduras-de-combinacion","11":"product_cat-cerraduras-de-palanca","12":"product_cat-cerraduras-de-puertas","13":"product_cat-cerraduras-de-puertas-2","14":"product_cat-cerraduras-electronicas-para-taquillas-cajones-puertas","15":"product_cat-cerraduras-para-armarios-fitosanitarios","16":"product_cat-cerraduras-para-muebles","17":"product_cat-cerraduras-para-taquillas","18":"product_cat-cerraduras-para-taquillas-2","19":"product_cat-cerraduras-reprogramables","20":"product_cat-feria","21":"product_cat-hospital-y-sanidad","22":"product_cat-hosteleria-y-turismo","23":"product_cat-tiendas-y-actividades-comerciales","25":"first","26":"instock","27":"shipping-taxable","28":"product-type-simple"},"acf":{"pdf1":"https:\/\/www.omrserrature.it\/wp-content\/uploads\/2025\/04\/Scheda_EL20xx2-VN-S.pdf"},"yoast_head":"<!-- This site is optimized with the Yoast SEO plugin v27.5 - https:\/\/yoast.com\/product\/yoast-seo-wordpress\/ -->\n<title>Cerradura electr\u00f3nica de combinaci\u00f3n - OMR Serrature<\/title>\n<meta name=\"robots\" content=\"index, follow, max-snippet:-1, max-image-preview:large, max-video-preview:-1\" \/>\n<link rel=\"canonical\" href=\"https:\/\/www.omrserrature.it\/es\/producto\/cerradura-electronica-de-combinacion\/\" \/>\n<meta property=\"og:locale\" content=\"es_ES\" \/>\n<meta property=\"og:type\" content=\"article\" \/>\n<meta property=\"og:title\" content=\"Cerradura electr\u00f3nica de combinaci\u00f3n - OMR Serrature\" \/>\n<meta property=\"og:description\" content=\"Cerradura electr\u00f3nica de combinaci\u00f3n con c\u00f3digo num\u00e9rico, perfecta para oficinas, gimnasios y espacios compartidos. Con tres niveles de acceso (maestro, submaestro y usuario) y modos privado y p\u00fablico, garantiza una gesti\u00f3n flexible y segura. En caso de bater\u00eda baja, se puede abrir con una llave de seguridad. F\u00e1cil de instalar y compatible con puertas de distintos grosores, combina un dise\u00f1o moderno con una funcionalidad avanzada.\" \/>\n<meta property=\"og:url\" content=\"https:\/\/www.omrserrature.it\/es\/producto\/cerradura-electronica-de-combinacion\/\" \/>\n<meta property=\"og:site_name\" content=\"OMR Serrature | Produzione sistemi di chiusura\" \/>\n<meta property=\"article:publisher\" content=\"https:\/\/www.facebook.com\/OMRserrature\" \/>\n<meta property=\"article:modified_time\" content=\"2026-04-08T09:10:05+00:00\" \/>\n<meta property=\"og:image\" content=\"https:\/\/www.omrserrature.it\/wp-content\/uploads\/2025\/04\/EL20xx2VN-S.jpg\" \/>\n\t<meta property=\"og:image:width\" content=\"1500\" \/>\n\t<meta property=\"og:image:height\" content=\"1500\" \/>\n\t<meta property=\"og:image:type\" content=\"image\/jpeg\" \/>\n<meta name=\"twitter:card\" content=\"summary_large_image\" \/>\n<meta name=\"twitter:label1\" content=\"Tiempo de lectura\" \/>\n\t<meta name=\"twitter:data1\" content=\"2 minutos\" \/>\n<script type=\"application\/ld+json\" class=\"yoast-schema-graph\">{\"@context\":\"https:\\\/\\\/schema.org\",\"@graph\":[{\"@type\":\"WebPage\",\"@id\":\"https:\\\/\\\/www.omrserrature.it\\\/es\\\/producto\\\/cerradura-electronica-de-combinacion\\\/\",\"url\":\"https:\\\/\\\/www.omrserrature.it\\\/es\\\/producto\\\/cerradura-electronica-de-combinacion\\\/\",\"name\":\"Cerradura electr\u00f3nica de combinaci\u00f3n - OMR Serrature\",\"isPartOf\":{\"@id\":\"https:\\\/\\\/www.omrserrature.it\\\/es\\\/#website\"},\"primaryImageOfPage\":{\"@id\":\"https:\\\/\\\/www.omrserrature.it\\\/es\\\/producto\\\/cerradura-electronica-de-combinacion\\\/#primaryimage\"},\"image\":{\"@id\":\"https:\\\/\\\/www.omrserrature.it\\\/es\\\/producto\\\/cerradura-electronica-de-combinacion\\\/#primaryimage\"},\"thumbnailUrl\":\"https:\\\/\\\/www.omrserrature.it\\\/wp-content\\\/uploads\\\/2025\\\/04\\\/EL20xx2VN-S.jpg\",\"datePublished\":\"2025-04-23T12:54:06+00:00\",\"dateModified\":\"2026-04-08T09:10:05+00:00\",\"breadcrumb\":{\"@id\":\"https:\\\/\\\/www.omrserrature.it\\\/es\\\/producto\\\/cerradura-electronica-de-combinacion\\\/#breadcrumb\"},\"inLanguage\":\"es\",\"potentialAction\":[{\"@type\":\"ReadAction\",\"target\":[\"https:\\\/\\\/www.omrserrature.it\\\/es\\\/producto\\\/cerradura-electronica-de-combinacion\\\/\"]}]},{\"@type\":\"ImageObject\",\"inLanguage\":\"es\",\"@id\":\"https:\\\/\\\/www.omrserrature.it\\\/es\\\/producto\\\/cerradura-electronica-de-combinacion\\\/#primaryimage\",\"url\":\"https:\\\/\\\/www.omrserrature.it\\\/wp-content\\\/uploads\\\/2025\\\/04\\\/EL20xx2VN-S.jpg\",\"contentUrl\":\"https:\\\/\\\/www.omrserrature.it\\\/wp-content\\\/uploads\\\/2025\\\/04\\\/EL20xx2VN-S.jpg\",\"width\":1500,\"height\":1500,\"caption\":\"Cerradura electr\u00f3nica de combinaci\u00f3n con c\u00f3digo num\u00e9rico. Mod. EL20xx2\\\/VN-S\"},{\"@type\":\"BreadcrumbList\",\"@id\":\"https:\\\/\\\/www.omrserrature.it\\\/es\\\/producto\\\/cerradura-electronica-de-combinacion\\\/#breadcrumb\",\"itemListElement\":[{\"@type\":\"ListItem\",\"position\":1,\"name\":\"Home\",\"item\":\"https:\\\/\\\/www.omrserrature.it\\\/es\\\/omr-cerradiras-y-sistemas-de-cierre\\\/\"},{\"@type\":\"ListItem\",\"position\":2,\"name\":\"Cat\u00e1logo\",\"item\":\"https:\\\/\\\/www.omrserrature.it\\\/catalogo\\\/?lang=es\"},{\"@type\":\"ListItem\",\"position\":3,\"name\":\"Productos\",\"item\":\"https:\\\/\\\/www.omrserrature.it\\\/es\\\/inventario\\\/productos\\\/\"},{\"@type\":\"ListItem\",\"position\":4,\"name\":\"Cerraduras\",\"item\":\"https:\\\/\\\/www.omrserrature.it\\\/es\\\/inventario\\\/productos\\\/cerraduras\\\/\"},{\"@type\":\"ListItem\",\"position\":5,\"name\":\"Cerradura electr\u00f3nica de combinaci\u00f3n\"}]},{\"@type\":\"WebSite\",\"@id\":\"https:\\\/\\\/www.omrserrature.it\\\/es\\\/#website\",\"url\":\"https:\\\/\\\/www.omrserrature.it\\\/es\\\/\",\"name\":\"OMR Serrature | Produzione sistemi di chiusura\",\"description\":\"Produzione serrature di sicurezza e sistemi di chiusura\",\"publisher\":{\"@id\":\"https:\\\/\\\/www.omrserrature.it\\\/es\\\/#organization\"},\"potentialAction\":[{\"@type\":\"SearchAction\",\"target\":{\"@type\":\"EntryPoint\",\"urlTemplate\":\"https:\\\/\\\/www.omrserrature.it\\\/es\\\/?s={search_term_string}\"},\"query-input\":{\"@type\":\"PropertyValueSpecification\",\"valueRequired\":true,\"valueName\":\"search_term_string\"}}],\"inLanguage\":\"es\"},{\"@type\":\"Organization\",\"@id\":\"https:\\\/\\\/www.omrserrature.it\\\/es\\\/#organization\",\"name\":\"OMR Serrature | Produzione sistemi di chiusura\",\"url\":\"https:\\\/\\\/www.omrserrature.it\\\/es\\\/\",\"logo\":{\"@type\":\"ImageObject\",\"inLanguage\":\"es\",\"@id\":\"https:\\\/\\\/www.omrserrature.it\\\/es\\\/#\\\/schema\\\/logo\\\/image\\\/\",\"url\":\"https:\\\/\\\/www.omrserrature.it\\\/wp-content\\\/uploads\\\/2017\\\/09\\\/favicon-omr-114.png\",\"contentUrl\":\"https:\\\/\\\/www.omrserrature.it\\\/wp-content\\\/uploads\\\/2017\\\/09\\\/favicon-omr-114.png\",\"width\":114,\"height\":114,\"caption\":\"OMR Serrature | Produzione sistemi di chiusura\"},\"image\":{\"@id\":\"https:\\\/\\\/www.omrserrature.it\\\/es\\\/#\\\/schema\\\/logo\\\/image\\\/\"},\"sameAs\":[\"https:\\\/\\\/www.facebook.com\\\/OMRserrature\",\"https:\\\/\\\/www.linkedin.com\\\/company\\\/omrserrature\\\/\",\"https:\\\/\\\/www.youtube.com\\\/channel\\\/UCxmA85z2R0EpG_6IRokiAkg\"]}]}<\/script>\n<!-- \/ Yoast SEO plugin. -->","yoast_head_json":{"title":"Cerradura electr\u00f3nica de combinaci\u00f3n - OMR Serrature","robots":{"index":"index","follow":"follow","max-snippet":"max-snippet:-1","max-image-preview":"max-image-preview:large","max-video-preview":"max-video-preview:-1"},"canonical":"https:\/\/www.omrserrature.it\/es\/producto\/cerradura-electronica-de-combinacion\/","og_locale":"es_ES","og_type":"article","og_title":"Cerradura electr\u00f3nica de combinaci\u00f3n - OMR Serrature","og_description":"Cerradura electr\u00f3nica de combinaci\u00f3n con c\u00f3digo num\u00e9rico, perfecta para oficinas, gimnasios y espacios compartidos. Con tres niveles de acceso (maestro, submaestro y usuario) y modos privado y p\u00fablico, garantiza una gesti\u00f3n flexible y segura. En caso de bater\u00eda baja, se puede abrir con una llave de seguridad. F\u00e1cil de instalar y compatible con puertas de distintos grosores, combina un dise\u00f1o moderno con una funcionalidad avanzada.","og_url":"https:\/\/www.omrserrature.it\/es\/producto\/cerradura-electronica-de-combinacion\/","og_site_name":"OMR Serrature | Produzione sistemi di chiusura","article_publisher":"https:\/\/www.facebook.com\/OMRserrature","article_modified_time":"2026-04-08T09:10:05+00:00","og_image":[{"width":1500,"height":1500,"url":"https:\/\/www.omrserrature.it\/wp-content\/uploads\/2025\/04\/EL20xx2VN-S.jpg","type":"image\/jpeg"}],"twitter_card":"summary_large_image","twitter_misc":{"Tiempo de lectura":"2 minutos"},"schema":{"@context":"https:\/\/schema.org","@graph":[{"@type":"WebPage","@id":"https:\/\/www.omrserrature.it\/es\/producto\/cerradura-electronica-de-combinacion\/","url":"https:\/\/www.omrserrature.it\/es\/producto\/cerradura-electronica-de-combinacion\/","name":"Cerradura electr\u00f3nica de combinaci\u00f3n - OMR Serrature","isPartOf":{"@id":"https:\/\/www.omrserrature.it\/es\/#website"},"primaryImageOfPage":{"@id":"https:\/\/www.omrserrature.it\/es\/producto\/cerradura-electronica-de-combinacion\/#primaryimage"},"image":{"@id":"https:\/\/www.omrserrature.it\/es\/producto\/cerradura-electronica-de-combinacion\/#primaryimage"},"thumbnailUrl":"https:\/\/www.omrserrature.it\/wp-content\/uploads\/2025\/04\/EL20xx2VN-S.jpg","datePublished":"2025-04-23T12:54:06+00:00","dateModified":"2026-04-08T09:10:05+00:00","breadcrumb":{"@id":"https:\/\/www.omrserrature.it\/es\/producto\/cerradura-electronica-de-combinacion\/#breadcrumb"},"inLanguage":"es","potentialAction":[{"@type":"ReadAction","target":["https:\/\/www.omrserrature.it\/es\/producto\/cerradura-electronica-de-combinacion\/"]}]},{"@type":"ImageObject","inLanguage":"es","@id":"https:\/\/www.omrserrature.it\/es\/producto\/cerradura-electronica-de-combinacion\/#primaryimage","url":"https:\/\/www.omrserrature.it\/wp-content\/uploads\/2025\/04\/EL20xx2VN-S.jpg","contentUrl":"https:\/\/www.omrserrature.it\/wp-content\/uploads\/2025\/04\/EL20xx2VN-S.jpg","width":1500,"height":1500,"caption":"Cerradura electr\u00f3nica de combinaci\u00f3n con c\u00f3digo num\u00e9rico. Mod. EL20xx2\/VN-S"},{"@type":"BreadcrumbList","@id":"https:\/\/www.omrserrature.it\/es\/producto\/cerradura-electronica-de-combinacion\/#breadcrumb","itemListElement":[{"@type":"ListItem","position":1,"name":"Home","item":"https:\/\/www.omrserrature.it\/es\/omr-cerradiras-y-sistemas-de-cierre\/"},{"@type":"ListItem","position":2,"name":"Cat\u00e1logo","item":"https:\/\/www.omrserrature.it\/catalogo\/?lang=es"},{"@type":"ListItem","position":3,"name":"Productos","item":"https:\/\/www.omrserrature.it\/es\/inventario\/productos\/"},{"@type":"ListItem","position":4,"name":"Cerraduras","item":"https:\/\/www.omrserrature.it\/es\/inventario\/productos\/cerraduras\/"},{"@type":"ListItem","position":5,"name":"Cerradura electr\u00f3nica de combinaci\u00f3n"}]},{"@type":"WebSite","@id":"https:\/\/www.omrserrature.it\/es\/#website","url":"https:\/\/www.omrserrature.it\/es\/","name":"OMR Serrature | Produzione sistemi di chiusura","description":"Produzione serrature di sicurezza e sistemi di chiusura","publisher":{"@id":"https:\/\/www.omrserrature.it\/es\/#organization"},"potentialAction":[{"@type":"SearchAction","target":{"@type":"EntryPoint","urlTemplate":"https:\/\/www.omrserrature.it\/es\/?s={search_term_string}"},"query-input":{"@type":"PropertyValueSpecification","valueRequired":true,"valueName":"search_term_string"}}],"inLanguage":"es"},{"@type":"Organization","@id":"https:\/\/www.omrserrature.it\/es\/#organization","name":"OMR Serrature | Produzione sistemi di chiusura","url":"https:\/\/www.omrserrature.it\/es\/","logo":{"@type":"ImageObject","inLanguage":"es","@id":"https:\/\/www.omrserrature.it\/es\/#\/schema\/logo\/image\/","url":"https:\/\/www.omrserrature.it\/wp-content\/uploads\/2017\/09\/favicon-omr-114.png","contentUrl":"https:\/\/www.omrserrature.it\/wp-content\/uploads\/2017\/09\/favicon-omr-114.png","width":114,"height":114,"caption":"OMR Serrature | Produzione sistemi di chiusura"},"image":{"@id":"https:\/\/www.omrserrature.it\/es\/#\/schema\/logo\/image\/"},"sameAs":["https:\/\/www.facebook.com\/OMRserrature","https:\/\/www.linkedin.com\/company\/omrserrature\/","https:\/\/www.youtube.com\/channel\/UCxmA85z2R0EpG_6IRokiAkg"]}]}},"_links":{"self":[{"href":"https:\/\/www.omrserrature.it\/es\/wp-json\/wp\/v2\/product\/243718","targetHints":{"allow":["GET"]}}],"collection":[{"href":"https:\/\/www.omrserrature.it\/es\/wp-json\/wp\/v2\/product"}],"about":[{"href":"https:\/\/www.omrserrature.it\/es\/wp-json\/wp\/v2\/types\/product"}],"replies":[{"embeddable":true,"href":"https:\/\/www.omrserrature.it\/es\/wp-json\/wp\/v2\/comments?post=243718"}],"wp:featuredmedia":[{"embeddable":true,"href":"https:\/\/www.omrserrature.it\/es\/wp-json\/wp\/v2\/media\/243708"}],"wp:attachment":[{"href":"https:\/\/www.omrserrature.it\/es\/wp-json\/wp\/v2\/media?parent=243718"}],"wp:term":[{"taxonomy":"product_brand","embeddable":true,"href":"https:\/\/www.omrserrature.it\/es\/wp-json\/wp\/v2\/product_brand?post=243718"},{"taxonomy":"product_cat","embeddable":true,"href":"https:\/\/www.omrserrature.it\/es\/wp-json\/wp\/v2\/product_cat?post=243718"},{"taxonomy":"product_tag","embeddable":true,"href":"https:\/\/www.omrserrature.it\/es\/wp-json\/wp\/v2\/product_tag?post=243718"}],"curies":[{"name":"wp","href":"https:\/\/api.w.org\/{rel}","templated":true}]}}