{"id":243700,"date":"2025-04-23T14:40:33","date_gmt":"2025-04-23T12:40:33","guid":{"rendered":"https:\/\/www.staging6.omrserrature.it\/prodotto\/cerradura-mecanica-lineal-de-combinacion-con-llave-de-seguridad\/"},"modified":"2026-04-08T11:10:15","modified_gmt":"2026-04-08T09:10:15","slug":"cerradura-mecanica-lineal-de-combinacion-con-llave-de-seguridad","status":"publish","type":"product","link":"https:\/\/www.omrserrature.it\/es\/producto\/cerradura-mecanica-lineal-de-combinacion-con-llave-de-seguridad\/","title":{"rendered":"Cerradura mec\u00e1nica lineal de combinaci\u00f3n con llave de seguridad"},"content":{"rendered":"<p>La <strong>cerradura de combinaci\u00f3n de teclas<\/strong> de OMR es una soluci\u00f3n robusta y vers\u00e1til, ideal para proteger taquillas, cajones y contenedores en entornos comerciales, deportivos y laborales. La cerradura consta de un cuerpo lineal en el que se encuentra el <strong>pomo<\/strong> de apertura y <strong>cuatro rodillos num\u00e9ricos<\/strong> que ofrecen hasta 10.000 combinaciones \u00fanicas, garantizando un alto nivel de seguridad y personalizaci\u00f3n para cada usuario. <\/p>\n<h2>Modo p\u00fablico para una gesti\u00f3n flexible<\/h2>\n<p>Esta cerradura de combinaci\u00f3n est\u00e1 configurada en modo p\u00fablico, es decir, <strong>permite actualizar el c\u00f3digo de apertura <span style=\"text-decoration: underline;\">cada vez que se abre<\/span><\/strong>. Tras introducir el c\u00f3digo correcto y girar la manija de apertura -\u00a1con la cerradura abierta! &#8211; puedes establecer el nuevo c\u00f3digo y, a continuaci\u00f3n, proceder al cierre de la cerradura. Una vez en la posici\u00f3n de cierre, recuerda cambiar el c\u00f3digo descifrando los n\u00fameros; de lo contrario, la cerradura permanecer\u00e1 con la nueva combinaci\u00f3n introducida y, por tanto, abierta. Esta funci\u00f3n es especialmente \u00fatil en entornos en los que se requiere una gesti\u00f3n frecuente y din\u00e1mica de las cerraduras.    <\/p>\n<h2>Cerradura de combinaci\u00f3n con llave de seguridad<\/h2>\n<p>En caso de olvidar el c\u00f3digo, la cerradura est\u00e1 equipada con <strong>una llave de seguridad que permite abrirla inmediatamente<\/strong>. Una vez introducida y girada la llave de seguridad, desliza los rodillos num\u00e9ricos hasta que se bloqueen en la posici\u00f3n correcta, lo que permite recuperar el c\u00f3digo de forma segura. Este mecanismo de seguridad es especialmente \u00fatil en entornos con muchas cerraduras, donde un solo operador puede intervenir r\u00e1pidamente en varias unidades utilizando una sola llave, simplificando as\u00ed la gesti\u00f3n del sistema de seguridad.  <\/p>\n<h2>Materiales de calidad y dise\u00f1o funcional<\/h2>\n<p>Fabricada con materiales pl\u00e1sticos de alta calidad, la cerradura mec\u00e1nica de combinaci\u00f3n con llave de seguridad ofrece resistencia a los intentos de robo y una larga vida \u00fatil, incluso en entornos h\u00famedos como vestuarios de gimnasios, piscinas, empresas o ambientes polvorientos. El dise\u00f1o lineal y compacto con una manija ergon\u00f3mica garantiza la f\u00e1cil maniobrabilidad de la cerradura. La cerradura est\u00e1 equipada con leng\u00fcetas para un enganche r\u00e1pido en puertas met\u00e1licas, y puede instalarse en armarios de madera con puertas de distintos grosores gracias a la placa posterior, adapt\u00e1ndose perfectamente a una amplia gama de aplicaciones. La cerradura de combinaci\u00f3n mec\u00e1nica ofrece todas las caracter\u00edsticas de seguridad y fiabilidad que siempre han distinguido a las cerraduras OMR.   <\/p>\n","protected":false},"excerpt":{"rendered":"<p><strong>Cerradura de combinaci\u00f3n de teclas OMR<\/strong>, ideal para taquillas en entornos deportivos, laborales y comerciales. Ofrece hasta <strong>10.000 combinaciones \u00fanicas<\/strong> e incluye una <strong>llave de seguridad<\/strong> para su apertura en caso de olvido del c\u00f3digo. El <strong>modo p\u00fablico<\/strong> permite cambiar el c\u00f3digo cada vez que se utiliza, lo que la hace perfecta para vestuarios y entornos compartidos. Construcci\u00f3n duradera, dise\u00f1o compacto e instalaci\u00f3n vers\u00e1til en madera o metal.   <\/p>\n","protected":false},"featured_media":253277,"comment_status":"closed","ping_status":"closed","template":"","meta":{"_acf_changed":false,"_et_pb_use_builder":"","_et_pb_old_content":"","_et_gb_content_width":""},"product_brand":[],"product_cat":[3995,3926,1342,3882,3947,3980,3912,3998,3904,3888,3999,3915,3908,3881,3945,3993,3994,3984,3988],"product_tag":[],"class_list":{"0":"post-243700","1":"product","2":"type-product","3":"status-publish","4":"has-post-thumbnail","6":"product_cat-arquitectura-urbanismo-y-diseno","7":"product_cat-batiente","8":"product_cat-cerraduras","9":"product_cat-cerraduras-de-armarios","10":"product_cat-cerraduras-de-combinacion","11":"product_cat-cerraduras-de-palanca","12":"product_cat-cerraduras-de-puertas","13":"product_cat-cerraduras-de-puertas-2","14":"product_cat-cerraduras-para-armarios-fitosanitarios","15":"product_cat-cerraduras-para-muebles","16":"product_cat-cerraduras-para-taquillas-2","17":"product_cat-cerraduras-para-taquillas","18":"product_cat-cerraduras-para-taquillas-de-paquetes","19":"product_cat-cerraduras-profesionales-para-muebles","20":"product_cat-cerraduras-reprogramables","21":"product_cat-feria","22":"product_cat-hospital-y-sanidad","23":"product_cat-hosteleria-y-turismo","24":"product_cat-tiendas-y-actividades-comerciales","26":"first","27":"instock","28":"shipping-taxable","29":"purchasable","30":"product-type-variable","31":"has-default-attributes"},"acf":{"pdf1":"https:\/\/www.omrserrature.it\/wp-content\/uploads\/2025\/04\/Scheda-POM90001.pdf"},"yoast_head":"<!-- This site is optimized with the Yoast SEO plugin v27.2 - https:\/\/yoast.com\/product\/yoast-seo-wordpress\/ -->\n<title>Cerradura de combinaci\u00f3n OMR con llave de seguridad de 4 d\u00edgitos<\/title>\n<meta name=\"description\" content=\"Cerradura de combinaci\u00f3n mec\u00e1nica OMR con c\u00f3digo de 4 d\u00edgitos y llave de seguridad. Soluci\u00f3n pr\u00e1ctica para taquillas, vestuarios y habitaciones compartidas.\" \/>\n<meta name=\"robots\" content=\"index, follow, max-snippet:-1, max-image-preview:large, max-video-preview:-1\" \/>\n<link rel=\"canonical\" href=\"https:\/\/www.omrserrature.it\/es\/producto\/cerradura-mecanica-lineal-de-combinacion-con-llave-de-seguridad\/\" \/>\n<meta property=\"og:locale\" content=\"es_ES\" \/>\n<meta property=\"og:type\" content=\"article\" \/>\n<meta property=\"og:title\" content=\"Cerradura de combinaci\u00f3n OMR con llave de seguridad de 4 d\u00edgitos\" \/>\n<meta property=\"og:description\" content=\"Cerradura de combinaci\u00f3n mec\u00e1nica OMR con c\u00f3digo de 4 d\u00edgitos y llave de seguridad. Soluci\u00f3n pr\u00e1ctica para taquillas, vestuarios y habitaciones compartidas.\" \/>\n<meta property=\"og:url\" content=\"https:\/\/www.omrserrature.it\/es\/producto\/cerradura-mecanica-lineal-de-combinacion-con-llave-de-seguridad\/\" \/>\n<meta property=\"og:site_name\" content=\"OMR Serrature | Produzione sistemi di chiusura\" \/>\n<meta property=\"article:publisher\" content=\"https:\/\/www.facebook.com\/OMRserrature\" \/>\n<meta property=\"article:modified_time\" content=\"2026-04-08T09:10:15+00:00\" \/>\n<meta property=\"og:image\" content=\"https:\/\/www.omrserrature.it\/wp-content\/uploads\/2025\/04\/Serratura-a-combinazione-quattro-numeri-a-rotella.jpg\" \/>\n\t<meta property=\"og:image:width\" content=\"1000\" \/>\n\t<meta property=\"og:image:height\" content=\"1000\" \/>\n\t<meta property=\"og:image:type\" content=\"image\/jpeg\" \/>\n<meta name=\"twitter:card\" content=\"summary_large_image\" \/>\n<meta name=\"twitter:label1\" content=\"Tiempo de lectura\" \/>\n\t<meta name=\"twitter:data1\" content=\"2 minutos\" \/>\n<script type=\"application\/ld+json\" class=\"yoast-schema-graph\">{\"@context\":\"https:\/\/schema.org\",\"@graph\":[{\"@type\":\"WebPage\",\"@id\":\"https:\/\/www.omrserrature.it\/es\/producto\/cerradura-mecanica-lineal-de-combinacion-con-llave-de-seguridad\/\",\"url\":\"https:\/\/www.omrserrature.it\/es\/producto\/cerradura-mecanica-lineal-de-combinacion-con-llave-de-seguridad\/\",\"name\":\"Cerradura de combinaci\u00f3n OMR con llave de seguridad de 4 d\u00edgitos\",\"isPartOf\":{\"@id\":\"https:\/\/www.omrserrature.it\/es\/#website\"},\"primaryImageOfPage\":{\"@id\":\"https:\/\/www.omrserrature.it\/es\/producto\/cerradura-mecanica-lineal-de-combinacion-con-llave-de-seguridad\/#primaryimage\"},\"image\":{\"@id\":\"https:\/\/www.omrserrature.it\/es\/producto\/cerradura-mecanica-lineal-de-combinacion-con-llave-de-seguridad\/#primaryimage\"},\"thumbnailUrl\":\"https:\/\/www.omrserrature.it\/wp-content\/uploads\/2025\/04\/Serratura-a-combinazione-quattro-numeri-a-rotella.jpg\",\"datePublished\":\"2025-04-23T12:40:33+00:00\",\"dateModified\":\"2026-04-08T09:10:15+00:00\",\"description\":\"Cerradura de combinaci\u00f3n mec\u00e1nica OMR con c\u00f3digo de 4 d\u00edgitos y llave de seguridad. Soluci\u00f3n pr\u00e1ctica para taquillas, vestuarios y habitaciones compartidas.\",\"breadcrumb\":{\"@id\":\"https:\/\/www.omrserrature.it\/es\/producto\/cerradura-mecanica-lineal-de-combinacion-con-llave-de-seguridad\/#breadcrumb\"},\"inLanguage\":\"es\",\"potentialAction\":[{\"@type\":\"ReadAction\",\"target\":[\"https:\/\/www.omrserrature.it\/es\/producto\/cerradura-mecanica-lineal-de-combinacion-con-llave-de-seguridad\/\"]}]},{\"@type\":\"ImageObject\",\"inLanguage\":\"es\",\"@id\":\"https:\/\/www.omrserrature.it\/es\/producto\/cerradura-mecanica-lineal-de-combinacion-con-llave-de-seguridad\/#primaryimage\",\"url\":\"https:\/\/www.omrserrature.it\/wp-content\/uploads\/2025\/04\/Serratura-a-combinazione-quattro-numeri-a-rotella.jpg\",\"contentUrl\":\"https:\/\/www.omrserrature.it\/wp-content\/uploads\/2025\/04\/Serratura-a-combinazione-quattro-numeri-a-rotella.jpg\",\"width\":1000,\"height\":1000,\"caption\":\"Cerradura mec\u00e1nica de combinaci\u00f3n con 4 n\u00fameros y llave de emergencia\"},{\"@type\":\"BreadcrumbList\",\"@id\":\"https:\/\/www.omrserrature.it\/es\/producto\/cerradura-mecanica-lineal-de-combinacion-con-llave-de-seguridad\/#breadcrumb\",\"itemListElement\":[{\"@type\":\"ListItem\",\"position\":1,\"name\":\"Home\",\"item\":\"https:\/\/www.omrserrature.it\/es\/omr-cerradiras-y-sistemas-de-cierre\/\"},{\"@type\":\"ListItem\",\"position\":2,\"name\":\"Cat\u00e1logo\",\"item\":\"https:\/\/www.omrserrature.it\/catalogo\/?lang=es\"},{\"@type\":\"ListItem\",\"position\":3,\"name\":\"Productos\",\"item\":\"https:\/\/www.omrserrature.it\/es\/inventario\/productos\/\"},{\"@type\":\"ListItem\",\"position\":4,\"name\":\"Cerraduras\",\"item\":\"https:\/\/www.omrserrature.it\/es\/inventario\/productos\/cerraduras\/\"},{\"@type\":\"ListItem\",\"position\":5,\"name\":\"Cerraduras de combinaci\u00f3n\",\"item\":\"https:\/\/www.omrserrature.it\/es\/inventario\/productos\/cerraduras\/cerraduras-de-combinacion\/\"},{\"@type\":\"ListItem\",\"position\":6,\"name\":\"Cerradura mec\u00e1nica lineal de combinaci\u00f3n con llave de seguridad\"}]},{\"@type\":\"WebSite\",\"@id\":\"https:\/\/www.omrserrature.it\/es\/#website\",\"url\":\"https:\/\/www.omrserrature.it\/es\/\",\"name\":\"OMR Serrature | Produzione sistemi di chiusura\",\"description\":\"Produzione serrature di sicurezza e sistemi di chiusura\",\"publisher\":{\"@id\":\"https:\/\/www.omrserrature.it\/es\/#organization\"},\"potentialAction\":[{\"@type\":\"SearchAction\",\"target\":{\"@type\":\"EntryPoint\",\"urlTemplate\":\"https:\/\/www.omrserrature.it\/es\/?s={search_term_string}\"},\"query-input\":{\"@type\":\"PropertyValueSpecification\",\"valueRequired\":true,\"valueName\":\"search_term_string\"}}],\"inLanguage\":\"es\"},{\"@type\":\"Organization\",\"@id\":\"https:\/\/www.omrserrature.it\/es\/#organization\",\"name\":\"OMR Serrature | Produzione sistemi di chiusura\",\"url\":\"https:\/\/www.omrserrature.it\/es\/\",\"logo\":{\"@type\":\"ImageObject\",\"inLanguage\":\"es\",\"@id\":\"https:\/\/www.omrserrature.it\/es\/#\/schema\/logo\/image\/\",\"url\":\"https:\/\/www.omrserrature.it\/wp-content\/uploads\/2017\/09\/favicon-omr-114.png\",\"contentUrl\":\"https:\/\/www.omrserrature.it\/wp-content\/uploads\/2017\/09\/favicon-omr-114.png\",\"width\":114,\"height\":114,\"caption\":\"OMR Serrature | Produzione sistemi di chiusura\"},\"image\":{\"@id\":\"https:\/\/www.omrserrature.it\/es\/#\/schema\/logo\/image\/\"},\"sameAs\":[\"https:\/\/www.facebook.com\/OMRserrature\",\"https:\/\/www.linkedin.com\/company\/omrserrature\/\",\"https:\/\/www.youtube.com\/channel\/UCxmA85z2R0EpG_6IRokiAkg\"]}]}<\/script>\n<!-- \/ Yoast SEO plugin. -->","yoast_head_json":{"title":"Cerradura de combinaci\u00f3n OMR con llave de seguridad de 4 d\u00edgitos","description":"Cerradura de combinaci\u00f3n mec\u00e1nica OMR con c\u00f3digo de 4 d\u00edgitos y llave de seguridad. Soluci\u00f3n pr\u00e1ctica para taquillas, vestuarios y habitaciones compartidas.","robots":{"index":"index","follow":"follow","max-snippet":"max-snippet:-1","max-image-preview":"max-image-preview:large","max-video-preview":"max-video-preview:-1"},"canonical":"https:\/\/www.omrserrature.it\/es\/producto\/cerradura-mecanica-lineal-de-combinacion-con-llave-de-seguridad\/","og_locale":"es_ES","og_type":"article","og_title":"Cerradura de combinaci\u00f3n OMR con llave de seguridad de 4 d\u00edgitos","og_description":"Cerradura de combinaci\u00f3n mec\u00e1nica OMR con c\u00f3digo de 4 d\u00edgitos y llave de seguridad. Soluci\u00f3n pr\u00e1ctica para taquillas, vestuarios y habitaciones compartidas.","og_url":"https:\/\/www.omrserrature.it\/es\/producto\/cerradura-mecanica-lineal-de-combinacion-con-llave-de-seguridad\/","og_site_name":"OMR Serrature | Produzione sistemi di chiusura","article_publisher":"https:\/\/www.facebook.com\/OMRserrature","article_modified_time":"2026-04-08T09:10:15+00:00","og_image":[{"width":1000,"height":1000,"url":"https:\/\/www.omrserrature.it\/wp-content\/uploads\/2025\/04\/Serratura-a-combinazione-quattro-numeri-a-rotella.jpg","type":"image\/jpeg"}],"twitter_card":"summary_large_image","twitter_misc":{"Tiempo de lectura":"2 minutos"},"schema":{"@context":"https:\/\/schema.org","@graph":[{"@type":"WebPage","@id":"https:\/\/www.omrserrature.it\/es\/producto\/cerradura-mecanica-lineal-de-combinacion-con-llave-de-seguridad\/","url":"https:\/\/www.omrserrature.it\/es\/producto\/cerradura-mecanica-lineal-de-combinacion-con-llave-de-seguridad\/","name":"Cerradura de combinaci\u00f3n OMR con llave de seguridad de 4 d\u00edgitos","isPartOf":{"@id":"https:\/\/www.omrserrature.it\/es\/#website"},"primaryImageOfPage":{"@id":"https:\/\/www.omrserrature.it\/es\/producto\/cerradura-mecanica-lineal-de-combinacion-con-llave-de-seguridad\/#primaryimage"},"image":{"@id":"https:\/\/www.omrserrature.it\/es\/producto\/cerradura-mecanica-lineal-de-combinacion-con-llave-de-seguridad\/#primaryimage"},"thumbnailUrl":"https:\/\/www.omrserrature.it\/wp-content\/uploads\/2025\/04\/Serratura-a-combinazione-quattro-numeri-a-rotella.jpg","datePublished":"2025-04-23T12:40:33+00:00","dateModified":"2026-04-08T09:10:15+00:00","description":"Cerradura de combinaci\u00f3n mec\u00e1nica OMR con c\u00f3digo de 4 d\u00edgitos y llave de seguridad. Soluci\u00f3n pr\u00e1ctica para taquillas, vestuarios y habitaciones compartidas.","breadcrumb":{"@id":"https:\/\/www.omrserrature.it\/es\/producto\/cerradura-mecanica-lineal-de-combinacion-con-llave-de-seguridad\/#breadcrumb"},"inLanguage":"es","potentialAction":[{"@type":"ReadAction","target":["https:\/\/www.omrserrature.it\/es\/producto\/cerradura-mecanica-lineal-de-combinacion-con-llave-de-seguridad\/"]}]},{"@type":"ImageObject","inLanguage":"es","@id":"https:\/\/www.omrserrature.it\/es\/producto\/cerradura-mecanica-lineal-de-combinacion-con-llave-de-seguridad\/#primaryimage","url":"https:\/\/www.omrserrature.it\/wp-content\/uploads\/2025\/04\/Serratura-a-combinazione-quattro-numeri-a-rotella.jpg","contentUrl":"https:\/\/www.omrserrature.it\/wp-content\/uploads\/2025\/04\/Serratura-a-combinazione-quattro-numeri-a-rotella.jpg","width":1000,"height":1000,"caption":"Cerradura mec\u00e1nica de combinaci\u00f3n con 4 n\u00fameros y llave de emergencia"},{"@type":"BreadcrumbList","@id":"https:\/\/www.omrserrature.it\/es\/producto\/cerradura-mecanica-lineal-de-combinacion-con-llave-de-seguridad\/#breadcrumb","itemListElement":[{"@type":"ListItem","position":1,"name":"Home","item":"https:\/\/www.omrserrature.it\/es\/omr-cerradiras-y-sistemas-de-cierre\/"},{"@type":"ListItem","position":2,"name":"Cat\u00e1logo","item":"https:\/\/www.omrserrature.it\/catalogo\/?lang=es"},{"@type":"ListItem","position":3,"name":"Productos","item":"https:\/\/www.omrserrature.it\/es\/inventario\/productos\/"},{"@type":"ListItem","position":4,"name":"Cerraduras","item":"https:\/\/www.omrserrature.it\/es\/inventario\/productos\/cerraduras\/"},{"@type":"ListItem","position":5,"name":"Cerraduras de combinaci\u00f3n","item":"https:\/\/www.omrserrature.it\/es\/inventario\/productos\/cerraduras\/cerraduras-de-combinacion\/"},{"@type":"ListItem","position":6,"name":"Cerradura mec\u00e1nica lineal de combinaci\u00f3n con llave de seguridad"}]},{"@type":"WebSite","@id":"https:\/\/www.omrserrature.it\/es\/#website","url":"https:\/\/www.omrserrature.it\/es\/","name":"OMR Serrature | Produzione sistemi di chiusura","description":"Produzione serrature di sicurezza e sistemi di chiusura","publisher":{"@id":"https:\/\/www.omrserrature.it\/es\/#organization"},"potentialAction":[{"@type":"SearchAction","target":{"@type":"EntryPoint","urlTemplate":"https:\/\/www.omrserrature.it\/es\/?s={search_term_string}"},"query-input":{"@type":"PropertyValueSpecification","valueRequired":true,"valueName":"search_term_string"}}],"inLanguage":"es"},{"@type":"Organization","@id":"https:\/\/www.omrserrature.it\/es\/#organization","name":"OMR Serrature | Produzione sistemi di chiusura","url":"https:\/\/www.omrserrature.it\/es\/","logo":{"@type":"ImageObject","inLanguage":"es","@id":"https:\/\/www.omrserrature.it\/es\/#\/schema\/logo\/image\/","url":"https:\/\/www.omrserrature.it\/wp-content\/uploads\/2017\/09\/favicon-omr-114.png","contentUrl":"https:\/\/www.omrserrature.it\/wp-content\/uploads\/2017\/09\/favicon-omr-114.png","width":114,"height":114,"caption":"OMR Serrature | Produzione sistemi di chiusura"},"image":{"@id":"https:\/\/www.omrserrature.it\/es\/#\/schema\/logo\/image\/"},"sameAs":["https:\/\/www.facebook.com\/OMRserrature","https:\/\/www.linkedin.com\/company\/omrserrature\/","https:\/\/www.youtube.com\/channel\/UCxmA85z2R0EpG_6IRokiAkg"]}]}},"_links":{"self":[{"href":"https:\/\/www.omrserrature.it\/es\/wp-json\/wp\/v2\/product\/243700","targetHints":{"allow":["GET"]}}],"collection":[{"href":"https:\/\/www.omrserrature.it\/es\/wp-json\/wp\/v2\/product"}],"about":[{"href":"https:\/\/www.omrserrature.it\/es\/wp-json\/wp\/v2\/types\/product"}],"replies":[{"embeddable":true,"href":"https:\/\/www.omrserrature.it\/es\/wp-json\/wp\/v2\/comments?post=243700"}],"wp:featuredmedia":[{"embeddable":true,"href":"https:\/\/www.omrserrature.it\/es\/wp-json\/wp\/v2\/media\/253277"}],"wp:attachment":[{"href":"https:\/\/www.omrserrature.it\/es\/wp-json\/wp\/v2\/media?parent=243700"}],"wp:term":[{"taxonomy":"product_brand","embeddable":true,"href":"https:\/\/www.omrserrature.it\/es\/wp-json\/wp\/v2\/product_brand?post=243700"},{"taxonomy":"product_cat","embeddable":true,"href":"https:\/\/www.omrserrature.it\/es\/wp-json\/wp\/v2\/product_cat?post=243700"},{"taxonomy":"product_tag","embeddable":true,"href":"https:\/\/www.omrserrature.it\/es\/wp-json\/wp\/v2\/product_tag?post=243700"}],"curies":[{"name":"wp","href":"https:\/\/api.w.org\/{rel}","templated":true}]}}