{"id":243666,"date":"2025-04-23T13:54:21","date_gmt":"2025-04-23T11:54:21","guid":{"rendered":"https:\/\/www.staging6.omrserrature.it\/prodotto\/cerradura-mecanica-de-combinacion-con-llave-modo-publico\/"},"modified":"2026-04-08T11:09:04","modified_gmt":"2026-04-08T09:09:04","slug":"cerradura-mecanica-de-combinacion-con-llave-modo-publico","status":"publish","type":"product","link":"https:\/\/www.omrserrature.it\/es\/producto\/cerradura-mecanica-de-combinacion-con-llave-modo-publico\/","title":{"rendered":"Cerradura mec\u00e1nica de combinaci\u00f3n con llave &#8211; modo p\u00fablico"},"content":{"rendered":"<p>La <strong>cerradura de combinaci\u00f3n mec\u00e1nica OMR con llave de seguridad<\/strong> es una soluci\u00f3n pr\u00e1ctica y fiable para la seguridad de varillas y armarios de todo tipo, dise\u00f1ada para garantizar la m\u00e1xima protecci\u00f3n contra el acceso no autorizado; liberando al usuario final de la llave, pero garantizando la posibilidad de disponer de una llave de paso para el personal autorizado. El sistema de <strong>combinaci\u00f3n mec\u00e1nica<\/strong> est\u00e1 equipado con un c\u00f3digo de usuario de 4 d\u00edgitos, que ofrece hasta <strong>10.000 combinaciones<\/strong> \u00fanicas, permitiendo una personalizaci\u00f3n segura para cada usuario. <\/p>\n<p>Tabla de contenidos:<\/p>\n<ul>\n<li><strong>Modo p\u00fablico<\/strong>. Permite almacenar un nuevo c\u00f3digo cada vez que se abre. <\/li>\n<li><strong>Protecci\u00f3n del c\u00f3digo<\/strong>. Cada vez que se abre, vuelve a <em>0000<\/em> por s\u00ed solo y evita que se olvide el c\u00f3digo expuesto. <\/li>\n<li><strong>Clave de seguridad<\/strong> en caso de olvido del c\u00f3digo.<\/li>\n<li><strong>Materiales, dise\u00f1o y puntos fuertes<\/strong>. Calidad OMR. <\/li>\n<li><strong>Alta compatibilidad<\/strong>. Sin intervenci\u00f3n estructural en tus muebles. <\/li>\n<li><strong>Versi\u00f3n en modo p\u00fablico<\/strong>. Cambia el c\u00f3digo en cada apertura. <\/li>\n<\/ul>\n<h2>Cerradura de combinaci\u00f3n en modo p\u00fablico<\/h2>\n<p>Esta <strong>cerradura mec\u00e1nica de combinaci\u00f3n con llave de OMR<\/strong> est\u00e1 configurada en <strong>modo p\u00fablico<\/strong>, lo que significa que <strong>se puede almacenar un nuevo c\u00f3digo personalizado<\/strong> cada vez que se abra. Para ello, s\u00f3lo tienes que introducir el c\u00f3digo correcto y, a continuaci\u00f3n, girar el pomo a la posici\u00f3n de apertura (candado verde). Con la cerradura en posici\u00f3n abierta, introduce un nuevo c\u00f3digo y, a continuaci\u00f3n, cierra la cerradura, que se abrir\u00e1 con el c\u00f3digo que acabas de introducir. Este proceso realmente sencillo e intuitivo garantiza una gran flexibilidad y seguridad al actualizar el c\u00f3digo.   <\/p>\n<h2>C\u00f3digo de protecci\u00f3n en cada apertura<\/h2>\n<p>Cada vez que se abre, el <strong>c\u00f3digo num\u00e9rico se restablece autom\u00e1ticamente a la posici\u00f3n 0000<\/strong>. El mecanismo <strong>de restablecimiento visual autom\u00e1tico del c\u00f3digo<\/strong> (conocido como <strong>autodescifrado<\/strong> en la jerga) se activa cada vez que se abre la cerradura, e impide que personas no autorizadas memoricen visualmente el c\u00f3digo o se olviden de la cerradura con el c\u00f3digo correcto introducido. <\/p>\n<h2>Llave de seguridad para los olvidadizos que olvidan el c\u00f3digo: <strong>\u00a1s\u00f3lo para emergencias!<\/strong><\/h2>\n<p>Otro elemento de <strong>seguridad<\/strong> y practicidad de la <strong>cerradura de combinaci\u00f3n mec\u00e1nica OMR con llave de seguridad<\/strong> es la <strong>llave de paso,<\/strong> que garantiza que la cerradura pueda ser abierta por el operario encargado si se olvida el c\u00f3digo num\u00e9rico. Una vez introducida y girada la llave, los cuatro rodillos numerados se bloquear\u00e1n en el n\u00famero correcto, permitiendo <strong>recuperar el c\u00f3digo de<\/strong> forma segura y sin estr\u00e9s. <\/p>\n<p>La llave de seguridad est\u00e1 dise\u00f1ada para abrir todas las cerraduras de una instalaci\u00f3n, lo que simplifica el trabajo del personal, que podr\u00e1 intervenir r\u00e1pidamente cuando sea necesario en cualquier armario con una sola llave. Esta funci\u00f3n es especialmente \u00fatil en entornos donde se requiere un control centralizado, garantizando la seguridad sin comprometer la flexibilidad operativa. Gracias a la llave de seguridad, incluso la posible p\u00e9rdida del c\u00f3digo dejar\u00e1 de ser un problema: \u00a1un <strong>nivel<\/strong> \u00f3ptimo <strong>de tranquilidad y control<\/strong>!  <\/p>\n<p><strong><span style=\"color: #ff0000\">Atenci\u00f3n: la clave de acceso s\u00f3lo debe utilizarse cuando sea necesario<\/span> <\/strong>y no debe utilizarse en ning\u00fan caso como llave com\u00fan. El uso indebido de la llave de paso, adem\u00e1s de ser contrario a la l\u00f3gica de funcionamiento de la cerradura de combinaci\u00f3n, puede poner en peligro el buen funcionamiento y la fiabilidad del sistema de cierre a largo plazo. <\/p>\n<h2>Materiales, dise\u00f1o y puntos fuertes<\/h2>\n<p>La estructura interna de la cerradura (bombin) est\u00e1 hecha <strong>de varillas de acero templado<\/strong> para garantizar una alta resistencia mec\u00e1nica a los intentos de robo. El dise\u00f1o redondo a prueba de manipulaciones garantiza que el mecanismo interno no pueda da\u00f1arse si se bloquean o fuerzan las ruedas, protegiendo la cerradura de intentos de robo o manipulaci\u00f3n. El POM9003 est\u00e1 fabricado con <strong>zinc fundido a presi\u00f3n y pl\u00e1stico t\u00e9cnico<\/strong>, materiales resistentes al polvo, la suciedad y la humedad, adem\u00e1s de duraderos. Se puede instalar en puertas y cajones de hasta 25 mm de grosor y tiene una longitud de cuerpo de 30 mm desde el cabezal inferior. <strong>Los iconos de posici\u00f3n abierto\/cerrado<\/strong> hacen que el manejo de la cerradura sea a\u00fan m\u00e1s intuitivo, y las palancas personalizables en los tama\u00f1os garantizan una extraordinaria adaptabilidad a las aplicaciones m\u00e1s diversas: el terminal Q7 permite montar todas las palancas OMR rectas, de doblez y de gancho.   <\/p>\n<h2>Perfecta compatibilidad con cerraduras universales<\/h2>\n<p>Esta <strong>cerradura mec\u00e1nica de combinaci\u00f3n<\/strong> es perfectamente compatible con los huecos de taquillas y varillas en contextos empresariales, deportivos y comerciales. Las dimensiones est\u00e1ndar del cuerpo de la cerradura (16 mm x 19 mm) le permiten <strong>sustituir a<\/strong> las cerraduras con llave o candado <strong>sin modificaciones estructurales.<\/strong> La cerradura <strong>de c\u00f3digo y llave<\/strong> es una opci\u00f3n ideal para quienes buscan fiabilidad, seguridad y versatilidad.  <\/p>\n","protected":false},"excerpt":{"rendered":"<p><strong>La cerradura mec\u00e1nica de combinaci\u00f3n OMR con llave de seguridad<\/strong> es una soluci\u00f3n segura, pr\u00e1ctica y vers\u00e1til para proteger varillas y taquillas. Equipada con un c\u00f3digo de usuario de 4 d\u00edgitos con 10.000 combinaciones posibles, garantiza la m\u00e1xima personalizaci\u00f3n en un sistema de cierre est\u00e9tico, perfecto para vestuarios de gimnasios, oficinas y spas. El modo p\u00fablico permite cambiar el c\u00f3digo cada vez que se abre, mientras que el sistema de descifrado autom\u00e1tico devuelve autom\u00e1ticamente la combinaci\u00f3n a 0000, aumentando la seguridad para el usuario. En caso de olvidar la combinaci\u00f3n, la llave de seguridad permite acceder y recuperar el c\u00f3digo r\u00e1pidamente. Robusto, compatible con la mayor\u00eda de los muebles, no requiere intervenci\u00f3n estructural y ofrece un dise\u00f1o OMR fiable y elegante.    <\/p>\n","protected":false},"featured_media":243657,"comment_status":"closed","ping_status":"closed","template":"","meta":{"_acf_changed":false,"_et_pb_use_builder":"","_et_pb_old_content":"","_et_gb_content_width":""},"product_brand":[],"product_cat":[3995,3926,3947,3980,3998,3912,3904,3888,3915,3999,3908,3881,3945,3992,3993,3994,3984,3927,3988],"product_tag":[],"class_list":{"0":"post-243666","1":"product","2":"type-product","3":"status-publish","4":"has-post-thumbnail","6":"product_cat-arquitectura-urbanismo-y-diseno","7":"product_cat-batiente","8":"product_cat-cerraduras-de-combinacion","9":"product_cat-cerraduras-de-palanca","10":"product_cat-cerraduras-de-puertas-2","11":"product_cat-cerraduras-de-puertas","12":"product_cat-cerraduras-para-armarios-fitosanitarios","13":"product_cat-cerraduras-para-muebles","14":"product_cat-cerraduras-para-taquillas","15":"product_cat-cerraduras-para-taquillas-2","16":"product_cat-cerraduras-para-taquillas-de-paquetes","17":"product_cat-cerraduras-profesionales-para-muebles","18":"product_cat-cerraduras-reprogramables","19":"product_cat-educativos-y-culturales","20":"product_cat-feria","21":"product_cat-hospital-y-sanidad","22":"product_cat-hosteleria-y-turismo","23":"product_cat-solapa","24":"product_cat-tiendas-y-actividades-comerciales","26":"first","27":"instock","28":"shipping-taxable","29":"product-type-simple"},"acf":{"pdf1":"https:\/\/www.omrserrature.it\/wp-content\/uploads\/2025\/04\/Scheda-POM90003.pdf"},"yoast_head":"<!-- This site is optimized with the Yoast SEO plugin v27.2 - https:\/\/yoast.com\/product\/yoast-seo-wordpress\/ -->\n<title>Cerradura de combinaci\u00f3n mec\u00e1nica OMR con llave de seguridad<\/title>\n<meta name=\"description\" content=\"Cerradura de combinaci\u00f3n mec\u00e1nica OMR con c\u00f3digo de 4 cifras, codificaci\u00f3n autom\u00e1tica y llave de seguridad. Cerradura de c\u00f3digo, sin llave para taquillas y varillas.\" \/>\n<meta name=\"robots\" content=\"index, follow, max-snippet:-1, max-image-preview:large, max-video-preview:-1\" \/>\n<link rel=\"canonical\" href=\"https:\/\/www.omrserrature.it\/es\/producto\/cerradura-mecanica-de-combinacion-con-llave-modo-publico\/\" \/>\n<meta property=\"og:locale\" content=\"es_ES\" \/>\n<meta property=\"og:type\" content=\"article\" \/>\n<meta property=\"og:title\" content=\"Cerradura de combinaci\u00f3n mec\u00e1nica OMR con llave de seguridad\" \/>\n<meta property=\"og:description\" content=\"Cerradura de combinaci\u00f3n mec\u00e1nica OMR con c\u00f3digo de 4 cifras, codificaci\u00f3n autom\u00e1tica y llave de seguridad. Cerradura de c\u00f3digo, sin llave para taquillas y varillas.\" \/>\n<meta property=\"og:url\" content=\"https:\/\/www.omrserrature.it\/es\/producto\/cerradura-mecanica-de-combinacion-con-llave-modo-publico\/\" \/>\n<meta property=\"og:site_name\" content=\"OMR Serrature | Produzione sistemi di chiusura\" \/>\n<meta property=\"article:publisher\" content=\"https:\/\/www.facebook.com\/OMRserrature\" \/>\n<meta property=\"article:modified_time\" content=\"2026-04-08T09:09:04+00:00\" \/>\n<meta property=\"og:image\" content=\"https:\/\/www.omrserrature.it\/wp-content\/uploads\/2025\/04\/POM90003_PU.jpg\" \/>\n\t<meta property=\"og:image:width\" content=\"1000\" \/>\n\t<meta property=\"og:image:height\" content=\"1000\" \/>\n\t<meta property=\"og:image:type\" content=\"image\/jpeg\" \/>\n<meta name=\"twitter:card\" content=\"summary_large_image\" \/>\n<meta name=\"twitter:label1\" content=\"Tiempo de lectura\" \/>\n\t<meta name=\"twitter:data1\" content=\"4 minutos\" \/>\n<script type=\"application\/ld+json\" class=\"yoast-schema-graph\">{\"@context\":\"https:\/\/schema.org\",\"@graph\":[{\"@type\":\"WebPage\",\"@id\":\"https:\/\/www.omrserrature.it\/es\/producto\/cerradura-mecanica-de-combinacion-con-llave-modo-publico\/\",\"url\":\"https:\/\/www.omrserrature.it\/es\/producto\/cerradura-mecanica-de-combinacion-con-llave-modo-publico\/\",\"name\":\"Cerradura de combinaci\u00f3n mec\u00e1nica OMR con llave de seguridad\",\"isPartOf\":{\"@id\":\"https:\/\/www.omrserrature.it\/es\/#website\"},\"primaryImageOfPage\":{\"@id\":\"https:\/\/www.omrserrature.it\/es\/producto\/cerradura-mecanica-de-combinacion-con-llave-modo-publico\/#primaryimage\"},\"image\":{\"@id\":\"https:\/\/www.omrserrature.it\/es\/producto\/cerradura-mecanica-de-combinacion-con-llave-modo-publico\/#primaryimage\"},\"thumbnailUrl\":\"https:\/\/www.omrserrature.it\/wp-content\/uploads\/2025\/04\/POM90003_PU.jpg\",\"datePublished\":\"2025-04-23T11:54:21+00:00\",\"dateModified\":\"2026-04-08T09:09:04+00:00\",\"description\":\"Cerradura de combinaci\u00f3n mec\u00e1nica OMR con c\u00f3digo de 4 cifras, codificaci\u00f3n autom\u00e1tica y llave de seguridad. Cerradura de c\u00f3digo, sin llave para taquillas y varillas.\",\"breadcrumb\":{\"@id\":\"https:\/\/www.omrserrature.it\/es\/producto\/cerradura-mecanica-de-combinacion-con-llave-modo-publico\/#breadcrumb\"},\"inLanguage\":\"es\",\"potentialAction\":[{\"@type\":\"ReadAction\",\"target\":[\"https:\/\/www.omrserrature.it\/es\/producto\/cerradura-mecanica-de-combinacion-con-llave-modo-publico\/\"]}]},{\"@type\":\"ImageObject\",\"inLanguage\":\"es\",\"@id\":\"https:\/\/www.omrserrature.it\/es\/producto\/cerradura-mecanica-de-combinacion-con-llave-modo-publico\/#primaryimage\",\"url\":\"https:\/\/www.omrserrature.it\/wp-content\/uploads\/2025\/04\/POM90003_PU.jpg\",\"contentUrl\":\"https:\/\/www.omrserrature.it\/wp-content\/uploads\/2025\/04\/POM90003_PU.jpg\",\"width\":1000,\"height\":1000,\"caption\":\"Cerradura mec\u00e1nica de combinaci\u00f3n con c\u00f3digo - El modo p\u00fablico permite establecer un c\u00f3digo nuevo cada vez que se abre. Mod. POM90003_PU\"},{\"@type\":\"BreadcrumbList\",\"@id\":\"https:\/\/www.omrserrature.it\/es\/producto\/cerradura-mecanica-de-combinacion-con-llave-modo-publico\/#breadcrumb\",\"itemListElement\":[{\"@type\":\"ListItem\",\"position\":1,\"name\":\"Home\",\"item\":\"https:\/\/www.omrserrature.it\/es\/omr-cerradiras-y-sistemas-de-cierre\/\"},{\"@type\":\"ListItem\",\"position\":2,\"name\":\"Cat\u00e1logo\",\"item\":\"https:\/\/www.omrserrature.it\/catalogo\/?lang=es\"},{\"@type\":\"ListItem\",\"position\":3,\"name\":\"Aplicaciones\",\"item\":\"https:\/\/www.omrserrature.it\/es\/inventario\/aplicaciones\/\"},{\"@type\":\"ListItem\",\"position\":4,\"name\":\"Cerraduras para muebles\",\"item\":\"https:\/\/www.omrserrature.it\/es\/inventario\/aplicaciones\/cerraduras-para-muebles\/\"},{\"@type\":\"ListItem\",\"position\":5,\"name\":\"Cerraduras de puertas\",\"item\":\"https:\/\/www.omrserrature.it\/es\/inventario\/aplicaciones\/cerraduras-para-muebles\/cerraduras-de-puertas-2\/\"},{\"@type\":\"ListItem\",\"position\":6,\"name\":\"Cerradura mec\u00e1nica de combinaci\u00f3n con llave &#8211; modo p\u00fablico\"}]},{\"@type\":\"WebSite\",\"@id\":\"https:\/\/www.omrserrature.it\/es\/#website\",\"url\":\"https:\/\/www.omrserrature.it\/es\/\",\"name\":\"OMR Serrature | Produzione sistemi di chiusura\",\"description\":\"Produzione serrature di sicurezza e sistemi di chiusura\",\"publisher\":{\"@id\":\"https:\/\/www.omrserrature.it\/es\/#organization\"},\"potentialAction\":[{\"@type\":\"SearchAction\",\"target\":{\"@type\":\"EntryPoint\",\"urlTemplate\":\"https:\/\/www.omrserrature.it\/es\/?s={search_term_string}\"},\"query-input\":{\"@type\":\"PropertyValueSpecification\",\"valueRequired\":true,\"valueName\":\"search_term_string\"}}],\"inLanguage\":\"es\"},{\"@type\":\"Organization\",\"@id\":\"https:\/\/www.omrserrature.it\/es\/#organization\",\"name\":\"OMR Serrature | Produzione sistemi di chiusura\",\"url\":\"https:\/\/www.omrserrature.it\/es\/\",\"logo\":{\"@type\":\"ImageObject\",\"inLanguage\":\"es\",\"@id\":\"https:\/\/www.omrserrature.it\/es\/#\/schema\/logo\/image\/\",\"url\":\"https:\/\/www.omrserrature.it\/wp-content\/uploads\/2017\/09\/favicon-omr-114.png\",\"contentUrl\":\"https:\/\/www.omrserrature.it\/wp-content\/uploads\/2017\/09\/favicon-omr-114.png\",\"width\":114,\"height\":114,\"caption\":\"OMR Serrature | Produzione sistemi di chiusura\"},\"image\":{\"@id\":\"https:\/\/www.omrserrature.it\/es\/#\/schema\/logo\/image\/\"},\"sameAs\":[\"https:\/\/www.facebook.com\/OMRserrature\",\"https:\/\/www.linkedin.com\/company\/omrserrature\/\",\"https:\/\/www.youtube.com\/channel\/UCxmA85z2R0EpG_6IRokiAkg\"]}]}<\/script>\n<!-- \/ Yoast SEO plugin. -->","yoast_head_json":{"title":"Cerradura de combinaci\u00f3n mec\u00e1nica OMR con llave de seguridad","description":"Cerradura de combinaci\u00f3n mec\u00e1nica OMR con c\u00f3digo de 4 cifras, codificaci\u00f3n autom\u00e1tica y llave de seguridad. Cerradura de c\u00f3digo, sin llave para taquillas y varillas.","robots":{"index":"index","follow":"follow","max-snippet":"max-snippet:-1","max-image-preview":"max-image-preview:large","max-video-preview":"max-video-preview:-1"},"canonical":"https:\/\/www.omrserrature.it\/es\/producto\/cerradura-mecanica-de-combinacion-con-llave-modo-publico\/","og_locale":"es_ES","og_type":"article","og_title":"Cerradura de combinaci\u00f3n mec\u00e1nica OMR con llave de seguridad","og_description":"Cerradura de combinaci\u00f3n mec\u00e1nica OMR con c\u00f3digo de 4 cifras, codificaci\u00f3n autom\u00e1tica y llave de seguridad. Cerradura de c\u00f3digo, sin llave para taquillas y varillas.","og_url":"https:\/\/www.omrserrature.it\/es\/producto\/cerradura-mecanica-de-combinacion-con-llave-modo-publico\/","og_site_name":"OMR Serrature | Produzione sistemi di chiusura","article_publisher":"https:\/\/www.facebook.com\/OMRserrature","article_modified_time":"2026-04-08T09:09:04+00:00","og_image":[{"width":1000,"height":1000,"url":"https:\/\/www.omrserrature.it\/wp-content\/uploads\/2025\/04\/POM90003_PU.jpg","type":"image\/jpeg"}],"twitter_card":"summary_large_image","twitter_misc":{"Tiempo de lectura":"4 minutos"},"schema":{"@context":"https:\/\/schema.org","@graph":[{"@type":"WebPage","@id":"https:\/\/www.omrserrature.it\/es\/producto\/cerradura-mecanica-de-combinacion-con-llave-modo-publico\/","url":"https:\/\/www.omrserrature.it\/es\/producto\/cerradura-mecanica-de-combinacion-con-llave-modo-publico\/","name":"Cerradura de combinaci\u00f3n mec\u00e1nica OMR con llave de seguridad","isPartOf":{"@id":"https:\/\/www.omrserrature.it\/es\/#website"},"primaryImageOfPage":{"@id":"https:\/\/www.omrserrature.it\/es\/producto\/cerradura-mecanica-de-combinacion-con-llave-modo-publico\/#primaryimage"},"image":{"@id":"https:\/\/www.omrserrature.it\/es\/producto\/cerradura-mecanica-de-combinacion-con-llave-modo-publico\/#primaryimage"},"thumbnailUrl":"https:\/\/www.omrserrature.it\/wp-content\/uploads\/2025\/04\/POM90003_PU.jpg","datePublished":"2025-04-23T11:54:21+00:00","dateModified":"2026-04-08T09:09:04+00:00","description":"Cerradura de combinaci\u00f3n mec\u00e1nica OMR con c\u00f3digo de 4 cifras, codificaci\u00f3n autom\u00e1tica y llave de seguridad. Cerradura de c\u00f3digo, sin llave para taquillas y varillas.","breadcrumb":{"@id":"https:\/\/www.omrserrature.it\/es\/producto\/cerradura-mecanica-de-combinacion-con-llave-modo-publico\/#breadcrumb"},"inLanguage":"es","potentialAction":[{"@type":"ReadAction","target":["https:\/\/www.omrserrature.it\/es\/producto\/cerradura-mecanica-de-combinacion-con-llave-modo-publico\/"]}]},{"@type":"ImageObject","inLanguage":"es","@id":"https:\/\/www.omrserrature.it\/es\/producto\/cerradura-mecanica-de-combinacion-con-llave-modo-publico\/#primaryimage","url":"https:\/\/www.omrserrature.it\/wp-content\/uploads\/2025\/04\/POM90003_PU.jpg","contentUrl":"https:\/\/www.omrserrature.it\/wp-content\/uploads\/2025\/04\/POM90003_PU.jpg","width":1000,"height":1000,"caption":"Cerradura mec\u00e1nica de combinaci\u00f3n con c\u00f3digo - El modo p\u00fablico permite establecer un c\u00f3digo nuevo cada vez que se abre. Mod. POM90003_PU"},{"@type":"BreadcrumbList","@id":"https:\/\/www.omrserrature.it\/es\/producto\/cerradura-mecanica-de-combinacion-con-llave-modo-publico\/#breadcrumb","itemListElement":[{"@type":"ListItem","position":1,"name":"Home","item":"https:\/\/www.omrserrature.it\/es\/omr-cerradiras-y-sistemas-de-cierre\/"},{"@type":"ListItem","position":2,"name":"Cat\u00e1logo","item":"https:\/\/www.omrserrature.it\/catalogo\/?lang=es"},{"@type":"ListItem","position":3,"name":"Aplicaciones","item":"https:\/\/www.omrserrature.it\/es\/inventario\/aplicaciones\/"},{"@type":"ListItem","position":4,"name":"Cerraduras para muebles","item":"https:\/\/www.omrserrature.it\/es\/inventario\/aplicaciones\/cerraduras-para-muebles\/"},{"@type":"ListItem","position":5,"name":"Cerraduras de puertas","item":"https:\/\/www.omrserrature.it\/es\/inventario\/aplicaciones\/cerraduras-para-muebles\/cerraduras-de-puertas-2\/"},{"@type":"ListItem","position":6,"name":"Cerradura mec\u00e1nica de combinaci\u00f3n con llave &#8211; modo p\u00fablico"}]},{"@type":"WebSite","@id":"https:\/\/www.omrserrature.it\/es\/#website","url":"https:\/\/www.omrserrature.it\/es\/","name":"OMR Serrature | Produzione sistemi di chiusura","description":"Produzione serrature di sicurezza e sistemi di chiusura","publisher":{"@id":"https:\/\/www.omrserrature.it\/es\/#organization"},"potentialAction":[{"@type":"SearchAction","target":{"@type":"EntryPoint","urlTemplate":"https:\/\/www.omrserrature.it\/es\/?s={search_term_string}"},"query-input":{"@type":"PropertyValueSpecification","valueRequired":true,"valueName":"search_term_string"}}],"inLanguage":"es"},{"@type":"Organization","@id":"https:\/\/www.omrserrature.it\/es\/#organization","name":"OMR Serrature | Produzione sistemi di chiusura","url":"https:\/\/www.omrserrature.it\/es\/","logo":{"@type":"ImageObject","inLanguage":"es","@id":"https:\/\/www.omrserrature.it\/es\/#\/schema\/logo\/image\/","url":"https:\/\/www.omrserrature.it\/wp-content\/uploads\/2017\/09\/favicon-omr-114.png","contentUrl":"https:\/\/www.omrserrature.it\/wp-content\/uploads\/2017\/09\/favicon-omr-114.png","width":114,"height":114,"caption":"OMR Serrature | Produzione sistemi di chiusura"},"image":{"@id":"https:\/\/www.omrserrature.it\/es\/#\/schema\/logo\/image\/"},"sameAs":["https:\/\/www.facebook.com\/OMRserrature","https:\/\/www.linkedin.com\/company\/omrserrature\/","https:\/\/www.youtube.com\/channel\/UCxmA85z2R0EpG_6IRokiAkg"]}]}},"_links":{"self":[{"href":"https:\/\/www.omrserrature.it\/es\/wp-json\/wp\/v2\/product\/243666","targetHints":{"allow":["GET"]}}],"collection":[{"href":"https:\/\/www.omrserrature.it\/es\/wp-json\/wp\/v2\/product"}],"about":[{"href":"https:\/\/www.omrserrature.it\/es\/wp-json\/wp\/v2\/types\/product"}],"replies":[{"embeddable":true,"href":"https:\/\/www.omrserrature.it\/es\/wp-json\/wp\/v2\/comments?post=243666"}],"wp:featuredmedia":[{"embeddable":true,"href":"https:\/\/www.omrserrature.it\/es\/wp-json\/wp\/v2\/media\/243657"}],"wp:attachment":[{"href":"https:\/\/www.omrserrature.it\/es\/wp-json\/wp\/v2\/media?parent=243666"}],"wp:term":[{"taxonomy":"product_brand","embeddable":true,"href":"https:\/\/www.omrserrature.it\/es\/wp-json\/wp\/v2\/product_brand?post=243666"},{"taxonomy":"product_cat","embeddable":true,"href":"https:\/\/www.omrserrature.it\/es\/wp-json\/wp\/v2\/product_cat?post=243666"},{"taxonomy":"product_tag","embeddable":true,"href":"https:\/\/www.omrserrature.it\/es\/wp-json\/wp\/v2\/product_tag?post=243666"}],"curies":[{"name":"wp","href":"https:\/\/api.w.org\/{rel}","templated":true}]}}