{"id":243634,"date":"2025-04-23T12:51:14","date_gmt":"2025-04-23T10:51:14","guid":{"rendered":"https:\/\/www.staging6.omrserrature.it\/?post_type=product&#038;p=243634"},"modified":"2026-04-08T11:09:06","modified_gmt":"2026-04-08T09:09:06","slug":"cerradura-biometrica-de-huellas-digitales-biolock-copia","status":"publish","type":"product","link":"https:\/\/www.omrserrature.it\/es\/producto\/cerradura-biometrica-de-huellas-digitales-biolock-copia\/","title":{"rendered":"Cerradura biom\u00e9trica de huellas digitales para cajones &#8211; BioLock Cajones"},"content":{"rendered":"<p>La <strong>cerradura biom\u00e9trica de z\u00f3calo para cajones<\/strong> es la soluci\u00f3n inteligente perfecta para cajones de oficina, cajones de talleres met\u00e1licos y taquillas. Combina seguridad y comodidad en un dispositivo de \u00faltima generaci\u00f3n. Gracias a la tecnolog\u00eda biom\u00e9trica, se pueden registrar<strong> hasta 20 huellas dactilares<\/strong>, dos para el administrador y dieciocho para los usuarios autorizados. Cuando se instala por primera vez, la cerradura puede desbloquearse con cualquier huella dactilar, mientras que una vez configurada, s\u00f3lo las huellas dactilares almacenadas permitir\u00e1n abrir el dispositivo. Las dos primeras huellas almacenadas ser\u00e1n las del administrador, que tendr\u00e1 pleno control para autorizar o revocar el acceso con un simple escaneo de la huella dactilar.    <\/p>\n<h2>BioLock Cajones, la cerradura de tri\u00e1ngulo, cuadro y otras formas de z\u00f3calo para cajones<\/h2>\n<p>Fabricada con <strong>una aleaci\u00f3n de zinc duradera<\/strong> y accionada por un motor el\u00e9ctrico, la cerradura ofrece un rendimiento \u00f3ptimo incluso en condiciones ambientales adversas, con un rango de temperatura de funcionamiento de -20\u00b0C a +85\u00b0C y un rango de humedad ambiente del 10% al 90%. La cerradura inteligente funciona con una bater\u00eda de litio recargable de 150 mAh, que proporciona <strong>hasta cuatro meses de uso<\/strong> con dos aperturas al d\u00eda. <\/p>\n<p>El dispositivo est\u00e1 equipado con un c\u00f3modo puerto de carga USB de tipo C, con un tiempo de carga completa de 2,5 horas. Una carga de s\u00f3lo 1 hora proporciona hasta 180 d\u00edas de tiempo en espera. En caso de que la bater\u00eda se descargue por completo, los z\u00f3calos guardados permanecen almacenados, eliminando cualquier preocupaci\u00f3n sobre la p\u00e9rdida de acceso: basta con conectar una fuente de alimentaci\u00f3n (powerbank o cargador) para restaurar la funcionalidad completa en unos instantes.  <\/p>\n<h2>La cerradura inteligente que mantiene a salvo tus cajones<\/h2>\n<p>La cerradura de huellas dactilares <strong>BioLock Cassetti es compatible con los orificios ya presentes<\/strong> en la gran mayor\u00eda de cajones del mercado. Para dar un salto hacia el futuro, basta con retirar la antigua cerradura mec\u00e1nica, fijar el BioLock Cajones al panel frontal del caj\u00f3n mediante los 4 tornillos roscados y, a continuaci\u00f3n, atornillar la cerradura de huellas dactilares al montante o travesa\u00f1o del caj\u00f3n. Sus dimensiones compactas y su dise\u00f1o minimalista y lineal hacen de esta cerradura de huellas dactilares no s\u00f3lo una soluci\u00f3n tecnol\u00f3gicamente avanzada, sino tambi\u00e9n un accesorio con estilo para quienes aprecian la est\u00e9tica refinada. Perfecta para quienes buscan funcionalidad sin renunciar a la elegancia, esta peque\u00f1a cerradura inteligente a\u00f1ade <strong>un toque de modernidad y clase a cualquier habitaci\u00f3n<\/strong>.   <\/p>\n<h2>Tecnolog\u00eda f\u00e1cil de usar: la cerradura biom\u00e9trica f\u00e1cil de ajustar<\/h2>\n<p>Una vez que hayas instalado f\u00edsicamente tu nuevo BioLock, podr\u00e1s registrar las dos primeras levas, que tendr\u00e1n privilegios administrativos y podr\u00e1n utilizarse para a\u00f1adir o eliminar otros usuarios. El procedimiento es similar para todos los BioLocks del cat\u00e1logo.<\/p>\n<h3 style=\"font-size: 18px\">A\u00f1adir huella del administrador<\/h3>\n<p>En la primera puesta en marcha, o tras un reinicio de la cerradura, es posible introducir las dos primeras huellas con privilegios de administrador. Aseg\u00farate de que la cerradura est\u00e1 cargada antes de proceder a la captura. <\/p>\n<ol>\n<li>Coloca el dedo sobre el sensor durante 5 segundos. Los LED azules se encienden. Retira el dedo del sensor.  <\/li>\n<li>Vuelve a apoyar el dedo hasta que los LED parpadeen<em> dos veces<\/em> para confirmar la adquisici\u00f3n correcta. Retira el dedo. <\/li>\n<li>Repite la operaci\u00f3n cinco veces, cambiando un poco la posici\u00f3n del dedo, tras lo cual los LED parpadear\u00e1n tres veces para confirmar el almacenamiento.<\/li>\n<\/ol>\n<p>Ahora puedes repetir la operaci\u00f3n con otro dedo del administrador, y habr\u00e1s configurado el acceso maestro de tu cierre inteligente. El administrador puede utilizar cualquiera de los dos dedos almacenados para que la cerradura lo reconozca. <\/p>\n<h3 style=\"font-size: 18px\">A\u00f1adir nueva huella de usuario<\/h3>\n<p>La cerradura biom\u00e9trica de z\u00f3calo BioLock te ofrece la posibilidad de registrar <strong>hasta 18 usuarios diferentes<\/strong>. S\u00f3lo ser\u00e1 necesaria la presencia del administrador para dar de alta al nuevo usuario. <\/p>\n<ol>\n<li>Coloca <strong>el dedo<\/strong> del administrador sobre el sensor durante 5 segundos. Los LED azules se encienden. Retira el dedo del sensor.  <\/li>\n<li>Apoya <strong>el dedo del usuario<\/strong> hasta que los LED parpadeen dos veces y, a continuaci\u00f3n, retira el dedo.<\/li>\n<li>Repite la operaci\u00f3n cinco veces, cambiando un poco la posici\u00f3n del dedo, tras lo cual los LED parpadear\u00e1n tres veces para confirmar el almacenamiento.<\/li>\n<\/ol>\n<p><strong>\u00bfSi algo va mal?<\/strong><\/p>\n<p>Si los LED emiten un resplandor rojo, est\u00e1n indicando que el z\u00f3calo no se ha tomado correctamente. Basta con retirar el dedo del sensor biom\u00e9trico y volver a colocarlo, teniendo cuidado de mantenerlo quieto mientras se escanea. <\/p>\n<h2>La mejor cerradura digital biom\u00e9trica para empresas<\/h2>\n<p>BioLock Cajones es la <strong>cerradura inteligente de<\/strong> z\u00f3calo que transforma la forma en que gestionas la seguridad de tus cajones en la oficina, el almac\u00e9n y el taller. Segura, pr\u00e1ctica e incre\u00edblemente vers\u00e1til, esta cerradura biom\u00e9trica recargable ofrece un control de acceso intuitivo y fiable, a la vez que proporciona protecci\u00f3n sin renunciar a un alto nivel est\u00e9tico. Gracias a su avanzada tecnolog\u00eda y facilidad de uso, BioLock elimina la necesidad de llaves o combinaciones, permiti\u00e9ndote abrir tus cerraduras con un simple toque. Elige la innovaci\u00f3n y da un paso hacia el futuro de la seguridad con <strong>los cajones BioLock<\/strong> de cerraduras OMR.   <\/p>\n","protected":false},"excerpt":{"rendered":"<p><strong>BioLock Cajones<\/strong> es la cerradura biom\u00e9trica inteligente ideal para armarios privados y cajones de muebles de oficina. Ligera, duradera y f\u00e1cil de instalar, permite el registro de hasta 20 huellas dactilares (2 administradores y 18 usuarios) y proporciona un acceso seguro, c\u00f3modo y moderno gracias a la tecnolog\u00eda de huella dactilar. Alimentado por una bater\u00eda recargable mediante USB-C, ofrece hasta 4 meses de autonom\u00eda y almacena todas las huellas dactilares incluso cuando la bater\u00eda est\u00e1 vac\u00eda. Compatible con la mayor\u00eda de los cajones existentes, BioLock combina funcionalidad avanzada y dise\u00f1o elegante en un solo dispositivo.   <\/p>\n","protected":false},"featured_media":243640,"comment_status":"closed","ping_status":"closed","template":"","meta":{"_acf_changed":false,"_et_pb_use_builder":"","_et_pb_old_content":"","_et_gb_content_width":""},"product_brand":[],"product_cat":[3926,3913,3975,3941,3998,3946,3888,3996,3927],"product_tag":[],"class_list":{"0":"post-243634","1":"product","2":"type-product","3":"status-publish","4":"has-post-thumbnail","6":"product_cat-batiente","7":"product_cat-cerraduras-de-cajones","8":"product_cat-cerraduras-de-huellas-digitales","9":"product_cat-cerraduras-de-pestillo","10":"product_cat-cerraduras-de-puertas-2","11":"product_cat-cerraduras-electronicas-para-taquillas-cajones-puertas","12":"product_cat-cerraduras-para-muebles","13":"product_cat-oficinas","14":"product_cat-solapa","16":"first","17":"instock","18":"shipping-taxable","19":"product-type-simple"},"acf":{"pdf1":"https:\/\/www.omrserrature.it\/wp-content\/uploads\/2025\/04\/Scheda-BL220300-1.pdf"},"yoast_head":"<!-- This site is optimized with the Yoast SEO plugin v27.5 - https:\/\/yoast.com\/product\/yoast-seo-wordpress\/ -->\n<title>Cerradura biom\u00e9trica de z\u00f3calo para cajones | BioLock OMR<\/title>\n<meta name=\"description\" content=\"Cerradura biom\u00e9trica de z\u00f3calo para cajones, hasta 20 usuarios. Soluci\u00f3n inteligente recargable para oficinas, talleres y taquillas. La bater\u00eda dura meses.\" \/>\n<meta name=\"robots\" content=\"index, follow, max-snippet:-1, max-image-preview:large, max-video-preview:-1\" \/>\n<link rel=\"canonical\" href=\"https:\/\/www.omrserrature.it\/es\/producto\/cerradura-biometrica-de-huellas-digitales-biolock-copia\/\" \/>\n<meta property=\"og:locale\" content=\"es_ES\" \/>\n<meta property=\"og:type\" content=\"article\" \/>\n<meta property=\"og:title\" content=\"Cerradura biom\u00e9trica de z\u00f3calo para cajones | BioLock OMR\" \/>\n<meta property=\"og:description\" content=\"Cerradura biom\u00e9trica de z\u00f3calo para cajones, hasta 20 usuarios. Soluci\u00f3n inteligente recargable para oficinas, talleres y taquillas. La bater\u00eda dura meses.\" \/>\n<meta property=\"og:url\" content=\"https:\/\/www.omrserrature.it\/es\/producto\/cerradura-biometrica-de-huellas-digitales-biolock-copia\/\" \/>\n<meta property=\"og:site_name\" content=\"OMR Serrature | Produzione sistemi di chiusura\" \/>\n<meta property=\"article:publisher\" content=\"https:\/\/www.facebook.com\/OMRserrature\" \/>\n<meta property=\"article:modified_time\" content=\"2026-04-08T09:09:06+00:00\" \/>\n<meta property=\"og:image\" content=\"https:\/\/www.omrserrature.it\/wp-content\/uploads\/2025\/04\/BioLock-Cassetti.jpg\" \/>\n\t<meta property=\"og:image:width\" content=\"1000\" \/>\n\t<meta property=\"og:image:height\" content=\"1000\" \/>\n\t<meta property=\"og:image:type\" content=\"image\/jpeg\" \/>\n<meta name=\"twitter:card\" content=\"summary_large_image\" \/>\n<meta name=\"twitter:label1\" content=\"Tiempo de lectura\" \/>\n\t<meta name=\"twitter:data1\" content=\"5 minutos\" \/>\n<script type=\"application\/ld+json\" class=\"yoast-schema-graph\">{\"@context\":\"https:\\\/\\\/schema.org\",\"@graph\":[{\"@type\":\"WebPage\",\"@id\":\"https:\\\/\\\/www.omrserrature.it\\\/es\\\/producto\\\/cerradura-biometrica-de-huellas-digitales-biolock-copia\\\/\",\"url\":\"https:\\\/\\\/www.omrserrature.it\\\/es\\\/producto\\\/cerradura-biometrica-de-huellas-digitales-biolock-copia\\\/\",\"name\":\"Cerradura biom\u00e9trica de z\u00f3calo para cajones | BioLock OMR\",\"isPartOf\":{\"@id\":\"https:\\\/\\\/www.omrserrature.it\\\/es\\\/#website\"},\"primaryImageOfPage\":{\"@id\":\"https:\\\/\\\/www.omrserrature.it\\\/es\\\/producto\\\/cerradura-biometrica-de-huellas-digitales-biolock-copia\\\/#primaryimage\"},\"image\":{\"@id\":\"https:\\\/\\\/www.omrserrature.it\\\/es\\\/producto\\\/cerradura-biometrica-de-huellas-digitales-biolock-copia\\\/#primaryimage\"},\"thumbnailUrl\":\"https:\\\/\\\/www.omrserrature.it\\\/wp-content\\\/uploads\\\/2025\\\/04\\\/BioLock-Cassetti.jpg\",\"datePublished\":\"2025-04-23T10:51:14+00:00\",\"dateModified\":\"2026-04-08T09:09:06+00:00\",\"description\":\"Cerradura biom\u00e9trica de z\u00f3calo para cajones, hasta 20 usuarios. Soluci\u00f3n inteligente recargable para oficinas, talleres y taquillas. La bater\u00eda dura meses.\",\"breadcrumb\":{\"@id\":\"https:\\\/\\\/www.omrserrature.it\\\/es\\\/producto\\\/cerradura-biometrica-de-huellas-digitales-biolock-copia\\\/#breadcrumb\"},\"inLanguage\":\"es\",\"potentialAction\":[{\"@type\":\"ReadAction\",\"target\":[\"https:\\\/\\\/www.omrserrature.it\\\/es\\\/producto\\\/cerradura-biometrica-de-huellas-digitales-biolock-copia\\\/\"]}]},{\"@type\":\"ImageObject\",\"inLanguage\":\"es\",\"@id\":\"https:\\\/\\\/www.omrserrature.it\\\/es\\\/producto\\\/cerradura-biometrica-de-huellas-digitales-biolock-copia\\\/#primaryimage\",\"url\":\"https:\\\/\\\/www.omrserrature.it\\\/wp-content\\\/uploads\\\/2025\\\/04\\\/BioLock-Cassetti.jpg\",\"contentUrl\":\"https:\\\/\\\/www.omrserrature.it\\\/wp-content\\\/uploads\\\/2025\\\/04\\\/BioLock-Cassetti.jpg\",\"width\":1000,\"height\":1000,\"caption\":\"Cerradura biom\u00e9trica de z\u00f3calo para cajones y cajoneras\"},{\"@type\":\"BreadcrumbList\",\"@id\":\"https:\\\/\\\/www.omrserrature.it\\\/es\\\/producto\\\/cerradura-biometrica-de-huellas-digitales-biolock-copia\\\/#breadcrumb\",\"itemListElement\":[{\"@type\":\"ListItem\",\"position\":1,\"name\":\"Home\",\"item\":\"https:\\\/\\\/www.omrserrature.it\\\/es\\\/omr-cerradiras-y-sistemas-de-cierre\\\/\"},{\"@type\":\"ListItem\",\"position\":2,\"name\":\"Cat\u00e1logo\",\"item\":\"https:\\\/\\\/www.omrserrature.it\\\/catalogo\\\/?lang=es\"},{\"@type\":\"ListItem\",\"position\":3,\"name\":\"Productos\",\"item\":\"https:\\\/\\\/www.omrserrature.it\\\/es\\\/inventario\\\/productos\\\/\"},{\"@type\":\"ListItem\",\"position\":4,\"name\":\"Cerraduras\",\"item\":\"https:\\\/\\\/www.omrserrature.it\\\/es\\\/inventario\\\/productos\\\/cerraduras\\\/\"},{\"@type\":\"ListItem\",\"position\":5,\"name\":\"Cerraduras electr\u00f3nicas para taquillas, cajones, puertas\",\"item\":\"https:\\\/\\\/www.omrserrature.it\\\/es\\\/inventario\\\/productos\\\/cerraduras\\\/cerraduras-electronicas-para-taquillas-cajones-puertas\\\/\"},{\"@type\":\"ListItem\",\"position\":6,\"name\":\"Cerradura biom\u00e9trica de huellas digitales para cajones &#8211; BioLock Cajones\"}]},{\"@type\":\"WebSite\",\"@id\":\"https:\\\/\\\/www.omrserrature.it\\\/es\\\/#website\",\"url\":\"https:\\\/\\\/www.omrserrature.it\\\/es\\\/\",\"name\":\"OMR Serrature | Produzione sistemi di chiusura\",\"description\":\"Produzione serrature di sicurezza e sistemi di chiusura\",\"publisher\":{\"@id\":\"https:\\\/\\\/www.omrserrature.it\\\/es\\\/#organization\"},\"potentialAction\":[{\"@type\":\"SearchAction\",\"target\":{\"@type\":\"EntryPoint\",\"urlTemplate\":\"https:\\\/\\\/www.omrserrature.it\\\/es\\\/?s={search_term_string}\"},\"query-input\":{\"@type\":\"PropertyValueSpecification\",\"valueRequired\":true,\"valueName\":\"search_term_string\"}}],\"inLanguage\":\"es\"},{\"@type\":\"Organization\",\"@id\":\"https:\\\/\\\/www.omrserrature.it\\\/es\\\/#organization\",\"name\":\"OMR Serrature | Produzione sistemi di chiusura\",\"url\":\"https:\\\/\\\/www.omrserrature.it\\\/es\\\/\",\"logo\":{\"@type\":\"ImageObject\",\"inLanguage\":\"es\",\"@id\":\"https:\\\/\\\/www.omrserrature.it\\\/es\\\/#\\\/schema\\\/logo\\\/image\\\/\",\"url\":\"https:\\\/\\\/www.omrserrature.it\\\/wp-content\\\/uploads\\\/2017\\\/09\\\/favicon-omr-114.png\",\"contentUrl\":\"https:\\\/\\\/www.omrserrature.it\\\/wp-content\\\/uploads\\\/2017\\\/09\\\/favicon-omr-114.png\",\"width\":114,\"height\":114,\"caption\":\"OMR Serrature | Produzione sistemi di chiusura\"},\"image\":{\"@id\":\"https:\\\/\\\/www.omrserrature.it\\\/es\\\/#\\\/schema\\\/logo\\\/image\\\/\"},\"sameAs\":[\"https:\\\/\\\/www.facebook.com\\\/OMRserrature\",\"https:\\\/\\\/www.linkedin.com\\\/company\\\/omrserrature\\\/\",\"https:\\\/\\\/www.youtube.com\\\/channel\\\/UCxmA85z2R0EpG_6IRokiAkg\"]}]}<\/script>\n<!-- \/ Yoast SEO plugin. -->","yoast_head_json":{"title":"Cerradura biom\u00e9trica de z\u00f3calo para cajones | BioLock OMR","description":"Cerradura biom\u00e9trica de z\u00f3calo para cajones, hasta 20 usuarios. Soluci\u00f3n inteligente recargable para oficinas, talleres y taquillas. La bater\u00eda dura meses.","robots":{"index":"index","follow":"follow","max-snippet":"max-snippet:-1","max-image-preview":"max-image-preview:large","max-video-preview":"max-video-preview:-1"},"canonical":"https:\/\/www.omrserrature.it\/es\/producto\/cerradura-biometrica-de-huellas-digitales-biolock-copia\/","og_locale":"es_ES","og_type":"article","og_title":"Cerradura biom\u00e9trica de z\u00f3calo para cajones | BioLock OMR","og_description":"Cerradura biom\u00e9trica de z\u00f3calo para cajones, hasta 20 usuarios. Soluci\u00f3n inteligente recargable para oficinas, talleres y taquillas. La bater\u00eda dura meses.","og_url":"https:\/\/www.omrserrature.it\/es\/producto\/cerradura-biometrica-de-huellas-digitales-biolock-copia\/","og_site_name":"OMR Serrature | Produzione sistemi di chiusura","article_publisher":"https:\/\/www.facebook.com\/OMRserrature","article_modified_time":"2026-04-08T09:09:06+00:00","og_image":[{"width":1000,"height":1000,"url":"https:\/\/www.omrserrature.it\/wp-content\/uploads\/2025\/04\/BioLock-Cassetti.jpg","type":"image\/jpeg"}],"twitter_card":"summary_large_image","twitter_misc":{"Tiempo de lectura":"5 minutos"},"schema":{"@context":"https:\/\/schema.org","@graph":[{"@type":"WebPage","@id":"https:\/\/www.omrserrature.it\/es\/producto\/cerradura-biometrica-de-huellas-digitales-biolock-copia\/","url":"https:\/\/www.omrserrature.it\/es\/producto\/cerradura-biometrica-de-huellas-digitales-biolock-copia\/","name":"Cerradura biom\u00e9trica de z\u00f3calo para cajones | BioLock OMR","isPartOf":{"@id":"https:\/\/www.omrserrature.it\/es\/#website"},"primaryImageOfPage":{"@id":"https:\/\/www.omrserrature.it\/es\/producto\/cerradura-biometrica-de-huellas-digitales-biolock-copia\/#primaryimage"},"image":{"@id":"https:\/\/www.omrserrature.it\/es\/producto\/cerradura-biometrica-de-huellas-digitales-biolock-copia\/#primaryimage"},"thumbnailUrl":"https:\/\/www.omrserrature.it\/wp-content\/uploads\/2025\/04\/BioLock-Cassetti.jpg","datePublished":"2025-04-23T10:51:14+00:00","dateModified":"2026-04-08T09:09:06+00:00","description":"Cerradura biom\u00e9trica de z\u00f3calo para cajones, hasta 20 usuarios. Soluci\u00f3n inteligente recargable para oficinas, talleres y taquillas. La bater\u00eda dura meses.","breadcrumb":{"@id":"https:\/\/www.omrserrature.it\/es\/producto\/cerradura-biometrica-de-huellas-digitales-biolock-copia\/#breadcrumb"},"inLanguage":"es","potentialAction":[{"@type":"ReadAction","target":["https:\/\/www.omrserrature.it\/es\/producto\/cerradura-biometrica-de-huellas-digitales-biolock-copia\/"]}]},{"@type":"ImageObject","inLanguage":"es","@id":"https:\/\/www.omrserrature.it\/es\/producto\/cerradura-biometrica-de-huellas-digitales-biolock-copia\/#primaryimage","url":"https:\/\/www.omrserrature.it\/wp-content\/uploads\/2025\/04\/BioLock-Cassetti.jpg","contentUrl":"https:\/\/www.omrserrature.it\/wp-content\/uploads\/2025\/04\/BioLock-Cassetti.jpg","width":1000,"height":1000,"caption":"Cerradura biom\u00e9trica de z\u00f3calo para cajones y cajoneras"},{"@type":"BreadcrumbList","@id":"https:\/\/www.omrserrature.it\/es\/producto\/cerradura-biometrica-de-huellas-digitales-biolock-copia\/#breadcrumb","itemListElement":[{"@type":"ListItem","position":1,"name":"Home","item":"https:\/\/www.omrserrature.it\/es\/omr-cerradiras-y-sistemas-de-cierre\/"},{"@type":"ListItem","position":2,"name":"Cat\u00e1logo","item":"https:\/\/www.omrserrature.it\/catalogo\/?lang=es"},{"@type":"ListItem","position":3,"name":"Productos","item":"https:\/\/www.omrserrature.it\/es\/inventario\/productos\/"},{"@type":"ListItem","position":4,"name":"Cerraduras","item":"https:\/\/www.omrserrature.it\/es\/inventario\/productos\/cerraduras\/"},{"@type":"ListItem","position":5,"name":"Cerraduras electr\u00f3nicas para taquillas, cajones, puertas","item":"https:\/\/www.omrserrature.it\/es\/inventario\/productos\/cerraduras\/cerraduras-electronicas-para-taquillas-cajones-puertas\/"},{"@type":"ListItem","position":6,"name":"Cerradura biom\u00e9trica de huellas digitales para cajones &#8211; BioLock Cajones"}]},{"@type":"WebSite","@id":"https:\/\/www.omrserrature.it\/es\/#website","url":"https:\/\/www.omrserrature.it\/es\/","name":"OMR Serrature | Produzione sistemi di chiusura","description":"Produzione serrature di sicurezza e sistemi di chiusura","publisher":{"@id":"https:\/\/www.omrserrature.it\/es\/#organization"},"potentialAction":[{"@type":"SearchAction","target":{"@type":"EntryPoint","urlTemplate":"https:\/\/www.omrserrature.it\/es\/?s={search_term_string}"},"query-input":{"@type":"PropertyValueSpecification","valueRequired":true,"valueName":"search_term_string"}}],"inLanguage":"es"},{"@type":"Organization","@id":"https:\/\/www.omrserrature.it\/es\/#organization","name":"OMR Serrature | Produzione sistemi di chiusura","url":"https:\/\/www.omrserrature.it\/es\/","logo":{"@type":"ImageObject","inLanguage":"es","@id":"https:\/\/www.omrserrature.it\/es\/#\/schema\/logo\/image\/","url":"https:\/\/www.omrserrature.it\/wp-content\/uploads\/2017\/09\/favicon-omr-114.png","contentUrl":"https:\/\/www.omrserrature.it\/wp-content\/uploads\/2017\/09\/favicon-omr-114.png","width":114,"height":114,"caption":"OMR Serrature | Produzione sistemi di chiusura"},"image":{"@id":"https:\/\/www.omrserrature.it\/es\/#\/schema\/logo\/image\/"},"sameAs":["https:\/\/www.facebook.com\/OMRserrature","https:\/\/www.linkedin.com\/company\/omrserrature\/","https:\/\/www.youtube.com\/channel\/UCxmA85z2R0EpG_6IRokiAkg"]}]}},"_links":{"self":[{"href":"https:\/\/www.omrserrature.it\/es\/wp-json\/wp\/v2\/product\/243634","targetHints":{"allow":["GET"]}}],"collection":[{"href":"https:\/\/www.omrserrature.it\/es\/wp-json\/wp\/v2\/product"}],"about":[{"href":"https:\/\/www.omrserrature.it\/es\/wp-json\/wp\/v2\/types\/product"}],"replies":[{"embeddable":true,"href":"https:\/\/www.omrserrature.it\/es\/wp-json\/wp\/v2\/comments?post=243634"}],"wp:featuredmedia":[{"embeddable":true,"href":"https:\/\/www.omrserrature.it\/es\/wp-json\/wp\/v2\/media\/243640"}],"wp:attachment":[{"href":"https:\/\/www.omrserrature.it\/es\/wp-json\/wp\/v2\/media?parent=243634"}],"wp:term":[{"taxonomy":"product_brand","embeddable":true,"href":"https:\/\/www.omrserrature.it\/es\/wp-json\/wp\/v2\/product_brand?post=243634"},{"taxonomy":"product_cat","embeddable":true,"href":"https:\/\/www.omrserrature.it\/es\/wp-json\/wp\/v2\/product_cat?post=243634"},{"taxonomy":"product_tag","embeddable":true,"href":"https:\/\/www.omrserrature.it\/es\/wp-json\/wp\/v2\/product_tag?post=243634"}],"curies":[{"name":"wp","href":"https:\/\/api.w.org\/{rel}","templated":true}]}}