{"id":243590,"date":"2017-10-13T17:05:54","date_gmt":"2013-10-17T15:05:00","guid":{"rendered":"https:\/\/www.staging6.omrserrature.it\/prodotto\/cerradura-cremona-de-2-puntos-con-carcasa-de-plastico-negro\/"},"modified":"2026-04-08T12:49:00","modified_gmt":"2026-04-08T10:49:00","slug":"cerradura-cremona-de-2-puntos-con-carcasa-de-plastico-negro","status":"publish","type":"product","link":"https:\/\/www.omrserrature.it\/es\/producto\/cerradura-cremona-de-2-puntos-con-carcasa-de-plastico-negro\/","title":{"rendered":"Cerradura cremona de 2 puntos con carcasa de pl\u00e1stico negro"},"content":{"rendered":"<p>La <strong>cerradura cremona de dos puntos<\/strong> ofrece una instalaci\u00f3n perfecta en <strong>puertas de madera y puertas de balcones<\/strong>, as\u00ed como en <strong>armarios<\/strong><strong> el\u00e9ctricos<\/strong> y <strong>de control<\/strong>, puertas, muebles de oficina y <strong>puertas de armarios altos de madera y metal<\/strong>. El mecanismo interno se acciona mediante un bombin de l\u00e1minas de aleaci\u00f3n. Esta<strong> cerradura de varillas verticales<\/strong> ofrece dos puntos de expansi\u00f3n.  <\/p>\n<p>La <strong>cerradura cremona de 2 puntos<\/strong>, tambi\u00e9n conocida como cerradura de varillas, cerradura de dos puntos o cerradura de doble expansi\u00f3n, consta de una carcasa de pl\u00e1stico negro y un cilindro con un mecanismo de l\u00e1minas de metal fundido a presi\u00f3n. Al introducir la llave y girar el cilindro, se ponen en movimiento los dos eslabones a los que est\u00e1n conectadas <strong>las varillas<\/strong> que, con un movimiento de deslizamiento, permiten abrir o cerrar la puerta.<\/p>\n<p>La <strong>cerradura de doble expansi\u00f3n<\/strong> est\u00e1 disponible en versiones vertical y horizontal, tambi\u00e9n con placa base de pl\u00e1stico gris, y est\u00e1 equipada con un buje embellecedor para un resultado est\u00e9tico impecable en la puerta. El kit incluye varillas <a href=\"https:\/\/www.omrserrature.it\/es\/producto\/varilla-13-x-25\/\" target=\"_blank\" rel=\"noopener\">SAST02815<\/a>. <\/p>\n","protected":false},"excerpt":{"rendered":"<p>La <strong>cerradura cremona de dos puntos<\/strong> ofrece una instalaci\u00f3n perfecta en <strong>puertas de madera y puertas de balcones<\/strong>, as\u00ed como en <strong>armarios<\/strong><strong> el\u00e9ctricos<\/strong> y <strong>de control<\/strong>, puertas, muebles de oficina y <strong>puertas de armarios altos de madera y metal<\/strong>. El mecanismo interno se acciona mediante un bombin de l\u00e1minas de aleaci\u00f3n. Esta<strong> cerradura de varillas verticales<\/strong> ofrece dos puntos de expansi\u00f3n.  <\/p>\n","protected":false},"featured_media":3765,"comment_status":"open","ping_status":"closed","template":"","meta":{"_acf_changed":false,"_et_pb_use_builder":"","_et_pb_old_content":"","_et_gb_content_width":""},"product_brand":[],"product_cat":[3989,3926,3890,3937,3943,3951,3882,3998,3902,3901,3900,3904,3905,3903,3888,3881,3992,3994,3996],"product_tag":[],"class_list":{"0":"post-243590","1":"product","2":"type-product","3":"status-publish","4":"has-post-thumbnail","6":"product_cat-banca-y-correos","7":"product_cat-batiente","8":"product_cat-cerradura-de-armario-conforme-a-gdpr","9":"product_cat-cerradura-multipunto","10":"product_cat-cerraduras-con-bombin-extraible","11":"product_cat-cerraduras-con-llave-maestra","12":"product_cat-cerraduras-de-armarios","13":"product_cat-cerraduras-de-puertas-2","14":"product_cat-cerraduras-para-armarios-de-balcon","15":"product_cat-cerraduras-para-armarios-de-epi","16":"product_cat-cerraduras-para-armarios-de-sustancias-peligrosas","17":"product_cat-cerraduras-para-armarios-fitosanitarios","18":"product_cat-cerraduras-para-armarios-industriales","19":"product_cat-cerraduras-para-guardaesquis","20":"product_cat-cerraduras-para-muebles","21":"product_cat-cerraduras-profesionales-para-muebles","22":"product_cat-educativos-y-culturales","23":"product_cat-hospital-y-sanidad","24":"product_cat-oficinas","26":"first","27":"instock","28":"shipping-taxable","29":"purchasable","30":"product-type-variable"},"acf":{"pdf1":"https:\/\/www.omrserrature.it\/wp-content\/uploads\/schede\/Scheda_240415.pdf"},"yoast_head":"<!-- This site is optimized with the Yoast SEO plugin v27.2 - https:\/\/yoast.com\/product\/yoast-seo-wordpress\/ -->\n<title>Cerradura cremona de 2 puntos con carcasa de pl\u00e1stico negro - OMR Serrature<\/title>\n<meta name=\"robots\" content=\"index, follow, max-snippet:-1, max-image-preview:large, max-video-preview:-1\" \/>\n<link rel=\"canonical\" href=\"https:\/\/www.omrserrature.it\/es\/producto\/cerradura-cremona-de-2-puntos-con-carcasa-de-plastico-negro\/\" \/>\n<meta property=\"og:locale\" content=\"es_ES\" \/>\n<meta property=\"og:type\" content=\"article\" \/>\n<meta property=\"og:title\" content=\"Cerradura cremona de 2 puntos con carcasa de pl\u00e1stico negro - OMR Serrature\" \/>\n<meta property=\"og:description\" content=\"La cerradura cremona de dos puntos ofrece una instalaci\u00f3n perfecta en puertas de madera y puertas de balcones, as\u00ed como en armarios el\u00e9ctricos y de control, puertas, muebles de oficina y puertas de armarios altos de madera y metal. El mecanismo interno se acciona mediante un bombin de l\u00e1minas de aleaci\u00f3n. Esta cerradura de varillas verticales ofrece dos puntos de expansi\u00f3n.\" \/>\n<meta property=\"og:url\" content=\"https:\/\/www.omrserrature.it\/es\/producto\/cerradura-cremona-de-2-puntos-con-carcasa-de-plastico-negro\/\" \/>\n<meta property=\"og:site_name\" content=\"OMR Serrature | Produzione sistemi di chiusura\" \/>\n<meta property=\"article:publisher\" content=\"https:\/\/www.facebook.com\/OMRserrature\" \/>\n<meta property=\"article:modified_time\" content=\"2026-04-08T10:49:00+00:00\" \/>\n<meta property=\"og:image\" content=\"https:\/\/www.omrserrature.it\/wp-content\/uploads\/2017\/10\/serratura-cremonese-2-punti-lamelle-plastica-nera.jpg\" \/>\n\t<meta property=\"og:image:width\" content=\"942\" \/>\n\t<meta property=\"og:image:height\" content=\"538\" \/>\n\t<meta property=\"og:image:type\" content=\"image\/jpeg\" \/>\n<meta name=\"twitter:card\" content=\"summary_large_image\" \/>\n<meta name=\"twitter:label1\" content=\"Tiempo de lectura\" \/>\n\t<meta name=\"twitter:data1\" content=\"1 minuto\" \/>\n<script type=\"application\/ld+json\" class=\"yoast-schema-graph\">{\"@context\":\"https:\/\/schema.org\",\"@graph\":[{\"@type\":\"WebPage\",\"@id\":\"https:\/\/www.omrserrature.it\/es\/producto\/cerradura-cremona-de-2-puntos-con-carcasa-de-plastico-negro\/\",\"url\":\"https:\/\/www.omrserrature.it\/es\/producto\/cerradura-cremona-de-2-puntos-con-carcasa-de-plastico-negro\/\",\"name\":\"Cerradura cremona de 2 puntos con carcasa de pl\u00e1stico negro - OMR Serrature\",\"isPartOf\":{\"@id\":\"https:\/\/www.omrserrature.it\/es\/#website\"},\"primaryImageOfPage\":{\"@id\":\"https:\/\/www.omrserrature.it\/es\/producto\/cerradura-cremona-de-2-puntos-con-carcasa-de-plastico-negro\/#primaryimage\"},\"image\":{\"@id\":\"https:\/\/www.omrserrature.it\/es\/producto\/cerradura-cremona-de-2-puntos-con-carcasa-de-plastico-negro\/#primaryimage\"},\"thumbnailUrl\":\"https:\/\/www.omrserrature.it\/wp-content\/uploads\/2017\/10\/serratura-cremonese-2-punti-lamelle-plastica-nera.jpg\",\"datePublished\":\"2013-10-17T15:05:00+00:00\",\"dateModified\":\"2026-04-08T10:49:00+00:00\",\"breadcrumb\":{\"@id\":\"https:\/\/www.omrserrature.it\/es\/producto\/cerradura-cremona-de-2-puntos-con-carcasa-de-plastico-negro\/#breadcrumb\"},\"inLanguage\":\"es\",\"potentialAction\":[{\"@type\":\"ReadAction\",\"target\":[\"https:\/\/www.omrserrature.it\/es\/producto\/cerradura-cremona-de-2-puntos-con-carcasa-de-plastico-negro\/\"]}]},{\"@type\":\"ImageObject\",\"inLanguage\":\"es\",\"@id\":\"https:\/\/www.omrserrature.it\/es\/producto\/cerradura-cremona-de-2-puntos-con-carcasa-de-plastico-negro\/#primaryimage\",\"url\":\"https:\/\/www.omrserrature.it\/wp-content\/uploads\/2017\/10\/serratura-cremonese-2-punti-lamelle-plastica-nera.jpg\",\"contentUrl\":\"https:\/\/www.omrserrature.it\/wp-content\/uploads\/2017\/10\/serratura-cremonese-2-punti-lamelle-plastica-nera.jpg\",\"width\":942,\"height\":538,\"caption\":\"Cerradura de falleba de 2 puntos con L\u00e1minas de pl\u00e1stico negro - Cerradura de expansi\u00f3n\"},{\"@type\":\"BreadcrumbList\",\"@id\":\"https:\/\/www.omrserrature.it\/es\/producto\/cerradura-cremona-de-2-puntos-con-carcasa-de-plastico-negro\/#breadcrumb\",\"itemListElement\":[{\"@type\":\"ListItem\",\"position\":1,\"name\":\"Home\",\"item\":\"https:\/\/www.omrserrature.it\/es\/omr-cerradiras-y-sistemas-de-cierre\/\"},{\"@type\":\"ListItem\",\"position\":2,\"name\":\"Cat\u00e1logo\",\"item\":\"https:\/\/www.omrserrature.it\/catalogo\/?lang=es\"},{\"@type\":\"ListItem\",\"position\":3,\"name\":\"Aplicaciones\",\"item\":\"https:\/\/www.omrserrature.it\/es\/inventario\/aplicaciones\/\"},{\"@type\":\"ListItem\",\"position\":4,\"name\":\"Cerradura de armario conforme a GDPR\",\"item\":\"https:\/\/www.omrserrature.it\/es\/inventario\/aplicaciones\/cerradura-de-armario-conforme-a-gdpr\/\"},{\"@type\":\"ListItem\",\"position\":5,\"name\":\"Cerradura cremona de 2 puntos con carcasa de pl\u00e1stico negro\"}]},{\"@type\":\"WebSite\",\"@id\":\"https:\/\/www.omrserrature.it\/es\/#website\",\"url\":\"https:\/\/www.omrserrature.it\/es\/\",\"name\":\"OMR Serrature | Produzione sistemi di chiusura\",\"description\":\"Produzione serrature di sicurezza e sistemi di chiusura\",\"publisher\":{\"@id\":\"https:\/\/www.omrserrature.it\/es\/#organization\"},\"potentialAction\":[{\"@type\":\"SearchAction\",\"target\":{\"@type\":\"EntryPoint\",\"urlTemplate\":\"https:\/\/www.omrserrature.it\/es\/?s={search_term_string}\"},\"query-input\":{\"@type\":\"PropertyValueSpecification\",\"valueRequired\":true,\"valueName\":\"search_term_string\"}}],\"inLanguage\":\"es\"},{\"@type\":\"Organization\",\"@id\":\"https:\/\/www.omrserrature.it\/es\/#organization\",\"name\":\"OMR Serrature | Produzione sistemi di chiusura\",\"url\":\"https:\/\/www.omrserrature.it\/es\/\",\"logo\":{\"@type\":\"ImageObject\",\"inLanguage\":\"es\",\"@id\":\"https:\/\/www.omrserrature.it\/es\/#\/schema\/logo\/image\/\",\"url\":\"https:\/\/www.omrserrature.it\/wp-content\/uploads\/2017\/09\/favicon-omr-114.png\",\"contentUrl\":\"https:\/\/www.omrserrature.it\/wp-content\/uploads\/2017\/09\/favicon-omr-114.png\",\"width\":114,\"height\":114,\"caption\":\"OMR Serrature | Produzione sistemi di chiusura\"},\"image\":{\"@id\":\"https:\/\/www.omrserrature.it\/es\/#\/schema\/logo\/image\/\"},\"sameAs\":[\"https:\/\/www.facebook.com\/OMRserrature\",\"https:\/\/www.linkedin.com\/company\/omrserrature\/\",\"https:\/\/www.youtube.com\/channel\/UCxmA85z2R0EpG_6IRokiAkg\"]}]}<\/script>\n<!-- \/ Yoast SEO plugin. -->","yoast_head_json":{"title":"Cerradura cremona de 2 puntos con carcasa de pl\u00e1stico negro - OMR Serrature","robots":{"index":"index","follow":"follow","max-snippet":"max-snippet:-1","max-image-preview":"max-image-preview:large","max-video-preview":"max-video-preview:-1"},"canonical":"https:\/\/www.omrserrature.it\/es\/producto\/cerradura-cremona-de-2-puntos-con-carcasa-de-plastico-negro\/","og_locale":"es_ES","og_type":"article","og_title":"Cerradura cremona de 2 puntos con carcasa de pl\u00e1stico negro - OMR Serrature","og_description":"La cerradura cremona de dos puntos ofrece una instalaci\u00f3n perfecta en puertas de madera y puertas de balcones, as\u00ed como en armarios el\u00e9ctricos y de control, puertas, muebles de oficina y puertas de armarios altos de madera y metal. El mecanismo interno se acciona mediante un bombin de l\u00e1minas de aleaci\u00f3n. Esta cerradura de varillas verticales ofrece dos puntos de expansi\u00f3n.","og_url":"https:\/\/www.omrserrature.it\/es\/producto\/cerradura-cremona-de-2-puntos-con-carcasa-de-plastico-negro\/","og_site_name":"OMR Serrature | Produzione sistemi di chiusura","article_publisher":"https:\/\/www.facebook.com\/OMRserrature","article_modified_time":"2026-04-08T10:49:00+00:00","og_image":[{"width":942,"height":538,"url":"https:\/\/www.omrserrature.it\/wp-content\/uploads\/2017\/10\/serratura-cremonese-2-punti-lamelle-plastica-nera.jpg","type":"image\/jpeg"}],"twitter_card":"summary_large_image","twitter_misc":{"Tiempo de lectura":"1 minuto"},"schema":{"@context":"https:\/\/schema.org","@graph":[{"@type":"WebPage","@id":"https:\/\/www.omrserrature.it\/es\/producto\/cerradura-cremona-de-2-puntos-con-carcasa-de-plastico-negro\/","url":"https:\/\/www.omrserrature.it\/es\/producto\/cerradura-cremona-de-2-puntos-con-carcasa-de-plastico-negro\/","name":"Cerradura cremona de 2 puntos con carcasa de pl\u00e1stico negro - OMR Serrature","isPartOf":{"@id":"https:\/\/www.omrserrature.it\/es\/#website"},"primaryImageOfPage":{"@id":"https:\/\/www.omrserrature.it\/es\/producto\/cerradura-cremona-de-2-puntos-con-carcasa-de-plastico-negro\/#primaryimage"},"image":{"@id":"https:\/\/www.omrserrature.it\/es\/producto\/cerradura-cremona-de-2-puntos-con-carcasa-de-plastico-negro\/#primaryimage"},"thumbnailUrl":"https:\/\/www.omrserrature.it\/wp-content\/uploads\/2017\/10\/serratura-cremonese-2-punti-lamelle-plastica-nera.jpg","datePublished":"2013-10-17T15:05:00+00:00","dateModified":"2026-04-08T10:49:00+00:00","breadcrumb":{"@id":"https:\/\/www.omrserrature.it\/es\/producto\/cerradura-cremona-de-2-puntos-con-carcasa-de-plastico-negro\/#breadcrumb"},"inLanguage":"es","potentialAction":[{"@type":"ReadAction","target":["https:\/\/www.omrserrature.it\/es\/producto\/cerradura-cremona-de-2-puntos-con-carcasa-de-plastico-negro\/"]}]},{"@type":"ImageObject","inLanguage":"es","@id":"https:\/\/www.omrserrature.it\/es\/producto\/cerradura-cremona-de-2-puntos-con-carcasa-de-plastico-negro\/#primaryimage","url":"https:\/\/www.omrserrature.it\/wp-content\/uploads\/2017\/10\/serratura-cremonese-2-punti-lamelle-plastica-nera.jpg","contentUrl":"https:\/\/www.omrserrature.it\/wp-content\/uploads\/2017\/10\/serratura-cremonese-2-punti-lamelle-plastica-nera.jpg","width":942,"height":538,"caption":"Cerradura de falleba de 2 puntos con L\u00e1minas de pl\u00e1stico negro - Cerradura de expansi\u00f3n"},{"@type":"BreadcrumbList","@id":"https:\/\/www.omrserrature.it\/es\/producto\/cerradura-cremona-de-2-puntos-con-carcasa-de-plastico-negro\/#breadcrumb","itemListElement":[{"@type":"ListItem","position":1,"name":"Home","item":"https:\/\/www.omrserrature.it\/es\/omr-cerradiras-y-sistemas-de-cierre\/"},{"@type":"ListItem","position":2,"name":"Cat\u00e1logo","item":"https:\/\/www.omrserrature.it\/catalogo\/?lang=es"},{"@type":"ListItem","position":3,"name":"Aplicaciones","item":"https:\/\/www.omrserrature.it\/es\/inventario\/aplicaciones\/"},{"@type":"ListItem","position":4,"name":"Cerradura de armario conforme a GDPR","item":"https:\/\/www.omrserrature.it\/es\/inventario\/aplicaciones\/cerradura-de-armario-conforme-a-gdpr\/"},{"@type":"ListItem","position":5,"name":"Cerradura cremona de 2 puntos con carcasa de pl\u00e1stico negro"}]},{"@type":"WebSite","@id":"https:\/\/www.omrserrature.it\/es\/#website","url":"https:\/\/www.omrserrature.it\/es\/","name":"OMR Serrature | Produzione sistemi di chiusura","description":"Produzione serrature di sicurezza e sistemi di chiusura","publisher":{"@id":"https:\/\/www.omrserrature.it\/es\/#organization"},"potentialAction":[{"@type":"SearchAction","target":{"@type":"EntryPoint","urlTemplate":"https:\/\/www.omrserrature.it\/es\/?s={search_term_string}"},"query-input":{"@type":"PropertyValueSpecification","valueRequired":true,"valueName":"search_term_string"}}],"inLanguage":"es"},{"@type":"Organization","@id":"https:\/\/www.omrserrature.it\/es\/#organization","name":"OMR Serrature | Produzione sistemi di chiusura","url":"https:\/\/www.omrserrature.it\/es\/","logo":{"@type":"ImageObject","inLanguage":"es","@id":"https:\/\/www.omrserrature.it\/es\/#\/schema\/logo\/image\/","url":"https:\/\/www.omrserrature.it\/wp-content\/uploads\/2017\/09\/favicon-omr-114.png","contentUrl":"https:\/\/www.omrserrature.it\/wp-content\/uploads\/2017\/09\/favicon-omr-114.png","width":114,"height":114,"caption":"OMR Serrature | Produzione sistemi di chiusura"},"image":{"@id":"https:\/\/www.omrserrature.it\/es\/#\/schema\/logo\/image\/"},"sameAs":["https:\/\/www.facebook.com\/OMRserrature","https:\/\/www.linkedin.com\/company\/omrserrature\/","https:\/\/www.youtube.com\/channel\/UCxmA85z2R0EpG_6IRokiAkg"]}]}},"_links":{"self":[{"href":"https:\/\/www.omrserrature.it\/es\/wp-json\/wp\/v2\/product\/243590","targetHints":{"allow":["GET"]}}],"collection":[{"href":"https:\/\/www.omrserrature.it\/es\/wp-json\/wp\/v2\/product"}],"about":[{"href":"https:\/\/www.omrserrature.it\/es\/wp-json\/wp\/v2\/types\/product"}],"replies":[{"embeddable":true,"href":"https:\/\/www.omrserrature.it\/es\/wp-json\/wp\/v2\/comments?post=243590"}],"wp:featuredmedia":[{"embeddable":true,"href":"https:\/\/www.omrserrature.it\/es\/wp-json\/wp\/v2\/media\/3765"}],"wp:attachment":[{"href":"https:\/\/www.omrserrature.it\/es\/wp-json\/wp\/v2\/media?parent=243590"}],"wp:term":[{"taxonomy":"product_brand","embeddable":true,"href":"https:\/\/www.omrserrature.it\/es\/wp-json\/wp\/v2\/product_brand?post=243590"},{"taxonomy":"product_cat","embeddable":true,"href":"https:\/\/www.omrserrature.it\/es\/wp-json\/wp\/v2\/product_cat?post=243590"},{"taxonomy":"product_tag","embeddable":true,"href":"https:\/\/www.omrserrature.it\/es\/wp-json\/wp\/v2\/product_tag?post=243590"}],"curies":[{"name":"wp","href":"https:\/\/api.w.org\/{rel}","templated":true}]}}