{"id":243584,"date":"2021-03-11T14:01:44","date_gmt":"2011-03-21T13:01:00","guid":{"rendered":"https:\/\/www.staging6.omrserrature.it\/prodotto\/cuerpo-inferior-para-cerradura-gravitacional\/"},"modified":"2026-04-08T11:32:58","modified_gmt":"2026-04-08T09:32:58","slug":"cuerpo-inferior-para-cerradura-gravitacional","status":"publish","type":"product","link":"https:\/\/www.omrserrature.it\/es\/producto\/cuerpo-inferior-para-cerradura-gravitacional\/","title":{"rendered":"Cuerpo inferior para cerradura gravitacional"},"content":{"rendered":"<p>El <strong>cuerpo inferior<\/strong> de la cerradura ecol\u00f3gica gravitacional es un elemento instalado en el interior del cubo de basura que hace posible el movimiento del mecanismo de gravedad, que permite abrir el <strong>cubo de basura<\/strong> al vaciarlo del veh\u00edculo cuando se alcanza una determinada inclinaci\u00f3n. Se combina con otros dos elementos: un capuch\u00f3n grande o peque\u00f1o de pl\u00e1stico rojo con una cerradura de llave de z\u00f3calo o un cierre triangular, instalado encima de la tapa del cubo de basura, y un cuerpo negro con un gancho debajo de la tapa.<\/p>\n<p>El innovador sistema gravitacional permite <strong>proteger del acceso no autorizado<\/strong> y abrir f\u00e1cilmente los distintos contenedores, en particular los dedicados a la recogida de residuos puerta a puerta, garantizando con esta eficaz soluci\u00f3n la mejor gesti\u00f3n de la recogida selectiva de residuos en los distintos municipios y distritos de la ciudad.<\/p>\n<p>El producto se caracteriza por:<br \/>\n&#8211; <strong>Apertura autom\u00e1tica<\/strong> durante las operaciones de vaciado por parte de la empresa encargada de la recogida.<br \/>\n&#8211; Al final de esta operaci\u00f3n, <strong>el mecanismo se cerrar\u00e1 autom\u00e1ticamente<\/strong>, impidiendo que personas no autorizadas puedan acceder de nuevo.<br \/>\n&#8211; <strong>Apertura<\/strong> del mecanismo <strong>mediante llave de<\/strong> z\u00f3calo (triangular con o sin muelle de retorno) o llave dentada (con llave numerada reversible de 2001 a 2200 o llave est\u00e1ndar de 201 a 436); esta caracter\u00edstica impide que se introduzcan residuos no autorizados en el interior del cubo. Las cerraduras pueden suministrarse en \u00abKIT CONDOMINIAL\u00bb con una llave iguales, lo que permite el acceso a grupos de basureros con una sola llave.<br \/>\n&#8211; <strong>Apertura antip\u00e1nico facilitada desde el interior<\/strong> sin llave en caso de emergencia (por ejemplo, si un ni\u00f1o se queda atascado).<br \/>\n&#8211; <strong>Sistema de apertura antiaccidental<\/strong> si el cubo de basura vuelca por el viento, golpes o vandalismo. <\/p>\n<p>La cerradura gravitacional es compatible y<strong> puede instalarse f\u00e1cilmente en todas las marcas de<\/strong> contenedores de basura y<strong> basureros<\/strong> con ruedas de dos y cuatro ruedas. <strong>Incluye<\/strong> <strong>instrucciones para instalar<\/strong> la cerradura con la plantilla universal OMR.<\/p>\n","protected":false},"excerpt":{"rendered":"<p>El <strong>cuerpo inferior<\/strong> de la cerradura ecol\u00f3gica gravitacional es un elemento instalado en el interior del cubo de basura que hace posible el movimiento del mecanismo de gravedad, que permite abrir el <strong>cubo de basura<\/strong> al vaciarlo del veh\u00edculo cuando se alcanza una determinada inclinaci\u00f3n.<\/p>\n","protected":false},"featured_media":16916,"comment_status":"open","ping_status":"closed","template":"","meta":{"_acf_changed":false,"_et_pb_use_builder":"","_et_pb_old_content":"","_et_gb_content_width":""},"product_brand":[],"product_cat":[3973],"product_tag":[],"class_list":{"0":"post-243584","1":"product","2":"type-product","3":"status-publish","4":"has-post-thumbnail","6":"product_cat-accesorios-y-recambios-para-cerraduras-gravitacionales","8":"first","9":"instock","10":"shipping-taxable","11":"product-type-simple"},"acf":{"pdf1":"https:\/\/www.omrserrature.it\/wp-content\/uploads\/2021\/03\/Gravitazionale-piccola.pdf"},"yoast_head":"<!-- This site is optimized with the Yoast SEO plugin v27.2 - https:\/\/yoast.com\/product\/yoast-seo-wordpress\/ -->\n<title>Cuerpo inferior para cerradura gravitacional - OMR Serrature<\/title>\n<meta name=\"robots\" content=\"index, follow, max-snippet:-1, max-image-preview:large, max-video-preview:-1\" \/>\n<link rel=\"canonical\" href=\"https:\/\/www.omrserrature.it\/es\/producto\/cuerpo-inferior-para-cerradura-gravitacional\/\" \/>\n<meta property=\"og:locale\" content=\"es_ES\" \/>\n<meta property=\"og:type\" content=\"article\" \/>\n<meta property=\"og:title\" content=\"Cuerpo inferior para cerradura gravitacional - OMR Serrature\" \/>\n<meta property=\"og:description\" content=\"El cuerpo inferior de la cerradura ecol\u00f3gica gravitacional es un elemento instalado en el interior del cubo de basura que hace posible el movimiento del mecanismo de gravedad, que permite abrir el cubo de basura al vaciarlo del veh\u00edculo cuando se alcanza una determinada inclinaci\u00f3n.\" \/>\n<meta property=\"og:url\" content=\"https:\/\/www.omrserrature.it\/es\/producto\/cuerpo-inferior-para-cerradura-gravitacional\/\" \/>\n<meta property=\"og:site_name\" content=\"OMR Serrature | Produzione sistemi di chiusura\" \/>\n<meta property=\"article:publisher\" content=\"https:\/\/www.facebook.com\/OMRserrature\" \/>\n<meta property=\"article:modified_time\" content=\"2026-04-08T09:32:58+00:00\" \/>\n<meta property=\"og:image\" content=\"https:\/\/www.omrserrature.it\/wp-content\/uploads\/2021\/03\/GKIT-INF.jpg\" \/>\n\t<meta property=\"og:image:width\" content=\"4928\" \/>\n\t<meta property=\"og:image:height\" content=\"3264\" \/>\n\t<meta property=\"og:image:type\" content=\"image\/jpeg\" \/>\n<meta name=\"twitter:card\" content=\"summary_large_image\" \/>\n<meta name=\"twitter:label1\" content=\"Tiempo de lectura\" \/>\n\t<meta name=\"twitter:data1\" content=\"2 minutos\" \/>\n<script type=\"application\/ld+json\" class=\"yoast-schema-graph\">{\"@context\":\"https:\/\/schema.org\",\"@graph\":[{\"@type\":\"WebPage\",\"@id\":\"https:\/\/www.omrserrature.it\/es\/producto\/cuerpo-inferior-para-cerradura-gravitacional\/\",\"url\":\"https:\/\/www.omrserrature.it\/es\/producto\/cuerpo-inferior-para-cerradura-gravitacional\/\",\"name\":\"Cuerpo inferior para cerradura gravitacional - OMR Serrature\",\"isPartOf\":{\"@id\":\"https:\/\/www.omrserrature.it\/es\/#website\"},\"primaryImageOfPage\":{\"@id\":\"https:\/\/www.omrserrature.it\/es\/producto\/cuerpo-inferior-para-cerradura-gravitacional\/#primaryimage\"},\"image\":{\"@id\":\"https:\/\/www.omrserrature.it\/es\/producto\/cuerpo-inferior-para-cerradura-gravitacional\/#primaryimage\"},\"thumbnailUrl\":\"https:\/\/www.omrserrature.it\/wp-content\/uploads\/2021\/03\/GKIT-INF.jpg\",\"datePublished\":\"2011-03-21T13:01:00+00:00\",\"dateModified\":\"2026-04-08T09:32:58+00:00\",\"breadcrumb\":{\"@id\":\"https:\/\/www.omrserrature.it\/es\/producto\/cuerpo-inferior-para-cerradura-gravitacional\/#breadcrumb\"},\"inLanguage\":\"es\",\"potentialAction\":[{\"@type\":\"ReadAction\",\"target\":[\"https:\/\/www.omrserrature.it\/es\/producto\/cuerpo-inferior-para-cerradura-gravitacional\/\"]}]},{\"@type\":\"ImageObject\",\"inLanguage\":\"es\",\"@id\":\"https:\/\/www.omrserrature.it\/es\/producto\/cuerpo-inferior-para-cerradura-gravitacional\/#primaryimage\",\"url\":\"https:\/\/www.omrserrature.it\/wp-content\/uploads\/2021\/03\/GKIT-INF.jpg\",\"contentUrl\":\"https:\/\/www.omrserrature.it\/wp-content\/uploads\/2021\/03\/GKIT-INF.jpg\",\"width\":4928,\"height\":3264,\"caption\":\"Kit de cierre gravitacional - GKIT-INF\"},{\"@type\":\"BreadcrumbList\",\"@id\":\"https:\/\/www.omrserrature.it\/es\/producto\/cuerpo-inferior-para-cerradura-gravitacional\/#breadcrumb\",\"itemListElement\":[{\"@type\":\"ListItem\",\"position\":1,\"name\":\"Home\",\"item\":\"https:\/\/www.omrserrature.it\/es\/omr-cerradiras-y-sistemas-de-cierre\/\"},{\"@type\":\"ListItem\",\"position\":2,\"name\":\"Cat\u00e1logo\",\"item\":\"https:\/\/www.omrserrature.it\/catalogo\/?lang=es\"},{\"@type\":\"ListItem\",\"position\":3,\"name\":\"Productos\",\"item\":\"https:\/\/www.omrserrature.it\/es\/inventario\/productos\/\"},{\"@type\":\"ListItem\",\"position\":4,\"name\":\"Accesorios y recambios\",\"item\":\"https:\/\/www.omrserrature.it\/es\/inventario\/productos\/accesorios-y-recambios\/\"},{\"@type\":\"ListItem\",\"position\":5,\"name\":\"Accesorios y recambios para cerraduras gravitacionales\",\"item\":\"https:\/\/www.omrserrature.it\/es\/inventario\/productos\/accesorios-y-recambios\/accesorios-y-recambios-para-cerraduras-gravitacionales\/\"},{\"@type\":\"ListItem\",\"position\":6,\"name\":\"Cuerpo inferior para cerradura gravitacional\"}]},{\"@type\":\"WebSite\",\"@id\":\"https:\/\/www.omrserrature.it\/es\/#website\",\"url\":\"https:\/\/www.omrserrature.it\/es\/\",\"name\":\"OMR Serrature | Produzione sistemi di chiusura\",\"description\":\"Produzione serrature di sicurezza e sistemi di chiusura\",\"publisher\":{\"@id\":\"https:\/\/www.omrserrature.it\/es\/#organization\"},\"potentialAction\":[{\"@type\":\"SearchAction\",\"target\":{\"@type\":\"EntryPoint\",\"urlTemplate\":\"https:\/\/www.omrserrature.it\/es\/?s={search_term_string}\"},\"query-input\":{\"@type\":\"PropertyValueSpecification\",\"valueRequired\":true,\"valueName\":\"search_term_string\"}}],\"inLanguage\":\"es\"},{\"@type\":\"Organization\",\"@id\":\"https:\/\/www.omrserrature.it\/es\/#organization\",\"name\":\"OMR Serrature | Produzione sistemi di chiusura\",\"url\":\"https:\/\/www.omrserrature.it\/es\/\",\"logo\":{\"@type\":\"ImageObject\",\"inLanguage\":\"es\",\"@id\":\"https:\/\/www.omrserrature.it\/es\/#\/schema\/logo\/image\/\",\"url\":\"https:\/\/www.omrserrature.it\/wp-content\/uploads\/2017\/09\/favicon-omr-114.png\",\"contentUrl\":\"https:\/\/www.omrserrature.it\/wp-content\/uploads\/2017\/09\/favicon-omr-114.png\",\"width\":114,\"height\":114,\"caption\":\"OMR Serrature | Produzione sistemi di chiusura\"},\"image\":{\"@id\":\"https:\/\/www.omrserrature.it\/es\/#\/schema\/logo\/image\/\"},\"sameAs\":[\"https:\/\/www.facebook.com\/OMRserrature\",\"https:\/\/www.linkedin.com\/company\/omrserrature\/\",\"https:\/\/www.youtube.com\/channel\/UCxmA85z2R0EpG_6IRokiAkg\"]}]}<\/script>\n<!-- \/ Yoast SEO plugin. -->","yoast_head_json":{"title":"Cuerpo inferior para cerradura gravitacional - OMR Serrature","robots":{"index":"index","follow":"follow","max-snippet":"max-snippet:-1","max-image-preview":"max-image-preview:large","max-video-preview":"max-video-preview:-1"},"canonical":"https:\/\/www.omrserrature.it\/es\/producto\/cuerpo-inferior-para-cerradura-gravitacional\/","og_locale":"es_ES","og_type":"article","og_title":"Cuerpo inferior para cerradura gravitacional - OMR Serrature","og_description":"El cuerpo inferior de la cerradura ecol\u00f3gica gravitacional es un elemento instalado en el interior del cubo de basura que hace posible el movimiento del mecanismo de gravedad, que permite abrir el cubo de basura al vaciarlo del veh\u00edculo cuando se alcanza una determinada inclinaci\u00f3n.","og_url":"https:\/\/www.omrserrature.it\/es\/producto\/cuerpo-inferior-para-cerradura-gravitacional\/","og_site_name":"OMR Serrature | Produzione sistemi di chiusura","article_publisher":"https:\/\/www.facebook.com\/OMRserrature","article_modified_time":"2026-04-08T09:32:58+00:00","og_image":[{"width":4928,"height":3264,"url":"https:\/\/www.omrserrature.it\/wp-content\/uploads\/2021\/03\/GKIT-INF.jpg","type":"image\/jpeg"}],"twitter_card":"summary_large_image","twitter_misc":{"Tiempo de lectura":"2 minutos"},"schema":{"@context":"https:\/\/schema.org","@graph":[{"@type":"WebPage","@id":"https:\/\/www.omrserrature.it\/es\/producto\/cuerpo-inferior-para-cerradura-gravitacional\/","url":"https:\/\/www.omrserrature.it\/es\/producto\/cuerpo-inferior-para-cerradura-gravitacional\/","name":"Cuerpo inferior para cerradura gravitacional - OMR Serrature","isPartOf":{"@id":"https:\/\/www.omrserrature.it\/es\/#website"},"primaryImageOfPage":{"@id":"https:\/\/www.omrserrature.it\/es\/producto\/cuerpo-inferior-para-cerradura-gravitacional\/#primaryimage"},"image":{"@id":"https:\/\/www.omrserrature.it\/es\/producto\/cuerpo-inferior-para-cerradura-gravitacional\/#primaryimage"},"thumbnailUrl":"https:\/\/www.omrserrature.it\/wp-content\/uploads\/2021\/03\/GKIT-INF.jpg","datePublished":"2011-03-21T13:01:00+00:00","dateModified":"2026-04-08T09:32:58+00:00","breadcrumb":{"@id":"https:\/\/www.omrserrature.it\/es\/producto\/cuerpo-inferior-para-cerradura-gravitacional\/#breadcrumb"},"inLanguage":"es","potentialAction":[{"@type":"ReadAction","target":["https:\/\/www.omrserrature.it\/es\/producto\/cuerpo-inferior-para-cerradura-gravitacional\/"]}]},{"@type":"ImageObject","inLanguage":"es","@id":"https:\/\/www.omrserrature.it\/es\/producto\/cuerpo-inferior-para-cerradura-gravitacional\/#primaryimage","url":"https:\/\/www.omrserrature.it\/wp-content\/uploads\/2021\/03\/GKIT-INF.jpg","contentUrl":"https:\/\/www.omrserrature.it\/wp-content\/uploads\/2021\/03\/GKIT-INF.jpg","width":4928,"height":3264,"caption":"Kit de cierre gravitacional - GKIT-INF"},{"@type":"BreadcrumbList","@id":"https:\/\/www.omrserrature.it\/es\/producto\/cuerpo-inferior-para-cerradura-gravitacional\/#breadcrumb","itemListElement":[{"@type":"ListItem","position":1,"name":"Home","item":"https:\/\/www.omrserrature.it\/es\/omr-cerradiras-y-sistemas-de-cierre\/"},{"@type":"ListItem","position":2,"name":"Cat\u00e1logo","item":"https:\/\/www.omrserrature.it\/catalogo\/?lang=es"},{"@type":"ListItem","position":3,"name":"Productos","item":"https:\/\/www.omrserrature.it\/es\/inventario\/productos\/"},{"@type":"ListItem","position":4,"name":"Accesorios y recambios","item":"https:\/\/www.omrserrature.it\/es\/inventario\/productos\/accesorios-y-recambios\/"},{"@type":"ListItem","position":5,"name":"Accesorios y recambios para cerraduras gravitacionales","item":"https:\/\/www.omrserrature.it\/es\/inventario\/productos\/accesorios-y-recambios\/accesorios-y-recambios-para-cerraduras-gravitacionales\/"},{"@type":"ListItem","position":6,"name":"Cuerpo inferior para cerradura gravitacional"}]},{"@type":"WebSite","@id":"https:\/\/www.omrserrature.it\/es\/#website","url":"https:\/\/www.omrserrature.it\/es\/","name":"OMR Serrature | Produzione sistemi di chiusura","description":"Produzione serrature di sicurezza e sistemi di chiusura","publisher":{"@id":"https:\/\/www.omrserrature.it\/es\/#organization"},"potentialAction":[{"@type":"SearchAction","target":{"@type":"EntryPoint","urlTemplate":"https:\/\/www.omrserrature.it\/es\/?s={search_term_string}"},"query-input":{"@type":"PropertyValueSpecification","valueRequired":true,"valueName":"search_term_string"}}],"inLanguage":"es"},{"@type":"Organization","@id":"https:\/\/www.omrserrature.it\/es\/#organization","name":"OMR Serrature | Produzione sistemi di chiusura","url":"https:\/\/www.omrserrature.it\/es\/","logo":{"@type":"ImageObject","inLanguage":"es","@id":"https:\/\/www.omrserrature.it\/es\/#\/schema\/logo\/image\/","url":"https:\/\/www.omrserrature.it\/wp-content\/uploads\/2017\/09\/favicon-omr-114.png","contentUrl":"https:\/\/www.omrserrature.it\/wp-content\/uploads\/2017\/09\/favicon-omr-114.png","width":114,"height":114,"caption":"OMR Serrature | Produzione sistemi di chiusura"},"image":{"@id":"https:\/\/www.omrserrature.it\/es\/#\/schema\/logo\/image\/"},"sameAs":["https:\/\/www.facebook.com\/OMRserrature","https:\/\/www.linkedin.com\/company\/omrserrature\/","https:\/\/www.youtube.com\/channel\/UCxmA85z2R0EpG_6IRokiAkg"]}]}},"_links":{"self":[{"href":"https:\/\/www.omrserrature.it\/es\/wp-json\/wp\/v2\/product\/243584","targetHints":{"allow":["GET"]}}],"collection":[{"href":"https:\/\/www.omrserrature.it\/es\/wp-json\/wp\/v2\/product"}],"about":[{"href":"https:\/\/www.omrserrature.it\/es\/wp-json\/wp\/v2\/types\/product"}],"replies":[{"embeddable":true,"href":"https:\/\/www.omrserrature.it\/es\/wp-json\/wp\/v2\/comments?post=243584"}],"wp:featuredmedia":[{"embeddable":true,"href":"https:\/\/www.omrserrature.it\/es\/wp-json\/wp\/v2\/media\/16916"}],"wp:attachment":[{"href":"https:\/\/www.omrserrature.it\/es\/wp-json\/wp\/v2\/media?parent=243584"}],"wp:term":[{"taxonomy":"product_brand","embeddable":true,"href":"https:\/\/www.omrserrature.it\/es\/wp-json\/wp\/v2\/product_brand?post=243584"},{"taxonomy":"product_cat","embeddable":true,"href":"https:\/\/www.omrserrature.it\/es\/wp-json\/wp\/v2\/product_cat?post=243584"},{"taxonomy":"product_tag","embeddable":true,"href":"https:\/\/www.omrserrature.it\/es\/wp-json\/wp\/v2\/product_tag?post=243584"}],"curies":[{"name":"wp","href":"https:\/\/api.w.org\/{rel}","templated":true}]}}