{"id":243578,"date":"2021-05-18T15:22:45","date_gmt":"2021-05-18T13:22:45","guid":{"rendered":"https:\/\/www.staging6.omrserrature.it\/prodotto\/cilindros-de-perfil-europeo-condor-key-key-compartibles\/"},"modified":"2025-06-04T08:57:33","modified_gmt":"2025-06-04T06:57:33","slug":"cilindros-de-perfil-europeo-condor-key-key-compartibles","status":"publish","type":"product","link":"https:\/\/www.omrserrature.it\/es\/producto\/cilindros-de-perfil-europeo-condor-key-key-compartibles\/","title":{"rendered":"Cilindros de perfil europeo CONDOR Key-Key compartibles"},"content":{"rendered":"<p>El <strong>cilindro de afeitar con c\u00f3digo de llave CONDOR de perfil europeo<\/strong> est\u00e1 dise\u00f1ado para satisfacer las m\u00e1s altas exigencias en t\u00e9rminos de seguridad, flexibilidad y fiabilidad. Este producto combina una tecnolog\u00eda innovadora y una calidad de fabricaci\u00f3n impecable, ofreciendo una soluci\u00f3n ideal para viviendas, oficinas y entornos industriales. Gracias a su estructura modular y a las numerosas configuraciones disponibles, se adapta a cualquier necesidad, garantizando un rendimiento \u00f3ptimo y una instalaci\u00f3n vers\u00e1til.  <\/p>\n<h4>Mecanismo de \u00faltima generaci\u00f3n para una protecci\u00f3n total<\/h4>\n<p>El cilindro CONDOR incorpora un mecanismo complejo y sofisticado dise\u00f1ado para contrarrestar las t\u00e9cnicas de robo m\u00e1s avanzadas. Cada componente est\u00e1 optimizado para ofrecer una seguridad sin igual, gracias a soluciones de ingenier\u00eda de alto nivel. <\/p>\n<ul>\n<li><strong>5 pasadores principales activos<\/strong>, incluido el primero, de acero endurecido, garantizan la resistencia contra la manipulaci\u00f3n o los intentos de robo.<\/li>\n<li><strong>5 contrapulsadores antipicado moldeados<\/strong>, tambi\u00e9n con el primero de acero endurecido, ofrecen una protecci\u00f3n superior contra los intentos de apertura no autorizados.<\/li>\n<li><strong>Los pasadores activos en la v\u00eda (serpiente)<\/strong>, con falso acceso, dise\u00f1ados para contrarrestar el bumping y el picking, proporcionan un nivel avanzado de protecci\u00f3n.<\/li>\n<li><strong>2 clavijas pasivas con 5 posiciones<\/strong>, que aumentan la complejidad del sistema para evitar cualquier intento de puenteo.<\/li>\n<\/ul>\n<p>Estos elementos trabajan en sinergia para garantizar la m\u00e1xima fiabilidad en todas las condiciones de uso, lo que convierte al cilindro de perfil europeo CONDOR en una elecci\u00f3n excelente para quienes buscan la m\u00e1xima protecci\u00f3n.<\/p>\n<h4>Seguridad sin compromisos: materiales y tecnolog\u00eda patentados<\/h4>\n<p>Cada detalle del cilindro CONDOR est\u00e1 dise\u00f1ado para ofrecer la m\u00e1xima seguridad. La llave, fabricada con <strong>plata nueva patentada hasta 2040<\/strong>, no s\u00f3lo garantiza una larga vida \u00fatil, sino que tambi\u00e9n protege contra la duplicaci\u00f3n no autorizada. Gracias a sus caracter\u00edsticas t\u00e9cnicas, el cilindro resiste los intentos de extracci\u00f3n clave y perforaci\u00f3n m\u00e1s agresivos.  <\/p>\n<ul>\n<li><strong>M\u00e1s de 7,5 millones de combinaciones<\/strong>, para un nivel incomparable de unicidad y protecci\u00f3n.<\/li>\n<li><strong>Placa antiextracci\u00f3n de Acero Puma\u00ae<\/strong>, un acero al carbono especial que sigue el perfil de la llave para contrarrestar cualquier intento de extracci\u00f3n forzada.<\/li>\n<li><strong>Biela con pasadores antitaladro<\/strong> y palanca de acero inoxidable, dise\u00f1ada para resistir los ataques m\u00e1s extremos.<\/li>\n<li><strong>Precortes debilitadores de efracci\u00f3n temprana<\/strong>, que protegen la cerradura en caso de efracci\u00f3n.<\/li>\n<\/ul>\n<p>Estas caracter\u00edsticas, junto con los pasadores antitaladro delantero y trasero, hacen de este cilindro de perfil europeo un baluarte contra cualquier intento de pirateo.<\/p>\n<h4>Totalmente equipado para una instalaci\u00f3n vers\u00e1til<\/h4>\n<p>El cilindro CONDOR viene totalmente equipado para un uso f\u00e1cil y seguro. Cada elemento est\u00e1 dise\u00f1ado para ofrecer comodidad y control total sobre el sistema de cierre. <\/p>\n<ul>\n<li>Las <strong>3 llaves maestras<\/strong>, fabricadas con material resistente, ofrecen un agarre c\u00f3modo y seguro.<\/li>\n<li><strong>Tornillo de fijaci\u00f3n<\/strong>, para una compatibilidad perfecta con la puerta.<\/li>\n<li><strong>Tarjeta patentada<\/strong>, que garantiza la duplicaci\u00f3n segura de las llaves manteniendo el control total sobre la seguridad del sistema.<\/li>\n<\/ul>\n<p>Gracias a su dise\u00f1o <strong>modular extensible hasta 182 + 182 mm<\/strong>, este cilindro puede adaptarse a una amplia gama de puertas, proporcionando una flexibilidad inigualable tanto para uso residencial como profesional.<\/p>\n<h4>Personalizaci\u00f3n est\u00e9tica y configuraciones disponibles<\/h4>\n<p>El cilindro de perfil europeo CONDOR tambi\u00e9n destaca por su personalizaci\u00f3n, ya que ofrece una selecci\u00f3n de elegantes acabados y diferentes configuraciones t\u00e9cnicas para satisfacer todas las necesidades:<\/p>\n<ul>\n<li>Acabados disponibles: <strong>niquelado<\/strong>, <strong>dorado<\/strong> y <strong>negro<\/strong>, para combinar perfectamente con el estilo de la puerta.<\/li>\n<li>Configuraciones:\n<ul>\n<li><strong>KD<\/strong> (llaves diferentes)<\/li>\n<li><strong>KA<\/strong> (llaves iguales)<\/li>\n<li><strong>MK<\/strong> (sistema de llave maestra multinivel)<\/li>\n<\/ul>\n<\/li>\n<\/ul>\n<p>Adem\u00e1s, se pueden integrar levas alternativas como la <strong>corona de 10 dientes<\/strong>, la <strong>leva reducida<\/strong> y la <strong>DIN ajustable<\/strong>, lo que hace que este cilindro sea extremadamente vers\u00e1til.<\/p>\n<h4>Un producto garantizado y distribuido por OMR srl<\/h4>\n<p>Dise\u00f1ado por M&amp;C y distribuido en Italia por <strong>OMR Srl<\/strong>, el cilindro CONDOR es sin\u00f3nimo de calidad, innovaci\u00f3n y seguridad. Para optimizar la instalaci\u00f3n, recomendamos el uso de protectores de cilindro con almohadillas antitaladro de 4,5 mm. El <strong>cilindro de perfil europeo CONDOR con c\u00f3digo de llave<\/strong> es una soluci\u00f3n pensada para quienes no quieren renunciar a la seguridad, que combina prestaciones excepcionales, dise\u00f1o modular y personalizaci\u00f3n est\u00e9tica. El\u00edgelo para unas puertas siempre protegidas y a la altura de los m\u00e1s altos est\u00e1ndares de seguridad.  <\/p>\n","protected":false},"excerpt":{"rendered":"<p>El <strong>cilindro de afeitar con c\u00f3digo de llave CONDOR de perfil europeo<\/strong> est\u00e1 dise\u00f1ado para satisfacer las m\u00e1s altas exigencias en t\u00e9rminos de seguridad, flexibilidad y fiabilidad. Este producto combina una tecnolog\u00eda innovadora y una excelente calidad de fabricaci\u00f3n, ofreciendo una soluci\u00f3n ideal para viviendas, oficinas y entornos industriales. <strong>  Esta versi\u00f3n est\u00e1 dise\u00f1ada para instalar el pomo en el interior.<\/strong><\/p>\n","protected":false},"featured_media":19688,"comment_status":"open","ping_status":"closed","template":"","meta":{"_acf_changed":false,"_et_pb_use_builder":"","_et_pb_old_content":"","_et_gb_content_width":""},"product_brand":[],"product_cat":[3953],"product_tag":[],"class_list":{"0":"post-243578","1":"product","2":"type-product","3":"status-publish","4":"has-post-thumbnail","6":"product_cat-cilindros-de-perfil-europeo","8":"first","9":"instock","10":"shipping-taxable","11":"product-type-simple"},"acf":{"pdf1":false},"yoast_head":"<!-- This site is optimized with the Yoast SEO plugin v27.2 - https:\/\/yoast.com\/product\/yoast-seo-wordpress\/ -->\n<title>Cilindros de perfil europeo CONDOR Key-Key compartibles - OMR Serrature<\/title>\n<meta name=\"robots\" content=\"index, follow, max-snippet:-1, max-image-preview:large, max-video-preview:-1\" \/>\n<link rel=\"canonical\" href=\"https:\/\/www.omrserrature.it\/es\/producto\/cilindros-de-perfil-europeo-condor-key-key-compartibles\/\" \/>\n<meta property=\"og:locale\" content=\"es_ES\" \/>\n<meta property=\"og:type\" content=\"article\" \/>\n<meta property=\"og:title\" content=\"Cilindros de perfil europeo CONDOR Key-Key compartibles - OMR Serrature\" \/>\n<meta property=\"og:description\" content=\"El cilindro de afeitar con c\u00f3digo de llave CONDOR de perfil europeo est\u00e1 dise\u00f1ado para satisfacer las m\u00e1s altas exigencias en t\u00e9rminos de seguridad, flexibilidad y fiabilidad. Este producto combina una tecnolog\u00eda innovadora y una excelente calidad de fabricaci\u00f3n, ofreciendo una soluci\u00f3n ideal para viviendas, oficinas y entornos industriales.  Esta versi\u00f3n est\u00e1 dise\u00f1ada para instalar el pomo en el interior.\" \/>\n<meta property=\"og:url\" content=\"https:\/\/www.omrserrature.it\/es\/producto\/cilindros-de-perfil-europeo-condor-key-key-compartibles\/\" \/>\n<meta property=\"og:site_name\" content=\"OMR Serrature | Produzione sistemi di chiusura\" \/>\n<meta property=\"article:publisher\" content=\"https:\/\/www.facebook.com\/OMRserrature\" \/>\n<meta property=\"article:modified_time\" content=\"2025-06-04T06:57:33+00:00\" \/>\n<meta property=\"og:image\" content=\"https:\/\/www.omrserrature.it\/wp-content\/uploads\/2021\/05\/condor-codolo.jpg\" \/>\n\t<meta property=\"og:image:width\" content=\"1549\" \/>\n\t<meta property=\"og:image:height\" content=\"1839\" \/>\n\t<meta property=\"og:image:type\" content=\"image\/jpeg\" \/>\n<meta name=\"twitter:card\" content=\"summary_large_image\" \/>\n<meta name=\"twitter:label1\" content=\"Tiempo de lectura\" \/>\n\t<meta name=\"twitter:data1\" content=\"4 minutos\" \/>\n<script type=\"application\/ld+json\" class=\"yoast-schema-graph\">{\"@context\":\"https:\/\/schema.org\",\"@graph\":[{\"@type\":\"WebPage\",\"@id\":\"https:\/\/www.omrserrature.it\/es\/producto\/cilindros-de-perfil-europeo-condor-key-key-compartibles\/\",\"url\":\"https:\/\/www.omrserrature.it\/es\/producto\/cilindros-de-perfil-europeo-condor-key-key-compartibles\/\",\"name\":\"Cilindros de perfil europeo CONDOR Key-Key compartibles - OMR Serrature\",\"isPartOf\":{\"@id\":\"https:\/\/www.omrserrature.it\/es\/#website\"},\"primaryImageOfPage\":{\"@id\":\"https:\/\/www.omrserrature.it\/es\/producto\/cilindros-de-perfil-europeo-condor-key-key-compartibles\/#primaryimage\"},\"image\":{\"@id\":\"https:\/\/www.omrserrature.it\/es\/producto\/cilindros-de-perfil-europeo-condor-key-key-compartibles\/#primaryimage\"},\"thumbnailUrl\":\"https:\/\/www.omrserrature.it\/wp-content\/uploads\/2021\/05\/condor-codolo.jpg\",\"datePublished\":\"2021-05-18T13:22:45+00:00\",\"dateModified\":\"2025-06-04T06:57:33+00:00\",\"breadcrumb\":{\"@id\":\"https:\/\/www.omrserrature.it\/es\/producto\/cilindros-de-perfil-europeo-condor-key-key-compartibles\/#breadcrumb\"},\"inLanguage\":\"es\",\"potentialAction\":[{\"@type\":\"ReadAction\",\"target\":[\"https:\/\/www.omrserrature.it\/es\/producto\/cilindros-de-perfil-europeo-condor-key-key-compartibles\/\"]}]},{\"@type\":\"ImageObject\",\"inLanguage\":\"es\",\"@id\":\"https:\/\/www.omrserrature.it\/es\/producto\/cilindros-de-perfil-europeo-condor-key-key-compartibles\/#primaryimage\",\"url\":\"https:\/\/www.omrserrature.it\/wp-content\/uploads\/2021\/05\/condor-codolo.jpg\",\"contentUrl\":\"https:\/\/www.omrserrature.it\/wp-content\/uploads\/2021\/05\/condor-codolo.jpg\",\"width\":1549,\"height\":1839,\"caption\":\"Cilindro europeo ad alta sicurezza CONDOR con codolo\"},{\"@type\":\"BreadcrumbList\",\"@id\":\"https:\/\/www.omrserrature.it\/es\/producto\/cilindros-de-perfil-europeo-condor-key-key-compartibles\/#breadcrumb\",\"itemListElement\":[{\"@type\":\"ListItem\",\"position\":1,\"name\":\"Home\",\"item\":\"https:\/\/www.omrserrature.it\/es\/omr-cerradiras-y-sistemas-de-cierre\/\"},{\"@type\":\"ListItem\",\"position\":2,\"name\":\"Cat\u00e1logo\",\"item\":\"https:\/\/www.omrserrature.it\/catalogo\/?lang=es\"},{\"@type\":\"ListItem\",\"position\":3,\"name\":\"Productos\",\"item\":\"https:\/\/www.omrserrature.it\/es\/inventario\/productos\/\"},{\"@type\":\"ListItem\",\"position\":4,\"name\":\"Cerraduras\",\"item\":\"https:\/\/www.omrserrature.it\/es\/inventario\/productos\/cerraduras\/\"},{\"@type\":\"ListItem\",\"position\":5,\"name\":\"Cilindros de perfil europeo CONDOR Key-Key compartibles\"}]},{\"@type\":\"WebSite\",\"@id\":\"https:\/\/www.omrserrature.it\/es\/#website\",\"url\":\"https:\/\/www.omrserrature.it\/es\/\",\"name\":\"OMR Serrature | Produzione sistemi di chiusura\",\"description\":\"Produzione serrature di sicurezza e sistemi di chiusura\",\"publisher\":{\"@id\":\"https:\/\/www.omrserrature.it\/es\/#organization\"},\"potentialAction\":[{\"@type\":\"SearchAction\",\"target\":{\"@type\":\"EntryPoint\",\"urlTemplate\":\"https:\/\/www.omrserrature.it\/es\/?s={search_term_string}\"},\"query-input\":{\"@type\":\"PropertyValueSpecification\",\"valueRequired\":true,\"valueName\":\"search_term_string\"}}],\"inLanguage\":\"es\"},{\"@type\":\"Organization\",\"@id\":\"https:\/\/www.omrserrature.it\/es\/#organization\",\"name\":\"OMR Serrature | Produzione sistemi di chiusura\",\"url\":\"https:\/\/www.omrserrature.it\/es\/\",\"logo\":{\"@type\":\"ImageObject\",\"inLanguage\":\"es\",\"@id\":\"https:\/\/www.omrserrature.it\/es\/#\/schema\/logo\/image\/\",\"url\":\"https:\/\/www.omrserrature.it\/wp-content\/uploads\/2017\/09\/favicon-omr-114.png\",\"contentUrl\":\"https:\/\/www.omrserrature.it\/wp-content\/uploads\/2017\/09\/favicon-omr-114.png\",\"width\":114,\"height\":114,\"caption\":\"OMR Serrature | Produzione sistemi di chiusura\"},\"image\":{\"@id\":\"https:\/\/www.omrserrature.it\/es\/#\/schema\/logo\/image\/\"},\"sameAs\":[\"https:\/\/www.facebook.com\/OMRserrature\",\"https:\/\/www.linkedin.com\/company\/omrserrature\/\",\"https:\/\/www.youtube.com\/channel\/UCxmA85z2R0EpG_6IRokiAkg\"]}]}<\/script>\n<!-- \/ Yoast SEO plugin. -->","yoast_head_json":{"title":"Cilindros de perfil europeo CONDOR Key-Key compartibles - OMR Serrature","robots":{"index":"index","follow":"follow","max-snippet":"max-snippet:-1","max-image-preview":"max-image-preview:large","max-video-preview":"max-video-preview:-1"},"canonical":"https:\/\/www.omrserrature.it\/es\/producto\/cilindros-de-perfil-europeo-condor-key-key-compartibles\/","og_locale":"es_ES","og_type":"article","og_title":"Cilindros de perfil europeo CONDOR Key-Key compartibles - OMR Serrature","og_description":"El cilindro de afeitar con c\u00f3digo de llave CONDOR de perfil europeo est\u00e1 dise\u00f1ado para satisfacer las m\u00e1s altas exigencias en t\u00e9rminos de seguridad, flexibilidad y fiabilidad. Este producto combina una tecnolog\u00eda innovadora y una excelente calidad de fabricaci\u00f3n, ofreciendo una soluci\u00f3n ideal para viviendas, oficinas y entornos industriales.  Esta versi\u00f3n est\u00e1 dise\u00f1ada para instalar el pomo en el interior.","og_url":"https:\/\/www.omrserrature.it\/es\/producto\/cilindros-de-perfil-europeo-condor-key-key-compartibles\/","og_site_name":"OMR Serrature | Produzione sistemi di chiusura","article_publisher":"https:\/\/www.facebook.com\/OMRserrature","article_modified_time":"2025-06-04T06:57:33+00:00","og_image":[{"width":1549,"height":1839,"url":"https:\/\/www.omrserrature.it\/wp-content\/uploads\/2021\/05\/condor-codolo.jpg","type":"image\/jpeg"}],"twitter_card":"summary_large_image","twitter_misc":{"Tiempo de lectura":"4 minutos"},"schema":{"@context":"https:\/\/schema.org","@graph":[{"@type":"WebPage","@id":"https:\/\/www.omrserrature.it\/es\/producto\/cilindros-de-perfil-europeo-condor-key-key-compartibles\/","url":"https:\/\/www.omrserrature.it\/es\/producto\/cilindros-de-perfil-europeo-condor-key-key-compartibles\/","name":"Cilindros de perfil europeo CONDOR Key-Key compartibles - OMR Serrature","isPartOf":{"@id":"https:\/\/www.omrserrature.it\/es\/#website"},"primaryImageOfPage":{"@id":"https:\/\/www.omrserrature.it\/es\/producto\/cilindros-de-perfil-europeo-condor-key-key-compartibles\/#primaryimage"},"image":{"@id":"https:\/\/www.omrserrature.it\/es\/producto\/cilindros-de-perfil-europeo-condor-key-key-compartibles\/#primaryimage"},"thumbnailUrl":"https:\/\/www.omrserrature.it\/wp-content\/uploads\/2021\/05\/condor-codolo.jpg","datePublished":"2021-05-18T13:22:45+00:00","dateModified":"2025-06-04T06:57:33+00:00","breadcrumb":{"@id":"https:\/\/www.omrserrature.it\/es\/producto\/cilindros-de-perfil-europeo-condor-key-key-compartibles\/#breadcrumb"},"inLanguage":"es","potentialAction":[{"@type":"ReadAction","target":["https:\/\/www.omrserrature.it\/es\/producto\/cilindros-de-perfil-europeo-condor-key-key-compartibles\/"]}]},{"@type":"ImageObject","inLanguage":"es","@id":"https:\/\/www.omrserrature.it\/es\/producto\/cilindros-de-perfil-europeo-condor-key-key-compartibles\/#primaryimage","url":"https:\/\/www.omrserrature.it\/wp-content\/uploads\/2021\/05\/condor-codolo.jpg","contentUrl":"https:\/\/www.omrserrature.it\/wp-content\/uploads\/2021\/05\/condor-codolo.jpg","width":1549,"height":1839,"caption":"Cilindro europeo ad alta sicurezza CONDOR con codolo"},{"@type":"BreadcrumbList","@id":"https:\/\/www.omrserrature.it\/es\/producto\/cilindros-de-perfil-europeo-condor-key-key-compartibles\/#breadcrumb","itemListElement":[{"@type":"ListItem","position":1,"name":"Home","item":"https:\/\/www.omrserrature.it\/es\/omr-cerradiras-y-sistemas-de-cierre\/"},{"@type":"ListItem","position":2,"name":"Cat\u00e1logo","item":"https:\/\/www.omrserrature.it\/catalogo\/?lang=es"},{"@type":"ListItem","position":3,"name":"Productos","item":"https:\/\/www.omrserrature.it\/es\/inventario\/productos\/"},{"@type":"ListItem","position":4,"name":"Cerraduras","item":"https:\/\/www.omrserrature.it\/es\/inventario\/productos\/cerraduras\/"},{"@type":"ListItem","position":5,"name":"Cilindros de perfil europeo CONDOR Key-Key compartibles"}]},{"@type":"WebSite","@id":"https:\/\/www.omrserrature.it\/es\/#website","url":"https:\/\/www.omrserrature.it\/es\/","name":"OMR Serrature | Produzione sistemi di chiusura","description":"Produzione serrature di sicurezza e sistemi di chiusura","publisher":{"@id":"https:\/\/www.omrserrature.it\/es\/#organization"},"potentialAction":[{"@type":"SearchAction","target":{"@type":"EntryPoint","urlTemplate":"https:\/\/www.omrserrature.it\/es\/?s={search_term_string}"},"query-input":{"@type":"PropertyValueSpecification","valueRequired":true,"valueName":"search_term_string"}}],"inLanguage":"es"},{"@type":"Organization","@id":"https:\/\/www.omrserrature.it\/es\/#organization","name":"OMR Serrature | Produzione sistemi di chiusura","url":"https:\/\/www.omrserrature.it\/es\/","logo":{"@type":"ImageObject","inLanguage":"es","@id":"https:\/\/www.omrserrature.it\/es\/#\/schema\/logo\/image\/","url":"https:\/\/www.omrserrature.it\/wp-content\/uploads\/2017\/09\/favicon-omr-114.png","contentUrl":"https:\/\/www.omrserrature.it\/wp-content\/uploads\/2017\/09\/favicon-omr-114.png","width":114,"height":114,"caption":"OMR Serrature | Produzione sistemi di chiusura"},"image":{"@id":"https:\/\/www.omrserrature.it\/es\/#\/schema\/logo\/image\/"},"sameAs":["https:\/\/www.facebook.com\/OMRserrature","https:\/\/www.linkedin.com\/company\/omrserrature\/","https:\/\/www.youtube.com\/channel\/UCxmA85z2R0EpG_6IRokiAkg"]}]}},"_links":{"self":[{"href":"https:\/\/www.omrserrature.it\/es\/wp-json\/wp\/v2\/product\/243578","targetHints":{"allow":["GET"]}}],"collection":[{"href":"https:\/\/www.omrserrature.it\/es\/wp-json\/wp\/v2\/product"}],"about":[{"href":"https:\/\/www.omrserrature.it\/es\/wp-json\/wp\/v2\/types\/product"}],"replies":[{"embeddable":true,"href":"https:\/\/www.omrserrature.it\/es\/wp-json\/wp\/v2\/comments?post=243578"}],"wp:featuredmedia":[{"embeddable":true,"href":"https:\/\/www.omrserrature.it\/es\/wp-json\/wp\/v2\/media\/19688"}],"wp:attachment":[{"href":"https:\/\/www.omrserrature.it\/es\/wp-json\/wp\/v2\/media?parent=243578"}],"wp:term":[{"taxonomy":"product_brand","embeddable":true,"href":"https:\/\/www.omrserrature.it\/es\/wp-json\/wp\/v2\/product_brand?post=243578"},{"taxonomy":"product_cat","embeddable":true,"href":"https:\/\/www.omrserrature.it\/es\/wp-json\/wp\/v2\/product_cat?post=243578"},{"taxonomy":"product_tag","embeddable":true,"href":"https:\/\/www.omrserrature.it\/es\/wp-json\/wp\/v2\/product_tag?post=243578"}],"curies":[{"name":"wp","href":"https:\/\/api.w.org\/{rel}","templated":true}]}}