{"id":243575,"date":"2021-04-20T09:10:01","date_gmt":"2021-04-20T07:10:01","guid":{"rendered":"https:\/\/www.staging6.omrserrature.it\/prodotto\/cilindros-de-perfil-europeo-llave-pomo-cana-cortable\/"},"modified":"2025-06-04T08:57:38","modified_gmt":"2025-06-04T06:57:38","slug":"cilindros-de-perfil-europeo-llave-pomo-cana-cortable","status":"publish","type":"product","link":"https:\/\/www.omrserrature.it\/es\/producto\/cilindros-de-perfil-europeo-llave-pomo-cana-cortable\/","title":{"rendered":"Cilindros de perfil europeo llave-pomo (ca\u00f1a cortable)"},"content":{"rendered":"<p>Los <strong>cilindros de seguridad de perfil<\/strong> europeo, caracterizados por un perfil universal denominado \u00abeuropeo\u00bb, constan de un cuerpo de lat\u00f3n niquelado de una sola pieza en cuyo centro gira una palanca conforme a la norma DIN movida por un bombin con 14 pitones dispuestos en 3 filas (7 pitones activos bajo muelle + 7 pitones pasivos) que garantizan <strong>m\u00e1s de 2 millones de combinaciones<\/strong>. Para mayor seguridad, el cilindro no est\u00e1 bloqueado por fricci\u00f3n, es decir, si se introduce una llave en el trinquete desde el interior, no se puede abrir desde el otro lado. Est\u00e1 equipado con 5 llaves maestras (con cabeza naranja o azul) y 2 llaves maestras (con cabeza negra). La particularidad del cilindro es que las 7 llaves est\u00e1n activas y las dos llaves de obra s\u00f3lo se pueden desactivar con una llave especial de encendido\/apagado.  <\/p>\n<p>Gracias al refuerzo central y al debilitamiento especial precortado para la rotura anticipada, se garantiza una alta resistencia al desgarro. Los pasadores especiales de acero endurecido, tanto en la parte delantera como en la trasera del cilindro, proporcionan una alta resistencia a la perforaci\u00f3n, mientras que los pasadores de acero y los muelles antioxidantes proporcionan una alta resistencia al desgaste y la corrosi\u00f3n. Los pasadores perfilados tambi\u00e9n contrarrestan la apertura por golpes. Gracias a su largo ca\u00f1\u00f3n, la llave de punta reversible controlada por ordenador tambi\u00e9n puede utilizarse con protectores de cilindro de almohadilla sobredimensionados.   <\/p>\n<p>Cilindro de perfil europeo completo con llave maestra y de obra. Puntos fuertes:<\/p>\n<ul>\n<li>Llave perforadora, m\u00e1s de 2 millones de combinaciones<\/li>\n<li>Alta resistencia al desgarro gracias al refuerzo central y al debilitamiento especial precortado para una rotura temprana<\/li>\n<li>Gran resistencia a la perforaci\u00f3n gracias a los pernos especiales de acero endurecido tanto en la parte delantera como en la trasera del cilindro<\/li>\n<li>Gran resistencia al desgaste y a la corrosi\u00f3n, gracias a los pernos de acero y a los muelles inoxidables<\/li>\n<li>Pasadores conformados para contrarrestar la apertura por choque<\/li>\n<\/ul>\n","protected":false},"excerpt":{"rendered":"<p><strong>Los cilindros de seguridad de perfil europeo con espiga <\/strong>se utilizan para instalaciones con<strong> pomo<\/strong> interior, se caracterizan por una forma universal denominada \u00abeuropea\u00bb, constan de un cuerpo de lat\u00f3n niquelado de una sola pieza en cuyo centro gira una palanca conforme a la norma DIN movida por un bombin con 14 pines dispuestos en 3 filas (7 pines activos bajo muelle + 7 pines pasivos) que garantizan <strong>m\u00e1s de 2 millones de combinaciones<\/strong>.<\/p>\n","protected":false},"featured_media":18799,"comment_status":"open","ping_status":"closed","template":"","meta":{"_acf_changed":false,"_et_pb_use_builder":"","_et_pb_old_content":"","_et_gb_content_width":""},"product_brand":[],"product_cat":[3953,3982],"product_tag":[],"class_list":{"0":"post-243575","1":"product","2":"type-product","3":"status-publish","4":"has-post-thumbnail","6":"product_cat-cilindros-de-perfil-europeo","7":"product_cat-viviendas-particulares-y-residencias","9":"first","10":"instock","11":"shipping-taxable","12":"product-type-simple"},"acf":{"pdf1":"https:\/\/www.omrserrature.it\/wp-content\/uploads\/2020\/04\/Cilindro-profilo-europeo-chiave-codolo-rasabile.pdf"},"yoast_head":"<!-- This site is optimized with the Yoast SEO plugin v27.2 - https:\/\/yoast.com\/product\/yoast-seo-wordpress\/ -->\n<title>Cilindros de perfil europeo llave-pomo (ca\u00f1a cortable) - OMR Serrature<\/title>\n<meta name=\"robots\" content=\"index, follow, max-snippet:-1, max-image-preview:large, max-video-preview:-1\" \/>\n<link rel=\"canonical\" href=\"https:\/\/www.omrserrature.it\/es\/producto\/cilindros-de-perfil-europeo-llave-pomo-cana-cortable\/\" \/>\n<meta property=\"og:locale\" content=\"es_ES\" \/>\n<meta property=\"og:type\" content=\"article\" \/>\n<meta property=\"og:title\" content=\"Cilindros de perfil europeo llave-pomo (ca\u00f1a cortable) - OMR Serrature\" \/>\n<meta property=\"og:description\" content=\"Los cilindros de seguridad de perfil europeo con espiga se utilizan para instalaciones con pomo interior, se caracterizan por una forma universal denominada &quot;europea&quot;, constan de un cuerpo de lat\u00f3n niquelado de una sola pieza en cuyo centro gira una palanca conforme a la norma DIN movida por un bombin con 14 pines dispuestos en 3 filas (7 pines activos bajo muelle + 7 pines pasivos) que garantizan m\u00e1s de 2 millones de combinaciones.\" \/>\n<meta property=\"og:url\" content=\"https:\/\/www.omrserrature.it\/es\/producto\/cilindros-de-perfil-europeo-llave-pomo-cana-cortable\/\" \/>\n<meta property=\"og:site_name\" content=\"OMR Serrature | Produzione sistemi di chiusura\" \/>\n<meta property=\"article:publisher\" content=\"https:\/\/www.facebook.com\/OMRserrature\" \/>\n<meta property=\"article:modified_time\" content=\"2025-06-04T06:57:38+00:00\" \/>\n<meta property=\"og:image\" content=\"https:\/\/www.omrserrature.it\/wp-content\/uploads\/2021\/04\/cilindro-profilo-europeo-chiave-codolo.jpg\" \/>\n\t<meta property=\"og:image:width\" content=\"1139\" \/>\n\t<meta property=\"og:image:height\" content=\"1350\" \/>\n\t<meta property=\"og:image:type\" content=\"image\/jpeg\" \/>\n<meta name=\"twitter:card\" content=\"summary_large_image\" \/>\n<meta name=\"twitter:label1\" content=\"Tiempo de lectura\" \/>\n\t<meta name=\"twitter:data1\" content=\"2 minutos\" \/>\n<script type=\"application\/ld+json\" class=\"yoast-schema-graph\">{\"@context\":\"https:\/\/schema.org\",\"@graph\":[{\"@type\":\"WebPage\",\"@id\":\"https:\/\/www.omrserrature.it\/es\/producto\/cilindros-de-perfil-europeo-llave-pomo-cana-cortable\/\",\"url\":\"https:\/\/www.omrserrature.it\/es\/producto\/cilindros-de-perfil-europeo-llave-pomo-cana-cortable\/\",\"name\":\"Cilindros de perfil europeo llave-pomo (ca\u00f1a cortable) - OMR Serrature\",\"isPartOf\":{\"@id\":\"https:\/\/www.omrserrature.it\/es\/#website\"},\"primaryImageOfPage\":{\"@id\":\"https:\/\/www.omrserrature.it\/es\/producto\/cilindros-de-perfil-europeo-llave-pomo-cana-cortable\/#primaryimage\"},\"image\":{\"@id\":\"https:\/\/www.omrserrature.it\/es\/producto\/cilindros-de-perfil-europeo-llave-pomo-cana-cortable\/#primaryimage\"},\"thumbnailUrl\":\"https:\/\/www.omrserrature.it\/wp-content\/uploads\/2021\/04\/cilindro-profilo-europeo-chiave-codolo.jpg\",\"datePublished\":\"2021-04-20T07:10:01+00:00\",\"dateModified\":\"2025-06-04T06:57:38+00:00\",\"breadcrumb\":{\"@id\":\"https:\/\/www.omrserrature.it\/es\/producto\/cilindros-de-perfil-europeo-llave-pomo-cana-cortable\/#breadcrumb\"},\"inLanguage\":\"es\",\"potentialAction\":[{\"@type\":\"ReadAction\",\"target\":[\"https:\/\/www.omrserrature.it\/es\/producto\/cilindros-de-perfil-europeo-llave-pomo-cana-cortable\/\"]}]},{\"@type\":\"ImageObject\",\"inLanguage\":\"es\",\"@id\":\"https:\/\/www.omrserrature.it\/es\/producto\/cilindros-de-perfil-europeo-llave-pomo-cana-cortable\/#primaryimage\",\"url\":\"https:\/\/www.omrserrature.it\/wp-content\/uploads\/2021\/04\/cilindro-profilo-europeo-chiave-codolo.jpg\",\"contentUrl\":\"https:\/\/www.omrserrature.it\/wp-content\/uploads\/2021\/04\/cilindro-profilo-europeo-chiave-codolo.jpg\",\"width\":1139,\"height\":1350,\"caption\":\"Cilindri profilo europeo Chiave-Codolo rasabile\"},{\"@type\":\"BreadcrumbList\",\"@id\":\"https:\/\/www.omrserrature.it\/es\/producto\/cilindros-de-perfil-europeo-llave-pomo-cana-cortable\/#breadcrumb\",\"itemListElement\":[{\"@type\":\"ListItem\",\"position\":1,\"name\":\"Home\",\"item\":\"https:\/\/www.omrserrature.it\/es\/omr-cerradiras-y-sistemas-de-cierre\/\"},{\"@type\":\"ListItem\",\"position\":2,\"name\":\"Cat\u00e1logo\",\"item\":\"https:\/\/www.omrserrature.it\/catalogo\/?lang=es\"},{\"@type\":\"ListItem\",\"position\":3,\"name\":\"Productos\",\"item\":\"https:\/\/www.omrserrature.it\/es\/inventario\/productos\/\"},{\"@type\":\"ListItem\",\"position\":4,\"name\":\"Cerraduras\",\"item\":\"https:\/\/www.omrserrature.it\/es\/inventario\/productos\/cerraduras\/\"},{\"@type\":\"ListItem\",\"position\":5,\"name\":\"Cilindros de perfil europeo llave-pomo (ca\u00f1a cortable)\"}]},{\"@type\":\"WebSite\",\"@id\":\"https:\/\/www.omrserrature.it\/es\/#website\",\"url\":\"https:\/\/www.omrserrature.it\/es\/\",\"name\":\"OMR Serrature | Produzione sistemi di chiusura\",\"description\":\"Produzione serrature di sicurezza e sistemi di chiusura\",\"publisher\":{\"@id\":\"https:\/\/www.omrserrature.it\/es\/#organization\"},\"potentialAction\":[{\"@type\":\"SearchAction\",\"target\":{\"@type\":\"EntryPoint\",\"urlTemplate\":\"https:\/\/www.omrserrature.it\/es\/?s={search_term_string}\"},\"query-input\":{\"@type\":\"PropertyValueSpecification\",\"valueRequired\":true,\"valueName\":\"search_term_string\"}}],\"inLanguage\":\"es\"},{\"@type\":\"Organization\",\"@id\":\"https:\/\/www.omrserrature.it\/es\/#organization\",\"name\":\"OMR Serrature | Produzione sistemi di chiusura\",\"url\":\"https:\/\/www.omrserrature.it\/es\/\",\"logo\":{\"@type\":\"ImageObject\",\"inLanguage\":\"es\",\"@id\":\"https:\/\/www.omrserrature.it\/es\/#\/schema\/logo\/image\/\",\"url\":\"https:\/\/www.omrserrature.it\/wp-content\/uploads\/2017\/09\/favicon-omr-114.png\",\"contentUrl\":\"https:\/\/www.omrserrature.it\/wp-content\/uploads\/2017\/09\/favicon-omr-114.png\",\"width\":114,\"height\":114,\"caption\":\"OMR Serrature | Produzione sistemi di chiusura\"},\"image\":{\"@id\":\"https:\/\/www.omrserrature.it\/es\/#\/schema\/logo\/image\/\"},\"sameAs\":[\"https:\/\/www.facebook.com\/OMRserrature\",\"https:\/\/www.linkedin.com\/company\/omrserrature\/\",\"https:\/\/www.youtube.com\/channel\/UCxmA85z2R0EpG_6IRokiAkg\"]}]}<\/script>\n<!-- \/ Yoast SEO plugin. -->","yoast_head_json":{"title":"Cilindros de perfil europeo llave-pomo (ca\u00f1a cortable) - OMR Serrature","robots":{"index":"index","follow":"follow","max-snippet":"max-snippet:-1","max-image-preview":"max-image-preview:large","max-video-preview":"max-video-preview:-1"},"canonical":"https:\/\/www.omrserrature.it\/es\/producto\/cilindros-de-perfil-europeo-llave-pomo-cana-cortable\/","og_locale":"es_ES","og_type":"article","og_title":"Cilindros de perfil europeo llave-pomo (ca\u00f1a cortable) - OMR Serrature","og_description":"Los cilindros de seguridad de perfil europeo con espiga se utilizan para instalaciones con pomo interior, se caracterizan por una forma universal denominada \"europea\", constan de un cuerpo de lat\u00f3n niquelado de una sola pieza en cuyo centro gira una palanca conforme a la norma DIN movida por un bombin con 14 pines dispuestos en 3 filas (7 pines activos bajo muelle + 7 pines pasivos) que garantizan m\u00e1s de 2 millones de combinaciones.","og_url":"https:\/\/www.omrserrature.it\/es\/producto\/cilindros-de-perfil-europeo-llave-pomo-cana-cortable\/","og_site_name":"OMR Serrature | Produzione sistemi di chiusura","article_publisher":"https:\/\/www.facebook.com\/OMRserrature","article_modified_time":"2025-06-04T06:57:38+00:00","og_image":[{"width":1139,"height":1350,"url":"https:\/\/www.omrserrature.it\/wp-content\/uploads\/2021\/04\/cilindro-profilo-europeo-chiave-codolo.jpg","type":"image\/jpeg"}],"twitter_card":"summary_large_image","twitter_misc":{"Tiempo de lectura":"2 minutos"},"schema":{"@context":"https:\/\/schema.org","@graph":[{"@type":"WebPage","@id":"https:\/\/www.omrserrature.it\/es\/producto\/cilindros-de-perfil-europeo-llave-pomo-cana-cortable\/","url":"https:\/\/www.omrserrature.it\/es\/producto\/cilindros-de-perfil-europeo-llave-pomo-cana-cortable\/","name":"Cilindros de perfil europeo llave-pomo (ca\u00f1a cortable) - OMR Serrature","isPartOf":{"@id":"https:\/\/www.omrserrature.it\/es\/#website"},"primaryImageOfPage":{"@id":"https:\/\/www.omrserrature.it\/es\/producto\/cilindros-de-perfil-europeo-llave-pomo-cana-cortable\/#primaryimage"},"image":{"@id":"https:\/\/www.omrserrature.it\/es\/producto\/cilindros-de-perfil-europeo-llave-pomo-cana-cortable\/#primaryimage"},"thumbnailUrl":"https:\/\/www.omrserrature.it\/wp-content\/uploads\/2021\/04\/cilindro-profilo-europeo-chiave-codolo.jpg","datePublished":"2021-04-20T07:10:01+00:00","dateModified":"2025-06-04T06:57:38+00:00","breadcrumb":{"@id":"https:\/\/www.omrserrature.it\/es\/producto\/cilindros-de-perfil-europeo-llave-pomo-cana-cortable\/#breadcrumb"},"inLanguage":"es","potentialAction":[{"@type":"ReadAction","target":["https:\/\/www.omrserrature.it\/es\/producto\/cilindros-de-perfil-europeo-llave-pomo-cana-cortable\/"]}]},{"@type":"ImageObject","inLanguage":"es","@id":"https:\/\/www.omrserrature.it\/es\/producto\/cilindros-de-perfil-europeo-llave-pomo-cana-cortable\/#primaryimage","url":"https:\/\/www.omrserrature.it\/wp-content\/uploads\/2021\/04\/cilindro-profilo-europeo-chiave-codolo.jpg","contentUrl":"https:\/\/www.omrserrature.it\/wp-content\/uploads\/2021\/04\/cilindro-profilo-europeo-chiave-codolo.jpg","width":1139,"height":1350,"caption":"Cilindri profilo europeo Chiave-Codolo rasabile"},{"@type":"BreadcrumbList","@id":"https:\/\/www.omrserrature.it\/es\/producto\/cilindros-de-perfil-europeo-llave-pomo-cana-cortable\/#breadcrumb","itemListElement":[{"@type":"ListItem","position":1,"name":"Home","item":"https:\/\/www.omrserrature.it\/es\/omr-cerradiras-y-sistemas-de-cierre\/"},{"@type":"ListItem","position":2,"name":"Cat\u00e1logo","item":"https:\/\/www.omrserrature.it\/catalogo\/?lang=es"},{"@type":"ListItem","position":3,"name":"Productos","item":"https:\/\/www.omrserrature.it\/es\/inventario\/productos\/"},{"@type":"ListItem","position":4,"name":"Cerraduras","item":"https:\/\/www.omrserrature.it\/es\/inventario\/productos\/cerraduras\/"},{"@type":"ListItem","position":5,"name":"Cilindros de perfil europeo llave-pomo (ca\u00f1a cortable)"}]},{"@type":"WebSite","@id":"https:\/\/www.omrserrature.it\/es\/#website","url":"https:\/\/www.omrserrature.it\/es\/","name":"OMR Serrature | Produzione sistemi di chiusura","description":"Produzione serrature di sicurezza e sistemi di chiusura","publisher":{"@id":"https:\/\/www.omrserrature.it\/es\/#organization"},"potentialAction":[{"@type":"SearchAction","target":{"@type":"EntryPoint","urlTemplate":"https:\/\/www.omrserrature.it\/es\/?s={search_term_string}"},"query-input":{"@type":"PropertyValueSpecification","valueRequired":true,"valueName":"search_term_string"}}],"inLanguage":"es"},{"@type":"Organization","@id":"https:\/\/www.omrserrature.it\/es\/#organization","name":"OMR Serrature | Produzione sistemi di chiusura","url":"https:\/\/www.omrserrature.it\/es\/","logo":{"@type":"ImageObject","inLanguage":"es","@id":"https:\/\/www.omrserrature.it\/es\/#\/schema\/logo\/image\/","url":"https:\/\/www.omrserrature.it\/wp-content\/uploads\/2017\/09\/favicon-omr-114.png","contentUrl":"https:\/\/www.omrserrature.it\/wp-content\/uploads\/2017\/09\/favicon-omr-114.png","width":114,"height":114,"caption":"OMR Serrature | Produzione sistemi di chiusura"},"image":{"@id":"https:\/\/www.omrserrature.it\/es\/#\/schema\/logo\/image\/"},"sameAs":["https:\/\/www.facebook.com\/OMRserrature","https:\/\/www.linkedin.com\/company\/omrserrature\/","https:\/\/www.youtube.com\/channel\/UCxmA85z2R0EpG_6IRokiAkg"]}]}},"_links":{"self":[{"href":"https:\/\/www.omrserrature.it\/es\/wp-json\/wp\/v2\/product\/243575","targetHints":{"allow":["GET"]}}],"collection":[{"href":"https:\/\/www.omrserrature.it\/es\/wp-json\/wp\/v2\/product"}],"about":[{"href":"https:\/\/www.omrserrature.it\/es\/wp-json\/wp\/v2\/types\/product"}],"replies":[{"embeddable":true,"href":"https:\/\/www.omrserrature.it\/es\/wp-json\/wp\/v2\/comments?post=243575"}],"wp:featuredmedia":[{"embeddable":true,"href":"https:\/\/www.omrserrature.it\/es\/wp-json\/wp\/v2\/media\/18799"}],"wp:attachment":[{"href":"https:\/\/www.omrserrature.it\/es\/wp-json\/wp\/v2\/media?parent=243575"}],"wp:term":[{"taxonomy":"product_brand","embeddable":true,"href":"https:\/\/www.omrserrature.it\/es\/wp-json\/wp\/v2\/product_brand?post=243575"},{"taxonomy":"product_cat","embeddable":true,"href":"https:\/\/www.omrserrature.it\/es\/wp-json\/wp\/v2\/product_cat?post=243575"},{"taxonomy":"product_tag","embeddable":true,"href":"https:\/\/www.omrserrature.it\/es\/wp-json\/wp\/v2\/product_tag?post=243575"}],"curies":[{"name":"wp","href":"https:\/\/api.w.org\/{rel}","templated":true}]}}