{"id":243574,"date":"2021-04-20T08:51:52","date_gmt":"2021-04-20T06:51:52","guid":{"rendered":"https:\/\/www.staging6.omrserrature.it\/prodotto\/cilindros-de-perfil-europeo-llave-llave\/"},"modified":"2025-06-04T08:57:40","modified_gmt":"2025-06-04T06:57:40","slug":"cilindros-de-perfil-europeo-llave-llave","status":"publish","type":"product","link":"https:\/\/www.omrserrature.it\/es\/producto\/cilindros-de-perfil-europeo-llave-llave\/","title":{"rendered":"Cilindros de perfil europeo llave-llave"},"content":{"rendered":"<p>Los <strong>cilindros de seguridad de perfil<\/strong> europeo, caracterizados por un perfil universal denominado \u00abeuropeo\u00bb, constan de un cuerpo de lat\u00f3n niquelado de una sola pieza en cuyo centro gira una <strong>palanca conforme a la norma DIN<\/strong> movida por un bombin con 14 pasadores dispuestos en 3 filas (7 pasadores activos bajo muelle + 7 pasadores pasivos) que garantizan <strong>m\u00e1s de 2 millones de combinaciones<\/strong>. Para mayor seguridad, el <strong>cilindro no est\u00e1 bloqueado por fricci\u00f3n<\/strong>, es decir, si la llave se introduce en el trinquete desde dentro, no se puede abrir desde el otro lado. Est\u00e1 equipado con 5 llaves maestras (con cabeza naranja o azul) y 2 llaves maestras (con cabeza negra). La particularidad del cilindro es que las 7 llaves est\u00e1n activas y las dos llaves de obra s\u00f3lo se pueden desactivar con una llave especial de encendido\/apagado.  <\/p>\n<p>Gracias al refuerzo central y al debilitamiento especial precortado para la rotura anticipada, se garantiza<strong>una alta resistencia al des<\/strong>garro. Los pasadores especiales de acero endurecido, tanto en la parte delantera como en la trasera del cilindro, proporcionan una<strong>alta resistencia a la perforaci\u00f3n<\/strong>, mientras que los pasadores de acero y los muelles antioxidantes proporcionan una<strong>alta resistencia al desgaste y la corrosi\u00f3n<\/strong>. Los pasadores perfilados tambi\u00e9n <strong>contrarrestan la apertura por golpes<\/strong>. Gracias a su largo ca\u00f1\u00f3n, la llave de punta reversible controlada por ordenador tambi\u00e9n puede utilizarse con protectores de cilindro de almohadilla sobredimensionados.   <\/p>\n","protected":false},"excerpt":{"rendered":"<p>Los <strong>cilindros de seguridad de perfil<\/strong> europeo, caracterizados por un perfil universal denominado \u00abeuropeo\u00bb, constan de un cuerpo de lat\u00f3n niquelado de una sola pieza en cuyo centro gira una <strong>palanca conforme a la norma DIN<\/strong> movida por un bombin con 14 pasadores dispuestos en 3 filas (7 pasadores activos bajo muelle + 7 pasadores pasivos) que garantizan <strong>m\u00e1s de 2 millones de combinaciones<\/strong>.<\/p>\n","protected":false},"featured_media":18789,"comment_status":"open","ping_status":"closed","template":"","meta":{"_acf_changed":false,"_et_pb_use_builder":"","_et_pb_old_content":"","_et_gb_content_width":""},"product_brand":[],"product_cat":[3953,3982],"product_tag":[],"class_list":{"0":"post-243574","1":"product","2":"type-product","3":"status-publish","4":"has-post-thumbnail","6":"product_cat-cilindros-de-perfil-europeo","7":"product_cat-viviendas-particulares-y-residencias","9":"first","10":"instock","11":"shipping-taxable","12":"product-type-simple"},"acf":{"pdf1":"https:\/\/www.omrserrature.it\/wp-content\/uploads\/2020\/04\/Cilindro-profilo-europeo-chiave-chiave-non-frizionato.pdf"},"yoast_head":"<!-- This site is optimized with the Yoast SEO plugin v27.2 - https:\/\/yoast.com\/product\/yoast-seo-wordpress\/ -->\n<title>Cilindros de perfil europeo llave-llave - OMR Serrature<\/title>\n<meta name=\"robots\" content=\"index, follow, max-snippet:-1, max-image-preview:large, max-video-preview:-1\" \/>\n<link rel=\"canonical\" href=\"https:\/\/www.omrserrature.it\/es\/producto\/cilindros-de-perfil-europeo-llave-llave\/\" \/>\n<meta property=\"og:locale\" content=\"es_ES\" \/>\n<meta property=\"og:type\" content=\"article\" \/>\n<meta property=\"og:title\" content=\"Cilindros de perfil europeo llave-llave - OMR Serrature\" \/>\n<meta property=\"og:description\" content=\"Los cilindros de seguridad de perfil europeo, caracterizados por un perfil universal denominado &quot;europeo&quot;, constan de un cuerpo de lat\u00f3n niquelado de una sola pieza en cuyo centro gira una palanca conforme a la norma DIN movida por un bombin con 14 pasadores dispuestos en 3 filas (7 pasadores activos bajo muelle + 7 pasadores pasivos) que garantizan m\u00e1s de 2 millones de combinaciones.\" \/>\n<meta property=\"og:url\" content=\"https:\/\/www.omrserrature.it\/es\/producto\/cilindros-de-perfil-europeo-llave-llave\/\" \/>\n<meta property=\"og:site_name\" content=\"OMR Serrature | Produzione sistemi di chiusura\" \/>\n<meta property=\"article:publisher\" content=\"https:\/\/www.facebook.com\/OMRserrature\" \/>\n<meta property=\"article:modified_time\" content=\"2025-06-04T06:57:40+00:00\" \/>\n<meta property=\"og:image\" content=\"https:\/\/www.omrserrature.it\/wp-content\/uploads\/2021\/04\/cilindro-profilo-europeo-chiave-chiave3.jpg\" \/>\n\t<meta property=\"og:image:width\" content=\"1000\" \/>\n\t<meta property=\"og:image:height\" content=\"1000\" \/>\n\t<meta property=\"og:image:type\" content=\"image\/jpeg\" \/>\n<meta name=\"twitter:card\" content=\"summary_large_image\" \/>\n<meta name=\"twitter:label1\" content=\"Tiempo de lectura\" \/>\n\t<meta name=\"twitter:data1\" content=\"1 minuto\" \/>\n<script type=\"application\/ld+json\" class=\"yoast-schema-graph\">{\"@context\":\"https:\/\/schema.org\",\"@graph\":[{\"@type\":\"WebPage\",\"@id\":\"https:\/\/www.omrserrature.it\/es\/producto\/cilindros-de-perfil-europeo-llave-llave\/\",\"url\":\"https:\/\/www.omrserrature.it\/es\/producto\/cilindros-de-perfil-europeo-llave-llave\/\",\"name\":\"Cilindros de perfil europeo llave-llave - OMR Serrature\",\"isPartOf\":{\"@id\":\"https:\/\/www.omrserrature.it\/es\/#website\"},\"primaryImageOfPage\":{\"@id\":\"https:\/\/www.omrserrature.it\/es\/producto\/cilindros-de-perfil-europeo-llave-llave\/#primaryimage\"},\"image\":{\"@id\":\"https:\/\/www.omrserrature.it\/es\/producto\/cilindros-de-perfil-europeo-llave-llave\/#primaryimage\"},\"thumbnailUrl\":\"https:\/\/www.omrserrature.it\/wp-content\/uploads\/2021\/04\/cilindro-profilo-europeo-chiave-chiave3.jpg\",\"datePublished\":\"2021-04-20T06:51:52+00:00\",\"dateModified\":\"2025-06-04T06:57:40+00:00\",\"breadcrumb\":{\"@id\":\"https:\/\/www.omrserrature.it\/es\/producto\/cilindros-de-perfil-europeo-llave-llave\/#breadcrumb\"},\"inLanguage\":\"es\",\"potentialAction\":[{\"@type\":\"ReadAction\",\"target\":[\"https:\/\/www.omrserrature.it\/es\/producto\/cilindros-de-perfil-europeo-llave-llave\/\"]}]},{\"@type\":\"ImageObject\",\"inLanguage\":\"es\",\"@id\":\"https:\/\/www.omrserrature.it\/es\/producto\/cilindros-de-perfil-europeo-llave-llave\/#primaryimage\",\"url\":\"https:\/\/www.omrserrature.it\/wp-content\/uploads\/2021\/04\/cilindro-profilo-europeo-chiave-chiave3.jpg\",\"contentUrl\":\"https:\/\/www.omrserrature.it\/wp-content\/uploads\/2021\/04\/cilindro-profilo-europeo-chiave-chiave3.jpg\",\"width\":1000,\"height\":1000,\"caption\":\"Cilindro profilo europeo chiave chiave\"},{\"@type\":\"BreadcrumbList\",\"@id\":\"https:\/\/www.omrserrature.it\/es\/producto\/cilindros-de-perfil-europeo-llave-llave\/#breadcrumb\",\"itemListElement\":[{\"@type\":\"ListItem\",\"position\":1,\"name\":\"Home\",\"item\":\"https:\/\/www.omrserrature.it\/es\/omr-cerradiras-y-sistemas-de-cierre\/\"},{\"@type\":\"ListItem\",\"position\":2,\"name\":\"Cat\u00e1logo\",\"item\":\"https:\/\/www.omrserrature.it\/catalogo\/?lang=es\"},{\"@type\":\"ListItem\",\"position\":3,\"name\":\"Productos\",\"item\":\"https:\/\/www.omrserrature.it\/es\/inventario\/productos\/\"},{\"@type\":\"ListItem\",\"position\":4,\"name\":\"Cilindros de perfil europeo\",\"item\":\"https:\/\/www.omrserrature.it\/es\/inventario\/productos\/cilindros-de-perfil-europeo\/\"},{\"@type\":\"ListItem\",\"position\":5,\"name\":\"Cilindros de perfil europeo llave-llave\"}]},{\"@type\":\"WebSite\",\"@id\":\"https:\/\/www.omrserrature.it\/es\/#website\",\"url\":\"https:\/\/www.omrserrature.it\/es\/\",\"name\":\"OMR Serrature | Produzione sistemi di chiusura\",\"description\":\"Produzione serrature di sicurezza e sistemi di chiusura\",\"publisher\":{\"@id\":\"https:\/\/www.omrserrature.it\/es\/#organization\"},\"potentialAction\":[{\"@type\":\"SearchAction\",\"target\":{\"@type\":\"EntryPoint\",\"urlTemplate\":\"https:\/\/www.omrserrature.it\/es\/?s={search_term_string}\"},\"query-input\":{\"@type\":\"PropertyValueSpecification\",\"valueRequired\":true,\"valueName\":\"search_term_string\"}}],\"inLanguage\":\"es\"},{\"@type\":\"Organization\",\"@id\":\"https:\/\/www.omrserrature.it\/es\/#organization\",\"name\":\"OMR Serrature | Produzione sistemi di chiusura\",\"url\":\"https:\/\/www.omrserrature.it\/es\/\",\"logo\":{\"@type\":\"ImageObject\",\"inLanguage\":\"es\",\"@id\":\"https:\/\/www.omrserrature.it\/es\/#\/schema\/logo\/image\/\",\"url\":\"https:\/\/www.omrserrature.it\/wp-content\/uploads\/2017\/09\/favicon-omr-114.png\",\"contentUrl\":\"https:\/\/www.omrserrature.it\/wp-content\/uploads\/2017\/09\/favicon-omr-114.png\",\"width\":114,\"height\":114,\"caption\":\"OMR Serrature | Produzione sistemi di chiusura\"},\"image\":{\"@id\":\"https:\/\/www.omrserrature.it\/es\/#\/schema\/logo\/image\/\"},\"sameAs\":[\"https:\/\/www.facebook.com\/OMRserrature\",\"https:\/\/www.linkedin.com\/company\/omrserrature\/\",\"https:\/\/www.youtube.com\/channel\/UCxmA85z2R0EpG_6IRokiAkg\"]}]}<\/script>\n<!-- \/ Yoast SEO plugin. -->","yoast_head_json":{"title":"Cilindros de perfil europeo llave-llave - OMR Serrature","robots":{"index":"index","follow":"follow","max-snippet":"max-snippet:-1","max-image-preview":"max-image-preview:large","max-video-preview":"max-video-preview:-1"},"canonical":"https:\/\/www.omrserrature.it\/es\/producto\/cilindros-de-perfil-europeo-llave-llave\/","og_locale":"es_ES","og_type":"article","og_title":"Cilindros de perfil europeo llave-llave - OMR Serrature","og_description":"Los cilindros de seguridad de perfil europeo, caracterizados por un perfil universal denominado \"europeo\", constan de un cuerpo de lat\u00f3n niquelado de una sola pieza en cuyo centro gira una palanca conforme a la norma DIN movida por un bombin con 14 pasadores dispuestos en 3 filas (7 pasadores activos bajo muelle + 7 pasadores pasivos) que garantizan m\u00e1s de 2 millones de combinaciones.","og_url":"https:\/\/www.omrserrature.it\/es\/producto\/cilindros-de-perfil-europeo-llave-llave\/","og_site_name":"OMR Serrature | Produzione sistemi di chiusura","article_publisher":"https:\/\/www.facebook.com\/OMRserrature","article_modified_time":"2025-06-04T06:57:40+00:00","og_image":[{"width":1000,"height":1000,"url":"https:\/\/www.omrserrature.it\/wp-content\/uploads\/2021\/04\/cilindro-profilo-europeo-chiave-chiave3.jpg","type":"image\/jpeg"}],"twitter_card":"summary_large_image","twitter_misc":{"Tiempo de lectura":"1 minuto"},"schema":{"@context":"https:\/\/schema.org","@graph":[{"@type":"WebPage","@id":"https:\/\/www.omrserrature.it\/es\/producto\/cilindros-de-perfil-europeo-llave-llave\/","url":"https:\/\/www.omrserrature.it\/es\/producto\/cilindros-de-perfil-europeo-llave-llave\/","name":"Cilindros de perfil europeo llave-llave - OMR Serrature","isPartOf":{"@id":"https:\/\/www.omrserrature.it\/es\/#website"},"primaryImageOfPage":{"@id":"https:\/\/www.omrserrature.it\/es\/producto\/cilindros-de-perfil-europeo-llave-llave\/#primaryimage"},"image":{"@id":"https:\/\/www.omrserrature.it\/es\/producto\/cilindros-de-perfil-europeo-llave-llave\/#primaryimage"},"thumbnailUrl":"https:\/\/www.omrserrature.it\/wp-content\/uploads\/2021\/04\/cilindro-profilo-europeo-chiave-chiave3.jpg","datePublished":"2021-04-20T06:51:52+00:00","dateModified":"2025-06-04T06:57:40+00:00","breadcrumb":{"@id":"https:\/\/www.omrserrature.it\/es\/producto\/cilindros-de-perfil-europeo-llave-llave\/#breadcrumb"},"inLanguage":"es","potentialAction":[{"@type":"ReadAction","target":["https:\/\/www.omrserrature.it\/es\/producto\/cilindros-de-perfil-europeo-llave-llave\/"]}]},{"@type":"ImageObject","inLanguage":"es","@id":"https:\/\/www.omrserrature.it\/es\/producto\/cilindros-de-perfil-europeo-llave-llave\/#primaryimage","url":"https:\/\/www.omrserrature.it\/wp-content\/uploads\/2021\/04\/cilindro-profilo-europeo-chiave-chiave3.jpg","contentUrl":"https:\/\/www.omrserrature.it\/wp-content\/uploads\/2021\/04\/cilindro-profilo-europeo-chiave-chiave3.jpg","width":1000,"height":1000,"caption":"Cilindro profilo europeo chiave chiave"},{"@type":"BreadcrumbList","@id":"https:\/\/www.omrserrature.it\/es\/producto\/cilindros-de-perfil-europeo-llave-llave\/#breadcrumb","itemListElement":[{"@type":"ListItem","position":1,"name":"Home","item":"https:\/\/www.omrserrature.it\/es\/omr-cerradiras-y-sistemas-de-cierre\/"},{"@type":"ListItem","position":2,"name":"Cat\u00e1logo","item":"https:\/\/www.omrserrature.it\/catalogo\/?lang=es"},{"@type":"ListItem","position":3,"name":"Productos","item":"https:\/\/www.omrserrature.it\/es\/inventario\/productos\/"},{"@type":"ListItem","position":4,"name":"Cilindros de perfil europeo","item":"https:\/\/www.omrserrature.it\/es\/inventario\/productos\/cilindros-de-perfil-europeo\/"},{"@type":"ListItem","position":5,"name":"Cilindros de perfil europeo llave-llave"}]},{"@type":"WebSite","@id":"https:\/\/www.omrserrature.it\/es\/#website","url":"https:\/\/www.omrserrature.it\/es\/","name":"OMR Serrature | Produzione sistemi di chiusura","description":"Produzione serrature di sicurezza e sistemi di chiusura","publisher":{"@id":"https:\/\/www.omrserrature.it\/es\/#organization"},"potentialAction":[{"@type":"SearchAction","target":{"@type":"EntryPoint","urlTemplate":"https:\/\/www.omrserrature.it\/es\/?s={search_term_string}"},"query-input":{"@type":"PropertyValueSpecification","valueRequired":true,"valueName":"search_term_string"}}],"inLanguage":"es"},{"@type":"Organization","@id":"https:\/\/www.omrserrature.it\/es\/#organization","name":"OMR Serrature | Produzione sistemi di chiusura","url":"https:\/\/www.omrserrature.it\/es\/","logo":{"@type":"ImageObject","inLanguage":"es","@id":"https:\/\/www.omrserrature.it\/es\/#\/schema\/logo\/image\/","url":"https:\/\/www.omrserrature.it\/wp-content\/uploads\/2017\/09\/favicon-omr-114.png","contentUrl":"https:\/\/www.omrserrature.it\/wp-content\/uploads\/2017\/09\/favicon-omr-114.png","width":114,"height":114,"caption":"OMR Serrature | Produzione sistemi di chiusura"},"image":{"@id":"https:\/\/www.omrserrature.it\/es\/#\/schema\/logo\/image\/"},"sameAs":["https:\/\/www.facebook.com\/OMRserrature","https:\/\/www.linkedin.com\/company\/omrserrature\/","https:\/\/www.youtube.com\/channel\/UCxmA85z2R0EpG_6IRokiAkg"]}]}},"_links":{"self":[{"href":"https:\/\/www.omrserrature.it\/es\/wp-json\/wp\/v2\/product\/243574","targetHints":{"allow":["GET"]}}],"collection":[{"href":"https:\/\/www.omrserrature.it\/es\/wp-json\/wp\/v2\/product"}],"about":[{"href":"https:\/\/www.omrserrature.it\/es\/wp-json\/wp\/v2\/types\/product"}],"replies":[{"embeddable":true,"href":"https:\/\/www.omrserrature.it\/es\/wp-json\/wp\/v2\/comments?post=243574"}],"wp:featuredmedia":[{"embeddable":true,"href":"https:\/\/www.omrserrature.it\/es\/wp-json\/wp\/v2\/media\/18789"}],"wp:attachment":[{"href":"https:\/\/www.omrserrature.it\/es\/wp-json\/wp\/v2\/media?parent=243574"}],"wp:term":[{"taxonomy":"product_brand","embeddable":true,"href":"https:\/\/www.omrserrature.it\/es\/wp-json\/wp\/v2\/product_brand?post=243574"},{"taxonomy":"product_cat","embeddable":true,"href":"https:\/\/www.omrserrature.it\/es\/wp-json\/wp\/v2\/product_cat?post=243574"},{"taxonomy":"product_tag","embeddable":true,"href":"https:\/\/www.omrserrature.it\/es\/wp-json\/wp\/v2\/product_tag?post=243574"}],"curies":[{"name":"wp","href":"https:\/\/api.w.org\/{rel}","templated":true}]}}