{"id":243570,"date":"2017-10-10T17:33:37","date_gmt":"2010-10-17T15:33:00","guid":{"rendered":"https:\/\/www.staging6.omrserrature.it\/prodotto\/cerradura-universal-de-zocalo-triangular-5-mm\/"},"modified":"2026-04-08T13:10:27","modified_gmt":"2026-04-08T11:10:27","slug":"cerradura-universal-de-zocalo-triangular-5-mm","status":"publish","type":"product","link":"https:\/\/www.omrserrature.it\/es\/producto\/cerradura-universal-de-zocalo-triangular-5-mm\/","title":{"rendered":"Cerradura universal de z\u00f3calo triangular 5 mm"},"content":{"rendered":"<p>La <strong>cerradura de tri\u00e1ngulo de z\u00f3calo de 1\/4 de vuelta<\/strong> consta de un cuerpo de aleaci\u00f3n de zinc en cuyo interior hay un bombin accionado por resorte que, movido por una llave, gira para abrir o cerrar la caja. <strong>Fijaci\u00f3n r\u00e1pida con horquilla.<\/strong><\/p>\n<p>El terminal cuadrado de 7 mm tambi\u00e9n permite instalar una gran variedad de <strong>palancas rectas, dobladas o de gancho<\/strong>, sin olvidar la posibilidad de aplicar balancines para el movimiento de las varillas o pasadores para <strong>un cierre m\u00faltiple y centralizado.<\/strong> La cerradura de 1\/4 de vuelta tambi\u00e9n puede fabricarse en <strong>tecnopol\u00edmero<\/strong>, un \u00abmetal pl\u00e1stico\u00bb especial que garantiza unas prestaciones mec\u00e1nicas equiparables a las de la aleaci\u00f3n de aluminio, <strong>resistencia a los agentes atmosf\u00e9ricos y a la corrosi\u00f3n<\/strong>, as\u00ed como una perfecta integraci\u00f3n con el producto acabado, gracias a la amplia gama de colores disponibles. <\/p>\n<p><strong>La fijaci\u00f3n mediante clip<\/strong> permite una instalaci\u00f3n r\u00e1pida en chapas de acero y aluminio.<\/p>\n<p>La cerradura con llave de z\u00f3calo es adecuada para aplicaciones en las que se requiere una <strong>gesti\u00f3n<\/strong> sencilla <strong>del acceso<\/strong>, como tapas de contenedores, compartimentos de inspecci\u00f3n de m\u00e1quinas herramienta, paneles de control el\u00e9ctrico, compartimentos t\u00e9cnicos en centros comerciales, quioscos, surtidores de gasolina o surtidores de combustible.<\/p>\n","protected":false},"excerpt":{"rendered":"<p>La <strong>cerradura de tri\u00e1ngulo de z\u00f3calo de 1\/4 de vuelta<\/strong> consta de un cuerpo de aleaci\u00f3n de zinc en cuyo interior hay un bombin accionado por resorte que, movido por una llave, gira para abrir o cerrar la caja. <strong>Fijaci\u00f3n r\u00e1pida con horquilla.<\/strong><\/p>\n","protected":false},"featured_media":3177,"comment_status":"open","ping_status":"closed","template":"","meta":{"_acf_changed":false,"_et_pb_use_builder":"","_et_pb_old_content":"","_et_gb_content_width":""},"product_brand":[],"product_cat":[3986,3995,3990,3934,3925,3980,3957,3896,3880,3898,3922,3895,3889,3892,3893,3881,3991,3987],"product_tag":[],"class_list":{"0":"post-243570","1":"product","2":"type-product","3":"status-publish","4":"has-post-thumbnail","6":"product_cat-agua-aire-gas-para-empresas","7":"product_cat-arquitectura-urbanismo-y-diseno","8":"product_cat-automatizacion-y-domotica","9":"product_cat-cerraduras-de-1-4-de-vuelta","10":"product_cat-cerraduras-de-barcos","11":"product_cat-cerraduras-de-palanca","12":"product_cat-cerraduras-impermeables-inoxidables","13":"product_cat-cerraduras-para-almacenes-automaticos","14":"product_cat-cerraduras-para-armarios-electricos","15":"product_cat-cerraduras-para-dispensadores","16":"product_cat-cerraduras-para-furgonetas","17":"product_cat-cerraduras-para-la-industria-electromecanica","18":"product_cat-cerraduras-para-medios-de-transporte","19":"product_cat-cerraduras-para-puertas-delanteras-de-armarios","20":"product_cat-cerraduras-para-puertas-laterales","21":"product_cat-cerraduras-profesionales-para-muebles","22":"product_cat-reciclaje-ecologico-de-residuos","23":"product_cat-sistemas-de-cierre-para-la-industria","25":"first","26":"instock","27":"shipping-taxable","28":"purchasable","29":"product-type-variable","30":"has-default-attributes"},"acf":{"pdf1":"https:\/\/www.omrserrature.it\/wp-content\/uploads\/2017\/10\/Scheda-165554.pdf"},"yoast_head":"<!-- This site is optimized with the Yoast SEO plugin v27.2 - https:\/\/yoast.com\/product\/yoast-seo-wordpress\/ -->\n<title>Cerradura universal de z\u00f3calo triangular 5 mm - OMR Serrature<\/title>\n<meta name=\"robots\" content=\"index, follow, max-snippet:-1, max-image-preview:large, max-video-preview:-1\" \/>\n<link rel=\"canonical\" href=\"https:\/\/www.omrserrature.it\/es\/producto\/cerradura-universal-de-zocalo-triangular-5-mm\/\" \/>\n<meta property=\"og:locale\" content=\"es_ES\" \/>\n<meta property=\"og:type\" content=\"article\" \/>\n<meta property=\"og:title\" content=\"Cerradura universal de z\u00f3calo triangular 5 mm - OMR Serrature\" \/>\n<meta property=\"og:description\" content=\"La cerradura de tri\u00e1ngulo de z\u00f3calo de 1\/4 de vuelta consta de un cuerpo de aleaci\u00f3n de zinc en cuyo interior hay un bombin accionado por resorte que, movido por una llave, gira para abrir o cerrar la caja. Fijaci\u00f3n r\u00e1pida con horquilla.\" \/>\n<meta property=\"og:url\" content=\"https:\/\/www.omrserrature.it\/es\/producto\/cerradura-universal-de-zocalo-triangular-5-mm\/\" \/>\n<meta property=\"og:site_name\" content=\"OMR Serrature | Produzione sistemi di chiusura\" \/>\n<meta property=\"article:publisher\" content=\"https:\/\/www.facebook.com\/OMRserrature\" \/>\n<meta property=\"article:modified_time\" content=\"2026-04-08T11:10:27+00:00\" \/>\n<meta property=\"og:image\" content=\"https:\/\/www.omrserrature.it\/wp-content\/uploads\/2017\/10\/chiusura-universale-impronta-triangolo-5.jpg\" \/>\n\t<meta property=\"og:image:width\" content=\"419\" \/>\n\t<meta property=\"og:image:height\" content=\"374\" \/>\n\t<meta property=\"og:image:type\" content=\"image\/jpeg\" \/>\n<meta name=\"twitter:card\" content=\"summary_large_image\" \/>\n<meta name=\"twitter:label1\" content=\"Tiempo de lectura\" \/>\n\t<meta name=\"twitter:data1\" content=\"1 minuto\" \/>\n<script type=\"application\/ld+json\" class=\"yoast-schema-graph\">{\"@context\":\"https:\/\/schema.org\",\"@graph\":[{\"@type\":\"WebPage\",\"@id\":\"https:\/\/www.omrserrature.it\/es\/producto\/cerradura-universal-de-zocalo-triangular-5-mm\/\",\"url\":\"https:\/\/www.omrserrature.it\/es\/producto\/cerradura-universal-de-zocalo-triangular-5-mm\/\",\"name\":\"Cerradura universal de z\u00f3calo triangular 5 mm - OMR Serrature\",\"isPartOf\":{\"@id\":\"https:\/\/www.omrserrature.it\/es\/#website\"},\"primaryImageOfPage\":{\"@id\":\"https:\/\/www.omrserrature.it\/es\/producto\/cerradura-universal-de-zocalo-triangular-5-mm\/#primaryimage\"},\"image\":{\"@id\":\"https:\/\/www.omrserrature.it\/es\/producto\/cerradura-universal-de-zocalo-triangular-5-mm\/#primaryimage\"},\"thumbnailUrl\":\"https:\/\/www.omrserrature.it\/wp-content\/uploads\/2017\/10\/chiusura-universale-impronta-triangolo-5.jpg\",\"datePublished\":\"2010-10-17T15:33:00+00:00\",\"dateModified\":\"2026-04-08T11:10:27+00:00\",\"breadcrumb\":{\"@id\":\"https:\/\/www.omrserrature.it\/es\/producto\/cerradura-universal-de-zocalo-triangular-5-mm\/#breadcrumb\"},\"inLanguage\":\"es\",\"potentialAction\":[{\"@type\":\"ReadAction\",\"target\":[\"https:\/\/www.omrserrature.it\/es\/producto\/cerradura-universal-de-zocalo-triangular-5-mm\/\"]}]},{\"@type\":\"ImageObject\",\"inLanguage\":\"es\",\"@id\":\"https:\/\/www.omrserrature.it\/es\/producto\/cerradura-universal-de-zocalo-triangular-5-mm\/#primaryimage\",\"url\":\"https:\/\/www.omrserrature.it\/wp-content\/uploads\/2017\/10\/chiusura-universale-impronta-triangolo-5.jpg\",\"contentUrl\":\"https:\/\/www.omrserrature.it\/wp-content\/uploads\/2017\/10\/chiusura-universale-impronta-triangolo-5.jpg\",\"width\":419,\"height\":374,\"caption\":\"Cierre universal de z\u00f3calo 5 - cierres de compresi\u00f3n\"},{\"@type\":\"BreadcrumbList\",\"@id\":\"https:\/\/www.omrserrature.it\/es\/producto\/cerradura-universal-de-zocalo-triangular-5-mm\/#breadcrumb\",\"itemListElement\":[{\"@type\":\"ListItem\",\"position\":1,\"name\":\"Home\",\"item\":\"https:\/\/www.omrserrature.it\/es\/omr-cerradiras-y-sistemas-de-cierre\/\"},{\"@type\":\"ListItem\",\"position\":2,\"name\":\"Cat\u00e1logo\",\"item\":\"https:\/\/www.omrserrature.it\/catalogo\/?lang=es\"},{\"@type\":\"ListItem\",\"position\":3,\"name\":\"Productos\",\"item\":\"https:\/\/www.omrserrature.it\/es\/inventario\/productos\/\"},{\"@type\":\"ListItem\",\"position\":4,\"name\":\"Cerraduras\",\"item\":\"https:\/\/www.omrserrature.it\/es\/inventario\/productos\/cerraduras\/\"},{\"@type\":\"ListItem\",\"position\":5,\"name\":\"cerraduras de 1\/4 de vuelta\",\"item\":\"https:\/\/www.omrserrature.it\/es\/inventario\/productos\/cerraduras\/cerraduras-de-1-4-de-vuelta\/\"},{\"@type\":\"ListItem\",\"position\":6,\"name\":\"Cerradura universal de z\u00f3calo triangular 5 mm\"}]},{\"@type\":\"WebSite\",\"@id\":\"https:\/\/www.omrserrature.it\/es\/#website\",\"url\":\"https:\/\/www.omrserrature.it\/es\/\",\"name\":\"OMR Serrature | Produzione sistemi di chiusura\",\"description\":\"Produzione serrature di sicurezza e sistemi di chiusura\",\"publisher\":{\"@id\":\"https:\/\/www.omrserrature.it\/es\/#organization\"},\"potentialAction\":[{\"@type\":\"SearchAction\",\"target\":{\"@type\":\"EntryPoint\",\"urlTemplate\":\"https:\/\/www.omrserrature.it\/es\/?s={search_term_string}\"},\"query-input\":{\"@type\":\"PropertyValueSpecification\",\"valueRequired\":true,\"valueName\":\"search_term_string\"}}],\"inLanguage\":\"es\"},{\"@type\":\"Organization\",\"@id\":\"https:\/\/www.omrserrature.it\/es\/#organization\",\"name\":\"OMR Serrature | Produzione sistemi di chiusura\",\"url\":\"https:\/\/www.omrserrature.it\/es\/\",\"logo\":{\"@type\":\"ImageObject\",\"inLanguage\":\"es\",\"@id\":\"https:\/\/www.omrserrature.it\/es\/#\/schema\/logo\/image\/\",\"url\":\"https:\/\/www.omrserrature.it\/wp-content\/uploads\/2017\/09\/favicon-omr-114.png\",\"contentUrl\":\"https:\/\/www.omrserrature.it\/wp-content\/uploads\/2017\/09\/favicon-omr-114.png\",\"width\":114,\"height\":114,\"caption\":\"OMR Serrature | Produzione sistemi di chiusura\"},\"image\":{\"@id\":\"https:\/\/www.omrserrature.it\/es\/#\/schema\/logo\/image\/\"},\"sameAs\":[\"https:\/\/www.facebook.com\/OMRserrature\",\"https:\/\/www.linkedin.com\/company\/omrserrature\/\",\"https:\/\/www.youtube.com\/channel\/UCxmA85z2R0EpG_6IRokiAkg\"]}]}<\/script>\n<!-- \/ Yoast SEO plugin. -->","yoast_head_json":{"title":"Cerradura universal de z\u00f3calo triangular 5 mm - OMR Serrature","robots":{"index":"index","follow":"follow","max-snippet":"max-snippet:-1","max-image-preview":"max-image-preview:large","max-video-preview":"max-video-preview:-1"},"canonical":"https:\/\/www.omrserrature.it\/es\/producto\/cerradura-universal-de-zocalo-triangular-5-mm\/","og_locale":"es_ES","og_type":"article","og_title":"Cerradura universal de z\u00f3calo triangular 5 mm - OMR Serrature","og_description":"La cerradura de tri\u00e1ngulo de z\u00f3calo de 1\/4 de vuelta consta de un cuerpo de aleaci\u00f3n de zinc en cuyo interior hay un bombin accionado por resorte que, movido por una llave, gira para abrir o cerrar la caja. Fijaci\u00f3n r\u00e1pida con horquilla.","og_url":"https:\/\/www.omrserrature.it\/es\/producto\/cerradura-universal-de-zocalo-triangular-5-mm\/","og_site_name":"OMR Serrature | Produzione sistemi di chiusura","article_publisher":"https:\/\/www.facebook.com\/OMRserrature","article_modified_time":"2026-04-08T11:10:27+00:00","og_image":[{"width":419,"height":374,"url":"https:\/\/www.omrserrature.it\/wp-content\/uploads\/2017\/10\/chiusura-universale-impronta-triangolo-5.jpg","type":"image\/jpeg"}],"twitter_card":"summary_large_image","twitter_misc":{"Tiempo de lectura":"1 minuto"},"schema":{"@context":"https:\/\/schema.org","@graph":[{"@type":"WebPage","@id":"https:\/\/www.omrserrature.it\/es\/producto\/cerradura-universal-de-zocalo-triangular-5-mm\/","url":"https:\/\/www.omrserrature.it\/es\/producto\/cerradura-universal-de-zocalo-triangular-5-mm\/","name":"Cerradura universal de z\u00f3calo triangular 5 mm - OMR Serrature","isPartOf":{"@id":"https:\/\/www.omrserrature.it\/es\/#website"},"primaryImageOfPage":{"@id":"https:\/\/www.omrserrature.it\/es\/producto\/cerradura-universal-de-zocalo-triangular-5-mm\/#primaryimage"},"image":{"@id":"https:\/\/www.omrserrature.it\/es\/producto\/cerradura-universal-de-zocalo-triangular-5-mm\/#primaryimage"},"thumbnailUrl":"https:\/\/www.omrserrature.it\/wp-content\/uploads\/2017\/10\/chiusura-universale-impronta-triangolo-5.jpg","datePublished":"2010-10-17T15:33:00+00:00","dateModified":"2026-04-08T11:10:27+00:00","breadcrumb":{"@id":"https:\/\/www.omrserrature.it\/es\/producto\/cerradura-universal-de-zocalo-triangular-5-mm\/#breadcrumb"},"inLanguage":"es","potentialAction":[{"@type":"ReadAction","target":["https:\/\/www.omrserrature.it\/es\/producto\/cerradura-universal-de-zocalo-triangular-5-mm\/"]}]},{"@type":"ImageObject","inLanguage":"es","@id":"https:\/\/www.omrserrature.it\/es\/producto\/cerradura-universal-de-zocalo-triangular-5-mm\/#primaryimage","url":"https:\/\/www.omrserrature.it\/wp-content\/uploads\/2017\/10\/chiusura-universale-impronta-triangolo-5.jpg","contentUrl":"https:\/\/www.omrserrature.it\/wp-content\/uploads\/2017\/10\/chiusura-universale-impronta-triangolo-5.jpg","width":419,"height":374,"caption":"Cierre universal de z\u00f3calo 5 - cierres de compresi\u00f3n"},{"@type":"BreadcrumbList","@id":"https:\/\/www.omrserrature.it\/es\/producto\/cerradura-universal-de-zocalo-triangular-5-mm\/#breadcrumb","itemListElement":[{"@type":"ListItem","position":1,"name":"Home","item":"https:\/\/www.omrserrature.it\/es\/omr-cerradiras-y-sistemas-de-cierre\/"},{"@type":"ListItem","position":2,"name":"Cat\u00e1logo","item":"https:\/\/www.omrserrature.it\/catalogo\/?lang=es"},{"@type":"ListItem","position":3,"name":"Productos","item":"https:\/\/www.omrserrature.it\/es\/inventario\/productos\/"},{"@type":"ListItem","position":4,"name":"Cerraduras","item":"https:\/\/www.omrserrature.it\/es\/inventario\/productos\/cerraduras\/"},{"@type":"ListItem","position":5,"name":"cerraduras de 1\/4 de vuelta","item":"https:\/\/www.omrserrature.it\/es\/inventario\/productos\/cerraduras\/cerraduras-de-1-4-de-vuelta\/"},{"@type":"ListItem","position":6,"name":"Cerradura universal de z\u00f3calo triangular 5 mm"}]},{"@type":"WebSite","@id":"https:\/\/www.omrserrature.it\/es\/#website","url":"https:\/\/www.omrserrature.it\/es\/","name":"OMR Serrature | Produzione sistemi di chiusura","description":"Produzione serrature di sicurezza e sistemi di chiusura","publisher":{"@id":"https:\/\/www.omrserrature.it\/es\/#organization"},"potentialAction":[{"@type":"SearchAction","target":{"@type":"EntryPoint","urlTemplate":"https:\/\/www.omrserrature.it\/es\/?s={search_term_string}"},"query-input":{"@type":"PropertyValueSpecification","valueRequired":true,"valueName":"search_term_string"}}],"inLanguage":"es"},{"@type":"Organization","@id":"https:\/\/www.omrserrature.it\/es\/#organization","name":"OMR Serrature | Produzione sistemi di chiusura","url":"https:\/\/www.omrserrature.it\/es\/","logo":{"@type":"ImageObject","inLanguage":"es","@id":"https:\/\/www.omrserrature.it\/es\/#\/schema\/logo\/image\/","url":"https:\/\/www.omrserrature.it\/wp-content\/uploads\/2017\/09\/favicon-omr-114.png","contentUrl":"https:\/\/www.omrserrature.it\/wp-content\/uploads\/2017\/09\/favicon-omr-114.png","width":114,"height":114,"caption":"OMR Serrature | Produzione sistemi di chiusura"},"image":{"@id":"https:\/\/www.omrserrature.it\/es\/#\/schema\/logo\/image\/"},"sameAs":["https:\/\/www.facebook.com\/OMRserrature","https:\/\/www.linkedin.com\/company\/omrserrature\/","https:\/\/www.youtube.com\/channel\/UCxmA85z2R0EpG_6IRokiAkg"]}]}},"_links":{"self":[{"href":"https:\/\/www.omrserrature.it\/es\/wp-json\/wp\/v2\/product\/243570","targetHints":{"allow":["GET"]}}],"collection":[{"href":"https:\/\/www.omrserrature.it\/es\/wp-json\/wp\/v2\/product"}],"about":[{"href":"https:\/\/www.omrserrature.it\/es\/wp-json\/wp\/v2\/types\/product"}],"replies":[{"embeddable":true,"href":"https:\/\/www.omrserrature.it\/es\/wp-json\/wp\/v2\/comments?post=243570"}],"wp:featuredmedia":[{"embeddable":true,"href":"https:\/\/www.omrserrature.it\/es\/wp-json\/wp\/v2\/media\/3177"}],"wp:attachment":[{"href":"https:\/\/www.omrserrature.it\/es\/wp-json\/wp\/v2\/media?parent=243570"}],"wp:term":[{"taxonomy":"product_brand","embeddable":true,"href":"https:\/\/www.omrserrature.it\/es\/wp-json\/wp\/v2\/product_brand?post=243570"},{"taxonomy":"product_cat","embeddable":true,"href":"https:\/\/www.omrserrature.it\/es\/wp-json\/wp\/v2\/product_cat?post=243570"},{"taxonomy":"product_tag","embeddable":true,"href":"https:\/\/www.omrserrature.it\/es\/wp-json\/wp\/v2\/product_tag?post=243570"}],"curies":[{"name":"wp","href":"https:\/\/api.w.org\/{rel}","templated":true}]}}