{"id":243565,"date":"2017-10-11T15:44:30","date_gmt":"2011-10-17T13:44:00","guid":{"rendered":"https:\/\/www.staging6.omrserrature.it\/prodotto\/cerradura-de-longitud-adjustable-con-zocalo-triangular-6-mm\/"},"modified":"2026-04-08T12:47:56","modified_gmt":"2026-04-08T10:47:56","slug":"cerradura-de-longitud-adjustable-con-zocalo-triangular-6-mm","status":"publish","type":"product","link":"https:\/\/www.omrserrature.it\/es\/producto\/cerradura-de-longitud-adjustable-con-zocalo-triangular-6-mm\/","title":{"rendered":"Cerradura de longitud adjustable con z\u00f3calo triangular 6 mm"},"content":{"rendered":"<p>La <strong>cerradura ajustable de 1\/4 de vuelta con marca de tri\u00e1ngulo 6<\/strong> consta de un cuerpo de aleaci\u00f3n de zinc en cuyo interior hay un bombin de marca de tri\u00e1ngulo accionado por muelle que, movido por una llave, gira, provocando su apertura o cierre.<\/p>\n<p>El terminal tambi\u00e9n permite instalar diversas <strong>palancas rectas, dobladas o de gancho <\/strong>. El cabezal sobredimensionado contribuye a un producto m\u00e1s seguro y s\u00f3lido, as\u00ed como a un mejor ajuste con el dise\u00f1o de la puerta y el orificio de instalaci\u00f3n. La caja de 1\/4 de vuelta es ajustable gracias a un cuerpo roscado que permite ajustar el percutor de la leva de 22,5 a 36 mm. Disponible en <strong>dos variantes<\/strong> para <strong>agujero de instalaci\u00f3n<\/strong> cuadrado o redondo (ver im\u00e1genes:<strong> Dima A, Dima B<\/strong>).  <\/p>\n<p>El z\u00f3calo de cerradura impreso es adecuado para aplicaciones como puertas de paneles de control, estructuras de carpinter\u00eda, maquinaria industrial, puertas de acero inoxidable, paneles de acceso a componentes electr\u00f3nicos de maquinaria, paneles el\u00e9ctricos, compartimentos de inspecci\u00f3n de veh\u00edculos de transporte como autobuses, trenes, maquinaria de construcci\u00f3n y carretillas elevadoras, paneles de control de equipos m\u00e9dicos, paneles luminosos o tablones de anuncios.<\/p>\n","protected":false},"excerpt":{"rendered":"<p>La <strong>cerradura ajustable de 1\/4 de vuelta con marca de tri\u00e1ngulo 6<\/strong> consta de un cuerpo de aleaci\u00f3n de zinc en cuyo interior hay un bombin de marca de tri\u00e1ngulo accionado por muelle que, movido por una llave, gira, provocando su apertura o cierre.<\/p>\n","protected":false},"featured_media":3171,"comment_status":"open","ping_status":"closed","template":"","meta":{"_acf_changed":false,"_et_pb_use_builder":"","_et_pb_old_content":"","_et_gb_content_width":""},"product_brand":[],"product_cat":[3990,3985,3934,3980,3912,3896,3880,3905,3895,3889,3892,3893,3881,3987],"product_tag":[],"class_list":{"0":"post-243565","1":"product","2":"type-product","3":"status-publish","4":"has-post-thumbnail","6":"product_cat-automatizacion-y-domotica","7":"product_cat-automocion-y-transporte","8":"product_cat-cerraduras-de-1-4-de-vuelta","9":"product_cat-cerraduras-de-palanca","10":"product_cat-cerraduras-de-puertas","11":"product_cat-cerraduras-para-almacenes-automaticos","12":"product_cat-cerraduras-para-armarios-electricos","13":"product_cat-cerraduras-para-armarios-industriales","14":"product_cat-cerraduras-para-la-industria-electromecanica","15":"product_cat-cerraduras-para-medios-de-transporte","16":"product_cat-cerraduras-para-puertas-delanteras-de-armarios","17":"product_cat-cerraduras-para-puertas-laterales","18":"product_cat-cerraduras-profesionales-para-muebles","19":"product_cat-sistemas-de-cierre-para-la-industria","21":"first","22":"instock","23":"shipping-taxable","24":"purchasable","25":"product-type-variable"},"acf":{"pdf1":"https:\/\/www.omrserrature.it\/wp-content\/uploads\/2017\/10\/Scheda-163491.pdf"},"yoast_head":"<!-- This site is optimized with the Yoast SEO plugin v27.2 - https:\/\/yoast.com\/product\/yoast-seo-wordpress\/ -->\n<title>Cerradura de longitud adjustable con z\u00f3calo triangular 6 mm - OMR Serrature<\/title>\n<meta name=\"robots\" content=\"index, follow, max-snippet:-1, max-image-preview:large, max-video-preview:-1\" \/>\n<link rel=\"canonical\" href=\"https:\/\/www.omrserrature.it\/es\/producto\/cerradura-de-longitud-adjustable-con-zocalo-triangular-6-mm\/\" \/>\n<meta property=\"og:locale\" content=\"es_ES\" \/>\n<meta property=\"og:type\" content=\"article\" \/>\n<meta property=\"og:title\" content=\"Cerradura de longitud adjustable con z\u00f3calo triangular 6 mm - OMR Serrature\" \/>\n<meta property=\"og:description\" content=\"La cerradura ajustable de 1\/4 de vuelta con marca de tri\u00e1ngulo 6 consta de un cuerpo de aleaci\u00f3n de zinc en cuyo interior hay un bombin de marca de tri\u00e1ngulo accionado por muelle que, movido por una llave, gira, provocando su apertura o cierre.\" \/>\n<meta property=\"og:url\" content=\"https:\/\/www.omrserrature.it\/es\/producto\/cerradura-de-longitud-adjustable-con-zocalo-triangular-6-mm\/\" \/>\n<meta property=\"og:site_name\" content=\"OMR Serrature | Produzione sistemi di chiusura\" \/>\n<meta property=\"article:publisher\" content=\"https:\/\/www.facebook.com\/OMRserrature\" \/>\n<meta property=\"article:modified_time\" content=\"2026-04-08T10:47:56+00:00\" \/>\n<meta property=\"og:image\" content=\"https:\/\/www.omrserrature.it\/wp-content\/uploads\/2017\/10\/chiusura-regolabile-impronta-triangolo-6.jpg\" \/>\n\t<meta property=\"og:image:width\" content=\"998\" \/>\n\t<meta property=\"og:image:height\" content=\"580\" \/>\n\t<meta property=\"og:image:type\" content=\"image\/jpeg\" \/>\n<meta name=\"twitter:card\" content=\"summary_large_image\" \/>\n<meta name=\"twitter:label1\" content=\"Tiempo de lectura\" \/>\n\t<meta name=\"twitter:data1\" content=\"1 minuto\" \/>\n<script type=\"application\/ld+json\" class=\"yoast-schema-graph\">{\"@context\":\"https:\/\/schema.org\",\"@graph\":[{\"@type\":\"WebPage\",\"@id\":\"https:\/\/www.omrserrature.it\/es\/producto\/cerradura-de-longitud-adjustable-con-zocalo-triangular-6-mm\/\",\"url\":\"https:\/\/www.omrserrature.it\/es\/producto\/cerradura-de-longitud-adjustable-con-zocalo-triangular-6-mm\/\",\"name\":\"Cerradura de longitud adjustable con z\u00f3calo triangular 6 mm - OMR Serrature\",\"isPartOf\":{\"@id\":\"https:\/\/www.omrserrature.it\/es\/#website\"},\"primaryImageOfPage\":{\"@id\":\"https:\/\/www.omrserrature.it\/es\/producto\/cerradura-de-longitud-adjustable-con-zocalo-triangular-6-mm\/#primaryimage\"},\"image\":{\"@id\":\"https:\/\/www.omrserrature.it\/es\/producto\/cerradura-de-longitud-adjustable-con-zocalo-triangular-6-mm\/#primaryimage\"},\"thumbnailUrl\":\"https:\/\/www.omrserrature.it\/wp-content\/uploads\/2017\/10\/chiusura-regolabile-impronta-triangolo-6.jpg\",\"datePublished\":\"2011-10-17T13:44:00+00:00\",\"dateModified\":\"2026-04-08T10:47:56+00:00\",\"breadcrumb\":{\"@id\":\"https:\/\/www.omrserrature.it\/es\/producto\/cerradura-de-longitud-adjustable-con-zocalo-triangular-6-mm\/#breadcrumb\"},\"inLanguage\":\"es\",\"potentialAction\":[{\"@type\":\"ReadAction\",\"target\":[\"https:\/\/www.omrserrature.it\/es\/producto\/cerradura-de-longitud-adjustable-con-zocalo-triangular-6-mm\/\"]}]},{\"@type\":\"ImageObject\",\"inLanguage\":\"es\",\"@id\":\"https:\/\/www.omrserrature.it\/es\/producto\/cerradura-de-longitud-adjustable-con-zocalo-triangular-6-mm\/#primaryimage\",\"url\":\"https:\/\/www.omrserrature.it\/wp-content\/uploads\/2017\/10\/chiusura-regolabile-impronta-triangolo-6.jpg\",\"contentUrl\":\"https:\/\/www.omrserrature.it\/wp-content\/uploads\/2017\/10\/chiusura-regolabile-impronta-triangolo-6.jpg\",\"width\":998,\"height\":580,\"caption\":\"Tri\u00e1ngulo universal 6 ajustable - cierres de compresi\u00f3n\"},{\"@type\":\"BreadcrumbList\",\"@id\":\"https:\/\/www.omrserrature.it\/es\/producto\/cerradura-de-longitud-adjustable-con-zocalo-triangular-6-mm\/#breadcrumb\",\"itemListElement\":[{\"@type\":\"ListItem\",\"position\":1,\"name\":\"Home\",\"item\":\"https:\/\/www.omrserrature.it\/es\/omr-cerradiras-y-sistemas-de-cierre\/\"},{\"@type\":\"ListItem\",\"position\":2,\"name\":\"Cat\u00e1logo\",\"item\":\"https:\/\/www.omrserrature.it\/catalogo\/?lang=es\"},{\"@type\":\"ListItem\",\"position\":3,\"name\":\"Aplicaciones\",\"item\":\"https:\/\/www.omrserrature.it\/es\/inventario\/aplicaciones\/\"},{\"@type\":\"ListItem\",\"position\":4,\"name\":\"Cerraduras de armarios\",\"item\":\"https:\/\/www.omrserrature.it\/es\/inventario\/aplicaciones\/cerraduras-de-armarios\/\"},{\"@type\":\"ListItem\",\"position\":5,\"name\":\"Cerraduras para armarios industriales\",\"item\":\"https:\/\/www.omrserrature.it\/es\/inventario\/aplicaciones\/cerraduras-de-armarios\/cerraduras-para-armarios-industriales\/\"},{\"@type\":\"ListItem\",\"position\":6,\"name\":\"Cerradura de longitud adjustable con z\u00f3calo triangular 6 mm\"}]},{\"@type\":\"WebSite\",\"@id\":\"https:\/\/www.omrserrature.it\/es\/#website\",\"url\":\"https:\/\/www.omrserrature.it\/es\/\",\"name\":\"OMR Serrature | Produzione sistemi di chiusura\",\"description\":\"Produzione serrature di sicurezza e sistemi di chiusura\",\"publisher\":{\"@id\":\"https:\/\/www.omrserrature.it\/es\/#organization\"},\"potentialAction\":[{\"@type\":\"SearchAction\",\"target\":{\"@type\":\"EntryPoint\",\"urlTemplate\":\"https:\/\/www.omrserrature.it\/es\/?s={search_term_string}\"},\"query-input\":{\"@type\":\"PropertyValueSpecification\",\"valueRequired\":true,\"valueName\":\"search_term_string\"}}],\"inLanguage\":\"es\"},{\"@type\":\"Organization\",\"@id\":\"https:\/\/www.omrserrature.it\/es\/#organization\",\"name\":\"OMR Serrature | Produzione sistemi di chiusura\",\"url\":\"https:\/\/www.omrserrature.it\/es\/\",\"logo\":{\"@type\":\"ImageObject\",\"inLanguage\":\"es\",\"@id\":\"https:\/\/www.omrserrature.it\/es\/#\/schema\/logo\/image\/\",\"url\":\"https:\/\/www.omrserrature.it\/wp-content\/uploads\/2017\/09\/favicon-omr-114.png\",\"contentUrl\":\"https:\/\/www.omrserrature.it\/wp-content\/uploads\/2017\/09\/favicon-omr-114.png\",\"width\":114,\"height\":114,\"caption\":\"OMR Serrature | Produzione sistemi di chiusura\"},\"image\":{\"@id\":\"https:\/\/www.omrserrature.it\/es\/#\/schema\/logo\/image\/\"},\"sameAs\":[\"https:\/\/www.facebook.com\/OMRserrature\",\"https:\/\/www.linkedin.com\/company\/omrserrature\/\",\"https:\/\/www.youtube.com\/channel\/UCxmA85z2R0EpG_6IRokiAkg\"]}]}<\/script>\n<!-- \/ Yoast SEO plugin. -->","yoast_head_json":{"title":"Cerradura de longitud adjustable con z\u00f3calo triangular 6 mm - OMR Serrature","robots":{"index":"index","follow":"follow","max-snippet":"max-snippet:-1","max-image-preview":"max-image-preview:large","max-video-preview":"max-video-preview:-1"},"canonical":"https:\/\/www.omrserrature.it\/es\/producto\/cerradura-de-longitud-adjustable-con-zocalo-triangular-6-mm\/","og_locale":"es_ES","og_type":"article","og_title":"Cerradura de longitud adjustable con z\u00f3calo triangular 6 mm - OMR Serrature","og_description":"La cerradura ajustable de 1\/4 de vuelta con marca de tri\u00e1ngulo 6 consta de un cuerpo de aleaci\u00f3n de zinc en cuyo interior hay un bombin de marca de tri\u00e1ngulo accionado por muelle que, movido por una llave, gira, provocando su apertura o cierre.","og_url":"https:\/\/www.omrserrature.it\/es\/producto\/cerradura-de-longitud-adjustable-con-zocalo-triangular-6-mm\/","og_site_name":"OMR Serrature | Produzione sistemi di chiusura","article_publisher":"https:\/\/www.facebook.com\/OMRserrature","article_modified_time":"2026-04-08T10:47:56+00:00","og_image":[{"width":998,"height":580,"url":"https:\/\/www.omrserrature.it\/wp-content\/uploads\/2017\/10\/chiusura-regolabile-impronta-triangolo-6.jpg","type":"image\/jpeg"}],"twitter_card":"summary_large_image","twitter_misc":{"Tiempo de lectura":"1 minuto"},"schema":{"@context":"https:\/\/schema.org","@graph":[{"@type":"WebPage","@id":"https:\/\/www.omrserrature.it\/es\/producto\/cerradura-de-longitud-adjustable-con-zocalo-triangular-6-mm\/","url":"https:\/\/www.omrserrature.it\/es\/producto\/cerradura-de-longitud-adjustable-con-zocalo-triangular-6-mm\/","name":"Cerradura de longitud adjustable con z\u00f3calo triangular 6 mm - OMR Serrature","isPartOf":{"@id":"https:\/\/www.omrserrature.it\/es\/#website"},"primaryImageOfPage":{"@id":"https:\/\/www.omrserrature.it\/es\/producto\/cerradura-de-longitud-adjustable-con-zocalo-triangular-6-mm\/#primaryimage"},"image":{"@id":"https:\/\/www.omrserrature.it\/es\/producto\/cerradura-de-longitud-adjustable-con-zocalo-triangular-6-mm\/#primaryimage"},"thumbnailUrl":"https:\/\/www.omrserrature.it\/wp-content\/uploads\/2017\/10\/chiusura-regolabile-impronta-triangolo-6.jpg","datePublished":"2011-10-17T13:44:00+00:00","dateModified":"2026-04-08T10:47:56+00:00","breadcrumb":{"@id":"https:\/\/www.omrserrature.it\/es\/producto\/cerradura-de-longitud-adjustable-con-zocalo-triangular-6-mm\/#breadcrumb"},"inLanguage":"es","potentialAction":[{"@type":"ReadAction","target":["https:\/\/www.omrserrature.it\/es\/producto\/cerradura-de-longitud-adjustable-con-zocalo-triangular-6-mm\/"]}]},{"@type":"ImageObject","inLanguage":"es","@id":"https:\/\/www.omrserrature.it\/es\/producto\/cerradura-de-longitud-adjustable-con-zocalo-triangular-6-mm\/#primaryimage","url":"https:\/\/www.omrserrature.it\/wp-content\/uploads\/2017\/10\/chiusura-regolabile-impronta-triangolo-6.jpg","contentUrl":"https:\/\/www.omrserrature.it\/wp-content\/uploads\/2017\/10\/chiusura-regolabile-impronta-triangolo-6.jpg","width":998,"height":580,"caption":"Tri\u00e1ngulo universal 6 ajustable - cierres de compresi\u00f3n"},{"@type":"BreadcrumbList","@id":"https:\/\/www.omrserrature.it\/es\/producto\/cerradura-de-longitud-adjustable-con-zocalo-triangular-6-mm\/#breadcrumb","itemListElement":[{"@type":"ListItem","position":1,"name":"Home","item":"https:\/\/www.omrserrature.it\/es\/omr-cerradiras-y-sistemas-de-cierre\/"},{"@type":"ListItem","position":2,"name":"Cat\u00e1logo","item":"https:\/\/www.omrserrature.it\/catalogo\/?lang=es"},{"@type":"ListItem","position":3,"name":"Aplicaciones","item":"https:\/\/www.omrserrature.it\/es\/inventario\/aplicaciones\/"},{"@type":"ListItem","position":4,"name":"Cerraduras de armarios","item":"https:\/\/www.omrserrature.it\/es\/inventario\/aplicaciones\/cerraduras-de-armarios\/"},{"@type":"ListItem","position":5,"name":"Cerraduras para armarios industriales","item":"https:\/\/www.omrserrature.it\/es\/inventario\/aplicaciones\/cerraduras-de-armarios\/cerraduras-para-armarios-industriales\/"},{"@type":"ListItem","position":6,"name":"Cerradura de longitud adjustable con z\u00f3calo triangular 6 mm"}]},{"@type":"WebSite","@id":"https:\/\/www.omrserrature.it\/es\/#website","url":"https:\/\/www.omrserrature.it\/es\/","name":"OMR Serrature | Produzione sistemi di chiusura","description":"Produzione serrature di sicurezza e sistemi di chiusura","publisher":{"@id":"https:\/\/www.omrserrature.it\/es\/#organization"},"potentialAction":[{"@type":"SearchAction","target":{"@type":"EntryPoint","urlTemplate":"https:\/\/www.omrserrature.it\/es\/?s={search_term_string}"},"query-input":{"@type":"PropertyValueSpecification","valueRequired":true,"valueName":"search_term_string"}}],"inLanguage":"es"},{"@type":"Organization","@id":"https:\/\/www.omrserrature.it\/es\/#organization","name":"OMR Serrature | Produzione sistemi di chiusura","url":"https:\/\/www.omrserrature.it\/es\/","logo":{"@type":"ImageObject","inLanguage":"es","@id":"https:\/\/www.omrserrature.it\/es\/#\/schema\/logo\/image\/","url":"https:\/\/www.omrserrature.it\/wp-content\/uploads\/2017\/09\/favicon-omr-114.png","contentUrl":"https:\/\/www.omrserrature.it\/wp-content\/uploads\/2017\/09\/favicon-omr-114.png","width":114,"height":114,"caption":"OMR Serrature | Produzione sistemi di chiusura"},"image":{"@id":"https:\/\/www.omrserrature.it\/es\/#\/schema\/logo\/image\/"},"sameAs":["https:\/\/www.facebook.com\/OMRserrature","https:\/\/www.linkedin.com\/company\/omrserrature\/","https:\/\/www.youtube.com\/channel\/UCxmA85z2R0EpG_6IRokiAkg"]}]}},"_links":{"self":[{"href":"https:\/\/www.omrserrature.it\/es\/wp-json\/wp\/v2\/product\/243565","targetHints":{"allow":["GET"]}}],"collection":[{"href":"https:\/\/www.omrserrature.it\/es\/wp-json\/wp\/v2\/product"}],"about":[{"href":"https:\/\/www.omrserrature.it\/es\/wp-json\/wp\/v2\/types\/product"}],"replies":[{"embeddable":true,"href":"https:\/\/www.omrserrature.it\/es\/wp-json\/wp\/v2\/comments?post=243565"}],"wp:featuredmedia":[{"embeddable":true,"href":"https:\/\/www.omrserrature.it\/es\/wp-json\/wp\/v2\/media\/3171"}],"wp:attachment":[{"href":"https:\/\/www.omrserrature.it\/es\/wp-json\/wp\/v2\/media?parent=243565"}],"wp:term":[{"taxonomy":"product_brand","embeddable":true,"href":"https:\/\/www.omrserrature.it\/es\/wp-json\/wp\/v2\/product_brand?post=243565"},{"taxonomy":"product_cat","embeddable":true,"href":"https:\/\/www.omrserrature.it\/es\/wp-json\/wp\/v2\/product_cat?post=243565"},{"taxonomy":"product_tag","embeddable":true,"href":"https:\/\/www.omrserrature.it\/es\/wp-json\/wp\/v2\/product_tag?post=243565"}],"curies":[{"name":"wp","href":"https:\/\/api.w.org\/{rel}","templated":true}]}}