{"id":243546,"date":"2017-10-10T16:52:34","date_gmt":"2010-10-17T14:52:00","guid":{"rendered":"https:\/\/www.staging6.omrserrature.it\/prodotto\/cerradura-con-llave-de-zocalo-triangular-6-mm-y-prolongacion\/"},"modified":"2026-04-08T13:10:45","modified_gmt":"2026-04-08T11:10:45","slug":"cerradura-con-llave-de-zocalo-triangular-6-mm-y-prolongacion","status":"publish","type":"product","link":"https:\/\/www.omrserrature.it\/es\/producto\/cerradura-con-llave-de-zocalo-triangular-6-mm-y-prolongacion\/","title":{"rendered":"Cerradura con llave de z\u00f3calo triangular 6 mm y prolongaci\u00f3n"},"content":{"rendered":"<p>La <strong>cerradura de tri\u00e1ngulo de 1\/4 de vuelta<\/strong> <strong>con <em>llave de z\u00f3calo<\/em> ajustable<\/strong> consta de un cuerpo de aleaci\u00f3n de zinc en cuyo interior hay un bombin con muelle que, movido por una llave, gira para determinar la apertura o el cierre. Unida al rotor hay una prolongaci\u00f3n de hierro de 74 mm que permite <strong>elegir<\/strong> la <strong>posici\u00f3n de la palanca<\/strong> sin necesidad de doblar las palancas. <\/p>\n<p>El<strong>z\u00f3calo hembra T6<\/strong> puede utilizarse con cilindros de caja de <strong>8 mm de lado triangular<\/strong>. Se llama T6 porque dentro del tri\u00e1ngulo se inscribe un c\u00edrculo de 6 mm de di\u00e1metro. Gracias al sistema de extensi\u00f3n, es posible un<strong> tope de leva<\/strong> de un<strong> m\u00ednimo de 34,70 mm<\/strong> a un <strong>m\u00e1ximo de 81,70 mm<\/strong>. El grosor del panel debe ser de 15 mm como m\u00e1ximo para que la cerradura quede fijada. <\/p>\n<p><strong>La cerradura con llave de z\u00f3calo es adecuada para aplicaciones en las que hay que superar un gran armaz\u00f3n<\/strong>, como las carrocer\u00edas de cajas de hierro, en los sectores <strong>ferroviario o naval<\/strong>. Se pueden encontrar ejemplos en las carrocer\u00edas de veh\u00edculos de movimiento de tierras o de manipulaci\u00f3n de mercanc\u00edas, como carretillas elevadoras y carretillas elevadoras. Frecuente es la aplicaci\u00f3n en se\u00f1alizaci\u00f3n vial y paneles publicitarios, as\u00ed como en puertas de islas ecol\u00f3gicas o en objetos de carpinter\u00eda.  <\/p>\n","protected":false},"excerpt":{"rendered":"<p>La <strong>cerradura de tri\u00e1ngulo de z\u00f3calo de 1\/4 de vuelta<\/strong> <strong>con <em>leva<\/em><\/strong> ajustable consta de un cuerpo de aleaci\u00f3n de zinc en cuyo interior hay un rotor de z\u00f3calo accionado por resorte que, movido por una llave, gira para determinar la apertura o el cierre.<\/p>\n<p>Al rotor se le acopla una extensi\u00f3n de hierro de 74 mm que permite <strong>seleccionar la posici\u00f3n de la palanca.<\/strong><\/p>\n","protected":false},"featured_media":3141,"comment_status":"open","ping_status":"closed","template":"","meta":{"_acf_changed":false,"_et_pb_use_builder":"","_et_pb_old_content":"","_et_gb_content_width":""},"product_brand":[],"product_cat":[3986,3995,3934,3925,3980,3912,3957,3974,3896,3880,3948,3898,3922,3895,3889,3892,3893,3881,3991,3987],"product_tag":[],"class_list":{"0":"post-243546","1":"product","2":"type-product","3":"status-publish","4":"has-post-thumbnail","6":"product_cat-agua-aire-gas-para-empresas","7":"product_cat-arquitectura-urbanismo-y-diseno","8":"product_cat-cerraduras-de-1-4-de-vuelta","9":"product_cat-cerraduras-de-barcos","10":"product_cat-cerraduras-de-palanca","11":"product_cat-cerraduras-de-puertas","12":"product_cat-cerraduras-impermeables-inoxidables","13":"product_cat-cerraduras-manuales-para-basureros","14":"product_cat-cerraduras-para-almacenes-automaticos","15":"product_cat-cerraduras-para-armarios-electricos","16":"product_cat-cerraduras-para-basureros","17":"product_cat-cerraduras-para-dispensadores","18":"product_cat-cerraduras-para-furgonetas","19":"product_cat-cerraduras-para-la-industria-electromecanica","20":"product_cat-cerraduras-para-medios-de-transporte","21":"product_cat-cerraduras-para-puertas-delanteras-de-armarios","22":"product_cat-cerraduras-para-puertas-laterales","23":"product_cat-cerraduras-profesionales-para-muebles","24":"product_cat-reciclaje-ecologico-de-residuos","25":"product_cat-sistemas-de-cierre-para-la-industria","27":"first","28":"instock","29":"shipping-taxable","30":"product-type-simple"},"acf":{"pdf1":"https:\/\/www.omrserrature.it\/wp-content\/uploads\/schede\/Scheda_160500.pdf"},"yoast_head":"<!-- This site is optimized with the Yoast SEO plugin v27.2 - https:\/\/yoast.com\/product\/yoast-seo-wordpress\/ -->\n<title>Cerradura con llave de z\u00f3calo triangular 6 mm y prolongaci\u00f3n - OMR Serrature<\/title>\n<meta name=\"robots\" content=\"index, follow, max-snippet:-1, max-image-preview:large, max-video-preview:-1\" \/>\n<link rel=\"canonical\" href=\"https:\/\/www.omrserrature.it\/es\/producto\/cerradura-con-llave-de-zocalo-triangular-6-mm-y-prolongacion\/\" \/>\n<meta property=\"og:locale\" content=\"es_ES\" \/>\n<meta property=\"og:type\" content=\"article\" \/>\n<meta property=\"og:title\" content=\"Cerradura con llave de z\u00f3calo triangular 6 mm y prolongaci\u00f3n - OMR Serrature\" \/>\n<meta property=\"og:description\" content=\"La cerradura de tri\u00e1ngulo de z\u00f3calo de 1\/4 de vuelta con leva ajustable consta de un cuerpo de aleaci\u00f3n de zinc en cuyo interior hay un rotor de z\u00f3calo accionado por resorte que, movido por una llave, gira para determinar la apertura o el cierre. Al rotor se le acopla una extensi\u00f3n de hierro de 74 mm que permite seleccionar la posici\u00f3n de la palanca.\" \/>\n<meta property=\"og:url\" content=\"https:\/\/www.omrserrature.it\/es\/producto\/cerradura-con-llave-de-zocalo-triangular-6-mm-y-prolongacion\/\" \/>\n<meta property=\"og:site_name\" content=\"OMR Serrature | Produzione sistemi di chiusura\" \/>\n<meta property=\"article:publisher\" content=\"https:\/\/www.facebook.com\/OMRserrature\" \/>\n<meta property=\"article:modified_time\" content=\"2026-04-08T11:10:45+00:00\" \/>\n<meta property=\"og:image\" content=\"https:\/\/www.omrserrature.it\/wp-content\/uploads\/2017\/10\/chiusura-prolunga-impronta-triangolo-6.jpg\" \/>\n\t<meta property=\"og:image:width\" content=\"410\" \/>\n\t<meta property=\"og:image:height\" content=\"396\" \/>\n\t<meta property=\"og:image:type\" content=\"image\/jpeg\" \/>\n<meta name=\"twitter:card\" content=\"summary_large_image\" \/>\n<meta name=\"twitter:label1\" content=\"Tiempo de lectura\" \/>\n\t<meta name=\"twitter:data1\" content=\"1 minuto\" \/>\n<script type=\"application\/ld+json\" class=\"yoast-schema-graph\">{\"@context\":\"https:\/\/schema.org\",\"@graph\":[{\"@type\":\"WebPage\",\"@id\":\"https:\/\/www.omrserrature.it\/es\/producto\/cerradura-con-llave-de-zocalo-triangular-6-mm-y-prolongacion\/\",\"url\":\"https:\/\/www.omrserrature.it\/es\/producto\/cerradura-con-llave-de-zocalo-triangular-6-mm-y-prolongacion\/\",\"name\":\"Cerradura con llave de z\u00f3calo triangular 6 mm y prolongaci\u00f3n - OMR Serrature\",\"isPartOf\":{\"@id\":\"https:\/\/www.omrserrature.it\/es\/#website\"},\"primaryImageOfPage\":{\"@id\":\"https:\/\/www.omrserrature.it\/es\/producto\/cerradura-con-llave-de-zocalo-triangular-6-mm-y-prolongacion\/#primaryimage\"},\"image\":{\"@id\":\"https:\/\/www.omrserrature.it\/es\/producto\/cerradura-con-llave-de-zocalo-triangular-6-mm-y-prolongacion\/#primaryimage\"},\"thumbnailUrl\":\"https:\/\/www.omrserrature.it\/wp-content\/uploads\/2017\/10\/chiusura-prolunga-impronta-triangolo-6.jpg\",\"datePublished\":\"2010-10-17T14:52:00+00:00\",\"dateModified\":\"2026-04-08T11:10:45+00:00\",\"breadcrumb\":{\"@id\":\"https:\/\/www.omrserrature.it\/es\/producto\/cerradura-con-llave-de-zocalo-triangular-6-mm-y-prolongacion\/#breadcrumb\"},\"inLanguage\":\"es\",\"potentialAction\":[{\"@type\":\"ReadAction\",\"target\":[\"https:\/\/www.omrserrature.it\/es\/producto\/cerradura-con-llave-de-zocalo-triangular-6-mm-y-prolongacion\/\"]}]},{\"@type\":\"ImageObject\",\"inLanguage\":\"es\",\"@id\":\"https:\/\/www.omrserrature.it\/es\/producto\/cerradura-con-llave-de-zocalo-triangular-6-mm-y-prolongacion\/#primaryimage\",\"url\":\"https:\/\/www.omrserrature.it\/wp-content\/uploads\/2017\/10\/chiusura-prolunga-impronta-triangolo-6.jpg\",\"contentUrl\":\"https:\/\/www.omrserrature.it\/wp-content\/uploads\/2017\/10\/chiusura-prolunga-impronta-triangolo-6.jpg\",\"width\":410,\"height\":396,\"caption\":\"Cierre triangular de 6 1\/4 de vuelta con leva ajustable\"},{\"@type\":\"BreadcrumbList\",\"@id\":\"https:\/\/www.omrserrature.it\/es\/producto\/cerradura-con-llave-de-zocalo-triangular-6-mm-y-prolongacion\/#breadcrumb\",\"itemListElement\":[{\"@type\":\"ListItem\",\"position\":1,\"name\":\"Home\",\"item\":\"https:\/\/www.omrserrature.it\/es\/omr-cerradiras-y-sistemas-de-cierre\/\"},{\"@type\":\"ListItem\",\"position\":2,\"name\":\"Cat\u00e1logo\",\"item\":\"https:\/\/www.omrserrature.it\/catalogo\/?lang=es\"},{\"@type\":\"ListItem\",\"position\":3,\"name\":\"Productos\",\"item\":\"https:\/\/www.omrserrature.it\/es\/inventario\/productos\/\"},{\"@type\":\"ListItem\",\"position\":4,\"name\":\"Cerraduras\",\"item\":\"https:\/\/www.omrserrature.it\/es\/inventario\/productos\/cerraduras\/\"},{\"@type\":\"ListItem\",\"position\":5,\"name\":\"cerraduras de 1\/4 de vuelta\",\"item\":\"https:\/\/www.omrserrature.it\/es\/inventario\/productos\/cerraduras\/cerraduras-de-1-4-de-vuelta\/\"},{\"@type\":\"ListItem\",\"position\":6,\"name\":\"Cerradura con llave de z\u00f3calo triangular 6 mm y prolongaci\u00f3n\"}]},{\"@type\":\"WebSite\",\"@id\":\"https:\/\/www.omrserrature.it\/es\/#website\",\"url\":\"https:\/\/www.omrserrature.it\/es\/\",\"name\":\"OMR Serrature | Produzione sistemi di chiusura\",\"description\":\"Produzione serrature di sicurezza e sistemi di chiusura\",\"publisher\":{\"@id\":\"https:\/\/www.omrserrature.it\/es\/#organization\"},\"potentialAction\":[{\"@type\":\"SearchAction\",\"target\":{\"@type\":\"EntryPoint\",\"urlTemplate\":\"https:\/\/www.omrserrature.it\/es\/?s={search_term_string}\"},\"query-input\":{\"@type\":\"PropertyValueSpecification\",\"valueRequired\":true,\"valueName\":\"search_term_string\"}}],\"inLanguage\":\"es\"},{\"@type\":\"Organization\",\"@id\":\"https:\/\/www.omrserrature.it\/es\/#organization\",\"name\":\"OMR Serrature | Produzione sistemi di chiusura\",\"url\":\"https:\/\/www.omrserrature.it\/es\/\",\"logo\":{\"@type\":\"ImageObject\",\"inLanguage\":\"es\",\"@id\":\"https:\/\/www.omrserrature.it\/es\/#\/schema\/logo\/image\/\",\"url\":\"https:\/\/www.omrserrature.it\/wp-content\/uploads\/2017\/09\/favicon-omr-114.png\",\"contentUrl\":\"https:\/\/www.omrserrature.it\/wp-content\/uploads\/2017\/09\/favicon-omr-114.png\",\"width\":114,\"height\":114,\"caption\":\"OMR Serrature | Produzione sistemi di chiusura\"},\"image\":{\"@id\":\"https:\/\/www.omrserrature.it\/es\/#\/schema\/logo\/image\/\"},\"sameAs\":[\"https:\/\/www.facebook.com\/OMRserrature\",\"https:\/\/www.linkedin.com\/company\/omrserrature\/\",\"https:\/\/www.youtube.com\/channel\/UCxmA85z2R0EpG_6IRokiAkg\"]}]}<\/script>\n<!-- \/ Yoast SEO plugin. -->","yoast_head_json":{"title":"Cerradura con llave de z\u00f3calo triangular 6 mm y prolongaci\u00f3n - OMR Serrature","robots":{"index":"index","follow":"follow","max-snippet":"max-snippet:-1","max-image-preview":"max-image-preview:large","max-video-preview":"max-video-preview:-1"},"canonical":"https:\/\/www.omrserrature.it\/es\/producto\/cerradura-con-llave-de-zocalo-triangular-6-mm-y-prolongacion\/","og_locale":"es_ES","og_type":"article","og_title":"Cerradura con llave de z\u00f3calo triangular 6 mm y prolongaci\u00f3n - OMR Serrature","og_description":"La cerradura de tri\u00e1ngulo de z\u00f3calo de 1\/4 de vuelta con leva ajustable consta de un cuerpo de aleaci\u00f3n de zinc en cuyo interior hay un rotor de z\u00f3calo accionado por resorte que, movido por una llave, gira para determinar la apertura o el cierre. Al rotor se le acopla una extensi\u00f3n de hierro de 74 mm que permite seleccionar la posici\u00f3n de la palanca.","og_url":"https:\/\/www.omrserrature.it\/es\/producto\/cerradura-con-llave-de-zocalo-triangular-6-mm-y-prolongacion\/","og_site_name":"OMR Serrature | Produzione sistemi di chiusura","article_publisher":"https:\/\/www.facebook.com\/OMRserrature","article_modified_time":"2026-04-08T11:10:45+00:00","og_image":[{"width":410,"height":396,"url":"https:\/\/www.omrserrature.it\/wp-content\/uploads\/2017\/10\/chiusura-prolunga-impronta-triangolo-6.jpg","type":"image\/jpeg"}],"twitter_card":"summary_large_image","twitter_misc":{"Tiempo de lectura":"1 minuto"},"schema":{"@context":"https:\/\/schema.org","@graph":[{"@type":"WebPage","@id":"https:\/\/www.omrserrature.it\/es\/producto\/cerradura-con-llave-de-zocalo-triangular-6-mm-y-prolongacion\/","url":"https:\/\/www.omrserrature.it\/es\/producto\/cerradura-con-llave-de-zocalo-triangular-6-mm-y-prolongacion\/","name":"Cerradura con llave de z\u00f3calo triangular 6 mm y prolongaci\u00f3n - OMR Serrature","isPartOf":{"@id":"https:\/\/www.omrserrature.it\/es\/#website"},"primaryImageOfPage":{"@id":"https:\/\/www.omrserrature.it\/es\/producto\/cerradura-con-llave-de-zocalo-triangular-6-mm-y-prolongacion\/#primaryimage"},"image":{"@id":"https:\/\/www.omrserrature.it\/es\/producto\/cerradura-con-llave-de-zocalo-triangular-6-mm-y-prolongacion\/#primaryimage"},"thumbnailUrl":"https:\/\/www.omrserrature.it\/wp-content\/uploads\/2017\/10\/chiusura-prolunga-impronta-triangolo-6.jpg","datePublished":"2010-10-17T14:52:00+00:00","dateModified":"2026-04-08T11:10:45+00:00","breadcrumb":{"@id":"https:\/\/www.omrserrature.it\/es\/producto\/cerradura-con-llave-de-zocalo-triangular-6-mm-y-prolongacion\/#breadcrumb"},"inLanguage":"es","potentialAction":[{"@type":"ReadAction","target":["https:\/\/www.omrserrature.it\/es\/producto\/cerradura-con-llave-de-zocalo-triangular-6-mm-y-prolongacion\/"]}]},{"@type":"ImageObject","inLanguage":"es","@id":"https:\/\/www.omrserrature.it\/es\/producto\/cerradura-con-llave-de-zocalo-triangular-6-mm-y-prolongacion\/#primaryimage","url":"https:\/\/www.omrserrature.it\/wp-content\/uploads\/2017\/10\/chiusura-prolunga-impronta-triangolo-6.jpg","contentUrl":"https:\/\/www.omrserrature.it\/wp-content\/uploads\/2017\/10\/chiusura-prolunga-impronta-triangolo-6.jpg","width":410,"height":396,"caption":"Cierre triangular de 6 1\/4 de vuelta con leva ajustable"},{"@type":"BreadcrumbList","@id":"https:\/\/www.omrserrature.it\/es\/producto\/cerradura-con-llave-de-zocalo-triangular-6-mm-y-prolongacion\/#breadcrumb","itemListElement":[{"@type":"ListItem","position":1,"name":"Home","item":"https:\/\/www.omrserrature.it\/es\/omr-cerradiras-y-sistemas-de-cierre\/"},{"@type":"ListItem","position":2,"name":"Cat\u00e1logo","item":"https:\/\/www.omrserrature.it\/catalogo\/?lang=es"},{"@type":"ListItem","position":3,"name":"Productos","item":"https:\/\/www.omrserrature.it\/es\/inventario\/productos\/"},{"@type":"ListItem","position":4,"name":"Cerraduras","item":"https:\/\/www.omrserrature.it\/es\/inventario\/productos\/cerraduras\/"},{"@type":"ListItem","position":5,"name":"cerraduras de 1\/4 de vuelta","item":"https:\/\/www.omrserrature.it\/es\/inventario\/productos\/cerraduras\/cerraduras-de-1-4-de-vuelta\/"},{"@type":"ListItem","position":6,"name":"Cerradura con llave de z\u00f3calo triangular 6 mm y prolongaci\u00f3n"}]},{"@type":"WebSite","@id":"https:\/\/www.omrserrature.it\/es\/#website","url":"https:\/\/www.omrserrature.it\/es\/","name":"OMR Serrature | Produzione sistemi di chiusura","description":"Produzione serrature di sicurezza e sistemi di chiusura","publisher":{"@id":"https:\/\/www.omrserrature.it\/es\/#organization"},"potentialAction":[{"@type":"SearchAction","target":{"@type":"EntryPoint","urlTemplate":"https:\/\/www.omrserrature.it\/es\/?s={search_term_string}"},"query-input":{"@type":"PropertyValueSpecification","valueRequired":true,"valueName":"search_term_string"}}],"inLanguage":"es"},{"@type":"Organization","@id":"https:\/\/www.omrserrature.it\/es\/#organization","name":"OMR Serrature | Produzione sistemi di chiusura","url":"https:\/\/www.omrserrature.it\/es\/","logo":{"@type":"ImageObject","inLanguage":"es","@id":"https:\/\/www.omrserrature.it\/es\/#\/schema\/logo\/image\/","url":"https:\/\/www.omrserrature.it\/wp-content\/uploads\/2017\/09\/favicon-omr-114.png","contentUrl":"https:\/\/www.omrserrature.it\/wp-content\/uploads\/2017\/09\/favicon-omr-114.png","width":114,"height":114,"caption":"OMR Serrature | Produzione sistemi di chiusura"},"image":{"@id":"https:\/\/www.omrserrature.it\/es\/#\/schema\/logo\/image\/"},"sameAs":["https:\/\/www.facebook.com\/OMRserrature","https:\/\/www.linkedin.com\/company\/omrserrature\/","https:\/\/www.youtube.com\/channel\/UCxmA85z2R0EpG_6IRokiAkg"]}]}},"_links":{"self":[{"href":"https:\/\/www.omrserrature.it\/es\/wp-json\/wp\/v2\/product\/243546","targetHints":{"allow":["GET"]}}],"collection":[{"href":"https:\/\/www.omrserrature.it\/es\/wp-json\/wp\/v2\/product"}],"about":[{"href":"https:\/\/www.omrserrature.it\/es\/wp-json\/wp\/v2\/types\/product"}],"replies":[{"embeddable":true,"href":"https:\/\/www.omrserrature.it\/es\/wp-json\/wp\/v2\/comments?post=243546"}],"wp:featuredmedia":[{"embeddable":true,"href":"https:\/\/www.omrserrature.it\/es\/wp-json\/wp\/v2\/media\/3141"}],"wp:attachment":[{"href":"https:\/\/www.omrserrature.it\/es\/wp-json\/wp\/v2\/media?parent=243546"}],"wp:term":[{"taxonomy":"product_brand","embeddable":true,"href":"https:\/\/www.omrserrature.it\/es\/wp-json\/wp\/v2\/product_brand?post=243546"},{"taxonomy":"product_cat","embeddable":true,"href":"https:\/\/www.omrserrature.it\/es\/wp-json\/wp\/v2\/product_cat?post=243546"},{"taxonomy":"product_tag","embeddable":true,"href":"https:\/\/www.omrserrature.it\/es\/wp-json\/wp\/v2\/product_tag?post=243546"}],"curies":[{"name":"wp","href":"https:\/\/api.w.org\/{rel}","templated":true}]}}